{"id":3844,"date":"2023-05-19T17:13:42","date_gmt":"2023-05-19T09:13:42","guid":{"rendered":"http:\/\/qingdaohf.com\/?post_type=product&#038;p=3844"},"modified":"2025-11-13T09:05:10","modified_gmt":"2025-11-13T01:05:10","slug":"g2169-s2169-galvanized-shackle","status":"publish","type":"product","link":"https:\/\/qingdaohf.com\/fi\/tuote\/g2169-s2169-sinkitty-kahva\/","title":{"rendered":"G2169 S2169 Sinkitty kahva"},"content":{"rendered":"<h4>Edut<\/h4>\n<ul>\n<li>Parantaa merkitt\u00e4v\u00e4sti vaijeriraksien k\u00e4ytt\u00f6ik\u00e4\u00e4.<\/li>\n<li>Voidaan k\u00e4ytt\u00e4\u00e4 yhdist\u00e4m\u00e4\u00e4n HIGH STRENGTH Round Slings, Synteettiset Round Slings tai Wire Rope Slings.<\/li>\n<li>Varren keulan s\u00e4teen kasvattaminen lis\u00e4\u00e4 v\u00e4hint\u00e4\u00e4n 58%:n suuruisen lis\u00e4yksen hihnan laakeripintaan.<\/li>\n<li>Lis\u00e4\u00e4 k\u00e4ytett\u00e4v\u00e4n rintarangan lujuutta v\u00e4hint\u00e4\u00e4n 15%.<\/li>\n<\/ul>\n<h4>Ominaisuudet<\/h4>\n<ul>\n<li>Kapasiteetit 7, 12,5 ja 18 tonnia.<\/li>\n<li>Karkaistu ja karkaistu maksimaalisen lujuuden saavuttamiseksi.<\/li>\n<li>Taottu seoster\u00e4s.<\/li>\n<li>Saatavana sinkittyn\u00e4 (<strong>G2169<\/strong>) ja yksiv\u00e4rinen (<strong>S2169<\/strong>) maalattu pinta.<\/li>\n<li>Yksil\u00f6llisesti todistetusti testattu ja magneettihiukkastarkastettu. Crosby-sertifiointi saatavana tilaushetkell\u00e4.<\/li>\n<li>T\u00e4ytt\u00e4\u00e4 tai ylitt\u00e4\u00e4 kaikki ASME B30.26 -standardin vaatimukset, mukaan lukien tunnistus-, sitkeys-, suunnittelukerroin-, lujuus- ja l\u00e4mp\u00f6tilavaatimukset. T\u00e4rke\u00e4\u00e4 on, ett\u00e4 n\u00e4m\u00e4 kahleet t\u00e4ytt\u00e4v\u00e4t my\u00f6s muita kriittisi\u00e4 suorituskykyvaatimuksia, kuten v\u00e4symiskest\u00e4vyys, iskuominaisuudet ja materiaalin j\u00e4ljitett\u00e4vyys, joita ei k\u00e4sitell\u00e4 ASME B30.26:ssa.<\/li>\n<\/ul>\n<p><img fetchpriority=\"high\" decoding=\"async\" class=\"alignnone size-full wp-image-3845\" src=\"http:\/\/qingdaohf.com\/wp-content\/uploads\/2023\/05\/G2169.jpg\" alt=\"G2169 kahva\" width=\"1000\" height=\"598\" srcset=\"https:\/\/qingdaohf.com\/wp-content\/uploads\/2023\/05\/G2169.jpg 1000w, https:\/\/qingdaohf.com\/wp-content\/uploads\/2023\/05\/G2169-300x179.jpg 300w, https:\/\/qingdaohf.com\/wp-content\/uploads\/2023\/05\/G2169-768x459.jpg 768w\" sizes=\"(max-width: 1000px) 100vw, 1000px\" \/><\/p>","protected":false},"excerpt":{"rendered":"<p id=\"product-title\">G2169 &amp; S2169 Leve\u00e4 runko ruuvitapilla nostettavat keulakahleet.<\/p>\n<p>Vaihteluv\u00e4li 7000kg - 18,000kg.<\/p>","protected":false},"featured_media":3846,"comment_status":"open","ping_status":"closed","template":"","meta":{"site-sidebar-layout":"default","site-content-layout":"default","ast-site-content-layout":"default","site-content-style":"default","site-sidebar-style":"default","ast-global-header-display":"","ast-banner-title-visibility":"","ast-main-header-display":"","ast-hfb-above-header-display":"","ast-hfb-below-header-display":"","ast-hfb-mobile-header-display":"","site-post-title":"","ast-breadcrumbs-content":"","ast-featured-img":"","footer-sml-layout":"","theme-transparent-header-meta":"default","adv-header-id-meta":"","stick-header-meta":"default","header-above-stick-meta":"","header-main-stick-meta":"","header-below-stick-meta":"","astra-migrate-meta-layouts":"set","ast-page-background-enabled":"default","ast-page-background-meta":{"desktop":{"background-color":"","background-image":"","background-repeat":"repeat","background-position":"center center","background-size":"auto","background-attachment":"scroll","background-type":"","background-media":"","overlay-type":"","overlay-color":"","overlay-opacity":"","overlay-gradient":""},"tablet":{"background-color":"","background-image":"","background-repeat":"repeat","background-position":"center center","background-size":"auto","background-attachment":"scroll","background-type":"","background-media":"","overlay-type":"","overlay-color":"","overlay-opacity":"","overlay-gradient":""},"mobile":{"background-color":"","background-image":"","background-repeat":"repeat","background-position":"center center","background-size":"auto","background-attachment":"scroll","background-type":"","background-media":"","overlay-type":"","overlay-color":"","overlay-opacity":"","overlay-gradient":""}},"ast-content-background-meta":{"desktop":{"background-color":"var(--ast-global-color-5)","background-image":"","background-repeat":"repeat","background-position":"center center","background-size":"auto","background-attachment":"scroll","background-type":"","background-media":"","overlay-type":"","overlay-color":"","overlay-opacity":"","overlay-gradient":""},"tablet":{"background-color":"var(--ast-global-color-5)","background-image":"","background-repeat":"repeat","background-position":"center center","background-size":"auto","background-attachment":"scroll","background-type":"","background-media":"","overlay-type":"","overlay-color":"","overlay-opacity":"","overlay-gradient":""},"mobile":{"background-color":"var(--ast-global-color-5)","background-image":"","background-repeat":"repeat","background-position":"center center","background-size":"auto","background-attachment":"scroll","background-type":"","background-media":"","overlay-type":"","overlay-color":"","overlay-opacity":"","overlay-gradient":""}}},"product_brand":[],"product_cat":[54],"product_tag":[],"class_list":{"0":"post-3844","1":"product","2":"type-product","3":"status-publish","4":"has-post-thumbnail","6":"product_cat-shackle","7":"desktop-align-left","8":"tablet-align-left","9":"mobile-align-left","10":"ast-product-gallery-layout-horizontal-slider","11":"ast-product-gallery-with-no-image","12":"ast-product-tabs-layout-horizontal","14":"first","15":"instock","16":"shipping-taxable","17":"purchasable","18":"product-type-simple"},"yoast_head":"<!-- This site is optimized with the Yoast SEO plugin v25.2 - https:\/\/yoast.com\/wordpress\/plugins\/seo\/ -->\n<title>G2169 S2169 Galvanized Shackle<\/title>\n<meta name=\"description\" content=\"G2169 S2169 Galvanized ShackleG2169 &amp; S2169 Wide body screw pin lifting bow shackles.Wll range from 7000kg to 18,000kg\" \/>\n<meta name=\"robots\" content=\"index, follow, max-snippet:-1, max-image-preview:large, max-video-preview:-1\" \/>\n<link rel=\"canonical\" href=\"https:\/\/qingdaohf.com\/fi\/tuote\/g2169-s2169-sinkitty-kahva\/\" \/>\n<meta property=\"og:locale\" content=\"fi_FI\" \/>\n<meta property=\"og:type\" content=\"article\" \/>\n<meta property=\"og:title\" content=\"G2169 S2169 Galvanized Shackle\" \/>\n<meta property=\"og:description\" content=\"G2169 S2169 Galvanized ShackleG2169 &amp; S2169 Wide body screw pin lifting bow shackles.Wll range from 7000kg to 18,000kg\" \/>\n<meta property=\"og:url\" content=\"https:\/\/qingdaohf.com\/fi\/tuote\/g2169-s2169-sinkitty-kahva\/\" \/>\n<meta property=\"og:site_name\" content=\"Concrete Form &amp; Rigging Hardware Supplier\" \/>\n<meta property=\"article:publisher\" content=\"https:\/\/www.facebook.com\/qingdaohf\" \/>\n<meta property=\"article:modified_time\" content=\"2025-11-13T01:05:10+00:00\" \/>\n<meta property=\"og:image\" content=\"https:\/\/qingdaohf.com\/wp-content\/uploads\/2023\/05\/1-3.jpg\" \/>\n\t<meta property=\"og:image:width\" content=\"1000\" \/>\n\t<meta property=\"og:image:height\" content=\"1000\" \/>\n\t<meta property=\"og:image:type\" content=\"image\/jpeg\" \/>\n<meta name=\"twitter:card\" content=\"summary_large_image\" \/>\n<meta name=\"twitter:label1\" content=\"Arvioitu lukuaika\" \/>\n\t<meta name=\"twitter:data1\" content=\"1 minuutti\" \/>\n<script type=\"application\/ld+json\" class=\"yoast-schema-graph\">{\"@context\":\"https:\/\/schema.org\",\"@graph\":[{\"@type\":\"WebPage\",\"@id\":\"https:\/\/qingdaohf.com\/product\/g2169-s2169-galvanized-shackle\/\",\"url\":\"https:\/\/qingdaohf.com\/product\/g2169-s2169-galvanized-shackle\/\",\"name\":\"G2169 S2169 Galvanized Shackle\",\"isPartOf\":{\"@id\":\"https:\/\/qingdaohf.com\/bg\/#website\"},\"primaryImageOfPage\":{\"@id\":\"https:\/\/qingdaohf.com\/product\/g2169-s2169-galvanized-shackle\/#primaryimage\"},\"image\":{\"@id\":\"https:\/\/qingdaohf.com\/product\/g2169-s2169-galvanized-shackle\/#primaryimage\"},\"thumbnailUrl\":\"https:\/\/qingdaohf.com\/wp-content\/uploads\/2023\/05\/1-3.jpg\",\"datePublished\":\"2023-05-19T09:13:42+00:00\",\"dateModified\":\"2025-11-13T01:05:10+00:00\",\"description\":\"G2169 S2169 Galvanized ShackleG2169 & S2169 Wide body screw pin lifting bow shackles.Wll range from 7000kg to 18,000kg\",\"breadcrumb\":{\"@id\":\"https:\/\/qingdaohf.com\/product\/g2169-s2169-galvanized-shackle\/#breadcrumb\"},\"inLanguage\":\"fi\",\"potentialAction\":[{\"@type\":\"ReadAction\",\"target\":[\"https:\/\/qingdaohf.com\/product\/g2169-s2169-galvanized-shackle\/\"]}]},{\"@type\":\"ImageObject\",\"inLanguage\":\"fi\",\"@id\":\"https:\/\/qingdaohf.com\/product\/g2169-s2169-galvanized-shackle\/#primaryimage\",\"url\":\"https:\/\/qingdaohf.com\/wp-content\/uploads\/2023\/05\/1-3.jpg\",\"contentUrl\":\"https:\/\/qingdaohf.com\/wp-content\/uploads\/2023\/05\/1-3.jpg\",\"width\":1000,\"height\":1000,\"caption\":\"G2169\"},{\"@type\":\"BreadcrumbList\",\"@id\":\"https:\/\/qingdaohf.com\/product\/g2169-s2169-galvanized-shackle\/#breadcrumb\",\"itemListElement\":[{\"@type\":\"ListItem\",\"position\":1,\"name\":\"Home\",\"item\":\"https:\/\/qingdaohf.com\/\"},{\"@type\":\"ListItem\",\"position\":2,\"name\":\"Concrete Forming Accessories and Rigging Hardware\",\"item\":\"https:\/\/qingdaohf.com\/bg\/?page_id=944\"},{\"@type\":\"ListItem\",\"position\":3,\"name\":\"G2169 S2169 Galvanized Shackle\"}]},{\"@type\":\"WebSite\",\"@id\":\"https:\/\/qingdaohf.com\/bg\/#website\",\"url\":\"https:\/\/qingdaohf.com\/bg\/\",\"name\":\"Concrete Form & Rigging Hardware Supplier\",\"description\":\"\",\"publisher\":{\"@id\":\"https:\/\/qingdaohf.com\/bg\/#organization\"},\"potentialAction\":[{\"@type\":\"SearchAction\",\"target\":{\"@type\":\"EntryPoint\",\"urlTemplate\":\"https:\/\/qingdaohf.com\/bg\/?s={search_term_string}\"},\"query-input\":{\"@type\":\"PropertyValueSpecification\",\"valueRequired\":true,\"valueName\":\"search_term_string\"}}],\"inLanguage\":\"fi\"},{\"@type\":\"Organization\",\"@id\":\"https:\/\/qingdaohf.com\/bg\/#organization\",\"name\":\"Qingdao H&F\",\"url\":\"https:\/\/qingdaohf.com\/bg\/\",\"logo\":{\"@type\":\"ImageObject\",\"inLanguage\":\"fi\",\"@id\":\"https:\/\/qingdaohf.com\/bg\/#\/schema\/logo\/image\/\",\"url\":\"https:\/\/qingdaohf.com\/wp-content\/uploads\/2022\/12\/cropped-HF-LOGO.png\",\"contentUrl\":\"https:\/\/qingdaohf.com\/wp-content\/uploads\/2022\/12\/cropped-HF-LOGO.png\",\"width\":391,\"height\":249,\"caption\":\"Qingdao H&F\"},\"image\":{\"@id\":\"https:\/\/qingdaohf.com\/bg\/#\/schema\/logo\/image\/\"},\"sameAs\":[\"https:\/\/www.facebook.com\/qingdaohf\"]}]}<\/script>\n<!-- \/ Yoast SEO plugin. -->","yoast_head_json":{"title":"G2169 S2169 Galvanized Shackle","description":"G2169 S2169 Galvanized ShackleG2169 & S2169 Wide body screw pin lifting bow shackles.Wll range from 7000kg to 18,000kg","robots":{"index":"index","follow":"follow","max-snippet":"max-snippet:-1","max-image-preview":"max-image-preview:large","max-video-preview":"max-video-preview:-1"},"canonical":"https:\/\/qingdaohf.com\/fi\/tuote\/g2169-s2169-sinkitty-kahva\/","og_locale":"fi_FI","og_type":"article","og_title":"G2169 S2169 Galvanized Shackle","og_description":"G2169 S2169 Galvanized ShackleG2169 & S2169 Wide body screw pin lifting bow shackles.Wll range from 7000kg to 18,000kg","og_url":"https:\/\/qingdaohf.com\/fi\/tuote\/g2169-s2169-sinkitty-kahva\/","og_site_name":"Concrete Form &amp; Rigging Hardware Supplier","article_publisher":"https:\/\/www.facebook.com\/qingdaohf","article_modified_time":"2025-11-13T01:05:10+00:00","og_image":[{"width":1000,"height":1000,"url":"https:\/\/qingdaohf.com\/wp-content\/uploads\/2023\/05\/1-3.jpg","type":"image\/jpeg"}],"twitter_card":"summary_large_image","twitter_misc":{"Arvioitu lukuaika":"1 minuutti"},"schema":{"@context":"https:\/\/schema.org","@graph":[{"@type":"WebPage","@id":"https:\/\/qingdaohf.com\/product\/g2169-s2169-galvanized-shackle\/","url":"https:\/\/qingdaohf.com\/product\/g2169-s2169-galvanized-shackle\/","name":"G2169 S2169 Galvanized Shackle","isPartOf":{"@id":"https:\/\/qingdaohf.com\/bg\/#website"},"primaryImageOfPage":{"@id":"https:\/\/qingdaohf.com\/product\/g2169-s2169-galvanized-shackle\/#primaryimage"},"image":{"@id":"https:\/\/qingdaohf.com\/product\/g2169-s2169-galvanized-shackle\/#primaryimage"},"thumbnailUrl":"https:\/\/qingdaohf.com\/wp-content\/uploads\/2023\/05\/1-3.jpg","datePublished":"2023-05-19T09:13:42+00:00","dateModified":"2025-11-13T01:05:10+00:00","description":"G2169 S2169 Galvanized ShackleG2169 & S2169 Wide body screw pin lifting bow shackles.Wll range from 7000kg to 18,000kg","breadcrumb":{"@id":"https:\/\/qingdaohf.com\/product\/g2169-s2169-galvanized-shackle\/#breadcrumb"},"inLanguage":"fi","potentialAction":[{"@type":"ReadAction","target":["https:\/\/qingdaohf.com\/product\/g2169-s2169-galvanized-shackle\/"]}]},{"@type":"ImageObject","inLanguage":"fi","@id":"https:\/\/qingdaohf.com\/product\/g2169-s2169-galvanized-shackle\/#primaryimage","url":"https:\/\/qingdaohf.com\/wp-content\/uploads\/2023\/05\/1-3.jpg","contentUrl":"https:\/\/qingdaohf.com\/wp-content\/uploads\/2023\/05\/1-3.jpg","width":1000,"height":1000,"caption":"G2169"},{"@type":"BreadcrumbList","@id":"https:\/\/qingdaohf.com\/product\/g2169-s2169-galvanized-shackle\/#breadcrumb","itemListElement":[{"@type":"ListItem","position":1,"name":"Home","item":"https:\/\/qingdaohf.com\/"},{"@type":"ListItem","position":2,"name":"Concrete Forming Accessories and Rigging Hardware","item":"https:\/\/qingdaohf.com\/bg\/?page_id=944"},{"@type":"ListItem","position":3,"name":"G2169 S2169 Galvanized Shackle"}]},{"@type":"WebSite","@id":"https:\/\/qingdaohf.com\/bg\/#website","url":"https:\/\/qingdaohf.com\/bg\/","name":"Concrete Form & Rigging Hardware Supplier","description":"","publisher":{"@id":"https:\/\/qingdaohf.com\/bg\/#organization"},"potentialAction":[{"@type":"SearchAction","target":{"@type":"EntryPoint","urlTemplate":"https:\/\/qingdaohf.com\/bg\/?s={search_term_string}"},"query-input":{"@type":"PropertyValueSpecification","valueRequired":true,"valueName":"search_term_string"}}],"inLanguage":"fi"},{"@type":"Organization","@id":"https:\/\/qingdaohf.com\/bg\/#organization","name":"Qingdao H&F","url":"https:\/\/qingdaohf.com\/bg\/","logo":{"@type":"ImageObject","inLanguage":"fi","@id":"https:\/\/qingdaohf.com\/bg\/#\/schema\/logo\/image\/","url":"https:\/\/qingdaohf.com\/wp-content\/uploads\/2022\/12\/cropped-HF-LOGO.png","contentUrl":"https:\/\/qingdaohf.com\/wp-content\/uploads\/2022\/12\/cropped-HF-LOGO.png","width":391,"height":249,"caption":"Qingdao H&F"},"image":{"@id":"https:\/\/qingdaohf.com\/bg\/#\/schema\/logo\/image\/"},"sameAs":["https:\/\/www.facebook.com\/qingdaohf"]}]}},"_links":{"self":[{"href":"https:\/\/qingdaohf.com\/fi\/wp-json\/wp\/v2\/product\/3844","targetHints":{"allow":["GET"]}}],"collection":[{"href":"https:\/\/qingdaohf.com\/fi\/wp-json\/wp\/v2\/product"}],"about":[{"href":"https:\/\/qingdaohf.com\/fi\/wp-json\/wp\/v2\/types\/product"}],"replies":[{"embeddable":true,"href":"https:\/\/qingdaohf.com\/fi\/wp-json\/wp\/v2\/comments?post=3844"}],"version-history":[{"count":3,"href":"https:\/\/qingdaohf.com\/fi\/wp-json\/wp\/v2\/product\/3844\/revisions"}],"predecessor-version":[{"id":6335,"href":"https:\/\/qingdaohf.com\/fi\/wp-json\/wp\/v2\/product\/3844\/revisions\/6335"}],"wp:featuredmedia":[{"embeddable":true,"href":"https:\/\/qingdaohf.com\/fi\/wp-json\/wp\/v2\/media\/3846"}],"wp:attachment":[{"href":"https:\/\/qingdaohf.com\/fi\/wp-json\/wp\/v2\/media?parent=3844"}],"wp:term":[{"taxonomy":"product_brand","embeddable":true,"href":"https:\/\/qingdaohf.com\/fi\/wp-json\/wp\/v2\/product_brand?post=3844"},{"taxonomy":"product_cat","embeddable":true,"href":"https:\/\/qingdaohf.com\/fi\/wp-json\/wp\/v2\/product_cat?post=3844"},{"taxonomy":"product_tag","embeddable":true,"href":"https:\/\/qingdaohf.com\/fi\/wp-json\/wp\/v2\/product_tag?post=3844"}],"curies":[{"name":"wp","href":"https:\/\/api.w.org\/{rel}","templated":true}]}}