{"id":4003,"date":"2023-05-25T16:09:31","date_gmt":"2023-05-25T08:09:31","guid":{"rendered":"http:\/\/qingdaohf.com\/?post_type=product&#038;p=4003"},"modified":"2025-11-13T09:04:44","modified_gmt":"2025-11-13T01:04:44","slug":"jaw-eye-turnbuckle","status":"publish","type":"product","link":"https:\/\/qingdaohf.com\/fi\/tuote\/leuan-silman-kaantoaisa\/","title":{"rendered":"Leuka ja silm\u00e4 k\u00e4\u00e4nt\u00f6aisa"},"content":{"rendered":"<p>Jaw-Eye-silmukkasolki koostuu metallirungosta, jonka toisessa p\u00e4\u00e4ss\u00e4 on sis\u00e4kierre ja toisessa p\u00e4\u00e4ss\u00e4 leuka sek\u00e4 silmukan kiinnityskohta. Leukap\u00e4\u00e4ss\u00e4 on tarttumismekanismi, joka on tyypillisesti leukojen tai puristimien muodossa ja joka on suunniteltu pit\u00e4m\u00e4\u00e4n esineet turvallisesti kiinni. Silmukassa on silmukka tai rengas k\u00f6ysien, kaapeleiden tai muiden kiinnityspisteiden kiinnitt\u00e4mist\u00e4 varten. Sis\u00e4kierteet mahdollistavat kiristyssoljen ulos- tai sis\u00e4\u00e4nvedon runkoa kiert\u00e4m\u00e4ll\u00e4, mik\u00e4 mahdollistaa tarkan kiristyksen ja s\u00e4\u00e4d\u00f6n.<\/p>\n<p>Leuka-silmukan kiinnityslenkin ensisijainen teht\u00e4v\u00e4 on luoda j\u00e4nnitys tai s\u00e4\u00e4t\u00e4\u00e4 leukakahvan ja silmukan kiinnityspisteen v\u00e4lisen yhteyden pituutta. K\u00e4\u00e4nt\u00e4m\u00e4ll\u00e4 kierteitetty\u00e4 p\u00e4\u00e4t\u00e4 k\u00e4\u00e4nnet\u00e4\u00e4n k\u00e4\u00e4nt\u00f6pultin runkoa, jolloin leuan ja silmukan v\u00e4linen et\u00e4isyys kasvaa tai pienenee tehokkaasti. T\u00e4m\u00e4 mekanismi mahdollistaa liitettyjen kohteiden tarkan kirist\u00e4misen ja s\u00e4\u00e4t\u00e4misen.<\/p>\n<p>Jaw-Eye-k\u00e4\u00e4nt\u00f6naulan rakenteessa k\u00e4ytet\u00e4\u00e4n yleens\u00e4 kest\u00e4vi\u00e4 materiaaleja, kuten ter\u00e4st\u00e4 tai ruostumatonta ter\u00e4st\u00e4, lujuuden, kest\u00e4vyyden ja korroosionkest\u00e4vyyden varmistamiseksi. Sit\u00e4 on saatavana eri kokoja ja painokapasiteetteja eri sovellusten ja vaatimusten t\u00e4ytt\u00e4miseksi.<\/p>\n<p><img fetchpriority=\"high\" decoding=\"async\" class=\"alignnone wp-image-4574 size-full\" src=\"http:\/\/qingdaohf.com\/wp-content\/uploads\/2023\/05\/jaweye.webp\" alt=\"leuka&amp;silm\u00e4 k\u00e4\u00e4nt\u00f6aisa\" width=\"1000\" height=\"1298\" srcset=\"https:\/\/qingdaohf.com\/wp-content\/uploads\/2023\/05\/jaweye.webp 1000w, https:\/\/qingdaohf.com\/wp-content\/uploads\/2023\/05\/jaweye-231x300.webp 231w, https:\/\/qingdaohf.com\/wp-content\/uploads\/2023\/05\/jaweye-789x1024.webp 789w, https:\/\/qingdaohf.com\/wp-content\/uploads\/2023\/05\/jaweye-768x997.webp 768w\" sizes=\"(max-width: 1000px) 100vw, 1000px\" \/><\/p>","protected":false},"excerpt":{"rendered":"<p>Leukasilm\u00e4inen kiristyssolki on laitteistokomponentti, jota k\u00e4ytet\u00e4\u00e4n yleisesti sovelluksissa, jotka edellytt\u00e4v\u00e4t kahden eri kiinnityspisteill\u00e4 varustetun kohteen kirist\u00e4mist\u00e4, s\u00e4\u00e4t\u00e4mist\u00e4 tai yhdist\u00e4mist\u00e4. Se tarjoaa turvallisen ja s\u00e4\u00e4dett\u00e4viss\u00e4 olevan liitoksen ja mahdollistaa samalla liitoksen pident\u00e4misen tai lyhent\u00e4misen.<\/p>","protected":false},"featured_media":3974,"comment_status":"open","ping_status":"closed","template":"","meta":{"site-sidebar-layout":"default","site-content-layout":"default","ast-site-content-layout":"default","site-content-style":"default","site-sidebar-style":"default","ast-global-header-display":"","ast-banner-title-visibility":"","ast-main-header-display":"","ast-hfb-above-header-display":"","ast-hfb-below-header-display":"","ast-hfb-mobile-header-display":"","site-post-title":"","ast-breadcrumbs-content":"","ast-featured-img":"","footer-sml-layout":"","theme-transparent-header-meta":"default","adv-header-id-meta":"","stick-header-meta":"default","header-above-stick-meta":"","header-main-stick-meta":"","header-below-stick-meta":"","astra-migrate-meta-layouts":"set","ast-page-background-enabled":"default","ast-page-background-meta":{"desktop":{"background-color":"","background-image":"","background-repeat":"repeat","background-position":"center center","background-size":"auto","background-attachment":"scroll","background-type":"","background-media":"","overlay-type":"","overlay-color":"","overlay-opacity":"","overlay-gradient":""},"tablet":{"background-color":"","background-image":"","background-repeat":"repeat","background-position":"center center","background-size":"auto","background-attachment":"scroll","background-type":"","background-media":"","overlay-type":"","overlay-color":"","overlay-opacity":"","overlay-gradient":""},"mobile":{"background-color":"","background-image":"","background-repeat":"repeat","background-position":"center center","background-size":"auto","background-attachment":"scroll","background-type":"","background-media":"","overlay-type":"","overlay-color":"","overlay-opacity":"","overlay-gradient":""}},"ast-content-background-meta":{"desktop":{"background-color":"var(--ast-global-color-5)","background-image":"","background-repeat":"repeat","background-position":"center center","background-size":"auto","background-attachment":"scroll","background-type":"","background-media":"","overlay-type":"","overlay-color":"","overlay-opacity":"","overlay-gradient":""},"tablet":{"background-color":"var(--ast-global-color-5)","background-image":"","background-repeat":"repeat","background-position":"center center","background-size":"auto","background-attachment":"scroll","background-type":"","background-media":"","overlay-type":"","overlay-color":"","overlay-opacity":"","overlay-gradient":""},"mobile":{"background-color":"var(--ast-global-color-5)","background-image":"","background-repeat":"repeat","background-position":"center center","background-size":"auto","background-attachment":"scroll","background-type":"","background-media":"","overlay-type":"","overlay-color":"","overlay-opacity":"","overlay-gradient":""}}},"product_brand":[],"product_cat":[56],"product_tag":[],"class_list":{"0":"post-4003","1":"product","2":"type-product","3":"status-publish","4":"has-post-thumbnail","6":"product_cat-turnbuckle","7":"desktop-align-left","8":"tablet-align-left","9":"mobile-align-left","10":"ast-product-gallery-layout-horizontal-slider","11":"ast-product-gallery-with-no-image","12":"ast-product-tabs-layout-horizontal","14":"first","15":"instock","16":"shipping-taxable","17":"purchasable","18":"product-type-simple"},"yoast_head":"<!-- This site is optimized with the Yoast SEO plugin v25.2 - https:\/\/yoast.com\/wordpress\/plugins\/seo\/ -->\n<title>Jaw &amp; Eye Turnbuckle<\/title>\n<meta name=\"description\" content=\"A Jaw-Eye Turnbuckle is a hardware component commonly used in applications that require tensioning, adjusting, or connecting two objects with different attachment points.\" \/>\n<meta name=\"robots\" content=\"index, follow, max-snippet:-1, max-image-preview:large, max-video-preview:-1\" \/>\n<link rel=\"canonical\" href=\"https:\/\/qingdaohf.com\/fi\/tuote\/leuan-silman-kaantoaisa\/\" \/>\n<meta property=\"og:locale\" content=\"fi_FI\" \/>\n<meta property=\"og:type\" content=\"article\" \/>\n<meta property=\"og:title\" content=\"Jaw &amp; Eye Turnbuckle\" \/>\n<meta property=\"og:description\" content=\"A Jaw-Eye Turnbuckle is a hardware component commonly used in applications that require tensioning, adjusting, or connecting two objects with different attachment points.\" \/>\n<meta property=\"og:url\" content=\"https:\/\/qingdaohf.com\/fi\/tuote\/leuan-silman-kaantoaisa\/\" \/>\n<meta property=\"og:site_name\" content=\"Concrete Form &amp; Rigging Hardware Supplier\" \/>\n<meta property=\"article:publisher\" content=\"https:\/\/www.facebook.com\/qingdaohf\" \/>\n<meta property=\"article:modified_time\" content=\"2025-11-13T01:04:44+00:00\" \/>\n<meta property=\"og:image\" content=\"https:\/\/qingdaohf.com\/wp-content\/uploads\/2023\/05\/turnbuckle-1.jpg\" \/>\n\t<meta property=\"og:image:width\" content=\"1000\" \/>\n\t<meta property=\"og:image:height\" content=\"1000\" \/>\n\t<meta property=\"og:image:type\" content=\"image\/jpeg\" \/>\n<meta name=\"twitter:card\" content=\"summary_large_image\" \/>\n<meta name=\"twitter:label1\" content=\"Arvioitu lukuaika\" \/>\n\t<meta name=\"twitter:data1\" content=\"2 minuuttia\" \/>\n<script type=\"application\/ld+json\" class=\"yoast-schema-graph\">{\"@context\":\"https:\/\/schema.org\",\"@graph\":[{\"@type\":\"WebPage\",\"@id\":\"https:\/\/qingdaohf.com\/product\/jaw-eye-turnbuckle\/\",\"url\":\"https:\/\/qingdaohf.com\/product\/jaw-eye-turnbuckle\/\",\"name\":\"Jaw & Eye Turnbuckle\",\"isPartOf\":{\"@id\":\"https:\/\/qingdaohf.com\/bg\/#website\"},\"primaryImageOfPage\":{\"@id\":\"https:\/\/qingdaohf.com\/product\/jaw-eye-turnbuckle\/#primaryimage\"},\"image\":{\"@id\":\"https:\/\/qingdaohf.com\/product\/jaw-eye-turnbuckle\/#primaryimage\"},\"thumbnailUrl\":\"https:\/\/qingdaohf.com\/wp-content\/uploads\/2023\/05\/turnbuckle-1.jpg\",\"datePublished\":\"2023-05-25T08:09:31+00:00\",\"dateModified\":\"2025-11-13T01:04:44+00:00\",\"description\":\"A Jaw-Eye Turnbuckle is a hardware component commonly used in applications that require tensioning, adjusting, or connecting two objects with different attachment points.\",\"breadcrumb\":{\"@id\":\"https:\/\/qingdaohf.com\/product\/jaw-eye-turnbuckle\/#breadcrumb\"},\"inLanguage\":\"fi\",\"potentialAction\":[{\"@type\":\"ReadAction\",\"target\":[\"https:\/\/qingdaohf.com\/product\/jaw-eye-turnbuckle\/\"]}]},{\"@type\":\"ImageObject\",\"inLanguage\":\"fi\",\"@id\":\"https:\/\/qingdaohf.com\/product\/jaw-eye-turnbuckle\/#primaryimage\",\"url\":\"https:\/\/qingdaohf.com\/wp-content\/uploads\/2023\/05\/turnbuckle-1.jpg\",\"contentUrl\":\"https:\/\/qingdaohf.com\/wp-content\/uploads\/2023\/05\/turnbuckle-1.jpg\",\"width\":1000,\"height\":1000,\"caption\":\"JAW&Eye Turnbuckle\"},{\"@type\":\"BreadcrumbList\",\"@id\":\"https:\/\/qingdaohf.com\/product\/jaw-eye-turnbuckle\/#breadcrumb\",\"itemListElement\":[{\"@type\":\"ListItem\",\"position\":1,\"name\":\"Home\",\"item\":\"https:\/\/qingdaohf.com\/\"},{\"@type\":\"ListItem\",\"position\":2,\"name\":\"Concrete Forming Accessories and Rigging Hardware\",\"item\":\"https:\/\/qingdaohf.com\/bg\/?page_id=944\"},{\"@type\":\"ListItem\",\"position\":3,\"name\":\"Jaw &#038; Eye Turnbuckle\"}]},{\"@type\":\"WebSite\",\"@id\":\"https:\/\/qingdaohf.com\/bg\/#website\",\"url\":\"https:\/\/qingdaohf.com\/bg\/\",\"name\":\"Concrete Form & Rigging Hardware Supplier\",\"description\":\"\",\"publisher\":{\"@id\":\"https:\/\/qingdaohf.com\/bg\/#organization\"},\"potentialAction\":[{\"@type\":\"SearchAction\",\"target\":{\"@type\":\"EntryPoint\",\"urlTemplate\":\"https:\/\/qingdaohf.com\/bg\/?s={search_term_string}\"},\"query-input\":{\"@type\":\"PropertyValueSpecification\",\"valueRequired\":true,\"valueName\":\"search_term_string\"}}],\"inLanguage\":\"fi\"},{\"@type\":\"Organization\",\"@id\":\"https:\/\/qingdaohf.com\/bg\/#organization\",\"name\":\"Qingdao H&F\",\"url\":\"https:\/\/qingdaohf.com\/bg\/\",\"logo\":{\"@type\":\"ImageObject\",\"inLanguage\":\"fi\",\"@id\":\"https:\/\/qingdaohf.com\/bg\/#\/schema\/logo\/image\/\",\"url\":\"https:\/\/qingdaohf.com\/wp-content\/uploads\/2022\/12\/cropped-HF-LOGO.png\",\"contentUrl\":\"https:\/\/qingdaohf.com\/wp-content\/uploads\/2022\/12\/cropped-HF-LOGO.png\",\"width\":391,\"height\":249,\"caption\":\"Qingdao H&F\"},\"image\":{\"@id\":\"https:\/\/qingdaohf.com\/bg\/#\/schema\/logo\/image\/\"},\"sameAs\":[\"https:\/\/www.facebook.com\/qingdaohf\"]}]}<\/script>\n<!-- \/ Yoast SEO plugin. -->","yoast_head_json":{"title":"Jaw & Eye Turnbuckle","description":"A Jaw-Eye Turnbuckle is a hardware component commonly used in applications that require tensioning, adjusting, or connecting two objects with different attachment points.","robots":{"index":"index","follow":"follow","max-snippet":"max-snippet:-1","max-image-preview":"max-image-preview:large","max-video-preview":"max-video-preview:-1"},"canonical":"https:\/\/qingdaohf.com\/fi\/tuote\/leuan-silman-kaantoaisa\/","og_locale":"fi_FI","og_type":"article","og_title":"Jaw & Eye Turnbuckle","og_description":"A Jaw-Eye Turnbuckle is a hardware component commonly used in applications that require tensioning, adjusting, or connecting two objects with different attachment points.","og_url":"https:\/\/qingdaohf.com\/fi\/tuote\/leuan-silman-kaantoaisa\/","og_site_name":"Concrete Form &amp; Rigging Hardware Supplier","article_publisher":"https:\/\/www.facebook.com\/qingdaohf","article_modified_time":"2025-11-13T01:04:44+00:00","og_image":[{"width":1000,"height":1000,"url":"https:\/\/qingdaohf.com\/wp-content\/uploads\/2023\/05\/turnbuckle-1.jpg","type":"image\/jpeg"}],"twitter_card":"summary_large_image","twitter_misc":{"Arvioitu lukuaika":"2 minuuttia"},"schema":{"@context":"https:\/\/schema.org","@graph":[{"@type":"WebPage","@id":"https:\/\/qingdaohf.com\/product\/jaw-eye-turnbuckle\/","url":"https:\/\/qingdaohf.com\/product\/jaw-eye-turnbuckle\/","name":"Jaw & Eye Turnbuckle","isPartOf":{"@id":"https:\/\/qingdaohf.com\/bg\/#website"},"primaryImageOfPage":{"@id":"https:\/\/qingdaohf.com\/product\/jaw-eye-turnbuckle\/#primaryimage"},"image":{"@id":"https:\/\/qingdaohf.com\/product\/jaw-eye-turnbuckle\/#primaryimage"},"thumbnailUrl":"https:\/\/qingdaohf.com\/wp-content\/uploads\/2023\/05\/turnbuckle-1.jpg","datePublished":"2023-05-25T08:09:31+00:00","dateModified":"2025-11-13T01:04:44+00:00","description":"A Jaw-Eye Turnbuckle is a hardware component commonly used in applications that require tensioning, adjusting, or connecting two objects with different attachment points.","breadcrumb":{"@id":"https:\/\/qingdaohf.com\/product\/jaw-eye-turnbuckle\/#breadcrumb"},"inLanguage":"fi","potentialAction":[{"@type":"ReadAction","target":["https:\/\/qingdaohf.com\/product\/jaw-eye-turnbuckle\/"]}]},{"@type":"ImageObject","inLanguage":"fi","@id":"https:\/\/qingdaohf.com\/product\/jaw-eye-turnbuckle\/#primaryimage","url":"https:\/\/qingdaohf.com\/wp-content\/uploads\/2023\/05\/turnbuckle-1.jpg","contentUrl":"https:\/\/qingdaohf.com\/wp-content\/uploads\/2023\/05\/turnbuckle-1.jpg","width":1000,"height":1000,"caption":"JAW&Eye Turnbuckle"},{"@type":"BreadcrumbList","@id":"https:\/\/qingdaohf.com\/product\/jaw-eye-turnbuckle\/#breadcrumb","itemListElement":[{"@type":"ListItem","position":1,"name":"Home","item":"https:\/\/qingdaohf.com\/"},{"@type":"ListItem","position":2,"name":"Concrete Forming Accessories and Rigging Hardware","item":"https:\/\/qingdaohf.com\/bg\/?page_id=944"},{"@type":"ListItem","position":3,"name":"Jaw &#038; Eye Turnbuckle"}]},{"@type":"WebSite","@id":"https:\/\/qingdaohf.com\/bg\/#website","url":"https:\/\/qingdaohf.com\/bg\/","name":"Concrete Form & Rigging Hardware Supplier","description":"","publisher":{"@id":"https:\/\/qingdaohf.com\/bg\/#organization"},"potentialAction":[{"@type":"SearchAction","target":{"@type":"EntryPoint","urlTemplate":"https:\/\/qingdaohf.com\/bg\/?s={search_term_string}"},"query-input":{"@type":"PropertyValueSpecification","valueRequired":true,"valueName":"search_term_string"}}],"inLanguage":"fi"},{"@type":"Organization","@id":"https:\/\/qingdaohf.com\/bg\/#organization","name":"Qingdao H&F","url":"https:\/\/qingdaohf.com\/bg\/","logo":{"@type":"ImageObject","inLanguage":"fi","@id":"https:\/\/qingdaohf.com\/bg\/#\/schema\/logo\/image\/","url":"https:\/\/qingdaohf.com\/wp-content\/uploads\/2022\/12\/cropped-HF-LOGO.png","contentUrl":"https:\/\/qingdaohf.com\/wp-content\/uploads\/2022\/12\/cropped-HF-LOGO.png","width":391,"height":249,"caption":"Qingdao H&F"},"image":{"@id":"https:\/\/qingdaohf.com\/bg\/#\/schema\/logo\/image\/"},"sameAs":["https:\/\/www.facebook.com\/qingdaohf"]}]}},"_links":{"self":[{"href":"https:\/\/qingdaohf.com\/fi\/wp-json\/wp\/v2\/product\/4003","targetHints":{"allow":["GET"]}}],"collection":[{"href":"https:\/\/qingdaohf.com\/fi\/wp-json\/wp\/v2\/product"}],"about":[{"href":"https:\/\/qingdaohf.com\/fi\/wp-json\/wp\/v2\/types\/product"}],"replies":[{"embeddable":true,"href":"https:\/\/qingdaohf.com\/fi\/wp-json\/wp\/v2\/comments?post=4003"}],"version-history":[{"count":2,"href":"https:\/\/qingdaohf.com\/fi\/wp-json\/wp\/v2\/product\/4003\/revisions"}],"predecessor-version":[{"id":8699,"href":"https:\/\/qingdaohf.com\/fi\/wp-json\/wp\/v2\/product\/4003\/revisions\/8699"}],"wp:featuredmedia":[{"embeddable":true,"href":"https:\/\/qingdaohf.com\/fi\/wp-json\/wp\/v2\/media\/3974"}],"wp:attachment":[{"href":"https:\/\/qingdaohf.com\/fi\/wp-json\/wp\/v2\/media?parent=4003"}],"wp:term":[{"taxonomy":"product_brand","embeddable":true,"href":"https:\/\/qingdaohf.com\/fi\/wp-json\/wp\/v2\/product_brand?post=4003"},{"taxonomy":"product_cat","embeddable":true,"href":"https:\/\/qingdaohf.com\/fi\/wp-json\/wp\/v2\/product_cat?post=4003"},{"taxonomy":"product_tag","embeddable":true,"href":"https:\/\/qingdaohf.com\/fi\/wp-json\/wp\/v2\/product_tag?post=4003"}],"curies":[{"name":"wp","href":"https:\/\/api.w.org\/{rel}","templated":true}]}}