{"id":4057,"date":"2023-05-26T10:09:07","date_gmt":"2023-05-26T02:09:07","guid":{"rendered":"http:\/\/qingdaohf.com\/?post_type=product&#038;p=4057"},"modified":"2025-11-13T09:04:43","modified_gmt":"2025-11-13T01:04:43","slug":"pear-shaped-weldless-sling-link","status":"publish","type":"product","link":"https:\/\/qingdaohf.com\/fi\/tuote\/paarynan-muotoinen-hitsiton-lenkki\/","title":{"rendered":"P\u00e4\u00e4ryn\u00e4n muotoinen hitsaamaton Sling Link"},"content":{"rendered":"<p>P\u00e4\u00e4ryn\u00e4nmuotoinen hitsaamaton lenkki on yleens\u00e4 valmistettu lujasta seoster\u00e4ksest\u00e4 tai hiiliter\u00e4ksest\u00e4, mik\u00e4 takaa sen kest\u00e4vyyden ja kantavuuden. Sen p\u00e4\u00e4ryn\u00e4nmuotoinen muotoilu tarjoaa yhdistelm\u00e4n lujuutta ja monipuolisuutta, mik\u00e4 mahdollistaa helpon kytkenn\u00e4n ja turvalliset kiinnityspisteet.<\/p>\n<p>Yksi p\u00e4\u00e4ryn\u00e4nmuotoisen hitsaamattoman lenkkirangan merkitt\u00e4v\u00e4 ominaisuus on sen hitsaamaton rakenne. Toisin kuin perinteiset p\u00e4\u00e4lenkit, joissa voi olla hitsattuja liitoksia, t\u00e4m\u00e4 rintalenkki on valmistettu yhdest\u00e4 saumattomasta kappaleesta, mik\u00e4 poistaa mahdolliset heikot kohdat ja parantaa sen yleist\u00e4 lujuutta ja luotettavuutta.<\/p>\n<p><img fetchpriority=\"high\" decoding=\"async\" class=\"alignnone size-full wp-image-4045\" src=\"http:\/\/qingdaohf.com\/wp-content\/uploads\/2023\/05\/weldless-link-6.jpg\" alt=\"hitsaamaton linkki\" width=\"1000\" height=\"1347\" srcset=\"https:\/\/qingdaohf.com\/wp-content\/uploads\/2023\/05\/weldless-link-6.jpg 1000w, https:\/\/qingdaohf.com\/wp-content\/uploads\/2023\/05\/weldless-link-6-223x300.jpg 223w, https:\/\/qingdaohf.com\/wp-content\/uploads\/2023\/05\/weldless-link-6-760x1024.jpg 760w, https:\/\/qingdaohf.com\/wp-content\/uploads\/2023\/05\/weldless-link-6-768x1034.jpg 768w\" sizes=\"(max-width: 1000px) 100vw, 1000px\" \/><\/p>","protected":false},"excerpt":{"rendered":"<p>P\u00e4\u00e4ryn\u00e4nmuotoinen hitsaamaton hihnalenkki on erikoiskomponentti, jota k\u00e4ytet\u00e4\u00e4n nosto- ja kiinnityssovelluksissa luomaan turvallinen ja luotettava liitoskohta hihnojen ja nostolaitteiden v\u00e4lille. Se on suunniteltu helpottamaan hihnojen, ketjujen tai k\u00f6ysien kiinnitt\u00e4mist\u00e4, mik\u00e4 tarjoaa monipuolisen ja tehokkaan ratkaisun erilaisiin nostotoimenpiteisiin.<\/p>","protected":false},"featured_media":4058,"comment_status":"open","ping_status":"closed","template":"","meta":{"site-sidebar-layout":"default","site-content-layout":"default","ast-site-content-layout":"default","site-content-style":"default","site-sidebar-style":"default","ast-global-header-display":"","ast-banner-title-visibility":"","ast-main-header-display":"","ast-hfb-above-header-display":"","ast-hfb-below-header-display":"","ast-hfb-mobile-header-display":"","site-post-title":"","ast-breadcrumbs-content":"","ast-featured-img":"","footer-sml-layout":"","theme-transparent-header-meta":"default","adv-header-id-meta":"","stick-header-meta":"default","header-above-stick-meta":"","header-main-stick-meta":"","header-below-stick-meta":"","astra-migrate-meta-layouts":"set","ast-page-background-enabled":"default","ast-page-background-meta":{"desktop":{"background-color":"","background-image":"","background-repeat":"repeat","background-position":"center center","background-size":"auto","background-attachment":"scroll","background-type":"","background-media":"","overlay-type":"","overlay-color":"","overlay-opacity":"","overlay-gradient":""},"tablet":{"background-color":"","background-image":"","background-repeat":"repeat","background-position":"center center","background-size":"auto","background-attachment":"scroll","background-type":"","background-media":"","overlay-type":"","overlay-color":"","overlay-opacity":"","overlay-gradient":""},"mobile":{"background-color":"","background-image":"","background-repeat":"repeat","background-position":"center center","background-size":"auto","background-attachment":"scroll","background-type":"","background-media":"","overlay-type":"","overlay-color":"","overlay-opacity":"","overlay-gradient":""}},"ast-content-background-meta":{"desktop":{"background-color":"var(--ast-global-color-5)","background-image":"","background-repeat":"repeat","background-position":"center center","background-size":"auto","background-attachment":"scroll","background-type":"","background-media":"","overlay-type":"","overlay-color":"","overlay-opacity":"","overlay-gradient":""},"tablet":{"background-color":"var(--ast-global-color-5)","background-image":"","background-repeat":"repeat","background-position":"center center","background-size":"auto","background-attachment":"scroll","background-type":"","background-media":"","overlay-type":"","overlay-color":"","overlay-opacity":"","overlay-gradient":""},"mobile":{"background-color":"var(--ast-global-color-5)","background-image":"","background-repeat":"repeat","background-position":"center center","background-size":"auto","background-attachment":"scroll","background-type":"","background-media":"","overlay-type":"","overlay-color":"","overlay-opacity":"","overlay-gradient":""}}},"product_brand":[],"product_cat":[43],"product_tag":[],"class_list":{"0":"post-4057","1":"product","2":"type-product","3":"status-publish","4":"has-post-thumbnail","6":"product_cat-rigging-hardware","7":"desktop-align-left","8":"tablet-align-left","9":"mobile-align-left","10":"ast-product-gallery-layout-horizontal-slider","11":"ast-product-tabs-layout-horizontal","13":"first","14":"instock","15":"shipping-taxable","16":"purchasable","17":"product-type-simple"},"yoast_head":"<!-- This site is optimized with the Yoast SEO plugin v25.2 - https:\/\/yoast.com\/wordpress\/plugins\/seo\/ -->\n<title>Pear Shaped Weldless Sling Link<\/title>\n<meta name=\"description\" content=\"The Pear Shaped Weldless Sling Link is a specialized component used in lifting and rigging applications to create a secure and reliable connection point between slings and lifting equipment.\" \/>\n<meta name=\"robots\" content=\"index, follow, max-snippet:-1, max-image-preview:large, max-video-preview:-1\" \/>\n<link rel=\"canonical\" href=\"https:\/\/qingdaohf.com\/fi\/tuote\/paarynan-muotoinen-hitsiton-lenkki\/\" \/>\n<meta property=\"og:locale\" content=\"fi_FI\" \/>\n<meta property=\"og:type\" content=\"article\" \/>\n<meta property=\"og:title\" content=\"Pear Shaped Weldless Sling Link\" \/>\n<meta property=\"og:description\" content=\"The Pear Shaped Weldless Sling Link is a specialized component used in lifting and rigging applications to create a secure and reliable connection point between slings and lifting equipment.\" \/>\n<meta property=\"og:url\" content=\"https:\/\/qingdaohf.com\/fi\/tuote\/paarynan-muotoinen-hitsiton-lenkki\/\" \/>\n<meta property=\"og:site_name\" content=\"Concrete Form &amp; Rigging Hardware Supplier\" \/>\n<meta property=\"article:publisher\" content=\"https:\/\/www.facebook.com\/qingdaohf\" \/>\n<meta property=\"article:modified_time\" content=\"2025-11-13T01:04:43+00:00\" \/>\n<meta property=\"og:image\" content=\"https:\/\/qingdaohf.com\/wp-content\/uploads\/2023\/05\/Pear-Shaped-Weldless-Sling-Link-15.jpg\" \/>\n\t<meta property=\"og:image:width\" content=\"1000\" \/>\n\t<meta property=\"og:image:height\" content=\"1000\" \/>\n\t<meta property=\"og:image:type\" content=\"image\/jpeg\" \/>\n<meta name=\"twitter:card\" content=\"summary_large_image\" \/>\n<meta name=\"twitter:label1\" content=\"Arvioitu lukuaika\" \/>\n\t<meta name=\"twitter:data1\" content=\"1 minuutti\" \/>\n<script type=\"application\/ld+json\" class=\"yoast-schema-graph\">{\"@context\":\"https:\/\/schema.org\",\"@graph\":[{\"@type\":\"WebPage\",\"@id\":\"https:\/\/qingdaohf.com\/product\/pear-shaped-weldless-sling-link\/\",\"url\":\"https:\/\/qingdaohf.com\/product\/pear-shaped-weldless-sling-link\/\",\"name\":\"Pear Shaped Weldless Sling Link\",\"isPartOf\":{\"@id\":\"https:\/\/qingdaohf.com\/bg\/#website\"},\"primaryImageOfPage\":{\"@id\":\"https:\/\/qingdaohf.com\/product\/pear-shaped-weldless-sling-link\/#primaryimage\"},\"image\":{\"@id\":\"https:\/\/qingdaohf.com\/product\/pear-shaped-weldless-sling-link\/#primaryimage\"},\"thumbnailUrl\":\"https:\/\/qingdaohf.com\/wp-content\/uploads\/2023\/05\/Pear-Shaped-Weldless-Sling-Link-15.jpg\",\"datePublished\":\"2023-05-26T02:09:07+00:00\",\"dateModified\":\"2025-11-13T01:04:43+00:00\",\"description\":\"The Pear Shaped Weldless Sling Link is a specialized component used in lifting and rigging applications to create a secure and reliable connection point between slings and lifting equipment.\",\"breadcrumb\":{\"@id\":\"https:\/\/qingdaohf.com\/product\/pear-shaped-weldless-sling-link\/#breadcrumb\"},\"inLanguage\":\"fi\",\"potentialAction\":[{\"@type\":\"ReadAction\",\"target\":[\"https:\/\/qingdaohf.com\/product\/pear-shaped-weldless-sling-link\/\"]}]},{\"@type\":\"ImageObject\",\"inLanguage\":\"fi\",\"@id\":\"https:\/\/qingdaohf.com\/product\/pear-shaped-weldless-sling-link\/#primaryimage\",\"url\":\"https:\/\/qingdaohf.com\/wp-content\/uploads\/2023\/05\/Pear-Shaped-Weldless-Sling-Link-15.jpg\",\"contentUrl\":\"https:\/\/qingdaohf.com\/wp-content\/uploads\/2023\/05\/Pear-Shaped-Weldless-Sling-Link-15.jpg\",\"width\":1000,\"height\":1000,\"caption\":\"Pear Shaped Weldless Sling Link (15)\"},{\"@type\":\"BreadcrumbList\",\"@id\":\"https:\/\/qingdaohf.com\/product\/pear-shaped-weldless-sling-link\/#breadcrumb\",\"itemListElement\":[{\"@type\":\"ListItem\",\"position\":1,\"name\":\"Home\",\"item\":\"https:\/\/qingdaohf.com\/\"},{\"@type\":\"ListItem\",\"position\":2,\"name\":\"Concrete Forming Accessories and Rigging Hardware\",\"item\":\"https:\/\/qingdaohf.com\/bg\/?page_id=944\"},{\"@type\":\"ListItem\",\"position\":3,\"name\":\"Pear Shaped Weldless Sling Link\"}]},{\"@type\":\"WebSite\",\"@id\":\"https:\/\/qingdaohf.com\/bg\/#website\",\"url\":\"https:\/\/qingdaohf.com\/bg\/\",\"name\":\"Concrete Form & Rigging Hardware Supplier\",\"description\":\"\",\"publisher\":{\"@id\":\"https:\/\/qingdaohf.com\/bg\/#organization\"},\"potentialAction\":[{\"@type\":\"SearchAction\",\"target\":{\"@type\":\"EntryPoint\",\"urlTemplate\":\"https:\/\/qingdaohf.com\/bg\/?s={search_term_string}\"},\"query-input\":{\"@type\":\"PropertyValueSpecification\",\"valueRequired\":true,\"valueName\":\"search_term_string\"}}],\"inLanguage\":\"fi\"},{\"@type\":\"Organization\",\"@id\":\"https:\/\/qingdaohf.com\/bg\/#organization\",\"name\":\"Qingdao H&F\",\"url\":\"https:\/\/qingdaohf.com\/bg\/\",\"logo\":{\"@type\":\"ImageObject\",\"inLanguage\":\"fi\",\"@id\":\"https:\/\/qingdaohf.com\/bg\/#\/schema\/logo\/image\/\",\"url\":\"https:\/\/qingdaohf.com\/wp-content\/uploads\/2022\/12\/cropped-HF-LOGO.png\",\"contentUrl\":\"https:\/\/qingdaohf.com\/wp-content\/uploads\/2022\/12\/cropped-HF-LOGO.png\",\"width\":391,\"height\":249,\"caption\":\"Qingdao H&F\"},\"image\":{\"@id\":\"https:\/\/qingdaohf.com\/bg\/#\/schema\/logo\/image\/\"},\"sameAs\":[\"https:\/\/www.facebook.com\/qingdaohf\"]}]}<\/script>\n<!-- \/ Yoast SEO plugin. -->","yoast_head_json":{"title":"Pear Shaped Weldless Sling Link","description":"The Pear Shaped Weldless Sling Link is a specialized component used in lifting and rigging applications to create a secure and reliable connection point between slings and lifting equipment.","robots":{"index":"index","follow":"follow","max-snippet":"max-snippet:-1","max-image-preview":"max-image-preview:large","max-video-preview":"max-video-preview:-1"},"canonical":"https:\/\/qingdaohf.com\/fi\/tuote\/paarynan-muotoinen-hitsiton-lenkki\/","og_locale":"fi_FI","og_type":"article","og_title":"Pear Shaped Weldless Sling Link","og_description":"The Pear Shaped Weldless Sling Link is a specialized component used in lifting and rigging applications to create a secure and reliable connection point between slings and lifting equipment.","og_url":"https:\/\/qingdaohf.com\/fi\/tuote\/paarynan-muotoinen-hitsiton-lenkki\/","og_site_name":"Concrete Form &amp; Rigging Hardware Supplier","article_publisher":"https:\/\/www.facebook.com\/qingdaohf","article_modified_time":"2025-11-13T01:04:43+00:00","og_image":[{"width":1000,"height":1000,"url":"https:\/\/qingdaohf.com\/wp-content\/uploads\/2023\/05\/Pear-Shaped-Weldless-Sling-Link-15.jpg","type":"image\/jpeg"}],"twitter_card":"summary_large_image","twitter_misc":{"Arvioitu lukuaika":"1 minuutti"},"schema":{"@context":"https:\/\/schema.org","@graph":[{"@type":"WebPage","@id":"https:\/\/qingdaohf.com\/product\/pear-shaped-weldless-sling-link\/","url":"https:\/\/qingdaohf.com\/product\/pear-shaped-weldless-sling-link\/","name":"Pear Shaped Weldless Sling Link","isPartOf":{"@id":"https:\/\/qingdaohf.com\/bg\/#website"},"primaryImageOfPage":{"@id":"https:\/\/qingdaohf.com\/product\/pear-shaped-weldless-sling-link\/#primaryimage"},"image":{"@id":"https:\/\/qingdaohf.com\/product\/pear-shaped-weldless-sling-link\/#primaryimage"},"thumbnailUrl":"https:\/\/qingdaohf.com\/wp-content\/uploads\/2023\/05\/Pear-Shaped-Weldless-Sling-Link-15.jpg","datePublished":"2023-05-26T02:09:07+00:00","dateModified":"2025-11-13T01:04:43+00:00","description":"The Pear Shaped Weldless Sling Link is a specialized component used in lifting and rigging applications to create a secure and reliable connection point between slings and lifting equipment.","breadcrumb":{"@id":"https:\/\/qingdaohf.com\/product\/pear-shaped-weldless-sling-link\/#breadcrumb"},"inLanguage":"fi","potentialAction":[{"@type":"ReadAction","target":["https:\/\/qingdaohf.com\/product\/pear-shaped-weldless-sling-link\/"]}]},{"@type":"ImageObject","inLanguage":"fi","@id":"https:\/\/qingdaohf.com\/product\/pear-shaped-weldless-sling-link\/#primaryimage","url":"https:\/\/qingdaohf.com\/wp-content\/uploads\/2023\/05\/Pear-Shaped-Weldless-Sling-Link-15.jpg","contentUrl":"https:\/\/qingdaohf.com\/wp-content\/uploads\/2023\/05\/Pear-Shaped-Weldless-Sling-Link-15.jpg","width":1000,"height":1000,"caption":"Pear Shaped Weldless Sling Link (15)"},{"@type":"BreadcrumbList","@id":"https:\/\/qingdaohf.com\/product\/pear-shaped-weldless-sling-link\/#breadcrumb","itemListElement":[{"@type":"ListItem","position":1,"name":"Home","item":"https:\/\/qingdaohf.com\/"},{"@type":"ListItem","position":2,"name":"Concrete Forming Accessories and Rigging Hardware","item":"https:\/\/qingdaohf.com\/bg\/?page_id=944"},{"@type":"ListItem","position":3,"name":"Pear Shaped Weldless Sling Link"}]},{"@type":"WebSite","@id":"https:\/\/qingdaohf.com\/bg\/#website","url":"https:\/\/qingdaohf.com\/bg\/","name":"Concrete Form & Rigging Hardware Supplier","description":"","publisher":{"@id":"https:\/\/qingdaohf.com\/bg\/#organization"},"potentialAction":[{"@type":"SearchAction","target":{"@type":"EntryPoint","urlTemplate":"https:\/\/qingdaohf.com\/bg\/?s={search_term_string}"},"query-input":{"@type":"PropertyValueSpecification","valueRequired":true,"valueName":"search_term_string"}}],"inLanguage":"fi"},{"@type":"Organization","@id":"https:\/\/qingdaohf.com\/bg\/#organization","name":"Qingdao H&F","url":"https:\/\/qingdaohf.com\/bg\/","logo":{"@type":"ImageObject","inLanguage":"fi","@id":"https:\/\/qingdaohf.com\/bg\/#\/schema\/logo\/image\/","url":"https:\/\/qingdaohf.com\/wp-content\/uploads\/2022\/12\/cropped-HF-LOGO.png","contentUrl":"https:\/\/qingdaohf.com\/wp-content\/uploads\/2022\/12\/cropped-HF-LOGO.png","width":391,"height":249,"caption":"Qingdao H&F"},"image":{"@id":"https:\/\/qingdaohf.com\/bg\/#\/schema\/logo\/image\/"},"sameAs":["https:\/\/www.facebook.com\/qingdaohf"]}]}},"_links":{"self":[{"href":"https:\/\/qingdaohf.com\/fi\/wp-json\/wp\/v2\/product\/4057","targetHints":{"allow":["GET"]}}],"collection":[{"href":"https:\/\/qingdaohf.com\/fi\/wp-json\/wp\/v2\/product"}],"about":[{"href":"https:\/\/qingdaohf.com\/fi\/wp-json\/wp\/v2\/types\/product"}],"replies":[{"embeddable":true,"href":"https:\/\/qingdaohf.com\/fi\/wp-json\/wp\/v2\/comments?post=4057"}],"version-history":[{"count":1,"href":"https:\/\/qingdaohf.com\/fi\/wp-json\/wp\/v2\/product\/4057\/revisions"}],"predecessor-version":[{"id":5912,"href":"https:\/\/qingdaohf.com\/fi\/wp-json\/wp\/v2\/product\/4057\/revisions\/5912"}],"wp:featuredmedia":[{"embeddable":true,"href":"https:\/\/qingdaohf.com\/fi\/wp-json\/wp\/v2\/media\/4058"}],"wp:attachment":[{"href":"https:\/\/qingdaohf.com\/fi\/wp-json\/wp\/v2\/media?parent=4057"}],"wp:term":[{"taxonomy":"product_brand","embeddable":true,"href":"https:\/\/qingdaohf.com\/fi\/wp-json\/wp\/v2\/product_brand?post=4057"},{"taxonomy":"product_cat","embeddable":true,"href":"https:\/\/qingdaohf.com\/fi\/wp-json\/wp\/v2\/product_cat?post=4057"},{"taxonomy":"product_tag","embeddable":true,"href":"https:\/\/qingdaohf.com\/fi\/wp-json\/wp\/v2\/product_tag?post=4057"}],"curies":[{"name":"wp","href":"https:\/\/api.w.org\/{rel}","templated":true}]}}