{"id":4110,"date":"2023-05-26T16:27:13","date_gmt":"2023-05-26T08:27:13","guid":{"rendered":"http:\/\/qingdaohf.com\/?post_type=product&#038;p=4110"},"modified":"2025-11-13T09:04:24","modified_gmt":"2025-11-13T01:04:24","slug":"eye-sling-hook","status":"publish","type":"product","link":"https:\/\/qingdaohf.com\/fi\/tuote\/silmakoukku\/","title":{"rendered":"320 Silmukkakoukku"},"content":{"rendered":"<div class=\"font-claude-message  pr-4  md:pr-9  relative  leading-[1.65rem]  [&amp;_pre&gt;div]:bg-bg-300  [&amp;_.ignore-pre-bg&gt;div]:bg-transparent  [&amp;_pre]:-mr-4  md:[&amp;_pre]:-mr-9\">\n<div>\n<div class=\"grid-cols-1 grid gap-2.5 [&amp;_&gt;_*]:min-w-0\">\n<h2 class=\"font-600 text-2xl font-bold\">320-koukun monipuolisuus ja vahvuus: Kattava yleiskatsaus<\/h2>\n<p class=\"whitespace-pre-wrap break-words\">Kun sinun on nostettava tai kiinnitett\u00e4v\u00e4 raskaita kuormia, koukun valinnalla on suuri merkitys. 320-koukku on ansainnut maineensa rakennus-, meri- ja kuljetusalalla hyv\u00e4st\u00e4 syyst\u00e4. T\u00e4m\u00e4 koukku ei ole pelkk\u00e4 tavallinen laitteisto - se tarjoaa luotettavuutta, jota tarvitset, kun turvallisuus ja suorituskyky ovat ehdottomia.<\/p>\n<p class=\"whitespace-pre-wrap break-words\">Me Qingdao H&amp;F:ss\u00e4 olemme olleet yli kaksi vuosikymment\u00e4 kaupan alalla, ja tunnemme laadun, kun n\u00e4emme sen. Meid\u00e4n 320 koukkumme t\u00e4ytt\u00e4v\u00e4t alan tiukimmat standardit, ja varmistamme sen perusteellisilla tarkastusraporteilla. Lis\u00e4ksi olemme ylpeit\u00e4 nopeasta toimituksesta ja henkil\u00f6kohtaisesta asiakastuesta, joka tekee koko prosessista sujuvamman.<\/p>\n<p><img fetchpriority=\"high\" decoding=\"async\" class=\"alignnone size-full wp-image-4115\" src=\"http:\/\/qingdaohf.com\/wp-content\/uploads\/2023\/05\/123123.jpg\" alt=\"Silm\u00e4 Sling koukku\" width=\"1000\" height=\"1178\" srcset=\"https:\/\/qingdaohf.com\/wp-content\/uploads\/2023\/05\/123123.jpg 1000w, https:\/\/qingdaohf.com\/wp-content\/uploads\/2023\/05\/123123-255x300.jpg 255w, https:\/\/qingdaohf.com\/wp-content\/uploads\/2023\/05\/123123-869x1024.jpg 869w, https:\/\/qingdaohf.com\/wp-content\/uploads\/2023\/05\/123123-768x905.jpg 768w\" sizes=\"(max-width: 1000px) 100vw, 1000px\" \/><\/p>\n<p><img decoding=\"async\" class=\"alignnone size-full wp-image-4116\" src=\"http:\/\/qingdaohf.com\/wp-content\/uploads\/2023\/05\/1231243.jpg\" alt=\"Silm\u00e4 Sling koukku\" width=\"1000\" height=\"989\" srcset=\"https:\/\/qingdaohf.com\/wp-content\/uploads\/2023\/05\/1231243.jpg 1000w, https:\/\/qingdaohf.com\/wp-content\/uploads\/2023\/05\/1231243-300x297.jpg 300w, https:\/\/qingdaohf.com\/wp-content\/uploads\/2023\/05\/1231243-768x760.jpg 768w, https:\/\/qingdaohf.com\/wp-content\/uploads\/2023\/05\/1231243-100x100.jpg 100w\" sizes=\"(max-width: 1000px) 100vw, 1000px\" \/><\/p>\n<p><img decoding=\"async\" class=\"alignnone size-full wp-image-4118\" src=\"http:\/\/qingdaohf.com\/wp-content\/uploads\/2023\/05\/eye-hook.jpg\" alt=\"silmukoukku\" width=\"1000\" height=\"1111\" srcset=\"https:\/\/qingdaohf.com\/wp-content\/uploads\/2023\/05\/eye-hook.jpg 1000w, https:\/\/qingdaohf.com\/wp-content\/uploads\/2023\/05\/eye-hook-270x300.jpg 270w, https:\/\/qingdaohf.com\/wp-content\/uploads\/2023\/05\/eye-hook-922x1024.jpg 922w, https:\/\/qingdaohf.com\/wp-content\/uploads\/2023\/05\/eye-hook-768x853.jpg 768w\" sizes=\"(max-width: 1000px) 100vw, 1000px\" \/><\/p>\n<h2 class=\"font-600 text-2xl font-bold\">320-koukun t\u00e4rkeimm\u00e4t edut ostajille<\/h2>\n<p class=\"whitespace-pre-wrap break-words\">Nostolaitteiden ostaminen voi olla ylivoimaista. Sinun on ajateltava kuormitusluokituksia, materiaalin laatua ja k\u00e4yt\u00e4nn\u00f6n k\u00e4ytett\u00e4vyytt\u00e4. Hyvi\u00e4 uutisia? 320-koukku tarkistaa kaikki n\u00e4m\u00e4 laatikot ja viel\u00e4 enemm\u00e4n.<\/p>\n<p class=\"whitespace-pre-wrap break-words\">Koukun raskas rakenne on todella loistava vaikeissa olosuhteissa. Sen erinomainen vetolujuus tarkoittaa, ett\u00e4 voit luottaa siihen vakavia kuormia ilman, ett\u00e4 menet\u00e4t y\u00f6unesi turvallisuuskysymysten takia. Avara suuaukko s\u00e4\u00e4st\u00e4\u00e4 aikaa, sill\u00e4 se on helppo liitt\u00e4\u00e4 erilaisiin kiinnityskomponentteihin. T\u00e4m\u00e4 koukku ei pet\u00e4 sinua, nostatpa sitten materiaaleja rakennusty\u00f6maalla tai varmistat lastia kannella.<\/p>\n<p class=\"whitespace-pre-wrap break-words\">Otamme testauksen vakavasti Qingdao H&amp;F:ss\u00e4. Jokainen yksitt\u00e4inen koukku k\u00e4y l\u00e4pi kattavat laatutarkastukset, ja n\u00e4yt\u00e4mme sinulle yksityiskohtaiset tarkastustulokset todisteena siit\u00e4. Mik\u00e4\u00e4n ei ole pahempaa kuin laitteiden pett\u00e4minen silloin, kun niit\u00e4 tarvitaan eniten, joten varmistamme, ett\u00e4 koukkumme toimivat luotettavasti vaativimmissakin tilanteissa.<\/p>\n<h2 class=\"font-600 text-2xl font-bold\">Ymm\u00e4rt\u00e4minen 320 koukku: Koukku: Suunnittelu, ominaisuudet ja materiaaliin liittyv\u00e4t n\u00e4k\u00f6kohdat<\/h2>\n<p class=\"whitespace-pre-wrap break-words\">320-koukun suorituskyvyn salaisuus piilee sen harkitussa suunnittelussa. Taomme n\u00e4m\u00e4 koukut ensiluokkaisesta seoster\u00e4ksest\u00e4 ja luomme ty\u00f6kalun, joka on sek\u00e4 kest\u00e4v\u00e4 ett\u00e4 pitk\u00e4ik\u00e4inen. T\u00e4m\u00e4 materiaalivalinta tarkoittaa, ett\u00e4 koukku kest\u00e4\u00e4 hyvin ankarissa olosuhteissa, joten se sopii erinomaisesti meriymp\u00e4rist\u00f6\u00f6n, teollisuuteen tai rakennusty\u00f6maille.<\/p>\n<p class=\"whitespace-pre-wrap break-words\">K\u00e4yt\u00e4nn\u00f6n hy\u00f6dyt ovat selv\u00e4t heti, kun k\u00e4yt\u00e4t sellaista. Leve\u00e4 aukko ei ole vain k\u00e4tev\u00e4, vaan se on my\u00f6s turvallisuusominaisuus, joka helpottaa ketjujen, hihnojen tai vaijereiden kiinnitt\u00e4mist\u00e4 huomattavasti. Koukun muoto est\u00e4\u00e4 aktiivisesti kuorman liukumisen, ja sen sile\u00e4 pinta suojaa muita v\u00e4lineit\u00e4si vaurioilta.<\/p>\n<p class=\"whitespace-pre-wrap break-words\">N\u00e4m\u00e4 koukut k\u00e4sittelev\u00e4t sek\u00e4 staattisia ett\u00e4 dynaamisia kuormia kuin mestarit. Niit\u00e4 on erikokoisia ja -kokoisia, joten voit valita juuri sen, mit\u00e4 projektisi tarvitsee. Jokaisessa koukussa n\u00e4kyy selv\u00e4sti sen painoluokitus, joten kuormituksen suunnittelusta ei tarvitse tehd\u00e4 arvailuja. Korroosionkest\u00e4v\u00e4 pinnoite on erityisen arvokas meri- tai offshore-ty\u00f6ss\u00e4, sill\u00e4 se torjuu ruostetta ja pident\u00e4\u00e4 koukun k\u00e4ytt\u00f6ik\u00e4\u00e4 huomattavasti.<\/p>\n<h2 class=\"font-600 text-2xl font-bold\">Miksi valita Qingdao H&amp;F 320 koukun tarpeisiin?<\/h2>\n<p class=\"whitespace-pre-wrap break-words\">Luotettavan toimittajan l\u00f6yt\u00e4minen on ratkaisevan t\u00e4rke\u00e4\u00e4. Qingdao H&amp;F:ll\u00e4 yli 20 vuoden kokemus maailmanlaajuisilla markkinoilla on opettanut meille, mit\u00e4 asiakkaamme tarvitsevat. Emme vain myy koukkuja - tarjoamme mielenrauhaa.<\/p>\n<p class=\"whitespace-pre-wrap break-words\">Tied\u00e4mme, ett\u00e4 toimitusten odottaminen voi romuttaa aikataulusi, joten asetamme etusijalle nopean toimituksen. Logistiikkatiimimme ty\u00f6skentelee ahkerasti l\u00f6yt\u00e4\u00e4kseen nopeinta luotettavaa toimitustapaa, jotta projektisi pysyv\u00e4t aikataulussa. Jokaisen koukun mukana toimitetaan kattavat laatutarkastusasiakirjat, joten tied\u00e4t tarkalleen, mit\u00e4 olet saamassa.<\/p>\n<p class=\"whitespace-pre-wrap break-words\">L\u00e4hestymistapamme asiakaspalveluun on virkist\u00e4v\u00e4n henkil\u00f6kohtainen. Tarvitsetko teknist\u00e4 neuvontaa? Onko sinulla kysytt\u00e4v\u00e4\u00e4 teknisist\u00e4 tiedoista? Olemme t\u00e4\u00e4ll\u00e4 auttamassa - ei automatisoituja vastauksia tai yleisi\u00e4 ratkaisuja. Uskomme siihen, ett\u00e4 aidon tuen ja asiantuntemuksen avulla voimme rakentaa kest\u00e4vi\u00e4 suhteita asiakkaisiimme.<\/p>\n<h2 class=\"font-600 text-2xl font-bold\">Johtop\u00e4\u00e4t\u00f6kset: 320-koukku - pakollinen laite kiinnitys- ja nostotarpeisiisi.<\/h2>\n<p class=\"whitespace-pre-wrap break-words\">Loppujen lopuksi 320-koukku ei ole pelkk\u00e4 lis\u00e4laite - se on investointi turvallisuuteen ja tehokkuuteen. Sen vankka rakenne ja monipuolisuus tekev\u00e4t siit\u00e4 korvaamattoman kaikilla teollisuudenaloilla. Me Qingdao H&amp;F:ll\u00e4 olemme ylpeit\u00e4 voidessamme tarjota 320-koukkuja, jotka ylitt\u00e4v\u00e4t laatustandardit ja joiden tukena on sitoutumisemme reagoivaan palveluun ja luotettavaan toimitukseen. Jos valitset koukkumme, valitset kumppanin, joka on omistautunut menestyksellesi.<\/p>\n<\/div>\n<\/div>\n<\/div>\n<div class=\"absolute -bottom-0 -right-1.5\">\n<div class=\"border-0.5 border-border-300 flex items-center translate-y-1\/2 rounded-lg shadow-sm transition bg-bg-000 p-1\">\n<div class=\"text-text-400 flex items-stretch justify-between gap-0.5\">\n<div class=\"flex gap-0.5\"><\/div>\n<\/div>\n<\/div>\n<\/div>\n<p>&nbsp;<\/p>\n<p>&nbsp;<\/p>","protected":false},"excerpt":{"rendered":"<p>320-koukku on monipuolinen ja luotettava kaikilla aloilla, olipa kyse sitten turvallisesta ja tehokkaasta nostosta tai ankkuroinnista ja takiloinnista. Qingdao H&amp;F oli uskottu kauppayhti\u00f6, joka k\u00e4sitteli 320-koukkujen valikoimaa, joka takaa laadun, ajan ja ammattitaitoisen palvelun. He voisivat my\u00f6s toimittaa ostajille yksityiskohtaisen tarkastusraportin jokaisesta tuotteesta varmistaakseen, ett\u00e4 parhaat standardit t\u00e4yttyv\u00e4t. Olipa kyse sitten raskaista tai kevyemmist\u00e4 sovelluksista, 320-koukkumme on rakennettu tarjoamaan \u00e4\u00e4rimm\u00e4ist\u00e4 luotettavuutta kest\u00e4vyydess\u00e4 ja suorituskyvyss\u00e4 seuraavaa projektiasi varten.<\/p>","protected":false},"featured_media":4111,"comment_status":"open","ping_status":"closed","template":"","meta":{"site-sidebar-layout":"default","site-content-layout":"default","ast-site-content-layout":"default","site-content-style":"default","site-sidebar-style":"default","ast-global-header-display":"","ast-banner-title-visibility":"","ast-main-header-display":"","ast-hfb-above-header-display":"","ast-hfb-below-header-display":"","ast-hfb-mobile-header-display":"","site-post-title":"","ast-breadcrumbs-content":"","ast-featured-img":"","footer-sml-layout":"","theme-transparent-header-meta":"default","adv-header-id-meta":"","stick-header-meta":"default","header-above-stick-meta":"","header-main-stick-meta":"","header-below-stick-meta":"","astra-migrate-meta-layouts":"set","ast-page-background-enabled":"default","ast-page-background-meta":{"desktop":{"background-color":"","background-image":"","background-repeat":"repeat","background-position":"center center","background-size":"auto","background-attachment":"scroll","background-type":"","background-media":"","overlay-type":"","overlay-color":"","overlay-opacity":"","overlay-gradient":""},"tablet":{"background-color":"","background-image":"","background-repeat":"repeat","background-position":"center center","background-size":"auto","background-attachment":"scroll","background-type":"","background-media":"","overlay-type":"","overlay-color":"","overlay-opacity":"","overlay-gradient":""},"mobile":{"background-color":"","background-image":"","background-repeat":"repeat","background-position":"center center","background-size":"auto","background-attachment":"scroll","background-type":"","background-media":"","overlay-type":"","overlay-color":"","overlay-opacity":"","overlay-gradient":""}},"ast-content-background-meta":{"desktop":{"background-color":"var(--ast-global-color-5)","background-image":"","background-repeat":"repeat","background-position":"center center","background-size":"auto","background-attachment":"scroll","background-type":"","background-media":"","overlay-type":"","overlay-color":"","overlay-opacity":"","overlay-gradient":""},"tablet":{"background-color":"var(--ast-global-color-5)","background-image":"","background-repeat":"repeat","background-position":"center center","background-size":"auto","background-attachment":"scroll","background-type":"","background-media":"","overlay-type":"","overlay-color":"","overlay-opacity":"","overlay-gradient":""},"mobile":{"background-color":"var(--ast-global-color-5)","background-image":"","background-repeat":"repeat","background-position":"center center","background-size":"auto","background-attachment":"scroll","background-type":"","background-media":"","overlay-type":"","overlay-color":"","overlay-opacity":"","overlay-gradient":""}}},"product_brand":[],"product_cat":[57,43],"product_tag":[],"class_list":{"0":"post-4110","1":"product","2":"type-product","3":"status-publish","4":"has-post-thumbnail","6":"product_cat-sling-hook","7":"product_cat-rigging-hardware","8":"desktop-align-left","9":"tablet-align-left","10":"mobile-align-left","11":"ast-product-gallery-layout-horizontal-slider","12":"ast-product-tabs-layout-horizontal","14":"first","15":"instock","16":"shipping-taxable","17":"purchasable","18":"product-type-simple"},"yoast_head":"<!-- This site is optimized with the Yoast SEO plugin v25.2 - https:\/\/yoast.com\/wordpress\/plugins\/seo\/ -->\n<title>320 Eye Sling Hook<\/title>\n<meta name=\"description\" content=\"The Eye Sling Hook is a type of lifting hook commonly used in rigging and lifting operations.\" \/>\n<meta name=\"robots\" content=\"index, follow, max-snippet:-1, max-image-preview:large, max-video-preview:-1\" \/>\n<link rel=\"canonical\" href=\"https:\/\/qingdaohf.com\/fi\/tuote\/silmakoukku\/\" \/>\n<meta property=\"og:locale\" content=\"fi_FI\" \/>\n<meta property=\"og:type\" content=\"article\" \/>\n<meta property=\"og:title\" content=\"320 Eye Sling Hook\" \/>\n<meta property=\"og:description\" content=\"The Eye Sling Hook is a type of lifting hook commonly used in rigging and lifting operations.\" \/>\n<meta property=\"og:url\" content=\"https:\/\/qingdaohf.com\/fi\/tuote\/silmakoukku\/\" \/>\n<meta property=\"og:site_name\" content=\"Concrete Form &amp; Rigging Hardware Supplier\" \/>\n<meta property=\"article:publisher\" content=\"https:\/\/www.facebook.com\/qingdaohf\" \/>\n<meta property=\"article:modified_time\" content=\"2025-11-13T01:04:24+00:00\" \/>\n<meta property=\"og:image\" content=\"https:\/\/qingdaohf.com\/wp-content\/uploads\/2023\/05\/Eye-Sling-Hook-2.jpg\" \/>\n\t<meta property=\"og:image:width\" content=\"1000\" \/>\n\t<meta property=\"og:image:height\" content=\"1000\" \/>\n\t<meta property=\"og:image:type\" content=\"image\/jpeg\" \/>\n<meta name=\"twitter:card\" content=\"summary_large_image\" \/>\n<meta name=\"twitter:label1\" content=\"Arvioitu lukuaika\" \/>\n\t<meta name=\"twitter:data1\" content=\"4 minuuttia\" \/>\n<script type=\"application\/ld+json\" class=\"yoast-schema-graph\">{\"@context\":\"https:\/\/schema.org\",\"@graph\":[{\"@type\":\"WebPage\",\"@id\":\"https:\/\/qingdaohf.com\/product\/eye-sling-hook\/\",\"url\":\"https:\/\/qingdaohf.com\/product\/eye-sling-hook\/\",\"name\":\"320 Eye Sling Hook\",\"isPartOf\":{\"@id\":\"https:\/\/qingdaohf.com\/bg\/#website\"},\"primaryImageOfPage\":{\"@id\":\"https:\/\/qingdaohf.com\/product\/eye-sling-hook\/#primaryimage\"},\"image\":{\"@id\":\"https:\/\/qingdaohf.com\/product\/eye-sling-hook\/#primaryimage\"},\"thumbnailUrl\":\"https:\/\/qingdaohf.com\/wp-content\/uploads\/2023\/05\/Eye-Sling-Hook-2.jpg\",\"datePublished\":\"2023-05-26T08:27:13+00:00\",\"dateModified\":\"2025-11-13T01:04:24+00:00\",\"description\":\"The Eye Sling Hook is a type of lifting hook commonly used in rigging and lifting operations.\",\"breadcrumb\":{\"@id\":\"https:\/\/qingdaohf.com\/product\/eye-sling-hook\/#breadcrumb\"},\"inLanguage\":\"fi\",\"potentialAction\":[{\"@type\":\"ReadAction\",\"target\":[\"https:\/\/qingdaohf.com\/product\/eye-sling-hook\/\"]}]},{\"@type\":\"ImageObject\",\"inLanguage\":\"fi\",\"@id\":\"https:\/\/qingdaohf.com\/product\/eye-sling-hook\/#primaryimage\",\"url\":\"https:\/\/qingdaohf.com\/wp-content\/uploads\/2023\/05\/Eye-Sling-Hook-2.jpg\",\"contentUrl\":\"https:\/\/qingdaohf.com\/wp-content\/uploads\/2023\/05\/Eye-Sling-Hook-2.jpg\",\"width\":1000,\"height\":1000,\"caption\":\"Eye Sling Hook\"},{\"@type\":\"BreadcrumbList\",\"@id\":\"https:\/\/qingdaohf.com\/product\/eye-sling-hook\/#breadcrumb\",\"itemListElement\":[{\"@type\":\"ListItem\",\"position\":1,\"name\":\"Home\",\"item\":\"https:\/\/qingdaohf.com\/\"},{\"@type\":\"ListItem\",\"position\":2,\"name\":\"Concrete Forming Accessories and Rigging Hardware\",\"item\":\"https:\/\/qingdaohf.com\/bg\/?page_id=944\"},{\"@type\":\"ListItem\",\"position\":3,\"name\":\"320 Eye Sling Hook\"}]},{\"@type\":\"WebSite\",\"@id\":\"https:\/\/qingdaohf.com\/bg\/#website\",\"url\":\"https:\/\/qingdaohf.com\/bg\/\",\"name\":\"Concrete Form & Rigging Hardware Supplier\",\"description\":\"\",\"publisher\":{\"@id\":\"https:\/\/qingdaohf.com\/bg\/#organization\"},\"potentialAction\":[{\"@type\":\"SearchAction\",\"target\":{\"@type\":\"EntryPoint\",\"urlTemplate\":\"https:\/\/qingdaohf.com\/bg\/?s={search_term_string}\"},\"query-input\":{\"@type\":\"PropertyValueSpecification\",\"valueRequired\":true,\"valueName\":\"search_term_string\"}}],\"inLanguage\":\"fi\"},{\"@type\":\"Organization\",\"@id\":\"https:\/\/qingdaohf.com\/bg\/#organization\",\"name\":\"Qingdao H&F\",\"url\":\"https:\/\/qingdaohf.com\/bg\/\",\"logo\":{\"@type\":\"ImageObject\",\"inLanguage\":\"fi\",\"@id\":\"https:\/\/qingdaohf.com\/bg\/#\/schema\/logo\/image\/\",\"url\":\"https:\/\/qingdaohf.com\/wp-content\/uploads\/2022\/12\/cropped-HF-LOGO.png\",\"contentUrl\":\"https:\/\/qingdaohf.com\/wp-content\/uploads\/2022\/12\/cropped-HF-LOGO.png\",\"width\":391,\"height\":249,\"caption\":\"Qingdao H&F\"},\"image\":{\"@id\":\"https:\/\/qingdaohf.com\/bg\/#\/schema\/logo\/image\/\"},\"sameAs\":[\"https:\/\/www.facebook.com\/qingdaohf\"]}]}<\/script>\n<!-- \/ Yoast SEO plugin. -->","yoast_head_json":{"title":"320 Eye Sling Hook","description":"The Eye Sling Hook is a type of lifting hook commonly used in rigging and lifting operations.","robots":{"index":"index","follow":"follow","max-snippet":"max-snippet:-1","max-image-preview":"max-image-preview:large","max-video-preview":"max-video-preview:-1"},"canonical":"https:\/\/qingdaohf.com\/fi\/tuote\/silmakoukku\/","og_locale":"fi_FI","og_type":"article","og_title":"320 Eye Sling Hook","og_description":"The Eye Sling Hook is a type of lifting hook commonly used in rigging and lifting operations.","og_url":"https:\/\/qingdaohf.com\/fi\/tuote\/silmakoukku\/","og_site_name":"Concrete Form &amp; Rigging Hardware Supplier","article_publisher":"https:\/\/www.facebook.com\/qingdaohf","article_modified_time":"2025-11-13T01:04:24+00:00","og_image":[{"width":1000,"height":1000,"url":"https:\/\/qingdaohf.com\/wp-content\/uploads\/2023\/05\/Eye-Sling-Hook-2.jpg","type":"image\/jpeg"}],"twitter_card":"summary_large_image","twitter_misc":{"Arvioitu lukuaika":"4 minuuttia"},"schema":{"@context":"https:\/\/schema.org","@graph":[{"@type":"WebPage","@id":"https:\/\/qingdaohf.com\/product\/eye-sling-hook\/","url":"https:\/\/qingdaohf.com\/product\/eye-sling-hook\/","name":"320 Eye Sling Hook","isPartOf":{"@id":"https:\/\/qingdaohf.com\/bg\/#website"},"primaryImageOfPage":{"@id":"https:\/\/qingdaohf.com\/product\/eye-sling-hook\/#primaryimage"},"image":{"@id":"https:\/\/qingdaohf.com\/product\/eye-sling-hook\/#primaryimage"},"thumbnailUrl":"https:\/\/qingdaohf.com\/wp-content\/uploads\/2023\/05\/Eye-Sling-Hook-2.jpg","datePublished":"2023-05-26T08:27:13+00:00","dateModified":"2025-11-13T01:04:24+00:00","description":"The Eye Sling Hook is a type of lifting hook commonly used in rigging and lifting operations.","breadcrumb":{"@id":"https:\/\/qingdaohf.com\/product\/eye-sling-hook\/#breadcrumb"},"inLanguage":"fi","potentialAction":[{"@type":"ReadAction","target":["https:\/\/qingdaohf.com\/product\/eye-sling-hook\/"]}]},{"@type":"ImageObject","inLanguage":"fi","@id":"https:\/\/qingdaohf.com\/product\/eye-sling-hook\/#primaryimage","url":"https:\/\/qingdaohf.com\/wp-content\/uploads\/2023\/05\/Eye-Sling-Hook-2.jpg","contentUrl":"https:\/\/qingdaohf.com\/wp-content\/uploads\/2023\/05\/Eye-Sling-Hook-2.jpg","width":1000,"height":1000,"caption":"Eye Sling Hook"},{"@type":"BreadcrumbList","@id":"https:\/\/qingdaohf.com\/product\/eye-sling-hook\/#breadcrumb","itemListElement":[{"@type":"ListItem","position":1,"name":"Home","item":"https:\/\/qingdaohf.com\/"},{"@type":"ListItem","position":2,"name":"Concrete Forming Accessories and Rigging Hardware","item":"https:\/\/qingdaohf.com\/bg\/?page_id=944"},{"@type":"ListItem","position":3,"name":"320 Eye Sling Hook"}]},{"@type":"WebSite","@id":"https:\/\/qingdaohf.com\/bg\/#website","url":"https:\/\/qingdaohf.com\/bg\/","name":"Concrete Form & Rigging Hardware Supplier","description":"","publisher":{"@id":"https:\/\/qingdaohf.com\/bg\/#organization"},"potentialAction":[{"@type":"SearchAction","target":{"@type":"EntryPoint","urlTemplate":"https:\/\/qingdaohf.com\/bg\/?s={search_term_string}"},"query-input":{"@type":"PropertyValueSpecification","valueRequired":true,"valueName":"search_term_string"}}],"inLanguage":"fi"},{"@type":"Organization","@id":"https:\/\/qingdaohf.com\/bg\/#organization","name":"Qingdao H&F","url":"https:\/\/qingdaohf.com\/bg\/","logo":{"@type":"ImageObject","inLanguage":"fi","@id":"https:\/\/qingdaohf.com\/bg\/#\/schema\/logo\/image\/","url":"https:\/\/qingdaohf.com\/wp-content\/uploads\/2022\/12\/cropped-HF-LOGO.png","contentUrl":"https:\/\/qingdaohf.com\/wp-content\/uploads\/2022\/12\/cropped-HF-LOGO.png","width":391,"height":249,"caption":"Qingdao H&F"},"image":{"@id":"https:\/\/qingdaohf.com\/bg\/#\/schema\/logo\/image\/"},"sameAs":["https:\/\/www.facebook.com\/qingdaohf"]}]}},"_links":{"self":[{"href":"https:\/\/qingdaohf.com\/fi\/wp-json\/wp\/v2\/product\/4110","targetHints":{"allow":["GET"]}}],"collection":[{"href":"https:\/\/qingdaohf.com\/fi\/wp-json\/wp\/v2\/product"}],"about":[{"href":"https:\/\/qingdaohf.com\/fi\/wp-json\/wp\/v2\/types\/product"}],"replies":[{"embeddable":true,"href":"https:\/\/qingdaohf.com\/fi\/wp-json\/wp\/v2\/comments?post=4110"}],"version-history":[{"count":3,"href":"https:\/\/qingdaohf.com\/fi\/wp-json\/wp\/v2\/product\/4110\/revisions"}],"predecessor-version":[{"id":4117,"href":"https:\/\/qingdaohf.com\/fi\/wp-json\/wp\/v2\/product\/4110\/revisions\/4117"}],"wp:featuredmedia":[{"embeddable":true,"href":"https:\/\/qingdaohf.com\/fi\/wp-json\/wp\/v2\/media\/4111"}],"wp:attachment":[{"href":"https:\/\/qingdaohf.com\/fi\/wp-json\/wp\/v2\/media?parent=4110"}],"wp:term":[{"taxonomy":"product_brand","embeddable":true,"href":"https:\/\/qingdaohf.com\/fi\/wp-json\/wp\/v2\/product_brand?post=4110"},{"taxonomy":"product_cat","embeddable":true,"href":"https:\/\/qingdaohf.com\/fi\/wp-json\/wp\/v2\/product_cat?post=4110"},{"taxonomy":"product_tag","embeddable":true,"href":"https:\/\/qingdaohf.com\/fi\/wp-json\/wp\/v2\/product_tag?post=4110"}],"curies":[{"name":"wp","href":"https:\/\/api.w.org\/{rel}","templated":true}]}}