{"id":5473,"date":"2023-10-23T14:14:46","date_gmt":"2023-10-23T06:14:46","guid":{"rendered":"http:\/\/qingdaohf.com\/?post_type=product&#038;p=5473"},"modified":"2025-11-13T09:04:02","modified_gmt":"2025-11-13T01:04:02","slug":"webbing-sling-oem","status":"publish","type":"product","link":"https:\/\/qingdaohf.com\/fi\/tuote\/hihnaremmi-oem\/","title":{"rendered":"Hihna Sling OEM"},"content":{"rendered":"<p><img fetchpriority=\"high\" decoding=\"async\" class=\"alignnone wp-image-5962 size-full\" src=\"http:\/\/qingdaohf.com\/wp-content\/uploads\/2023\/10\/HF-SLINGS-1-scaled.jpg\" alt=\"HF SLINGS \" width=\"1686\" height=\"1920\" srcset=\"https:\/\/qingdaohf.com\/wp-content\/uploads\/2023\/10\/HF-SLINGS-1-scaled.jpg 1686w, https:\/\/qingdaohf.com\/wp-content\/uploads\/2023\/10\/HF-SLINGS-1-264x300.jpg 264w, https:\/\/qingdaohf.com\/wp-content\/uploads\/2023\/10\/HF-SLINGS-1-899x1024.jpg 899w, https:\/\/qingdaohf.com\/wp-content\/uploads\/2023\/10\/HF-SLINGS-1-768x874.jpg 768w, https:\/\/qingdaohf.com\/wp-content\/uploads\/2023\/10\/HF-SLINGS-1-1349x1536.jpg 1349w, https:\/\/qingdaohf.com\/wp-content\/uploads\/2023\/10\/HF-SLINGS-1-1799x2048.jpg 1799w, https:\/\/qingdaohf.com\/wp-content\/uploads\/2023\/10\/HF-SLINGS-1-1000x1139.jpg 1000w\" sizes=\"(max-width: 1686px) 100vw, 1686px\" \/><\/p>\n<h3><strong>Laadunvarmistus:<\/strong><\/h3>\n<p>hihnaraksien korkein laatu on ensiarvoisen t\u00e4rke\u00e4\u00e4 turvallisuuden ja luotettavuuden kannalta eri sovelluksissa.<\/p>\n<p>Ratkaisu: Toteutetaan tiukat laadunvalvontaprosessit, mukaan lukien materiaalitarkastukset, tuotantotarkastukset ja kolmannen osapuolen sertifioinnit.<\/p>\n<h3><strong>Mukauttamisvaihtoehdot:<\/strong><\/h3>\n<p>Kysymys: R\u00e4\u00e4t\u00e4l\u00f6idyt ratkaisut ovat v\u00e4ltt\u00e4m\u00e4tt\u00f6mi\u00e4, jotta voidaan t\u00e4ytt\u00e4\u00e4 erityiset projektivaatimukset ja alan standardit.<\/p>\n<p>Ratkaisu: Tarjota laaja valikoima r\u00e4\u00e4t\u00e4l\u00f6intivaihtoehtoja, mukaan lukien koko, pituus, kantavuus ja v\u00e4rikoodaus, jotta voidaan vastata asiakkaiden erilaisiin tarpeisiin.<\/p>\n<h3><strong>Kustannuskilpailukyky:<\/strong><\/h3>\n<p>Kysymys: Kysymys: Oikean tasapainon l\u00f6yt\u00e4minen laadun ja kustannusten v\u00e4lill\u00e4 on ratkaisevan t\u00e4rke\u00e4\u00e4 kilpailukyvyn s\u00e4ilytt\u00e4miseksi markkinoilla.<\/p>\n<p>Ratkaisu: Valmistusprosessien optimointi, neuvottelut toimittajien kanssa ja mittakaavaetujen hy\u00f6dynt\u00e4minen kustannustehokkaiden hihnaremppuratkaisujen tarjoamiseksi.<\/p>\n<h3><strong>Oikea-aikainen toimitus:<\/strong><\/h3>\n<p>Kysymys: Toimituksen viiv\u00e4styminen voi h\u00e4irit\u00e4 toimintaa ja vaikuttaa asiakastyytyv\u00e4isyyteen.<\/p>\n<p>Ratkaisu: Tuotantoaikataulujen virtaviivaistaminen, runsaan varaston yll\u00e4pit\u00e4minen ja tehokkaan logistiikan luominen oikea-aikaisen toimituksen varmistamiseksi.<\/p>\n<h3><strong>Innovaatio ja teknologia:<\/strong><\/h3>\n<p>Kysymys: Teknologian kehityksen ja alan innovaatioiden eturintamassa pysyminen on t\u00e4rke\u00e4\u00e4, jotta voidaan tarjota huippuluokan ratkaisuja.<\/p>\n<p>Ratkaisu: Investoi tutkimukseen ja kehitykseen, tee yhteisty\u00f6t\u00e4 alan asiantuntijoiden kanssa ja p\u00e4ivit\u00e4 valmistusprosesseja jatkuvasti uusimman teknologian hy\u00f6dynt\u00e4miseksi.<\/p>\n<h3><strong>Ymp\u00e4rist\u00f6n kest\u00e4vyys:<\/strong><\/h3>\n<p>Kysymys: Kest\u00e4vien k\u00e4yt\u00e4nt\u00f6jen korostaminen edellytt\u00e4\u00e4 sitoutumista ymp\u00e4rist\u00f6yst\u00e4v\u00e4llisiin valmistusprosesseihin ja materiaaleihin.<\/p>\n<p>Ratkaisu: Otetaan k\u00e4ytt\u00f6\u00f6n ymp\u00e4rist\u00f6vastuulliset hankinta-, valmistus- ja h\u00e4vitt\u00e4misk\u00e4yt\u00e4nn\u00f6t ja hankitaan asiaankuuluvat sertifikaatit osoittamaan sitoutuminen kest\u00e4v\u00e4\u00e4n kehitykseen.<\/p>\n<p>&nbsp;<\/p>\n<h2><strong>Miten yrityksemme vastaa Webbing Sling OEM-tarpeisiin:<\/strong><\/h2>\n<p>Yrityksemme tukee OEM- ja ODM-palveluja. Vastaa kaikkiin tarpeisiisi.<\/p>\n<h3><strong>Tiukka laadunvalvonta:<\/strong><\/h3>\n<p>Yrityksemme noudattaa tiukkoja laadunvalvontaprosesseja, suorittaa perusteellisia materiaalitarkastuksia, prosessin sis\u00e4isi\u00e4 tarkastuksia ja hankkii sertifiointeja tunnustetuilta kolmansien osapuolten organisaatioilta.<\/p>\n<h3><strong>Monipuolinen mukauttaminen:<\/strong><\/h3>\n<p>Tarjoamme monipuolisia r\u00e4\u00e4t\u00e4l\u00f6intivaihtoehtoja, joiden avulla asiakkaat voivat m\u00e4\u00e4ritt\u00e4\u00e4 mitat, kuormituskapasiteetit ja muut parametrit, mik\u00e4 varmistaa, ett\u00e4 hihnaremmit vastaavat t\u00e4ydellisesti heid\u00e4n ainutlaatuisia vaatimuksiaan.<\/p>\n<h3><strong>Kustannustehokkaat ratkaisut:<\/strong><\/h3>\n<p>Strategisten toimittajaneuvottelujen, prosessien optimoinnin ja mittakaavaetujen hy\u00f6dynt\u00e4misen avulla tarjoamme jatkuvasti kustannuskilpailukykyisi\u00e4 hihnarihmastojen OEM-ratkaisuja laadusta tinkim\u00e4tt\u00e4.<\/p>\n<h3><strong>Oikea-aikainen ja luotettava toimitus:<\/strong><\/h3>\n<p>Sujuvat tuotantoaikataulut, laaja varastonhallinta ja tehokas logistiikka varmistavat, ett\u00e4 asiakkaamme saavat hihnatilauksensa ajallaan, mik\u00e4 edist\u00e4\u00e4 heid\u00e4n projektiensa onnistumista.<\/p>\n<h3><strong>Sitoutuminen innovointiin:<\/strong><\/h3>\n<p>Yrityksemme asettaa innovaatiot etusijalle investoimalla tutkimukseen ja kehitykseen, tekem\u00e4ll\u00e4 yhteisty\u00f6t\u00e4 alan asiantuntijoiden kanssa ja p\u00e4ivitt\u00e4m\u00e4ll\u00e4 s\u00e4\u00e4nn\u00f6llisesti valmistusprosesseja uusimpien teknologisten edistysaskeleiden mukaan ottamiseksi.<\/p>\n<h3><strong>Ymp\u00e4rist\u00f6vastuu:<\/strong><\/h3>\n<p>Olemme sitoutuneet ymp\u00e4rist\u00f6n kest\u00e4vyyteen ottamalla k\u00e4ytt\u00f6\u00f6n ymp\u00e4rist\u00f6yst\u00e4v\u00e4llisi\u00e4 hankintak\u00e4yt\u00e4nt\u00f6j\u00e4, toteuttamalla ymp\u00e4rist\u00f6yst\u00e4v\u00e4llisi\u00e4 valmistusprosesseja ja hankkimalla asianmukaiset sertifikaatit osoittaaksemme sitoutumisemme vihre\u00e4mp\u00e4\u00e4n tulevaisuuteen.<\/p>\n<h3><strong>Oikea-aikainen toimitus:<\/strong><\/h3>\n<p>Verkkosivustolla korostetaan sitoutumistamme oikea-aikaiseen toimitukseen tehokkaan tuotantosuunnittelun, varastonhallinnan ja luotettavan logistiikkaverkoston avulla, ja esitell\u00e4\u00e4n aiempia esimerkkej\u00e4 siit\u00e4, miten olemme onnistuneet noudattamaan tiukkoja projektiaikatauluja.<\/p>\n<h3><strong>Innovaatio ja teknologia:<\/strong><\/h3>\n<p>Verkkosivustolla esitell\u00e4\u00e4n sitoutumistamme innovointiin ja kerrotaan yksityiskohtaisesti investoinneistamme tutkimukseen ja kehitykseen, yhteisty\u00f6st\u00e4mme alan asiantuntijoiden kanssa sek\u00e4 valmistusprosessiemme s\u00e4\u00e4nn\u00f6llisist\u00e4 p\u00e4ivityksist\u00e4 uusimman teknologian sis\u00e4llytt\u00e4miseksi niihin.<\/p>\n<h3><strong>Ymp\u00e4rist\u00f6n kest\u00e4vyys:<\/strong><\/h3>\n<p>Sitoutumistamme ymp\u00e4rist\u00f6vastuullisuuteen korostetaan verkkosivustolla, jossa kerrotaan yksityiskohtaisesti ymp\u00e4rist\u00f6yst\u00e4v\u00e4llisist\u00e4 hankintak\u00e4yt\u00e4nn\u00f6ist\u00e4mme, ymp\u00e4rist\u00f6yst\u00e4v\u00e4llisist\u00e4 valmistusprosesseista ja sertifikaateista, jotka on saatu osoittamaan sitoutumisemme kest\u00e4v\u00e4\u00e4n kehitykseen.<\/p>\n<p>K\u00e4sittelem\u00e4ll\u00e4 n\u00e4it\u00e4 kriittisi\u00e4 kysymyksi\u00e4 ja esittelem\u00e4ll\u00e4 ratkaisumme avoimesti verkkosivustolla, yrityksemme osoittaa tehokkaasti kykyns\u00e4 vastata hihnarihmien OEM-ostajien tarpeisiin.<\/p>","protected":false},"excerpt":{"rendered":"<p>OEM-palveluidemme avulla voit m\u00e4\u00e4ritell\u00e4 tarkkaan kantavuuden, pituuden, leveyden, materiaalin, v\u00e4rikoodauksen ja kaikki muut olennaiset parametrit. Teemme tiivist\u00e4 yhteisty\u00f6t\u00e4 kanssasi varmistaaksemme, ett\u00e4 toimittamamme hihnaremmit sopivat t\u00e4ydellisesti k\u00e4ytt\u00f6tarkoitukseesi. Tarvitsitpa sitten raskaan teollisuuden hihnaa tai erikoisratkaisua, voimme r\u00e4\u00e4t\u00e4l\u00f6id\u00e4 tuotteemme sen mukaisesti.<\/p>","protected":false},"featured_media":5232,"comment_status":"open","ping_status":"closed","template":"","meta":{"site-sidebar-layout":"default","site-content-layout":"","ast-site-content-layout":"default","site-content-style":"default","site-sidebar-style":"default","ast-global-header-display":"","ast-banner-title-visibility":"","ast-main-header-display":"","ast-hfb-above-header-display":"","ast-hfb-below-header-display":"","ast-hfb-mobile-header-display":"","site-post-title":"","ast-breadcrumbs-content":"","ast-featured-img":"","footer-sml-layout":"","theme-transparent-header-meta":"default","adv-header-id-meta":"","stick-header-meta":"default","header-above-stick-meta":"","header-main-stick-meta":"","header-below-stick-meta":"","astra-migrate-meta-layouts":"set","ast-page-background-enabled":"default","ast-page-background-meta":{"desktop":{"background-color":"","background-image":"","background-repeat":"repeat","background-position":"center center","background-size":"auto","background-attachment":"scroll","background-type":"","background-media":"","overlay-type":"","overlay-color":"","overlay-opacity":"","overlay-gradient":""},"tablet":{"background-color":"","background-image":"","background-repeat":"repeat","background-position":"center center","background-size":"auto","background-attachment":"scroll","background-type":"","background-media":"","overlay-type":"","overlay-color":"","overlay-opacity":"","overlay-gradient":""},"mobile":{"background-color":"","background-image":"","background-repeat":"repeat","background-position":"center center","background-size":"auto","background-attachment":"scroll","background-type":"","background-media":"","overlay-type":"","overlay-color":"","overlay-opacity":"","overlay-gradient":""}},"ast-content-background-meta":{"desktop":{"background-color":"var(--ast-global-color-5)","background-image":"","background-repeat":"repeat","background-position":"center center","background-size":"auto","background-attachment":"scroll","background-type":"","background-media":"","overlay-type":"","overlay-color":"","overlay-opacity":"","overlay-gradient":""},"tablet":{"background-color":"var(--ast-global-color-5)","background-image":"","background-repeat":"repeat","background-position":"center center","background-size":"auto","background-attachment":"scroll","background-type":"","background-media":"","overlay-type":"","overlay-color":"","overlay-opacity":"","overlay-gradient":""},"mobile":{"background-color":"var(--ast-global-color-5)","background-image":"","background-repeat":"repeat","background-position":"center center","background-size":"auto","background-attachment":"scroll","background-type":"","background-media":"","overlay-type":"","overlay-color":"","overlay-opacity":"","overlay-gradient":""}}},"product_brand":[],"product_cat":[51,39],"product_tag":[],"class_list":{"0":"post-5473","1":"product","2":"type-product","3":"status-publish","4":"has-post-thumbnail","6":"product_cat-riggging-hardware","7":"product_cat-webbing-sling","8":"desktop-align-left","9":"tablet-align-left","10":"mobile-align-left","11":"ast-product-gallery-layout-horizontal-slider","12":"ast-product-tabs-layout-horizontal","14":"first","15":"instock","16":"shipping-taxable","17":"purchasable","18":"product-type-simple"},"yoast_head":"<!-- This site is optimized with the Yoast SEO plugin v25.2 - https:\/\/yoast.com\/wordpress\/plugins\/seo\/ -->\n<title>Webbing Sling OEM<\/title>\n<meta name=\"description\" content=\"Our OEM services allow you to define the precise load capacity, length, width, material, color coding, and any other essential parameters.\" \/>\n<meta name=\"robots\" content=\"index, follow, max-snippet:-1, max-image-preview:large, max-video-preview:-1\" \/>\n<link rel=\"canonical\" href=\"https:\/\/qingdaohf.com\/fi\/tuote\/hihnaremmi-oem\/\" \/>\n<meta property=\"og:locale\" content=\"fi_FI\" \/>\n<meta property=\"og:type\" content=\"article\" \/>\n<meta property=\"og:title\" content=\"Webbing Sling OEM\" \/>\n<meta property=\"og:description\" content=\"Our OEM services allow you to define the precise load capacity, length, width, material, color coding, and any other essential parameters.\" \/>\n<meta property=\"og:url\" content=\"https:\/\/qingdaohf.com\/fi\/tuote\/hihnaremmi-oem\/\" \/>\n<meta property=\"og:site_name\" content=\"Concrete Form &amp; Rigging Hardware Supplier\" \/>\n<meta property=\"article:publisher\" content=\"https:\/\/www.facebook.com\/qingdaohf\" \/>\n<meta property=\"article:modified_time\" content=\"2025-11-13T01:04:02+00:00\" \/>\n<meta property=\"og:image\" content=\"https:\/\/qingdaohf.com\/wp-content\/uploads\/2023\/10\/sling.jpg\" \/>\n\t<meta property=\"og:image:width\" content=\"1019\" \/>\n\t<meta property=\"og:image:height\" content=\"563\" \/>\n\t<meta property=\"og:image:type\" content=\"image\/jpeg\" \/>\n<meta name=\"twitter:card\" content=\"summary_large_image\" \/>\n<meta name=\"twitter:label1\" content=\"Arvioitu lukuaika\" \/>\n\t<meta name=\"twitter:data1\" content=\"3 minuuttia\" \/>\n<script type=\"application\/ld+json\" class=\"yoast-schema-graph\">{\"@context\":\"https:\/\/schema.org\",\"@graph\":[{\"@type\":\"WebPage\",\"@id\":\"https:\/\/qingdaohf.com\/product\/webbing-sling-oem\/\",\"url\":\"https:\/\/qingdaohf.com\/product\/webbing-sling-oem\/\",\"name\":\"Webbing Sling OEM\",\"isPartOf\":{\"@id\":\"https:\/\/qingdaohf.com\/bg\/#website\"},\"primaryImageOfPage\":{\"@id\":\"https:\/\/qingdaohf.com\/product\/webbing-sling-oem\/#primaryimage\"},\"image\":{\"@id\":\"https:\/\/qingdaohf.com\/product\/webbing-sling-oem\/#primaryimage\"},\"thumbnailUrl\":\"https:\/\/qingdaohf.com\/wp-content\/uploads\/2023\/04\/webbling-sling-2-1.jpg\",\"datePublished\":\"2023-10-23T06:14:46+00:00\",\"dateModified\":\"2025-11-13T01:04:02+00:00\",\"description\":\"Our OEM services allow you to define the precise load capacity, length, width, material, color coding, and any other essential parameters.\",\"breadcrumb\":{\"@id\":\"https:\/\/qingdaohf.com\/product\/webbing-sling-oem\/#breadcrumb\"},\"inLanguage\":\"fi\",\"potentialAction\":[{\"@type\":\"ReadAction\",\"target\":[\"https:\/\/qingdaohf.com\/product\/webbing-sling-oem\/\"]}]},{\"@type\":\"ImageObject\",\"inLanguage\":\"fi\",\"@id\":\"https:\/\/qingdaohf.com\/product\/webbing-sling-oem\/#primaryimage\",\"url\":\"https:\/\/qingdaohf.com\/wp-content\/uploads\/2023\/04\/webbling-sling-2-1.jpg\",\"contentUrl\":\"https:\/\/qingdaohf.com\/wp-content\/uploads\/2023\/04\/webbling-sling-2-1.jpg\",\"width\":1000,\"height\":1000,\"caption\":\"webbling sling\"},{\"@type\":\"BreadcrumbList\",\"@id\":\"https:\/\/qingdaohf.com\/product\/webbing-sling-oem\/#breadcrumb\",\"itemListElement\":[{\"@type\":\"ListItem\",\"position\":1,\"name\":\"Home\",\"item\":\"https:\/\/qingdaohf.com\/\"},{\"@type\":\"ListItem\",\"position\":2,\"name\":\"Concrete Forming Accessories and Rigging Hardware\",\"item\":\"https:\/\/qingdaohf.com\/bg\/?page_id=944\"},{\"@type\":\"ListItem\",\"position\":3,\"name\":\"Webbing Sling OEM\"}]},{\"@type\":\"WebSite\",\"@id\":\"https:\/\/qingdaohf.com\/bg\/#website\",\"url\":\"https:\/\/qingdaohf.com\/bg\/\",\"name\":\"Concrete Form & Rigging Hardware Supplier\",\"description\":\"\",\"publisher\":{\"@id\":\"https:\/\/qingdaohf.com\/bg\/#organization\"},\"potentialAction\":[{\"@type\":\"SearchAction\",\"target\":{\"@type\":\"EntryPoint\",\"urlTemplate\":\"https:\/\/qingdaohf.com\/bg\/?s={search_term_string}\"},\"query-input\":{\"@type\":\"PropertyValueSpecification\",\"valueRequired\":true,\"valueName\":\"search_term_string\"}}],\"inLanguage\":\"fi\"},{\"@type\":\"Organization\",\"@id\":\"https:\/\/qingdaohf.com\/bg\/#organization\",\"name\":\"Qingdao H&F\",\"url\":\"https:\/\/qingdaohf.com\/bg\/\",\"logo\":{\"@type\":\"ImageObject\",\"inLanguage\":\"fi\",\"@id\":\"https:\/\/qingdaohf.com\/bg\/#\/schema\/logo\/image\/\",\"url\":\"https:\/\/qingdaohf.com\/wp-content\/uploads\/2022\/12\/cropped-HF-LOGO.png\",\"contentUrl\":\"https:\/\/qingdaohf.com\/wp-content\/uploads\/2022\/12\/cropped-HF-LOGO.png\",\"width\":391,\"height\":249,\"caption\":\"Qingdao H&F\"},\"image\":{\"@id\":\"https:\/\/qingdaohf.com\/bg\/#\/schema\/logo\/image\/\"},\"sameAs\":[\"https:\/\/www.facebook.com\/qingdaohf\"]}]}<\/script>\n<!-- \/ Yoast SEO plugin. -->","yoast_head_json":{"title":"Webbing Sling OEM","description":"Our OEM services allow you to define the precise load capacity, length, width, material, color coding, and any other essential parameters.","robots":{"index":"index","follow":"follow","max-snippet":"max-snippet:-1","max-image-preview":"max-image-preview:large","max-video-preview":"max-video-preview:-1"},"canonical":"https:\/\/qingdaohf.com\/fi\/tuote\/hihnaremmi-oem\/","og_locale":"fi_FI","og_type":"article","og_title":"Webbing Sling OEM","og_description":"Our OEM services allow you to define the precise load capacity, length, width, material, color coding, and any other essential parameters.","og_url":"https:\/\/qingdaohf.com\/fi\/tuote\/hihnaremmi-oem\/","og_site_name":"Concrete Form &amp; Rigging Hardware Supplier","article_publisher":"https:\/\/www.facebook.com\/qingdaohf","article_modified_time":"2025-11-13T01:04:02+00:00","og_image":[{"width":1019,"height":563,"url":"https:\/\/qingdaohf.com\/wp-content\/uploads\/2023\/10\/sling.jpg","type":"image\/jpeg"}],"twitter_card":"summary_large_image","twitter_misc":{"Arvioitu lukuaika":"3 minuuttia"},"schema":{"@context":"https:\/\/schema.org","@graph":[{"@type":"WebPage","@id":"https:\/\/qingdaohf.com\/product\/webbing-sling-oem\/","url":"https:\/\/qingdaohf.com\/product\/webbing-sling-oem\/","name":"Webbing Sling OEM","isPartOf":{"@id":"https:\/\/qingdaohf.com\/bg\/#website"},"primaryImageOfPage":{"@id":"https:\/\/qingdaohf.com\/product\/webbing-sling-oem\/#primaryimage"},"image":{"@id":"https:\/\/qingdaohf.com\/product\/webbing-sling-oem\/#primaryimage"},"thumbnailUrl":"https:\/\/qingdaohf.com\/wp-content\/uploads\/2023\/04\/webbling-sling-2-1.jpg","datePublished":"2023-10-23T06:14:46+00:00","dateModified":"2025-11-13T01:04:02+00:00","description":"Our OEM services allow you to define the precise load capacity, length, width, material, color coding, and any other essential parameters.","breadcrumb":{"@id":"https:\/\/qingdaohf.com\/product\/webbing-sling-oem\/#breadcrumb"},"inLanguage":"fi","potentialAction":[{"@type":"ReadAction","target":["https:\/\/qingdaohf.com\/product\/webbing-sling-oem\/"]}]},{"@type":"ImageObject","inLanguage":"fi","@id":"https:\/\/qingdaohf.com\/product\/webbing-sling-oem\/#primaryimage","url":"https:\/\/qingdaohf.com\/wp-content\/uploads\/2023\/04\/webbling-sling-2-1.jpg","contentUrl":"https:\/\/qingdaohf.com\/wp-content\/uploads\/2023\/04\/webbling-sling-2-1.jpg","width":1000,"height":1000,"caption":"webbling sling"},{"@type":"BreadcrumbList","@id":"https:\/\/qingdaohf.com\/product\/webbing-sling-oem\/#breadcrumb","itemListElement":[{"@type":"ListItem","position":1,"name":"Home","item":"https:\/\/qingdaohf.com\/"},{"@type":"ListItem","position":2,"name":"Concrete Forming Accessories and Rigging Hardware","item":"https:\/\/qingdaohf.com\/bg\/?page_id=944"},{"@type":"ListItem","position":3,"name":"Webbing Sling OEM"}]},{"@type":"WebSite","@id":"https:\/\/qingdaohf.com\/bg\/#website","url":"https:\/\/qingdaohf.com\/bg\/","name":"Concrete Form & Rigging Hardware Supplier","description":"","publisher":{"@id":"https:\/\/qingdaohf.com\/bg\/#organization"},"potentialAction":[{"@type":"SearchAction","target":{"@type":"EntryPoint","urlTemplate":"https:\/\/qingdaohf.com\/bg\/?s={search_term_string}"},"query-input":{"@type":"PropertyValueSpecification","valueRequired":true,"valueName":"search_term_string"}}],"inLanguage":"fi"},{"@type":"Organization","@id":"https:\/\/qingdaohf.com\/bg\/#organization","name":"Qingdao H&F","url":"https:\/\/qingdaohf.com\/bg\/","logo":{"@type":"ImageObject","inLanguage":"fi","@id":"https:\/\/qingdaohf.com\/bg\/#\/schema\/logo\/image\/","url":"https:\/\/qingdaohf.com\/wp-content\/uploads\/2022\/12\/cropped-HF-LOGO.png","contentUrl":"https:\/\/qingdaohf.com\/wp-content\/uploads\/2022\/12\/cropped-HF-LOGO.png","width":391,"height":249,"caption":"Qingdao H&F"},"image":{"@id":"https:\/\/qingdaohf.com\/bg\/#\/schema\/logo\/image\/"},"sameAs":["https:\/\/www.facebook.com\/qingdaohf"]}]}},"_links":{"self":[{"href":"https:\/\/qingdaohf.com\/fi\/wp-json\/wp\/v2\/product\/5473","targetHints":{"allow":["GET"]}}],"collection":[{"href":"https:\/\/qingdaohf.com\/fi\/wp-json\/wp\/v2\/product"}],"about":[{"href":"https:\/\/qingdaohf.com\/fi\/wp-json\/wp\/v2\/types\/product"}],"replies":[{"embeddable":true,"href":"https:\/\/qingdaohf.com\/fi\/wp-json\/wp\/v2\/comments?post=5473"}],"version-history":[{"count":8,"href":"https:\/\/qingdaohf.com\/fi\/wp-json\/wp\/v2\/product\/5473\/revisions"}],"predecessor-version":[{"id":6943,"href":"https:\/\/qingdaohf.com\/fi\/wp-json\/wp\/v2\/product\/5473\/revisions\/6943"}],"wp:featuredmedia":[{"embeddable":true,"href":"https:\/\/qingdaohf.com\/fi\/wp-json\/wp\/v2\/media\/5232"}],"wp:attachment":[{"href":"https:\/\/qingdaohf.com\/fi\/wp-json\/wp\/v2\/media?parent=5473"}],"wp:term":[{"taxonomy":"product_brand","embeddable":true,"href":"https:\/\/qingdaohf.com\/fi\/wp-json\/wp\/v2\/product_brand?post=5473"},{"taxonomy":"product_cat","embeddable":true,"href":"https:\/\/qingdaohf.com\/fi\/wp-json\/wp\/v2\/product_cat?post=5473"},{"taxonomy":"product_tag","embeddable":true,"href":"https:\/\/qingdaohf.com\/fi\/wp-json\/wp\/v2\/product_tag?post=5473"}],"curies":[{"name":"wp","href":"https:\/\/api.w.org\/{rel}","templated":true}]}}