{"id":6226,"date":"2024-01-03T15:51:23","date_gmt":"2024-01-03T07:51:23","guid":{"rendered":"http:\/\/qingdaohf.com\/?post_type=product&#038;p=6226"},"modified":"2025-11-13T09:03:39","modified_gmt":"2025-11-13T01:03:39","slug":"woven-cord-strap","status":"publish","type":"product","link":"https:\/\/qingdaohf.com\/fi\/tuote\/vannehtiminen\/","title":{"rendered":"Kudottu polyesteri Cord nauhat nauhat b\u00e4ndi pakkaus"},"content":{"rendered":"<div class=\"ast-oembed-container\" style=\"height: 100%;\"><iframe title=\"Polypropeenivanne\" width=\"500\" height=\"281\" src=\"https:\/\/www.youtube.com\/embed\/Bi0Ct6OI134?feature=oembed\" frameborder=\"0\" allow=\"accelerometer; autoplay; clipboard-write; encrypted-media; gyroscope; picture-in-picture; web-share\" referrerpolicy=\"strict-origin-when-cross-origin\" allowfullscreen><\/iframe><\/div>\n<h3>Kudotun polyesterinarun vannenauhojen kriittisten ominaisuuksien tunteminen<\/h3>\n<p>Kudotut polyesterinaruvanteet ovat jokaisen turvallisen pakkausratkaisun perusta. Kun tiedet\u00e4\u00e4n niiden lujuus ja monipuolisuus, teollisuudenalat, jotka tarvitsevat luotettavaa vannehtimista joko raskaille kuormille tai ep\u00e4s\u00e4\u00e4nn\u00f6llisen muotoisille kuormille, l\u00f6yt\u00e4v\u00e4t n\u00e4ille nauhoille monia k\u00e4ytt\u00f6kohteita. Tiiviisti toisiinsa kietoutuneista polyesterikuiduista valmistetut nauhat tarjoavat vaikuttavan vetolujuuden s\u00e4ilytt\u00e4en samalla joustavuuden. Toisin kuin perinteiset ter\u00e4svanteet, jotka voivat ruostua tai jopa vahingoittaa herkki\u00e4 pintoja, t\u00e4m\u00e4ntyyppiset polyesterivanteet tarjoavat sile\u00e4n mutta vahvan vaihtoehdon, joka on erinomainen tavaroiden eheyden turvaamisessa.<\/p>\n<p>Materiaalista on tullut suosikki useilla johtavilla teollisuudenaloilla, kuten logistiikassa, rakentamisessa ja valmistuksessa, joissa tuotteet joutuvat kovalle k\u00e4sittelylle turvallisuudesta tai vakaudesta tinkim\u00e4tt\u00e4. Ostajat arvostavat investointejaan pakkauksiin, ja siksi he tarvitsevat vannenauhoja, jotka sopivat t\u00e4sm\u00e4lleen heid\u00e4n toimintavaatimuksiinsa ja ovat samalla todella tehokkaita ja kustannustehokkaita.<\/p>\n<h3>Lujitetun polyesterivaijerin nauhan edut<\/h3>\n<p>Kudotut polyesterinaruvanteet ovat kest\u00e4vyydelt\u00e4\u00e4n parhaita ja soveltuvat siten erinomaisesti kuormien kiinnitt\u00e4miseen dynaamisissa olosuhteissa. Niiden erityinen kudottu rakenne tarkoittaa, ett\u00e4 ne pystyv\u00e4t vaimentamaan iskuja ja t\u00e4rin\u00e4\u00e4, mik\u00e4 on eritt\u00e4in t\u00e4rke\u00e4\u00e4, kun herkki\u00e4 tai raskaita tavaroita kuljetetaan pitkien matkojen p\u00e4\u00e4h\u00e4n. Nauhat ovat my\u00f6s joustavia; t\u00e4m\u00e4 on t\u00e4rke\u00e4\u00e4, koska vaikka kuorma olisi liikkunut hieman kuljetuksen aikana, se on silti tiukasti kiinnitetty.<\/p>\n<p>Lis\u00e4ksi polyesterivanteiden keveys tekee niiden k\u00e4sittelyst\u00e4 helppoa. Sit\u00e4 on paljon helpompi k\u00e4sitell\u00e4 verrattuna ter\u00e4ksisiin vastineisiinsa, joten k\u00e4sittely ei aiheuta \u00e4\u00e4rimm\u00e4ist\u00e4 ty\u00f6voiman rasitusta ja parantaa toiminnan tehokkuutta. Toinen keskeinen etu on sen ymp\u00e4rist\u00f6kest\u00e4vyys; polyesterivanteet kest\u00e4v\u00e4t hajoamista, kun ne altistuvat kosteudelle, UV-s\u00e4teilylle tai vaihteleville l\u00e4mp\u00f6tiloille, joten ne tuottavat erinomaisia tuloksia, kun niit\u00e4 k\u00e4ytet\u00e4\u00e4n ulkovarastointi- tai kuljetussovelluksissa.<br \/>\nQingdao H&amp;F:ss\u00e4 tarkastamme tiukasti polyesterivanteemme t\u00e4ytt\u00e4\u00e4kseen alan korkeimmat standardit. Ostajat voivat odottaa yksityiskohtaisia laatutarkastusraportteja jokaisen er\u00e4n mukana, joten tuotteiden luotettavuus on t\u00e4ysin avoin. T\u00e4m\u00e4n ja nopeiden toimitusaikojen ansiosta varmistamme, ett\u00e4 liiketoimintasi sujuu ilman viiv\u00e4styksi\u00e4.<\/p>\n<h3>Miksi valita Qingdao H&amp;F polyesterivanteiden tarpeisiin?<\/h3>\n<p>Oikea toimittaja on yht\u00e4 t\u00e4rke\u00e4 kuin itse tuotteen valinta. T\u00e4ss\u00e4 suhteessa Qingdao H&amp;F on vertaansa vailla ja vastaa t\u00e4ydellisesti ostajien tarpeisiin. 20 vuoden ulkomaankauppakokemuksella tunnistamme ostop\u00e4\u00e4t\u00f6ksi\u00e4 ohjaavat kriittiset tekij\u00e4t: tuotteen kest\u00e4vyydest\u00e4 ja kustannustehokkuudesta oikea-aikaiseen toimitukseen ja r\u00e4\u00e4t\u00e4l\u00f6ityyn tukeen, huippuosaamiseen jokaisessa pieness\u00e4 yksityiskohdassa. Sitoutuminen henkil\u00f6kohtaiseen asiakaspalveluun erottaa meid\u00e4t muista. Jokaisella asiakkaalla on yksi yhteyshenkil\u00f6, joka auttaa ratkaisemaan mahdolliset tiedustelut tai antaa p\u00e4ivitysapua ratkaisujen r\u00e4\u00e4t\u00e4l\u00f6inniss\u00e4 tiettyihin vaatimuksiin. T\u00e4m\u00e4 henkil\u00f6kohtainen l\u00e4hestymistapa varmistaa, ett\u00e4 osto tapahtuu saumattomasti. Lis\u00e4ksi vahvan toimitusketjun hallintaj\u00e4rjestelm\u00e4mme ansiosta pystymme toimittamaan tuotteet ajallaan, jopa projekteissa, joilla on tiukat aikataulut, laadusta tinkim\u00e4tt\u00e4. Laatutietoisille ostajille tarjoamme yksityiskohtaiset tarkastusraportit, jotta he voivat olla varmoja siit\u00e4, ett\u00e4 jokainen tuote-er\u00e4 t\u00e4ytt\u00e4\u00e4 m\u00e4\u00e4ritellyt standardit. Raportti luo luottamusta ja antaa asiakkaille mahdollisuuden tehd\u00e4 varmoja ja tietoon perustuvia p\u00e4\u00e4t\u00f6ksi\u00e4.<\/p>\n<p>T\u00e4m\u00e4 todistaa, ett\u00e4 lujatekoiset polyesterinarusta kudotut vannenauhat ovat varmasti innovatiivinen tuote teollisuudelle, joka tarvitsee luotettavia pakkausmateriaaleja. N\u00e4iss\u00e4 nauhoissa painotetaan lujuutta, joustavuutta ja mukautuvuutta niiden moniin k\u00e4ytt\u00f6tarkoituksiin ja minimoidaan samalla kuorman kiinnitt\u00e4miseen liittyv\u00e4t riskit. Yhdess\u00e4 Qingdao H&amp;F:n kanssa se voi taata ostajille ylivoimaiset tuotteet, joita tuetaan alan asiantuntemuksella, nopeilla toimitussykleill\u00e4 ja muuttumattomalla asiakastuella. Olipa kyseess\u00e4 monimutkainen logistiikka tai erityisten toiminnallisten haasteiden ratkaiseminen, r\u00e4\u00e4t\u00e4l\u00f6idyt ratkaisumme ja syv\u00e4llinen ymm\u00e4rryksemme ovat perusta, jolle pakkausalan menestyksesi rakentuu.<\/p>","protected":false},"excerpt":{"rendered":"<p>Eritt\u00e4in lujat kudotut polyesterinaruvanteet tarjoavat teollisuudelle tehokkaita ja luotettavia pakkausratkaisuja. N\u00e4m\u00e4 kest\u00e4vyydest\u00e4\u00e4n tunnetut nauhat mahdollistavat raskaiden kuormien tehokkaan kiinnitt\u00e4misen, ja ne kest\u00e4v\u00e4t hyvin murtumista ja venymist\u00e4 kuljetuksen aikana. Useimmat ostajat ottavat luotettavien pakkausmateriaalien hankinnan j\u00e4lkeen huomioon tuotteen suorituskyvyn, yhteensopivuuden kaikenlaisten vannehtimisv\u00e4lineiden kanssa ja kyvyn kest\u00e4\u00e4 ymp\u00e4rist\u00f6tekij\u00f6it\u00e4, kuten kosteutta. Olemme olleet luotettava kauppayhti\u00f6 jo 20 vuoden ajan. Qingdao H&amp;F on erottunut tarjoamalla r\u00e4\u00e4t\u00e4l\u00f6ity\u00e4, henkil\u00f6kohtaista palvelua asiakkaille, mik\u00e4 takaa, ett\u00e4 jokainen asiakas saa ajallaan. Nopeat toimitusjaksot ja kattavat laatutarkastusraportit lis\u00e4\u00e4v\u00e4t luottamustasi valita meid\u00e4t pakkausratkaisuihisi.<\/p>","protected":false},"featured_media":6225,"comment_status":"open","ping_status":"closed","template":"","meta":{"site-sidebar-layout":"default","site-content-layout":"","ast-site-content-layout":"default","site-content-style":"default","site-sidebar-style":"default","ast-global-header-display":"","ast-banner-title-visibility":"","ast-main-header-display":"","ast-hfb-above-header-display":"","ast-hfb-below-header-display":"","ast-hfb-mobile-header-display":"","site-post-title":"","ast-breadcrumbs-content":"","ast-featured-img":"","footer-sml-layout":"","theme-transparent-header-meta":"default","adv-header-id-meta":"","stick-header-meta":"default","header-above-stick-meta":"","header-main-stick-meta":"","header-below-stick-meta":"","astra-migrate-meta-layouts":"set","ast-page-background-enabled":"default","ast-page-background-meta":{"desktop":{"background-color":"","background-image":"","background-repeat":"repeat","background-position":"center center","background-size":"auto","background-attachment":"scroll","background-type":"","background-media":"","overlay-type":"","overlay-color":"","overlay-opacity":"","overlay-gradient":""},"tablet":{"background-color":"","background-image":"","background-repeat":"repeat","background-position":"center center","background-size":"auto","background-attachment":"scroll","background-type":"","background-media":"","overlay-type":"","overlay-color":"","overlay-opacity":"","overlay-gradient":""},"mobile":{"background-color":"","background-image":"","background-repeat":"repeat","background-position":"center center","background-size":"auto","background-attachment":"scroll","background-type":"","background-media":"","overlay-type":"","overlay-color":"","overlay-opacity":"","overlay-gradient":""}},"ast-content-background-meta":{"desktop":{"background-color":"var(--ast-global-color-5)","background-image":"","background-repeat":"repeat","background-position":"center center","background-size":"auto","background-attachment":"scroll","background-type":"","background-media":"","overlay-type":"","overlay-color":"","overlay-opacity":"","overlay-gradient":""},"tablet":{"background-color":"var(--ast-global-color-5)","background-image":"","background-repeat":"repeat","background-position":"center center","background-size":"auto","background-attachment":"scroll","background-type":"","background-media":"","overlay-type":"","overlay-color":"","overlay-opacity":"","overlay-gradient":""},"mobile":{"background-color":"var(--ast-global-color-5)","background-image":"","background-repeat":"repeat","background-position":"center center","background-size":"auto","background-attachment":"scroll","background-type":"","background-media":"","overlay-type":"","overlay-color":"","overlay-opacity":"","overlay-gradient":""}}},"product_brand":[],"product_cat":[51,69],"product_tag":[],"class_list":{"0":"post-6226","1":"product","2":"type-product","3":"status-publish","4":"has-post-thumbnail","6":"product_cat-riggging-hardware","7":"product_cat-strapping","8":"desktop-align-left","9":"tablet-align-left","10":"mobile-align-left","11":"ast-product-gallery-layout-horizontal-slider","12":"ast-product-tabs-layout-horizontal","14":"first","15":"instock","16":"shipping-taxable","17":"purchasable","18":"product-type-simple"},"yoast_head":"<!-- This site is optimized with the Yoast SEO plugin v25.2 - https:\/\/yoast.com\/wordpress\/plugins\/seo\/ -->\n<title>Woven Polyester Cord Strapping Band for Packaging<\/title>\n<meta name=\"description\" content=\"High-strength woven polyester cord strapping bands provide industries with efficient and trustworthy packaging solutions.\" \/>\n<meta name=\"robots\" content=\"index, follow, max-snippet:-1, max-image-preview:large, max-video-preview:-1\" \/>\n<link rel=\"canonical\" href=\"https:\/\/qingdaohf.com\/fi\/tuote\/vannehtiminen\/\" \/>\n<meta property=\"og:locale\" content=\"fi_FI\" \/>\n<meta property=\"og:type\" content=\"article\" \/>\n<meta property=\"og:title\" content=\"Woven Polyester Cord Strapping Band for Packaging\" \/>\n<meta property=\"og:description\" content=\"High-strength woven polyester cord strapping bands provide industries with efficient and trustworthy packaging solutions.\" \/>\n<meta property=\"og:url\" content=\"https:\/\/qingdaohf.com\/fi\/tuote\/vannehtiminen\/\" \/>\n<meta property=\"og:site_name\" content=\"Concrete Form &amp; Rigging Hardware Supplier\" \/>\n<meta property=\"article:publisher\" content=\"https:\/\/www.facebook.com\/qingdaohf\" \/>\n<meta property=\"article:modified_time\" content=\"2025-11-13T01:03:39+00:00\" \/>\n<meta property=\"og:image\" content=\"https:\/\/qingdaohf.com\/wp-content\/uploads\/2024\/01\/strapping-roll-2.webp\" \/>\n\t<meta property=\"og:image:width\" content=\"1000\" \/>\n\t<meta property=\"og:image:height\" content=\"1000\" \/>\n\t<meta property=\"og:image:type\" content=\"image\/webp\" \/>\n<meta name=\"twitter:card\" content=\"summary_large_image\" \/>\n<meta name=\"twitter:label1\" content=\"Arvioitu lukuaika\" \/>\n\t<meta name=\"twitter:data1\" content=\"3 minuuttia\" \/>\n<script type=\"application\/ld+json\" class=\"yoast-schema-graph\">{\"@context\":\"https:\/\/schema.org\",\"@graph\":[{\"@type\":\"WebPage\",\"@id\":\"https:\/\/qingdaohf.com\/product\/woven-cord-strap\/\",\"url\":\"https:\/\/qingdaohf.com\/product\/woven-cord-strap\/\",\"name\":\"Woven Polyester Cord Strapping Band for Packaging\",\"isPartOf\":{\"@id\":\"https:\/\/qingdaohf.com\/bg\/#website\"},\"primaryImageOfPage\":{\"@id\":\"https:\/\/qingdaohf.com\/product\/woven-cord-strap\/#primaryimage\"},\"image\":{\"@id\":\"https:\/\/qingdaohf.com\/product\/woven-cord-strap\/#primaryimage\"},\"thumbnailUrl\":\"https:\/\/qingdaohf.com\/wp-content\/uploads\/2024\/01\/strapping-roll-2.webp\",\"datePublished\":\"2024-01-03T07:51:23+00:00\",\"dateModified\":\"2025-11-13T01:03:39+00:00\",\"description\":\"High-strength woven polyester cord strapping bands provide industries with efficient and trustworthy packaging solutions.\",\"breadcrumb\":{\"@id\":\"https:\/\/qingdaohf.com\/product\/woven-cord-strap\/#breadcrumb\"},\"inLanguage\":\"fi\",\"potentialAction\":[{\"@type\":\"ReadAction\",\"target\":[\"https:\/\/qingdaohf.com\/product\/woven-cord-strap\/\"]}]},{\"@type\":\"ImageObject\",\"inLanguage\":\"fi\",\"@id\":\"https:\/\/qingdaohf.com\/product\/woven-cord-strap\/#primaryimage\",\"url\":\"https:\/\/qingdaohf.com\/wp-content\/uploads\/2024\/01\/strapping-roll-2.webp\",\"contentUrl\":\"https:\/\/qingdaohf.com\/wp-content\/uploads\/2024\/01\/strapping-roll-2.webp\",\"width\":1000,\"height\":1000,\"caption\":\"strapping roll\"},{\"@type\":\"BreadcrumbList\",\"@id\":\"https:\/\/qingdaohf.com\/product\/woven-cord-strap\/#breadcrumb\",\"itemListElement\":[{\"@type\":\"ListItem\",\"position\":1,\"name\":\"Home\",\"item\":\"https:\/\/qingdaohf.com\/\"},{\"@type\":\"ListItem\",\"position\":2,\"name\":\"Concrete Forming Accessories and Rigging Hardware\",\"item\":\"https:\/\/qingdaohf.com\/bg\/?page_id=944\"},{\"@type\":\"ListItem\",\"position\":3,\"name\":\"Woven Polyester Cord Strapping Band for Packaging\"}]},{\"@type\":\"WebSite\",\"@id\":\"https:\/\/qingdaohf.com\/bg\/#website\",\"url\":\"https:\/\/qingdaohf.com\/bg\/\",\"name\":\"Concrete Form & Rigging Hardware Supplier\",\"description\":\"\",\"publisher\":{\"@id\":\"https:\/\/qingdaohf.com\/bg\/#organization\"},\"potentialAction\":[{\"@type\":\"SearchAction\",\"target\":{\"@type\":\"EntryPoint\",\"urlTemplate\":\"https:\/\/qingdaohf.com\/bg\/?s={search_term_string}\"},\"query-input\":{\"@type\":\"PropertyValueSpecification\",\"valueRequired\":true,\"valueName\":\"search_term_string\"}}],\"inLanguage\":\"fi\"},{\"@type\":\"Organization\",\"@id\":\"https:\/\/qingdaohf.com\/bg\/#organization\",\"name\":\"Qingdao H&F\",\"url\":\"https:\/\/qingdaohf.com\/bg\/\",\"logo\":{\"@type\":\"ImageObject\",\"inLanguage\":\"fi\",\"@id\":\"https:\/\/qingdaohf.com\/bg\/#\/schema\/logo\/image\/\",\"url\":\"https:\/\/qingdaohf.com\/wp-content\/uploads\/2022\/12\/cropped-HF-LOGO.png\",\"contentUrl\":\"https:\/\/qingdaohf.com\/wp-content\/uploads\/2022\/12\/cropped-HF-LOGO.png\",\"width\":391,\"height\":249,\"caption\":\"Qingdao H&F\"},\"image\":{\"@id\":\"https:\/\/qingdaohf.com\/bg\/#\/schema\/logo\/image\/\"},\"sameAs\":[\"https:\/\/www.facebook.com\/qingdaohf\"]}]}<\/script>\n<!-- \/ Yoast SEO plugin. -->","yoast_head_json":{"title":"Woven Polyester Cord Strapping Band for Packaging","description":"High-strength woven polyester cord strapping bands provide industries with efficient and trustworthy packaging solutions.","robots":{"index":"index","follow":"follow","max-snippet":"max-snippet:-1","max-image-preview":"max-image-preview:large","max-video-preview":"max-video-preview:-1"},"canonical":"https:\/\/qingdaohf.com\/fi\/tuote\/vannehtiminen\/","og_locale":"fi_FI","og_type":"article","og_title":"Woven Polyester Cord Strapping Band for Packaging","og_description":"High-strength woven polyester cord strapping bands provide industries with efficient and trustworthy packaging solutions.","og_url":"https:\/\/qingdaohf.com\/fi\/tuote\/vannehtiminen\/","og_site_name":"Concrete Form &amp; Rigging Hardware Supplier","article_publisher":"https:\/\/www.facebook.com\/qingdaohf","article_modified_time":"2025-11-13T01:03:39+00:00","og_image":[{"width":1000,"height":1000,"url":"https:\/\/qingdaohf.com\/wp-content\/uploads\/2024\/01\/strapping-roll-2.webp","type":"image\/webp"}],"twitter_card":"summary_large_image","twitter_misc":{"Arvioitu lukuaika":"3 minuuttia"},"schema":{"@context":"https:\/\/schema.org","@graph":[{"@type":"WebPage","@id":"https:\/\/qingdaohf.com\/product\/woven-cord-strap\/","url":"https:\/\/qingdaohf.com\/product\/woven-cord-strap\/","name":"Woven Polyester Cord Strapping Band for Packaging","isPartOf":{"@id":"https:\/\/qingdaohf.com\/bg\/#website"},"primaryImageOfPage":{"@id":"https:\/\/qingdaohf.com\/product\/woven-cord-strap\/#primaryimage"},"image":{"@id":"https:\/\/qingdaohf.com\/product\/woven-cord-strap\/#primaryimage"},"thumbnailUrl":"https:\/\/qingdaohf.com\/wp-content\/uploads\/2024\/01\/strapping-roll-2.webp","datePublished":"2024-01-03T07:51:23+00:00","dateModified":"2025-11-13T01:03:39+00:00","description":"High-strength woven polyester cord strapping bands provide industries with efficient and trustworthy packaging solutions.","breadcrumb":{"@id":"https:\/\/qingdaohf.com\/product\/woven-cord-strap\/#breadcrumb"},"inLanguage":"fi","potentialAction":[{"@type":"ReadAction","target":["https:\/\/qingdaohf.com\/product\/woven-cord-strap\/"]}]},{"@type":"ImageObject","inLanguage":"fi","@id":"https:\/\/qingdaohf.com\/product\/woven-cord-strap\/#primaryimage","url":"https:\/\/qingdaohf.com\/wp-content\/uploads\/2024\/01\/strapping-roll-2.webp","contentUrl":"https:\/\/qingdaohf.com\/wp-content\/uploads\/2024\/01\/strapping-roll-2.webp","width":1000,"height":1000,"caption":"strapping roll"},{"@type":"BreadcrumbList","@id":"https:\/\/qingdaohf.com\/product\/woven-cord-strap\/#breadcrumb","itemListElement":[{"@type":"ListItem","position":1,"name":"Home","item":"https:\/\/qingdaohf.com\/"},{"@type":"ListItem","position":2,"name":"Concrete Forming Accessories and Rigging Hardware","item":"https:\/\/qingdaohf.com\/bg\/?page_id=944"},{"@type":"ListItem","position":3,"name":"Woven Polyester Cord Strapping Band for Packaging"}]},{"@type":"WebSite","@id":"https:\/\/qingdaohf.com\/bg\/#website","url":"https:\/\/qingdaohf.com\/bg\/","name":"Concrete Form & Rigging Hardware Supplier","description":"","publisher":{"@id":"https:\/\/qingdaohf.com\/bg\/#organization"},"potentialAction":[{"@type":"SearchAction","target":{"@type":"EntryPoint","urlTemplate":"https:\/\/qingdaohf.com\/bg\/?s={search_term_string}"},"query-input":{"@type":"PropertyValueSpecification","valueRequired":true,"valueName":"search_term_string"}}],"inLanguage":"fi"},{"@type":"Organization","@id":"https:\/\/qingdaohf.com\/bg\/#organization","name":"Qingdao H&F","url":"https:\/\/qingdaohf.com\/bg\/","logo":{"@type":"ImageObject","inLanguage":"fi","@id":"https:\/\/qingdaohf.com\/bg\/#\/schema\/logo\/image\/","url":"https:\/\/qingdaohf.com\/wp-content\/uploads\/2022\/12\/cropped-HF-LOGO.png","contentUrl":"https:\/\/qingdaohf.com\/wp-content\/uploads\/2022\/12\/cropped-HF-LOGO.png","width":391,"height":249,"caption":"Qingdao H&F"},"image":{"@id":"https:\/\/qingdaohf.com\/bg\/#\/schema\/logo\/image\/"},"sameAs":["https:\/\/www.facebook.com\/qingdaohf"]}]}},"_links":{"self":[{"href":"https:\/\/qingdaohf.com\/fi\/wp-json\/wp\/v2\/product\/6226","targetHints":{"allow":["GET"]}}],"collection":[{"href":"https:\/\/qingdaohf.com\/fi\/wp-json\/wp\/v2\/product"}],"about":[{"href":"https:\/\/qingdaohf.com\/fi\/wp-json\/wp\/v2\/types\/product"}],"replies":[{"embeddable":true,"href":"https:\/\/qingdaohf.com\/fi\/wp-json\/wp\/v2\/comments?post=6226"}],"version-history":[{"count":11,"href":"https:\/\/qingdaohf.com\/fi\/wp-json\/wp\/v2\/product\/6226\/revisions"}],"predecessor-version":[{"id":8881,"href":"https:\/\/qingdaohf.com\/fi\/wp-json\/wp\/v2\/product\/6226\/revisions\/8881"}],"wp:featuredmedia":[{"embeddable":true,"href":"https:\/\/qingdaohf.com\/fi\/wp-json\/wp\/v2\/media\/6225"}],"wp:attachment":[{"href":"https:\/\/qingdaohf.com\/fi\/wp-json\/wp\/v2\/media?parent=6226"}],"wp:term":[{"taxonomy":"product_brand","embeddable":true,"href":"https:\/\/qingdaohf.com\/fi\/wp-json\/wp\/v2\/product_brand?post=6226"},{"taxonomy":"product_cat","embeddable":true,"href":"https:\/\/qingdaohf.com\/fi\/wp-json\/wp\/v2\/product_cat?post=6226"},{"taxonomy":"product_tag","embeddable":true,"href":"https:\/\/qingdaohf.com\/fi\/wp-json\/wp\/v2\/product_tag?post=6226"}],"curies":[{"name":"wp","href":"https:\/\/api.w.org\/{rel}","templated":true}]}}