{"id":6443,"date":"2024-02-02T14:30:53","date_gmt":"2024-02-02T06:30:53","guid":{"rendered":"http:\/\/qingdaohf.com\/?post_type=product&#038;p=6443"},"modified":"2025-11-13T09:03:39","modified_gmt":"2025-11-13T01:03:39","slug":"wholesale-d-shackle-chain-shackle-for-lifting","status":"publish","type":"product","link":"https:\/\/qingdaohf.com\/fi\/tuote\/tukku-d-kahle-ketjun-kahle-nostamiseen\/","title":{"rendered":"Tukkukauppa D Shackle-ketjun kahva nostamiseen"},"content":{"rendered":"<p>D-kahleet ovat kriittisi\u00e4 komponentteja takilointi- ja nostoalalla, ja niit\u00e4 arvostetaan niiden vakauden ja lujuuden vuoksi suurissa rasituksissa. D-kiinnikkeet tarjoavat erottuvan U-muotonsa ja turvallisen tappisulkeutumisensa ansiosta luotettavan yhteyden monenlaisiin nosto-, nosto- ja hinausteht\u00e4viin. Qingdao H&amp;F:n G210- ja G2150 D-kahleet ovat markkinoiden suosituimpia malleja, joita ammattilaiset eri aloilla suosivat niiden lujuuden, kest\u00e4vyyden ja mukautuvuuden vuoksi.<\/p>\n<p>G210- ja G2150-mallit on suunniteltu k\u00e4sittelem\u00e4\u00e4n raskaita kuormia ja s\u00e4ilytt\u00e4m\u00e4\u00e4n samalla korkea turvallisuuden ja vakauden taso. G210-mallia, joka tunnetaan monipuolisuudestaan ja py\u00f6re\u00e4st\u00e4 muotoilustaan, k\u00e4ytet\u00e4\u00e4n yleisesti joustavuutta vaativissa kokoonpanoissa. Sit\u00e4 vastoin G2150-malli, jonka rakenne on eritt\u00e4in raskas, on suunniteltu kest\u00e4m\u00e4\u00e4n \u00e4\u00e4rimm\u00e4isempi\u00e4 sovelluksia ja tarjoaa paremmat kantavuusominaisuudet korkeampia ty\u00f6kuorman raja-arvoja (WLL) varten. Kukin malli valmistetaan tarkkojen eritelmien mukaisesti, mik\u00e4 takaa yhteensopivuuden eri kiinnitysj\u00e4rjestelmien kanssa ja korkean suorituskyvyn paineen alaisena.<\/p>\n<p>Luotettavana D-kiinnikkeen tukkumyyj\u00e4n\u00e4 Qingdao H &amp; F on sitoutunut tarjoamaan korkealaatuisia tuotteita, jotka t\u00e4ytt\u00e4v\u00e4t nosto- ja takilointiammattilaisten tiukat vaatimukset. Varastomme on suunniteltu palvelemaan ostajia, jotka etsiv\u00e4t luotettavia ratkaisuja kaikenlaisiin projekteihin, sill\u00e4 valikoimamme sis\u00e4lt\u00e4\u00e4 useita kokoja ja WLL-arvoja 0,33 tonnista 150 tonniin ja kokoja 1\/4 tuuman ja 3 tuuman v\u00e4lill\u00e4.<\/p>\n<h3>Qingdao H&amp;F:n valinnan edut: r\u00e4\u00e4t\u00e4l\u00f6ity palvelu ja tehokas toimitus<\/h3>\n<p>Me Qingdao H&amp;F:ss\u00e4 ymm\u00e4rr\u00e4mme saumattoman ja tehokkaan ostokokemuksen merkityksen. Ostajat asettavat etusijalle laadun, nopeuden ja luottamuksen tavarantoimittajiinsa, mink\u00e4 vuoksi olemme rakentaneet asiakaskeskeisen l\u00e4hestymistavan palveluun. Jokainen asiakas hy\u00f6tyy henkil\u00f6kohtaisesta asiakaspalvelustamme, jossa omistautunut tuki varmistaa, ett\u00e4 asiakas l\u00f6yt\u00e4\u00e4 juuri h\u00e4nen erityistarpeisiinsa parhaiten sopivan kahvamallin. Teemme tiivist\u00e4 yhteisty\u00f6t\u00e4 ostajien kanssa ymm\u00e4rt\u00e4\u00e4kseen heid\u00e4n projektivaatimuksensa ja autamme heit\u00e4 valitsemaan monipuolisen G210-mallin tai raskaan G2150-mallin v\u00e4lill\u00e4, jotka molemmat ovat laajalti arvostettuja luotettavuudestaan haastavissa ymp\u00e4rist\u00f6iss\u00e4.<\/p>\n<p>Tuotteiden laadun lis\u00e4ksi palvelumallimme korostaa nopeita toimitussyklej\u00e4 ja t\u00e4ydellist\u00e4 l\u00e4pin\u00e4kyvyytt\u00e4 tarjoamalla laatutarkastusraportit jokaisen l\u00e4hetyksen mukana. N\u00e4iss\u00e4 raporteissa esitet\u00e4\u00e4n yksityiskohtaisesti kahleidemme tekniset tiedot, suorituskyky ja turvallisuusstandardit, jotta ostajat voivat luottaa ostokseensa ja olla varmoja tuotteen v\u00e4litt\u00f6m\u00e4st\u00e4 k\u00e4ytt\u00f6valmiudesta. Varmistamalla tehokkaan logistiikan ja virtaviivaisen palveluprosessin Qingdao H&amp;F minimoi viiv\u00e4stykset ja auttaa asiakkaita pit\u00e4m\u00e4\u00e4n projektinsa vauhdissa.<\/p>\n<p>Asiakkaidemme luottamus perustuu siihen, ett\u00e4 toimitamme korkealaatuisia tuotteita, joita tukee reagoiva tiimi, joka ymm\u00e4rt\u00e4\u00e4 raskaiden nostosovellusten panokset. Qingdao H&amp;F:n kanssa ostajat saavat kokea ennakoivan l\u00e4hestymistavan takilaratkaisuihin, joissa keskityt\u00e4\u00e4n tehokkuuteen, laatuun ja luotettavuuteen.<\/p>\n<h3>G210 ja G2150 D-kahleet: Ty\u00f6kuorman raja-arvot ja koot<\/h3>\n<p>Erilaiset projektitarpeet edellytt\u00e4v\u00e4t laajaa kokovalikoimaa ja ty\u00f6kuorman raja-arvoja (WLL), ja G210- ja G2150-kiinnikkeet tarjoavat juuri t\u00e4t\u00e4 joustavuutta. Kumpikin malli on saatavana 0,33 tonnin ja 150 tonnin v\u00e4lill\u00e4, joten ostajat voivat valita kahleet, jotka vastaavat parhaiten heid\u00e4n sovellustensa erityisvaatimuksia. T\u00e4m\u00e4n kattavan valikoiman ansiosta kahleet soveltuvat erinomaisesti sek\u00e4 kevyempiin takilointiteht\u00e4viin ett\u00e4 vaativimpiin kuormankantosovelluksiin, ja ne takaavat mukautuvuuden suorituskyvyst\u00e4 tinkim\u00e4tt\u00e4.<\/p>\n<p>G210- ja G2150-kiinnityskorvakkeita on saatavana my\u00f6s eri kokoisina, 1\/4 tuuman ja 3 tuuman v\u00e4lill\u00e4. G210-malli, jolle on ominaista kompaktimpi muotoilu, soveltuu kohtalaisiin nostoteht\u00e4viin, joissa tarvitaan joustavuutta. G2150-malli puolestaan on suunniteltu lujempia sovelluksia varten, ja sen kest\u00e4vyys on parempi, jotta se kest\u00e4\u00e4 kaikkein vaativimpia nosto-olosuhteita. Jokaiselle kahvakoolle tehd\u00e4\u00e4n huolellinen kalibrointiprosessi, jolla varmistetaan tasainen laatu ja suorituskyky, joten ostajat voivat luottaa tasaisiin tuloksiin projektin vaatimuksista riippumatta.<\/p>\n<p>G210- ja G2150-mallien avulla ostajat saavat k\u00e4ytt\u00f6\u00f6ns\u00e4 kahleet, jotka selviytyv\u00e4t erilaisista takilointihaasteista ja tukevat luotettavasti monimutkaisia projekteja. N\u00e4m\u00e4 mallit ovat saaneet mainetta erinomaisesta suorituskyvyst\u00e4\u00e4n, mink\u00e4 vuoksi ne ovat takilointialan ammattilaisten ensisijainen valinta.<\/p>\n<p><strong>G210 kahva<\/strong><\/p>\n<p><img fetchpriority=\"high\" decoding=\"async\" class=\"alignnone size-full wp-image-3813\" src=\"http:\/\/qingdaohf.com\/wp-content\/uploads\/2023\/05\/G209-G210-shackle.jpg\" alt=\"G209 G210 kahva\" width=\"1000\" height=\"1296\" srcset=\"https:\/\/qingdaohf.com\/wp-content\/uploads\/2023\/05\/G209-G210-shackle.jpg 1000w, https:\/\/qingdaohf.com\/wp-content\/uploads\/2023\/05\/G209-G210-shackle-231x300.jpg 231w, https:\/\/qingdaohf.com\/wp-content\/uploads\/2023\/05\/G209-G210-shackle-790x1024.jpg 790w, https:\/\/qingdaohf.com\/wp-content\/uploads\/2023\/05\/G209-G210-shackle-768x995.jpg 768w\" sizes=\"(max-width: 1000px) 100vw, 1000px\" \/><\/p>\n<p><strong>G2150 kahva<\/strong><\/p>\n<p>&nbsp;<\/p>\n<p><img decoding=\"async\" class=\"alignnone size-full wp-image-3817\" src=\"http:\/\/qingdaohf.com\/wp-content\/uploads\/2023\/05\/2150.jpg\" alt=\"2150 kahva\" width=\"1000\" height=\"950\" srcset=\"https:\/\/qingdaohf.com\/wp-content\/uploads\/2023\/05\/2150.jpg 1000w, https:\/\/qingdaohf.com\/wp-content\/uploads\/2023\/05\/2150-300x285.jpg 300w, https:\/\/qingdaohf.com\/wp-content\/uploads\/2023\/05\/2150-768x730.jpg 768w\" sizes=\"(max-width: 1000px) 100vw, 1000px\" \/><\/p>\n<h3>Laatu- ja turvallisuusstandardit: Tiukka testaus luotettavaa suorituskyky\u00e4 varten<\/h3>\n<p>Turvallisuus ja laatu ovat Qingdao H&amp;F:n tuotantoprosessin perustekij\u00f6it\u00e4. Jokainen G210- ja G2150 D-holkki k\u00e4y l\u00e4pi tiukan laadunvalvonnan, jotta varmistetaan, ett\u00e4 ne t\u00e4ytt\u00e4v\u00e4t kansainv\u00e4liset turvallisuusstandardit. Tied\u00e4mme, ett\u00e4 D-kiinnikkeill\u00e4 on kriittinen rooli kuormitusta kantavissa toiminnoissa, ja siksi tuotteemme testataan siten, ett\u00e4 ne toimivat tasaisesti paineen alaisena. Alkuper\u00e4isest\u00e4 tuotannosta lopputarkastukseen asti noudatamme perusteellista l\u00e4hestymistapaa laadunvarmistukseen, jonka tuloksena syntyy tuotteita, joihin ostajat voivat luottaa.<\/p>\n<p>D-kiinnikkeet on rakennettu kest\u00e4m\u00e4\u00e4n kulumista, korroosiota ja muita tekij\u00f6it\u00e4, jotka saattavat heikent\u00e4\u00e4 suorituskyky\u00e4 ankarissa olosuhteissa. K\u00e4ytettiinp\u00e4 niit\u00e4 sitten rakennust\u00f6iss\u00e4, teollisuuden nostoissa tai merenkulussa, G210- ja G2150-mallimme on suunniteltu kest\u00e4m\u00e4\u00e4n ja tarjoamaan luotettavaa lujuutta pitk\u00e4aikaisessa k\u00e4yt\u00f6ss\u00e4. Sitoumuksemme laatuun ulottuu itse tuotteen lis\u00e4ksi, sill\u00e4 tarjoamme yksityiskohtaiset laatutarkastusraportit jokaisen toimituksen mukana, jolloin ostajat saavat t\u00e4yden l\u00e4pin\u00e4kyvyyden jokaisen ostamansa kahvan eritelmist\u00e4 ja turvallisuusstandardeista.<\/p>\n<p>Qingdao H&amp;F pit\u00e4\u00e4 yll\u00e4 korkeita standardeja koko tuotantoprosessin ajan ja tarjoaa selke\u00e4\u00e4 ja helposti saatavilla olevaa tuotetietoa, joten se asettaa edelleen korkeat laatu- ja turvallisuusstandardit takilalaitteistoteollisuudessa.<\/p>\n<h3>Johtop\u00e4\u00e4t\u00f6s D-kiinnikkeest\u00e4<\/h3>\n<p>Qingdao H&amp;F:n G210- ja G2150 D-koukut tarjoavat ostajille vankkoja ratkaisuja nosto- ja takilointitarpeisiin. N\u00e4m\u00e4 mallit on suunniteltu monipuolisiksi ja vahvoiksi, ja ne t\u00e4ytt\u00e4v\u00e4t eri teollisuudenalojen vaatimukset rakentamisesta merenkulkuun. Ostajat luottavat siihen, ett\u00e4 D-kiinnikkeemme tuottavat tasaisen suorituskyvyn, jota tukee sitoutumisemme asiakasl\u00e4ht\u00f6iseen palveluun, nopeaan toimitukseen ja l\u00e4pin\u00e4kyv\u00e4\u00e4n laaturaportointiin. Qingdao H&amp;F:n kanssa ostajat eiv\u00e4t investoi ainoastaan kest\u00e4viin ja suorituskykyisiin laitteistoihin vaan my\u00f6s kumppanuuteen, joka perustuu luottamukseen, asiantuntemukseen ja sitoutumiseen asiakkaan menestykseen. Kutsumme ostajat tutustumaan siihen, miten tuotteemme ja palvelumme voivat auttaa saavuttamaan turvallisen ja luotettavan takilointitoiminnan.<\/p>","protected":false},"excerpt":{"rendered":"<p>D-kiinnikkeit\u00e4 on saatavana erilaisilla ty\u00f6kuorman raja-arvoilla (WLL) 0,33-150 tonniin ja koot vaihtelevat 1\/4 tuuman ja 3 tuuman v\u00e4lill\u00e4, joten ne soveltuvat sovelluksiin rakennus-, meri- ja teollisuusymp\u00e4rist\u00f6iss\u00e4. Tunnustamme ostajien keskeiset huolenaiheet ja varmistamme saumattoman ostokokemuksen henkil\u00f6kohtaisella asiakaspalvelulla, nopealla toimitussyklill\u00e4 ja yksityiskohtaisilla laatutarkastusraporteilla jokaisesta tuotteesta. Sitoumuksemme on tukea ostajia luotettavilla ja suorituskykyisill\u00e4 tuotteilla, joita he tarvitsevat vaativissa ymp\u00e4rist\u00f6iss\u00e4.<\/p>","protected":false},"featured_media":6470,"comment_status":"open","ping_status":"closed","template":"","meta":{"site-sidebar-layout":"default","site-content-layout":"","ast-site-content-layout":"default","site-content-style":"default","site-sidebar-style":"default","ast-global-header-display":"","ast-banner-title-visibility":"","ast-main-header-display":"","ast-hfb-above-header-display":"","ast-hfb-below-header-display":"","ast-hfb-mobile-header-display":"","site-post-title":"","ast-breadcrumbs-content":"","ast-featured-img":"","footer-sml-layout":"","theme-transparent-header-meta":"default","adv-header-id-meta":"","stick-header-meta":"default","header-above-stick-meta":"","header-main-stick-meta":"","header-below-stick-meta":"","astra-migrate-meta-layouts":"set","ast-page-background-enabled":"default","ast-page-background-meta":{"desktop":{"background-color":"","background-image":"","background-repeat":"repeat","background-position":"center center","background-size":"auto","background-attachment":"scroll","background-type":"","background-media":"","overlay-type":"","overlay-color":"","overlay-opacity":"","overlay-gradient":""},"tablet":{"background-color":"","background-image":"","background-repeat":"repeat","background-position":"center center","background-size":"auto","background-attachment":"scroll","background-type":"","background-media":"","overlay-type":"","overlay-color":"","overlay-opacity":"","overlay-gradient":""},"mobile":{"background-color":"","background-image":"","background-repeat":"repeat","background-position":"center center","background-size":"auto","background-attachment":"scroll","background-type":"","background-media":"","overlay-type":"","overlay-color":"","overlay-opacity":"","overlay-gradient":""}},"ast-content-background-meta":{"desktop":{"background-color":"var(--ast-global-color-5)","background-image":"","background-repeat":"repeat","background-position":"center center","background-size":"auto","background-attachment":"scroll","background-type":"","background-media":"","overlay-type":"","overlay-color":"","overlay-opacity":"","overlay-gradient":""},"tablet":{"background-color":"var(--ast-global-color-5)","background-image":"","background-repeat":"repeat","background-position":"center center","background-size":"auto","background-attachment":"scroll","background-type":"","background-media":"","overlay-type":"","overlay-color":"","overlay-opacity":"","overlay-gradient":""},"mobile":{"background-color":"var(--ast-global-color-5)","background-image":"","background-repeat":"repeat","background-position":"center center","background-size":"auto","background-attachment":"scroll","background-type":"","background-media":"","overlay-type":"","overlay-color":"","overlay-opacity":"","overlay-gradient":""}}},"product_brand":[],"product_cat":[51,54],"product_tag":[],"class_list":{"0":"post-6443","1":"product","2":"type-product","3":"status-publish","4":"has-post-thumbnail","6":"product_cat-riggging-hardware","7":"product_cat-shackle","8":"desktop-align-left","9":"tablet-align-left","10":"mobile-align-left","11":"ast-product-gallery-layout-horizontal-slider","12":"ast-product-tabs-layout-horizontal","14":"first","15":"instock","16":"shipping-taxable","17":"purchasable","18":"product-type-simple"},"yoast_head":"<!-- This site is optimized with the Yoast SEO plugin v25.2 - https:\/\/yoast.com\/wordpress\/plugins\/seo\/ -->\n<title>Wholesale D Shackle Chain Shackle for Lifting<\/title>\n<meta name=\"description\" content=\"Dee shackles, are engineered for durability and strength, ensuring dependable performance in diverse environments.\" \/>\n<meta name=\"robots\" content=\"index, follow, max-snippet:-1, max-image-preview:large, max-video-preview:-1\" \/>\n<link rel=\"canonical\" href=\"https:\/\/qingdaohf.com\/fi\/tuote\/tukku-d-kahle-ketjun-kahle-nostamiseen\/\" \/>\n<meta property=\"og:locale\" content=\"fi_FI\" \/>\n<meta property=\"og:type\" content=\"article\" \/>\n<meta property=\"og:title\" content=\"Wholesale D Shackle Chain Shackle for Lifting\" \/>\n<meta property=\"og:description\" content=\"Dee shackles, are engineered for durability and strength, ensuring dependable performance in diverse environments.\" \/>\n<meta property=\"og:url\" content=\"https:\/\/qingdaohf.com\/fi\/tuote\/tukku-d-kahle-ketjun-kahle-nostamiseen\/\" \/>\n<meta property=\"og:site_name\" content=\"Concrete Form &amp; Rigging Hardware Supplier\" \/>\n<meta property=\"article:publisher\" content=\"https:\/\/www.facebook.com\/qingdaohf\" \/>\n<meta property=\"article:modified_time\" content=\"2025-11-13T01:03:39+00:00\" \/>\n<meta property=\"og:image\" content=\"https:\/\/qingdaohf.com\/wp-content\/uploads\/2024\/02\/HF-SHACKLE-6.jpg\" \/>\n\t<meta property=\"og:image:width\" content=\"1000\" \/>\n\t<meta property=\"og:image:height\" content=\"1000\" \/>\n\t<meta property=\"og:image:type\" content=\"image\/jpeg\" \/>\n<meta name=\"twitter:card\" content=\"summary_large_image\" \/>\n<meta name=\"twitter:label1\" content=\"Arvioitu lukuaika\" \/>\n\t<meta name=\"twitter:data1\" content=\"5 minuuttia\" \/>\n<script type=\"application\/ld+json\" class=\"yoast-schema-graph\">{\"@context\":\"https:\/\/schema.org\",\"@graph\":[{\"@type\":\"WebPage\",\"@id\":\"https:\/\/qingdaohf.com\/product\/wholesale-d-shackle-chain-shackle-for-lifting\/\",\"url\":\"https:\/\/qingdaohf.com\/product\/wholesale-d-shackle-chain-shackle-for-lifting\/\",\"name\":\"Wholesale D Shackle Chain Shackle for Lifting\",\"isPartOf\":{\"@id\":\"https:\/\/qingdaohf.com\/bg\/#website\"},\"primaryImageOfPage\":{\"@id\":\"https:\/\/qingdaohf.com\/product\/wholesale-d-shackle-chain-shackle-for-lifting\/#primaryimage\"},\"image\":{\"@id\":\"https:\/\/qingdaohf.com\/product\/wholesale-d-shackle-chain-shackle-for-lifting\/#primaryimage\"},\"thumbnailUrl\":\"https:\/\/qingdaohf.com\/wp-content\/uploads\/2024\/02\/HF-SHACKLE-6.jpg\",\"datePublished\":\"2024-02-02T06:30:53+00:00\",\"dateModified\":\"2025-11-13T01:03:39+00:00\",\"description\":\"Dee shackles, are engineered for durability and strength, ensuring dependable performance in diverse environments.\",\"breadcrumb\":{\"@id\":\"https:\/\/qingdaohf.com\/product\/wholesale-d-shackle-chain-shackle-for-lifting\/#breadcrumb\"},\"inLanguage\":\"fi\",\"potentialAction\":[{\"@type\":\"ReadAction\",\"target\":[\"https:\/\/qingdaohf.com\/product\/wholesale-d-shackle-chain-shackle-for-lifting\/\"]}]},{\"@type\":\"ImageObject\",\"inLanguage\":\"fi\",\"@id\":\"https:\/\/qingdaohf.com\/product\/wholesale-d-shackle-chain-shackle-for-lifting\/#primaryimage\",\"url\":\"https:\/\/qingdaohf.com\/wp-content\/uploads\/2024\/02\/HF-SHACKLE-6.jpg\",\"contentUrl\":\"https:\/\/qingdaohf.com\/wp-content\/uploads\/2024\/02\/HF-SHACKLE-6.jpg\",\"width\":1000,\"height\":1000,\"caption\":\"D SHACKLE\"},{\"@type\":\"BreadcrumbList\",\"@id\":\"https:\/\/qingdaohf.com\/product\/wholesale-d-shackle-chain-shackle-for-lifting\/#breadcrumb\",\"itemListElement\":[{\"@type\":\"ListItem\",\"position\":1,\"name\":\"Home\",\"item\":\"https:\/\/qingdaohf.com\/\"},{\"@type\":\"ListItem\",\"position\":2,\"name\":\"Concrete Forming Accessories and Rigging Hardware\",\"item\":\"https:\/\/qingdaohf.com\/bg\/?page_id=944\"},{\"@type\":\"ListItem\",\"position\":3,\"name\":\"Wholesale D Shackle Chain Shackle for Lifting\"}]},{\"@type\":\"WebSite\",\"@id\":\"https:\/\/qingdaohf.com\/bg\/#website\",\"url\":\"https:\/\/qingdaohf.com\/bg\/\",\"name\":\"Concrete Form & Rigging Hardware Supplier\",\"description\":\"\",\"publisher\":{\"@id\":\"https:\/\/qingdaohf.com\/bg\/#organization\"},\"potentialAction\":[{\"@type\":\"SearchAction\",\"target\":{\"@type\":\"EntryPoint\",\"urlTemplate\":\"https:\/\/qingdaohf.com\/bg\/?s={search_term_string}\"},\"query-input\":{\"@type\":\"PropertyValueSpecification\",\"valueRequired\":true,\"valueName\":\"search_term_string\"}}],\"inLanguage\":\"fi\"},{\"@type\":\"Organization\",\"@id\":\"https:\/\/qingdaohf.com\/bg\/#organization\",\"name\":\"Qingdao H&F\",\"url\":\"https:\/\/qingdaohf.com\/bg\/\",\"logo\":{\"@type\":\"ImageObject\",\"inLanguage\":\"fi\",\"@id\":\"https:\/\/qingdaohf.com\/bg\/#\/schema\/logo\/image\/\",\"url\":\"https:\/\/qingdaohf.com\/wp-content\/uploads\/2022\/12\/cropped-HF-LOGO.png\",\"contentUrl\":\"https:\/\/qingdaohf.com\/wp-content\/uploads\/2022\/12\/cropped-HF-LOGO.png\",\"width\":391,\"height\":249,\"caption\":\"Qingdao H&F\"},\"image\":{\"@id\":\"https:\/\/qingdaohf.com\/bg\/#\/schema\/logo\/image\/\"},\"sameAs\":[\"https:\/\/www.facebook.com\/qingdaohf\"]}]}<\/script>\n<!-- \/ Yoast SEO plugin. -->","yoast_head_json":{"title":"Wholesale D Shackle Chain Shackle for Lifting","description":"Dee shackles, are engineered for durability and strength, ensuring dependable performance in diverse environments.","robots":{"index":"index","follow":"follow","max-snippet":"max-snippet:-1","max-image-preview":"max-image-preview:large","max-video-preview":"max-video-preview:-1"},"canonical":"https:\/\/qingdaohf.com\/fi\/tuote\/tukku-d-kahle-ketjun-kahle-nostamiseen\/","og_locale":"fi_FI","og_type":"article","og_title":"Wholesale D Shackle Chain Shackle for Lifting","og_description":"Dee shackles, are engineered for durability and strength, ensuring dependable performance in diverse environments.","og_url":"https:\/\/qingdaohf.com\/fi\/tuote\/tukku-d-kahle-ketjun-kahle-nostamiseen\/","og_site_name":"Concrete Form &amp; Rigging Hardware Supplier","article_publisher":"https:\/\/www.facebook.com\/qingdaohf","article_modified_time":"2025-11-13T01:03:39+00:00","og_image":[{"width":1000,"height":1000,"url":"https:\/\/qingdaohf.com\/wp-content\/uploads\/2024\/02\/HF-SHACKLE-6.jpg","type":"image\/jpeg"}],"twitter_card":"summary_large_image","twitter_misc":{"Arvioitu lukuaika":"5 minuuttia"},"schema":{"@context":"https:\/\/schema.org","@graph":[{"@type":"WebPage","@id":"https:\/\/qingdaohf.com\/product\/wholesale-d-shackle-chain-shackle-for-lifting\/","url":"https:\/\/qingdaohf.com\/product\/wholesale-d-shackle-chain-shackle-for-lifting\/","name":"Wholesale D Shackle Chain Shackle for Lifting","isPartOf":{"@id":"https:\/\/qingdaohf.com\/bg\/#website"},"primaryImageOfPage":{"@id":"https:\/\/qingdaohf.com\/product\/wholesale-d-shackle-chain-shackle-for-lifting\/#primaryimage"},"image":{"@id":"https:\/\/qingdaohf.com\/product\/wholesale-d-shackle-chain-shackle-for-lifting\/#primaryimage"},"thumbnailUrl":"https:\/\/qingdaohf.com\/wp-content\/uploads\/2024\/02\/HF-SHACKLE-6.jpg","datePublished":"2024-02-02T06:30:53+00:00","dateModified":"2025-11-13T01:03:39+00:00","description":"Dee shackles, are engineered for durability and strength, ensuring dependable performance in diverse environments.","breadcrumb":{"@id":"https:\/\/qingdaohf.com\/product\/wholesale-d-shackle-chain-shackle-for-lifting\/#breadcrumb"},"inLanguage":"fi","potentialAction":[{"@type":"ReadAction","target":["https:\/\/qingdaohf.com\/product\/wholesale-d-shackle-chain-shackle-for-lifting\/"]}]},{"@type":"ImageObject","inLanguage":"fi","@id":"https:\/\/qingdaohf.com\/product\/wholesale-d-shackle-chain-shackle-for-lifting\/#primaryimage","url":"https:\/\/qingdaohf.com\/wp-content\/uploads\/2024\/02\/HF-SHACKLE-6.jpg","contentUrl":"https:\/\/qingdaohf.com\/wp-content\/uploads\/2024\/02\/HF-SHACKLE-6.jpg","width":1000,"height":1000,"caption":"D SHACKLE"},{"@type":"BreadcrumbList","@id":"https:\/\/qingdaohf.com\/product\/wholesale-d-shackle-chain-shackle-for-lifting\/#breadcrumb","itemListElement":[{"@type":"ListItem","position":1,"name":"Home","item":"https:\/\/qingdaohf.com\/"},{"@type":"ListItem","position":2,"name":"Concrete Forming Accessories and Rigging Hardware","item":"https:\/\/qingdaohf.com\/bg\/?page_id=944"},{"@type":"ListItem","position":3,"name":"Wholesale D Shackle Chain Shackle for Lifting"}]},{"@type":"WebSite","@id":"https:\/\/qingdaohf.com\/bg\/#website","url":"https:\/\/qingdaohf.com\/bg\/","name":"Concrete Form & Rigging Hardware Supplier","description":"","publisher":{"@id":"https:\/\/qingdaohf.com\/bg\/#organization"},"potentialAction":[{"@type":"SearchAction","target":{"@type":"EntryPoint","urlTemplate":"https:\/\/qingdaohf.com\/bg\/?s={search_term_string}"},"query-input":{"@type":"PropertyValueSpecification","valueRequired":true,"valueName":"search_term_string"}}],"inLanguage":"fi"},{"@type":"Organization","@id":"https:\/\/qingdaohf.com\/bg\/#organization","name":"Qingdao H&F","url":"https:\/\/qingdaohf.com\/bg\/","logo":{"@type":"ImageObject","inLanguage":"fi","@id":"https:\/\/qingdaohf.com\/bg\/#\/schema\/logo\/image\/","url":"https:\/\/qingdaohf.com\/wp-content\/uploads\/2022\/12\/cropped-HF-LOGO.png","contentUrl":"https:\/\/qingdaohf.com\/wp-content\/uploads\/2022\/12\/cropped-HF-LOGO.png","width":391,"height":249,"caption":"Qingdao H&F"},"image":{"@id":"https:\/\/qingdaohf.com\/bg\/#\/schema\/logo\/image\/"},"sameAs":["https:\/\/www.facebook.com\/qingdaohf"]}]}},"_links":{"self":[{"href":"https:\/\/qingdaohf.com\/fi\/wp-json\/wp\/v2\/product\/6443","targetHints":{"allow":["GET"]}}],"collection":[{"href":"https:\/\/qingdaohf.com\/fi\/wp-json\/wp\/v2\/product"}],"about":[{"href":"https:\/\/qingdaohf.com\/fi\/wp-json\/wp\/v2\/types\/product"}],"replies":[{"embeddable":true,"href":"https:\/\/qingdaohf.com\/fi\/wp-json\/wp\/v2\/comments?post=6443"}],"version-history":[{"count":10,"href":"https:\/\/qingdaohf.com\/fi\/wp-json\/wp\/v2\/product\/6443\/revisions"}],"predecessor-version":[{"id":8212,"href":"https:\/\/qingdaohf.com\/fi\/wp-json\/wp\/v2\/product\/6443\/revisions\/8212"}],"wp:featuredmedia":[{"embeddable":true,"href":"https:\/\/qingdaohf.com\/fi\/wp-json\/wp\/v2\/media\/6470"}],"wp:attachment":[{"href":"https:\/\/qingdaohf.com\/fi\/wp-json\/wp\/v2\/media?parent=6443"}],"wp:term":[{"taxonomy":"product_brand","embeddable":true,"href":"https:\/\/qingdaohf.com\/fi\/wp-json\/wp\/v2\/product_brand?post=6443"},{"taxonomy":"product_cat","embeddable":true,"href":"https:\/\/qingdaohf.com\/fi\/wp-json\/wp\/v2\/product_cat?post=6443"},{"taxonomy":"product_tag","embeddable":true,"href":"https:\/\/qingdaohf.com\/fi\/wp-json\/wp\/v2\/product_tag?post=6443"}],"curies":[{"name":"wp","href":"https:\/\/api.w.org\/{rel}","templated":true}]}}