{"id":6490,"date":"2024-02-02T16:39:40","date_gmt":"2024-02-02T08:39:40","guid":{"rendered":"http:\/\/qingdaohf.com\/?post_type=product&#038;p=6490"},"modified":"2025-11-13T09:03:38","modified_gmt":"2025-11-13T01:03:38","slug":"bolt-type-shackle","status":"publish","type":"product","link":"https:\/\/qingdaohf.com\/fi\/tuote\/pulttityyppinen-kahva\/","title":{"rendered":"Pultin tyyppinen kahva"},"content":{"rendered":"<h3>Ruuvityyppisten kahleiden aseman ja eritelmien ymm\u00e4rt\u00e4minen<\/h3>\n<p>Pulttityyppiset kahleet, jotka tunnistaa usein malleista kuten G2130 ja G2140, ovat perustavanlaatuisia ty\u00f6kaluja takilointi-, hinaus- ja nostosovelluksissa. Niiden vankka rakenne on tarkoitettu varmistamaan liitokset ja tukemaan suuria kuormia turvallisesti. Erityisesti pulttityyppinen rakenne tarjoaa lis\u00e4turvaa muihin kahlatyyppeihin verrattuna, joten ne soveltuvat erinomaisesti pitk\u00e4aikaisiin tai puoliksi pysyviin asennuksiin, joissa parempi vakaus on v\u00e4ltt\u00e4m\u00e4t\u00f6nt\u00e4.<\/p>\n<p>Ruuvityyppiset kahleet erottuvat toisistaan siin\u00e4, ett\u00e4 ne pystyv\u00e4t k\u00e4sittelem\u00e4\u00e4n suuria ty\u00f6kuormia turvallisesti, ja mallit, kuten G2130 ja G2140, tarjoavat laajan valikoiman kokoja ja WLL-vaihtoehtoja. T\u00e4m\u00e4 monipuolisuus antaa k\u00e4ytt\u00e4jille eri toimialoilla - rakennus-, meri- tai valmistusteollisuudessa - mahdollisuuden valita juuri sellainen kahva, joka vastaa heid\u00e4n projektinsa vaatimuksia. Kun valitset kahvaa, WLL ja koko ovat t\u00e4rkeimpi\u00e4 seikkoja, sill\u00e4 ne vaikuttavat suoraan kahvan kykyyn toimia erilaisissa painokuormissa. N\u00e4iden ruuvityyppisten kahleiden WLL vaihtelee yleens\u00e4 0,33 tonnista 150 tonniin, kun taas koko vaihtelee 1\/4 tuuman ja 3 tuuman v\u00e4lill\u00e4, mik\u00e4 tarjoaa vaihtoehtoja erilaisiin takilavaatimuksiin ja ymp\u00e4rist\u00f6olosuhteisiin.<\/p>\n<p>G2130- ja G2140-pulttikahleiden toinen merkitt\u00e4v\u00e4 etu niiden koon ja lujuuden lis\u00e4ksi on niiden rakenne, joka mahdollistaa helpon ja turvallisen tappikiinnityksen. T\u00e4m\u00e4 n\u00e4k\u00f6kohta on ratkaisevan t\u00e4rke\u00e4, sill\u00e4 pultti- ja mutterikokoonpano est\u00e4\u00e4 vahingossa tapahtuvan irtoamisen ja suojaa siten sek\u00e4 kuormaa ett\u00e4 takilahihnojen kiinnityshenkil\u00f6st\u00f6\u00e4. N\u00e4m\u00e4 laadukkaasta, lujatekoisesta ter\u00e4ksest\u00e4 valmistetut ja usein korroosionkest\u00e4vyyden vuoksi galvanoidut kahleet ovat kest\u00e4vi\u00e4 sek\u00e4 sis\u00e4- ett\u00e4 ulkok\u00e4yt\u00f6ss\u00e4.<\/p>\n<h3>Luotettavan toimittajan korkealaatuisten pulttityyppisten kahleiden valinnan edut<\/h3>\n<p>Kun ostat ruuvityyppisi\u00e4 kahleita, laadunvarmistus on olennaisen t\u00e4rke\u00e4\u00e4. Qingdao H&amp;F erottuu edukseen asettamalla tiukat laatustandardit etusijalle, sill\u00e4 ymm\u00e4rr\u00e4mme, ett\u00e4 ostajat tarvitsevat mielenrauhaa siit\u00e4, ett\u00e4 tuotteet t\u00e4ytt\u00e4v\u00e4t turvallisuusvaatimukset. Kahleillemme tehd\u00e4\u00e4n useita laatutarkastuksia ennen toimitusta, ja niist\u00e4 toimitetaan yksityiskohtaiset tarkastusraportit. N\u00e4ill\u00e4 raporteilla varmistetaan, ett\u00e4 jokainen tuote vastaa vaadittuja lujuus- ja kest\u00e4vyysstandardeja, mik\u00e4 auttaa ostajia tekem\u00e4\u00e4n tietoon perustuvia valintoja todennettujen tietojen perusteella.<\/p>\n<p>Tiukkojen laatutestausten lis\u00e4ksi tarjoamme henkil\u00f6kohtaista asiakaspalvelua, joka auttaa ostajia l\u00f6yt\u00e4m\u00e4\u00e4n heid\u00e4n erityistarpeisiinsa parhaiten sopivan kahvan. Nopean toimitussyklimme ansiosta Qingdao H&amp;F lyhent\u00e4\u00e4 odotusaikoja ja varmistaa, ett\u00e4 ostajat saavat tuotteensa nopeasti, vaikka heill\u00e4 olisi tiukat projektiaikataulut. T\u00e4m\u00e4 nopean ja luotettavan palvelun sek\u00e4 laadun korostamisen yhdistelm\u00e4 tekee meist\u00e4 ensisijaisen kumppanin, kun on kyse korkealuokkaisten G2130- ja G2140-pulttityyppisten kahleiden suurhankinnoista.<\/p>\n<p>Sitoutumisemme asiakastyytyv\u00e4isyyteen perustuu avoimuuteen, luotettavuuteen ja asiantuntevaan ohjaukseen, jotta hankintaprosessi sujuisi ongelmitta. Jokainen vuorovaikutus on suunniteltu siten, ett\u00e4 asiakkaat saavat arvokasta tietoa tuotteiden yhteensopivuudesta, asennusmenettelyist\u00e4 ja huoltok\u00e4yt\u00e4nn\u00f6ist\u00e4. T\u00e4m\u00e4 henkil\u00f6kohtainen palvelu on erityisen hy\u00f6dyllist\u00e4 r\u00e4\u00e4t\u00e4l\u00f6ityj\u00e4 ratkaisuja etsiville asiakkaille, sill\u00e4 tiimimme voi antaa neuvoja hankekohtaisten vaatimusten perusteella.<\/p>\n<h3>T\u00e4rkeimm\u00e4t pulttipuristimien valintaan ja k\u00e4ytt\u00f6\u00f6n liittyv\u00e4t n\u00e4k\u00f6kohdat<\/h3>\n<p>Oikean pulttityyppisen raudan valinta riippuu useista tekij\u00f6ist\u00e4, ja WLL ja raudan koko ovat ratkaisevia turvallisen k\u00e4yt\u00f6n kannalta. WLL m\u00e4\u00e4r\u00e4\u00e4 suurimman kuorman, jonka kahva voi kest\u00e4\u00e4, kun taas koko vaikuttaa sopivuuteen ja yhteensopivuuteen takilointiasetusten kanssa. Riitt\u00e4m\u00e4t\u00f6n mitoitus tai kuormituskapasiteetti voi vaarantaa turvallisuuden ja johtaa mahdolliseen laitevikaan. N\u00e4in ollen oikean WLL:n ja koon sovittaminen aiottuun sovellukseen on ensiarvoisen t\u00e4rke\u00e4\u00e4 turvallisen ja tehokkaan toiminnan kannalta.<\/p>\n<p>Eri materiaalien ja viimeistelyjen erilaisten etujen ymm\u00e4rt\u00e4minen voi ohjata valintaa. Esimerkiksi galvanoidusta ter\u00e4ksest\u00e4 valmistetut pulttikiinnikkeet ovat korroosionkest\u00e4vyydelt\u00e4\u00e4n parempia, joten ne soveltuvat erinomaisesti vaativiin tai meriymp\u00e4rist\u00f6ihin. Lis\u00e4ksi pultti- ja mutterirakenne, kuten G2130- ja G2140-malleissa, tarjoaa vakauden ja turvallisuuden tason, jota ei l\u00f6ydy muista kahlatyypeist\u00e4. T\u00e4m\u00e4 kokoonpano minimoi tappien liukumisen todenn\u00e4k\u00f6isyyden, joten n\u00e4m\u00e4 kahleet soveltuvat sovelluksiin, joissa kuormat voivat siirty\u00e4 tai t\u00e4rist\u00e4, kuten kuljetuksissa tai raskaissa teollisuuden nostoissa.<\/p>\n<p>Kunnossapito on toinen tekij\u00e4, joka vaikuttaa ruuvityyppisten kahleiden pitk\u00e4ik\u00e4isyyteen ja suorituskykyyn. S\u00e4\u00e4nn\u00f6llinen tarkastus on t\u00e4rke\u00e4\u00e4, jotta voidaan varmistaa, ett\u00e4 kahleet eiv\u00e4t ole korroosion, muodonmuutosten tai v\u00e4symisen alaisia. Qingdao H&amp;F:lt\u00e4 ostaville asiakkaille tarjoamme eri teollisuudenalojen tarpeisiin r\u00e4\u00e4t\u00e4l\u00f6ityj\u00e4 k\u00e4ytt\u00f6ohjeita ja huoltovinkkej\u00e4, jotka auttavat pident\u00e4m\u00e4\u00e4n tuotteen k\u00e4ytt\u00f6ik\u00e4\u00e4 ja maksimoimaan arvon. Tiimimme voi auttaa ostajia huoltok\u00e4yt\u00e4nn\u00f6iss\u00e4, jotka varmistavat jokaisen kahvan turvallisen ja luotettavan toiminnan, mik\u00e4 vahvistaa sitoutumistamme asiakastyytyv\u00e4isyyteen ja toiminnan turvallisuuteen.<\/p>\n<p>Yhteenvetona voidaan todeta, ett\u00e4 G2130:n ja G2140:n kaltaisilla pulttipuristimilla on korvaamaton rooli erilaisissa teollisissa sovelluksissa. Niiden ainutlaatuisen rakenteen ja monipuolisuuden ansiosta ne kest\u00e4v\u00e4t suuria kuormitusvaatimuksia ja tarjoavat samalla turvallisuutta pultti- ja mutterikiinnitysmekanismin avulla. Ostajille luotettavan toimittajan valitseminen on avainasemassa, kun halutaan saada tiukat laatuvaatimukset t\u00e4ytt\u00e4vi\u00e4 tuotteita. Qingdao H&amp;F tarjoaa nopeiden toimitusten, laajojen laatutarkastusten ja henkil\u00f6kohtaisen palvelun yhdistelm\u00e4n, jolla varmistetaan, ett\u00e4 jokainen ostos parantaa jokaisen asiakkaan tuottavuutta, turvallisuutta ja helppok\u00e4ytt\u00f6isyytt\u00e4.<\/p>\n<p>Jatkuvalla sitoutumisellamme laatuun ja asiakaspalveluun pyrimme olemaan luotettava kumppani ostajille, jotka etsiv\u00e4t suorituskykyisi\u00e4 pulttityyppisi\u00e4 kahleita, jotka on rakennettu kest\u00e4m\u00e4\u00e4n vaativia ymp\u00e4rist\u00f6j\u00e4.<\/p>\n<p><strong>G2130 kahva<\/strong><\/p>\n<p><img fetchpriority=\"high\" decoding=\"async\" class=\"alignnone size-full wp-image-3831\" src=\"http:\/\/qingdaohf.com\/wp-content\/uploads\/2023\/05\/G2130.jpg\" alt=\"G2130 kahva\" width=\"1000\" height=\"1158\" srcset=\"https:\/\/qingdaohf.com\/wp-content\/uploads\/2023\/05\/G2130.jpg 1000w, https:\/\/qingdaohf.com\/wp-content\/uploads\/2023\/05\/G2130-259x300.jpg 259w, https:\/\/qingdaohf.com\/wp-content\/uploads\/2023\/05\/G2130-884x1024.jpg 884w, https:\/\/qingdaohf.com\/wp-content\/uploads\/2023\/05\/G2130-768x889.jpg 768w\" sizes=\"(max-width: 1000px) 100vw, 1000px\" \/><\/p>\n<p><strong>G2130A kahva<\/strong><\/p>\n<p><img decoding=\"async\" class=\"alignnone size-full wp-image-3832\" src=\"http:\/\/qingdaohf.com\/wp-content\/uploads\/2023\/05\/G2130A.jpg\" alt=\"G2130A kahva\" width=\"1000\" height=\"783\" srcset=\"https:\/\/qingdaohf.com\/wp-content\/uploads\/2023\/05\/G2130A.jpg 1000w, https:\/\/qingdaohf.com\/wp-content\/uploads\/2023\/05\/G2130A-300x235.jpg 300w, https:\/\/qingdaohf.com\/wp-content\/uploads\/2023\/05\/G2130A-768x601.jpg 768w\" sizes=\"(max-width: 1000px) 100vw, 1000px\" \/><\/p>\n<p><strong>G2140 kahva<\/strong><\/p>\n<p><img decoding=\"async\" class=\"alignnone size-full wp-image-3833\" src=\"http:\/\/qingdaohf.com\/wp-content\/uploads\/2023\/05\/G2140.jpg\" alt=\"G2140 kahva\" width=\"1000\" height=\"1202\" srcset=\"https:\/\/qingdaohf.com\/wp-content\/uploads\/2023\/05\/G2140.jpg 1000w, https:\/\/qingdaohf.com\/wp-content\/uploads\/2023\/05\/G2140-250x300.jpg 250w, https:\/\/qingdaohf.com\/wp-content\/uploads\/2023\/05\/G2140-852x1024.jpg 852w, https:\/\/qingdaohf.com\/wp-content\/uploads\/2023\/05\/G2140-768x923.jpg 768w\" sizes=\"(max-width: 1000px) 100vw, 1000px\" \/><\/p>","protected":false},"excerpt":{"rendered":"<p>Ruuvityyppiset kahleet, kuten suositut G2130- ja G2140-mallit, ovat v\u00e4ltt\u00e4m\u00e4tt\u00f6mi\u00e4 kiinnityskomponentteja, jotka on suunniteltu raskaiden kuormien nostamiseen, hinaamiseen ja kiinnitt\u00e4miseen. Kapasiteetit vaihtelevat suuresti, ja n\u00e4m\u00e4 kahleet tukevat ty\u00f6kuorman raja-arvoja (WLL) 0,33 tonnista 150 tonniin, ja niiden koot vaihtelevat tyypillisesti 1\/4 tuuman ja 3 tuuman v\u00e4lill\u00e4. Ostajat asettavat usein etusijalle lujuuden, kest\u00e4vyyden ja turvallisuustakeet, mink\u00e4 vuoksi laaduntarkastusraportit ovat t\u00e4rke\u00e4 tekij\u00e4 ostop\u00e4\u00e4t\u00f6ksiss\u00e4. Qingdao H&amp;F parantaa t\u00e4t\u00e4 kokemusta tarjoamalla nopean toimitussyklin, henkil\u00f6kohtaisen asiakastuen ja kattavan laadunvarmistuksen tarkastusraporttien avulla. N\u00e4m\u00e4 palvelut korostavat sitoutumistamme siihen, ett\u00e4 ostajat saavat luotettavat, suorituskykyiset ja heid\u00e4n tarpeisiinsa r\u00e4\u00e4t\u00e4l\u00f6idyt kahleet.<\/p>","protected":false},"featured_media":6468,"comment_status":"open","ping_status":"closed","template":"","meta":{"site-sidebar-layout":"default","site-content-layout":"","ast-site-content-layout":"default","site-content-style":"default","site-sidebar-style":"default","ast-global-header-display":"","ast-banner-title-visibility":"","ast-main-header-display":"","ast-hfb-above-header-display":"","ast-hfb-below-header-display":"","ast-hfb-mobile-header-display":"","site-post-title":"","ast-breadcrumbs-content":"","ast-featured-img":"","footer-sml-layout":"","theme-transparent-header-meta":"default","adv-header-id-meta":"","stick-header-meta":"default","header-above-stick-meta":"","header-main-stick-meta":"","header-below-stick-meta":"","astra-migrate-meta-layouts":"set","ast-page-background-enabled":"default","ast-page-background-meta":{"desktop":{"background-color":"","background-image":"","background-repeat":"repeat","background-position":"center center","background-size":"auto","background-attachment":"scroll","background-type":"","background-media":"","overlay-type":"","overlay-color":"","overlay-opacity":"","overlay-gradient":""},"tablet":{"background-color":"","background-image":"","background-repeat":"repeat","background-position":"center center","background-size":"auto","background-attachment":"scroll","background-type":"","background-media":"","overlay-type":"","overlay-color":"","overlay-opacity":"","overlay-gradient":""},"mobile":{"background-color":"","background-image":"","background-repeat":"repeat","background-position":"center center","background-size":"auto","background-attachment":"scroll","background-type":"","background-media":"","overlay-type":"","overlay-color":"","overlay-opacity":"","overlay-gradient":""}},"ast-content-background-meta":{"desktop":{"background-color":"var(--ast-global-color-5)","background-image":"","background-repeat":"repeat","background-position":"center center","background-size":"auto","background-attachment":"scroll","background-type":"","background-media":"","overlay-type":"","overlay-color":"","overlay-opacity":"","overlay-gradient":""},"tablet":{"background-color":"var(--ast-global-color-5)","background-image":"","background-repeat":"repeat","background-position":"center center","background-size":"auto","background-attachment":"scroll","background-type":"","background-media":"","overlay-type":"","overlay-color":"","overlay-opacity":"","overlay-gradient":""},"mobile":{"background-color":"var(--ast-global-color-5)","background-image":"","background-repeat":"repeat","background-position":"center center","background-size":"auto","background-attachment":"scroll","background-type":"","background-media":"","overlay-type":"","overlay-color":"","overlay-opacity":"","overlay-gradient":""}}},"product_brand":[],"product_cat":[51,54],"product_tag":[],"class_list":{"0":"post-6490","1":"product","2":"type-product","3":"status-publish","4":"has-post-thumbnail","6":"product_cat-riggging-hardware","7":"product_cat-shackle","8":"desktop-align-left","9":"tablet-align-left","10":"mobile-align-left","11":"ast-product-gallery-layout-horizontal-slider","12":"ast-product-tabs-layout-horizontal","14":"first","15":"instock","16":"shipping-taxable","17":"purchasable","18":"product-type-simple"},"yoast_head":"<!-- This site is optimized with the Yoast SEO plugin v25.2 - https:\/\/yoast.com\/wordpress\/plugins\/seo\/ -->\n<title>Bolt Type Shackle<\/title>\n<meta name=\"description\" content=\"A bolt-type shackle is a type of hardware that is used to connect chains, ropes, or cables together.\" \/>\n<meta name=\"robots\" content=\"index, follow, max-snippet:-1, max-image-preview:large, max-video-preview:-1\" \/>\n<link rel=\"canonical\" href=\"https:\/\/qingdaohf.com\/fi\/tuote\/pulttityyppinen-kahva\/\" \/>\n<meta property=\"og:locale\" content=\"fi_FI\" \/>\n<meta property=\"og:type\" content=\"article\" \/>\n<meta property=\"og:title\" content=\"Bolt Type Shackle\" \/>\n<meta property=\"og:description\" content=\"A bolt-type shackle is a type of hardware that is used to connect chains, ropes, or cables together.\" \/>\n<meta property=\"og:url\" content=\"https:\/\/qingdaohf.com\/fi\/tuote\/pulttityyppinen-kahva\/\" \/>\n<meta property=\"og:site_name\" content=\"Concrete Form &amp; Rigging Hardware Supplier\" \/>\n<meta property=\"article:publisher\" content=\"https:\/\/www.facebook.com\/qingdaohf\" \/>\n<meta property=\"article:modified_time\" content=\"2025-11-13T01:03:38+00:00\" \/>\n<meta property=\"og:image\" content=\"https:\/\/qingdaohf.com\/wp-content\/uploads\/2024\/02\/HF-SHACKLE-4.jpg\" \/>\n\t<meta property=\"og:image:width\" content=\"1000\" \/>\n\t<meta property=\"og:image:height\" content=\"1000\" \/>\n\t<meta property=\"og:image:type\" content=\"image\/jpeg\" \/>\n<meta name=\"twitter:card\" content=\"summary_large_image\" \/>\n<meta name=\"twitter:label1\" content=\"Arvioitu lukuaika\" \/>\n\t<meta name=\"twitter:data1\" content=\"5 minuuttia\" \/>\n<script type=\"application\/ld+json\" class=\"yoast-schema-graph\">{\"@context\":\"https:\/\/schema.org\",\"@graph\":[{\"@type\":\"WebPage\",\"@id\":\"https:\/\/qingdaohf.com\/product\/bolt-type-shackle\/\",\"url\":\"https:\/\/qingdaohf.com\/product\/bolt-type-shackle\/\",\"name\":\"Bolt Type Shackle\",\"isPartOf\":{\"@id\":\"https:\/\/qingdaohf.com\/bg\/#website\"},\"primaryImageOfPage\":{\"@id\":\"https:\/\/qingdaohf.com\/product\/bolt-type-shackle\/#primaryimage\"},\"image\":{\"@id\":\"https:\/\/qingdaohf.com\/product\/bolt-type-shackle\/#primaryimage\"},\"thumbnailUrl\":\"https:\/\/qingdaohf.com\/wp-content\/uploads\/2024\/02\/HF-SHACKLE-4.jpg\",\"datePublished\":\"2024-02-02T08:39:40+00:00\",\"dateModified\":\"2025-11-13T01:03:38+00:00\",\"description\":\"A bolt-type shackle is a type of hardware that is used to connect chains, ropes, or cables together.\",\"breadcrumb\":{\"@id\":\"https:\/\/qingdaohf.com\/product\/bolt-type-shackle\/#breadcrumb\"},\"inLanguage\":\"fi\",\"potentialAction\":[{\"@type\":\"ReadAction\",\"target\":[\"https:\/\/qingdaohf.com\/product\/bolt-type-shackle\/\"]}]},{\"@type\":\"ImageObject\",\"inLanguage\":\"fi\",\"@id\":\"https:\/\/qingdaohf.com\/product\/bolt-type-shackle\/#primaryimage\",\"url\":\"https:\/\/qingdaohf.com\/wp-content\/uploads\/2024\/02\/HF-SHACKLE-4.jpg\",\"contentUrl\":\"https:\/\/qingdaohf.com\/wp-content\/uploads\/2024\/02\/HF-SHACKLE-4.jpg\",\"width\":1000,\"height\":1000,\"caption\":\"bolt type SHACKLE\"},{\"@type\":\"BreadcrumbList\",\"@id\":\"https:\/\/qingdaohf.com\/product\/bolt-type-shackle\/#breadcrumb\",\"itemListElement\":[{\"@type\":\"ListItem\",\"position\":1,\"name\":\"Home\",\"item\":\"https:\/\/qingdaohf.com\/\"},{\"@type\":\"ListItem\",\"position\":2,\"name\":\"Concrete Forming Accessories and Rigging Hardware\",\"item\":\"https:\/\/qingdaohf.com\/bg\/?page_id=944\"},{\"@type\":\"ListItem\",\"position\":3,\"name\":\"Bolt Type Shackle\"}]},{\"@type\":\"WebSite\",\"@id\":\"https:\/\/qingdaohf.com\/bg\/#website\",\"url\":\"https:\/\/qingdaohf.com\/bg\/\",\"name\":\"Concrete Form & Rigging Hardware Supplier\",\"description\":\"\",\"publisher\":{\"@id\":\"https:\/\/qingdaohf.com\/bg\/#organization\"},\"potentialAction\":[{\"@type\":\"SearchAction\",\"target\":{\"@type\":\"EntryPoint\",\"urlTemplate\":\"https:\/\/qingdaohf.com\/bg\/?s={search_term_string}\"},\"query-input\":{\"@type\":\"PropertyValueSpecification\",\"valueRequired\":true,\"valueName\":\"search_term_string\"}}],\"inLanguage\":\"fi\"},{\"@type\":\"Organization\",\"@id\":\"https:\/\/qingdaohf.com\/bg\/#organization\",\"name\":\"Qingdao H&F\",\"url\":\"https:\/\/qingdaohf.com\/bg\/\",\"logo\":{\"@type\":\"ImageObject\",\"inLanguage\":\"fi\",\"@id\":\"https:\/\/qingdaohf.com\/bg\/#\/schema\/logo\/image\/\",\"url\":\"https:\/\/qingdaohf.com\/wp-content\/uploads\/2022\/12\/cropped-HF-LOGO.png\",\"contentUrl\":\"https:\/\/qingdaohf.com\/wp-content\/uploads\/2022\/12\/cropped-HF-LOGO.png\",\"width\":391,\"height\":249,\"caption\":\"Qingdao H&F\"},\"image\":{\"@id\":\"https:\/\/qingdaohf.com\/bg\/#\/schema\/logo\/image\/\"},\"sameAs\":[\"https:\/\/www.facebook.com\/qingdaohf\"]}]}<\/script>\n<!-- \/ Yoast SEO plugin. -->","yoast_head_json":{"title":"Bolt Type Shackle","description":"A bolt-type shackle is a type of hardware that is used to connect chains, ropes, or cables together.","robots":{"index":"index","follow":"follow","max-snippet":"max-snippet:-1","max-image-preview":"max-image-preview:large","max-video-preview":"max-video-preview:-1"},"canonical":"https:\/\/qingdaohf.com\/fi\/tuote\/pulttityyppinen-kahva\/","og_locale":"fi_FI","og_type":"article","og_title":"Bolt Type Shackle","og_description":"A bolt-type shackle is a type of hardware that is used to connect chains, ropes, or cables together.","og_url":"https:\/\/qingdaohf.com\/fi\/tuote\/pulttityyppinen-kahva\/","og_site_name":"Concrete Form &amp; Rigging Hardware Supplier","article_publisher":"https:\/\/www.facebook.com\/qingdaohf","article_modified_time":"2025-11-13T01:03:38+00:00","og_image":[{"width":1000,"height":1000,"url":"https:\/\/qingdaohf.com\/wp-content\/uploads\/2024\/02\/HF-SHACKLE-4.jpg","type":"image\/jpeg"}],"twitter_card":"summary_large_image","twitter_misc":{"Arvioitu lukuaika":"5 minuuttia"},"schema":{"@context":"https:\/\/schema.org","@graph":[{"@type":"WebPage","@id":"https:\/\/qingdaohf.com\/product\/bolt-type-shackle\/","url":"https:\/\/qingdaohf.com\/product\/bolt-type-shackle\/","name":"Bolt Type Shackle","isPartOf":{"@id":"https:\/\/qingdaohf.com\/bg\/#website"},"primaryImageOfPage":{"@id":"https:\/\/qingdaohf.com\/product\/bolt-type-shackle\/#primaryimage"},"image":{"@id":"https:\/\/qingdaohf.com\/product\/bolt-type-shackle\/#primaryimage"},"thumbnailUrl":"https:\/\/qingdaohf.com\/wp-content\/uploads\/2024\/02\/HF-SHACKLE-4.jpg","datePublished":"2024-02-02T08:39:40+00:00","dateModified":"2025-11-13T01:03:38+00:00","description":"A bolt-type shackle is a type of hardware that is used to connect chains, ropes, or cables together.","breadcrumb":{"@id":"https:\/\/qingdaohf.com\/product\/bolt-type-shackle\/#breadcrumb"},"inLanguage":"fi","potentialAction":[{"@type":"ReadAction","target":["https:\/\/qingdaohf.com\/product\/bolt-type-shackle\/"]}]},{"@type":"ImageObject","inLanguage":"fi","@id":"https:\/\/qingdaohf.com\/product\/bolt-type-shackle\/#primaryimage","url":"https:\/\/qingdaohf.com\/wp-content\/uploads\/2024\/02\/HF-SHACKLE-4.jpg","contentUrl":"https:\/\/qingdaohf.com\/wp-content\/uploads\/2024\/02\/HF-SHACKLE-4.jpg","width":1000,"height":1000,"caption":"bolt type SHACKLE"},{"@type":"BreadcrumbList","@id":"https:\/\/qingdaohf.com\/product\/bolt-type-shackle\/#breadcrumb","itemListElement":[{"@type":"ListItem","position":1,"name":"Home","item":"https:\/\/qingdaohf.com\/"},{"@type":"ListItem","position":2,"name":"Concrete Forming Accessories and Rigging Hardware","item":"https:\/\/qingdaohf.com\/bg\/?page_id=944"},{"@type":"ListItem","position":3,"name":"Bolt Type Shackle"}]},{"@type":"WebSite","@id":"https:\/\/qingdaohf.com\/bg\/#website","url":"https:\/\/qingdaohf.com\/bg\/","name":"Concrete Form & Rigging Hardware Supplier","description":"","publisher":{"@id":"https:\/\/qingdaohf.com\/bg\/#organization"},"potentialAction":[{"@type":"SearchAction","target":{"@type":"EntryPoint","urlTemplate":"https:\/\/qingdaohf.com\/bg\/?s={search_term_string}"},"query-input":{"@type":"PropertyValueSpecification","valueRequired":true,"valueName":"search_term_string"}}],"inLanguage":"fi"},{"@type":"Organization","@id":"https:\/\/qingdaohf.com\/bg\/#organization","name":"Qingdao H&F","url":"https:\/\/qingdaohf.com\/bg\/","logo":{"@type":"ImageObject","inLanguage":"fi","@id":"https:\/\/qingdaohf.com\/bg\/#\/schema\/logo\/image\/","url":"https:\/\/qingdaohf.com\/wp-content\/uploads\/2022\/12\/cropped-HF-LOGO.png","contentUrl":"https:\/\/qingdaohf.com\/wp-content\/uploads\/2022\/12\/cropped-HF-LOGO.png","width":391,"height":249,"caption":"Qingdao H&F"},"image":{"@id":"https:\/\/qingdaohf.com\/bg\/#\/schema\/logo\/image\/"},"sameAs":["https:\/\/www.facebook.com\/qingdaohf"]}]}},"_links":{"self":[{"href":"https:\/\/qingdaohf.com\/fi\/wp-json\/wp\/v2\/product\/6490","targetHints":{"allow":["GET"]}}],"collection":[{"href":"https:\/\/qingdaohf.com\/fi\/wp-json\/wp\/v2\/product"}],"about":[{"href":"https:\/\/qingdaohf.com\/fi\/wp-json\/wp\/v2\/types\/product"}],"replies":[{"embeddable":true,"href":"https:\/\/qingdaohf.com\/fi\/wp-json\/wp\/v2\/comments?post=6490"}],"version-history":[{"count":9,"href":"https:\/\/qingdaohf.com\/fi\/wp-json\/wp\/v2\/product\/6490\/revisions"}],"predecessor-version":[{"id":8214,"href":"https:\/\/qingdaohf.com\/fi\/wp-json\/wp\/v2\/product\/6490\/revisions\/8214"}],"wp:featuredmedia":[{"embeddable":true,"href":"https:\/\/qingdaohf.com\/fi\/wp-json\/wp\/v2\/media\/6468"}],"wp:attachment":[{"href":"https:\/\/qingdaohf.com\/fi\/wp-json\/wp\/v2\/media?parent=6490"}],"wp:term":[{"taxonomy":"product_brand","embeddable":true,"href":"https:\/\/qingdaohf.com\/fi\/wp-json\/wp\/v2\/product_brand?post=6490"},{"taxonomy":"product_cat","embeddable":true,"href":"https:\/\/qingdaohf.com\/fi\/wp-json\/wp\/v2\/product_cat?post=6490"},{"taxonomy":"product_tag","embeddable":true,"href":"https:\/\/qingdaohf.com\/fi\/wp-json\/wp\/v2\/product_tag?post=6490"}],"curies":[{"name":"wp","href":"https:\/\/api.w.org\/{rel}","templated":true}]}}