{"id":7163,"date":"2024-05-20T13:42:36","date_gmt":"2024-05-20T05:42:36","guid":{"rendered":"http:\/\/qingdaohf.com\/?post_type=product&#038;p=7163"},"modified":"2025-11-13T09:03:16","modified_gmt":"2025-11-13T01:03:16","slug":"aluminum-form-wall-ties","status":"publish","type":"product","link":"https:\/\/qingdaohf.com\/fi\/tuote\/alumiini-muoto-seina-siteet\/","title":{"rendered":"Alumiini Form Wall Ties"},"content":{"rendered":"<p>Alumiinisilla muotinsiteill\u00e4 on ratkaiseva merkitys betonimuottien rakentamisessa erityisesti silloin, kun tarkkuus ja kest\u00e4vyys ovat ensiarvoisen t\u00e4rkeit\u00e4. N\u00e4m\u00e4 siteet pit\u00e4v\u00e4t muotit paikoillaan betonivaluprosessin aikana ja varmistavat, ett\u00e4 muotit s\u00e4ilytt\u00e4v\u00e4t aiotun muotonsa ja linjauksensa. N\u00e4in ollen ne auttavat takaamaan betoniseinien ja -pilareiden rakenteellisen eheyden ja yhdenmukaisuuden. Muotinsiteet voivat vaihdella materiaaliltaan, mutta alumiini erottuu edukseen lujuutensa, keveytens\u00e4 ja korroosionkest\u00e4vyytens\u00e4 ansiosta. Me Qingdao H&amp;F:ll\u00e4 tarjoamme korkealaatuisia alumiinisia muotinsiteit\u00e4, jotka on r\u00e4\u00e4t\u00e4l\u00f6ity rakennusteollisuuden tarpeisiin ja joilla varmistetaan, ett\u00e4 projektit saadaan p\u00e4\u00e4t\u00f6kseen tehokkaasti ja turvallisesti.<\/p>\n<h3><strong>Miksi alumiinia muotositeit\u00e4 varten?<\/strong><\/h3>\n<p>Alumiinin k\u00e4ytt\u00f6 muotositeiss\u00e4 on lis\u00e4\u00e4ntynyt sen ainutlaatuisten ominaisuuksien ansiosta, jotka tekev\u00e4t siit\u00e4 hyvin soveltuvan vaativiin rakennusymp\u00e4rist\u00f6ihin. Alumiini on kevytt\u00e4 mutta vahvaa, joten sit\u00e4 on helppo k\u00e4sitell\u00e4 ty\u00f6maalla suorituskyvyst\u00e4 tinkim\u00e4tt\u00e4. T\u00e4m\u00e4 on erityisen hy\u00f6dyllist\u00e4 silloin, kun sidoksia tarvitaan suuria m\u00e4\u00e4ri\u00e4 tai kun ty\u00f6ntekij\u00f6iden on hallittava raskasta ty\u00f6taakkaa. Toisin kuin muut materiaalit, kuten ter\u00e4s, alumiinin keveys v\u00e4hent\u00e4\u00e4 rasitusta k\u00e4sittelyn ja asennuksen aikana.<\/p>\n<p>Korroosionkest\u00e4vyys on toinen merkitt\u00e4v\u00e4 etu. Muottisiteet altistuvat kosteudelle ja erilaisille kemikaaleille betoniseoksessa. Alumiini kest\u00e4\u00e4 luonnostaan ruostetta ja muita korroosion muotoja, mik\u00e4 pident\u00e4\u00e4 muotinsiteiden k\u00e4ytt\u00f6ik\u00e4\u00e4 ja v\u00e4hent\u00e4\u00e4 tarvetta vaihtaa niit\u00e4 usein. T\u00e4m\u00e4 kest\u00e4vyys merkitsee yrityksille pitk\u00e4n aikav\u00e4lin kustannuss\u00e4\u00e4st\u00f6j\u00e4, erityisesti suurissa hankkeissa, joissa seisonta-aikojen ja kunnossapidon minimointi on ratkaisevan t\u00e4rke\u00e4\u00e4.<\/p>\n<h3><strong>Rakentamisen tehokkuus ja kustannustehokkuus<\/strong><\/h3>\n<p>Tehokkuus on onnistuneiden rakennushankkeiden kulmakivi, ja muotinsiteet edist\u00e4v\u00e4t t\u00e4t\u00e4 tavoitetta varmistamalla, ett\u00e4 muotti pysyy paikoillaan, mik\u00e4 est\u00e4\u00e4 kalliit virheet. Huonosti kohdistettu tai heikosti paikallaan oleva muotti voi johtaa betonin rakenteellisiin ongelmiin, jotka aiheuttavat viiv\u00e4styksi\u00e4, materiaalien tuhlausta ja mahdollisesti vaarallisia lopputuloksia. Alumiiniset muottisiteet varmistavat turvallisen muotin, mutta my\u00f6s yksinkertaistavat asennus- ja purkamisprosesseja.<\/p>\n<p>Koska alumiiniset muotositeet ovat uudelleenk\u00e4ytett\u00e4vi\u00e4, ne tarjoavat huomattavia kustannuss\u00e4\u00e4st\u00f6j\u00e4 ajan my\u00f6t\u00e4. Urakoitsijat joutuvat usein tasapainoilemaan lyhyen aikav\u00e4lin kustannusten ja pitk\u00e4n aikav\u00e4lin hy\u00f6tyjen v\u00e4lill\u00e4, ja investoimalla kest\u00e4viin, uudelleenk\u00e4ytett\u00e4viin muottisiteisiin voidaan v\u00e4hent\u00e4\u00e4 tarvetta vaihtaa niit\u00e4 usein ja alentaa hankkeen kokonaiskustannuksia. Koska alumiinisiteet ovat kevyempi\u00e4 ja helpompia kuljettaa, ne v\u00e4hent\u00e4v\u00e4t logistiikkakustannuksia ja tehostavat ty\u00f6maatoimintaa.<\/p>\n<div class=\"ast-oembed-container\" style=\"height: 100%;\"><iframe title=\"Betonin muottitarvikkeet Kaareva kiila ja suora kiila\" width=\"500\" height=\"281\" src=\"https:\/\/www.youtube.com\/embed\/_He4pUDjl1U?feature=oembed\" frameborder=\"0\" allow=\"accelerometer; autoplay; clipboard-write; encrypted-media; gyroscope; picture-in-picture; web-share\" referrerpolicy=\"strict-origin-when-cross-origin\" allowfullscreen><\/iframe><\/div>\n<h3><strong>Kest\u00e4vyys ja ymp\u00e4rist\u00f6vaikutukset<\/strong><\/h3>\n<p>Nykyaikaisessa rakennusteollisuudessa kest\u00e4vyys on yh\u00e4 t\u00e4rke\u00e4mp\u00e4\u00e4, ja alumiinimuotositeet ovat linjassa ymp\u00e4rist\u00f6yst\u00e4v\u00e4llisten k\u00e4yt\u00e4nt\u00f6jen kanssa. Alumiini on eritt\u00e4in hyvin kierr\u00e4tett\u00e4viss\u00e4, ja monet alumiinituotteet valmistetaan kierr\u00e4tysmateriaaleista. T\u00e4m\u00e4 v\u00e4hent\u00e4\u00e4 uusien raaka-aineiden kysynt\u00e4\u00e4 ja minimoi ymp\u00e4rist\u00f6vaikutukset. Elinkaarensa lopussa alumiiniset muotositeet voidaan sulattaa ja k\u00e4ytt\u00e4\u00e4 uudelleen menett\u00e4m\u00e4tt\u00e4 niiden luontaisia ominaisuuksia, mik\u00e4 tekee niist\u00e4 kest\u00e4v\u00e4n valinnan rakennusalan ammattilaisille, jotka pyrkiv\u00e4t pienent\u00e4m\u00e4\u00e4n hiilijalanj\u00e4lke\u00e4\u00e4n.<\/p>\n<p>Lis\u00e4ksi kest\u00e4vien, uudelleenk\u00e4ytett\u00e4vien materiaalien, kuten alumiinin, k\u00e4ytt\u00f6 v\u00e4hent\u00e4\u00e4 paikan p\u00e4\u00e4ll\u00e4 syntyv\u00e4\u00e4 j\u00e4tett\u00e4. Urakoitsijat voivat k\u00e4ytt\u00e4\u00e4 alumiinisia muotositeit\u00e4 uudelleen useissa eri hankkeissa, mik\u00e4 v\u00e4hent\u00e4\u00e4 merkitt\u00e4v\u00e4sti kaatopaikoille muuten p\u00e4\u00e4tyvien k\u00e4yt\u00f6st\u00e4 poistettavien materiaalien m\u00e4\u00e4r\u00e4\u00e4. T\u00e4m\u00e4 auttaa rakennusyrityksi\u00e4 saavuttamaan maailmanlaajuiset kest\u00e4v\u00e4n kehityksen tavoitteet ja vetoamaan asiakkaisiin, jotka pit\u00e4v\u00e4t ymp\u00e4rist\u00f6vastuullisia toimintatapoja t\u00e4rkein\u00e4.<\/p>\n<h3><strong>Qingdao H&amp;F:n sitoutuminen laatuun ja palveluun<\/strong><\/h3>\n<p>Me Qingdao H&amp;F:ss\u00e4 ymm\u00e4rr\u00e4mme, ett\u00e4 rakennusalan ammattilaiset tarvitsevat luotettavia materiaaleja ja poikkeuksellista palvelua saadakseen projektinsa valmiiksi aikataulussa ja budjetissa. Alumiiniset muotinsiteet valmistetaan tiukkojen laadunvalvontastandardien mukaisesti, mik\u00e4 takaa tasaisen suorituskyvyn ja kest\u00e4vyyden. Olemme ylpeit\u00e4 siit\u00e4, ett\u00e4 tarjoamme korkealaatuisten tuotteiden lis\u00e4ksi my\u00f6s kilpailukykyist\u00e4 hinnoittelua, jolloin asiakkaamme voivat hy\u00f6ty\u00e4 sek\u00e4 edullisuudesta ett\u00e4 erinomaisuudesta.<\/p>\n<p>Tied\u00e4mme, ett\u00e4 jokainen projekti on ainutlaatuinen, ja tiimimme tarjoaa henkil\u00f6kohtaista asiakaspalvelua varmistaakseen, ett\u00e4 saat parhaat tuotteet juuri sinun tarpeisiisi. Autamme sinua valitsemaan oikeanlaisen alumiinimuotin sidontatyypin ja tarjoamme jatkuvaa tukea koko projektin ajan, joten olemme sitoutuneet tekem\u00e4\u00e4n ostokokemuksestasi sujuvan ja tehokkaan. Qingdao H&amp;F on palvellut rakennusteollisuutta 20 vuoden ajan, ja se on ansainnut maineensa luotettavuuden, luotettavuuden ja asiakastyytyv\u00e4isyyden ansiosta.<\/p>\n<h3><strong>Johtop\u00e4\u00e4t\u00f6kset: Miksi Qingdao H&amp;F:n alumiinimuotositeet?<\/strong><\/h3>\n<p>Oikeiden muotositeiden valinta on t\u00e4rke\u00e4\u00e4 rakennushankkeidesi onnistumisen varmistamiseksi, ja alumiiniset muotositeet tarjoavat yhdistelm\u00e4n lujuutta, kest\u00e4vyytt\u00e4 ja kustannustehokkuutta, jota vain harvat muut materiaalit pystyv\u00e4t tarjoamaan. Me Qingdao H&amp;F:ll\u00e4 tarjoamme huippuluokan alumiinisia muotositeit\u00e4, jotka t\u00e4ytt\u00e4v\u00e4t nykyaikaisen rakentamisen tarpeet ja varmistavat, ett\u00e4 projektisi ovat kest\u00e4vi\u00e4. Keskitymme laatuun, kilpailukykyiseen hinnoitteluun ja vertaansa vailla olevaan asiakaspalveluun, joten olemme luotettava kumppanisi rakentamisen huippuosaamisen saavuttamisessa. Olipa kyseess\u00e4 sitten pienimuotoinen hanke tai suuri infrastruktuurikehitys, alumiiniset muotinsiteet auttavat sinua saavuttamaan optimaalisen tuloksen joka kerta.<\/p>","protected":false},"excerpt":{"rendered":"<p><strong>Saavutetaan tarkat betonisein\u00e4n mitat ja varmistetaan rakenteellinen eheys.<\/strong> Alumiinimuotin sein\u00e4siteill\u00e4, jotka ovat t\u00e4rke\u00e4 osa alumiinimuottij\u00e4rjestelmi\u00e4. N\u00e4m\u00e4 siteet toimivat yhdess\u00e4 alumiinimuototappien ja alumiinimuotokiilojen kanssa luodakseen vankan ja tehokkaan sein\u00e4muottij\u00e4rjestelm\u00e4n. <strong>Sein\u00e4m\u00e4n paksuus Koot<\/strong> erilaisten betonisein\u00e4mallien mukauttamiseksi. Yleisi\u00e4 kokoja ovat <strong>6\" - 24\"<\/strong>, jolloin voit rakentaa eri paksuisia seini\u00e4 helposti.<\/p>","protected":false},"featured_media":7168,"comment_status":"open","ping_status":"closed","template":"","meta":{"site-sidebar-layout":"default","site-content-layout":"","ast-site-content-layout":"default","site-content-style":"default","site-sidebar-style":"default","ast-global-header-display":"","ast-banner-title-visibility":"","ast-main-header-display":"","ast-hfb-above-header-display":"","ast-hfb-below-header-display":"","ast-hfb-mobile-header-display":"","site-post-title":"","ast-breadcrumbs-content":"","ast-featured-img":"","footer-sml-layout":"","theme-transparent-header-meta":"default","adv-header-id-meta":"","stick-header-meta":"default","header-above-stick-meta":"","header-main-stick-meta":"","header-below-stick-meta":"","astra-migrate-meta-layouts":"set","ast-page-background-enabled":"default","ast-page-background-meta":{"desktop":{"background-color":"","background-image":"","background-repeat":"repeat","background-position":"center center","background-size":"auto","background-attachment":"scroll","background-type":"","background-media":"","overlay-type":"","overlay-color":"","overlay-opacity":"","overlay-gradient":""},"tablet":{"background-color":"","background-image":"","background-repeat":"repeat","background-position":"center center","background-size":"auto","background-attachment":"scroll","background-type":"","background-media":"","overlay-type":"","overlay-color":"","overlay-opacity":"","overlay-gradient":""},"mobile":{"background-color":"","background-image":"","background-repeat":"repeat","background-position":"center center","background-size":"auto","background-attachment":"scroll","background-type":"","background-media":"","overlay-type":"","overlay-color":"","overlay-opacity":"","overlay-gradient":""}},"ast-content-background-meta":{"desktop":{"background-color":"var(--ast-global-color-5)","background-image":"","background-repeat":"repeat","background-position":"center center","background-size":"auto","background-attachment":"scroll","background-type":"","background-media":"","overlay-type":"","overlay-color":"","overlay-opacity":"","overlay-gradient":""},"tablet":{"background-color":"var(--ast-global-color-5)","background-image":"","background-repeat":"repeat","background-position":"center center","background-size":"auto","background-attachment":"scroll","background-type":"","background-media":"","overlay-type":"","overlay-color":"","overlay-opacity":"","overlay-gradient":""},"mobile":{"background-color":"var(--ast-global-color-5)","background-image":"","background-repeat":"repeat","background-position":"center center","background-size":"auto","background-attachment":"scroll","background-type":"","background-media":"","overlay-type":"","overlay-color":"","overlay-opacity":"","overlay-gradient":""}}},"product_brand":[],"product_cat":[65],"product_tag":[],"class_list":{"0":"post-7163","1":"product","2":"type-product","3":"status-publish","4":"has-post-thumbnail","6":"product_cat-aluminum-form-tie","7":"desktop-align-left","8":"tablet-align-left","9":"mobile-align-left","10":"ast-product-gallery-layout-horizontal-slider","11":"ast-product-tabs-layout-horizontal","13":"first","14":"instock","15":"shipping-taxable","16":"purchasable","17":"product-type-simple"},"yoast_head":"<!-- This site is optimized with the Yoast SEO plugin v25.2 - https:\/\/yoast.com\/wordpress\/plugins\/seo\/ -->\n<title>Aluminum Form Wall Ties<\/title>\n<meta name=\"description\" content=\"Aluminum Form Wall Ties are available in a range of Wall Thickness Sizes to accommodate various concrete wall designs. Common sizes include 6\u201d - 24\u201d.\" \/>\n<meta name=\"robots\" content=\"index, follow, max-snippet:-1, max-image-preview:large, max-video-preview:-1\" \/>\n<link rel=\"canonical\" href=\"https:\/\/qingdaohf.com\/fi\/tuote\/alumiini-muoto-seina-siteet\/\" \/>\n<meta property=\"og:locale\" content=\"fi_FI\" \/>\n<meta property=\"og:type\" content=\"article\" \/>\n<meta property=\"og:title\" content=\"Aluminum Form Wall Ties\" \/>\n<meta property=\"og:description\" content=\"Aluminum Form Wall Ties are available in a range of Wall Thickness Sizes to accommodate various concrete wall designs. Common sizes include 6\u201d - 24\u201d.\" \/>\n<meta property=\"og:url\" content=\"https:\/\/qingdaohf.com\/fi\/tuote\/alumiini-muoto-seina-siteet\/\" \/>\n<meta property=\"og:site_name\" content=\"Concrete Form &amp; Rigging Hardware Supplier\" \/>\n<meta property=\"article:publisher\" content=\"https:\/\/www.facebook.com\/qingdaohf\" \/>\n<meta property=\"article:modified_time\" content=\"2025-11-13T01:03:16+00:00\" \/>\n<meta property=\"og:image\" content=\"https:\/\/qingdaohf.com\/wp-content\/uploads\/2024\/05\/Aluminum-Form-Wall-Ties-1.jpg\" \/>\n\t<meta property=\"og:image:width\" content=\"1000\" \/>\n\t<meta property=\"og:image:height\" content=\"1000\" \/>\n\t<meta property=\"og:image:type\" content=\"image\/jpeg\" \/>\n<meta name=\"twitter:card\" content=\"summary_large_image\" \/>\n<meta name=\"twitter:label1\" content=\"Arvioitu lukuaika\" \/>\n\t<meta name=\"twitter:data1\" content=\"4 minuuttia\" \/>\n<script type=\"application\/ld+json\" class=\"yoast-schema-graph\">{\"@context\":\"https:\/\/schema.org\",\"@graph\":[{\"@type\":\"WebPage\",\"@id\":\"https:\/\/qingdaohf.com\/product\/aluminum-form-wall-ties\/\",\"url\":\"https:\/\/qingdaohf.com\/product\/aluminum-form-wall-ties\/\",\"name\":\"Aluminum Form Wall Ties\",\"isPartOf\":{\"@id\":\"https:\/\/qingdaohf.com\/bg\/#website\"},\"primaryImageOfPage\":{\"@id\":\"https:\/\/qingdaohf.com\/product\/aluminum-form-wall-ties\/#primaryimage\"},\"image\":{\"@id\":\"https:\/\/qingdaohf.com\/product\/aluminum-form-wall-ties\/#primaryimage\"},\"thumbnailUrl\":\"https:\/\/qingdaohf.com\/wp-content\/uploads\/2024\/05\/Aluminum-Form-Wall-Ties-1.jpg\",\"datePublished\":\"2024-05-20T05:42:36+00:00\",\"dateModified\":\"2025-11-13T01:03:16+00:00\",\"description\":\"Aluminum Form Wall Ties are available in a range of Wall Thickness Sizes to accommodate various concrete wall designs. Common sizes include 6\u201d - 24\u201d.\",\"breadcrumb\":{\"@id\":\"https:\/\/qingdaohf.com\/product\/aluminum-form-wall-ties\/#breadcrumb\"},\"inLanguage\":\"fi\",\"potentialAction\":[{\"@type\":\"ReadAction\",\"target\":[\"https:\/\/qingdaohf.com\/product\/aluminum-form-wall-ties\/\"]}]},{\"@type\":\"ImageObject\",\"inLanguage\":\"fi\",\"@id\":\"https:\/\/qingdaohf.com\/product\/aluminum-form-wall-ties\/#primaryimage\",\"url\":\"https:\/\/qingdaohf.com\/wp-content\/uploads\/2024\/05\/Aluminum-Form-Wall-Ties-1.jpg\",\"contentUrl\":\"https:\/\/qingdaohf.com\/wp-content\/uploads\/2024\/05\/Aluminum-Form-Wall-Ties-1.jpg\",\"width\":1000,\"height\":1000,\"caption\":\"Aluminum Form Wall Ties\"},{\"@type\":\"BreadcrumbList\",\"@id\":\"https:\/\/qingdaohf.com\/product\/aluminum-form-wall-ties\/#breadcrumb\",\"itemListElement\":[{\"@type\":\"ListItem\",\"position\":1,\"name\":\"Home\",\"item\":\"https:\/\/qingdaohf.com\/\"},{\"@type\":\"ListItem\",\"position\":2,\"name\":\"Concrete Forming Accessories and Rigging Hardware\",\"item\":\"https:\/\/qingdaohf.com\/bg\/?page_id=944\"},{\"@type\":\"ListItem\",\"position\":3,\"name\":\"Aluminum Form Wall Ties\"}]},{\"@type\":\"WebSite\",\"@id\":\"https:\/\/qingdaohf.com\/bg\/#website\",\"url\":\"https:\/\/qingdaohf.com\/bg\/\",\"name\":\"Concrete Form & Rigging Hardware Supplier\",\"description\":\"\",\"publisher\":{\"@id\":\"https:\/\/qingdaohf.com\/bg\/#organization\"},\"potentialAction\":[{\"@type\":\"SearchAction\",\"target\":{\"@type\":\"EntryPoint\",\"urlTemplate\":\"https:\/\/qingdaohf.com\/bg\/?s={search_term_string}\"},\"query-input\":{\"@type\":\"PropertyValueSpecification\",\"valueRequired\":true,\"valueName\":\"search_term_string\"}}],\"inLanguage\":\"fi\"},{\"@type\":\"Organization\",\"@id\":\"https:\/\/qingdaohf.com\/bg\/#organization\",\"name\":\"Qingdao H&F\",\"url\":\"https:\/\/qingdaohf.com\/bg\/\",\"logo\":{\"@type\":\"ImageObject\",\"inLanguage\":\"fi\",\"@id\":\"https:\/\/qingdaohf.com\/bg\/#\/schema\/logo\/image\/\",\"url\":\"https:\/\/qingdaohf.com\/wp-content\/uploads\/2022\/12\/cropped-HF-LOGO.png\",\"contentUrl\":\"https:\/\/qingdaohf.com\/wp-content\/uploads\/2022\/12\/cropped-HF-LOGO.png\",\"width\":391,\"height\":249,\"caption\":\"Qingdao H&F\"},\"image\":{\"@id\":\"https:\/\/qingdaohf.com\/bg\/#\/schema\/logo\/image\/\"},\"sameAs\":[\"https:\/\/www.facebook.com\/qingdaohf\"]}]}<\/script>\n<!-- \/ Yoast SEO plugin. -->","yoast_head_json":{"title":"Aluminum Form Wall Ties","description":"Aluminum Form Wall Ties are available in a range of Wall Thickness Sizes to accommodate various concrete wall designs. Common sizes include 6\u201d - 24\u201d.","robots":{"index":"index","follow":"follow","max-snippet":"max-snippet:-1","max-image-preview":"max-image-preview:large","max-video-preview":"max-video-preview:-1"},"canonical":"https:\/\/qingdaohf.com\/fi\/tuote\/alumiini-muoto-seina-siteet\/","og_locale":"fi_FI","og_type":"article","og_title":"Aluminum Form Wall Ties","og_description":"Aluminum Form Wall Ties are available in a range of Wall Thickness Sizes to accommodate various concrete wall designs. Common sizes include 6\u201d - 24\u201d.","og_url":"https:\/\/qingdaohf.com\/fi\/tuote\/alumiini-muoto-seina-siteet\/","og_site_name":"Concrete Form &amp; Rigging Hardware Supplier","article_publisher":"https:\/\/www.facebook.com\/qingdaohf","article_modified_time":"2025-11-13T01:03:16+00:00","og_image":[{"width":1000,"height":1000,"url":"https:\/\/qingdaohf.com\/wp-content\/uploads\/2024\/05\/Aluminum-Form-Wall-Ties-1.jpg","type":"image\/jpeg"}],"twitter_card":"summary_large_image","twitter_misc":{"Arvioitu lukuaika":"4 minuuttia"},"schema":{"@context":"https:\/\/schema.org","@graph":[{"@type":"WebPage","@id":"https:\/\/qingdaohf.com\/product\/aluminum-form-wall-ties\/","url":"https:\/\/qingdaohf.com\/product\/aluminum-form-wall-ties\/","name":"Aluminum Form Wall Ties","isPartOf":{"@id":"https:\/\/qingdaohf.com\/bg\/#website"},"primaryImageOfPage":{"@id":"https:\/\/qingdaohf.com\/product\/aluminum-form-wall-ties\/#primaryimage"},"image":{"@id":"https:\/\/qingdaohf.com\/product\/aluminum-form-wall-ties\/#primaryimage"},"thumbnailUrl":"https:\/\/qingdaohf.com\/wp-content\/uploads\/2024\/05\/Aluminum-Form-Wall-Ties-1.jpg","datePublished":"2024-05-20T05:42:36+00:00","dateModified":"2025-11-13T01:03:16+00:00","description":"Aluminum Form Wall Ties are available in a range of Wall Thickness Sizes to accommodate various concrete wall designs. Common sizes include 6\u201d - 24\u201d.","breadcrumb":{"@id":"https:\/\/qingdaohf.com\/product\/aluminum-form-wall-ties\/#breadcrumb"},"inLanguage":"fi","potentialAction":[{"@type":"ReadAction","target":["https:\/\/qingdaohf.com\/product\/aluminum-form-wall-ties\/"]}]},{"@type":"ImageObject","inLanguage":"fi","@id":"https:\/\/qingdaohf.com\/product\/aluminum-form-wall-ties\/#primaryimage","url":"https:\/\/qingdaohf.com\/wp-content\/uploads\/2024\/05\/Aluminum-Form-Wall-Ties-1.jpg","contentUrl":"https:\/\/qingdaohf.com\/wp-content\/uploads\/2024\/05\/Aluminum-Form-Wall-Ties-1.jpg","width":1000,"height":1000,"caption":"Aluminum Form Wall Ties"},{"@type":"BreadcrumbList","@id":"https:\/\/qingdaohf.com\/product\/aluminum-form-wall-ties\/#breadcrumb","itemListElement":[{"@type":"ListItem","position":1,"name":"Home","item":"https:\/\/qingdaohf.com\/"},{"@type":"ListItem","position":2,"name":"Concrete Forming Accessories and Rigging Hardware","item":"https:\/\/qingdaohf.com\/bg\/?page_id=944"},{"@type":"ListItem","position":3,"name":"Aluminum Form Wall Ties"}]},{"@type":"WebSite","@id":"https:\/\/qingdaohf.com\/bg\/#website","url":"https:\/\/qingdaohf.com\/bg\/","name":"Concrete Form & Rigging Hardware Supplier","description":"","publisher":{"@id":"https:\/\/qingdaohf.com\/bg\/#organization"},"potentialAction":[{"@type":"SearchAction","target":{"@type":"EntryPoint","urlTemplate":"https:\/\/qingdaohf.com\/bg\/?s={search_term_string}"},"query-input":{"@type":"PropertyValueSpecification","valueRequired":true,"valueName":"search_term_string"}}],"inLanguage":"fi"},{"@type":"Organization","@id":"https:\/\/qingdaohf.com\/bg\/#organization","name":"Qingdao H&F","url":"https:\/\/qingdaohf.com\/bg\/","logo":{"@type":"ImageObject","inLanguage":"fi","@id":"https:\/\/qingdaohf.com\/bg\/#\/schema\/logo\/image\/","url":"https:\/\/qingdaohf.com\/wp-content\/uploads\/2022\/12\/cropped-HF-LOGO.png","contentUrl":"https:\/\/qingdaohf.com\/wp-content\/uploads\/2022\/12\/cropped-HF-LOGO.png","width":391,"height":249,"caption":"Qingdao H&F"},"image":{"@id":"https:\/\/qingdaohf.com\/bg\/#\/schema\/logo\/image\/"},"sameAs":["https:\/\/www.facebook.com\/qingdaohf"]}]}},"_links":{"self":[{"href":"https:\/\/qingdaohf.com\/fi\/wp-json\/wp\/v2\/product\/7163","targetHints":{"allow":["GET"]}}],"collection":[{"href":"https:\/\/qingdaohf.com\/fi\/wp-json\/wp\/v2\/product"}],"about":[{"href":"https:\/\/qingdaohf.com\/fi\/wp-json\/wp\/v2\/types\/product"}],"replies":[{"embeddable":true,"href":"https:\/\/qingdaohf.com\/fi\/wp-json\/wp\/v2\/comments?post=7163"}],"version-history":[{"count":3,"href":"https:\/\/qingdaohf.com\/fi\/wp-json\/wp\/v2\/product\/7163\/revisions"}],"predecessor-version":[{"id":8094,"href":"https:\/\/qingdaohf.com\/fi\/wp-json\/wp\/v2\/product\/7163\/revisions\/8094"}],"wp:featuredmedia":[{"embeddable":true,"href":"https:\/\/qingdaohf.com\/fi\/wp-json\/wp\/v2\/media\/7168"}],"wp:attachment":[{"href":"https:\/\/qingdaohf.com\/fi\/wp-json\/wp\/v2\/media?parent=7163"}],"wp:term":[{"taxonomy":"product_brand","embeddable":true,"href":"https:\/\/qingdaohf.com\/fi\/wp-json\/wp\/v2\/product_brand?post=7163"},{"taxonomy":"product_cat","embeddable":true,"href":"https:\/\/qingdaohf.com\/fi\/wp-json\/wp\/v2\/product_cat?post=7163"},{"taxonomy":"product_tag","embeddable":true,"href":"https:\/\/qingdaohf.com\/fi\/wp-json\/wp\/v2\/product_tag?post=7163"}],"curies":[{"name":"wp","href":"https:\/\/api.w.org\/{rel}","templated":true}]}}