{"id":7201,"date":"2024-05-21T15:26:46","date_gmt":"2024-05-21T07:26:46","guid":{"rendered":"http:\/\/qingdaohf.com\/?post_type=product&#038;p=7201"},"modified":"2025-11-13T09:03:16","modified_gmt":"2025-11-13T01:03:16","slug":"one-piece-waler-bracket","status":"publish","type":"product","link":"https:\/\/qingdaohf.com\/fi\/tuote\/yksiosainen-waler-kannatin\/","title":{"rendered":"Yksiosainen Waler Bracket"},"content":{"rendered":"<p>Esittelyss\u00e4 <strong>Yksiosainen Waler-kannatin (yksiosainen Waler-kiristin)<\/strong>\u00a0 - lopullinen ratkaisu muottij\u00e4rjestelmien kiinnitt\u00e4miseen tarkasti ja luotettavasti. Korkealuokkaisista materiaaleista valmistettu vankka kannatin varmistaa betonimuottien vankan tuen ja kohdistuksen, tehostaa rakennusprosesseja ja parantaa hankkeiden yleist\u00e4 laatua.<\/p>\n<p><strong>T\u00e4rkeimm\u00e4t ominaisuudet:<\/strong><\/p>\n<ul>\n<li><strong>Kest\u00e4v\u00e4 rakenne:<\/strong> Korkealuokkaisesta ter\u00e4ksest\u00e4 valmistettu waler-kannattimemme on rakennettu kest\u00e4m\u00e4\u00e4n kovaa rasitusta ja kovia olosuhteita, mik\u00e4 takaa pitk\u00e4aikaisen suorituskyvyn.<\/li>\n<li><strong>Monipuolinen k\u00e4ytt\u00f6:<\/strong> Suunniteltu yhteensopivaksi erilaisten muottij\u00e4rjestelmien kanssa, joten se sopii monenlaisiin rakennushankkeisiin.<\/li>\n<li><strong>Helppo asennus:<\/strong> Yksinkertaistaa kokoonpanoprosessia ja v\u00e4hent\u00e4\u00e4 ty\u00f6aikaa ja kustannuksia yksinkertaisen rakenteensa ansiosta.<\/li>\n<li><strong>Tarkka kohdistus:<\/strong> Varmistaa muottity\u00f6n tarkan asemoinnin ja vakauden, mik\u00e4 on ratkaisevan t\u00e4rke\u00e4\u00e4 sileiden ja tasaisten betonipintojen aikaansaamiseksi.<\/li>\n<li><strong>Parannettu turvallisuus:<\/strong> Tarjoaa turvallisen kiinnityksen, joka minimoi muottirikon riskin ja varmistaa turvallisemman ty\u00f6ymp\u00e4rist\u00f6n.<\/li>\n<\/ul>\n<p><strong>Sovellukset:<\/strong><\/p>\n<p>One Piece Waler Bracket on v\u00e4ltt\u00e4m\u00e4t\u00f6n muottirakentamisessa, erityisesti kun sit\u00e4 k\u00e4ytet\u00e4\u00e4n nippusiteiden kanssa. Snap-siteet, joita k\u00e4ytet\u00e4\u00e4n usein yhdess\u00e4 kannattimien kanssa, tarjoavat tehokkaan ja toimivan tavan yll\u00e4pit\u00e4\u00e4 muottipaneelien v\u00e4li\u00e4 ja linjausta. T\u00e4m\u00e4 yhdistelm\u00e4 on keskeinen:<\/p>\n<ul>\n<li><strong>Betonisein\u00e4rakenne:<\/strong> Varmistetaan, ett\u00e4 sein\u00e4t ovat suorat ja oikein linjassa.<\/li>\n<li><strong>Perustusten rakentaminen:<\/strong> Perustusten muottien eheyden ja tarkkuuden s\u00e4ilytt\u00e4minen.<\/li>\n<li><strong>Kaupalliset ja asuinhankkeet:<\/strong> Tarpeeksi monipuolinen, jotta sit\u00e4 voidaan k\u00e4ytt\u00e4\u00e4 eri mittakaavaisissa rakennust\u00f6iss\u00e4, suurista kaupallisista ty\u00f6maista pienempiin asuinrakennuksiin.<\/li>\n<\/ul>\n<p>Integroimalla One Piece Waler Bracketin muottij\u00e4rjestelmiin voit parantaa tarkkuutta, vakautta ja turvallisuutta rakennushankkeissasi.<\/p>\n<p><strong>Miksi valita H&amp;F:<\/strong><\/p>\n<p>H&amp;F on sitoutunut tarjoamaan laadukkaita ja kansainv\u00e4liset standardit t\u00e4ytt\u00e4vi\u00e4 rakennustarvikkeita. One Piece Waler Bracket on osoitus omistautumisestamme huippuosaamiselle, sill\u00e4 se tarjoaa luotettavaa suorituskyky\u00e4 ja kest\u00e4vyytt\u00e4.<\/p>","protected":false},"excerpt":{"rendered":"<p>Kiinnit\u00e4 ja vakauta muotti kest\u00e4v\u00e4ll\u00e4, helposti asennettavalla kannattimella. Se on ihanteellinen betonisein\u00e4n ja perustusten rakentamiseen ja takaa tarkan kohdistuksen ja turvallisuuden. T\u00e4ydellisesti t\u00e4ydent\u00e4\u00e4 napsautussiteit\u00e4 tehokasta ja luotettavaa muottikokoonpanoa varten. Paranna rakennusprojektejasi H&amp;F:n laadukkailla rautatavaroilla.<\/p>","protected":false},"featured_media":7202,"comment_status":"open","ping_status":"closed","template":"","meta":{"site-sidebar-layout":"default","site-content-layout":"","ast-site-content-layout":"default","site-content-style":"default","site-sidebar-style":"default","ast-global-header-display":"","ast-banner-title-visibility":"","ast-main-header-display":"","ast-hfb-above-header-display":"","ast-hfb-below-header-display":"","ast-hfb-mobile-header-display":"","site-post-title":"","ast-breadcrumbs-content":"","ast-featured-img":"","footer-sml-layout":"","theme-transparent-header-meta":"default","adv-header-id-meta":"","stick-header-meta":"default","header-above-stick-meta":"","header-main-stick-meta":"","header-below-stick-meta":"","astra-migrate-meta-layouts":"set","ast-page-background-enabled":"default","ast-page-background-meta":{"desktop":{"background-color":"","background-image":"","background-repeat":"repeat","background-position":"center center","background-size":"auto","background-attachment":"scroll","background-type":"","background-media":"","overlay-type":"","overlay-color":"","overlay-opacity":"","overlay-gradient":""},"tablet":{"background-color":"","background-image":"","background-repeat":"repeat","background-position":"center center","background-size":"auto","background-attachment":"scroll","background-type":"","background-media":"","overlay-type":"","overlay-color":"","overlay-opacity":"","overlay-gradient":""},"mobile":{"background-color":"","background-image":"","background-repeat":"repeat","background-position":"center center","background-size":"auto","background-attachment":"scroll","background-type":"","background-media":"","overlay-type":"","overlay-color":"","overlay-opacity":"","overlay-gradient":""}},"ast-content-background-meta":{"desktop":{"background-color":"var(--ast-global-color-5)","background-image":"","background-repeat":"repeat","background-position":"center center","background-size":"auto","background-attachment":"scroll","background-type":"","background-media":"","overlay-type":"","overlay-color":"","overlay-opacity":"","overlay-gradient":""},"tablet":{"background-color":"var(--ast-global-color-5)","background-image":"","background-repeat":"repeat","background-position":"center center","background-size":"auto","background-attachment":"scroll","background-type":"","background-media":"","overlay-type":"","overlay-color":"","overlay-opacity":"","overlay-gradient":""},"mobile":{"background-color":"var(--ast-global-color-5)","background-image":"","background-repeat":"repeat","background-position":"center center","background-size":"auto","background-attachment":"scroll","background-type":"","background-media":"","overlay-type":"","overlay-color":"","overlay-opacity":"","overlay-gradient":""}}},"product_brand":[],"product_cat":[28],"product_tag":[],"class_list":{"0":"post-7201","1":"product","2":"type-product","3":"status-publish","4":"has-post-thumbnail","6":"product_cat-concrete-forming","7":"desktop-align-left","8":"tablet-align-left","9":"mobile-align-left","10":"ast-product-gallery-layout-horizontal-slider","11":"ast-product-tabs-layout-horizontal","13":"first","14":"instock","15":"featured","16":"shipping-taxable","17":"purchasable","18":"product-type-simple"},"yoast_head":"<!-- This site is optimized with the Yoast SEO plugin v25.2 - https:\/\/yoast.com\/wordpress\/plugins\/seo\/ -->\n<title>One Piece Waler Bracket<\/title>\n<meta name=\"description\" content=\"Secure and stabilize your formwork with our durable, easy-to-install waler bracket. Ideal for concrete wall and foundation construction, it ensures precise alignment and safety.\" \/>\n<meta name=\"robots\" content=\"index, follow, max-snippet:-1, max-image-preview:large, max-video-preview:-1\" \/>\n<link rel=\"canonical\" href=\"https:\/\/qingdaohf.com\/fi\/tuote\/yksiosainen-waler-kannatin\/\" \/>\n<meta property=\"og:locale\" content=\"fi_FI\" \/>\n<meta property=\"og:type\" content=\"article\" \/>\n<meta property=\"og:title\" content=\"One Piece Waler Bracket\" \/>\n<meta property=\"og:description\" content=\"Secure and stabilize your formwork with our durable, easy-to-install waler bracket. Ideal for concrete wall and foundation construction, it ensures precise alignment and safety.\" \/>\n<meta property=\"og:url\" content=\"https:\/\/qingdaohf.com\/fi\/tuote\/yksiosainen-waler-kannatin\/\" \/>\n<meta property=\"og:site_name\" content=\"Concrete Form &amp; Rigging Hardware Supplier\" \/>\n<meta property=\"article:publisher\" content=\"https:\/\/www.facebook.com\/qingdaohf\" \/>\n<meta property=\"article:modified_time\" content=\"2025-11-13T01:03:16+00:00\" \/>\n<meta property=\"og:image\" content=\"https:\/\/qingdaohf.com\/wp-content\/uploads\/2024\/05\/heavy-one-piece-waler-bracket-1.jpg\" \/>\n\t<meta property=\"og:image:width\" content=\"1000\" \/>\n\t<meta property=\"og:image:height\" content=\"1000\" \/>\n\t<meta property=\"og:image:type\" content=\"image\/jpeg\" \/>\n<meta name=\"twitter:card\" content=\"summary_large_image\" \/>\n<meta name=\"twitter:label1\" content=\"Arvioitu lukuaika\" \/>\n\t<meta name=\"twitter:data1\" content=\"2 minuuttia\" \/>\n<script type=\"application\/ld+json\" class=\"yoast-schema-graph\">{\"@context\":\"https:\/\/schema.org\",\"@graph\":[{\"@type\":\"WebPage\",\"@id\":\"https:\/\/qingdaohf.com\/product\/one-piece-waler-bracket\/\",\"url\":\"https:\/\/qingdaohf.com\/product\/one-piece-waler-bracket\/\",\"name\":\"One Piece Waler Bracket\",\"isPartOf\":{\"@id\":\"https:\/\/qingdaohf.com\/bg\/#website\"},\"primaryImageOfPage\":{\"@id\":\"https:\/\/qingdaohf.com\/product\/one-piece-waler-bracket\/#primaryimage\"},\"image\":{\"@id\":\"https:\/\/qingdaohf.com\/product\/one-piece-waler-bracket\/#primaryimage\"},\"thumbnailUrl\":\"https:\/\/qingdaohf.com\/wp-content\/uploads\/2024\/05\/heavy-one-piece-waler-bracket-1.jpg\",\"datePublished\":\"2024-05-21T07:26:46+00:00\",\"dateModified\":\"2025-11-13T01:03:16+00:00\",\"description\":\"Secure and stabilize your formwork with our durable, easy-to-install waler bracket. Ideal for concrete wall and foundation construction, it ensures precise alignment and safety.\",\"breadcrumb\":{\"@id\":\"https:\/\/qingdaohf.com\/product\/one-piece-waler-bracket\/#breadcrumb\"},\"inLanguage\":\"fi\",\"potentialAction\":[{\"@type\":\"ReadAction\",\"target\":[\"https:\/\/qingdaohf.com\/product\/one-piece-waler-bracket\/\"]}]},{\"@type\":\"ImageObject\",\"inLanguage\":\"fi\",\"@id\":\"https:\/\/qingdaohf.com\/product\/one-piece-waler-bracket\/#primaryimage\",\"url\":\"https:\/\/qingdaohf.com\/wp-content\/uploads\/2024\/05\/heavy-one-piece-waler-bracket-1.jpg\",\"contentUrl\":\"https:\/\/qingdaohf.com\/wp-content\/uploads\/2024\/05\/heavy-one-piece-waler-bracket-1.jpg\",\"width\":1000,\"height\":1000,\"caption\":\"heavy one piece waler bracket\"},{\"@type\":\"BreadcrumbList\",\"@id\":\"https:\/\/qingdaohf.com\/product\/one-piece-waler-bracket\/#breadcrumb\",\"itemListElement\":[{\"@type\":\"ListItem\",\"position\":1,\"name\":\"Home\",\"item\":\"https:\/\/qingdaohf.com\/\"},{\"@type\":\"ListItem\",\"position\":2,\"name\":\"Concrete Forming Accessories and Rigging Hardware\",\"item\":\"https:\/\/qingdaohf.com\/bg\/?page_id=944\"},{\"@type\":\"ListItem\",\"position\":3,\"name\":\"One Piece Waler Bracket\"}]},{\"@type\":\"WebSite\",\"@id\":\"https:\/\/qingdaohf.com\/bg\/#website\",\"url\":\"https:\/\/qingdaohf.com\/bg\/\",\"name\":\"Concrete Form & Rigging Hardware Supplier\",\"description\":\"\",\"publisher\":{\"@id\":\"https:\/\/qingdaohf.com\/bg\/#organization\"},\"potentialAction\":[{\"@type\":\"SearchAction\",\"target\":{\"@type\":\"EntryPoint\",\"urlTemplate\":\"https:\/\/qingdaohf.com\/bg\/?s={search_term_string}\"},\"query-input\":{\"@type\":\"PropertyValueSpecification\",\"valueRequired\":true,\"valueName\":\"search_term_string\"}}],\"inLanguage\":\"fi\"},{\"@type\":\"Organization\",\"@id\":\"https:\/\/qingdaohf.com\/bg\/#organization\",\"name\":\"Qingdao H&F\",\"url\":\"https:\/\/qingdaohf.com\/bg\/\",\"logo\":{\"@type\":\"ImageObject\",\"inLanguage\":\"fi\",\"@id\":\"https:\/\/qingdaohf.com\/bg\/#\/schema\/logo\/image\/\",\"url\":\"https:\/\/qingdaohf.com\/wp-content\/uploads\/2022\/12\/cropped-HF-LOGO.png\",\"contentUrl\":\"https:\/\/qingdaohf.com\/wp-content\/uploads\/2022\/12\/cropped-HF-LOGO.png\",\"width\":391,\"height\":249,\"caption\":\"Qingdao H&F\"},\"image\":{\"@id\":\"https:\/\/qingdaohf.com\/bg\/#\/schema\/logo\/image\/\"},\"sameAs\":[\"https:\/\/www.facebook.com\/qingdaohf\"]}]}<\/script>\n<!-- \/ Yoast SEO plugin. -->","yoast_head_json":{"title":"One Piece Waler Bracket","description":"Secure and stabilize your formwork with our durable, easy-to-install waler bracket. Ideal for concrete wall and foundation construction, it ensures precise alignment and safety.","robots":{"index":"index","follow":"follow","max-snippet":"max-snippet:-1","max-image-preview":"max-image-preview:large","max-video-preview":"max-video-preview:-1"},"canonical":"https:\/\/qingdaohf.com\/fi\/tuote\/yksiosainen-waler-kannatin\/","og_locale":"fi_FI","og_type":"article","og_title":"One Piece Waler Bracket","og_description":"Secure and stabilize your formwork with our durable, easy-to-install waler bracket. Ideal for concrete wall and foundation construction, it ensures precise alignment and safety.","og_url":"https:\/\/qingdaohf.com\/fi\/tuote\/yksiosainen-waler-kannatin\/","og_site_name":"Concrete Form &amp; Rigging Hardware Supplier","article_publisher":"https:\/\/www.facebook.com\/qingdaohf","article_modified_time":"2025-11-13T01:03:16+00:00","og_image":[{"width":1000,"height":1000,"url":"https:\/\/qingdaohf.com\/wp-content\/uploads\/2024\/05\/heavy-one-piece-waler-bracket-1.jpg","type":"image\/jpeg"}],"twitter_card":"summary_large_image","twitter_misc":{"Arvioitu lukuaika":"2 minuuttia"},"schema":{"@context":"https:\/\/schema.org","@graph":[{"@type":"WebPage","@id":"https:\/\/qingdaohf.com\/product\/one-piece-waler-bracket\/","url":"https:\/\/qingdaohf.com\/product\/one-piece-waler-bracket\/","name":"One Piece Waler Bracket","isPartOf":{"@id":"https:\/\/qingdaohf.com\/bg\/#website"},"primaryImageOfPage":{"@id":"https:\/\/qingdaohf.com\/product\/one-piece-waler-bracket\/#primaryimage"},"image":{"@id":"https:\/\/qingdaohf.com\/product\/one-piece-waler-bracket\/#primaryimage"},"thumbnailUrl":"https:\/\/qingdaohf.com\/wp-content\/uploads\/2024\/05\/heavy-one-piece-waler-bracket-1.jpg","datePublished":"2024-05-21T07:26:46+00:00","dateModified":"2025-11-13T01:03:16+00:00","description":"Secure and stabilize your formwork with our durable, easy-to-install waler bracket. Ideal for concrete wall and foundation construction, it ensures precise alignment and safety.","breadcrumb":{"@id":"https:\/\/qingdaohf.com\/product\/one-piece-waler-bracket\/#breadcrumb"},"inLanguage":"fi","potentialAction":[{"@type":"ReadAction","target":["https:\/\/qingdaohf.com\/product\/one-piece-waler-bracket\/"]}]},{"@type":"ImageObject","inLanguage":"fi","@id":"https:\/\/qingdaohf.com\/product\/one-piece-waler-bracket\/#primaryimage","url":"https:\/\/qingdaohf.com\/wp-content\/uploads\/2024\/05\/heavy-one-piece-waler-bracket-1.jpg","contentUrl":"https:\/\/qingdaohf.com\/wp-content\/uploads\/2024\/05\/heavy-one-piece-waler-bracket-1.jpg","width":1000,"height":1000,"caption":"heavy one piece waler bracket"},{"@type":"BreadcrumbList","@id":"https:\/\/qingdaohf.com\/product\/one-piece-waler-bracket\/#breadcrumb","itemListElement":[{"@type":"ListItem","position":1,"name":"Home","item":"https:\/\/qingdaohf.com\/"},{"@type":"ListItem","position":2,"name":"Concrete Forming Accessories and Rigging Hardware","item":"https:\/\/qingdaohf.com\/bg\/?page_id=944"},{"@type":"ListItem","position":3,"name":"One Piece Waler Bracket"}]},{"@type":"WebSite","@id":"https:\/\/qingdaohf.com\/bg\/#website","url":"https:\/\/qingdaohf.com\/bg\/","name":"Concrete Form & Rigging Hardware Supplier","description":"","publisher":{"@id":"https:\/\/qingdaohf.com\/bg\/#organization"},"potentialAction":[{"@type":"SearchAction","target":{"@type":"EntryPoint","urlTemplate":"https:\/\/qingdaohf.com\/bg\/?s={search_term_string}"},"query-input":{"@type":"PropertyValueSpecification","valueRequired":true,"valueName":"search_term_string"}}],"inLanguage":"fi"},{"@type":"Organization","@id":"https:\/\/qingdaohf.com\/bg\/#organization","name":"Qingdao H&F","url":"https:\/\/qingdaohf.com\/bg\/","logo":{"@type":"ImageObject","inLanguage":"fi","@id":"https:\/\/qingdaohf.com\/bg\/#\/schema\/logo\/image\/","url":"https:\/\/qingdaohf.com\/wp-content\/uploads\/2022\/12\/cropped-HF-LOGO.png","contentUrl":"https:\/\/qingdaohf.com\/wp-content\/uploads\/2022\/12\/cropped-HF-LOGO.png","width":391,"height":249,"caption":"Qingdao H&F"},"image":{"@id":"https:\/\/qingdaohf.com\/bg\/#\/schema\/logo\/image\/"},"sameAs":["https:\/\/www.facebook.com\/qingdaohf"]}]}},"_links":{"self":[{"href":"https:\/\/qingdaohf.com\/fi\/wp-json\/wp\/v2\/product\/7201","targetHints":{"allow":["GET"]}}],"collection":[{"href":"https:\/\/qingdaohf.com\/fi\/wp-json\/wp\/v2\/product"}],"about":[{"href":"https:\/\/qingdaohf.com\/fi\/wp-json\/wp\/v2\/types\/product"}],"replies":[{"embeddable":true,"href":"https:\/\/qingdaohf.com\/fi\/wp-json\/wp\/v2\/comments?post=7201"}],"version-history":[{"count":4,"href":"https:\/\/qingdaohf.com\/fi\/wp-json\/wp\/v2\/product\/7201\/revisions"}],"predecessor-version":[{"id":8389,"href":"https:\/\/qingdaohf.com\/fi\/wp-json\/wp\/v2\/product\/7201\/revisions\/8389"}],"wp:featuredmedia":[{"embeddable":true,"href":"https:\/\/qingdaohf.com\/fi\/wp-json\/wp\/v2\/media\/7202"}],"wp:attachment":[{"href":"https:\/\/qingdaohf.com\/fi\/wp-json\/wp\/v2\/media?parent=7201"}],"wp:term":[{"taxonomy":"product_brand","embeddable":true,"href":"https:\/\/qingdaohf.com\/fi\/wp-json\/wp\/v2\/product_brand?post=7201"},{"taxonomy":"product_cat","embeddable":true,"href":"https:\/\/qingdaohf.com\/fi\/wp-json\/wp\/v2\/product_cat?post=7201"},{"taxonomy":"product_tag","embeddable":true,"href":"https:\/\/qingdaohf.com\/fi\/wp-json\/wp\/v2\/product_tag?post=7201"}],"curies":[{"name":"wp","href":"https:\/\/api.w.org\/{rel}","templated":true}]}}