{"id":7512,"date":"2024-06-27T14:28:56","date_gmt":"2024-06-27T06:28:56","guid":{"rendered":"http:\/\/qingdaohf.com\/?post_type=product&#038;p=7512"},"modified":"2025-11-13T09:03:15","modified_gmt":"2025-11-13T01:03:15","slug":"l-bolts-for-concrete","status":"publish","type":"product","link":"https:\/\/qingdaohf.com\/fi\/tuote\/l-pultit-betonia-varten\/","title":{"rendered":"S\u00e4\u00e4ti\u00f6n ankkuripultit L-pultit betoniin"},"content":{"rendered":"<h3>Johdanto betonin L-pultteihin<\/h3>\n<p>L-pultit, jotka tunnetaan my\u00f6s L-muotoisina ankkuripultteina, ovat v\u00e4ltt\u00e4m\u00e4tt\u00f6mi\u00e4 osia rakennusteollisuudessa. N\u00e4m\u00e4 pultit on suunniteltu erityisesti betonirakenteiden ankkurointiin, ja ne tarjoavat luotettavan ja vankan perustan erityyppisille rakennuksille ja infrastruktuurihankkeille. Niiden L-muoto tarjoaa poikkeuksellisen hyv\u00e4n pitovoiman, joten ne ovat ihanteellinen valinta raskaiden kuormien kiinnitt\u00e4miseen ja rakenteellisen eheyden varmistamiseen.<\/p>\n<h3>L-pulttien merkitys rakentamisessa<\/h3>\n<p>Kaikissa rakennushankkeissa perustus on kaikkein kriittisin tekij\u00e4. Se tukee koko rakennetta ja varmistaa sen vakauden. Betoniin tarkoitetuilla L-pulteilla on t\u00e4ss\u00e4 suhteessa ratkaiseva merkitys. Ne upotetaan betoniperustukseen, ja kierteinen p\u00e4\u00e4 ty\u00f6ntyy ulos rakenneosien kiinnitt\u00e4miseksi. T\u00e4m\u00e4 rakenne tarjoaa vahvan ja turvallisen liitoksen, joka kest\u00e4\u00e4 huomattavaa rasitusta ja kuormitusta.<\/p>\n<p>L-pultteja k\u00e4ytet\u00e4\u00e4n yleisesti erilaisissa sovelluksissa, kuten asuinrakennuksissa, kaupallisissa rakenteissa, silloissa ja teollisuuslaitoksissa. Niiden kyky tarjota vakaa kiinnityspiste tekee niist\u00e4 v\u00e4ltt\u00e4m\u00e4tt\u00f6mi\u00e4 n\u00e4iden rakenteiden turvallisuuden ja pitk\u00e4ik\u00e4isyyden varmistamiseksi. K\u00e4ytt\u00e4m\u00e4ll\u00e4 L-pultteja rakennusalan ammattilaiset voivat luottaa hankkeidensa luotettavuuteen ja kest\u00e4vyyteen.<\/p>\n<h3>L-pulttien tyypit ja koot<\/h3>\n<p>L-pultteja on saatavana eri kokoisina ja eri materiaaleista eri rakennushankkeiden erilaisiin tarpeisiin. Betoniin tarkoitettuja L-pulttejamme on saatavana seuraavissa koossa: 5\/8, 3\/8, 1\/2 ja 1\/4 tuumaa. Jokainen koko on suunniteltu k\u00e4sittelem\u00e4\u00e4n tiettyj\u00e4 kuormia ja sovelluksia, mik\u00e4 takaa optimaalisen suorituskyvyn erilaisissa rakennustilanteissa.<\/p>\n<p>Lis\u00e4ksi tarjoamme L-pultteja sek\u00e4 sinkittyin\u00e4 ett\u00e4 ruostumattomasta ter\u00e4ksest\u00e4 valmistettuina. Galvanoidut L-pultit on p\u00e4\u00e4llystetty sinkkikerroksella, joka takaa erinomaisen korroosionkest\u00e4vyyden ja pident\u00e4\u00e4 pulttien k\u00e4ytt\u00f6ik\u00e4\u00e4. T\u00e4m\u00e4n ansiosta ne soveltuvat ulkotiloihin ja alttiisiin ymp\u00e4rist\u00f6ihin, joissa ne altistuvat ankarille s\u00e4\u00e4olosuhteille. Toisaalta ruostumattomasta ter\u00e4ksest\u00e4 valmistetut L-pultit ovat eritt\u00e4in lujia ja kest\u00e4v\u00e4t ruostetta ja korroosiota, joten ne soveltuvat erinomaisesti hankkeisiin, joissa vaaditaan korkeinta kest\u00e4vyytt\u00e4 ja suorituskyky\u00e4.<\/p>\n<h3>L-pulttien sovellukset rakentamisessa<\/h3>\n<p>L-pulttien monipuolisuuden ansiosta ne soveltuvat monenlaisiin rakennusteollisuuden sovelluksiin. Niit\u00e4 k\u00e4ytet\u00e4\u00e4n yleisesti rakennepylv\u00e4iden, palkkien ja tukien kiinnitt\u00e4miseen betoniperustuksissa. N\u00e4in varmistetaan, ett\u00e4 rakenneosat on ankkuroitu tukevasti ja estet\u00e4\u00e4n rakennuksen eheytt\u00e4 vaarantavat liikkeet tai siirtym\u00e4t.<\/p>\n<p>Rakenteellisten sovellusten lis\u00e4ksi L-pultteja k\u00e4ytet\u00e4\u00e4n my\u00f6s monissa muissa rakennusteht\u00e4viss\u00e4. Niit\u00e4 k\u00e4ytet\u00e4\u00e4n esimerkiksi usein raskaiden koneiden ja laitteiden asennuksessa, jossa turvallinen kiinnityspiste on v\u00e4ltt\u00e4m\u00e4t\u00f6n mahdollisten vaarojen est\u00e4miseksi. L-pultteja k\u00e4ytet\u00e4\u00e4n my\u00f6s tukimuurien rakentamisessa, jossa ne tarjoavat tarvittavan tuen maaper\u00e4n aiheuttaman paineen kest\u00e4miseksi.<\/p>\n<p>Lis\u00e4ksi L-pultteja k\u00e4ytet\u00e4\u00e4n laajalti infrastruktuurihankkeissa, kuten silloissa ja tunneleissa. N\u00e4iss\u00e4 hankkeissa tarvitaan vankkoja ja luotettavia kiinnityspisteit\u00e4 rakenteiden vakauden ja turvallisuuden varmistamiseksi. K\u00e4ytt\u00e4m\u00e4ll\u00e4 L-pultteja insin\u00f6\u00f6rit voivat luoda vahvoja liitoksia, jotka kest\u00e4v\u00e4t n\u00e4ihin laajamittaisiin rakenteisiin liittyv\u00e4t dynaamiset kuormitukset ja rasitukset.<\/p>\n<h3>L-pulttien asennus ja huolto<\/h3>\n<p>L-pulttien asianmukainen asennus ja kunnossapito ovat ratkaisevan t\u00e4rkeit\u00e4 niiden suorituskyvyn ja pitk\u00e4ik\u00e4isyyden varmistamiseksi. Asennuksen aikana on t\u00e4rke\u00e4\u00e4 varmistaa, ett\u00e4 pultit on sijoitettu oikein ja ett\u00e4 ne on upotettu tukevasti betoniin. T\u00e4m\u00e4 edellytt\u00e4\u00e4 tarkkoja mittauksia ja kohdistusta, jotta pultit tarjoavat tarvittavan tuen.<\/p>\n<p>Kun L-pultit on asennettu, s\u00e4\u00e4nn\u00f6llinen kunnossapito on t\u00e4rke\u00e4\u00e4 niiden jatkuvan suorituskyvyn varmistamiseksi. Siihen kuuluvat s\u00e4\u00e4nn\u00f6lliset tarkastukset, joissa tarkastetaan, onko korroosion, kulumisen tai vaurioiden merkkej\u00e4. Sinkittyjen L-pulttien tapauksessa on t\u00e4rke\u00e4\u00e4 varmistaa, ett\u00e4 sinkkipinnoite s\u00e4ilyy ehj\u00e4n\u00e4, jotta se kest\u00e4\u00e4 korroosiota tehokkaasti. Ruostumattomasta ter\u00e4ksest\u00e4 valmistettujen L-pulttien s\u00e4\u00e4nn\u00f6llinen puhdistus ja tarkastus on tarpeen niiden ulkon\u00e4\u00f6n ja toimivuuden s\u00e4ilytt\u00e4miseksi.<\/p>\n<h3>P\u00e4\u00e4telm\u00e4<\/h3>\n<p>Betoniin tarkoitetut L-pultit ovat t\u00e4rke\u00e4 osa rakennusteollisuutta, sill\u00e4 ne tarjoavat luotettavia ja vankkoja ankkurointiratkaisuja erilaisiin sovelluksiin. Niiden L-muotoinen rakenne takaa poikkeuksellisen pitovoiman, joten ne ovat ihanteellisia raskaiden kuormien kiinnitt\u00e4miseen ja rakenteiden vakauden varmistamiseen. N\u00e4it\u00e4 pultteja on saatavana eri kokoisina ja eri materiaaleista, kuten sinkityst\u00e4 ja ruostumattomasta ter\u00e4ksest\u00e4, ja ne tarjoavat kest\u00e4vyytt\u00e4 ja korroosionkest\u00e4vyytt\u00e4 monenlaisiin rakennushankkeisiin.<\/p>\n<p>Ymm\u00e4rt\u00e4m\u00e4ll\u00e4 L-pulttien merkityksen ja noudattamalla asianmukaisia asennus- ja huoltok\u00e4yt\u00e4nt\u00f6j\u00e4 rakennusalan ammattilaiset voivat varmistaa hankkeidensa turvallisuuden, vakauden ja pitk\u00e4ik\u00e4isyyden. Olipa kyse asuinrakennuksista, kaupallisista rakenteista tai laajamittaisista infrastruktuurihankkeista, betoniin tarkoitetut L-pultit ovat olennainen v\u00e4line luotettavien ja kest\u00e4vien rakennustulosten saavuttamiseksi.<\/p>\n<div class=\"ast-oembed-container\" style=\"height: 100%;\"><iframe title=\"S\u00e4\u00e4ti\u00f6pultit J-pultti\" width=\"500\" height=\"281\" src=\"https:\/\/www.youtube.com\/embed\/F2jfo40uEQM?feature=oembed\" frameborder=\"0\" allow=\"accelerometer; autoplay; clipboard-write; encrypted-media; gyroscope; picture-in-picture; web-share\" referrerpolicy=\"strict-origin-when-cross-origin\" allowfullscreen><\/iframe><\/div>","protected":false},"excerpt":{"rendered":"<p>Laadukkaat betoniin tarkoitetut L-pultit ovat v\u00e4ltt\u00e4m\u00e4tt\u00f6mi\u00e4 perustusten turvallisessa ankkuroinnissa. N\u00e4it\u00e4 L-muotoisia ankkuripultteja on saatavana koossa 5\/8, 3\/8, 1\/2 ja 1\/4, ja niit\u00e4 on saatavana sinkittyin\u00e4 ja ruostumattomasta ter\u00e4ksest\u00e4 valmistettuina. N\u00e4m\u00e4 pultit sopivat erinomaisesti erilaisiin rakennushankkeisiin ja takaavat kest\u00e4vyyden ja vakauden.<\/p>","protected":false},"featured_media":6996,"comment_status":"open","ping_status":"closed","template":"","meta":{"site-sidebar-layout":"default","site-content-layout":"","ast-site-content-layout":"default","site-content-style":"default","site-sidebar-style":"default","ast-global-header-display":"","ast-banner-title-visibility":"","ast-main-header-display":"","ast-hfb-above-header-display":"","ast-hfb-below-header-display":"","ast-hfb-mobile-header-display":"","site-post-title":"","ast-breadcrumbs-content":"","ast-featured-img":"","footer-sml-layout":"","theme-transparent-header-meta":"default","adv-header-id-meta":"","stick-header-meta":"default","header-above-stick-meta":"","header-main-stick-meta":"","header-below-stick-meta":"","astra-migrate-meta-layouts":"set","ast-page-background-enabled":"default","ast-page-background-meta":{"desktop":{"background-color":"","background-image":"","background-repeat":"repeat","background-position":"center center","background-size":"auto","background-attachment":"scroll","background-type":"","background-media":"","overlay-type":"","overlay-color":"","overlay-opacity":"","overlay-gradient":""},"tablet":{"background-color":"","background-image":"","background-repeat":"repeat","background-position":"center center","background-size":"auto","background-attachment":"scroll","background-type":"","background-media":"","overlay-type":"","overlay-color":"","overlay-opacity":"","overlay-gradient":""},"mobile":{"background-color":"","background-image":"","background-repeat":"repeat","background-position":"center center","background-size":"auto","background-attachment":"scroll","background-type":"","background-media":"","overlay-type":"","overlay-color":"","overlay-opacity":"","overlay-gradient":""}},"ast-content-background-meta":{"desktop":{"background-color":"var(--ast-global-color-5)","background-image":"","background-repeat":"repeat","background-position":"center center","background-size":"auto","background-attachment":"scroll","background-type":"","background-media":"","overlay-type":"","overlay-color":"","overlay-opacity":"","overlay-gradient":""},"tablet":{"background-color":"var(--ast-global-color-5)","background-image":"","background-repeat":"repeat","background-position":"center center","background-size":"auto","background-attachment":"scroll","background-type":"","background-media":"","overlay-type":"","overlay-color":"","overlay-opacity":"","overlay-gradient":""},"mobile":{"background-color":"var(--ast-global-color-5)","background-image":"","background-repeat":"repeat","background-position":"center center","background-size":"auto","background-attachment":"scroll","background-type":"","background-media":"","overlay-type":"","overlay-color":"","overlay-opacity":"","overlay-gradient":""}}},"product_brand":[],"product_cat":[28],"product_tag":[],"class_list":{"0":"post-7512","1":"product","2":"type-product","3":"status-publish","4":"has-post-thumbnail","6":"product_cat-concrete-forming","7":"desktop-align-left","8":"tablet-align-left","9":"mobile-align-left","10":"ast-product-gallery-layout-horizontal-slider","11":"ast-product-tabs-layout-horizontal","13":"first","14":"instock","15":"featured","16":"shipping-taxable","17":"purchasable","18":"product-type-simple"},"yoast_head":"<!-- This site is optimized with the Yoast SEO plugin v25.2 - https:\/\/yoast.com\/wordpress\/plugins\/seo\/ -->\n<title>Foundation Anchor Bolts L Bolts for Concrete<\/title>\n<meta name=\"description\" content=\"L bolts for concrete are essential for secure foundation anchoring. Available in 5\/8, 3\/8, 1\/2, and 1\/4 sizes.\" \/>\n<meta name=\"robots\" content=\"index, follow, max-snippet:-1, max-image-preview:large, max-video-preview:-1\" \/>\n<link rel=\"canonical\" href=\"https:\/\/qingdaohf.com\/fi\/tuote\/l-pultit-betonia-varten\/\" \/>\n<meta property=\"og:locale\" content=\"fi_FI\" \/>\n<meta property=\"og:type\" content=\"article\" \/>\n<meta property=\"og:title\" content=\"Foundation Anchor Bolts L Bolts for Concrete\" \/>\n<meta property=\"og:description\" content=\"L bolts for concrete are essential for secure foundation anchoring. Available in 5\/8, 3\/8, 1\/2, and 1\/4 sizes.\" \/>\n<meta property=\"og:url\" content=\"https:\/\/qingdaohf.com\/fi\/tuote\/l-pultit-betonia-varten\/\" \/>\n<meta property=\"og:site_name\" content=\"Concrete Form &amp; Rigging Hardware Supplier\" \/>\n<meta property=\"article:publisher\" content=\"https:\/\/www.facebook.com\/qingdaohf\" \/>\n<meta property=\"article:modified_time\" content=\"2025-11-13T01:03:15+00:00\" \/>\n<meta property=\"og:image\" content=\"https:\/\/qingdaohf.com\/wp-content\/uploads\/2024\/05\/J-bolt-2.jpg\" \/>\n\t<meta property=\"og:image:width\" content=\"1000\" \/>\n\t<meta property=\"og:image:height\" content=\"1000\" \/>\n\t<meta property=\"og:image:type\" content=\"image\/jpeg\" \/>\n<meta name=\"twitter:card\" content=\"summary_large_image\" \/>\n<meta name=\"twitter:label1\" content=\"Arvioitu lukuaika\" \/>\n\t<meta name=\"twitter:data1\" content=\"4 minuuttia\" \/>\n<script type=\"application\/ld+json\" class=\"yoast-schema-graph\">{\"@context\":\"https:\/\/schema.org\",\"@graph\":[{\"@type\":\"WebPage\",\"@id\":\"https:\/\/qingdaohf.com\/product\/l-bolts-for-concrete\/\",\"url\":\"https:\/\/qingdaohf.com\/product\/l-bolts-for-concrete\/\",\"name\":\"Foundation Anchor Bolts L Bolts for Concrete\",\"isPartOf\":{\"@id\":\"https:\/\/qingdaohf.com\/bg\/#website\"},\"primaryImageOfPage\":{\"@id\":\"https:\/\/qingdaohf.com\/product\/l-bolts-for-concrete\/#primaryimage\"},\"image\":{\"@id\":\"https:\/\/qingdaohf.com\/product\/l-bolts-for-concrete\/#primaryimage\"},\"thumbnailUrl\":\"https:\/\/qingdaohf.com\/wp-content\/uploads\/2024\/05\/J-bolt-2.jpg\",\"datePublished\":\"2024-06-27T06:28:56+00:00\",\"dateModified\":\"2025-11-13T01:03:15+00:00\",\"description\":\"L bolts for concrete are essential for secure foundation anchoring. Available in 5\/8, 3\/8, 1\/2, and 1\/4 sizes.\",\"breadcrumb\":{\"@id\":\"https:\/\/qingdaohf.com\/product\/l-bolts-for-concrete\/#breadcrumb\"},\"inLanguage\":\"fi\",\"potentialAction\":[{\"@type\":\"ReadAction\",\"target\":[\"https:\/\/qingdaohf.com\/product\/l-bolts-for-concrete\/\"]}]},{\"@type\":\"ImageObject\",\"inLanguage\":\"fi\",\"@id\":\"https:\/\/qingdaohf.com\/product\/l-bolts-for-concrete\/#primaryimage\",\"url\":\"https:\/\/qingdaohf.com\/wp-content\/uploads\/2024\/05\/J-bolt-2.jpg\",\"contentUrl\":\"https:\/\/qingdaohf.com\/wp-content\/uploads\/2024\/05\/J-bolt-2.jpg\",\"width\":1000,\"height\":1000,\"caption\":\"l bolts for concrete\"},{\"@type\":\"BreadcrumbList\",\"@id\":\"https:\/\/qingdaohf.com\/product\/l-bolts-for-concrete\/#breadcrumb\",\"itemListElement\":[{\"@type\":\"ListItem\",\"position\":1,\"name\":\"Home\",\"item\":\"https:\/\/qingdaohf.com\/\"},{\"@type\":\"ListItem\",\"position\":2,\"name\":\"Concrete Forming Accessories and Rigging Hardware\",\"item\":\"https:\/\/qingdaohf.com\/bg\/?page_id=944\"},{\"@type\":\"ListItem\",\"position\":3,\"name\":\"Foundation Anchor Bolts L Bolts for Concrete\"}]},{\"@type\":\"WebSite\",\"@id\":\"https:\/\/qingdaohf.com\/bg\/#website\",\"url\":\"https:\/\/qingdaohf.com\/bg\/\",\"name\":\"Concrete Form & Rigging Hardware Supplier\",\"description\":\"\",\"publisher\":{\"@id\":\"https:\/\/qingdaohf.com\/bg\/#organization\"},\"potentialAction\":[{\"@type\":\"SearchAction\",\"target\":{\"@type\":\"EntryPoint\",\"urlTemplate\":\"https:\/\/qingdaohf.com\/bg\/?s={search_term_string}\"},\"query-input\":{\"@type\":\"PropertyValueSpecification\",\"valueRequired\":true,\"valueName\":\"search_term_string\"}}],\"inLanguage\":\"fi\"},{\"@type\":\"Organization\",\"@id\":\"https:\/\/qingdaohf.com\/bg\/#organization\",\"name\":\"Qingdao H&F\",\"url\":\"https:\/\/qingdaohf.com\/bg\/\",\"logo\":{\"@type\":\"ImageObject\",\"inLanguage\":\"fi\",\"@id\":\"https:\/\/qingdaohf.com\/bg\/#\/schema\/logo\/image\/\",\"url\":\"https:\/\/qingdaohf.com\/wp-content\/uploads\/2022\/12\/cropped-HF-LOGO.png\",\"contentUrl\":\"https:\/\/qingdaohf.com\/wp-content\/uploads\/2022\/12\/cropped-HF-LOGO.png\",\"width\":391,\"height\":249,\"caption\":\"Qingdao H&F\"},\"image\":{\"@id\":\"https:\/\/qingdaohf.com\/bg\/#\/schema\/logo\/image\/\"},\"sameAs\":[\"https:\/\/www.facebook.com\/qingdaohf\"]}]}<\/script>\n<!-- \/ Yoast SEO plugin. -->","yoast_head_json":{"title":"Foundation Anchor Bolts L Bolts for Concrete","description":"L bolts for concrete are essential for secure foundation anchoring. Available in 5\/8, 3\/8, 1\/2, and 1\/4 sizes.","robots":{"index":"index","follow":"follow","max-snippet":"max-snippet:-1","max-image-preview":"max-image-preview:large","max-video-preview":"max-video-preview:-1"},"canonical":"https:\/\/qingdaohf.com\/fi\/tuote\/l-pultit-betonia-varten\/","og_locale":"fi_FI","og_type":"article","og_title":"Foundation Anchor Bolts L Bolts for Concrete","og_description":"L bolts for concrete are essential for secure foundation anchoring. Available in 5\/8, 3\/8, 1\/2, and 1\/4 sizes.","og_url":"https:\/\/qingdaohf.com\/fi\/tuote\/l-pultit-betonia-varten\/","og_site_name":"Concrete Form &amp; Rigging Hardware Supplier","article_publisher":"https:\/\/www.facebook.com\/qingdaohf","article_modified_time":"2025-11-13T01:03:15+00:00","og_image":[{"width":1000,"height":1000,"url":"https:\/\/qingdaohf.com\/wp-content\/uploads\/2024\/05\/J-bolt-2.jpg","type":"image\/jpeg"}],"twitter_card":"summary_large_image","twitter_misc":{"Arvioitu lukuaika":"4 minuuttia"},"schema":{"@context":"https:\/\/schema.org","@graph":[{"@type":"WebPage","@id":"https:\/\/qingdaohf.com\/product\/l-bolts-for-concrete\/","url":"https:\/\/qingdaohf.com\/product\/l-bolts-for-concrete\/","name":"Foundation Anchor Bolts L Bolts for Concrete","isPartOf":{"@id":"https:\/\/qingdaohf.com\/bg\/#website"},"primaryImageOfPage":{"@id":"https:\/\/qingdaohf.com\/product\/l-bolts-for-concrete\/#primaryimage"},"image":{"@id":"https:\/\/qingdaohf.com\/product\/l-bolts-for-concrete\/#primaryimage"},"thumbnailUrl":"https:\/\/qingdaohf.com\/wp-content\/uploads\/2024\/05\/J-bolt-2.jpg","datePublished":"2024-06-27T06:28:56+00:00","dateModified":"2025-11-13T01:03:15+00:00","description":"L bolts for concrete are essential for secure foundation anchoring. Available in 5\/8, 3\/8, 1\/2, and 1\/4 sizes.","breadcrumb":{"@id":"https:\/\/qingdaohf.com\/product\/l-bolts-for-concrete\/#breadcrumb"},"inLanguage":"fi","potentialAction":[{"@type":"ReadAction","target":["https:\/\/qingdaohf.com\/product\/l-bolts-for-concrete\/"]}]},{"@type":"ImageObject","inLanguage":"fi","@id":"https:\/\/qingdaohf.com\/product\/l-bolts-for-concrete\/#primaryimage","url":"https:\/\/qingdaohf.com\/wp-content\/uploads\/2024\/05\/J-bolt-2.jpg","contentUrl":"https:\/\/qingdaohf.com\/wp-content\/uploads\/2024\/05\/J-bolt-2.jpg","width":1000,"height":1000,"caption":"l bolts for concrete"},{"@type":"BreadcrumbList","@id":"https:\/\/qingdaohf.com\/product\/l-bolts-for-concrete\/#breadcrumb","itemListElement":[{"@type":"ListItem","position":1,"name":"Home","item":"https:\/\/qingdaohf.com\/"},{"@type":"ListItem","position":2,"name":"Concrete Forming Accessories and Rigging Hardware","item":"https:\/\/qingdaohf.com\/bg\/?page_id=944"},{"@type":"ListItem","position":3,"name":"Foundation Anchor Bolts L Bolts for Concrete"}]},{"@type":"WebSite","@id":"https:\/\/qingdaohf.com\/bg\/#website","url":"https:\/\/qingdaohf.com\/bg\/","name":"Concrete Form & Rigging Hardware Supplier","description":"","publisher":{"@id":"https:\/\/qingdaohf.com\/bg\/#organization"},"potentialAction":[{"@type":"SearchAction","target":{"@type":"EntryPoint","urlTemplate":"https:\/\/qingdaohf.com\/bg\/?s={search_term_string}"},"query-input":{"@type":"PropertyValueSpecification","valueRequired":true,"valueName":"search_term_string"}}],"inLanguage":"fi"},{"@type":"Organization","@id":"https:\/\/qingdaohf.com\/bg\/#organization","name":"Qingdao H&F","url":"https:\/\/qingdaohf.com\/bg\/","logo":{"@type":"ImageObject","inLanguage":"fi","@id":"https:\/\/qingdaohf.com\/bg\/#\/schema\/logo\/image\/","url":"https:\/\/qingdaohf.com\/wp-content\/uploads\/2022\/12\/cropped-HF-LOGO.png","contentUrl":"https:\/\/qingdaohf.com\/wp-content\/uploads\/2022\/12\/cropped-HF-LOGO.png","width":391,"height":249,"caption":"Qingdao H&F"},"image":{"@id":"https:\/\/qingdaohf.com\/bg\/#\/schema\/logo\/image\/"},"sameAs":["https:\/\/www.facebook.com\/qingdaohf"]}]}},"_links":{"self":[{"href":"https:\/\/qingdaohf.com\/fi\/wp-json\/wp\/v2\/product\/7512","targetHints":{"allow":["GET"]}}],"collection":[{"href":"https:\/\/qingdaohf.com\/fi\/wp-json\/wp\/v2\/product"}],"about":[{"href":"https:\/\/qingdaohf.com\/fi\/wp-json\/wp\/v2\/types\/product"}],"replies":[{"embeddable":true,"href":"https:\/\/qingdaohf.com\/fi\/wp-json\/wp\/v2\/comments?post=7512"}],"version-history":[{"count":3,"href":"https:\/\/qingdaohf.com\/fi\/wp-json\/wp\/v2\/product\/7512\/revisions"}],"predecessor-version":[{"id":7552,"href":"https:\/\/qingdaohf.com\/fi\/wp-json\/wp\/v2\/product\/7512\/revisions\/7552"}],"wp:featuredmedia":[{"embeddable":true,"href":"https:\/\/qingdaohf.com\/fi\/wp-json\/wp\/v2\/media\/6996"}],"wp:attachment":[{"href":"https:\/\/qingdaohf.com\/fi\/wp-json\/wp\/v2\/media?parent=7512"}],"wp:term":[{"taxonomy":"product_brand","embeddable":true,"href":"https:\/\/qingdaohf.com\/fi\/wp-json\/wp\/v2\/product_brand?post=7512"},{"taxonomy":"product_cat","embeddable":true,"href":"https:\/\/qingdaohf.com\/fi\/wp-json\/wp\/v2\/product_cat?post=7512"},{"taxonomy":"product_tag","embeddable":true,"href":"https:\/\/qingdaohf.com\/fi\/wp-json\/wp\/v2\/product_tag?post=7512"}],"curies":[{"name":"wp","href":"https:\/\/api.w.org\/{rel}","templated":true}]}}