{"id":7606,"date":"2024-07-29T17:54:40","date_gmt":"2024-07-29T09:54:40","guid":{"rendered":"http:\/\/qingdaohf.com\/?post_type=product&#038;p=7606"},"modified":"2025-11-13T09:03:14","modified_gmt":"2025-11-13T01:03:14","slug":"metal-garden-stake","status":"publish","type":"product","link":"https:\/\/qingdaohf.com\/fi\/tuote\/metallinen-puutarhakeppi\/","title":{"rendered":"Metalli Puutarha Stake Pole vihre\u00e4ll\u00e4 muovipinnoite"},"content":{"rendered":"<p>Vihre\u00e4ll\u00e4 muovipinnoitteella varustettu metallinen puutarhapylv\u00e4s on v\u00e4ltt\u00e4m\u00e4t\u00f6n ty\u00f6kalu kaikille, jotka haluavat yll\u00e4pit\u00e4\u00e4 kauniisti j\u00e4rjestetty\u00e4 puutarhaa. T\u00e4ss\u00e4 monipuolisessa seiv\u00e4ss\u00e4 yhdistyv\u00e4t lujuus ja tyylik\u00e4s, k\u00e4yt\u00e4nn\u00f6llinen muotoilu, ja se tarjoaa vertaansa vailla olevan tuen erilaisiin puutarhanhoitotarpeisiin.<\/p>\n<p>Seip\u00e4\u00e4n metallisyd\u00e4n takaa poikkeuksellisen kest\u00e4vyyden, joten se on riitt\u00e4v\u00e4n vankka kest\u00e4m\u00e4\u00e4n kovia s\u00e4\u00e4olosuhteita ja raskasta k\u00e4ytt\u00f6\u00e4. Vihre\u00e4 muovipinnoite lis\u00e4\u00e4 ylim\u00e4\u00e4r\u00e4isen suojakerroksen ruostetta ja korroosiota vastaan ja varmistaa, ett\u00e4 seip\u00e4\u00e4n kunto s\u00e4ilyy erinomaisena my\u00f6s pitk\u00e4aikaisen altistumisen j\u00e4lkeen. T\u00e4m\u00e4 pinnoite tarjoaa my\u00f6s visuaalisesti miellytt\u00e4v\u00e4n ulkon\u00e4\u00f6n, jonka ansiosta seip\u00e4\u00e4n voi sulautua saumattomasti puutarhasi elinvoimaisiin v\u00e4reihin.<\/p>\n<p>Yksi metallipuutarhatolpan ensisijaisista k\u00e4ytt\u00f6kohteista on sen rooli kasvien tukemisessa. Kasvatitpa sitten tomaatteja, pioneita tai k\u00f6ynn\u00f6sruusuja, seip\u00e4\u00e4n avulla saat luotettavan tukirakenteen, joka auttaa kasviasi kasvamaan pystyss\u00e4 ja terveen\u00e4. Est\u00e4m\u00e4ll\u00e4 kasveja taipumasta tai murtumasta niiden oman painon alla tai ulkoisten tekij\u00f6iden, kuten tuulen, vaikutuksesta, seip\u00e4\u00e4n avulla edistet\u00e4\u00e4n optimaalista kasvua ja autetaan yll\u00e4pit\u00e4m\u00e4\u00e4n puutarhasi yleist\u00e4 terveytt\u00e4.<\/p>\n<p>Kasvien tukemisen lis\u00e4ksi metallista puutarhapylv\u00e4st\u00e4 voidaan k\u00e4ytt\u00e4\u00e4 my\u00f6s puutarharakenteiden, kuten ristikkojen ja verkkojen, kiinnitt\u00e4miseen. Puutarhureille, jotka k\u00e4ytt\u00e4v\u00e4t s\u00e4leikk\u00f6j\u00e4 tukemaan k\u00f6ynn\u00f6st\u00e4vi\u00e4 kasveja, kuten papuja tai kurkkuja, t\u00e4m\u00e4 vaarnanvarsi tarjoaa vakaan kiinnityspisteen. Sen vahva metallisyd\u00e4n ja turvallinen muovipinnoite varmistavat, ett\u00e4 s\u00e4leikk\u00f6 pysyy tukevasti paikallaan my\u00f6s kovalla tuulella tai rankkasateella.<\/p>\n<p>Asennuksen helppous on toinen metallipuutarhatolpan etu. Seip\u00e4\u00e4n voi asettaa nopeasti paikalleen yksinkertaisesti ty\u00f6nt\u00e4m\u00e4ll\u00e4 sen multaan, jolloin voit keskitty\u00e4 enemm\u00e4n puutarhasta nauttimiseen kuin monimutkaisten asetusten kanssa kamppailemiseen. Vihre\u00e4n muovipinnoitteen ansiosta se on helppo ty\u00f6nt\u00e4\u00e4 maahan aiheuttamatta vahinkoa ymp\u00e4r\u00f6iv\u00e4lle maaper\u00e4lle tai kasveille. T\u00e4m\u00e4 ominaisuus on erityisen hy\u00f6dyllinen puutarhureille, jotka haluavat v\u00e4ltt\u00e4\u00e4 olemassa olevien kasvien juuriston h\u00e4iritsemist\u00e4.<\/p>\n<p>Metallinen puutarhapylv\u00e4s on my\u00f6s suunniteltu monipuolisesti. Sit\u00e4 on saatavana erikokoisena erilaisiin puutarhanhoitotarpeisiin. Tarvitsitpa sitten lyhyemm\u00e4n seip\u00e4\u00e4n pienille ruukkukasveille tai korkeamman suuremmille puutarhapenkeille, on olemassa koko, joka vastaa tarpeitasi. T\u00e4m\u00e4 joustavuus tekee siit\u00e4 ihanteellisen valinnan sek\u00e4 pieniin ett\u00e4 laajoihin puutarhanhoitoprojekteihin.<\/p>\n<p>Estetiikasta kiinnostuneille puutarhureille vihre\u00e4 muovipinnoite ei tarjoa ainoastaan toiminnallisia etuja, vaan se parantaa my\u00f6s puutarhan visuaalista ilmett\u00e4. P\u00e4\u00e4llysteen v\u00e4ri sulautuu vaivattomasti lehvist\u00f6n kanssa, jolloin seip\u00e4\u00e4t eiv\u00e4t n\u00e4y niin hyvin ja kasvit p\u00e4\u00e4sev\u00e4t paremmin esille. T\u00e4m\u00e4 hienovarainen integrointi puutarhan suunnitteluun varmistaa, ett\u00e4 huomio kiinnittyy kasvien luonnolliseen kauneuteen eik\u00e4 puutarhan tukiin ja rakenteisiin.<\/p>\n<p>Vihre\u00e4ll\u00e4 muovipinnoitteella varustettu metallinen puutarhapylv\u00e4s on lis\u00e4ksi erinomainen ty\u00f6kalu kausiluonteisiin puutarhanhoitot\u00f6ihin. Kasvukauden aikana se tarjoaa t\u00e4rke\u00e4n tuen nuorille kasveille ja varmistaa, ett\u00e4 ne kasvavat haluttuun suuntaan. Vuodenaikojen vaihtuessa ja kasvien kypsyess\u00e4 seip\u00e4\u00e4n vakaus jatkuu, mik\u00e4 auttaa yll\u00e4pit\u00e4m\u00e4\u00e4n j\u00e4rjest\u00e4ytynytt\u00e4 ja hyvin tuettua puutarhaa l\u00e4pi vuoden.<\/p>\n<p>Metallipuutarhatolpan yll\u00e4pito on minimaalista. Muovipinnoite est\u00e4\u00e4 lian ja lian kertymisen, joten se on helppo puhdistaa. Pyyhi pinta vain kostealla liinalla roskien ja j\u00e4\u00e4mien poistamiseksi. T\u00e4m\u00e4 v\u00e4h\u00e4n huoltoa vaativa n\u00e4k\u00f6kohta on erityisen edullinen puutarhureille, jotka haluavat viett\u00e4\u00e4 enemm\u00e4n aikaa puutarhastaan nauttimiseen kuin puutarhav\u00e4lineiden hoitamiseen.<\/p>\n<p>Toinen t\u00e4rke\u00e4 piirre metallisessa puutarhapylv\u00e4\u00e4ss\u00e4 on sen ymp\u00e4rist\u00f6yst\u00e4v\u00e4llisyys. K\u00e4ytt\u00e4m\u00e4ll\u00e4 t\u00e4t\u00e4 seip\u00e4\u00e4 edist\u00e4t kest\u00e4vi\u00e4 puutarhanhoitok\u00e4yt\u00e4nt\u00f6j\u00e4. Metallisyd\u00e4men pitk\u00e4ik\u00e4isyys yhdistettyn\u00e4 suojapinnoitteeseen takaa, ett\u00e4 seip\u00e4\u00e4n k\u00e4ytt\u00f6 kest\u00e4\u00e4 monta vuotta, mik\u00e4 v\u00e4hent\u00e4\u00e4 tarvetta vaihtaa seipi\u00e4 usein ja minimoi j\u00e4tteen m\u00e4\u00e4r\u00e4n.<\/p>\n<p>Yhteenvetona voidaan todeta, ett\u00e4 vihre\u00e4 muovipinnoitteinen metallinen puutarhapylv\u00e4s on olennainen ty\u00f6kalu kaikille puutarhureille, jotka haluavat parantaa puutarhansa tukemista ja j\u00e4rjest\u00e4mist\u00e4. Sen lujuuden, kest\u00e4vyyden ja esteettisyyden yhdistelm\u00e4 tekee siit\u00e4 monipuolisen valinnan monenlaisten kasvien ja rakenteiden tukemiseen. Olitpa sitten ammattimainen puutarhuri tai harrastaja, t\u00e4m\u00e4 seiv\u00e4s parantaa puutarhasi toimivuutta ja visuaalista houkuttelevuutta. Investoi metalliseen puutarhapylv\u00e4\u00e4seen ja koe hyvin tuetun, kauniisti j\u00e4rjestetyn puutarhan edut.<\/p>","protected":false},"excerpt":{"rendered":"<p>Paranna puutarhasi esteettisyytt\u00e4 ja toiminnallisuutta metallisella puutarhapylv\u00e4\u00e4ll\u00e4, jossa on vihre\u00e4 muovipinnoite. Kest\u00e4vyyteen ja helppok\u00e4ytt\u00f6isyyteen suunniteltu seip\u00e4s sopii erinomaisesti kasvien, kukkien ja puutarharakenteiden tukemiseen. Vihre\u00e4 muovipinnoite ei ainoastaan paranna seip\u00e4\u00e4n kest\u00e4vyytt\u00e4 elementtej\u00e4 vastaan, vaan se my\u00f6s sulautuu saumattomasti puutarhasi luonnolliseen ymp\u00e4rist\u00f6\u00f6n. T\u00e4m\u00e4 vaarnan sopii sek\u00e4 ammattimaisille puutarhureille ett\u00e4 harrastajille, ja se varmistaa, ett\u00e4 puutarhasi pysyy siistin\u00e4 ja hyvin tuettuna.<\/p>","protected":false},"featured_media":7792,"comment_status":"open","ping_status":"closed","template":"","meta":{"site-sidebar-layout":"default","site-content-layout":"","ast-site-content-layout":"default","site-content-style":"default","site-sidebar-style":"default","ast-global-header-display":"","ast-banner-title-visibility":"","ast-main-header-display":"","ast-hfb-above-header-display":"","ast-hfb-below-header-display":"","ast-hfb-mobile-header-display":"","site-post-title":"","ast-breadcrumbs-content":"","ast-featured-img":"","footer-sml-layout":"","theme-transparent-header-meta":"default","adv-header-id-meta":"","stick-header-meta":"default","header-above-stick-meta":"","header-main-stick-meta":"","header-below-stick-meta":"","astra-migrate-meta-layouts":"set","ast-page-background-enabled":"default","ast-page-background-meta":{"desktop":{"background-color":"","background-image":"","background-repeat":"repeat","background-position":"center center","background-size":"auto","background-attachment":"scroll","background-type":"","background-media":"","overlay-type":"","overlay-color":"","overlay-opacity":"","overlay-gradient":""},"tablet":{"background-color":"","background-image":"","background-repeat":"repeat","background-position":"center center","background-size":"auto","background-attachment":"scroll","background-type":"","background-media":"","overlay-type":"","overlay-color":"","overlay-opacity":"","overlay-gradient":""},"mobile":{"background-color":"","background-image":"","background-repeat":"repeat","background-position":"center center","background-size":"auto","background-attachment":"scroll","background-type":"","background-media":"","overlay-type":"","overlay-color":"","overlay-opacity":"","overlay-gradient":""}},"ast-content-background-meta":{"desktop":{"background-color":"var(--ast-global-color-5)","background-image":"","background-repeat":"repeat","background-position":"center center","background-size":"auto","background-attachment":"scroll","background-type":"","background-media":"","overlay-type":"","overlay-color":"","overlay-opacity":"","overlay-gradient":""},"tablet":{"background-color":"var(--ast-global-color-5)","background-image":"","background-repeat":"repeat","background-position":"center center","background-size":"auto","background-attachment":"scroll","background-type":"","background-media":"","overlay-type":"","overlay-color":"","overlay-opacity":"","overlay-gradient":""},"mobile":{"background-color":"var(--ast-global-color-5)","background-image":"","background-repeat":"repeat","background-position":"center center","background-size":"auto","background-attachment":"scroll","background-type":"","background-media":"","overlay-type":"","overlay-color":"","overlay-opacity":"","overlay-gradient":""}}},"product_brand":[],"product_cat":[50],"product_tag":[],"class_list":{"0":"post-7606","1":"product","2":"type-product","3":"status-publish","4":"has-post-thumbnail","6":"product_cat-concrete-form-accessories","7":"desktop-align-left","8":"tablet-align-left","9":"mobile-align-left","10":"ast-product-gallery-layout-horizontal-slider","11":"ast-product-tabs-layout-horizontal","13":"first","14":"instock","15":"shipping-taxable","16":"purchasable","17":"product-type-simple"},"yoast_head":"<!-- This site is optimized with the Yoast SEO plugin v25.2 - https:\/\/yoast.com\/wordpress\/plugins\/seo\/ -->\n<title>Metal Garden Stake Pole with Green Plastic Coating<\/title>\n<meta name=\"description\" content=\"Elevate your garden\u2019s aesthetic and functionality with our Metal Garden Stake Pole with Green Plastic Coating.\" \/>\n<meta name=\"robots\" content=\"index, follow, max-snippet:-1, max-image-preview:large, max-video-preview:-1\" \/>\n<link rel=\"canonical\" href=\"https:\/\/qingdaohf.com\/fi\/tuote\/metallinen-puutarhakeppi\/\" \/>\n<meta property=\"og:locale\" content=\"fi_FI\" \/>\n<meta property=\"og:type\" content=\"article\" \/>\n<meta property=\"og:title\" content=\"Metal Garden Stake Pole with Green Plastic Coating\" \/>\n<meta property=\"og:description\" content=\"Elevate your garden\u2019s aesthetic and functionality with our Metal Garden Stake Pole with Green Plastic Coating.\" \/>\n<meta property=\"og:url\" content=\"https:\/\/qingdaohf.com\/fi\/tuote\/metallinen-puutarhakeppi\/\" \/>\n<meta property=\"og:site_name\" content=\"Concrete Form &amp; Rigging Hardware Supplier\" \/>\n<meta property=\"article:publisher\" content=\"https:\/\/www.facebook.com\/qingdaohf\" \/>\n<meta property=\"article:modified_time\" content=\"2025-11-13T01:03:14+00:00\" \/>\n<meta property=\"og:image\" content=\"https:\/\/qingdaohf.com\/wp-content\/uploads\/2024\/07\/garden-stake.jpg\" \/>\n\t<meta property=\"og:image:width\" content=\"800\" \/>\n\t<meta property=\"og:image:height\" content=\"800\" \/>\n\t<meta property=\"og:image:type\" content=\"image\/jpeg\" \/>\n<meta name=\"twitter:card\" content=\"summary_large_image\" \/>\n<meta name=\"twitter:label1\" content=\"Arvioitu lukuaika\" \/>\n\t<meta name=\"twitter:data1\" content=\"4 minuuttia\" \/>\n<script type=\"application\/ld+json\" class=\"yoast-schema-graph\">{\"@context\":\"https:\/\/schema.org\",\"@graph\":[{\"@type\":\"WebPage\",\"@id\":\"https:\/\/qingdaohf.com\/product\/metal-garden-stake\/\",\"url\":\"https:\/\/qingdaohf.com\/product\/metal-garden-stake\/\",\"name\":\"Metal Garden Stake Pole with Green Plastic Coating\",\"isPartOf\":{\"@id\":\"https:\/\/qingdaohf.com\/bg\/#website\"},\"primaryImageOfPage\":{\"@id\":\"https:\/\/qingdaohf.com\/product\/metal-garden-stake\/#primaryimage\"},\"image\":{\"@id\":\"https:\/\/qingdaohf.com\/product\/metal-garden-stake\/#primaryimage\"},\"thumbnailUrl\":\"https:\/\/qingdaohf.com\/wp-content\/uploads\/2024\/07\/garden-stake.jpg\",\"datePublished\":\"2024-07-29T09:54:40+00:00\",\"dateModified\":\"2025-11-13T01:03:14+00:00\",\"description\":\"Elevate your garden\u2019s aesthetic and functionality with our Metal Garden Stake Pole with Green Plastic Coating.\",\"breadcrumb\":{\"@id\":\"https:\/\/qingdaohf.com\/product\/metal-garden-stake\/#breadcrumb\"},\"inLanguage\":\"fi\",\"potentialAction\":[{\"@type\":\"ReadAction\",\"target\":[\"https:\/\/qingdaohf.com\/product\/metal-garden-stake\/\"]}]},{\"@type\":\"ImageObject\",\"inLanguage\":\"fi\",\"@id\":\"https:\/\/qingdaohf.com\/product\/metal-garden-stake\/#primaryimage\",\"url\":\"https:\/\/qingdaohf.com\/wp-content\/uploads\/2024\/07\/garden-stake.jpg\",\"contentUrl\":\"https:\/\/qingdaohf.com\/wp-content\/uploads\/2024\/07\/garden-stake.jpg\",\"width\":800,\"height\":800,\"caption\":\"garden stake\"},{\"@type\":\"BreadcrumbList\",\"@id\":\"https:\/\/qingdaohf.com\/product\/metal-garden-stake\/#breadcrumb\",\"itemListElement\":[{\"@type\":\"ListItem\",\"position\":1,\"name\":\"Home\",\"item\":\"https:\/\/qingdaohf.com\/\"},{\"@type\":\"ListItem\",\"position\":2,\"name\":\"Concrete Forming Accessories and Rigging Hardware\",\"item\":\"https:\/\/qingdaohf.com\/bg\/?page_id=944\"},{\"@type\":\"ListItem\",\"position\":3,\"name\":\"Metal Garden Stake Pole with Green Plastic Coating\"}]},{\"@type\":\"WebSite\",\"@id\":\"https:\/\/qingdaohf.com\/bg\/#website\",\"url\":\"https:\/\/qingdaohf.com\/bg\/\",\"name\":\"Concrete Form & Rigging Hardware Supplier\",\"description\":\"\",\"publisher\":{\"@id\":\"https:\/\/qingdaohf.com\/bg\/#organization\"},\"potentialAction\":[{\"@type\":\"SearchAction\",\"target\":{\"@type\":\"EntryPoint\",\"urlTemplate\":\"https:\/\/qingdaohf.com\/bg\/?s={search_term_string}\"},\"query-input\":{\"@type\":\"PropertyValueSpecification\",\"valueRequired\":true,\"valueName\":\"search_term_string\"}}],\"inLanguage\":\"fi\"},{\"@type\":\"Organization\",\"@id\":\"https:\/\/qingdaohf.com\/bg\/#organization\",\"name\":\"Qingdao H&F\",\"url\":\"https:\/\/qingdaohf.com\/bg\/\",\"logo\":{\"@type\":\"ImageObject\",\"inLanguage\":\"fi\",\"@id\":\"https:\/\/qingdaohf.com\/bg\/#\/schema\/logo\/image\/\",\"url\":\"https:\/\/qingdaohf.com\/wp-content\/uploads\/2022\/12\/cropped-HF-LOGO.png\",\"contentUrl\":\"https:\/\/qingdaohf.com\/wp-content\/uploads\/2022\/12\/cropped-HF-LOGO.png\",\"width\":391,\"height\":249,\"caption\":\"Qingdao H&F\"},\"image\":{\"@id\":\"https:\/\/qingdaohf.com\/bg\/#\/schema\/logo\/image\/\"},\"sameAs\":[\"https:\/\/www.facebook.com\/qingdaohf\"]}]}<\/script>\n<!-- \/ Yoast SEO plugin. -->","yoast_head_json":{"title":"Metal Garden Stake Pole with Green Plastic Coating","description":"Elevate your garden\u2019s aesthetic and functionality with our Metal Garden Stake Pole with Green Plastic Coating.","robots":{"index":"index","follow":"follow","max-snippet":"max-snippet:-1","max-image-preview":"max-image-preview:large","max-video-preview":"max-video-preview:-1"},"canonical":"https:\/\/qingdaohf.com\/fi\/tuote\/metallinen-puutarhakeppi\/","og_locale":"fi_FI","og_type":"article","og_title":"Metal Garden Stake Pole with Green Plastic Coating","og_description":"Elevate your garden\u2019s aesthetic and functionality with our Metal Garden Stake Pole with Green Plastic Coating.","og_url":"https:\/\/qingdaohf.com\/fi\/tuote\/metallinen-puutarhakeppi\/","og_site_name":"Concrete Form &amp; Rigging Hardware Supplier","article_publisher":"https:\/\/www.facebook.com\/qingdaohf","article_modified_time":"2025-11-13T01:03:14+00:00","og_image":[{"width":800,"height":800,"url":"https:\/\/qingdaohf.com\/wp-content\/uploads\/2024\/07\/garden-stake.jpg","type":"image\/jpeg"}],"twitter_card":"summary_large_image","twitter_misc":{"Arvioitu lukuaika":"4 minuuttia"},"schema":{"@context":"https:\/\/schema.org","@graph":[{"@type":"WebPage","@id":"https:\/\/qingdaohf.com\/product\/metal-garden-stake\/","url":"https:\/\/qingdaohf.com\/product\/metal-garden-stake\/","name":"Metal Garden Stake Pole with Green Plastic Coating","isPartOf":{"@id":"https:\/\/qingdaohf.com\/bg\/#website"},"primaryImageOfPage":{"@id":"https:\/\/qingdaohf.com\/product\/metal-garden-stake\/#primaryimage"},"image":{"@id":"https:\/\/qingdaohf.com\/product\/metal-garden-stake\/#primaryimage"},"thumbnailUrl":"https:\/\/qingdaohf.com\/wp-content\/uploads\/2024\/07\/garden-stake.jpg","datePublished":"2024-07-29T09:54:40+00:00","dateModified":"2025-11-13T01:03:14+00:00","description":"Elevate your garden\u2019s aesthetic and functionality with our Metal Garden Stake Pole with Green Plastic Coating.","breadcrumb":{"@id":"https:\/\/qingdaohf.com\/product\/metal-garden-stake\/#breadcrumb"},"inLanguage":"fi","potentialAction":[{"@type":"ReadAction","target":["https:\/\/qingdaohf.com\/product\/metal-garden-stake\/"]}]},{"@type":"ImageObject","inLanguage":"fi","@id":"https:\/\/qingdaohf.com\/product\/metal-garden-stake\/#primaryimage","url":"https:\/\/qingdaohf.com\/wp-content\/uploads\/2024\/07\/garden-stake.jpg","contentUrl":"https:\/\/qingdaohf.com\/wp-content\/uploads\/2024\/07\/garden-stake.jpg","width":800,"height":800,"caption":"garden stake"},{"@type":"BreadcrumbList","@id":"https:\/\/qingdaohf.com\/product\/metal-garden-stake\/#breadcrumb","itemListElement":[{"@type":"ListItem","position":1,"name":"Home","item":"https:\/\/qingdaohf.com\/"},{"@type":"ListItem","position":2,"name":"Concrete Forming Accessories and Rigging Hardware","item":"https:\/\/qingdaohf.com\/bg\/?page_id=944"},{"@type":"ListItem","position":3,"name":"Metal Garden Stake Pole with Green Plastic Coating"}]},{"@type":"WebSite","@id":"https:\/\/qingdaohf.com\/bg\/#website","url":"https:\/\/qingdaohf.com\/bg\/","name":"Concrete Form & Rigging Hardware Supplier","description":"","publisher":{"@id":"https:\/\/qingdaohf.com\/bg\/#organization"},"potentialAction":[{"@type":"SearchAction","target":{"@type":"EntryPoint","urlTemplate":"https:\/\/qingdaohf.com\/bg\/?s={search_term_string}"},"query-input":{"@type":"PropertyValueSpecification","valueRequired":true,"valueName":"search_term_string"}}],"inLanguage":"fi"},{"@type":"Organization","@id":"https:\/\/qingdaohf.com\/bg\/#organization","name":"Qingdao H&F","url":"https:\/\/qingdaohf.com\/bg\/","logo":{"@type":"ImageObject","inLanguage":"fi","@id":"https:\/\/qingdaohf.com\/bg\/#\/schema\/logo\/image\/","url":"https:\/\/qingdaohf.com\/wp-content\/uploads\/2022\/12\/cropped-HF-LOGO.png","contentUrl":"https:\/\/qingdaohf.com\/wp-content\/uploads\/2022\/12\/cropped-HF-LOGO.png","width":391,"height":249,"caption":"Qingdao H&F"},"image":{"@id":"https:\/\/qingdaohf.com\/bg\/#\/schema\/logo\/image\/"},"sameAs":["https:\/\/www.facebook.com\/qingdaohf"]}]}},"_links":{"self":[{"href":"https:\/\/qingdaohf.com\/fi\/wp-json\/wp\/v2\/product\/7606","targetHints":{"allow":["GET"]}}],"collection":[{"href":"https:\/\/qingdaohf.com\/fi\/wp-json\/wp\/v2\/product"}],"about":[{"href":"https:\/\/qingdaohf.com\/fi\/wp-json\/wp\/v2\/types\/product"}],"replies":[{"embeddable":true,"href":"https:\/\/qingdaohf.com\/fi\/wp-json\/wp\/v2\/comments?post=7606"}],"version-history":[{"count":1,"href":"https:\/\/qingdaohf.com\/fi\/wp-json\/wp\/v2\/product\/7606\/revisions"}],"predecessor-version":[{"id":7612,"href":"https:\/\/qingdaohf.com\/fi\/wp-json\/wp\/v2\/product\/7606\/revisions\/7612"}],"wp:featuredmedia":[{"embeddable":true,"href":"https:\/\/qingdaohf.com\/fi\/wp-json\/wp\/v2\/media\/7792"}],"wp:attachment":[{"href":"https:\/\/qingdaohf.com\/fi\/wp-json\/wp\/v2\/media?parent=7606"}],"wp:term":[{"taxonomy":"product_brand","embeddable":true,"href":"https:\/\/qingdaohf.com\/fi\/wp-json\/wp\/v2\/product_brand?post=7606"},{"taxonomy":"product_cat","embeddable":true,"href":"https:\/\/qingdaohf.com\/fi\/wp-json\/wp\/v2\/product_cat?post=7606"},{"taxonomy":"product_tag","embeddable":true,"href":"https:\/\/qingdaohf.com\/fi\/wp-json\/wp\/v2\/product_tag?post=7606"}],"curies":[{"name":"wp","href":"https:\/\/api.w.org\/{rel}","templated":true}]}}