{"id":7781,"date":"2024-09-12T10:21:48","date_gmt":"2024-09-12T02:21:48","guid":{"rendered":"http:\/\/qingdaohf.com\/?post_type=product&#038;p=7781"},"modified":"2025-11-13T09:03:14","modified_gmt":"2025-11-13T01:03:14","slug":"heavy-duty-stub-end-k2-b-thimble","status":"publish","type":"product","link":"https:\/\/qingdaohf.com\/fi\/tuote\/raskaaseen-kayttoon-tarkoitettu-k2-b-sormustin\/","title":{"rendered":"Raskas Stub-End K2-B-sormustin"},"content":{"rendered":"<p>Heavy Duty Stub-End K2-B -sormustin tarjoaa poikkeuksellisen suorituskyvyn ja luotettavuuden vaijerilenkkien kiinnitt\u00e4miseen raskaissa olosuhteissa. T\u00e4m\u00e4 sormustin on suunniteltu kest\u00e4m\u00e4\u00e4n kovia olosuhteita ja turvaamaan vaijerien eheys, olipa kyse sitten suurista j\u00e4nnitystilanteista, teollisuuden nostoista tai merenkulkusovelluksista. Sen vankka rakenne ja muotoilu tekev\u00e4t siit\u00e4 ratkaisun ammattilaisille, jotka etsiv\u00e4t kest\u00e4vyytt\u00e4 ja suojaa jokaisessa k\u00e4yt\u00f6ss\u00e4.<\/p>\n<h4>K2-B-sormustimen k\u00e4yt\u00f6n edut teollisuudessa<\/h4>\n<p>Yksi Heavy Duty Stub-End K2-B -sormustimen erityispiirteist\u00e4 on sen kyky kest\u00e4\u00e4 \u00e4\u00e4rimm\u00e4ist\u00e4 rasitusta ja painetta, mik\u00e4 tekee siit\u00e4 ihanteellisen teollisuudenaloille, joilla turvallisuus ja kest\u00e4vyys ovat ensiarvoisen t\u00e4rkeit\u00e4. Rakennus-, takilointi- ja merenkulkualan sovelluksissa vaijerit ovat jatkuvassa rasituksessa, ja t\u00e4m\u00e4 sormustin toimii suojana kulumista ja haurastumista vastaan. Tynk\u00e4p\u00e4\u00e4suunnittelu parantaa k\u00f6ysisilmukan vakautta, mik\u00e4 antaa lis\u00e4turvaa ty\u00f6skennelt\u00e4ess\u00e4 raskaiden kuormien kanssa tai vaikeissa ymp\u00e4rist\u00f6iss\u00e4.<\/p>\n<p>K2-B-sormustimen yhteensopivuus useiden eri vaijerikokojen kanssa mahdollistaa sen monipuolisen k\u00e4yt\u00f6n useilla eri teollisuudenaloilla. Sen vankka rakenne takaa pitk\u00e4aikaisen k\u00e4yt\u00f6n ilman tihe\u00e4\u00e4 vaihtoa, mik\u00e4 auttaa v\u00e4hent\u00e4m\u00e4\u00e4n huoltokustannuksia. Minimoimalla k\u00f6ysien kulumisen sormustin auttaa s\u00e4ilytt\u00e4m\u00e4\u00e4n vaijerien lujuuden ja eheyden, mik\u00e4 tekee siit\u00e4 ammattilaisten v\u00e4ltt\u00e4m\u00e4tt\u00f6m\u00e4n ty\u00f6kalun.<\/p>\n<h4>Miksi valita Stub-End-rakenne raskaita kuormia varten?<\/h4>\n<p>K2-B:n sormustin on ratkaiseva ominaisuus, joka erottaa sen tavallisista sormustimista. T\u00e4m\u00e4 rakenne lis\u00e4\u00e4 lis\u00e4vahvistusta kohtaan, jossa vaijeri muodostaa silmukan, mik\u00e4 v\u00e4hent\u00e4\u00e4 liukastumisriski\u00e4 ja pident\u00e4\u00e4 vaijerin k\u00e4ytt\u00f6ik\u00e4\u00e4. Korkean j\u00e4nnityksen sovelluksissa pienikin liukastuminen voi johtaa vaaratilanteisiin, joten luotettava sormustin on olennaisen t\u00e4rke\u00e4 turvallisuuden takaamiseksi.<\/p>\n<p>Heavy Duty Stub-End K2-B -sormustin v\u00e4hent\u00e4\u00e4 my\u00f6s k\u00f6yteen kohdistuvaa taivutusrasitusta, mik\u00e4 on kriittinen tekij\u00e4 korkean kuormituksen sovelluksissa. Sormustimen sile\u00e4 sis\u00e4pinta est\u00e4\u00e4 kulumista, joka on yleinen ongelma, kun metalli koskettaa vaijeria kuormituksen alaisena. T\u00e4m\u00e4 pident\u00e4\u00e4 k\u00f6yden k\u00e4ytt\u00f6ik\u00e4\u00e4 ja takaa my\u00f6s tasaisemman ja luotettavamman suorituskyvyn nosto-, hinaus- ja muissa teollisuusk\u00e4yt\u00f6iss\u00e4.<\/p>\n<h4>Raskaan K2-B-sormustimen kest\u00e4vyys ja materiaalit<\/h4>\n<p>Kest\u00e4vyyden osalta Heavy Duty Stub-End K2-B -rengas on vertaansa vailla. Se on valmistettu korkealaatuisesta ter\u00e4ksest\u00e4 tai muista raskaista materiaaleista, ja se on suunniteltu kest\u00e4m\u00e4\u00e4n korroosiota ja s\u00e4\u00e4nkest\u00e4vyytt\u00e4. T\u00e4m\u00e4n vuoksi se on ihanteellinen ulkok\u00e4ytt\u00f6\u00f6n, erityisesti meriymp\u00e4rist\u00f6iss\u00e4, joissa altistuminen suolavedelle voi johtaa vakiovarusteiden nopeaan heikkenemiseen.<\/p>\n<p>Sormustimen korroosionkest\u00e4v\u00e4t ominaisuudet takaavat, ett\u00e4 se s\u00e4ilytt\u00e4\u00e4 rakenteellisen eheytens\u00e4 my\u00f6s sen j\u00e4lkeen, kun se on altistunut pitk\u00e4\u00e4n ankarille olosuhteille. T\u00e4m\u00e4 tekee siit\u00e4 luotettavan valinnan pitk\u00e4aikaisiin projekteihin ja teollisuudenaloille, jotka vaativat jatkuvaa raskasta nostamista tai j\u00e4nnityssovelluksia. Sen kest\u00e4v\u00e4 rakenne ei ainoastaan pidenn\u00e4 itse sormustimen k\u00e4ytt\u00f6ik\u00e4\u00e4, vaan my\u00f6s suojaa vaijeria kitkan tai ymp\u00e4rist\u00f6n aiheuttamilta vaurioilta.<\/p>\n<h4>Johtop\u00e4\u00e4t\u00f6kset: T\u00e4rke\u00e4 ty\u00f6kalu teollisiin sovelluksiin<\/h4>\n<p>Yhteenvetona voidaan todeta, ett\u00e4 Heavy Duty Stub-End K2-B Thimble on v\u00e4ltt\u00e4m\u00e4t\u00f6n ty\u00f6kalu kaikille ammattilaisille, jotka ty\u00f6skentelev\u00e4t raskaiden kuormien, korkeaj\u00e4nnitesovellusten tai kest\u00e4v\u00e4n vaijerisuojan tarpeiden parissa. Sen vankka rakenne, korkealaatuiset materiaalit ja kyky selviyty\u00e4 \u00e4\u00e4rimm\u00e4isist\u00e4 olosuhteista tekev\u00e4t siit\u00e4 erinomaisen valinnan aloille rakentamisesta merenkulkuun.<\/p>\n<p>Valitsemalla K2-B-sormustimen varmistat, ett\u00e4 vaijerisi kest\u00e4v\u00e4t pidemp\u00e4\u00e4n, toimivat paremmin ja tarjoavat vaativissa ymp\u00e4rist\u00f6iss\u00e4 tarvittavan turvallisuustason. Investoimalla t\u00e4m\u00e4nkaltaisiin laatutuotteisiin s\u00e4\u00e4st\u00e4t aikaa ja rahaa pitk\u00e4ll\u00e4 aikav\u00e4lill\u00e4, mutta my\u00f6s takaat korkeimman suorituskyvyn jokaisessa ty\u00f6ss\u00e4.<\/p>","protected":false},"excerpt":{"rendered":"<p>Heavy Duty Stub-End K2-B Thimble on suunniteltu vahvistamaan ja suojaamaan vaijeria ja kaapelisilmukoita erinomaisesti, mik\u00e4 takaa maksimaalisen kest\u00e4vyyden vaativissa olosuhteissa. T\u00e4m\u00e4 sormustin on valmistettu korkealaatuisista materiaaleista ja suunniteltu raskaaseen k\u00e4ytt\u00f6\u00f6n, joten se sopii erinomaisesti teollisiin sovelluksiin. Sen kannaksen muotoilu mahdollistaa turvallisen istuvuuden, mik\u00e4 v\u00e4hent\u00e4\u00e4 kulumista ja pident\u00e4\u00e4 samalla laitteesi k\u00e4ytt\u00f6ik\u00e4\u00e4.<\/p>","protected":false},"featured_media":7808,"comment_status":"open","ping_status":"closed","template":"","meta":{"site-sidebar-layout":"default","site-content-layout":"","ast-site-content-layout":"default","site-content-style":"default","site-sidebar-style":"default","ast-global-header-display":"","ast-banner-title-visibility":"","ast-main-header-display":"","ast-hfb-above-header-display":"","ast-hfb-below-header-display":"","ast-hfb-mobile-header-display":"","site-post-title":"","ast-breadcrumbs-content":"","ast-featured-img":"","footer-sml-layout":"","theme-transparent-header-meta":"default","adv-header-id-meta":"","stick-header-meta":"default","header-above-stick-meta":"","header-main-stick-meta":"","header-below-stick-meta":"","astra-migrate-meta-layouts":"set","ast-page-background-enabled":"default","ast-page-background-meta":{"desktop":{"background-color":"","background-image":"","background-repeat":"repeat","background-position":"center center","background-size":"auto","background-attachment":"scroll","background-type":"","background-media":"","overlay-type":"","overlay-color":"","overlay-opacity":"","overlay-gradient":""},"tablet":{"background-color":"","background-image":"","background-repeat":"repeat","background-position":"center center","background-size":"auto","background-attachment":"scroll","background-type":"","background-media":"","overlay-type":"","overlay-color":"","overlay-opacity":"","overlay-gradient":""},"mobile":{"background-color":"","background-image":"","background-repeat":"repeat","background-position":"center center","background-size":"auto","background-attachment":"scroll","background-type":"","background-media":"","overlay-type":"","overlay-color":"","overlay-opacity":"","overlay-gradient":""}},"ast-content-background-meta":{"desktop":{"background-color":"var(--ast-global-color-5)","background-image":"","background-repeat":"repeat","background-position":"center center","background-size":"auto","background-attachment":"scroll","background-type":"","background-media":"","overlay-type":"","overlay-color":"","overlay-opacity":"","overlay-gradient":""},"tablet":{"background-color":"var(--ast-global-color-5)","background-image":"","background-repeat":"repeat","background-position":"center center","background-size":"auto","background-attachment":"scroll","background-type":"","background-media":"","overlay-type":"","overlay-color":"","overlay-opacity":"","overlay-gradient":""},"mobile":{"background-color":"var(--ast-global-color-5)","background-image":"","background-repeat":"repeat","background-position":"center center","background-size":"auto","background-attachment":"scroll","background-type":"","background-media":"","overlay-type":"","overlay-color":"","overlay-opacity":"","overlay-gradient":""}}},"product_brand":[],"product_cat":[37],"product_tag":[],"class_list":{"0":"post-7781","1":"product","2":"type-product","3":"status-publish","4":"has-post-thumbnail","6":"product_cat-wire-rope","7":"desktop-align-left","8":"tablet-align-left","9":"mobile-align-left","10":"ast-product-gallery-layout-horizontal-slider","11":"ast-product-tabs-layout-horizontal","13":"first","14":"instock","15":"shipping-taxable","16":"purchasable","17":"product-type-simple"},"yoast_head":"<!-- This site is optimized with the Yoast SEO plugin v25.2 - https:\/\/yoast.com\/wordpress\/plugins\/seo\/ -->\n<title>Heavy Duty Stub-End K2-B Thimble<\/title>\n<meta name=\"robots\" content=\"index, follow, max-snippet:-1, max-image-preview:large, max-video-preview:-1\" \/>\n<link rel=\"canonical\" href=\"https:\/\/qingdaohf.com\/fi\/tuote\/raskaaseen-kayttoon-tarkoitettu-k2-b-sormustin\/\" \/>\n<meta property=\"og:locale\" content=\"fi_FI\" \/>\n<meta property=\"og:type\" content=\"article\" \/>\n<meta property=\"og:title\" content=\"Heavy Duty Stub-End K2-B Thimble\" \/>\n<meta property=\"og:description\" content=\"The Heavy Duty Stub-End K2-B Thimble is designed to provide superior reinforcement and protection to wire rope and cable loops, ensuring maximum durability in demanding conditions. This thimble is crafted from high-quality materials and engineered for heavy-duty use, making it ideal for industrial applications. Its stub-end design allows for a secure fit, reducing wear and tear while extending the life of your equipment.\" \/>\n<meta property=\"og:url\" content=\"https:\/\/qingdaohf.com\/fi\/tuote\/raskaaseen-kayttoon-tarkoitettu-k2-b-sormustin\/\" \/>\n<meta property=\"og:site_name\" content=\"Concrete Form &amp; Rigging Hardware Supplier\" \/>\n<meta property=\"article:publisher\" content=\"https:\/\/www.facebook.com\/qingdaohf\" \/>\n<meta property=\"article:modified_time\" content=\"2025-11-13T01:03:14+00:00\" \/>\n<meta property=\"og:image\" content=\"https:\/\/qingdaohf.com\/wp-content\/uploads\/2024\/09\/Heavy-Duty-Stub-End-K2-B-Thimble.jpg\" \/>\n\t<meta property=\"og:image:width\" content=\"1000\" \/>\n\t<meta property=\"og:image:height\" content=\"1000\" \/>\n\t<meta property=\"og:image:type\" content=\"image\/jpeg\" \/>\n<meta name=\"twitter:card\" content=\"summary_large_image\" \/>\n<meta name=\"twitter:label1\" content=\"Arvioitu lukuaika\" \/>\n\t<meta name=\"twitter:data1\" content=\"3 minuuttia\" \/>\n<script type=\"application\/ld+json\" class=\"yoast-schema-graph\">{\"@context\":\"https:\/\/schema.org\",\"@graph\":[{\"@type\":\"WebPage\",\"@id\":\"https:\/\/qingdaohf.com\/product\/heavy-duty-stub-end-k2-b-thimble\/\",\"url\":\"https:\/\/qingdaohf.com\/product\/heavy-duty-stub-end-k2-b-thimble\/\",\"name\":\"Heavy Duty Stub-End K2-B Thimble\",\"isPartOf\":{\"@id\":\"https:\/\/qingdaohf.com\/bg\/#website\"},\"primaryImageOfPage\":{\"@id\":\"https:\/\/qingdaohf.com\/product\/heavy-duty-stub-end-k2-b-thimble\/#primaryimage\"},\"image\":{\"@id\":\"https:\/\/qingdaohf.com\/product\/heavy-duty-stub-end-k2-b-thimble\/#primaryimage\"},\"thumbnailUrl\":\"https:\/\/qingdaohf.com\/wp-content\/uploads\/2024\/09\/Heavy-Duty-Stub-End-K2-B-Thimble.jpg\",\"datePublished\":\"2024-09-12T02:21:48+00:00\",\"dateModified\":\"2025-11-13T01:03:14+00:00\",\"breadcrumb\":{\"@id\":\"https:\/\/qingdaohf.com\/product\/heavy-duty-stub-end-k2-b-thimble\/#breadcrumb\"},\"inLanguage\":\"fi\",\"potentialAction\":[{\"@type\":\"ReadAction\",\"target\":[\"https:\/\/qingdaohf.com\/product\/heavy-duty-stub-end-k2-b-thimble\/\"]}]},{\"@type\":\"ImageObject\",\"inLanguage\":\"fi\",\"@id\":\"https:\/\/qingdaohf.com\/product\/heavy-duty-stub-end-k2-b-thimble\/#primaryimage\",\"url\":\"https:\/\/qingdaohf.com\/wp-content\/uploads\/2024\/09\/Heavy-Duty-Stub-End-K2-B-Thimble.jpg\",\"contentUrl\":\"https:\/\/qingdaohf.com\/wp-content\/uploads\/2024\/09\/Heavy-Duty-Stub-End-K2-B-Thimble.jpg\",\"width\":1000,\"height\":1000,\"caption\":\"Heavy Duty Stub-End K2-B Thimble\"},{\"@type\":\"BreadcrumbList\",\"@id\":\"https:\/\/qingdaohf.com\/product\/heavy-duty-stub-end-k2-b-thimble\/#breadcrumb\",\"itemListElement\":[{\"@type\":\"ListItem\",\"position\":1,\"name\":\"Home\",\"item\":\"https:\/\/qingdaohf.com\/\"},{\"@type\":\"ListItem\",\"position\":2,\"name\":\"Concrete Forming Accessories and Rigging Hardware\",\"item\":\"https:\/\/qingdaohf.com\/bg\/?page_id=944\"},{\"@type\":\"ListItem\",\"position\":3,\"name\":\"Heavy Duty Stub-End K2-B Thimble\"}]},{\"@type\":\"WebSite\",\"@id\":\"https:\/\/qingdaohf.com\/bg\/#website\",\"url\":\"https:\/\/qingdaohf.com\/bg\/\",\"name\":\"Concrete Form & Rigging Hardware Supplier\",\"description\":\"\",\"publisher\":{\"@id\":\"https:\/\/qingdaohf.com\/bg\/#organization\"},\"potentialAction\":[{\"@type\":\"SearchAction\",\"target\":{\"@type\":\"EntryPoint\",\"urlTemplate\":\"https:\/\/qingdaohf.com\/bg\/?s={search_term_string}\"},\"query-input\":{\"@type\":\"PropertyValueSpecification\",\"valueRequired\":true,\"valueName\":\"search_term_string\"}}],\"inLanguage\":\"fi\"},{\"@type\":\"Organization\",\"@id\":\"https:\/\/qingdaohf.com\/bg\/#organization\",\"name\":\"Qingdao H&F\",\"url\":\"https:\/\/qingdaohf.com\/bg\/\",\"logo\":{\"@type\":\"ImageObject\",\"inLanguage\":\"fi\",\"@id\":\"https:\/\/qingdaohf.com\/bg\/#\/schema\/logo\/image\/\",\"url\":\"https:\/\/qingdaohf.com\/wp-content\/uploads\/2022\/12\/cropped-HF-LOGO.png\",\"contentUrl\":\"https:\/\/qingdaohf.com\/wp-content\/uploads\/2022\/12\/cropped-HF-LOGO.png\",\"width\":391,\"height\":249,\"caption\":\"Qingdao H&F\"},\"image\":{\"@id\":\"https:\/\/qingdaohf.com\/bg\/#\/schema\/logo\/image\/\"},\"sameAs\":[\"https:\/\/www.facebook.com\/qingdaohf\"]}]}<\/script>\n<!-- \/ Yoast SEO plugin. -->","yoast_head_json":{"title":"Heavy Duty Stub-End K2-B Thimble","robots":{"index":"index","follow":"follow","max-snippet":"max-snippet:-1","max-image-preview":"max-image-preview:large","max-video-preview":"max-video-preview:-1"},"canonical":"https:\/\/qingdaohf.com\/fi\/tuote\/raskaaseen-kayttoon-tarkoitettu-k2-b-sormustin\/","og_locale":"fi_FI","og_type":"article","og_title":"Heavy Duty Stub-End K2-B Thimble","og_description":"The Heavy Duty Stub-End K2-B Thimble is designed to provide superior reinforcement and protection to wire rope and cable loops, ensuring maximum durability in demanding conditions. This thimble is crafted from high-quality materials and engineered for heavy-duty use, making it ideal for industrial applications. Its stub-end design allows for a secure fit, reducing wear and tear while extending the life of your equipment.","og_url":"https:\/\/qingdaohf.com\/fi\/tuote\/raskaaseen-kayttoon-tarkoitettu-k2-b-sormustin\/","og_site_name":"Concrete Form &amp; Rigging Hardware Supplier","article_publisher":"https:\/\/www.facebook.com\/qingdaohf","article_modified_time":"2025-11-13T01:03:14+00:00","og_image":[{"width":1000,"height":1000,"url":"https:\/\/qingdaohf.com\/wp-content\/uploads\/2024\/09\/Heavy-Duty-Stub-End-K2-B-Thimble.jpg","type":"image\/jpeg"}],"twitter_card":"summary_large_image","twitter_misc":{"Arvioitu lukuaika":"3 minuuttia"},"schema":{"@context":"https:\/\/schema.org","@graph":[{"@type":"WebPage","@id":"https:\/\/qingdaohf.com\/product\/heavy-duty-stub-end-k2-b-thimble\/","url":"https:\/\/qingdaohf.com\/product\/heavy-duty-stub-end-k2-b-thimble\/","name":"Heavy Duty Stub-End K2-B Thimble","isPartOf":{"@id":"https:\/\/qingdaohf.com\/bg\/#website"},"primaryImageOfPage":{"@id":"https:\/\/qingdaohf.com\/product\/heavy-duty-stub-end-k2-b-thimble\/#primaryimage"},"image":{"@id":"https:\/\/qingdaohf.com\/product\/heavy-duty-stub-end-k2-b-thimble\/#primaryimage"},"thumbnailUrl":"https:\/\/qingdaohf.com\/wp-content\/uploads\/2024\/09\/Heavy-Duty-Stub-End-K2-B-Thimble.jpg","datePublished":"2024-09-12T02:21:48+00:00","dateModified":"2025-11-13T01:03:14+00:00","breadcrumb":{"@id":"https:\/\/qingdaohf.com\/product\/heavy-duty-stub-end-k2-b-thimble\/#breadcrumb"},"inLanguage":"fi","potentialAction":[{"@type":"ReadAction","target":["https:\/\/qingdaohf.com\/product\/heavy-duty-stub-end-k2-b-thimble\/"]}]},{"@type":"ImageObject","inLanguage":"fi","@id":"https:\/\/qingdaohf.com\/product\/heavy-duty-stub-end-k2-b-thimble\/#primaryimage","url":"https:\/\/qingdaohf.com\/wp-content\/uploads\/2024\/09\/Heavy-Duty-Stub-End-K2-B-Thimble.jpg","contentUrl":"https:\/\/qingdaohf.com\/wp-content\/uploads\/2024\/09\/Heavy-Duty-Stub-End-K2-B-Thimble.jpg","width":1000,"height":1000,"caption":"Heavy Duty Stub-End K2-B Thimble"},{"@type":"BreadcrumbList","@id":"https:\/\/qingdaohf.com\/product\/heavy-duty-stub-end-k2-b-thimble\/#breadcrumb","itemListElement":[{"@type":"ListItem","position":1,"name":"Home","item":"https:\/\/qingdaohf.com\/"},{"@type":"ListItem","position":2,"name":"Concrete Forming Accessories and Rigging Hardware","item":"https:\/\/qingdaohf.com\/bg\/?page_id=944"},{"@type":"ListItem","position":3,"name":"Heavy Duty Stub-End K2-B Thimble"}]},{"@type":"WebSite","@id":"https:\/\/qingdaohf.com\/bg\/#website","url":"https:\/\/qingdaohf.com\/bg\/","name":"Concrete Form & Rigging Hardware Supplier","description":"","publisher":{"@id":"https:\/\/qingdaohf.com\/bg\/#organization"},"potentialAction":[{"@type":"SearchAction","target":{"@type":"EntryPoint","urlTemplate":"https:\/\/qingdaohf.com\/bg\/?s={search_term_string}"},"query-input":{"@type":"PropertyValueSpecification","valueRequired":true,"valueName":"search_term_string"}}],"inLanguage":"fi"},{"@type":"Organization","@id":"https:\/\/qingdaohf.com\/bg\/#organization","name":"Qingdao H&F","url":"https:\/\/qingdaohf.com\/bg\/","logo":{"@type":"ImageObject","inLanguage":"fi","@id":"https:\/\/qingdaohf.com\/bg\/#\/schema\/logo\/image\/","url":"https:\/\/qingdaohf.com\/wp-content\/uploads\/2022\/12\/cropped-HF-LOGO.png","contentUrl":"https:\/\/qingdaohf.com\/wp-content\/uploads\/2022\/12\/cropped-HF-LOGO.png","width":391,"height":249,"caption":"Qingdao H&F"},"image":{"@id":"https:\/\/qingdaohf.com\/bg\/#\/schema\/logo\/image\/"},"sameAs":["https:\/\/www.facebook.com\/qingdaohf"]}]}},"_links":{"self":[{"href":"https:\/\/qingdaohf.com\/fi\/wp-json\/wp\/v2\/product\/7781","targetHints":{"allow":["GET"]}}],"collection":[{"href":"https:\/\/qingdaohf.com\/fi\/wp-json\/wp\/v2\/product"}],"about":[{"href":"https:\/\/qingdaohf.com\/fi\/wp-json\/wp\/v2\/types\/product"}],"replies":[{"embeddable":true,"href":"https:\/\/qingdaohf.com\/fi\/wp-json\/wp\/v2\/comments?post=7781"}],"version-history":[{"count":1,"href":"https:\/\/qingdaohf.com\/fi\/wp-json\/wp\/v2\/product\/7781\/revisions"}],"predecessor-version":[{"id":7786,"href":"https:\/\/qingdaohf.com\/fi\/wp-json\/wp\/v2\/product\/7781\/revisions\/7786"}],"wp:featuredmedia":[{"embeddable":true,"href":"https:\/\/qingdaohf.com\/fi\/wp-json\/wp\/v2\/media\/7808"}],"wp:attachment":[{"href":"https:\/\/qingdaohf.com\/fi\/wp-json\/wp\/v2\/media?parent=7781"}],"wp:term":[{"taxonomy":"product_brand","embeddable":true,"href":"https:\/\/qingdaohf.com\/fi\/wp-json\/wp\/v2\/product_brand?post=7781"},{"taxonomy":"product_cat","embeddable":true,"href":"https:\/\/qingdaohf.com\/fi\/wp-json\/wp\/v2\/product_cat?post=7781"},{"taxonomy":"product_tag","embeddable":true,"href":"https:\/\/qingdaohf.com\/fi\/wp-json\/wp\/v2\/product_tag?post=7781"}],"curies":[{"name":"wp","href":"https:\/\/api.w.org\/{rel}","templated":true}]}}