{"id":7968,"date":"2024-09-30T14:05:29","date_gmt":"2024-09-30T06:05:29","guid":{"rendered":"http:\/\/qingdaohf.com\/?post_type=product&#038;p=7968"},"modified":"2025-11-13T09:03:13","modified_gmt":"2025-11-13T01:03:13","slug":"inside-corner","status":"publish","type":"product","link":"https:\/\/qingdaohf.com\/fi\/tuote\/sisakulma\/","title":{"rendered":"Sis\u00e4kulma"},"content":{"rendered":"<p><img fetchpriority=\"high\" decoding=\"async\" class=\"alignnone size-full wp-image-3418\" src=\"http:\/\/qingdaohf.com\/wp-content\/uploads\/2023\/03\/47-2.jpg\" alt=\"\" width=\"1200\" height=\"176\" srcset=\"https:\/\/qingdaohf.com\/wp-content\/uploads\/2023\/03\/47-2.jpg 1200w, https:\/\/qingdaohf.com\/wp-content\/uploads\/2023\/03\/47-2-300x44.jpg 300w, https:\/\/qingdaohf.com\/wp-content\/uploads\/2023\/03\/47-2-1024x150.jpg 1024w, https:\/\/qingdaohf.com\/wp-content\/uploads\/2023\/03\/47-2-768x113.jpg 768w, https:\/\/qingdaohf.com\/wp-content\/uploads\/2023\/03\/47-2-1000x147.jpg 1000w\" sizes=\"(max-width: 1200px) 100vw, 1200px\" \/><\/p>\n<h3>Sis\u00e4kulmien merkitys rakentamisessa<\/h3>\n<p>Rakentamisessa jokaisella yksityiskohdalla on merkityst\u00e4, ja sis\u00e4kulmalla on keskeinen rooli sek\u00e4 toiminnallisuuden ett\u00e4 esteettisyyden saavuttamisessa. T\u00e4m\u00e4 olennainen osa on suunniteltu vastaamaan nykyaikaisten rakennusk\u00e4yt\u00e4nt\u00f6jen vaatimuksia ja varmistamaan, ett\u00e4 kulmat, joita usein pidet\u00e4\u00e4n haastavina alueina, saavat ansaitsemansa huomion.<\/p>\n<p>Pohjimmiltaan sis\u00e4kulma toimii siltana kahden toisiaan leikkaavan sein\u00e4n v\u00e4lill\u00e4 ja tarjoaa paitsi tukea my\u00f6s kiillotetun ulkon\u00e4\u00f6n, joka kohottaa kokonaissuunnittelua. Ainutlaatuisen rakenteensa ansiosta se jakaa kuormat tasaisesti, mik\u00e4 parantaa sen yhdist\u00e4mien seinien kest\u00e4vyytt\u00e4. T\u00e4llaisten komponenttien merkityksen ymm\u00e4rt\u00e4minen voi johtaa kest\u00e4v\u00e4mpiin ja visuaalisesti houkuttelevampiin tuloksiin miss\u00e4 tahansa rakennushankkeessa.<\/p>\n<h3>Monipuolisuus ja mukautuvuus<\/h3>\n<p>Yksi Inside Cornerin t\u00e4rkeimmist\u00e4 eduista on sen monipuolisuus. Olipa kyse asuin- tai liikerakentamisesta, t\u00e4m\u00e4 tuote voidaan sovittaa eri materiaaleihin, kuten betoniin, puuhun ja metalliin. T\u00e4m\u00e4 mukautuvuus tekee siit\u00e4 ihanteellisen valinnan urakoitsijoille ja rakentajille, jotka haluavat virtaviivaistaa prosessejaan laadusta tinkim\u00e4tt\u00e4.<\/p>\n<p>Asennus on toinen kriittinen n\u00e4k\u00f6kohta, jossa Inside Corner loistaa. Perinteiset kulmaratkaisut vaativat usein paljon ty\u00f6t\u00e4 ja aikaa, mutta t\u00e4m\u00e4 tuote yksinkertaistaa prosessia merkitt\u00e4v\u00e4sti. Helposti integroitavaksi suunniteltu Inside Corner mahdollistaa nopeamman kokoonpanon, mink\u00e4 ansiosta projektit pysyv\u00e4t aikataulussa. Lis\u00e4ksi sen intuitiivinen suunnittelu minimoi virheiden riskin asennuksen aikana, mik\u00e4 on yleinen huolenaihe rakentamisessa.<\/p>\n<h3>Rakenteellisen eheyden ja estetiikan parantaminen<\/h3>\n<p>Turvallisuuden kannalta sis\u00e4kulman k\u00e4ytt\u00f6 voi edist\u00e4\u00e4 rakenteen yleist\u00e4 vakautta. Kulmat ovat usein rasituskohtia, ja n\u00e4iden alueiden vahvistaminen luotettavalla ratkaisulla on ratkaisevan t\u00e4rke\u00e4\u00e4 pitk\u00e4n aikav\u00e4lin suorituskyvyn kannalta. Hallitsemalla tehokkaasti j\u00e4nnityskuormia t\u00e4m\u00e4 tuote v\u00e4hent\u00e4\u00e4 halkeamien ja muiden rakenteellisten ongelmien todenn\u00e4k\u00f6isyytt\u00e4, mik\u00e4 takaa turvallisemman ymp\u00e4rist\u00f6n asukkaille.<\/p>\n<p>Sis\u00e4kulma lis\u00e4\u00e4 tilan visuaalista houkuttelevuutta esteettisesti. Se tarjoaa siistin, viimeistellyn ilmeen, joka voi t\u00e4ydent\u00e4\u00e4 erilaisia arkkitehtonisia tyylej\u00e4. Aikakaudella, jolloin muotoilulla on yht\u00e4 paljon merkityst\u00e4 kuin toiminnalla, t\u00e4m\u00e4 esteettisyyden huomioiminen on merkitt\u00e4v\u00e4 etu, jota ei voi j\u00e4tt\u00e4\u00e4 huomiotta.<\/p>\n<p>Lis\u00e4ksi kest\u00e4v\u00e4 kehitys on kasvava huolenaihe rakentamisessa, ja Inside Corner on t\u00e4m\u00e4n suuntauksen mukainen. Monet valmistajat valmistavat nyt n\u00e4it\u00e4 komponentteja ymp\u00e4rist\u00f6yst\u00e4v\u00e4llisist\u00e4 materiaaleista, mik\u00e4 takaa, ett\u00e4 rakennusteollisuus voi edet\u00e4 ymp\u00e4rist\u00f6\u00e4 vaarantamatta. Valitsemalla kest\u00e4vi\u00e4 vaihtoehtoja rakentajat voivat edist\u00e4\u00e4 terveemp\u00e4\u00e4 maapalloa ja saavuttaa samalla halutun rakenteellisen eheyden.<\/p>\n<h3>Kustannustehokkuus ja pitk\u00e4n aikav\u00e4lin hy\u00f6dyt<\/h3>\n<p>Kustannustehokkuuden kannalta Inside Corner on vakuuttavassa asemassa. Vaikka alkuinvestointi saattaa vaikuttaa vaatimattomalta, v\u00e4hentyneiden ty\u00f6voimakustannusten, pienemm\u00e4n materiaalih\u00e4vikin ja v\u00e4h\u00e4isemm\u00e4n huollon ansiosta saavutettavat pitk\u00e4n aikav\u00e4lin s\u00e4\u00e4st\u00f6t tekev\u00e4t siit\u00e4 viisaan valinnan mihin tahansa hankkeeseen. Tuotteen kest\u00e4vyys ja tehokkuus merkitsev\u00e4t sit\u00e4, ett\u00e4 se maksaa itsens\u00e4 takaisin ajan mittaan, mik\u00e4 tekee siit\u00e4 erinomaisen investoinnin niin rakentajille kuin urakoitsijoillekin.<\/p>\n<p>Toinen huomioon otettava seikka on Inside Cornerin valmistajien tarjoama tuki. Monet hyv\u00e4maineiset yritykset tarjoavat kattavaa asiakaspalvelua, mukaan lukien yksityiskohtaiset asennusohjeet, teknist\u00e4 tukea ja jopa koulutusta tiimeille. T\u00e4llainen apu varmistaa, ett\u00e4 jopa rakentamiseen vasta-alkajat voivat integroida t\u00e4m\u00e4n tuotteen luottavaisin mielin, mik\u00e4 lis\u00e4\u00e4 entisest\u00e4\u00e4n sen vetovoimaa.<\/p>\n<h3>Johtop\u00e4\u00e4t\u00f6kset: Innovaatioiden omaksuminen rakennusk\u00e4yt\u00e4nn\u00f6iss\u00e4<\/h3>\n<p>Kun syvennymme syvemm\u00e4lle rakennusmateriaalien maailmaan, k\u00e4y selv\u00e4ksi, ett\u00e4 sis\u00e4kulma ei ole pelkk\u00e4 liitin, vaan elint\u00e4rke\u00e4 elementti, joka vaikuttaa hankkeen onnistumiseen. Sen monipuoliset hy\u00f6dyt vaihtelevat rakenteellisesta eheydest\u00e4 ja esteettisest\u00e4 parantamisesta kest\u00e4vyyteen ja kustannuss\u00e4\u00e4st\u00f6ihin. T\u00e4m\u00e4 tuote kiteytt\u00e4\u00e4 modernin rakentamisen ytimen: tehokkuuden, luotettavuuden ja suunnittelun harmonian.<\/p>\n<p>Yhteenvetona voidaan todeta, ett\u00e4 sis\u00e4kulma on v\u00e4ltt\u00e4m\u00e4t\u00f6n komponentti, jota ei pid\u00e4 aliarvioida. Sen merkityst\u00e4 kulmien lujuuden ja kauneuden saavuttamisessa ei voi liioitella. Valitsemalla t\u00e4m\u00e4n tuotteen rakentajat ja urakoitsijat voivat varmistaa, ett\u00e4 he investoivat ratkaisuun, joka tarjoaa pitk\u00e4aikaisia etuja ja johtaa lopulta onnistuneisiin rakennustuloksiin. Olitpa sitten tekem\u00e4ss\u00e4 pient\u00e4 remonttia tai laajamittaista hanketta, Inside Cornerin k\u00e4ytt\u00e4minen voi merkitt\u00e4v\u00e4sti kohottaa ty\u00f6t\u00e4si ja auttaa luomaan tiloja, jotka ovat paitsi toimivia my\u00f6s visuaalisesti upeita.<\/p>\n<p>Sis\u00e4kulman sis\u00e4llytt\u00e4minen rakennusk\u00e4yt\u00e4nt\u00f6ihisi on askel kohti laadun ja tehokkuuden parantamista. Merkitt\u00e4vien ominaisuuksiensa ja hy\u00f6tyjens\u00e4 ansiosta se erottuu keskeisen\u00e4 toimijana rakentamisen maisemassa. Ymm\u00e4rt\u00e4m\u00e4ll\u00e4 sen arvon ja sis\u00e4llytt\u00e4m\u00e4ll\u00e4 sen hankkeisiin voit varmistaa, ett\u00e4 kulmat eiv\u00e4t ole vain toiminnallisia vaan my\u00f6s olennainen osa rakenteidesi kauneutta ja lujuutta.<\/p>","protected":false},"excerpt":{"rendered":"<p>Sis\u00e4kulma on olennainen osa rakentamista, ja se on suunniteltu takaamaan rakenteellinen eheys ja esteettinen ulkon\u00e4k\u00f6 kulmissa. T\u00e4m\u00e4 tuote on suunniteltu kest\u00e4v\u00e4ksi ja monipuoliseksi, ja se soveltuu erilaisiin sovelluksiin, jolloin se voidaan integroida saumattomasti olemassa oleviin rakenteisiin. Sen innovatiivinen muotoilu helpottaa asennusta ja parantaa samalla yleist\u00e4 vakautta, mik\u00e4 tekee siit\u00e4 arvokkaan lis\u00e4n mihin tahansa rakennushankkeeseen.<\/p>","protected":false},"featured_media":7979,"comment_status":"open","ping_status":"closed","template":"","meta":{"site-sidebar-layout":"default","site-content-layout":"","ast-site-content-layout":"default","site-content-style":"default","site-sidebar-style":"default","ast-global-header-display":"","ast-banner-title-visibility":"","ast-main-header-display":"","ast-hfb-above-header-display":"","ast-hfb-below-header-display":"","ast-hfb-mobile-header-display":"","site-post-title":"","ast-breadcrumbs-content":"","ast-featured-img":"","footer-sml-layout":"","theme-transparent-header-meta":"default","adv-header-id-meta":"","stick-header-meta":"default","header-above-stick-meta":"","header-main-stick-meta":"","header-below-stick-meta":"","astra-migrate-meta-layouts":"set","ast-page-background-enabled":"default","ast-page-background-meta":{"desktop":{"background-color":"","background-image":"","background-repeat":"repeat","background-position":"center center","background-size":"auto","background-attachment":"scroll","background-type":"","background-media":"","overlay-type":"","overlay-color":"","overlay-opacity":"","overlay-gradient":""},"tablet":{"background-color":"","background-image":"","background-repeat":"repeat","background-position":"center center","background-size":"auto","background-attachment":"scroll","background-type":"","background-media":"","overlay-type":"","overlay-color":"","overlay-opacity":"","overlay-gradient":""},"mobile":{"background-color":"","background-image":"","background-repeat":"repeat","background-position":"center center","background-size":"auto","background-attachment":"scroll","background-type":"","background-media":"","overlay-type":"","overlay-color":"","overlay-opacity":"","overlay-gradient":""}},"ast-content-background-meta":{"desktop":{"background-color":"var(--ast-global-color-5)","background-image":"","background-repeat":"repeat","background-position":"center center","background-size":"auto","background-attachment":"scroll","background-type":"","background-media":"","overlay-type":"","overlay-color":"","overlay-opacity":"","overlay-gradient":""},"tablet":{"background-color":"var(--ast-global-color-5)","background-image":"","background-repeat":"repeat","background-position":"center center","background-size":"auto","background-attachment":"scroll","background-type":"","background-media":"","overlay-type":"","overlay-color":"","overlay-opacity":"","overlay-gradient":""},"mobile":{"background-color":"var(--ast-global-color-5)","background-image":"","background-repeat":"repeat","background-position":"center center","background-size":"auto","background-attachment":"scroll","background-type":"","background-media":"","overlay-type":"","overlay-color":"","overlay-opacity":"","overlay-gradient":""}}},"product_brand":[],"product_cat":[29],"product_tag":[],"class_list":{"0":"post-7968","1":"product","2":"type-product","3":"status-publish","4":"has-post-thumbnail","6":"product_cat-formwork-system","7":"desktop-align-left","8":"tablet-align-left","9":"mobile-align-left","10":"ast-product-gallery-layout-horizontal-slider","11":"ast-product-tabs-layout-horizontal","13":"first","14":"instock","15":"shipping-taxable","16":"purchasable","17":"product-type-simple"},"yoast_head":"<!-- This site is optimized with the Yoast SEO plugin v25.2 - https:\/\/yoast.com\/wordpress\/plugins\/seo\/ -->\n<title>Inside Corner<\/title>\n<meta name=\"robots\" content=\"index, follow, max-snippet:-1, max-image-preview:large, max-video-preview:-1\" \/>\n<link rel=\"canonical\" href=\"https:\/\/qingdaohf.com\/fi\/tuote\/sisakulma\/\" \/>\n<meta property=\"og:locale\" content=\"fi_FI\" \/>\n<meta property=\"og:type\" content=\"article\" \/>\n<meta property=\"og:title\" content=\"Inside Corner\" \/>\n<meta property=\"og:description\" content=\"The Inside Corner is an essential component in construction, designed to provide structural integrity and aesthetic appeal in corners. Engineered for durability and versatility, this product is suitable for various applications, ensuring seamless integration with existing structures. Its innovative design facilitates easy installation while enhancing overall stability, making it a valuable addition to any building project.\" \/>\n<meta property=\"og:url\" content=\"https:\/\/qingdaohf.com\/fi\/tuote\/sisakulma\/\" \/>\n<meta property=\"og:site_name\" content=\"Concrete Form &amp; Rigging Hardware Supplier\" \/>\n<meta property=\"article:publisher\" content=\"https:\/\/www.facebook.com\/qingdaohf\" \/>\n<meta property=\"article:modified_time\" content=\"2025-11-13T01:03:13+00:00\" \/>\n<meta property=\"og:image\" content=\"https:\/\/qingdaohf.com\/wp-content\/uploads\/2024\/09\/concrete-INSIDE-CORNER-1.webp\" \/>\n\t<meta property=\"og:image:width\" content=\"1000\" \/>\n\t<meta property=\"og:image:height\" content=\"1000\" \/>\n\t<meta property=\"og:image:type\" content=\"image\/webp\" \/>\n<meta name=\"twitter:card\" content=\"summary_large_image\" \/>\n<meta name=\"twitter:label1\" content=\"Arvioitu lukuaika\" \/>\n\t<meta name=\"twitter:data1\" content=\"4 minuuttia\" \/>\n<script type=\"application\/ld+json\" class=\"yoast-schema-graph\">{\"@context\":\"https:\/\/schema.org\",\"@graph\":[{\"@type\":\"WebPage\",\"@id\":\"https:\/\/qingdaohf.com\/product\/inside-corner\/\",\"url\":\"https:\/\/qingdaohf.com\/product\/inside-corner\/\",\"name\":\"Inside Corner\",\"isPartOf\":{\"@id\":\"https:\/\/qingdaohf.com\/bg\/#website\"},\"primaryImageOfPage\":{\"@id\":\"https:\/\/qingdaohf.com\/product\/inside-corner\/#primaryimage\"},\"image\":{\"@id\":\"https:\/\/qingdaohf.com\/product\/inside-corner\/#primaryimage\"},\"thumbnailUrl\":\"https:\/\/qingdaohf.com\/wp-content\/uploads\/2024\/09\/concrete-INSIDE-CORNER-1.webp\",\"datePublished\":\"2024-09-30T06:05:29+00:00\",\"dateModified\":\"2025-11-13T01:03:13+00:00\",\"breadcrumb\":{\"@id\":\"https:\/\/qingdaohf.com\/product\/inside-corner\/#breadcrumb\"},\"inLanguage\":\"fi\",\"potentialAction\":[{\"@type\":\"ReadAction\",\"target\":[\"https:\/\/qingdaohf.com\/product\/inside-corner\/\"]}]},{\"@type\":\"ImageObject\",\"inLanguage\":\"fi\",\"@id\":\"https:\/\/qingdaohf.com\/product\/inside-corner\/#primaryimage\",\"url\":\"https:\/\/qingdaohf.com\/wp-content\/uploads\/2024\/09\/concrete-INSIDE-CORNER-1.webp\",\"contentUrl\":\"https:\/\/qingdaohf.com\/wp-content\/uploads\/2024\/09\/concrete-INSIDE-CORNER-1.webp\",\"width\":1000,\"height\":1000,\"caption\":\"INSIDE CORNER\"},{\"@type\":\"BreadcrumbList\",\"@id\":\"https:\/\/qingdaohf.com\/product\/inside-corner\/#breadcrumb\",\"itemListElement\":[{\"@type\":\"ListItem\",\"position\":1,\"name\":\"Home\",\"item\":\"https:\/\/qingdaohf.com\/\"},{\"@type\":\"ListItem\",\"position\":2,\"name\":\"Concrete Forming Accessories and Rigging Hardware\",\"item\":\"https:\/\/qingdaohf.com\/bg\/?page_id=944\"},{\"@type\":\"ListItem\",\"position\":3,\"name\":\"Inside Corner\"}]},{\"@type\":\"WebSite\",\"@id\":\"https:\/\/qingdaohf.com\/bg\/#website\",\"url\":\"https:\/\/qingdaohf.com\/bg\/\",\"name\":\"Concrete Form & Rigging Hardware Supplier\",\"description\":\"\",\"publisher\":{\"@id\":\"https:\/\/qingdaohf.com\/bg\/#organization\"},\"potentialAction\":[{\"@type\":\"SearchAction\",\"target\":{\"@type\":\"EntryPoint\",\"urlTemplate\":\"https:\/\/qingdaohf.com\/bg\/?s={search_term_string}\"},\"query-input\":{\"@type\":\"PropertyValueSpecification\",\"valueRequired\":true,\"valueName\":\"search_term_string\"}}],\"inLanguage\":\"fi\"},{\"@type\":\"Organization\",\"@id\":\"https:\/\/qingdaohf.com\/bg\/#organization\",\"name\":\"Qingdao H&F\",\"url\":\"https:\/\/qingdaohf.com\/bg\/\",\"logo\":{\"@type\":\"ImageObject\",\"inLanguage\":\"fi\",\"@id\":\"https:\/\/qingdaohf.com\/bg\/#\/schema\/logo\/image\/\",\"url\":\"https:\/\/qingdaohf.com\/wp-content\/uploads\/2022\/12\/cropped-HF-LOGO.png\",\"contentUrl\":\"https:\/\/qingdaohf.com\/wp-content\/uploads\/2022\/12\/cropped-HF-LOGO.png\",\"width\":391,\"height\":249,\"caption\":\"Qingdao H&F\"},\"image\":{\"@id\":\"https:\/\/qingdaohf.com\/bg\/#\/schema\/logo\/image\/\"},\"sameAs\":[\"https:\/\/www.facebook.com\/qingdaohf\"]}]}<\/script>\n<!-- \/ Yoast SEO plugin. -->","yoast_head_json":{"title":"Inside Corner","robots":{"index":"index","follow":"follow","max-snippet":"max-snippet:-1","max-image-preview":"max-image-preview:large","max-video-preview":"max-video-preview:-1"},"canonical":"https:\/\/qingdaohf.com\/fi\/tuote\/sisakulma\/","og_locale":"fi_FI","og_type":"article","og_title":"Inside Corner","og_description":"The Inside Corner is an essential component in construction, designed to provide structural integrity and aesthetic appeal in corners. Engineered for durability and versatility, this product is suitable for various applications, ensuring seamless integration with existing structures. Its innovative design facilitates easy installation while enhancing overall stability, making it a valuable addition to any building project.","og_url":"https:\/\/qingdaohf.com\/fi\/tuote\/sisakulma\/","og_site_name":"Concrete Form &amp; Rigging Hardware Supplier","article_publisher":"https:\/\/www.facebook.com\/qingdaohf","article_modified_time":"2025-11-13T01:03:13+00:00","og_image":[{"width":1000,"height":1000,"url":"https:\/\/qingdaohf.com\/wp-content\/uploads\/2024\/09\/concrete-INSIDE-CORNER-1.webp","type":"image\/webp"}],"twitter_card":"summary_large_image","twitter_misc":{"Arvioitu lukuaika":"4 minuuttia"},"schema":{"@context":"https:\/\/schema.org","@graph":[{"@type":"WebPage","@id":"https:\/\/qingdaohf.com\/product\/inside-corner\/","url":"https:\/\/qingdaohf.com\/product\/inside-corner\/","name":"Inside Corner","isPartOf":{"@id":"https:\/\/qingdaohf.com\/bg\/#website"},"primaryImageOfPage":{"@id":"https:\/\/qingdaohf.com\/product\/inside-corner\/#primaryimage"},"image":{"@id":"https:\/\/qingdaohf.com\/product\/inside-corner\/#primaryimage"},"thumbnailUrl":"https:\/\/qingdaohf.com\/wp-content\/uploads\/2024\/09\/concrete-INSIDE-CORNER-1.webp","datePublished":"2024-09-30T06:05:29+00:00","dateModified":"2025-11-13T01:03:13+00:00","breadcrumb":{"@id":"https:\/\/qingdaohf.com\/product\/inside-corner\/#breadcrumb"},"inLanguage":"fi","potentialAction":[{"@type":"ReadAction","target":["https:\/\/qingdaohf.com\/product\/inside-corner\/"]}]},{"@type":"ImageObject","inLanguage":"fi","@id":"https:\/\/qingdaohf.com\/product\/inside-corner\/#primaryimage","url":"https:\/\/qingdaohf.com\/wp-content\/uploads\/2024\/09\/concrete-INSIDE-CORNER-1.webp","contentUrl":"https:\/\/qingdaohf.com\/wp-content\/uploads\/2024\/09\/concrete-INSIDE-CORNER-1.webp","width":1000,"height":1000,"caption":"INSIDE CORNER"},{"@type":"BreadcrumbList","@id":"https:\/\/qingdaohf.com\/product\/inside-corner\/#breadcrumb","itemListElement":[{"@type":"ListItem","position":1,"name":"Home","item":"https:\/\/qingdaohf.com\/"},{"@type":"ListItem","position":2,"name":"Concrete Forming Accessories and Rigging Hardware","item":"https:\/\/qingdaohf.com\/bg\/?page_id=944"},{"@type":"ListItem","position":3,"name":"Inside Corner"}]},{"@type":"WebSite","@id":"https:\/\/qingdaohf.com\/bg\/#website","url":"https:\/\/qingdaohf.com\/bg\/","name":"Concrete Form & Rigging Hardware Supplier","description":"","publisher":{"@id":"https:\/\/qingdaohf.com\/bg\/#organization"},"potentialAction":[{"@type":"SearchAction","target":{"@type":"EntryPoint","urlTemplate":"https:\/\/qingdaohf.com\/bg\/?s={search_term_string}"},"query-input":{"@type":"PropertyValueSpecification","valueRequired":true,"valueName":"search_term_string"}}],"inLanguage":"fi"},{"@type":"Organization","@id":"https:\/\/qingdaohf.com\/bg\/#organization","name":"Qingdao H&F","url":"https:\/\/qingdaohf.com\/bg\/","logo":{"@type":"ImageObject","inLanguage":"fi","@id":"https:\/\/qingdaohf.com\/bg\/#\/schema\/logo\/image\/","url":"https:\/\/qingdaohf.com\/wp-content\/uploads\/2022\/12\/cropped-HF-LOGO.png","contentUrl":"https:\/\/qingdaohf.com\/wp-content\/uploads\/2022\/12\/cropped-HF-LOGO.png","width":391,"height":249,"caption":"Qingdao H&F"},"image":{"@id":"https:\/\/qingdaohf.com\/bg\/#\/schema\/logo\/image\/"},"sameAs":["https:\/\/www.facebook.com\/qingdaohf"]}]}},"_links":{"self":[{"href":"https:\/\/qingdaohf.com\/fi\/wp-json\/wp\/v2\/product\/7968","targetHints":{"allow":["GET"]}}],"collection":[{"href":"https:\/\/qingdaohf.com\/fi\/wp-json\/wp\/v2\/product"}],"about":[{"href":"https:\/\/qingdaohf.com\/fi\/wp-json\/wp\/v2\/types\/product"}],"replies":[{"embeddable":true,"href":"https:\/\/qingdaohf.com\/fi\/wp-json\/wp\/v2\/comments?post=7968"}],"version-history":[{"count":2,"href":"https:\/\/qingdaohf.com\/fi\/wp-json\/wp\/v2\/product\/7968\/revisions"}],"predecessor-version":[{"id":7982,"href":"https:\/\/qingdaohf.com\/fi\/wp-json\/wp\/v2\/product\/7968\/revisions\/7982"}],"wp:featuredmedia":[{"embeddable":true,"href":"https:\/\/qingdaohf.com\/fi\/wp-json\/wp\/v2\/media\/7979"}],"wp:attachment":[{"href":"https:\/\/qingdaohf.com\/fi\/wp-json\/wp\/v2\/media?parent=7968"}],"wp:term":[{"taxonomy":"product_brand","embeddable":true,"href":"https:\/\/qingdaohf.com\/fi\/wp-json\/wp\/v2\/product_brand?post=7968"},{"taxonomy":"product_cat","embeddable":true,"href":"https:\/\/qingdaohf.com\/fi\/wp-json\/wp\/v2\/product_cat?post=7968"},{"taxonomy":"product_tag","embeddable":true,"href":"https:\/\/qingdaohf.com\/fi\/wp-json\/wp\/v2\/product_tag?post=7968"}],"curies":[{"name":"wp","href":"https:\/\/api.w.org\/{rel}","templated":true}]}}