{"id":8065,"date":"2024-10-16T11:39:29","date_gmt":"2024-10-16T03:39:29","guid":{"rendered":"http:\/\/qingdaohf.com\/?post_type=product&#038;p=8065"},"modified":"2025-11-13T09:03:13","modified_gmt":"2025-11-13T01:03:13","slug":"kenter-shackle","status":"publish","type":"product","link":"https:\/\/qingdaohf.com\/fi\/tuote\/kenterilenkki\/","title":{"rendered":"Kenter Shackle"},"content":{"rendered":"<h3><strong>Kenter Shackle: Ketjuliitokset: Varmista turvalliset ja luotettavat ketjuliit\u00e4nn\u00e4t<\/strong><\/h3>\n<p>The <em>Kenter Shackle<\/em> on ketjuliit\u00e4nt\u00e4ty\u00f6kalujen kulmakivi, jossa yhdistyv\u00e4t kest\u00e4vyys, lujuus ja helppok\u00e4ytt\u00f6isyys. T\u00e4m\u00e4 tuote on v\u00e4ltt\u00e4m\u00e4t\u00f6n niille, jotka ty\u00f6skentelev\u00e4t meri-, rakennus- ja teollisuusymp\u00e4rist\u00f6iss\u00e4, joissa luotettavat liitokset ovat kriittisi\u00e4. Tarkasti suunniteltu Kenter Shackle varmistaa, ett\u00e4 ketjut pysyv\u00e4t tukevasti liitettyin\u00e4 my\u00f6s \u00e4\u00e4rimm\u00e4isiss\u00e4 olosuhteissa, ja tarjoaa vakautta ja turvallisuutta vaativissa operaatioissa. Sen suunnittelussa on keskitytty tarjoamaan tehokas ratkaisu ketjujen yhdist\u00e4miseen ja samalla s\u00e4ilytt\u00e4m\u00e4\u00e4n korkeat suorituskyky- ja pitk\u00e4ik\u00e4isyysstandardit.<\/p>\n<p>Korkealuokkaisesta ter\u00e4ksest\u00e4 valmistettu Kenter Shackle on varustettu kest\u00e4m\u00e4\u00e4n kovimmissakin olosuhteissa. Sen vankka rakenne on yhdistetty korroosionkest\u00e4v\u00e4\u00e4n pinnoitteeseen, mik\u00e4 tekee siit\u00e4 erityisen tehokkaan meriolosuhteissa. T\u00e4m\u00e4 ominaisuus pident\u00e4\u00e4 kahvan k\u00e4ytt\u00f6ik\u00e4\u00e4 ja est\u00e4\u00e4 ruostumista ja hajoamista, vaikka se altistuisi jatkuvasti kosteudelle ja suolavedelle. Valitsemalla Kenter Shacklen k\u00e4ytt\u00e4j\u00e4t saavat varmuuden siit\u00e4, ett\u00e4 heid\u00e4n varusteensa kest\u00e4v\u00e4t sek\u00e4 s\u00e4\u00e4olosuhteet ett\u00e4 raskaan ty\u00f6n vaatimukset.<\/p>\n<h3><strong>Rakennettu voimaa varten: Avainty\u00f6kalu raskaaseen k\u00e4ytt\u00f6\u00f6n<\/strong><\/h3>\n<p>Ensisijainen vetovoima <em>Kenter Shackle<\/em> on sen poikkeuksellinen lujuus ja kyky k\u00e4sitell\u00e4 merkitt\u00e4vi\u00e4 kuormia. Sen rakenne varmistaa, ett\u00e4 se kest\u00e4\u00e4 suuret j\u00e4nnitykset, joita tavallisesti esiintyy hinauksessa, nostossa ja ankkuroinnissa. T\u00e4m\u00e4 kyky on ratkaisevan t\u00e4rke\u00e4 merilogistiikan kaltaisilla aloilla, joilla raskaiden laitteiden turvallinen k\u00e4sittely on p\u00e4ivitt\u00e4inen vaatimus. Kahvan kyky s\u00e4ilytt\u00e4\u00e4 vakaa liitos paineen alaisena tarkoittaa, ett\u00e4 k\u00e4ytt\u00e4j\u00e4t voivat luottaa siihen sek\u00e4 rutiini- ett\u00e4 kriittisiss\u00e4 teht\u00e4viss\u00e4 ja minimoida odottamattomien laitevikojen riskin.<\/p>\n<p>Sen lujuutta lis\u00e4\u00e4 viel\u00e4 rakenne, joka jakaa rasituksen tasaisesti toisiinsa liitetyille ketjuille. T\u00e4m\u00e4 harkittu suunnittelu v\u00e4hent\u00e4\u00e4 kulumisen todenn\u00e4k\u00f6isyytt\u00e4 tietyiss\u00e4 kohdissa, mik\u00e4 pident\u00e4\u00e4 sek\u00e4 kahvan ett\u00e4 sen yhdist\u00e4mien ketjujen k\u00e4ytt\u00f6ik\u00e4\u00e4. Kenter Shacklen sile\u00e4 pinta auttaa v\u00e4hent\u00e4m\u00e4\u00e4n osien v\u00e4list\u00e4 kitkaa, joten se on \u00e4lyk\u00e4s valinta ammattilaisille, jotka tarvitsevat laitteita, jotka kest\u00e4v\u00e4t aikaa. Sen kyky hallita t\u00e4t\u00e4 dynamiikkaa vakaudesta tinkim\u00e4tt\u00e4 tekee kahleesta v\u00e4ltt\u00e4m\u00e4tt\u00f6m\u00e4n ty\u00f6kalun miss\u00e4 tahansa raskaaseen k\u00e4ytt\u00f6\u00f6n tarkoitetussa ymp\u00e4rist\u00f6ss\u00e4.<\/p>\n<p>Kenter Shacklen vahvuus ei ole my\u00f6sk\u00e4\u00e4n tullut helppok\u00e4ytt\u00f6isyyden kustannuksella. Kest\u00e4v\u00e4st\u00e4 rakenteestaan huolimatta sit\u00e4 on helppo k\u00e4sitell\u00e4 ja asentaa, ja se mahdollistaa nopeat s\u00e4\u00e4d\u00f6t tarpeen mukaan. T\u00e4m\u00e4 voiman ja k\u00e4yt\u00e4nn\u00f6llisyyden tasapaino tekee siit\u00e4 sopivan moniin eri sovelluksiin, kuten alusten kiinnitt\u00e4miseen merell\u00e4 ja nostotoimien hallintaan rakennusty\u00f6mailla. Kaikissa n\u00e4iss\u00e4 tilanteissa Kenter Shacklen rakenne tarjoaa luotettavuuden, jota ammattilaiset tarvitsevat sujuvan ja turvallisen toiminnan varmistamiseksi.<\/p>\n<h3><strong>Monipuolisuus erilaisiin sovelluksiin: Tarpeisiisi mukautuva kahva: Tarpeisiisi sopiva kahva<\/strong><\/h3>\n<p>The <em>Kenter Shackle<\/em> on monipuolinen ratkaisu, joka on suunniteltu loistamaan erilaisissa ymp\u00e4rist\u00f6iss\u00e4 ja sovelluksissa. Merenkulkualalla sit\u00e4 k\u00e4ytet\u00e4\u00e4n yleisesti ankkuriketjujen yhdist\u00e4miseen, jossa se muodostaa turvallisen lenkin, jota voidaan tarvittaessa helposti s\u00e4\u00e4t\u00e4\u00e4. T\u00e4m\u00e4 ominaisuus on v\u00e4ltt\u00e4m\u00e4t\u00f6n laivojen k\u00e4ytt\u00e4jille ja muille merenkulun ammattilaisille, jotka tarvitsevat luotettavia ratkaisuja liikkuvan veden ja muuttuvien s\u00e4\u00e4olosuhteiden aiheuttamien voimien hallintaan. Kahvan korroosionkest\u00e4v\u00e4t ominaisuudet parantavat entisest\u00e4\u00e4n sen soveltuvuutta t\u00e4lle alalle, sill\u00e4 se kest\u00e4\u00e4 pitk\u00e4aikaista altistumista merelle menett\u00e4m\u00e4tt\u00e4 eheytt\u00e4\u00e4n.<\/p>\n<p>Merenkulun lis\u00e4ksi Kenter Shackle on yht\u00e4 arvokas my\u00f6s rakennusalalla. Sill\u00e4 on ratkaiseva merkitys nosto- ja takilointisovelluksissa, sill\u00e4 sen avulla ty\u00f6ntekij\u00e4t voivat yhdist\u00e4\u00e4 ketjut nopeasti ja turvallisesti. Sen vankka rakenne varmistaa, ett\u00e4 liitos pysyy vakaana, mik\u00e4 v\u00e4hent\u00e4\u00e4 onnettomuusriski\u00e4 nostot\u00f6iden aikana. Urakoitsijat arvostavat sen yksinkertaista rakennetta, joka mahdollistaa nopean asennuksen ja helpon s\u00e4\u00e4d\u00f6n. T\u00e4m\u00e4 tehokkuus on erityisen t\u00e4rke\u00e4\u00e4 rakennusty\u00f6mailla, joissa ajallisesti herk\u00e4t hankkeet hy\u00f6tyv\u00e4t ty\u00f6kaluista, jotka voidaan mukauttaa nopeasti muuttuviin tarpeisiin.<\/p>\n<p>Teollisuudessa on my\u00f6s merkitt\u00e4v\u00e4\u00e4 k\u00e4ytt\u00f6\u00e4 <em>Kenter Shackle<\/em>erityisesti sovelluksissa, kuten ajoneuvojen hinaamisessa, raskaiden koneiden kiinnitt\u00e4misess\u00e4 tai kuormien vakauttamisessa. Kompaktin rakenteensa ansiosta se on helppo integroida erilaisiin kokoonpanoihin, ja sen lujuus varmistaa, ett\u00e4 se selviytyy suurten toimintojen haasteista. Kyky s\u00e4ilytt\u00e4\u00e4 vakaa yhteys eri teht\u00e4viss\u00e4 korostaa kahvan monipuolisuutta, joten se on luotettava valinta ammattilaisille, jotka arvostavat laitteissaan sek\u00e4 suorituskyky\u00e4 ett\u00e4 mukautuvuutta.<\/p>\n<h3><strong>Kokoamisen ja huollon helppous: Keskittyminen tehokkuuteen<\/strong><\/h3>\n<p>Yksi erottuva piirre on <em>Kenter Shackle<\/em> on sen k\u00e4ytt\u00e4j\u00e4yst\u00e4v\u00e4llinen kokoonpanoprosessi. Toisin kuin monimutkaisemmat liit\u00e4nt\u00e4ty\u00f6kalut, jotka saattavat vaatia erikoislaitteita, Kenter Shackle on suunniteltu niin, ett\u00e4 se on helppo asentaa minimaalisilla ty\u00f6kaluilla. T\u00e4m\u00e4n yksinkertaisuuden ansiosta k\u00e4ytt\u00e4j\u00e4t voivat koota tai purkaa liitokset nopeasti, mik\u00e4 on erityisen arvokasta ymp\u00e4rist\u00f6iss\u00e4, joissa aika on kriittinen tekij\u00e4. T\u00e4m\u00e4 suunnitteluvalinta varmistaa, ett\u00e4 ammattilaiset voivat keskitty\u00e4 ensisijaiseen teht\u00e4v\u00e4\u00e4ns\u00e4 ilman, ett\u00e4 monimutkaiset asetukset jumiutuvat.<\/p>\n<p>Toinen keskeinen tekij\u00e4, joka edist\u00e4\u00e4 sen luotettavuutta, on kahvan turvallinen lukitusmekanismi. Asennuksen j\u00e4lkeen mekanismi varmistaa, ett\u00e4 liitos pysyy tukevasti paikallaan, kunnes se tarkoituksellisesti vapautetaan. T\u00e4m\u00e4 lis\u00e4turvakerros on ratkaisevan t\u00e4rke\u00e4 toiminnoissa, joissa \u00e4killiset irrotukset voivat aiheuttaa vakavia riskej\u00e4 sek\u00e4 henkil\u00f6st\u00f6lle ett\u00e4 laitteille. Tarjoamalla suoraviivaisen mutta tehokkaan lukitusj\u00e4rjestelm\u00e4n Kenter Shackle tukee sek\u00e4 turvallisuutta ett\u00e4 tehokkuutta ja mahdollistaa sujuvan toiminnan my\u00f6s haastavissa olosuhteissa.<\/p>\n<p>Yll\u00e4pito <em>Kenter Shackle<\/em> on my\u00f6s suoraviivaista korroosionkest\u00e4v\u00e4n pinnan ansiosta. T\u00e4m\u00e4 ominaisuus minimoi s\u00e4\u00e4nn\u00f6llisen kunnossapidon tarpeen, sill\u00e4 kahva kest\u00e4\u00e4 ruostumista ja kulumista vaativissakin ymp\u00e4rist\u00f6iss\u00e4. Merenkulun ja teollisuuden ammattilaisille t\u00e4m\u00e4 tarkoittaa, ett\u00e4 huoltoon kuluu v\u00e4hemm\u00e4n aikaa ja enemm\u00e4n aikaa voidaan keskitty\u00e4 toiminnallisten tavoitteiden saavuttamiseen. Helppok\u00e4ytt\u00f6isyyden, turvallisen kokoonpanon ja minimaalisten huoltovaatimusten yhdistelm\u00e4 tekee Kenter Shacklesta k\u00e4yt\u00e4nn\u00f6llisen ja kustannustehokkaan valinnan pitk\u00e4aikaiseen k\u00e4ytt\u00f6\u00f6n.<\/p>\n<h3><strong>Turvallisuuden ja tuottavuuden parantaminen luotettavien laitteiden avulla<\/strong><\/h3>\n<p>Turvallisuus on ensiarvoisen t\u00e4rke\u00e4\u00e4 kaikissa raskaita kuormia sis\u00e4lt\u00e4viss\u00e4 sovelluksissa, ja <em>Kenter Shackle<\/em> on suunniteltu t\u00e4t\u00e4 silm\u00e4ll\u00e4 pit\u00e4en. Sen vankka rakenne varmistaa, ett\u00e4 se kest\u00e4\u00e4 hinauksen, nostamisen tai ankkuroinnin aikana esiintyv\u00e4t voimat ja tarjoaa vakaan liitoksen, joka minimoi laitevian riskin. T\u00e4m\u00e4 vakaus on olennaisen t\u00e4rke\u00e4\u00e4 turvallisen ty\u00f6ymp\u00e4rist\u00f6n luomiseksi, sill\u00e4 se v\u00e4hent\u00e4\u00e4 odottamattomien irtoamisten tai rikkoutumisten aiheuttamien onnettomuuksien mahdollisuutta.<\/p>\n<p>Varma muotoilu sis\u00e4lt\u00e4\u00e4 tappij\u00e4rjestelm\u00e4n, joka est\u00e4\u00e4 tahattoman irtoamisen, mik\u00e4 lis\u00e4\u00e4 turvallisuutta k\u00e4yt\u00f6n aikana. T\u00e4m\u00e4 ominaisuus on erityisen t\u00e4rke\u00e4 dynaamisissa ymp\u00e4rist\u00f6iss\u00e4, kuten ty\u00f6skennelt\u00e4ess\u00e4 liikkuvien kuormien kanssa tai tilanteissa, joissa vakaus on ratkaisevan t\u00e4rke\u00e4\u00e4. Tarjoamalla luotettavan kiinnityspisteen Kenter Shackle auttaa k\u00e4ytt\u00e4ji\u00e4 s\u00e4ilytt\u00e4m\u00e4\u00e4n toimintansa hallinnan my\u00f6s silloin, kun kyseess\u00e4 ovat raskaat tai liikkuvat painot.<\/p>\n<p>Turvallisuusominaisuuksiensa lis\u00e4ksi <em>Kenter Shackle<\/em> tukee my\u00f6s tuottavuutta mahdollistamalla nopeat s\u00e4\u00e4d\u00f6t. Sen suunnittelun ansiosta ty\u00f6ntekij\u00e4t voivat tehd\u00e4 muutoksia asetuksiinsa ilman monimutkaisia menettelyj\u00e4, mik\u00e4 varmistaa, ett\u00e4 teht\u00e4v\u00e4t voivat edet\u00e4 ilman tarpeettomia viivytyksi\u00e4. T\u00e4m\u00e4 joustavuus helpottaa ammattilaisten sopeutumista muuttuviin olosuhteisiin, olipa kyse sitten s\u00e4\u00e4vaihteluista merell\u00e4 tai uusien vaatimusten hallinnasta rakennusty\u00f6maalla. Yhdist\u00e4m\u00e4ll\u00e4 turvallisuuden ja tehokkuuden Kenter Shackle auttaa k\u00e4ytt\u00e4ji\u00e4 saavuttamaan tavoitteensa ja yll\u00e4pit\u00e4m\u00e4\u00e4n samalla korkeimmat suorituskykystandardit.<\/p>\n<h3><strong>Johtop\u00e4\u00e4t\u00f6kset: Luotettava ratkaisu vaativiin sovelluksiin<\/strong><\/h3>\n<p>The <em>Kenter Shackle<\/em> on enemm\u00e4n kuin pelkk\u00e4 liitin - se on elint\u00e4rke\u00e4 osa, joka tukee eri toimintojen eheytt\u00e4 ja turvallisuutta. Meriteollisuudesta rakennus- ja teollisuussovelluksiin, sen lujuuden, helppok\u00e4ytt\u00f6isyyden ja kest\u00e4vyyden yhdistelm\u00e4 tekee siit\u00e4 ihanteellisen valinnan ammattilaisille, jotka tarvitsevat luotettavia yhteyksi\u00e4. Kest\u00e4vyyteen ja k\u00e4ytt\u00e4j\u00e4yst\u00e4v\u00e4lliseen kokoonpanoon keskittyv\u00e4 suunnittelu varmistaa, ett\u00e4 se pystyy vastaamaan haastavien ymp\u00e4rist\u00f6jen vaatimuksiin ja tarjoamaan samalla tasaisen suorituskyvyn.<\/p>\n<p>Valitsemalla Kenter Shacklen k\u00e4ytt\u00e4j\u00e4t investoivat tuotteeseen, joka tarjoaa pitk\u00e4aikaista arvoa kulutuksen ja korroosionkest\u00e4vyytens\u00e4 ansiosta ja joka pystyy s\u00e4ilytt\u00e4m\u00e4\u00e4n vakaan liitoksen my\u00f6s raskaissa kuormituksissa. T\u00e4m\u00e4n kahvan monipuolisuuden ansiosta se voi mukautua eri alojen tarpeisiin ja tarjota luotettavan ratkaisun, joka parantaa sek\u00e4 turvallisuutta ett\u00e4 tuottavuutta. Sen rooli turvallisten yhteyksien yll\u00e4pit\u00e4misess\u00e4 tekee siit\u00e4 rikkauden miss\u00e4 tahansa toiminnassa, ja se tarjoaa varmuuden, joka tulee, kun k\u00e4ytet\u00e4\u00e4n huippuominaisuuksiin rakennettua tuotetta.<\/p>\n<p>The <em>Kenter Shackle<\/em> edustaa sitoutumista laatuun ja luotettavuuteen ja tarjoaa menestyksekk\u00e4\u00e4seen lopputulokseen tarvittavaa vahvuutta ja sopeutumiskyky\u00e4. Se on luotettava kumppani vaativimmissakin teht\u00e4viss\u00e4 ja tarjoaa ammattilaisten laitteiltaan odottamaa vakautta ja suorituskyky\u00e4. Kenter Shacklen avulla k\u00e4ytt\u00e4j\u00e4t voivat suhtautua ty\u00f6h\u00f6ns\u00e4 luottavaisin mielin tiet\u00e4en, ett\u00e4 he ovat valinneet ty\u00f6kalun, joka on suunniteltu kest\u00e4m\u00e4\u00e4n kovimmatkin haasteet.<\/p>","protected":false},"excerpt":{"rendered":"<p>The <em>Kenter Shackle<\/em> on vankka ja monipuolinen ty\u00f6kalu, joka on suunniteltu saumattomiin ketjuliitoksiin raskaissa sovelluksissa. Se on suunniteltu lujaksi ja luotettavaksi ja sopii erinomaisesti merenkulkuun, teollisuuteen ja rakennusk\u00e4ytt\u00f6\u00f6n. Sen kest\u00e4v\u00e4 rakenne ja korroosionkest\u00e4v\u00e4 viimeistely takaavat pitk\u00e4aikaisen suorituskyvyn my\u00f6s haastavissa ymp\u00e4rist\u00f6iss\u00e4. K\u00e4ytt\u00e4j\u00e4yst\u00e4v\u00e4llisen kokoonpanon ja turvallisen lukitusmekanismin ansiosta Kenter Shackle parantaa turvallisuutta ja tehokkuutta, mik\u00e4 tekee siit\u00e4 luotettavan valinnan ammattilaisille, jotka etsiv\u00e4t luotettavia yhteyksi\u00e4.<\/p>","protected":false},"featured_media":8066,"comment_status":"open","ping_status":"closed","template":"","meta":{"site-sidebar-layout":"default","site-content-layout":"","ast-site-content-layout":"default","site-content-style":"default","site-sidebar-style":"default","ast-global-header-display":"","ast-banner-title-visibility":"","ast-main-header-display":"","ast-hfb-above-header-display":"","ast-hfb-below-header-display":"","ast-hfb-mobile-header-display":"","site-post-title":"","ast-breadcrumbs-content":"","ast-featured-img":"","footer-sml-layout":"","theme-transparent-header-meta":"default","adv-header-id-meta":"","stick-header-meta":"default","header-above-stick-meta":"","header-main-stick-meta":"","header-below-stick-meta":"","astra-migrate-meta-layouts":"set","ast-page-background-enabled":"default","ast-page-background-meta":{"desktop":{"background-color":"","background-image":"","background-repeat":"repeat","background-position":"center center","background-size":"auto","background-attachment":"scroll","background-type":"","background-media":"","overlay-type":"","overlay-color":"","overlay-opacity":"","overlay-gradient":""},"tablet":{"background-color":"","background-image":"","background-repeat":"repeat","background-position":"center center","background-size":"auto","background-attachment":"scroll","background-type":"","background-media":"","overlay-type":"","overlay-color":"","overlay-opacity":"","overlay-gradient":""},"mobile":{"background-color":"","background-image":"","background-repeat":"repeat","background-position":"center center","background-size":"auto","background-attachment":"scroll","background-type":"","background-media":"","overlay-type":"","overlay-color":"","overlay-opacity":"","overlay-gradient":""}},"ast-content-background-meta":{"desktop":{"background-color":"var(--ast-global-color-5)","background-image":"","background-repeat":"repeat","background-position":"center center","background-size":"auto","background-attachment":"scroll","background-type":"","background-media":"","overlay-type":"","overlay-color":"","overlay-opacity":"","overlay-gradient":""},"tablet":{"background-color":"var(--ast-global-color-5)","background-image":"","background-repeat":"repeat","background-position":"center center","background-size":"auto","background-attachment":"scroll","background-type":"","background-media":"","overlay-type":"","overlay-color":"","overlay-opacity":"","overlay-gradient":""},"mobile":{"background-color":"var(--ast-global-color-5)","background-image":"","background-repeat":"repeat","background-position":"center center","background-size":"auto","background-attachment":"scroll","background-type":"","background-media":"","overlay-type":"","overlay-color":"","overlay-opacity":"","overlay-gradient":""}}},"product_brand":[],"product_cat":[51],"product_tag":[],"class_list":{"0":"post-8065","1":"product","2":"type-product","3":"status-publish","4":"has-post-thumbnail","6":"product_cat-riggging-hardware","7":"desktop-align-left","8":"tablet-align-left","9":"mobile-align-left","10":"ast-product-gallery-layout-horizontal-slider","11":"ast-product-tabs-layout-horizontal","13":"first","14":"instock","15":"shipping-taxable","16":"purchasable","17":"product-type-simple"},"yoast_head":"<!-- This site is optimized with the Yoast SEO plugin v25.2 - https:\/\/yoast.com\/wordpress\/plugins\/seo\/ -->\n<title>Kenter Shackle<\/title>\n<meta name=\"robots\" content=\"index, follow, max-snippet:-1, max-image-preview:large, max-video-preview:-1\" \/>\n<link rel=\"canonical\" href=\"https:\/\/qingdaohf.com\/fi\/tuote\/kenterilenkki\/\" \/>\n<meta property=\"og:locale\" content=\"fi_FI\" \/>\n<meta property=\"og:type\" content=\"article\" \/>\n<meta property=\"og:title\" content=\"Kenter Shackle\" \/>\n<meta property=\"og:description\" content=\"The Kenter Shackle is a robust, versatile tool designed for seamless chain connections in heavy-duty applications. Engineered for strength and reliability, it is ideal for maritime, industrial, and construction use. Its durable construction and corrosion-resistant finish ensure long-lasting performance, even in challenging environments. With a user-friendly assembly and secure locking mechanism, the Kenter Shackle enhances safety and efficiency, making it a trusted choice for professionals seeking dependable connections.\" \/>\n<meta property=\"og:url\" content=\"https:\/\/qingdaohf.com\/fi\/tuote\/kenterilenkki\/\" \/>\n<meta property=\"og:site_name\" content=\"Concrete Form &amp; Rigging Hardware Supplier\" \/>\n<meta property=\"article:publisher\" content=\"https:\/\/www.facebook.com\/qingdaohf\" \/>\n<meta property=\"article:modified_time\" content=\"2025-11-13T01:03:13+00:00\" \/>\n<meta property=\"og:image\" content=\"https:\/\/qingdaohf.com\/wp-content\/uploads\/2024\/10\/Kenter-Shackle.webp\" \/>\n\t<meta property=\"og:image:width\" content=\"800\" \/>\n\t<meta property=\"og:image:height\" content=\"800\" \/>\n\t<meta property=\"og:image:type\" content=\"image\/webp\" \/>\n<meta name=\"twitter:card\" content=\"summary_large_image\" \/>\n<meta name=\"twitter:label1\" content=\"Arvioitu lukuaika\" \/>\n\t<meta name=\"twitter:data1\" content=\"7 minuuttia\" \/>\n<script type=\"application\/ld+json\" class=\"yoast-schema-graph\">{\"@context\":\"https:\/\/schema.org\",\"@graph\":[{\"@type\":\"WebPage\",\"@id\":\"https:\/\/qingdaohf.com\/product\/kenter-shackle\/\",\"url\":\"https:\/\/qingdaohf.com\/product\/kenter-shackle\/\",\"name\":\"Kenter Shackle\",\"isPartOf\":{\"@id\":\"https:\/\/qingdaohf.com\/bg\/#website\"},\"primaryImageOfPage\":{\"@id\":\"https:\/\/qingdaohf.com\/product\/kenter-shackle\/#primaryimage\"},\"image\":{\"@id\":\"https:\/\/qingdaohf.com\/product\/kenter-shackle\/#primaryimage\"},\"thumbnailUrl\":\"https:\/\/qingdaohf.com\/wp-content\/uploads\/2024\/10\/Kenter-Shackle.webp\",\"datePublished\":\"2024-10-16T03:39:29+00:00\",\"dateModified\":\"2025-11-13T01:03:13+00:00\",\"breadcrumb\":{\"@id\":\"https:\/\/qingdaohf.com\/product\/kenter-shackle\/#breadcrumb\"},\"inLanguage\":\"fi\",\"potentialAction\":[{\"@type\":\"ReadAction\",\"target\":[\"https:\/\/qingdaohf.com\/product\/kenter-shackle\/\"]}]},{\"@type\":\"ImageObject\",\"inLanguage\":\"fi\",\"@id\":\"https:\/\/qingdaohf.com\/product\/kenter-shackle\/#primaryimage\",\"url\":\"https:\/\/qingdaohf.com\/wp-content\/uploads\/2024\/10\/Kenter-Shackle.webp\",\"contentUrl\":\"https:\/\/qingdaohf.com\/wp-content\/uploads\/2024\/10\/Kenter-Shackle.webp\",\"width\":800,\"height\":800,\"caption\":\"Kenter Shackle\"},{\"@type\":\"BreadcrumbList\",\"@id\":\"https:\/\/qingdaohf.com\/product\/kenter-shackle\/#breadcrumb\",\"itemListElement\":[{\"@type\":\"ListItem\",\"position\":1,\"name\":\"Home\",\"item\":\"https:\/\/qingdaohf.com\/\"},{\"@type\":\"ListItem\",\"position\":2,\"name\":\"Concrete Forming Accessories and Rigging Hardware\",\"item\":\"https:\/\/qingdaohf.com\/bg\/?page_id=944\"},{\"@type\":\"ListItem\",\"position\":3,\"name\":\"Kenter Shackle\"}]},{\"@type\":\"WebSite\",\"@id\":\"https:\/\/qingdaohf.com\/bg\/#website\",\"url\":\"https:\/\/qingdaohf.com\/bg\/\",\"name\":\"Concrete Form & Rigging Hardware Supplier\",\"description\":\"\",\"publisher\":{\"@id\":\"https:\/\/qingdaohf.com\/bg\/#organization\"},\"potentialAction\":[{\"@type\":\"SearchAction\",\"target\":{\"@type\":\"EntryPoint\",\"urlTemplate\":\"https:\/\/qingdaohf.com\/bg\/?s={search_term_string}\"},\"query-input\":{\"@type\":\"PropertyValueSpecification\",\"valueRequired\":true,\"valueName\":\"search_term_string\"}}],\"inLanguage\":\"fi\"},{\"@type\":\"Organization\",\"@id\":\"https:\/\/qingdaohf.com\/bg\/#organization\",\"name\":\"Qingdao H&F\",\"url\":\"https:\/\/qingdaohf.com\/bg\/\",\"logo\":{\"@type\":\"ImageObject\",\"inLanguage\":\"fi\",\"@id\":\"https:\/\/qingdaohf.com\/bg\/#\/schema\/logo\/image\/\",\"url\":\"https:\/\/qingdaohf.com\/wp-content\/uploads\/2022\/12\/cropped-HF-LOGO.png\",\"contentUrl\":\"https:\/\/qingdaohf.com\/wp-content\/uploads\/2022\/12\/cropped-HF-LOGO.png\",\"width\":391,\"height\":249,\"caption\":\"Qingdao H&F\"},\"image\":{\"@id\":\"https:\/\/qingdaohf.com\/bg\/#\/schema\/logo\/image\/\"},\"sameAs\":[\"https:\/\/www.facebook.com\/qingdaohf\"]}]}<\/script>\n<!-- \/ Yoast SEO plugin. -->","yoast_head_json":{"title":"Kenter Shackle","robots":{"index":"index","follow":"follow","max-snippet":"max-snippet:-1","max-image-preview":"max-image-preview:large","max-video-preview":"max-video-preview:-1"},"canonical":"https:\/\/qingdaohf.com\/fi\/tuote\/kenterilenkki\/","og_locale":"fi_FI","og_type":"article","og_title":"Kenter Shackle","og_description":"The Kenter Shackle is a robust, versatile tool designed for seamless chain connections in heavy-duty applications. Engineered for strength and reliability, it is ideal for maritime, industrial, and construction use. Its durable construction and corrosion-resistant finish ensure long-lasting performance, even in challenging environments. With a user-friendly assembly and secure locking mechanism, the Kenter Shackle enhances safety and efficiency, making it a trusted choice for professionals seeking dependable connections.","og_url":"https:\/\/qingdaohf.com\/fi\/tuote\/kenterilenkki\/","og_site_name":"Concrete Form &amp; Rigging Hardware Supplier","article_publisher":"https:\/\/www.facebook.com\/qingdaohf","article_modified_time":"2025-11-13T01:03:13+00:00","og_image":[{"width":800,"height":800,"url":"https:\/\/qingdaohf.com\/wp-content\/uploads\/2024\/10\/Kenter-Shackle.webp","type":"image\/webp"}],"twitter_card":"summary_large_image","twitter_misc":{"Arvioitu lukuaika":"7 minuuttia"},"schema":{"@context":"https:\/\/schema.org","@graph":[{"@type":"WebPage","@id":"https:\/\/qingdaohf.com\/product\/kenter-shackle\/","url":"https:\/\/qingdaohf.com\/product\/kenter-shackle\/","name":"Kenter Shackle","isPartOf":{"@id":"https:\/\/qingdaohf.com\/bg\/#website"},"primaryImageOfPage":{"@id":"https:\/\/qingdaohf.com\/product\/kenter-shackle\/#primaryimage"},"image":{"@id":"https:\/\/qingdaohf.com\/product\/kenter-shackle\/#primaryimage"},"thumbnailUrl":"https:\/\/qingdaohf.com\/wp-content\/uploads\/2024\/10\/Kenter-Shackle.webp","datePublished":"2024-10-16T03:39:29+00:00","dateModified":"2025-11-13T01:03:13+00:00","breadcrumb":{"@id":"https:\/\/qingdaohf.com\/product\/kenter-shackle\/#breadcrumb"},"inLanguage":"fi","potentialAction":[{"@type":"ReadAction","target":["https:\/\/qingdaohf.com\/product\/kenter-shackle\/"]}]},{"@type":"ImageObject","inLanguage":"fi","@id":"https:\/\/qingdaohf.com\/product\/kenter-shackle\/#primaryimage","url":"https:\/\/qingdaohf.com\/wp-content\/uploads\/2024\/10\/Kenter-Shackle.webp","contentUrl":"https:\/\/qingdaohf.com\/wp-content\/uploads\/2024\/10\/Kenter-Shackle.webp","width":800,"height":800,"caption":"Kenter Shackle"},{"@type":"BreadcrumbList","@id":"https:\/\/qingdaohf.com\/product\/kenter-shackle\/#breadcrumb","itemListElement":[{"@type":"ListItem","position":1,"name":"Home","item":"https:\/\/qingdaohf.com\/"},{"@type":"ListItem","position":2,"name":"Concrete Forming Accessories and Rigging Hardware","item":"https:\/\/qingdaohf.com\/bg\/?page_id=944"},{"@type":"ListItem","position":3,"name":"Kenter Shackle"}]},{"@type":"WebSite","@id":"https:\/\/qingdaohf.com\/bg\/#website","url":"https:\/\/qingdaohf.com\/bg\/","name":"Concrete Form & Rigging Hardware Supplier","description":"","publisher":{"@id":"https:\/\/qingdaohf.com\/bg\/#organization"},"potentialAction":[{"@type":"SearchAction","target":{"@type":"EntryPoint","urlTemplate":"https:\/\/qingdaohf.com\/bg\/?s={search_term_string}"},"query-input":{"@type":"PropertyValueSpecification","valueRequired":true,"valueName":"search_term_string"}}],"inLanguage":"fi"},{"@type":"Organization","@id":"https:\/\/qingdaohf.com\/bg\/#organization","name":"Qingdao H&F","url":"https:\/\/qingdaohf.com\/bg\/","logo":{"@type":"ImageObject","inLanguage":"fi","@id":"https:\/\/qingdaohf.com\/bg\/#\/schema\/logo\/image\/","url":"https:\/\/qingdaohf.com\/wp-content\/uploads\/2022\/12\/cropped-HF-LOGO.png","contentUrl":"https:\/\/qingdaohf.com\/wp-content\/uploads\/2022\/12\/cropped-HF-LOGO.png","width":391,"height":249,"caption":"Qingdao H&F"},"image":{"@id":"https:\/\/qingdaohf.com\/bg\/#\/schema\/logo\/image\/"},"sameAs":["https:\/\/www.facebook.com\/qingdaohf"]}]}},"_links":{"self":[{"href":"https:\/\/qingdaohf.com\/fi\/wp-json\/wp\/v2\/product\/8065","targetHints":{"allow":["GET"]}}],"collection":[{"href":"https:\/\/qingdaohf.com\/fi\/wp-json\/wp\/v2\/product"}],"about":[{"href":"https:\/\/qingdaohf.com\/fi\/wp-json\/wp\/v2\/types\/product"}],"replies":[{"embeddable":true,"href":"https:\/\/qingdaohf.com\/fi\/wp-json\/wp\/v2\/comments?post=8065"}],"version-history":[{"count":3,"href":"https:\/\/qingdaohf.com\/fi\/wp-json\/wp\/v2\/product\/8065\/revisions"}],"predecessor-version":[{"id":8073,"href":"https:\/\/qingdaohf.com\/fi\/wp-json\/wp\/v2\/product\/8065\/revisions\/8073"}],"wp:featuredmedia":[{"embeddable":true,"href":"https:\/\/qingdaohf.com\/fi\/wp-json\/wp\/v2\/media\/8066"}],"wp:attachment":[{"href":"https:\/\/qingdaohf.com\/fi\/wp-json\/wp\/v2\/media?parent=8065"}],"wp:term":[{"taxonomy":"product_brand","embeddable":true,"href":"https:\/\/qingdaohf.com\/fi\/wp-json\/wp\/v2\/product_brand?post=8065"},{"taxonomy":"product_cat","embeddable":true,"href":"https:\/\/qingdaohf.com\/fi\/wp-json\/wp\/v2\/product_cat?post=8065"},{"taxonomy":"product_tag","embeddable":true,"href":"https:\/\/qingdaohf.com\/fi\/wp-json\/wp\/v2\/product_tag?post=8065"}],"curies":[{"name":"wp","href":"https:\/\/api.w.org\/{rel}","templated":true}]}}