{"id":8102,"date":"2024-10-24T16:40:15","date_gmt":"2024-10-24T08:40:15","guid":{"rendered":"http:\/\/qingdaohf.com\/?post_type=product&#038;p=8102"},"modified":"2025-11-13T09:03:13","modified_gmt":"2025-11-13T01:03:13","slug":"1x19-wire-rope","status":"publish","type":"product","link":"https:\/\/qingdaohf.com\/fi\/tuote\/1x19-vaijeri\/","title":{"rendered":"1\u00d719 Vaijerik\u00f6ysi"},"content":{"rendered":"<h3><strong>Kattava yleiskatsaus 1\u00d719 vaijeriin<\/strong><\/h3>\n<p>1\u00d719- vaijeri on eritt\u00e4in erikoistunut ter\u00e4svaijeri, joka on suunniteltu sovelluksiin, joissa vaaditaan lujuutta, v\u00e4h\u00e4ist\u00e4 venymist\u00e4 ja j\u00e4ykkyytt\u00e4. 1\u00d719-rakenne koostuu 19 yksitt\u00e4isest\u00e4 langasta, jotka on kierretty yhdeksi s\u00e4ikeeksi, ja sen vetolujuus on erinomainen ja joustavuus v\u00e4h\u00e4inen, joten se on optimaalinen valinta kiristysj\u00e4rjestelmiin, joissa rakenteellinen eheys on olennaisen t\u00e4rke\u00e4\u00e4. T\u00e4m\u00e4ntyyppist\u00e4 vaijeria k\u00e4ytet\u00e4\u00e4n laajalti eri teollisuudenaloilla, kuten rakennus-, merenkulku- ja arkkitehtuurisektoreilla, koska se kykenee s\u00e4ilytt\u00e4m\u00e4\u00e4n vakauden kuormituksen alaisena ilman merkitt\u00e4v\u00e4\u00e4 venymist\u00e4.<\/p>\n<p>1\u00d719-merkkisen vaijerin ominaispiirre on sen rakenne. Yhdeks\u00e4ntoista vaijeria on kierretty tiukasti yhdeksi kiinte\u00e4ksi s\u00e4ikeeksi. T\u00e4m\u00e4 kokoonpano luo vaijerin, joka soveltuu erinomaisesti staattisiin sovelluksiin, joissa vakaus ja venymiskest\u00e4vyys ovat joustavuutta t\u00e4rke\u00e4mpi\u00e4. T\u00e4m\u00e4n vuoksi 1\u00d719- vaijeria k\u00e4ytet\u00e4\u00e4n usein kiinnitysj\u00e4rjestelmiss\u00e4, jahdin takiloinnissa, riippusilloissa ja rakenteellisissa tukirakenteissa, joissa tarkka kiristys on j\u00e4rjestelm\u00e4n eheyden kannalta ratkaisevan t\u00e4rke\u00e4\u00e4.<\/p>\n<h3><strong>Materiaalin koostumus ja sen edut<\/strong><\/h3>\n<p>1\u00d719-merkkinen vaijeri valmistetaan yleens\u00e4 joko ruostumattomasta ter\u00e4ksest\u00e4 tai sinkityst\u00e4 ter\u00e4ksest\u00e4, jotka on valittu niiden lujuuden ja ymp\u00e4rist\u00f6tekij\u00f6iden kest\u00e4vyyden vuoksi. Ruostumattomasta ter\u00e4ksest\u00e4 valmistettua vaijeria arvostetaan sen erinomaisen korroosionkest\u00e4vyyden vuoksi erityisesti ymp\u00e4rist\u00f6iss\u00e4, joissa altistuminen kosteudelle tai suolavedelle on yleist\u00e4. T\u00e4m\u00e4n vuoksi ruostumattomasta ter\u00e4ksest\u00e4 valmistettu 1 \u00d7 19-merkkinen vaijeri on hyv\u00e4 valinta meriymp\u00e4rist\u00f6iss\u00e4, joissa sit\u00e4 k\u00e4ytet\u00e4\u00e4n usein takiloihin, tukiin, pelastusk\u00f6ysiin ja kiinnitysk\u00f6ysiin.<\/p>\n<p>Sinkitty ter\u00e4sk\u00f6ysi puolestaan tarjoaa kustannustehokkaamman ratkaisun kest\u00e4vyydest\u00e4 tinkim\u00e4tt\u00e4 liikaa. Galvanoidun ter\u00e4ksen sinkkipinnoite auttaa suojaamaan vaijeria ruosteelta ja korroosiolta, joten se soveltuu teollisuus- ja rakennussovelluksiin, joissa ymp\u00e4rist\u00f6 ei ole yht\u00e4 sy\u00f6vytt\u00e4v\u00e4, mutta lujuus on silti ensiarvoisen t\u00e4rke\u00e4\u00e4. Vaikka galvanoitu ter\u00e4sk\u00f6ysi ei ole yht\u00e4 korroosionkest\u00e4v\u00e4 kuin ruostumaton ter\u00e4s, se soveltuu erinomaisesti k\u00e4ytett\u00e4v\u00e4ksi ulkotiloissa, kuten rakennusten tukirakenteissa, nostureissa ja nostoj\u00e4rjestelmiss\u00e4.<\/p>\n<p>Sek\u00e4 ruostumattomasta ter\u00e4ksest\u00e4 ett\u00e4 galvanoidusta ter\u00e4ksest\u00e4 valmistetut 1 \u00d7 19-merkkisen vaijerin versiot on suunniteltu toimimaan korkeassa j\u00e4nnityksess\u00e4, ja ruostumattomasta ter\u00e4ksest\u00e4 valmistettu versio soveltuu paremmin vaativiin olosuhteisiin, kun taas galvanoitu ter\u00e4s on edullinen vaihtoehto v\u00e4hemm\u00e4n vaativiin olosuhteisiin.<\/p>\n<h3><strong>1\u00d719 vaijerin koot: Tarkkuudesta raskaaseen k\u00e4ytt\u00f6\u00f6n<\/strong><\/h3>\n<p>Yksi 1\u00d719- vaijerin t\u00e4rkeimmist\u00e4 ominaisuuksista on laaja valikoima saatavilla olevia kokoja, jotka on suunniteltu vastaamaan eri sovellusten erityistarpeita. Pienempi\u00e4 kokoja, kuten 1\/16 tuumaa, 3\/32 tuumaa ja 1\/8 tuumaa, k\u00e4ytet\u00e4\u00e4n yleisesti sovelluksissa, jotka vaativat tarkkuutta ja joissa visuaalinen vaikutus on v\u00e4h\u00e4inen. N\u00e4iss\u00e4 pienemmiss\u00e4 halkaisijoissa vaijeri tarjoaa riitt\u00e4v\u00e4n lujuuden ja pysyy samalla huomaamattomana, mik\u00e4 tekee siit\u00e4 ihanteellisen arkkitehtonisiin kaiteisiin, jahdin takilointiin ja muihin kiristysj\u00e4rjestelmiin.<\/p>\n<p>Esimerkiksi 1\/16 tuuman 1\u00d719 vaijeria k\u00e4ytet\u00e4\u00e4n usein purjeveneiden tukijaloissa ja muissa merenkulun takilointisovelluksissa, koska sen vetolujuus on suuri sen pieneen kokoon n\u00e4hden. Sen korroosionkest\u00e4vyys, erityisesti ruostumattomasta ter\u00e4ksest\u00e4 valmistettuna, tekee siit\u00e4 v\u00e4ltt\u00e4m\u00e4tt\u00f6m\u00e4n ymp\u00e4rist\u00f6iss\u00e4, joissa suolavesi on jatkuva haaste. Vastaavasti 3\/32 tuuman 1\u00d719 vaijeria k\u00e4ytet\u00e4\u00e4n usein arkkitehtuurihankkeiden, kuten kaiteiden ja kaiteiden, kiristysj\u00e4rjestelmiss\u00e4, joissa se tarjoaa sek\u00e4 rakenteellista kest\u00e4vyytt\u00e4 ett\u00e4 tyylikk\u00e4\u00e4n, minimalistisen ulkon\u00e4\u00f6n.<\/p>\n<p>Kun siirryt\u00e4\u00e4n suurempiin kokoihin, kuten 1\/8 tuumaa ja 5\/32 tuumaa, vaijeri soveltuu kest\u00e4v\u00e4mpiin sovelluksiin, kuten rakennusten rakenteellisiin tukiin tai nostureiden ja nostolaitteiden kantaviin j\u00e4rjestelmiin. 1\/8 tuuman 1\u00d719 vaijerin lujuus ja j\u00e4ykkyys ovat tasapainossa, mink\u00e4 ansiosta se soveltuu erinomaisesti sek\u00e4 merenkulkuun ett\u00e4 teollisuusk\u00e4ytt\u00f6\u00f6n. Paksumman halkaisijansa ansiosta se kest\u00e4\u00e4 suurempia kuormia, mik\u00e4 tekee siit\u00e4 luotettavan valinnan j\u00e4nnitysj\u00e4rjestelmiin, jotka vaativat minimaalista venymist\u00e4 rasituksessa.<\/p>\n<p>Kokoluokan yl\u00e4p\u00e4\u00e4ss\u00e4 oleva 3\/8 tuuman 1 \u00d7 19-merkkinen vaijeri on suunniteltu raskaisiin k\u00e4ytt\u00f6kohteisiin, joissa merkitt\u00e4vi\u00e4 kuormia on kannateltava ilman venymist\u00e4. T\u00e4t\u00e4 kokoa k\u00e4ytet\u00e4\u00e4n yleisesti riippusilloissa, raskaissa kiinnitysk\u00f6ysiss\u00e4 ja laajamittaisissa rakennushankkeissa, joissa vaijerin lujuus ja kest\u00e4vyys ovat ratkaisevia j\u00e4rjestelm\u00e4n turvallisuuden ja vakauden kannalta. 3\/8 tuuman vaijeri pystyy k\u00e4sittelem\u00e4\u00e4n \u00e4\u00e4rimm\u00e4isi\u00e4 kuormituksia s\u00e4ilytt\u00e4en samalla j\u00e4ykkyytens\u00e4, mik\u00e4 tekee siit\u00e4 v\u00e4ltt\u00e4m\u00e4tt\u00f6m\u00e4n korkeaj\u00e4nnitteisiss\u00e4 tilanteissa.<\/p>\n<h3><strong>1\u00d719 vaijerin ytimet: Kuitu vs. ter\u00e4s<\/strong><\/h3>\n<p>Vaijerin ytimell\u00e4 on ratkaiseva merkitys k\u00f6yden suorituskyvyn kannalta, sill\u00e4 se lis\u00e4\u00e4 rakenteen lujuutta ja vakautta. Kaksi yleisint\u00e4 1\u00d719- vaijerin ydintyyppi\u00e4 ovat kuituydin (FC) ja itsen\u00e4inen vaijeriydin (IWRC). Kumpikin ydintyyppi tarjoaa ainutlaatuisia etuja sovelluksen erityisvaatimuksista riippuen.<\/p>\n<p>Kuituydin (FC) on yleens\u00e4 valmistettu synteettisist\u00e4 tai luonnonkuiduista, jotka antavat vaijerille jonkin verran joustavuutta. Vaikka kuituytimi\u00e4 ei k\u00e4ytet\u00e4 yht\u00e4 yleisesti 1 \u00d7 19 -kokoonpanoissa, jotka ovat tunnettuja j\u00e4ykkyydest\u00e4\u00e4n, niist\u00e4 voi olla hy\u00f6ty\u00e4 sovelluksissa, joissa tarvitaan pient\u00e4 joustavuutta tai joissa k\u00f6ysi voi joutua alttiiksi iskukuormitukselle. Kuituydin toimii pehmusteena, joka v\u00e4hent\u00e4\u00e4 \u00e4killisten voimien vaikutusta ja suojaa s\u00e4ikeit\u00e4 liialliselta kulumiselta.<\/p>\n<p>Riippumatonta vaijeriydint\u00e4 (IWRC) k\u00e4ytet\u00e4\u00e4n yleisemmin 1 \u00d7 19 vaijereissa, erityisesti suuremmissa koossa, kuten 1\/8 tuuman, 5\/32 tuuman ja 3\/8 tuuman koossa. IWRC koostuu p\u00e4\u00e4k\u00f6yden keskell\u00e4 olevasta pienemm\u00e4st\u00e4 vaijerista, joka lis\u00e4\u00e4 merkitt\u00e4v\u00e4sti rakenteen lujuutta ja kest\u00e4vyytt\u00e4. T\u00e4m\u00e4ntyyppisest\u00e4 ytimest\u00e4 on hy\u00f6ty\u00e4 erityisesti korkeaj\u00e4nnitesovelluksissa, joissa vaijerin on kestett\u00e4v\u00e4 puristusvoimia tai voimakkaita kuormituksia ilman muodonmuutoksia. Ter\u00e4syd\u00e4n t\u00e4ydent\u00e4\u00e4 1\u00d719-rakenteen luonnollista j\u00e4ykkyytt\u00e4 ja varmistaa, ett\u00e4 vaijeri s\u00e4ilytt\u00e4\u00e4 muotonsa ja suorituskykyns\u00e4 \u00e4\u00e4rimm\u00e4isiss\u00e4 olosuhteissa.<\/p>\n<h3><strong>Erilaisten 1 \u00d7 19 vaijerikokojen sovellukset<\/strong><\/h3>\n<p>1\u00d719-merkkisen vaijerin monipuolisuus n\u00e4kyy sen laajassa k\u00e4ytt\u00f6valikoimassa eri teollisuudenaloilla. Meriteollisuudessa pienempi\u00e4 kokoja, kuten 1\/16 tuuman ja 3\/32 tuuman k\u00f6ysi\u00e4, k\u00e4ytet\u00e4\u00e4n usein jahdin takiloinnissa ja purjeveneiden kiinnityksiss\u00e4, joissa lujuus ja korroosionkest\u00e4vyys ovat kriittisi\u00e4. N\u00e4iden kokojen ruostumattomasta ter\u00e4ksest\u00e4 valmistettuja versioita arvostetaan erityisesti niiden kyvyn vuoksi kest\u00e4\u00e4 suolavett\u00e4 ja ankaria meriymp\u00e4rist\u00f6j\u00e4.<\/p>\n<p>Arkkitehtuurisuunnittelussa 1\/16 tuuman ja 1\/8 tuuman 1 \u00d7 19 -vaijerik\u00f6ysi\u00e4 k\u00e4ytet\u00e4\u00e4n usein kaiteiden, julkisivujen ja muiden rakenneosien j\u00e4nnitysj\u00e4rjestelmiss\u00e4, jotka vaativat sek\u00e4 lujuutta ett\u00e4 esteettisyytt\u00e4. Lankak\u00f6yden puhdas, tyylik\u00e4s ulkon\u00e4k\u00f6 yhdistettyn\u00e4 sen kykyyn kantaa merkitt\u00e4vi\u00e4 kuormia tekee siit\u00e4 ihanteellisen valinnan moderneihin arkkitehtuurihankkeisiin, joissa korostuvat sek\u00e4 muoto ett\u00e4 toiminta.<\/p>\n<p>Suurempia kokoja, kuten 1\/8 tuumaa, 5\/32 tuumaa ja 3\/8 tuumaa, k\u00e4ytet\u00e4\u00e4n vaativammissa sovelluksissa, joissa on tuettava suurempia kuormia. Rakennusalalla n\u00e4it\u00e4 vaijereita k\u00e4ytet\u00e4\u00e4n usein rakenteellisissa tuissa, riippusilloissa ja kantavissa j\u00e4rjestelmiss\u00e4, joissa niiden j\u00e4ykkyys ja lujuus takaavat hankkeen vakauden. Erityisesti 3\/8 tuuman 1\u00d719- vaijeria k\u00e4ytet\u00e4\u00e4n laajalti raskaissa sovelluksissa, kuten kiinnitysk\u00f6ysiss\u00e4 ja teollisuuden nostolaitteissa, joissa sen kyky s\u00e4ilytt\u00e4\u00e4 muoto \u00e4\u00e4rimm\u00e4isess\u00e4 j\u00e4nnityksess\u00e4 on ratkaisevan t\u00e4rke\u00e4\u00e4.<\/p>\n<p>Toinen kriittinen sovelluskohde on 1 \u00d7 19-merkkisen vaijerin k\u00e4ytt\u00f6 nostureissa ja hisseiss\u00e4, erityisesti halkaisijaltaan suurempien k\u00f6ysien osalta. Vaijerin suuri vetolujuus yhdistettyn\u00e4 pieneen venyvyyteen tekee siit\u00e4 ihanteellisen, kun halutaan varmistaa sujuvat ja hallitut nostotoiminnot. Suurempien vaijerien ter\u00e4sydin parantaa niiden kest\u00e4vyytt\u00e4 ja murskautumiskest\u00e4vyytt\u00e4, mik\u00e4 takaa pitk\u00e4n k\u00e4ytt\u00f6i\u00e4n vaativissa teollisuusymp\u00e4rist\u00f6iss\u00e4.<\/p>\n<h3><strong>Miksi 1\u00d719 vaijeri on paras valinta j\u00e4ykkyyden ja lujuuden kannalta?<\/strong><\/h3>\n<p>1\u00d719 ter\u00e4sk\u00f6ysi erottuu ter\u00e4svaijereiden joukosta j\u00e4ykkyyden, lujuuden ja kest\u00e4vyyden tasapainon ansiosta. Sen tiivis rakenne, jossa 19 lankaa on yhdistetty yhdeksi s\u00e4ikeeksi, takaa, ett\u00e4 se s\u00e4ilytt\u00e4\u00e4 muotonsa kuormituksessa, joten se on ihanteellinen staattisiin sovelluksiin, joissa venyminen on minimoitava. T\u00e4m\u00e4n vuoksi 1\u00d719- vaijeri on ensisijainen valinta merenkulusta ja rakentamisesta arkkitehtuuriin ja teollisuuden nostoihin.<\/p>\n<p>Eri kokojen saatavuus 1\/16 tuuman ja 3\/8 tuuman v\u00e4lill\u00e4 antaa k\u00e4ytt\u00e4jille mahdollisuuden valita halkaisijaltaan sopivan halkaisijan omiin tarpeisiinsa. Olipa kyse sitten tarkkuussovelluksista, kuten purjeveneiden takiloinnista, tai raskaista k\u00e4ytt\u00f6tarkoituksista, kuten riippusilloista, 1 \u00d7 19-merkkinen vaijeri tarjoaa tarvittavan lujuuden ja vakauden. Sen kest\u00e4vyys ymp\u00e4rist\u00f6tekij\u00f6it\u00e4 vastaan, erityisesti ruostumattomasta ter\u00e4ksest\u00e4 valmistettuna, takaa pitk\u00e4aikaisen suorituskyvyn haastavissa olosuhteissa.<\/p>\n<p>Loppujen lopuksi 1\u00d719-merkkinen vaijeri on edelleen kulmakivi teollisuudenaloilla, joilla tarvitaan tehokkaita kiristysj\u00e4rjestelmi\u00e4. Sen ylivoimainen lujuus, v\u00e4h\u00e4inen venyvyys ja laaja kokovalikoima tekev\u00e4t siit\u00e4 olennaisen komponentin sek\u00e4 kevyiss\u00e4 ett\u00e4 raskaissa sovelluksissa, mik\u00e4 takaa luotettavuuden ja mielenrauhan vaativimmissakin ymp\u00e4rist\u00f6iss\u00e4.<\/p>","protected":false},"excerpt":{"rendered":"<p>1\u00d719- vaijeria, joka koostuu 19 yksitt\u00e4isest\u00e4 ter\u00e4slangasta, jotka on kierretty yhdeksi vahvaksi vaijeriksi, on saatavana eri kokoja, kuten 1\/16 tuumaa, 3\/32 tuumaa, 1\/8 tuumaa, 5\/32 tuumaa ja jopa suurempia halkaisijoita, kuten 3\/8 tuumaa. Tyypillisesti ruostumattomasta ter\u00e4ksest\u00e4 tai sinkityst\u00e4 ter\u00e4ksest\u00e4 valmistettu vaijeri on tunnettu j\u00e4ykkyydest\u00e4\u00e4n ja korkeasta vetolujuudestaan, ja sen venym\u00e4 kuormituksessa on minimaalinen. T\u00e4m\u00e4 vaijeri on ihanteellinen kiristys- ja kuormitussovelluksiin rakennus-, merenkulku- ja arkkitehtuuriteollisuudessa, ja siin\u00e4 on vaihtoehtoja sek\u00e4 kuitu- ett\u00e4 ter\u00e4sytimille.<\/p>","protected":false},"featured_media":8103,"comment_status":"open","ping_status":"closed","template":"","meta":{"site-sidebar-layout":"default","site-content-layout":"","ast-site-content-layout":"default","site-content-style":"default","site-sidebar-style":"default","ast-global-header-display":"","ast-banner-title-visibility":"","ast-main-header-display":"","ast-hfb-above-header-display":"","ast-hfb-below-header-display":"","ast-hfb-mobile-header-display":"","site-post-title":"","ast-breadcrumbs-content":"","ast-featured-img":"","footer-sml-layout":"","theme-transparent-header-meta":"default","adv-header-id-meta":"","stick-header-meta":"default","header-above-stick-meta":"","header-main-stick-meta":"","header-below-stick-meta":"","astra-migrate-meta-layouts":"set","ast-page-background-enabled":"default","ast-page-background-meta":{"desktop":{"background-color":"","background-image":"","background-repeat":"repeat","background-position":"center center","background-size":"auto","background-attachment":"scroll","background-type":"","background-media":"","overlay-type":"","overlay-color":"","overlay-opacity":"","overlay-gradient":""},"tablet":{"background-color":"","background-image":"","background-repeat":"repeat","background-position":"center center","background-size":"auto","background-attachment":"scroll","background-type":"","background-media":"","overlay-type":"","overlay-color":"","overlay-opacity":"","overlay-gradient":""},"mobile":{"background-color":"","background-image":"","background-repeat":"repeat","background-position":"center center","background-size":"auto","background-attachment":"scroll","background-type":"","background-media":"","overlay-type":"","overlay-color":"","overlay-opacity":"","overlay-gradient":""}},"ast-content-background-meta":{"desktop":{"background-color":"var(--ast-global-color-5)","background-image":"","background-repeat":"repeat","background-position":"center center","background-size":"auto","background-attachment":"scroll","background-type":"","background-media":"","overlay-type":"","overlay-color":"","overlay-opacity":"","overlay-gradient":""},"tablet":{"background-color":"var(--ast-global-color-5)","background-image":"","background-repeat":"repeat","background-position":"center center","background-size":"auto","background-attachment":"scroll","background-type":"","background-media":"","overlay-type":"","overlay-color":"","overlay-opacity":"","overlay-gradient":""},"mobile":{"background-color":"var(--ast-global-color-5)","background-image":"","background-repeat":"repeat","background-position":"center center","background-size":"auto","background-attachment":"scroll","background-type":"","background-media":"","overlay-type":"","overlay-color":"","overlay-opacity":"","overlay-gradient":""}}},"product_brand":[],"product_cat":[37],"product_tag":[89],"class_list":{"0":"post-8102","1":"product","2":"type-product","3":"status-publish","4":"has-post-thumbnail","6":"product_cat-wire-rope","7":"product_tag-wire-rope","8":"desktop-align-left","9":"tablet-align-left","10":"mobile-align-left","11":"ast-product-gallery-layout-horizontal-slider","12":"ast-product-gallery-with-no-image","13":"ast-product-tabs-layout-horizontal","15":"first","16":"instock","17":"shipping-taxable","18":"purchasable","19":"product-type-simple"},"yoast_head":"<!-- This site is optimized with the Yoast SEO plugin v25.2 - https:\/\/yoast.com\/wordpress\/plugins\/seo\/ -->\n<title>1x19 Wire Rope<\/title>\n<meta name=\"description\" content=\"1x19 wire rope, consisting of 19 individual steel strands twisted into a single, strong cable, is available in a variety of sizes, including 1\/16 inch, 3\/32 inch, 1\/8 inch, 5\/32 inch, and up to larger diameters like 3\/8 inch.\" \/>\n<meta name=\"robots\" content=\"index, follow, max-snippet:-1, max-image-preview:large, max-video-preview:-1\" \/>\n<link rel=\"canonical\" href=\"https:\/\/qingdaohf.com\/fi\/tuote\/1x19-vaijeri\/\" \/>\n<meta property=\"og:locale\" content=\"fi_FI\" \/>\n<meta property=\"og:type\" content=\"article\" \/>\n<meta property=\"og:title\" content=\"1x19 Wire Rope\" \/>\n<meta property=\"og:description\" content=\"1x19 wire rope, consisting of 19 individual steel strands twisted into a single, strong cable, is available in a variety of sizes, including 1\/16 inch, 3\/32 inch, 1\/8 inch, 5\/32 inch, and up to larger diameters like 3\/8 inch.\" \/>\n<meta property=\"og:url\" content=\"https:\/\/qingdaohf.com\/fi\/tuote\/1x19-vaijeri\/\" \/>\n<meta property=\"og:site_name\" content=\"Concrete Form &amp; Rigging Hardware Supplier\" \/>\n<meta property=\"article:publisher\" content=\"https:\/\/www.facebook.com\/qingdaohf\" \/>\n<meta property=\"article:modified_time\" content=\"2025-11-13T01:03:13+00:00\" \/>\n<meta property=\"og:image\" content=\"https:\/\/qingdaohf.com\/wp-content\/uploads\/2024\/10\/1x19s_2.webp\" \/>\n\t<meta property=\"og:image:width\" content=\"787\" \/>\n\t<meta property=\"og:image:height\" content=\"787\" \/>\n\t<meta property=\"og:image:type\" content=\"image\/webp\" \/>\n<meta name=\"twitter:card\" content=\"summary_large_image\" \/>\n<meta name=\"twitter:label1\" content=\"Arvioitu lukuaika\" \/>\n\t<meta name=\"twitter:data1\" content=\"7 minuuttia\" \/>\n<script type=\"application\/ld+json\" class=\"yoast-schema-graph\">{\"@context\":\"https:\/\/schema.org\",\"@graph\":[{\"@type\":\"WebPage\",\"@id\":\"https:\/\/qingdaohf.com\/product\/1x19-wire-rope\/\",\"url\":\"https:\/\/qingdaohf.com\/product\/1x19-wire-rope\/\",\"name\":\"1x19 Wire Rope\",\"isPartOf\":{\"@id\":\"https:\/\/qingdaohf.com\/bg\/#website\"},\"primaryImageOfPage\":{\"@id\":\"https:\/\/qingdaohf.com\/product\/1x19-wire-rope\/#primaryimage\"},\"image\":{\"@id\":\"https:\/\/qingdaohf.com\/product\/1x19-wire-rope\/#primaryimage\"},\"thumbnailUrl\":\"https:\/\/qingdaohf.com\/wp-content\/uploads\/2024\/10\/1x19s_2.webp\",\"datePublished\":\"2024-10-24T08:40:15+00:00\",\"dateModified\":\"2025-11-13T01:03:13+00:00\",\"description\":\"1x19 wire rope, consisting of 19 individual steel strands twisted into a single, strong cable, is available in a variety of sizes, including 1\/16 inch, 3\/32 inch, 1\/8 inch, 5\/32 inch, and up to larger diameters like 3\/8 inch.\",\"breadcrumb\":{\"@id\":\"https:\/\/qingdaohf.com\/product\/1x19-wire-rope\/#breadcrumb\"},\"inLanguage\":\"fi\",\"potentialAction\":[{\"@type\":\"ReadAction\",\"target\":[\"https:\/\/qingdaohf.com\/product\/1x19-wire-rope\/\"]}]},{\"@type\":\"ImageObject\",\"inLanguage\":\"fi\",\"@id\":\"https:\/\/qingdaohf.com\/product\/1x19-wire-rope\/#primaryimage\",\"url\":\"https:\/\/qingdaohf.com\/wp-content\/uploads\/2024\/10\/1x19s_2.webp\",\"contentUrl\":\"https:\/\/qingdaohf.com\/wp-content\/uploads\/2024\/10\/1x19s_2.webp\",\"width\":787,\"height\":787,\"caption\":\"1x19 wire rope\"},{\"@type\":\"BreadcrumbList\",\"@id\":\"https:\/\/qingdaohf.com\/product\/1x19-wire-rope\/#breadcrumb\",\"itemListElement\":[{\"@type\":\"ListItem\",\"position\":1,\"name\":\"Home\",\"item\":\"https:\/\/qingdaohf.com\/\"},{\"@type\":\"ListItem\",\"position\":2,\"name\":\"Concrete Forming Accessories and Rigging Hardware\",\"item\":\"https:\/\/qingdaohf.com\/bg\/?page_id=944\"},{\"@type\":\"ListItem\",\"position\":3,\"name\":\"1&#215;19 Wire Rope\"}]},{\"@type\":\"WebSite\",\"@id\":\"https:\/\/qingdaohf.com\/bg\/#website\",\"url\":\"https:\/\/qingdaohf.com\/bg\/\",\"name\":\"Concrete Form & Rigging Hardware Supplier\",\"description\":\"\",\"publisher\":{\"@id\":\"https:\/\/qingdaohf.com\/bg\/#organization\"},\"potentialAction\":[{\"@type\":\"SearchAction\",\"target\":{\"@type\":\"EntryPoint\",\"urlTemplate\":\"https:\/\/qingdaohf.com\/bg\/?s={search_term_string}\"},\"query-input\":{\"@type\":\"PropertyValueSpecification\",\"valueRequired\":true,\"valueName\":\"search_term_string\"}}],\"inLanguage\":\"fi\"},{\"@type\":\"Organization\",\"@id\":\"https:\/\/qingdaohf.com\/bg\/#organization\",\"name\":\"Qingdao H&F\",\"url\":\"https:\/\/qingdaohf.com\/bg\/\",\"logo\":{\"@type\":\"ImageObject\",\"inLanguage\":\"fi\",\"@id\":\"https:\/\/qingdaohf.com\/bg\/#\/schema\/logo\/image\/\",\"url\":\"https:\/\/qingdaohf.com\/wp-content\/uploads\/2022\/12\/cropped-HF-LOGO.png\",\"contentUrl\":\"https:\/\/qingdaohf.com\/wp-content\/uploads\/2022\/12\/cropped-HF-LOGO.png\",\"width\":391,\"height\":249,\"caption\":\"Qingdao H&F\"},\"image\":{\"@id\":\"https:\/\/qingdaohf.com\/bg\/#\/schema\/logo\/image\/\"},\"sameAs\":[\"https:\/\/www.facebook.com\/qingdaohf\"]}]}<\/script>\n<!-- \/ Yoast SEO plugin. -->","yoast_head_json":{"title":"1x19 Wire Rope","description":"1x19 wire rope, consisting of 19 individual steel strands twisted into a single, strong cable, is available in a variety of sizes, including 1\/16 inch, 3\/32 inch, 1\/8 inch, 5\/32 inch, and up to larger diameters like 3\/8 inch.","robots":{"index":"index","follow":"follow","max-snippet":"max-snippet:-1","max-image-preview":"max-image-preview:large","max-video-preview":"max-video-preview:-1"},"canonical":"https:\/\/qingdaohf.com\/fi\/tuote\/1x19-vaijeri\/","og_locale":"fi_FI","og_type":"article","og_title":"1x19 Wire Rope","og_description":"1x19 wire rope, consisting of 19 individual steel strands twisted into a single, strong cable, is available in a variety of sizes, including 1\/16 inch, 3\/32 inch, 1\/8 inch, 5\/32 inch, and up to larger diameters like 3\/8 inch.","og_url":"https:\/\/qingdaohf.com\/fi\/tuote\/1x19-vaijeri\/","og_site_name":"Concrete Form &amp; Rigging Hardware Supplier","article_publisher":"https:\/\/www.facebook.com\/qingdaohf","article_modified_time":"2025-11-13T01:03:13+00:00","og_image":[{"width":787,"height":787,"url":"https:\/\/qingdaohf.com\/wp-content\/uploads\/2024\/10\/1x19s_2.webp","type":"image\/webp"}],"twitter_card":"summary_large_image","twitter_misc":{"Arvioitu lukuaika":"7 minuuttia"},"schema":{"@context":"https:\/\/schema.org","@graph":[{"@type":"WebPage","@id":"https:\/\/qingdaohf.com\/product\/1x19-wire-rope\/","url":"https:\/\/qingdaohf.com\/product\/1x19-wire-rope\/","name":"1x19 Wire Rope","isPartOf":{"@id":"https:\/\/qingdaohf.com\/bg\/#website"},"primaryImageOfPage":{"@id":"https:\/\/qingdaohf.com\/product\/1x19-wire-rope\/#primaryimage"},"image":{"@id":"https:\/\/qingdaohf.com\/product\/1x19-wire-rope\/#primaryimage"},"thumbnailUrl":"https:\/\/qingdaohf.com\/wp-content\/uploads\/2024\/10\/1x19s_2.webp","datePublished":"2024-10-24T08:40:15+00:00","dateModified":"2025-11-13T01:03:13+00:00","description":"1x19 wire rope, consisting of 19 individual steel strands twisted into a single, strong cable, is available in a variety of sizes, including 1\/16 inch, 3\/32 inch, 1\/8 inch, 5\/32 inch, and up to larger diameters like 3\/8 inch.","breadcrumb":{"@id":"https:\/\/qingdaohf.com\/product\/1x19-wire-rope\/#breadcrumb"},"inLanguage":"fi","potentialAction":[{"@type":"ReadAction","target":["https:\/\/qingdaohf.com\/product\/1x19-wire-rope\/"]}]},{"@type":"ImageObject","inLanguage":"fi","@id":"https:\/\/qingdaohf.com\/product\/1x19-wire-rope\/#primaryimage","url":"https:\/\/qingdaohf.com\/wp-content\/uploads\/2024\/10\/1x19s_2.webp","contentUrl":"https:\/\/qingdaohf.com\/wp-content\/uploads\/2024\/10\/1x19s_2.webp","width":787,"height":787,"caption":"1x19 wire rope"},{"@type":"BreadcrumbList","@id":"https:\/\/qingdaohf.com\/product\/1x19-wire-rope\/#breadcrumb","itemListElement":[{"@type":"ListItem","position":1,"name":"Home","item":"https:\/\/qingdaohf.com\/"},{"@type":"ListItem","position":2,"name":"Concrete Forming Accessories and Rigging Hardware","item":"https:\/\/qingdaohf.com\/bg\/?page_id=944"},{"@type":"ListItem","position":3,"name":"1&#215;19 Wire Rope"}]},{"@type":"WebSite","@id":"https:\/\/qingdaohf.com\/bg\/#website","url":"https:\/\/qingdaohf.com\/bg\/","name":"Concrete Form & Rigging Hardware Supplier","description":"","publisher":{"@id":"https:\/\/qingdaohf.com\/bg\/#organization"},"potentialAction":[{"@type":"SearchAction","target":{"@type":"EntryPoint","urlTemplate":"https:\/\/qingdaohf.com\/bg\/?s={search_term_string}"},"query-input":{"@type":"PropertyValueSpecification","valueRequired":true,"valueName":"search_term_string"}}],"inLanguage":"fi"},{"@type":"Organization","@id":"https:\/\/qingdaohf.com\/bg\/#organization","name":"Qingdao H&F","url":"https:\/\/qingdaohf.com\/bg\/","logo":{"@type":"ImageObject","inLanguage":"fi","@id":"https:\/\/qingdaohf.com\/bg\/#\/schema\/logo\/image\/","url":"https:\/\/qingdaohf.com\/wp-content\/uploads\/2022\/12\/cropped-HF-LOGO.png","contentUrl":"https:\/\/qingdaohf.com\/wp-content\/uploads\/2022\/12\/cropped-HF-LOGO.png","width":391,"height":249,"caption":"Qingdao H&F"},"image":{"@id":"https:\/\/qingdaohf.com\/bg\/#\/schema\/logo\/image\/"},"sameAs":["https:\/\/www.facebook.com\/qingdaohf"]}]}},"_links":{"self":[{"href":"https:\/\/qingdaohf.com\/fi\/wp-json\/wp\/v2\/product\/8102","targetHints":{"allow":["GET"]}}],"collection":[{"href":"https:\/\/qingdaohf.com\/fi\/wp-json\/wp\/v2\/product"}],"about":[{"href":"https:\/\/qingdaohf.com\/fi\/wp-json\/wp\/v2\/types\/product"}],"replies":[{"embeddable":true,"href":"https:\/\/qingdaohf.com\/fi\/wp-json\/wp\/v2\/comments?post=8102"}],"version-history":[{"count":2,"href":"https:\/\/qingdaohf.com\/fi\/wp-json\/wp\/v2\/product\/8102\/revisions"}],"predecessor-version":[{"id":8105,"href":"https:\/\/qingdaohf.com\/fi\/wp-json\/wp\/v2\/product\/8102\/revisions\/8105"}],"wp:featuredmedia":[{"embeddable":true,"href":"https:\/\/qingdaohf.com\/fi\/wp-json\/wp\/v2\/media\/8103"}],"wp:attachment":[{"href":"https:\/\/qingdaohf.com\/fi\/wp-json\/wp\/v2\/media?parent=8102"}],"wp:term":[{"taxonomy":"product_brand","embeddable":true,"href":"https:\/\/qingdaohf.com\/fi\/wp-json\/wp\/v2\/product_brand?post=8102"},{"taxonomy":"product_cat","embeddable":true,"href":"https:\/\/qingdaohf.com\/fi\/wp-json\/wp\/v2\/product_cat?post=8102"},{"taxonomy":"product_tag","embeddable":true,"href":"https:\/\/qingdaohf.com\/fi\/wp-json\/wp\/v2\/product_tag?post=8102"}],"curies":[{"name":"wp","href":"https:\/\/api.w.org\/{rel}","templated":true}]}}