{"id":8109,"date":"2024-10-24T17:13:03","date_gmt":"2024-10-24T09:13:03","guid":{"rendered":"http:\/\/qingdaohf.com\/?post_type=product&#038;p=8109"},"modified":"2025-11-13T09:02:55","modified_gmt":"2025-11-13T01:02:55","slug":"6x19-wire-rope","status":"publish","type":"product","link":"https:\/\/qingdaohf.com\/fi\/tuote\/6x19-vaijeri\/","title":{"rendered":"6\u00d719 Vaijerik\u00f6ysi"},"content":{"rendered":"<h3>6\u00d719 vaijerirakenteen ymm\u00e4rt\u00e4minen<\/h3>\n<p>6\u00d719- vaijeri on hyvin arvostettu vaihtoehto teollisuudessa ja rakentamisessa, koska sen joustavuus ja lujuus ovat tasapainossa. T\u00e4m\u00e4 k\u00f6ysi koostuu 6 s\u00e4ikeest\u00e4, joissa jokaisessa on 19 lankaa, ja se tarjoaa luotettavan suorituskyvyn erilaisiin raskaisiin teht\u00e4viin. 6\u00d719- vaijerin rakenne takaa vankan, mutta hieman taipuisan tuotteen, joten se on ihanteellinen sovelluksiin, joissa k\u00f6yden on kestett\u00e4v\u00e4 toistuvaa taivutusta ja s\u00e4ilytett\u00e4v\u00e4 samalla lujuutensa. T\u00e4m\u00e4ntyyppist\u00e4 vaijeria k\u00e4ytet\u00e4\u00e4n usein muun muassa nostoissa, nostolaitteissa ja merenkulkusovelluksissa sen vankan rakenteen ja mukautuvan luonteen ansiosta.<\/p>\n<p>6\u00d719- vaijerin hiiliter\u00e4srakenne antaa sille ylivoimaisen lujuuden, jonka ansiosta se kest\u00e4\u00e4 merkitt\u00e4vi\u00e4 kuormia ilman, ett\u00e4 sen rakenteellinen eheys k\u00e4rsii. T\u00e4m\u00e4 materiaalivalinta takaa poikkeuksellisen kulutuksenkest\u00e4vyyden, mik\u00e4 takaa, ett\u00e4 vaijeri selviytyy vaativissa ymp\u00e4rist\u00f6iss\u00e4, kuten merenkulussa tai rakennusty\u00f6mailla. Lis\u00e4ksi 6\u00d719- vaijerin muotoilu mahdollistaa sile\u00e4n ulkopinnan, mik\u00e4 auttaa minimoimaan koneiden ja muiden laitteiden vaurioitumisen k\u00e4yt\u00f6n aikana.<\/p>\n<h3>6\u00d719 vaijerin yleiset koot<\/h3>\n<p>Vaijerin koko on ratkaiseva tekij\u00e4, kun valitaan sopivaa tuotetta tiettyihin teht\u00e4viin, sill\u00e4 eri halkaisijat vaikuttavat sek\u00e4 lujuuteen ett\u00e4 joustavuuteen. 6\u00d719- vaijeria on saatavana eri kokoja, ja jokainen koko on r\u00e4\u00e4t\u00e4l\u00f6ity tiettyihin k\u00e4ytt\u00f6tarkoituksiin, olipa kyse sitten rakennus-, kuljetus- tai merenkulkualan sovelluksista.<\/p>\n<p>Yksi suosittu koko on 1\/8 tuuman 6\u00d719 vaijeri, joka tunnetaan pienest\u00e4 halkaisijasta ja joustavuudesta. T\u00e4m\u00e4 koko soveltuu hyvin sovelluksiin, joissa tilaa on rajoitetusti, kuten pienempiin takilointiprojekteihin tai kevyisiin nostoteht\u00e4viin. Pienemm\u00e4st\u00e4 koostaan huolimatta se s\u00e4ilytt\u00e4\u00e4 huomattavan vetolujuuden, mik\u00e4 tekee siit\u00e4 luotettavan valinnan tarkkuutta vaativiin teht\u00e4viin.<\/p>\n<p>Hieman raskaampiin teht\u00e4viin 3\/16 tuuman 6\u00d719- vaijeri tarjoaa suuremman lujuuden s\u00e4ilytt\u00e4en samalla kohtuullisen joustavuuden. T\u00e4t\u00e4 kokoa k\u00e4ytet\u00e4\u00e4n usein tilanteissa, joissa tarvitaan tasapainoa kuormankantokyvyn ja helppok\u00e4ytt\u00f6isyyden v\u00e4lill\u00e4, kuten nostettaessa pieni\u00e4 laitteita tai kiinnitett\u00e4ess\u00e4 kuormia kuljetuksen aikana. Sen keskihalkaisija tekee siit\u00e4 monipuolisen valinnan erilaisissa ymp\u00e4rist\u00f6iss\u00e4.<\/p>\n<p>1\/4 tuuman 6\u00d719 vaijeri on toinen yleisesti valittu koko, joka tarjoaa paremman lujuuden vaativampiin sovelluksiin. T\u00e4t\u00e4 kokoa k\u00e4ytet\u00e4\u00e4n usein teollisuusymp\u00e4rist\u00f6iss\u00e4, joissa tarvitaan vahvempaa tukea, kuten nostureissa, vinttureissa ja rakennushisseiss\u00e4. Suuremman halkaisijan ansiosta 1\/4 tuuman versio tarjoaa suuremman kantavuuden, mutta se on silti riitt\u00e4v\u00e4n joustava yleisiin takilointiteht\u00e4viin.<\/p>\n<p>Viel\u00e4 suurempaa lujuutta varten voidaan harkita 5\/16 tuuman 6\u00d719 vaijeria, joka tarjoaa kest\u00e4vyytt\u00e4 sovelluksiin, joihin liittyy raskaampia kuormia tai intensiivisemp\u00e4\u00e4 k\u00e4ytt\u00f6\u00e4. Suurempi halkaisija tekee siit\u00e4 ihanteellisen k\u00e4ytett\u00e4v\u00e4ksi merenkulussa, kuten kiinnitysk\u00f6ysin\u00e4 tai hinauksessa. 5\/16 tuuman koko on hyv\u00e4 vaihtoehto niille, jotka etsiv\u00e4t luotettavaa vaijeria, joka kest\u00e4\u00e4 kovia olosuhteita joustavuudesta tinkim\u00e4tt\u00e4.<\/p>\n<h3>Ydintyyppien tutkiminen: FC, IWS ja IWRC<\/h3>\n<p><img fetchpriority=\"high\" decoding=\"async\" class=\"alignnone size-full wp-image-8113\" src=\"http:\/\/qingdaohf.com\/wp-content\/uploads\/2024\/10\/6X19-wire-rope.webp\" alt=\"6X19\" width=\"1338\" height=\"412\" srcset=\"https:\/\/qingdaohf.com\/wp-content\/uploads\/2024\/10\/6X19-wire-rope.webp 1338w, https:\/\/qingdaohf.com\/wp-content\/uploads\/2024\/10\/6X19-wire-rope-300x92.webp 300w, https:\/\/qingdaohf.com\/wp-content\/uploads\/2024\/10\/6X19-wire-rope-1024x315.webp 1024w, https:\/\/qingdaohf.com\/wp-content\/uploads\/2024\/10\/6X19-wire-rope-768x236.webp 768w, https:\/\/qingdaohf.com\/wp-content\/uploads\/2024\/10\/6X19-wire-rope-18x6.webp 18w, https:\/\/qingdaohf.com\/wp-content\/uploads\/2024\/10\/6X19-wire-rope-1000x308.webp 1000w\" sizes=\"(max-width: 1338px) 100vw, 1338px\" \/><\/p>\n<p>6\u00d719- vaijerissa on kolme ydinvaihtoehtoa, joista jokainen tarjoaa erilaisia etuja k\u00e4ytt\u00f6tarkoituksesta riippuen. Ydin on vaijerin keskeinen osa, sill\u00e4 se tukee ulkos\u00e4ikeit\u00e4 ja vaikuttaa vaijerin joustavuuteen ja lujuuteen. Kolme 6 \u00d7 19 -vaijerik\u00f6yteen saatavissa olevaa ydintyyppi\u00e4 ovat Fiber Core (FC), Independent Wire Strand Core (IWS) ja Independent Wire Rope Core (IWRC).<\/p>\n<p>Fiber Core (FC) -vaihtoehdossa on luonnon- tai synteettisist\u00e4 kuiduista valmistettu ydin. T\u00e4m\u00e4 rakenne lis\u00e4\u00e4 joustavuutta, joten FC-vaihtoehto soveltuu sovelluksiin, joissa vaijerin on taivuttava ja liikuttava usein. Joustavuutensa ansiosta se on ensisijainen valinta tilanteissa, joissa koneet ja laitteet ovat mukana, mik\u00e4 v\u00e4hent\u00e4\u00e4 hihnapy\u00f6rien ja vaijerien kulumista. Lis\u00e4\u00e4ntynyt taipuisuus kuitenkin heikent\u00e4\u00e4 lujuutta ter\u00e4sydinvaihtoehtoihin verrattuna, mink\u00e4 vuoksi FC-ydin soveltuu parhaiten kevyempiin sovelluksiin.<\/p>\n<p>Independent Wire Strand Core (IWS) tarjoaa keskitason FC-ytimen joustavuuden ja IWRC-ytimen lujuuden v\u00e4lill\u00e4. IWS-ydin koostuu erillisest\u00e4 vaijerilangasta, joka antaa lis\u00e4tukea k\u00f6ysirakenteelle parantaen sek\u00e4 sen kest\u00e4vyytt\u00e4 ett\u00e4 kantavuutta. T\u00e4m\u00e4ntyyppinen ydin on erityisen edullinen sovelluksissa, joissa vaaditaan kohtalaista joustavuutta suuremman lujuuden ohella, kuten pieniss\u00e4 ja keskisuurissa nostureissa ja vinttureissa. IWS-syd\u00e4men tasapaino tekee siit\u00e4 monipuolisen vaihtoehdon niille, jotka etsiv\u00e4t luotettavaa suorituskyky\u00e4 joustavuudesta tinkim\u00e4tt\u00e4.<\/p>\n<p>Jos haluat maksimaalisen lujuuden ja kest\u00e4vyyden, valitaan mieluiten IWRC (Independent Wire Rope Core). IWRC-ydin on valmistettu erillisest\u00e4 vaijerista, mik\u00e4 lis\u00e4\u00e4 merkitt\u00e4v\u00e4sti 6\u00d719- vaijerin kokonaislujuutta ja rakenteellista eheytt\u00e4. T\u00e4m\u00e4 ydintyyppi soveltuu hyvin raskaisiin sovelluksiin, joissa suuri vetolujuus on kriittinen tekij\u00e4, kuten suurissa rakennusnostureissa, teollisuusvinsseiss\u00e4 ja merenkulun takiloissa. Vaikka IWRC-ydin menett\u00e4\u00e4 jonkin verran joustavuutta FC- ja IWS-vaihtoehtoihin verrattuna, sen lujuus varmistaa, ett\u00e4 vaijeri kest\u00e4\u00e4 kovia olosuhteita ja raskaita kuormia pitki\u00e4 aikoja.<\/p>\n<h3>6\u00d719 vaijerin sovelluksen oivallukset ja edut<\/h3>\n<p>6\u00d719- vaijerin muotoilu tekee siit\u00e4 suositun valinnan eri teollisuudenaloilla sen monipuolisuuden vuoksi. Sen tasapainoinen rakenne tarjoaa tehokkaan kompromissin vetolujuuden ja joustavuuden v\u00e4lill\u00e4, joten se soveltuu lukuisiin teht\u00e4viin. Rakennusalalla t\u00e4m\u00e4ntyyppist\u00e4 vaijeria k\u00e4ytet\u00e4\u00e4n usein nostot\u00f6iss\u00e4, sill\u00e4 se tarjoaa tarvittavan tuen materiaalien turvalliseen ja tehokkaaseen siirt\u00e4miseen. K\u00f6yden sile\u00e4 pinta minimoi kulumisen, mik\u00e4 v\u00e4hent\u00e4\u00e4 hihnapy\u00f6rien ja nostureiden kulumista ja pident\u00e4\u00e4 laitteiden k\u00e4ytt\u00f6ik\u00e4\u00e4.<\/p>\n<p>Merenkulkuymp\u00e4rist\u00f6iss\u00e4 6\u00d719-merkkisen vaijerin kulutuskest\u00e4vyys ja ankarat olosuhteet tekev\u00e4t siit\u00e4 sopivan sovelluksiin, kuten kiinnitykseen, hinaukseen ja kalastukseen. Sen kyky kest\u00e4\u00e4 suolavedelle altistumisen ja vaihtelevien kuormien aiheuttamaa rasitusta tekee siit\u00e4 luotettavan komponentin merenkulkuk\u00e4ytt\u00f6\u00f6n. Erityisesti IWRC-ydin osoittautuu hy\u00f6dylliseksi merenkulkusovelluksissa, sill\u00e4 se tarjoaa vaativiin teht\u00e4viin tarvittavan lujuuden kest\u00e4vyydest\u00e4 tinkim\u00e4tt\u00e4.<\/p>\n<p>Kuljetus ja logistiikka hy\u00f6tyv\u00e4t my\u00f6s 6\u00d719- vaijerin k\u00e4yt\u00f6st\u00e4, kun sit\u00e4 voidaan k\u00e4ytt\u00e4\u00e4 lastin kiinnitt\u00e4miseen, nostoraksien luomiseen tai osana lastaus- ja purkuj\u00e4rjestelmi\u00e4. Se on saatavana eri kokoisina, joten se voidaan r\u00e4\u00e4t\u00e4l\u00f6id\u00e4 erityistarpeiden mukaan, jolloin varmistetaan, ett\u00e4 lujuus ja joustavuus ovat oikeassa tasapainossa kussakin tilanteessa. 6\u00d719- vaijerin muunneltavuus varmistaa, ett\u00e4 sill\u00e4 voidaan hoitaa sek\u00e4 rutiininomaisia ett\u00e4 haastavia teht\u00e4vi\u00e4 n\u00e4ill\u00e4 aloilla.<\/p>\n<p>Viime k\u00e4dess\u00e4 ydintyypin - FC, IWS tai IWRC - ja sopivan koon valinta antaa k\u00e4ytt\u00e4jille mahdollisuuden mukauttaa 6\u00d719- vaijerin valintansa tarkkojen vaatimusten mukaiseksi. Ymm\u00e4rt\u00e4m\u00e4ll\u00e4 kunkin ytimen ja koon ainutlaatuiset ominaisuudet ja edut yritykset voivat optimoida toimintansa ja varmistaa, ett\u00e4 niiden laitteet pysyv\u00e4t turvallisina, tehokkaina ja kykenevin\u00e4 vastaamaan projektien vaatimuksiin. Joustavuuden, lujuuden ja kest\u00e4vyyden yhdistelm\u00e4n ansiosta 6\u00d719-merkkinen vaijeri on edelleen vaijerien kulmakivi, joka tarjoaa luotettavaa suorituskyky\u00e4 erilaisissa sovelluksissa.<\/p>","protected":false},"excerpt":{"rendered":"<p>6\u00d719 ter\u00e4sk\u00f6ysi on monipuolinen ja kest\u00e4v\u00e4 ter\u00e4sk\u00f6ysityyppi, jossa yhdistyv\u00e4t joustavuus ja lujuus. Se koostuu 6 s\u00e4ikeest\u00e4, joista kukin sis\u00e4lt\u00e4\u00e4 19 lankaa, joten se soveltuu erilaisiin nosto-, takilointi- ja nostosovelluksiin. 6\u00d719- vaijeri on yleisesti saatavilla koossa 1\/8 tuumaa, 3\/16 tuumaa ja 1\/4 tuumaa. 6\u00d719- vaijeri on valmistettu runsashiilisest\u00e4 ter\u00e4ksest\u00e4, joka tarjoaa erinomaisen vetolujuuden ja kulutuskest\u00e4vyyden. Siin\u00e4 on erilaisia ydintyyppej\u00e4, kuten kuituydin (FC), itsen\u00e4inen vaijerilankaydin (IWS) ja itsen\u00e4inen vaijerik\u00f6ysiydin (IWRC), jotka vastaavat erilaisiin tarpeisiin ja suorituskykyvaatimuksiin.<\/p>","protected":false},"featured_media":8112,"comment_status":"open","ping_status":"closed","template":"","meta":{"site-sidebar-layout":"default","site-content-layout":"","ast-site-content-layout":"default","site-content-style":"default","site-sidebar-style":"default","ast-global-header-display":"","ast-banner-title-visibility":"","ast-main-header-display":"","ast-hfb-above-header-display":"","ast-hfb-below-header-display":"","ast-hfb-mobile-header-display":"","site-post-title":"","ast-breadcrumbs-content":"","ast-featured-img":"","footer-sml-layout":"","theme-transparent-header-meta":"default","adv-header-id-meta":"","stick-header-meta":"default","header-above-stick-meta":"","header-main-stick-meta":"","header-below-stick-meta":"","astra-migrate-meta-layouts":"set","ast-page-background-enabled":"default","ast-page-background-meta":{"desktop":{"background-color":"","background-image":"","background-repeat":"repeat","background-position":"center center","background-size":"auto","background-attachment":"scroll","background-type":"","background-media":"","overlay-type":"","overlay-color":"","overlay-opacity":"","overlay-gradient":""},"tablet":{"background-color":"","background-image":"","background-repeat":"repeat","background-position":"center center","background-size":"auto","background-attachment":"scroll","background-type":"","background-media":"","overlay-type":"","overlay-color":"","overlay-opacity":"","overlay-gradient":""},"mobile":{"background-color":"","background-image":"","background-repeat":"repeat","background-position":"center center","background-size":"auto","background-attachment":"scroll","background-type":"","background-media":"","overlay-type":"","overlay-color":"","overlay-opacity":"","overlay-gradient":""}},"ast-content-background-meta":{"desktop":{"background-color":"var(--ast-global-color-5)","background-image":"","background-repeat":"repeat","background-position":"center center","background-size":"auto","background-attachment":"scroll","background-type":"","background-media":"","overlay-type":"","overlay-color":"","overlay-opacity":"","overlay-gradient":""},"tablet":{"background-color":"var(--ast-global-color-5)","background-image":"","background-repeat":"repeat","background-position":"center center","background-size":"auto","background-attachment":"scroll","background-type":"","background-media":"","overlay-type":"","overlay-color":"","overlay-opacity":"","overlay-gradient":""},"mobile":{"background-color":"var(--ast-global-color-5)","background-image":"","background-repeat":"repeat","background-position":"center center","background-size":"auto","background-attachment":"scroll","background-type":"","background-media":"","overlay-type":"","overlay-color":"","overlay-opacity":"","overlay-gradient":""}}},"product_brand":[],"product_cat":[37],"product_tag":[89],"class_list":{"0":"post-8109","1":"product","2":"type-product","3":"status-publish","4":"has-post-thumbnail","6":"product_cat-wire-rope","7":"product_tag-wire-rope","8":"desktop-align-left","9":"tablet-align-left","10":"mobile-align-left","11":"ast-product-gallery-layout-horizontal-slider","12":"ast-product-gallery-with-no-image","13":"ast-product-tabs-layout-horizontal","15":"first","16":"instock","17":"shipping-taxable","18":"purchasable","19":"product-type-simple"},"yoast_head":"<!-- This site is optimized with the Yoast SEO plugin v25.2 - https:\/\/yoast.com\/wordpress\/plugins\/seo\/ -->\n<title>6x19 Wire Rope<\/title>\n<meta name=\"description\" content=\"6x19 wire rope is a versatile and durable type of steel wire rope, offering a blend of flexibility and strength.\" \/>\n<meta name=\"robots\" content=\"index, follow, max-snippet:-1, max-image-preview:large, max-video-preview:-1\" \/>\n<link rel=\"canonical\" href=\"https:\/\/qingdaohf.com\/fi\/tuote\/6x19-vaijeri\/\" \/>\n<meta property=\"og:locale\" content=\"fi_FI\" \/>\n<meta property=\"og:type\" content=\"article\" \/>\n<meta property=\"og:title\" content=\"6x19 Wire Rope\" \/>\n<meta property=\"og:description\" content=\"6x19 wire rope is a versatile and durable type of steel wire rope, offering a blend of flexibility and strength.\" \/>\n<meta property=\"og:url\" content=\"https:\/\/qingdaohf.com\/fi\/tuote\/6x19-vaijeri\/\" \/>\n<meta property=\"og:site_name\" content=\"Concrete Form &amp; Rigging Hardware Supplier\" \/>\n<meta property=\"article:publisher\" content=\"https:\/\/www.facebook.com\/qingdaohf\" \/>\n<meta property=\"article:modified_time\" content=\"2025-11-13T01:02:55+00:00\" \/>\n<meta property=\"og:image\" content=\"https:\/\/qingdaohf.com\/wp-content\/uploads\/2024\/10\/6x19wrc_2.webp\" \/>\n\t<meta property=\"og:image:width\" content=\"787\" \/>\n\t<meta property=\"og:image:height\" content=\"787\" \/>\n\t<meta property=\"og:image:type\" content=\"image\/webp\" \/>\n<meta name=\"twitter:card\" content=\"summary_large_image\" \/>\n<meta name=\"twitter:label1\" content=\"Arvioitu lukuaika\" \/>\n\t<meta name=\"twitter:data1\" content=\"6 minuuttia\" \/>\n<script type=\"application\/ld+json\" class=\"yoast-schema-graph\">{\"@context\":\"https:\/\/schema.org\",\"@graph\":[{\"@type\":\"WebPage\",\"@id\":\"https:\/\/qingdaohf.com\/product\/6x19-wire-rope\/\",\"url\":\"https:\/\/qingdaohf.com\/product\/6x19-wire-rope\/\",\"name\":\"6x19 Wire Rope\",\"isPartOf\":{\"@id\":\"https:\/\/qingdaohf.com\/bg\/#website\"},\"primaryImageOfPage\":{\"@id\":\"https:\/\/qingdaohf.com\/product\/6x19-wire-rope\/#primaryimage\"},\"image\":{\"@id\":\"https:\/\/qingdaohf.com\/product\/6x19-wire-rope\/#primaryimage\"},\"thumbnailUrl\":\"https:\/\/qingdaohf.com\/wp-content\/uploads\/2024\/10\/6x19wrc_2.webp\",\"datePublished\":\"2024-10-24T09:13:03+00:00\",\"dateModified\":\"2025-11-13T01:02:55+00:00\",\"description\":\"6x19 wire rope is a versatile and durable type of steel wire rope, offering a blend of flexibility and strength.\",\"breadcrumb\":{\"@id\":\"https:\/\/qingdaohf.com\/product\/6x19-wire-rope\/#breadcrumb\"},\"inLanguage\":\"fi\",\"potentialAction\":[{\"@type\":\"ReadAction\",\"target\":[\"https:\/\/qingdaohf.com\/product\/6x19-wire-rope\/\"]}]},{\"@type\":\"ImageObject\",\"inLanguage\":\"fi\",\"@id\":\"https:\/\/qingdaohf.com\/product\/6x19-wire-rope\/#primaryimage\",\"url\":\"https:\/\/qingdaohf.com\/wp-content\/uploads\/2024\/10\/6x19wrc_2.webp\",\"contentUrl\":\"https:\/\/qingdaohf.com\/wp-content\/uploads\/2024\/10\/6x19wrc_2.webp\",\"width\":787,\"height\":787,\"caption\":\"6X19 wire rope\"},{\"@type\":\"BreadcrumbList\",\"@id\":\"https:\/\/qingdaohf.com\/product\/6x19-wire-rope\/#breadcrumb\",\"itemListElement\":[{\"@type\":\"ListItem\",\"position\":1,\"name\":\"Home\",\"item\":\"https:\/\/qingdaohf.com\/\"},{\"@type\":\"ListItem\",\"position\":2,\"name\":\"Concrete Forming Accessories and Rigging Hardware\",\"item\":\"https:\/\/qingdaohf.com\/bg\/?page_id=944\"},{\"@type\":\"ListItem\",\"position\":3,\"name\":\"6&#215;19 Wire Rope\"}]},{\"@type\":\"WebSite\",\"@id\":\"https:\/\/qingdaohf.com\/bg\/#website\",\"url\":\"https:\/\/qingdaohf.com\/bg\/\",\"name\":\"Concrete Form & Rigging Hardware Supplier\",\"description\":\"\",\"publisher\":{\"@id\":\"https:\/\/qingdaohf.com\/bg\/#organization\"},\"potentialAction\":[{\"@type\":\"SearchAction\",\"target\":{\"@type\":\"EntryPoint\",\"urlTemplate\":\"https:\/\/qingdaohf.com\/bg\/?s={search_term_string}\"},\"query-input\":{\"@type\":\"PropertyValueSpecification\",\"valueRequired\":true,\"valueName\":\"search_term_string\"}}],\"inLanguage\":\"fi\"},{\"@type\":\"Organization\",\"@id\":\"https:\/\/qingdaohf.com\/bg\/#organization\",\"name\":\"Qingdao H&F\",\"url\":\"https:\/\/qingdaohf.com\/bg\/\",\"logo\":{\"@type\":\"ImageObject\",\"inLanguage\":\"fi\",\"@id\":\"https:\/\/qingdaohf.com\/bg\/#\/schema\/logo\/image\/\",\"url\":\"https:\/\/qingdaohf.com\/wp-content\/uploads\/2022\/12\/cropped-HF-LOGO.png\",\"contentUrl\":\"https:\/\/qingdaohf.com\/wp-content\/uploads\/2022\/12\/cropped-HF-LOGO.png\",\"width\":391,\"height\":249,\"caption\":\"Qingdao H&F\"},\"image\":{\"@id\":\"https:\/\/qingdaohf.com\/bg\/#\/schema\/logo\/image\/\"},\"sameAs\":[\"https:\/\/www.facebook.com\/qingdaohf\"]}]}<\/script>\n<!-- \/ Yoast SEO plugin. -->","yoast_head_json":{"title":"6x19 Wire Rope","description":"6x19 wire rope is a versatile and durable type of steel wire rope, offering a blend of flexibility and strength.","robots":{"index":"index","follow":"follow","max-snippet":"max-snippet:-1","max-image-preview":"max-image-preview:large","max-video-preview":"max-video-preview:-1"},"canonical":"https:\/\/qingdaohf.com\/fi\/tuote\/6x19-vaijeri\/","og_locale":"fi_FI","og_type":"article","og_title":"6x19 Wire Rope","og_description":"6x19 wire rope is a versatile and durable type of steel wire rope, offering a blend of flexibility and strength.","og_url":"https:\/\/qingdaohf.com\/fi\/tuote\/6x19-vaijeri\/","og_site_name":"Concrete Form &amp; Rigging Hardware Supplier","article_publisher":"https:\/\/www.facebook.com\/qingdaohf","article_modified_time":"2025-11-13T01:02:55+00:00","og_image":[{"width":787,"height":787,"url":"https:\/\/qingdaohf.com\/wp-content\/uploads\/2024\/10\/6x19wrc_2.webp","type":"image\/webp"}],"twitter_card":"summary_large_image","twitter_misc":{"Arvioitu lukuaika":"6 minuuttia"},"schema":{"@context":"https:\/\/schema.org","@graph":[{"@type":"WebPage","@id":"https:\/\/qingdaohf.com\/product\/6x19-wire-rope\/","url":"https:\/\/qingdaohf.com\/product\/6x19-wire-rope\/","name":"6x19 Wire Rope","isPartOf":{"@id":"https:\/\/qingdaohf.com\/bg\/#website"},"primaryImageOfPage":{"@id":"https:\/\/qingdaohf.com\/product\/6x19-wire-rope\/#primaryimage"},"image":{"@id":"https:\/\/qingdaohf.com\/product\/6x19-wire-rope\/#primaryimage"},"thumbnailUrl":"https:\/\/qingdaohf.com\/wp-content\/uploads\/2024\/10\/6x19wrc_2.webp","datePublished":"2024-10-24T09:13:03+00:00","dateModified":"2025-11-13T01:02:55+00:00","description":"6x19 wire rope is a versatile and durable type of steel wire rope, offering a blend of flexibility and strength.","breadcrumb":{"@id":"https:\/\/qingdaohf.com\/product\/6x19-wire-rope\/#breadcrumb"},"inLanguage":"fi","potentialAction":[{"@type":"ReadAction","target":["https:\/\/qingdaohf.com\/product\/6x19-wire-rope\/"]}]},{"@type":"ImageObject","inLanguage":"fi","@id":"https:\/\/qingdaohf.com\/product\/6x19-wire-rope\/#primaryimage","url":"https:\/\/qingdaohf.com\/wp-content\/uploads\/2024\/10\/6x19wrc_2.webp","contentUrl":"https:\/\/qingdaohf.com\/wp-content\/uploads\/2024\/10\/6x19wrc_2.webp","width":787,"height":787,"caption":"6X19 wire rope"},{"@type":"BreadcrumbList","@id":"https:\/\/qingdaohf.com\/product\/6x19-wire-rope\/#breadcrumb","itemListElement":[{"@type":"ListItem","position":1,"name":"Home","item":"https:\/\/qingdaohf.com\/"},{"@type":"ListItem","position":2,"name":"Concrete Forming Accessories and Rigging Hardware","item":"https:\/\/qingdaohf.com\/bg\/?page_id=944"},{"@type":"ListItem","position":3,"name":"6&#215;19 Wire Rope"}]},{"@type":"WebSite","@id":"https:\/\/qingdaohf.com\/bg\/#website","url":"https:\/\/qingdaohf.com\/bg\/","name":"Concrete Form & Rigging Hardware Supplier","description":"","publisher":{"@id":"https:\/\/qingdaohf.com\/bg\/#organization"},"potentialAction":[{"@type":"SearchAction","target":{"@type":"EntryPoint","urlTemplate":"https:\/\/qingdaohf.com\/bg\/?s={search_term_string}"},"query-input":{"@type":"PropertyValueSpecification","valueRequired":true,"valueName":"search_term_string"}}],"inLanguage":"fi"},{"@type":"Organization","@id":"https:\/\/qingdaohf.com\/bg\/#organization","name":"Qingdao H&F","url":"https:\/\/qingdaohf.com\/bg\/","logo":{"@type":"ImageObject","inLanguage":"fi","@id":"https:\/\/qingdaohf.com\/bg\/#\/schema\/logo\/image\/","url":"https:\/\/qingdaohf.com\/wp-content\/uploads\/2022\/12\/cropped-HF-LOGO.png","contentUrl":"https:\/\/qingdaohf.com\/wp-content\/uploads\/2022\/12\/cropped-HF-LOGO.png","width":391,"height":249,"caption":"Qingdao H&F"},"image":{"@id":"https:\/\/qingdaohf.com\/bg\/#\/schema\/logo\/image\/"},"sameAs":["https:\/\/www.facebook.com\/qingdaohf"]}]}},"_links":{"self":[{"href":"https:\/\/qingdaohf.com\/fi\/wp-json\/wp\/v2\/product\/8109","targetHints":{"allow":["GET"]}}],"collection":[{"href":"https:\/\/qingdaohf.com\/fi\/wp-json\/wp\/v2\/product"}],"about":[{"href":"https:\/\/qingdaohf.com\/fi\/wp-json\/wp\/v2\/types\/product"}],"replies":[{"embeddable":true,"href":"https:\/\/qingdaohf.com\/fi\/wp-json\/wp\/v2\/comments?post=8109"}],"version-history":[{"count":1,"href":"https:\/\/qingdaohf.com\/fi\/wp-json\/wp\/v2\/product\/8109\/revisions"}],"predecessor-version":[{"id":8114,"href":"https:\/\/qingdaohf.com\/fi\/wp-json\/wp\/v2\/product\/8109\/revisions\/8114"}],"wp:featuredmedia":[{"embeddable":true,"href":"https:\/\/qingdaohf.com\/fi\/wp-json\/wp\/v2\/media\/8112"}],"wp:attachment":[{"href":"https:\/\/qingdaohf.com\/fi\/wp-json\/wp\/v2\/media?parent=8109"}],"wp:term":[{"taxonomy":"product_brand","embeddable":true,"href":"https:\/\/qingdaohf.com\/fi\/wp-json\/wp\/v2\/product_brand?post=8109"},{"taxonomy":"product_cat","embeddable":true,"href":"https:\/\/qingdaohf.com\/fi\/wp-json\/wp\/v2\/product_cat?post=8109"},{"taxonomy":"product_tag","embeddable":true,"href":"https:\/\/qingdaohf.com\/fi\/wp-json\/wp\/v2\/product_tag?post=8109"}],"curies":[{"name":"wp","href":"https:\/\/api.w.org\/{rel}","templated":true}]}}