{"id":8119,"date":"2024-10-24T17:32:24","date_gmt":"2024-10-24T09:32:24","guid":{"rendered":"http:\/\/qingdaohf.com\/?post_type=product&#038;p=8119"},"modified":"2025-11-13T09:02:55","modified_gmt":"2025-11-13T01:02:55","slug":"6x36-wire-rope","status":"publish","type":"product","link":"https:\/\/qingdaohf.com\/fi\/tuote\/6x36-vaijeri\/","title":{"rendered":"6\u00d736 vaijeri"},"content":{"rendered":"<h3>Yleiskatsaus 6\u00d736 vaijerirakenteeseen<\/h3>\n<p>6\u00d736- vaijeri on tunnettu ainutlaatuisesta rakenteestaan, jossa yhdistyv\u00e4t lujuus, kest\u00e4vyys ja joustavuus. T\u00e4ss\u00e4 k\u00f6ydess\u00e4 on 6 s\u00e4iett\u00e4, joista kukin sis\u00e4lt\u00e4\u00e4 36 yksitt\u00e4ist\u00e4 lankaa, mik\u00e4 luo tiiviin mutta mukautuvan kokoonpanon. Sen rakenne tarjoaa hienomman tasapainon joustavuuden ja lujuuden v\u00e4lill\u00e4 kuin jotkut muut vaijerit, kuten 6\u00d719-vaihtoehto. Suunnittelun ansiosta k\u00f6ysi kest\u00e4\u00e4 toistuvia taivutuksia ja liikkeit\u00e4 ilman, ett\u00e4 sen rakenteellinen eheys k\u00e4rsii, joten se on ensisijainen valinta teollisuudenaloille, jotka tarvitsevat luotettavia nosto-, nosto- ja takilointimahdollisuuksia.<\/p>\n<p>Korkeahiiliter\u00e4ksest\u00e4 valmistettu 6\u00d736- vaijeri on suunniteltu kest\u00e4m\u00e4\u00e4n kovia olosuhteita s\u00e4ilytt\u00e4en samalla ydinlujuutensa. T\u00e4m\u00e4 korkealaatuinen materiaali parantaa k\u00f6yden kulutuskest\u00e4vyytt\u00e4, korroosiota ja kulumista, joten se soveltuu erilaisiin vaativiin ymp\u00e4rist\u00f6ihin. Ter\u00e4ss\u00e4ikeet on j\u00e4rjestetty huolellisesti tasaisen kuormituksen jakautumisen varmistamiseksi, mink\u00e4 ansiosta vaijeri kest\u00e4\u00e4 suuria painoja ja haastavia k\u00e4ytt\u00f6olosuhteita.<\/p>\n<h3>Yleiset 6\u00d736 vaijerin koot<\/h3>\n<p>Vaijerin koon valinta vaikuttaa suoraan sen lujuuteen, joustavuuteen ja soveltuvuuteen eri sovelluksiin. 6\u00d736- vaijeria on saatavana eri kokoja, mik\u00e4 mahdollistaa tarkan r\u00e4\u00e4t\u00e4l\u00f6innin eri teollisuudenalojen erityistarpeiden t\u00e4ytt\u00e4miseksi aina rakentamisesta merenkulkuun.<\/p>\n<p>3\/16 tuuman 6\u00d736 vaijeri on monipuolinen vaihtoehto, jossa joustavuus ja lujuus ovat tasapainossa. T\u00e4t\u00e4 kokoa k\u00e4ytet\u00e4\u00e4n usein kevyemmiss\u00e4 sovelluksissa, joissa tilanpuute on tekij\u00e4, kuten pienimuotoisessa takiloinnissa tai valvotuissa nostoteht\u00e4viss\u00e4. Sen pienen halkaisijan ansiosta sit\u00e4 on helppo liikutella, mutta se tarjoaa silti luotettavan vetolujuuden kohtalaisille kuormille.<\/p>\n<p>Sovelluksissa, jotka vaativat tukevampaa vaihtoehtoa, 1\/4 tuuman 6\u00d736- vaijeri tarjoaa suuremman lujuuden ilman, ett\u00e4 joustavuus k\u00e4rsii liikaa. T\u00e4m\u00e4 koko valitaan usein k\u00e4ytt\u00f6tarkoituksiin, kuten kuormien nostamiseen ja kiinnitt\u00e4miseen rakennus- tai kuljetusymp\u00e4rist\u00f6iss\u00e4. Se soveltuu hyvin my\u00f6s vinssit\u00f6ihin, joissa lujuuden ja helppok\u00e4ytt\u00f6isyyden yhdistelm\u00e4 on ratkaiseva tehokkaan toiminnan kannalta.<\/p>\n<p>5\/16 tuuman 6 \u00d7 36 vaijeri on kest\u00e4v\u00e4mpi valinta, joka tarjoaa paremmat kantavuusominaisuudet intensiivisempiin teht\u00e4viin. T\u00e4m\u00e4 koko on ihanteellinen raskaisiin sovelluksiin, kuten teollisuusnostureihin, nostureihin ja merenkulun takiloihin. Paksumman halkaisijansa ansiosta se kest\u00e4\u00e4 suurempia j\u00e4nnityksi\u00e4 ja rasituksia, joten se soveltuu ymp\u00e4rist\u00f6ihin, joissa sek\u00e4 lujuus ett\u00e4 kest\u00e4vyys ovat v\u00e4ltt\u00e4m\u00e4tt\u00f6mi\u00e4.<\/p>\n<p>Jos tarvitset viel\u00e4 suurempaa lujuutta, 3\/8 tuuman 6\u00d736- vaijeri voi tarjota merkitt\u00e4v\u00e4\u00e4 tukea vaativiin projekteihin. Se soveltuu hyvin suuriin rakennushankkeisiin ja teollisuusk\u00e4ytt\u00f6\u00f6n, jossa tarvitaan suurta kantavuutta. Paksummasta halkaisijasta huolimatta 3\/8 tuuman koko s\u00e4ilytt\u00e4\u00e4 joustavuuden, jota tarvitaan tietyiss\u00e4 taivutussovelluksissa, mik\u00e4 varmistaa, ett\u00e4 se toimii tehokkaasti my\u00f6s dynaamisissa olosuhteissa.<\/p>\n<h3>Ydintyypit: FC, IWS ja IWRC 6\u00d736 vaijerissa.<\/h3>\n<p>Vaijerin ydin on elint\u00e4rke\u00e4 osa, joka m\u00e4\u00e4ritt\u00e4\u00e4 sen joustavuuden, lujuuden ja soveltuvuuden eri sovelluksiin. 6\u00d736- vaijeria on saatavana kolmea ydintyyppi\u00e4: Kuituydin (FC), itsen\u00e4inen vaijerilankaydin (IWS) ja itsen\u00e4inen vaijerik\u00f6ysiydin (IWRC), joista kullakin on omat etunsa eri k\u00e4ytt\u00f6tarkoituksiin.<\/p>\n<p>Kuituydin (FC) on 6\u00d736- vaijerin joustavin ydinvaihtoehto. T\u00e4m\u00e4 ydin on valmistettu synteettisist\u00e4 tai luonnollisista kuiduista, ja sen ydinrakenne on pehme\u00e4mpi ja taipuisampi. FC-vaihtoehto on erityisen edullinen tilanteissa, joissa vaijerin on liikuttava usein hihnapy\u00f6rien ja kiekkojen ymp\u00e4rill\u00e4, koska sen joustavuus minimoi sek\u00e4 vaijerin ett\u00e4 koneiston kulumisen. Pehme\u00e4mpi ydin tarkoittaa kuitenkin sit\u00e4, ett\u00e4 sen lujuus on hieman pienempi kuin ter\u00e4sytimill\u00e4 varustettujen vaihtoehtojen, joten se soveltuu paremmin kevyempiin teht\u00e4viin, joissa joustavuus on t\u00e4rke\u00e4mp\u00e4\u00e4 kuin maksimaalinen kuormituskapasiteetti.<\/p>\n<p>Independent Wire Strand Core (IWS) tarjoaa tasapainon lujuuden ja joustavuuden v\u00e4lill\u00e4. IWS-ydin koostuu erillisest\u00e4 vaijerilangasta, joka antaa rakenteellista lis\u00e4tukea ja lis\u00e4\u00e4 vaijerin kest\u00e4vyytt\u00e4 ja vetolujuutta. T\u00e4m\u00e4 ydintyyppi soveltuu hyvin keskiraskaisiin sovelluksiin, joissa vaaditaan kohtalaista taivutusta ja liikett\u00e4, kuten pienemmiss\u00e4 nostureissa tai keskikokoisissa nostolaitteissa. IWS-ydin varmistaa, ett\u00e4 k\u00f6ysi s\u00e4ilytt\u00e4\u00e4 muotonsa kuormituksessa, joten se on luotettava valinta teht\u00e4viin, joissa tarvitaan hieman enemm\u00e4n kest\u00e4vyytt\u00e4 ilman, ett\u00e4 jouston joustavuus k\u00e4rsii liikaa.<\/p>\n<p>Niille, jotka etsiv\u00e4t maksimaalista lujuutta, riippumaton vaijeriydin (IWRC) tarjoaa ydintyypeist\u00e4 parhaan kest\u00e4vyyden. IWRC on valmistettu erillisest\u00e4 vaijerista, joka lis\u00e4\u00e4 6\u00d736-vaijerin kokonaislujuutta, joten se sopii erinomaisesti raskaisiin sovelluksiin. T\u00e4t\u00e4 ydintyyppi\u00e4 k\u00e4ytet\u00e4\u00e4n yleisesti ymp\u00e4rist\u00f6iss\u00e4, joissa suuri vetolujuus on kriittinen, kuten suurissa rakennusnostureissa, teollisuuden nostimissa ja merenkulun toiminnoissa, kuten hinauksessa ja kiinnityksess\u00e4. Vaikka IWRC-ydin ei ole yht\u00e4 joustava kuin FC- tai IWS-ydin, sen kyky k\u00e4sitell\u00e4 raskaita kuormia ja kest\u00e4\u00e4 muodonmuutoksia rasituksessa tekee siit\u00e4 ensisijaisen vaihtoehdon kovissa k\u00e4ytt\u00f6olosuhteissa.<\/p>\n<h3>6\u00d736 vaijerin sovellukset ja edut<\/h3>\n<p>6\u00d736- vaijerin ainutlaatuinen muotoilu ja monipuolisuus tekev\u00e4t siit\u00e4 t\u00e4rke\u00e4n valinnan monilla teollisuudenaloilla. Sen kyky yhdist\u00e4\u00e4 lujuus ja joustavuus varmistaa, ett\u00e4 se mukautuu erilaisiin sovelluksiin ja tarjoaa samalla tasaisen suorituskyvyn. T\u00e4m\u00e4 tekee siit\u00e4 eritt\u00e4in tehokkaan ty\u00f6kalun esimerkiksi nosto-, nosto- ja takilointiteht\u00e4viss\u00e4, joissa tarkkuus ja kest\u00e4vyys ovat avainasemassa.<\/p>\n<p>Rakennusteollisuudessa 6\u00d736- vaijerilla on ratkaiseva merkitys nostureita, nostimia ja muita raskaita nostolaitteita koskevissa toiminnoissa. Sen rakenne mahdollistaa tasaisen toiminnan kiekkojen ja hihnapy\u00f6rien yli, mik\u00e4 minimoi kulumista ja pident\u00e4\u00e4 k\u00f6yden k\u00e4ytt\u00f6ik\u00e4\u00e4. Eri ydinvaihtoehtojen saatavuus tarkoittaa, ett\u00e4 k\u00e4ytt\u00e4j\u00e4t voivat valita ihanteellisen kokoonpanon kunkin projektin erityisvaatimuksia varten, olipa kyseess\u00e4 sitten joustavuuden korostaminen FC-ytimen avulla tai IWRC-ytimen lujuuden valitseminen.<\/p>\n<p>My\u00f6s merenkulkusovellukset hy\u00f6tyv\u00e4t merkitt\u00e4v\u00e4sti 6\u00d736-merkkisen vaijerin k\u00e4yt\u00f6st\u00e4. Sen kulutuskest\u00e4vyys ja kyky kest\u00e4\u00e4 haastavia ymp\u00e4rist\u00f6j\u00e4 tekev\u00e4t siit\u00e4 sopivan merenkulun teht\u00e4viin, kuten kiinnitykseen, hinaukseen ja kalastukseen. Erityisesti IWRC-ydin on n\u00e4iss\u00e4 teht\u00e4viss\u00e4 edullinen, koska se pystyy k\u00e4sittelem\u00e4\u00e4n dynaamisia kuormituksia, joita esiintyy kovassa merenk\u00e4ynniss\u00e4 ja vaihtelevissa olosuhteissa. Lis\u00e4ksi k\u00f6yden runsashiiliter\u00e4srakenne takaa, ett\u00e4 se kest\u00e4\u00e4 suolavedelle altistumisen sy\u00f6vytt\u00e4v\u00e4t vaikutukset, mik\u00e4 takaa pitk\u00e4aikaisen luotettavuuden merenkulkuteht\u00e4viss\u00e4.<\/p>\n<p>Kuljetus- ja logistiikka-alalla 6\u00d736 vaijeria k\u00e4ytet\u00e4\u00e4n kuormien kiinnitt\u00e4miseen, raskaiden materiaalien nostamiseen ja erilaisten nostomekanismien tukemiseen. Tasapainotetun rakenteensa ansiosta se pystyy k\u00e4sittelem\u00e4\u00e4n sek\u00e4 staattisia ett\u00e4 dynaamisia kuormia ja tarjoaa tarvittavan lujuuden turvallisten yhteyksien yll\u00e4pit\u00e4miseen ilman liiallista rasitusta. T\u00e4m\u00e4 monipuolisuus tarkoittaa, ett\u00e4 sit\u00e4 voidaan k\u00e4ytt\u00e4\u00e4 useissa kuljetussovelluksissa, kuten lastin kiinnitt\u00e4misess\u00e4 laivoissa ja tavaroiden lastaamisessa ja purkamisessa varastoissa.<\/p>\n<p>Valitsemalla oikean ytimen ja koon 6\u00d736- vaijerille yritykset voivat optimoida toimintansa ja varmistaa, ett\u00e4 ne saavuttavat ihanteellisen yhdistelm\u00e4n joustavuutta, lujuutta ja kest\u00e4vyytt\u00e4 erityistarpeisiinsa. Ymm\u00e4rt\u00e4m\u00e4ll\u00e4 kunkin ydintyypin ominaisuudet ja eri kokojen vaikutukset k\u00e4ytt\u00e4j\u00e4t voivat tehd\u00e4 tietoon perustuvia p\u00e4\u00e4t\u00f6ksi\u00e4, jotka maksimoivat turvallisuuden ja tehokkuuden projekteissaan. Vankan rakenteensa ja mukautuvan luonteensa ansiosta 6\u00d736-merkkinen vaijeri on edelleen ensisijainen valinta niille, jotka etsiv\u00e4t luotettavuutta ja suorituskyky\u00e4 teollisuus-, merenkulku- ja rakennust\u00f6iss\u00e4\u00e4n.<\/p>","protected":false},"excerpt":{"rendered":"<p>6\u00d736 vaijeri on eritt\u00e4in luja, joustava ter\u00e4svaijeri, joka koostuu 6 s\u00e4ikeest\u00e4, joissa kussakin on 36 lankaa. Se on tunnettu kest\u00e4vyyden ja joustavuuden tasapainosta, joten se soveltuu vaativiin sovelluksiin, kuten nostoihin, takilointiin ja merenkulkuun. 6\u00d736- vaijeri on yleens\u00e4 saatavana koossa 3\/16 tuumaa, 1\/4 tuumaa ja 5\/16 tuumaa, ja se on yleens\u00e4 valmistettu runsashiilisest\u00e4 ter\u00e4ksest\u00e4. Se on saatavana eri ydinvaihtoehdoilla, kuten Fiber Core (FC), Independent Wire Strand Core (IWS) ja Independent Wire Rope Core (IWRC), jotka mahdollistavat r\u00e4\u00e4t\u00e4l\u00f6idyn suorituskyvyn erityistarpeiden mukaan.<\/p>","protected":false},"featured_media":8117,"comment_status":"open","ping_status":"closed","template":"","meta":{"site-sidebar-layout":"default","site-content-layout":"","ast-site-content-layout":"default","site-content-style":"default","site-sidebar-style":"default","ast-global-header-display":"","ast-banner-title-visibility":"","ast-main-header-display":"","ast-hfb-above-header-display":"","ast-hfb-below-header-display":"","ast-hfb-mobile-header-display":"","site-post-title":"","ast-breadcrumbs-content":"","ast-featured-img":"","footer-sml-layout":"","theme-transparent-header-meta":"default","adv-header-id-meta":"","stick-header-meta":"default","header-above-stick-meta":"","header-main-stick-meta":"","header-below-stick-meta":"","astra-migrate-meta-layouts":"set","ast-page-background-enabled":"default","ast-page-background-meta":{"desktop":{"background-color":"","background-image":"","background-repeat":"repeat","background-position":"center center","background-size":"auto","background-attachment":"scroll","background-type":"","background-media":"","overlay-type":"","overlay-color":"","overlay-opacity":"","overlay-gradient":""},"tablet":{"background-color":"","background-image":"","background-repeat":"repeat","background-position":"center center","background-size":"auto","background-attachment":"scroll","background-type":"","background-media":"","overlay-type":"","overlay-color":"","overlay-opacity":"","overlay-gradient":""},"mobile":{"background-color":"","background-image":"","background-repeat":"repeat","background-position":"center center","background-size":"auto","background-attachment":"scroll","background-type":"","background-media":"","overlay-type":"","overlay-color":"","overlay-opacity":"","overlay-gradient":""}},"ast-content-background-meta":{"desktop":{"background-color":"var(--ast-global-color-5)","background-image":"","background-repeat":"repeat","background-position":"center center","background-size":"auto","background-attachment":"scroll","background-type":"","background-media":"","overlay-type":"","overlay-color":"","overlay-opacity":"","overlay-gradient":""},"tablet":{"background-color":"var(--ast-global-color-5)","background-image":"","background-repeat":"repeat","background-position":"center center","background-size":"auto","background-attachment":"scroll","background-type":"","background-media":"","overlay-type":"","overlay-color":"","overlay-opacity":"","overlay-gradient":""},"mobile":{"background-color":"var(--ast-global-color-5)","background-image":"","background-repeat":"repeat","background-position":"center center","background-size":"auto","background-attachment":"scroll","background-type":"","background-media":"","overlay-type":"","overlay-color":"","overlay-opacity":"","overlay-gradient":""}}},"product_brand":[],"product_cat":[37],"product_tag":[89],"class_list":{"0":"post-8119","1":"product","2":"type-product","3":"status-publish","4":"has-post-thumbnail","6":"product_cat-wire-rope","7":"product_tag-wire-rope","8":"desktop-align-left","9":"tablet-align-left","10":"mobile-align-left","11":"ast-product-gallery-layout-horizontal-slider","12":"ast-product-tabs-layout-horizontal","14":"first","15":"instock","16":"shipping-taxable","17":"purchasable","18":"product-type-simple"},"yoast_head":"<!-- This site is optimized with the Yoast SEO plugin v25.2 - https:\/\/yoast.com\/wordpress\/plugins\/seo\/ -->\n<title>6x36 Wire Rope<\/title>\n<meta name=\"description\" content=\"The 6x36 wire rope is a high-strength, flexible steel wire rope consisting of 6 strands, each containing 36 wires.\" \/>\n<meta name=\"robots\" content=\"index, follow, max-snippet:-1, max-image-preview:large, max-video-preview:-1\" \/>\n<link rel=\"canonical\" href=\"https:\/\/qingdaohf.com\/fi\/tuote\/6x36-vaijeri\/\" \/>\n<meta property=\"og:locale\" content=\"fi_FI\" \/>\n<meta property=\"og:type\" content=\"article\" \/>\n<meta property=\"og:title\" content=\"6x36 Wire Rope\" \/>\n<meta property=\"og:description\" content=\"The 6x36 wire rope is a high-strength, flexible steel wire rope consisting of 6 strands, each containing 36 wires.\" \/>\n<meta property=\"og:url\" content=\"https:\/\/qingdaohf.com\/fi\/tuote\/6x36-vaijeri\/\" \/>\n<meta property=\"og:site_name\" content=\"Concrete Form &amp; Rigging Hardware Supplier\" \/>\n<meta property=\"article:publisher\" content=\"https:\/\/www.facebook.com\/qingdaohf\" \/>\n<meta property=\"article:modified_time\" content=\"2025-11-13T01:02:55+00:00\" \/>\n<meta property=\"og:image\" content=\"https:\/\/qingdaohf.com\/wp-content\/uploads\/2024\/10\/6x36-IWRC-Bright-Wire-Rope.webp\" \/>\n\t<meta property=\"og:image:width\" content=\"744\" \/>\n\t<meta property=\"og:image:height\" content=\"744\" \/>\n\t<meta property=\"og:image:type\" content=\"image\/webp\" \/>\n<meta name=\"twitter:card\" content=\"summary_large_image\" \/>\n<meta name=\"twitter:label1\" content=\"Arvioitu lukuaika\" \/>\n\t<meta name=\"twitter:data1\" content=\"6 minuuttia\" \/>\n<script type=\"application\/ld+json\" class=\"yoast-schema-graph\">{\"@context\":\"https:\/\/schema.org\",\"@graph\":[{\"@type\":\"WebPage\",\"@id\":\"https:\/\/qingdaohf.com\/product\/6x36-wire-rope\/\",\"url\":\"https:\/\/qingdaohf.com\/product\/6x36-wire-rope\/\",\"name\":\"6x36 Wire Rope\",\"isPartOf\":{\"@id\":\"https:\/\/qingdaohf.com\/bg\/#website\"},\"primaryImageOfPage\":{\"@id\":\"https:\/\/qingdaohf.com\/product\/6x36-wire-rope\/#primaryimage\"},\"image\":{\"@id\":\"https:\/\/qingdaohf.com\/product\/6x36-wire-rope\/#primaryimage\"},\"thumbnailUrl\":\"https:\/\/qingdaohf.com\/wp-content\/uploads\/2024\/10\/6x36-IWRC-Bright-Wire-Rope.webp\",\"datePublished\":\"2024-10-24T09:32:24+00:00\",\"dateModified\":\"2025-11-13T01:02:55+00:00\",\"description\":\"The 6x36 wire rope is a high-strength, flexible steel wire rope consisting of 6 strands, each containing 36 wires.\",\"breadcrumb\":{\"@id\":\"https:\/\/qingdaohf.com\/product\/6x36-wire-rope\/#breadcrumb\"},\"inLanguage\":\"fi\",\"potentialAction\":[{\"@type\":\"ReadAction\",\"target\":[\"https:\/\/qingdaohf.com\/product\/6x36-wire-rope\/\"]}]},{\"@type\":\"ImageObject\",\"inLanguage\":\"fi\",\"@id\":\"https:\/\/qingdaohf.com\/product\/6x36-wire-rope\/#primaryimage\",\"url\":\"https:\/\/qingdaohf.com\/wp-content\/uploads\/2024\/10\/6x36-IWRC-Bright-Wire-Rope.webp\",\"contentUrl\":\"https:\/\/qingdaohf.com\/wp-content\/uploads\/2024\/10\/6x36-IWRC-Bright-Wire-Rope.webp\",\"width\":744,\"height\":744,\"caption\":\"6x36 IWRC Wire Rope\"},{\"@type\":\"BreadcrumbList\",\"@id\":\"https:\/\/qingdaohf.com\/product\/6x36-wire-rope\/#breadcrumb\",\"itemListElement\":[{\"@type\":\"ListItem\",\"position\":1,\"name\":\"Home\",\"item\":\"https:\/\/qingdaohf.com\/\"},{\"@type\":\"ListItem\",\"position\":2,\"name\":\"Concrete Forming Accessories and Rigging Hardware\",\"item\":\"https:\/\/qingdaohf.com\/bg\/?page_id=944\"},{\"@type\":\"ListItem\",\"position\":3,\"name\":\"6&#215;36 Wire Rope\"}]},{\"@type\":\"WebSite\",\"@id\":\"https:\/\/qingdaohf.com\/bg\/#website\",\"url\":\"https:\/\/qingdaohf.com\/bg\/\",\"name\":\"Concrete Form & Rigging Hardware Supplier\",\"description\":\"\",\"publisher\":{\"@id\":\"https:\/\/qingdaohf.com\/bg\/#organization\"},\"potentialAction\":[{\"@type\":\"SearchAction\",\"target\":{\"@type\":\"EntryPoint\",\"urlTemplate\":\"https:\/\/qingdaohf.com\/bg\/?s={search_term_string}\"},\"query-input\":{\"@type\":\"PropertyValueSpecification\",\"valueRequired\":true,\"valueName\":\"search_term_string\"}}],\"inLanguage\":\"fi\"},{\"@type\":\"Organization\",\"@id\":\"https:\/\/qingdaohf.com\/bg\/#organization\",\"name\":\"Qingdao H&F\",\"url\":\"https:\/\/qingdaohf.com\/bg\/\",\"logo\":{\"@type\":\"ImageObject\",\"inLanguage\":\"fi\",\"@id\":\"https:\/\/qingdaohf.com\/bg\/#\/schema\/logo\/image\/\",\"url\":\"https:\/\/qingdaohf.com\/wp-content\/uploads\/2022\/12\/cropped-HF-LOGO.png\",\"contentUrl\":\"https:\/\/qingdaohf.com\/wp-content\/uploads\/2022\/12\/cropped-HF-LOGO.png\",\"width\":391,\"height\":249,\"caption\":\"Qingdao H&F\"},\"image\":{\"@id\":\"https:\/\/qingdaohf.com\/bg\/#\/schema\/logo\/image\/\"},\"sameAs\":[\"https:\/\/www.facebook.com\/qingdaohf\"]}]}<\/script>\n<!-- \/ Yoast SEO plugin. -->","yoast_head_json":{"title":"6x36 Wire Rope","description":"The 6x36 wire rope is a high-strength, flexible steel wire rope consisting of 6 strands, each containing 36 wires.","robots":{"index":"index","follow":"follow","max-snippet":"max-snippet:-1","max-image-preview":"max-image-preview:large","max-video-preview":"max-video-preview:-1"},"canonical":"https:\/\/qingdaohf.com\/fi\/tuote\/6x36-vaijeri\/","og_locale":"fi_FI","og_type":"article","og_title":"6x36 Wire Rope","og_description":"The 6x36 wire rope is a high-strength, flexible steel wire rope consisting of 6 strands, each containing 36 wires.","og_url":"https:\/\/qingdaohf.com\/fi\/tuote\/6x36-vaijeri\/","og_site_name":"Concrete Form &amp; Rigging Hardware Supplier","article_publisher":"https:\/\/www.facebook.com\/qingdaohf","article_modified_time":"2025-11-13T01:02:55+00:00","og_image":[{"width":744,"height":744,"url":"https:\/\/qingdaohf.com\/wp-content\/uploads\/2024\/10\/6x36-IWRC-Bright-Wire-Rope.webp","type":"image\/webp"}],"twitter_card":"summary_large_image","twitter_misc":{"Arvioitu lukuaika":"6 minuuttia"},"schema":{"@context":"https:\/\/schema.org","@graph":[{"@type":"WebPage","@id":"https:\/\/qingdaohf.com\/product\/6x36-wire-rope\/","url":"https:\/\/qingdaohf.com\/product\/6x36-wire-rope\/","name":"6x36 Wire Rope","isPartOf":{"@id":"https:\/\/qingdaohf.com\/bg\/#website"},"primaryImageOfPage":{"@id":"https:\/\/qingdaohf.com\/product\/6x36-wire-rope\/#primaryimage"},"image":{"@id":"https:\/\/qingdaohf.com\/product\/6x36-wire-rope\/#primaryimage"},"thumbnailUrl":"https:\/\/qingdaohf.com\/wp-content\/uploads\/2024\/10\/6x36-IWRC-Bright-Wire-Rope.webp","datePublished":"2024-10-24T09:32:24+00:00","dateModified":"2025-11-13T01:02:55+00:00","description":"The 6x36 wire rope is a high-strength, flexible steel wire rope consisting of 6 strands, each containing 36 wires.","breadcrumb":{"@id":"https:\/\/qingdaohf.com\/product\/6x36-wire-rope\/#breadcrumb"},"inLanguage":"fi","potentialAction":[{"@type":"ReadAction","target":["https:\/\/qingdaohf.com\/product\/6x36-wire-rope\/"]}]},{"@type":"ImageObject","inLanguage":"fi","@id":"https:\/\/qingdaohf.com\/product\/6x36-wire-rope\/#primaryimage","url":"https:\/\/qingdaohf.com\/wp-content\/uploads\/2024\/10\/6x36-IWRC-Bright-Wire-Rope.webp","contentUrl":"https:\/\/qingdaohf.com\/wp-content\/uploads\/2024\/10\/6x36-IWRC-Bright-Wire-Rope.webp","width":744,"height":744,"caption":"6x36 IWRC Wire Rope"},{"@type":"BreadcrumbList","@id":"https:\/\/qingdaohf.com\/product\/6x36-wire-rope\/#breadcrumb","itemListElement":[{"@type":"ListItem","position":1,"name":"Home","item":"https:\/\/qingdaohf.com\/"},{"@type":"ListItem","position":2,"name":"Concrete Forming Accessories and Rigging Hardware","item":"https:\/\/qingdaohf.com\/bg\/?page_id=944"},{"@type":"ListItem","position":3,"name":"6&#215;36 Wire Rope"}]},{"@type":"WebSite","@id":"https:\/\/qingdaohf.com\/bg\/#website","url":"https:\/\/qingdaohf.com\/bg\/","name":"Concrete Form & Rigging Hardware Supplier","description":"","publisher":{"@id":"https:\/\/qingdaohf.com\/bg\/#organization"},"potentialAction":[{"@type":"SearchAction","target":{"@type":"EntryPoint","urlTemplate":"https:\/\/qingdaohf.com\/bg\/?s={search_term_string}"},"query-input":{"@type":"PropertyValueSpecification","valueRequired":true,"valueName":"search_term_string"}}],"inLanguage":"fi"},{"@type":"Organization","@id":"https:\/\/qingdaohf.com\/bg\/#organization","name":"Qingdao H&F","url":"https:\/\/qingdaohf.com\/bg\/","logo":{"@type":"ImageObject","inLanguage":"fi","@id":"https:\/\/qingdaohf.com\/bg\/#\/schema\/logo\/image\/","url":"https:\/\/qingdaohf.com\/wp-content\/uploads\/2022\/12\/cropped-HF-LOGO.png","contentUrl":"https:\/\/qingdaohf.com\/wp-content\/uploads\/2022\/12\/cropped-HF-LOGO.png","width":391,"height":249,"caption":"Qingdao H&F"},"image":{"@id":"https:\/\/qingdaohf.com\/bg\/#\/schema\/logo\/image\/"},"sameAs":["https:\/\/www.facebook.com\/qingdaohf"]}]}},"_links":{"self":[{"href":"https:\/\/qingdaohf.com\/fi\/wp-json\/wp\/v2\/product\/8119","targetHints":{"allow":["GET"]}}],"collection":[{"href":"https:\/\/qingdaohf.com\/fi\/wp-json\/wp\/v2\/product"}],"about":[{"href":"https:\/\/qingdaohf.com\/fi\/wp-json\/wp\/v2\/types\/product"}],"replies":[{"embeddable":true,"href":"https:\/\/qingdaohf.com\/fi\/wp-json\/wp\/v2\/comments?post=8119"}],"version-history":[{"count":1,"href":"https:\/\/qingdaohf.com\/fi\/wp-json\/wp\/v2\/product\/8119\/revisions"}],"predecessor-version":[{"id":8120,"href":"https:\/\/qingdaohf.com\/fi\/wp-json\/wp\/v2\/product\/8119\/revisions\/8120"}],"wp:featuredmedia":[{"embeddable":true,"href":"https:\/\/qingdaohf.com\/fi\/wp-json\/wp\/v2\/media\/8117"}],"wp:attachment":[{"href":"https:\/\/qingdaohf.com\/fi\/wp-json\/wp\/v2\/media?parent=8119"}],"wp:term":[{"taxonomy":"product_brand","embeddable":true,"href":"https:\/\/qingdaohf.com\/fi\/wp-json\/wp\/v2\/product_brand?post=8119"},{"taxonomy":"product_cat","embeddable":true,"href":"https:\/\/qingdaohf.com\/fi\/wp-json\/wp\/v2\/product_cat?post=8119"},{"taxonomy":"product_tag","embeddable":true,"href":"https:\/\/qingdaohf.com\/fi\/wp-json\/wp\/v2\/product_tag?post=8119"}],"curies":[{"name":"wp","href":"https:\/\/api.w.org\/{rel}","templated":true}]}}