{"id":8125,"date":"2024-10-24T17:39:48","date_gmt":"2024-10-24T09:39:48","guid":{"rendered":"http:\/\/qingdaohf.com\/?post_type=product&#038;p=8125"},"modified":"2025-11-13T09:02:55","modified_gmt":"2025-11-13T01:02:55","slug":"6x37-wire-rope","status":"publish","type":"product","link":"https:\/\/qingdaohf.com\/fi\/tuote\/6x37-vaijeri\/","title":{"rendered":"6\u00d737 vaijeri"},"content":{"rendered":"<h3><strong>Mik\u00e4 on 6X37 vaijeri<\/strong><\/h3>\n<p>6X37- vaijeri on monipuolinen ja laajalti k\u00e4ytetty vaijerityyppi, jolle on ominaista, ett\u00e4 se koostuu kuudesta s\u00e4ikeest\u00e4, joista kukin koostuu 37 yksitt\u00e4isest\u00e4 langasta. T\u00e4m\u00e4n koostumuksen ansiosta vaijeri on joustavampi kuin muut vaijerityypit, kuten 6X19, joten se soveltuu erinomaisesti sovelluksiin, joissa taivutus ja joustavuus ovat t\u00e4rkeit\u00e4. 6X37-rakenteen ansiosta k\u00f6ysi kest\u00e4\u00e4 toistuvaa taivutusta hihnapy\u00f6rien yli, mik\u00e4 parantaa sen v\u00e4symiskest\u00e4vyytt\u00e4. Lujuuden ja joustavuuden yhdistelm\u00e4n ansiosta 6X37- vaijeria k\u00e4ytet\u00e4\u00e4n usein esimerkiksi rakennus-, merenkulku- ja kaivosteollisuudessa.<\/p>\n<p>K\u00f6ysi on yleens\u00e4 valmistettu runsashiilisest\u00e4 ter\u00e4ksest\u00e4, joka tunnetaan lujuudestaan ja kest\u00e4vyydest\u00e4\u00e4n. Joitakin muunnelmia voidaan valmistaa my\u00f6s ruostumattomasta ter\u00e4ksest\u00e4 tai sinkityst\u00e4 ter\u00e4ksest\u00e4 sovelluksesta riippuen. Ruostumaton ter\u00e4s tarjoaa paremman korroosionkest\u00e4vyyden erityisesti meriymp\u00e4rist\u00f6iss\u00e4, kun taas sinkitty ter\u00e4s tarjoaa kohtuullisen ruostesuojan edullisempaan hintaan.<\/p>\n<h3><strong>6X37-k\u00f6yden yleiset koot ja ytimet<\/strong><\/h3>\n<p>Vaijeria mitataan usein sen halkaisijan mukaan, ja 6X37-tyyppi\u00e4 on saatavana useissa eri kokoluokissa, jotka soveltuvat eri sovelluksiin. Esimerkiksi kevyempiin sovelluksiin voi soveltua 1\/16 tuuman 6X37- vaijeri. T\u00e4t\u00e4 kokoa k\u00e4ytet\u00e4\u00e4n usein kohteissa, joissa tarvitaan vain v\u00e4h\u00e4n kuormitusta, mutta joustavuutta ja kulutuskest\u00e4vyytt\u00e4, kuten pienimuotoisissa nostot\u00f6iss\u00e4 tai kevyiss\u00e4 hihnapy\u00f6r\u00e4j\u00e4rjestelmiss\u00e4. Jos kokoa kasvatetaan, 3\/32 tuuman 6X37-k\u00f6ytt\u00e4 k\u00e4ytet\u00e4\u00e4n yleens\u00e4 ymp\u00e4rist\u00f6iss\u00e4, joissa vaaditaan hieman suurempaa kantavuutta joustavuudesta tinkim\u00e4tt\u00e4. Sit\u00e4 saatetaan k\u00e4ytt\u00e4\u00e4 telineiss\u00e4 tai kevyiss\u00e4 takilointitoiminnoissa.<\/p>\n<p>Halkaisijan kasvaessa my\u00f6s vaijerin kantavuus kasvaa. Esimerkiksi 1\/8 tuuman 6X37- vaijeri kest\u00e4\u00e4 kohtalaisia kuormia, ja sit\u00e4 k\u00e4ytet\u00e4\u00e4n usein teollisuuden nostoteht\u00e4viss\u00e4, nostosovelluksissa ja hissij\u00e4rjestelmiss\u00e4. Raskaampia sovelluksia varten 5\/32 tuuman 6X37-k\u00f6ysi tarjoaa merkitt\u00e4v\u00e4n lujuuden s\u00e4ilytt\u00e4en samalla joustavuuden, joten se sopii erinomaisesti k\u00e4ytett\u00e4v\u00e4ksi nostureissa, vinttureissa tai ruoppauslaitteissa.<\/p>\n<p><img fetchpriority=\"high\" decoding=\"async\" class=\"alignnone size-full wp-image-8129\" src=\"http:\/\/qingdaohf.com\/wp-content\/uploads\/2024\/10\/6X37-wire-rope.webp\" alt=\"6X37 vaijeri\" width=\"1338\" height=\"412\" srcset=\"https:\/\/qingdaohf.com\/wp-content\/uploads\/2024\/10\/6X37-wire-rope.webp 1338w, https:\/\/qingdaohf.com\/wp-content\/uploads\/2024\/10\/6X37-wire-rope-300x92.webp 300w, https:\/\/qingdaohf.com\/wp-content\/uploads\/2024\/10\/6X37-wire-rope-1024x315.webp 1024w, https:\/\/qingdaohf.com\/wp-content\/uploads\/2024\/10\/6X37-wire-rope-768x236.webp 768w, https:\/\/qingdaohf.com\/wp-content\/uploads\/2024\/10\/6X37-wire-rope-18x6.webp 18w, https:\/\/qingdaohf.com\/wp-content\/uploads\/2024\/10\/6X37-wire-rope-1000x308.webp 1000w\" sizes=\"(max-width: 1338px) 100vw, 1338px\" \/><\/p>\n<p>6X37-k\u00f6ysi\u00e4 on tyypillisesti saatavana kolmella ydinvaihtoehdolla:<\/p>\n<p><strong>Kuituydin (FC):<\/strong> Kuituytimiss\u00e4 k\u00e4ytet\u00e4\u00e4n luonnonkuituja tai synteettisi\u00e4 kuituja, jotka lis\u00e4\u00e4v\u00e4t k\u00f6yden joustavuutta. Vaikka n\u00e4m\u00e4 k\u00f6ydet eiv\u00e4t ole yht\u00e4 vahvoja kuin vaijeriytimell\u00e4 varustetut k\u00f6ydet, ne ovat kevyempi\u00e4 ja taipuisampia, joten ne soveltuvat erityissovelluksiin, joissa joustavuus on t\u00e4rke\u00e4mp\u00e4\u00e4 kuin lujuus. Kuituydin voi my\u00f6s ime\u00e4 itseens\u00e4 voiteluainetta, mik\u00e4 pident\u00e4\u00e4 k\u00f6yden k\u00e4ytt\u00f6ik\u00e4\u00e4 v\u00e4hent\u00e4m\u00e4ll\u00e4 kitkaa ja kulumista.<\/p>\n<p><strong>Itsen\u00e4inen vaijeriydin (IWRC):<\/strong> T\u00e4m\u00e4 ydin koostuu erillisest\u00e4 vaijerista, joka kulkee p\u00e4\u00e4vaijerin keskell\u00e4. IWRC lis\u00e4\u00e4 lujuutta ja parantaa k\u00f6yden kest\u00e4vyytt\u00e4 puristumista ja muodonmuutoksia vastaan raskaissa kuormituksissa. Se kest\u00e4\u00e4 my\u00f6s paremmin korkeita l\u00e4mp\u00f6tiloja, mink\u00e4 vuoksi IWRC 6X37 -k\u00f6ydet ovat suositeltavin valinta vaativiin teollisuusymp\u00e4rist\u00f6ihin, kuten kaivostoimintaan tai merenkulun takilointiin.<\/p>\n<p><strong>Lankasyd\u00e4n (WSC):<\/strong> T\u00e4ss\u00e4 kokoonpanossa ytimen\u00e4 k\u00e4ytet\u00e4\u00e4n kuitujen tai itsen\u00e4isen k\u00f6yden sijasta lankas\u00e4iett\u00e4. WSC tarjoaa tasapainon kuituytimen joustavuuden ja IWRC:n lujuuden v\u00e4lill\u00e4. Sit\u00e4 k\u00e4ytet\u00e4\u00e4n yleisesti sovelluksissa, jotka vaativat kohtalaista joustavuutta ja lujuutta, kuten siltanostureissa tai raskaissa vinsseiss\u00e4.<\/p>\n<h3><strong>Materiaali- ja lujuusominaisuudet<\/strong><\/h3>\n<p>6X37- vaijeri on yleens\u00e4 valmistettu runsashiilisest\u00e4 ter\u00e4ksest\u00e4, mik\u00e4 antaa sille lujuuden, jota tarvitaan raskaissa olosuhteissa. Erinomaisesta vetolujuudestaan tunnettu hiiliter\u00e4s varmistaa, ett\u00e4 k\u00f6ysi kest\u00e4\u00e4 raskaita kuormia murtumatta tai ep\u00e4muodostumatta rasituksessa. Se on my\u00f6s l\u00e4mp\u00f6k\u00e4sitelty sitkeyden parantamiseksi, mik\u00e4 on erityisen t\u00e4rke\u00e4\u00e4 sovelluksissa, joihin liittyy \u00e4\u00e4rimm\u00e4isi\u00e4 l\u00e4mp\u00f6tiloja tai altistumista ankarille elementeille.<\/p>\n<p>Tapauksissa, joissa korroosionkest\u00e4vyys on ensisijaisen t\u00e4rke\u00e4\u00e4, voidaan k\u00e4ytt\u00e4\u00e4 ruostumattomasta ter\u00e4ksest\u00e4 valmistettuja 6X37- vaijereita. Ruostumaton ter\u00e4s kest\u00e4\u00e4 erinomaisesti ruostumista ja korroosiota, joten se sopii erinomaisesti merenkulkusovelluksiin, joissa altistuminen suolavedelle voi vahingoittaa muita materiaaleja. Sinkitty ter\u00e4svaijeri 6X37 tarjoaa toisaalta suojaavan sinkkipinnoitteen, joka auttaa vastustamaan ruostetta, vaikka se ei tarjoa samaa korroosionkest\u00e4vyytt\u00e4 kuin ruostumaton ter\u00e4s. Sinkityt vaihtoehdot ovat kuitenkin yleens\u00e4 kustannustehokkaampia.<\/p>\n<p>Yksi 6X37- vaijerin erityispiirteist\u00e4 on sen joustavuus. Koska jokaisessa s\u00e4ikeess\u00e4 on enemm\u00e4n lankoja (37), k\u00f6ysi taipuu helpommin kuin muut kokoonpanot, kuten 6X19-k\u00f6ysi, jossa on v\u00e4hemm\u00e4n lankoja s\u00e4ikett\u00e4 kohti. Joustavuuden ansiosta vaijeri soveltuu hyvin sovelluksiin, joissa vaijeria joudutaan taivuttamaan usein tai joissa sen on kuljettava kiekkojen tai hihnapy\u00f6rien yli. Suunnittelu auttaa v\u00e4hent\u00e4m\u00e4\u00e4n v\u00e4symist\u00e4 ja pident\u00e4m\u00e4\u00e4n k\u00f6yden k\u00e4ytt\u00f6ik\u00e4\u00e4 n\u00e4iss\u00e4 tilanteissa.<\/p>\n<h3><strong>6X37 vaijerin sovellukset<\/strong><\/h3>\n<p>Monipuolisuutensa ansiosta 6X37- vaijeria k\u00e4ytet\u00e4\u00e4n monilla eri teollisuudenaloilla ja sovelluksissa. Rakennusalalla sit\u00e4 voidaan k\u00e4ytt\u00e4\u00e4 nostolaitteiden nostamiseen, rakennustelineiden tukemiseen tai nosturit\u00f6iss\u00e4. Joustavuutensa ja kulutuskest\u00e4vyytens\u00e4 ansiosta se on ihanteellinen toistuviin nostoteht\u00e4viin, joissa k\u00f6ytt\u00e4 taivutetaan ja venytet\u00e4\u00e4n usein. Sit\u00e4 k\u00e4ytet\u00e4\u00e4n my\u00f6s kuljetusalalla, jossa sit\u00e4 k\u00e4ytet\u00e4\u00e4n osana laivojen takilointia tai ajoneuvojen hinausvaijereina.<\/p>\n<p>Meriteollisuudessa 6X37-k\u00f6yden ruostumattomasta ter\u00e4ksest\u00e4 valmistettuja versioita k\u00e4ytet\u00e4\u00e4n usein kiinnitysk\u00f6ysiss\u00e4, takiloissa ja muissa korroosionkest\u00e4vyytt\u00e4 vaativissa sovelluksissa. K\u00f6yden kyky kest\u00e4\u00e4 ankaraa suolavesiymp\u00e4rist\u00f6\u00e4 tekee siit\u00e4 erinomaisen valinnan merenkulun sovelluksiin. Samoin sen k\u00e4ytt\u00f6 kaivosteollisuudessa on laajaa, jossa sit\u00e4 k\u00e4ytet\u00e4\u00e4n nostolaitteissa, vetolangoissa ja raskaiden kuormien vet\u00e4miseen. Korkeahiiliter\u00e4srakenne tarjoaa tarvittavan lujuuden ja kest\u00e4vyyden t\u00e4llaisissa karuissa ymp\u00e4rist\u00f6iss\u00e4.<\/p>\n<p>Toinen yleinen 6X37- vaijerin k\u00e4ytt\u00f6kohde on hissit ja nostoj\u00e4rjestelm\u00e4t. K\u00f6yden joustavuus takaa sen sujuvan toiminnan, kun se liikkuu kiekkojen ja hihnapy\u00f6rien yli, ja sen lujuus mahdollistaa sen, ett\u00e4 se kest\u00e4\u00e4 sek\u00e4 hissikorin ett\u00e4 sen matkustajien painon. T\u00e4ss\u00e4 yhteydess\u00e4 suositaan usein IWRC-ydint\u00e4, koska se tarjoaa lujuuden ja kest\u00e4vyyden, jota vaaditaan pitk\u00e4aikaiseen k\u00e4ytt\u00f6\u00f6n korkeassa rasitusymp\u00e4rist\u00f6ss\u00e4.<\/p>\n<h3><strong>Kest\u00e4vyys ja yll\u00e4pito<\/strong><\/h3>\n<p>6X37- vaijeri on suunniteltu kest\u00e4v\u00e4ksi erityisesti ymp\u00e4rist\u00f6iss\u00e4, joissa siihen kohdistuu toistuvaa rasitusta, taivutusta ja altistumista s\u00e4\u00e4olosuhteille. Kuten kaikki vaijerit, se vaatii kuitenkin s\u00e4\u00e4nn\u00f6llist\u00e4 huoltoa pitk\u00e4ik\u00e4isyytens\u00e4 varmistamiseksi. Asianmukainen voitelu on ratkaisevan t\u00e4rke\u00e4\u00e4, jotta voidaan est\u00e4\u00e4 yksitt\u00e4isten lankojen ja s\u00e4ikeiden v\u00e4linen sis\u00e4inen kitka, joka voi johtaa ennenaikaiseen kulumiseen. Kuituydink\u00f6ydet imev\u00e4t erityisen hyvin voiteluaineita, kun taas IWRC- ja WSC-ydink\u00f6ydet hy\u00f6tyv\u00e4t ulkoisten voiteluaineiden s\u00e4\u00e4nn\u00f6llisest\u00e4 k\u00e4yt\u00f6st\u00e4.<\/p>\n<p>Vaijerin s\u00e4\u00e4nn\u00f6llinen tarkastaminen kulumisen merkkien, kuten katkenneiden lankojen, korroosion tai litistymisen varalta, on olennaisen t\u00e4rke\u00e4\u00e4 turvallisuuden ja suorituskyvyn yll\u00e4pit\u00e4miseksi. K\u00f6yden joustavuus tekee siit\u00e4 v\u00e4symiskest\u00e4v\u00e4\u00e4, mutta ajan mittaan kest\u00e4vimm\u00e4tkin vaijerit heikkenev\u00e4t jonkin verran. Valmistajan tarkastus- ja vaihto-ohjeiden noudattaminen auttaa varmistamaan, ett\u00e4 k\u00f6ysi pysyy optimaalisessa kunnossa mahdollisimman pitk\u00e4\u00e4n.<\/p>\n<h3><strong>P\u00e4\u00e4telm\u00e4<\/strong><\/h3>\n<p>6X37- vaijeri on erinomainen valinta monenlaisiin teollisiin ja kaupallisiin sovelluksiin joustavuuden, lujuuden ja kest\u00e4vyyden yhdistelm\u00e4n ansiosta. Sit\u00e4 on saatavana eri kokoja, kuten 1\/16 tuumaa, 3\/32 tuumaa, 1\/8 tuumaa ja 5\/32 tuumaa, joten se voidaan r\u00e4\u00e4t\u00e4l\u00f6id\u00e4 eri toimintojen erityistarpeisiin. K\u00e4ytettiinp\u00e4 sit\u00e4 sitten rakennust\u00f6iss\u00e4, meriymp\u00e4rist\u00f6iss\u00e4 tai raskaissa nostolaitteissa, 6X37- vaijeri tarjoaa suorituskyvyn ja luotettavuuden, jota tarvitaan ty\u00f6n turvalliseen ja tehokkaaseen suorittamiseen. Oikealla ytimell\u00e4 ja asianmukaisella huollolla se voi tarjota pitk\u00e4kestoista palvelua vaativimmissakin olosuhteissa.<\/p>","protected":false},"excerpt":{"rendered":"<p>6X37-k\u00f6ysi on joustava, monis\u00e4ikeinen k\u00f6ysi, jota k\u00e4ytet\u00e4\u00e4n yleisesti erilaisissa teollisissa ja kaupallisissa sovelluksissa. Se on tyypillisesti valmistettu korkealaatuisesta hiiliter\u00e4ksest\u00e4, ja sit\u00e4 on saatavana eri kokoja, kuten 1\/16 tuumaa, 1\/8 tuumaa ja 5\/32 tuumaa. K\u00f6ydess\u00e4 on suurempi m\u00e4\u00e4r\u00e4 lankoja s\u00e4iett\u00e4 kohden, mik\u00e4 takaa erinomaisen joustavuuden ja v\u00e4symiskest\u00e4vyyden. Se on saatavana eri ydintyyppej\u00e4, kuten kuituydin (FC), itsen\u00e4inen vaijeriydin (IWRC) tai vaijerilankaydin (WSC), joista jokainen tarjoaa ainutlaatuisia etuja k\u00e4ytt\u00f6tarkoituksesta riippuen.<\/p>","protected":false},"featured_media":8126,"comment_status":"open","ping_status":"closed","template":"","meta":{"site-sidebar-layout":"default","site-content-layout":"","ast-site-content-layout":"default","site-content-style":"default","site-sidebar-style":"default","ast-global-header-display":"","ast-banner-title-visibility":"","ast-main-header-display":"","ast-hfb-above-header-display":"","ast-hfb-below-header-display":"","ast-hfb-mobile-header-display":"","site-post-title":"","ast-breadcrumbs-content":"","ast-featured-img":"","footer-sml-layout":"","theme-transparent-header-meta":"default","adv-header-id-meta":"","stick-header-meta":"default","header-above-stick-meta":"","header-main-stick-meta":"","header-below-stick-meta":"","astra-migrate-meta-layouts":"set","ast-page-background-enabled":"default","ast-page-background-meta":{"desktop":{"background-color":"","background-image":"","background-repeat":"repeat","background-position":"center center","background-size":"auto","background-attachment":"scroll","background-type":"","background-media":"","overlay-type":"","overlay-color":"","overlay-opacity":"","overlay-gradient":""},"tablet":{"background-color":"","background-image":"","background-repeat":"repeat","background-position":"center center","background-size":"auto","background-attachment":"scroll","background-type":"","background-media":"","overlay-type":"","overlay-color":"","overlay-opacity":"","overlay-gradient":""},"mobile":{"background-color":"","background-image":"","background-repeat":"repeat","background-position":"center center","background-size":"auto","background-attachment":"scroll","background-type":"","background-media":"","overlay-type":"","overlay-color":"","overlay-opacity":"","overlay-gradient":""}},"ast-content-background-meta":{"desktop":{"background-color":"var(--ast-global-color-5)","background-image":"","background-repeat":"repeat","background-position":"center center","background-size":"auto","background-attachment":"scroll","background-type":"","background-media":"","overlay-type":"","overlay-color":"","overlay-opacity":"","overlay-gradient":""},"tablet":{"background-color":"var(--ast-global-color-5)","background-image":"","background-repeat":"repeat","background-position":"center center","background-size":"auto","background-attachment":"scroll","background-type":"","background-media":"","overlay-type":"","overlay-color":"","overlay-opacity":"","overlay-gradient":""},"mobile":{"background-color":"var(--ast-global-color-5)","background-image":"","background-repeat":"repeat","background-position":"center center","background-size":"auto","background-attachment":"scroll","background-type":"","background-media":"","overlay-type":"","overlay-color":"","overlay-opacity":"","overlay-gradient":""}}},"product_brand":[],"product_cat":[37],"product_tag":[89],"class_list":{"0":"post-8125","1":"product","2":"type-product","3":"status-publish","4":"has-post-thumbnail","6":"product_cat-wire-rope","7":"product_tag-wire-rope","8":"desktop-align-left","9":"tablet-align-left","10":"mobile-align-left","11":"ast-product-gallery-layout-horizontal-slider","12":"ast-product-gallery-with-no-image","13":"ast-product-tabs-layout-horizontal","15":"first","16":"instock","17":"shipping-taxable","18":"purchasable","19":"product-type-simple"},"yoast_head":"<!-- This site is optimized with the Yoast SEO plugin v25.2 - https:\/\/yoast.com\/wordpress\/plugins\/seo\/ -->\n<title>6x37 Wire Rope<\/title>\n<meta name=\"description\" content=\"6X37 wire rope is a flexible, multi-strand wire rope commonly used in various industrial and commercial applications.\" \/>\n<meta name=\"robots\" content=\"index, follow, max-snippet:-1, max-image-preview:large, max-video-preview:-1\" \/>\n<link rel=\"canonical\" href=\"https:\/\/qingdaohf.com\/fi\/tuote\/6x37-vaijeri\/\" \/>\n<meta property=\"og:locale\" content=\"fi_FI\" \/>\n<meta property=\"og:type\" content=\"article\" \/>\n<meta property=\"og:title\" content=\"6x37 Wire Rope\" \/>\n<meta property=\"og:description\" content=\"6X37 wire rope is a flexible, multi-strand wire rope commonly used in various industrial and commercial applications.\" \/>\n<meta property=\"og:url\" content=\"https:\/\/qingdaohf.com\/fi\/tuote\/6x37-vaijeri\/\" \/>\n<meta property=\"og:site_name\" content=\"Concrete Form &amp; Rigging Hardware Supplier\" \/>\n<meta property=\"article:publisher\" content=\"https:\/\/www.facebook.com\/qingdaohf\" \/>\n<meta property=\"article:modified_time\" content=\"2025-11-13T01:02:55+00:00\" \/>\n<meta property=\"og:image\" content=\"https:\/\/qingdaohf.com\/wp-content\/uploads\/2024\/10\/6x37-FC-WIRE-ROPE.webp\" \/>\n\t<meta property=\"og:image:width\" content=\"744\" \/>\n\t<meta property=\"og:image:height\" content=\"744\" \/>\n\t<meta property=\"og:image:type\" content=\"image\/webp\" \/>\n<meta name=\"twitter:card\" content=\"summary_large_image\" \/>\n<meta name=\"twitter:label1\" content=\"Arvioitu lukuaika\" \/>\n\t<meta name=\"twitter:data1\" content=\"6 minuuttia\" \/>\n<script type=\"application\/ld+json\" class=\"yoast-schema-graph\">{\"@context\":\"https:\/\/schema.org\",\"@graph\":[{\"@type\":\"WebPage\",\"@id\":\"https:\/\/qingdaohf.com\/product\/6x37-wire-rope\/\",\"url\":\"https:\/\/qingdaohf.com\/product\/6x37-wire-rope\/\",\"name\":\"6x37 Wire Rope\",\"isPartOf\":{\"@id\":\"https:\/\/qingdaohf.com\/bg\/#website\"},\"primaryImageOfPage\":{\"@id\":\"https:\/\/qingdaohf.com\/product\/6x37-wire-rope\/#primaryimage\"},\"image\":{\"@id\":\"https:\/\/qingdaohf.com\/product\/6x37-wire-rope\/#primaryimage\"},\"thumbnailUrl\":\"https:\/\/qingdaohf.com\/wp-content\/uploads\/2024\/10\/6x37-FC-WIRE-ROPE.webp\",\"datePublished\":\"2024-10-24T09:39:48+00:00\",\"dateModified\":\"2025-11-13T01:02:55+00:00\",\"description\":\"6X37 wire rope is a flexible, multi-strand wire rope commonly used in various industrial and commercial applications.\",\"breadcrumb\":{\"@id\":\"https:\/\/qingdaohf.com\/product\/6x37-wire-rope\/#breadcrumb\"},\"inLanguage\":\"fi\",\"potentialAction\":[{\"@type\":\"ReadAction\",\"target\":[\"https:\/\/qingdaohf.com\/product\/6x37-wire-rope\/\"]}]},{\"@type\":\"ImageObject\",\"inLanguage\":\"fi\",\"@id\":\"https:\/\/qingdaohf.com\/product\/6x37-wire-rope\/#primaryimage\",\"url\":\"https:\/\/qingdaohf.com\/wp-content\/uploads\/2024\/10\/6x37-FC-WIRE-ROPE.webp\",\"contentUrl\":\"https:\/\/qingdaohf.com\/wp-content\/uploads\/2024\/10\/6x37-FC-WIRE-ROPE.webp\",\"width\":744,\"height\":744,\"caption\":\"6x37 FC WIRE ROPE\"},{\"@type\":\"BreadcrumbList\",\"@id\":\"https:\/\/qingdaohf.com\/product\/6x37-wire-rope\/#breadcrumb\",\"itemListElement\":[{\"@type\":\"ListItem\",\"position\":1,\"name\":\"Home\",\"item\":\"https:\/\/qingdaohf.com\/\"},{\"@type\":\"ListItem\",\"position\":2,\"name\":\"Concrete Forming Accessories and Rigging Hardware\",\"item\":\"https:\/\/qingdaohf.com\/bg\/?page_id=944\"},{\"@type\":\"ListItem\",\"position\":3,\"name\":\"6&#215;37 Wire Rope\"}]},{\"@type\":\"WebSite\",\"@id\":\"https:\/\/qingdaohf.com\/bg\/#website\",\"url\":\"https:\/\/qingdaohf.com\/bg\/\",\"name\":\"Concrete Form & Rigging Hardware Supplier\",\"description\":\"\",\"publisher\":{\"@id\":\"https:\/\/qingdaohf.com\/bg\/#organization\"},\"potentialAction\":[{\"@type\":\"SearchAction\",\"target\":{\"@type\":\"EntryPoint\",\"urlTemplate\":\"https:\/\/qingdaohf.com\/bg\/?s={search_term_string}\"},\"query-input\":{\"@type\":\"PropertyValueSpecification\",\"valueRequired\":true,\"valueName\":\"search_term_string\"}}],\"inLanguage\":\"fi\"},{\"@type\":\"Organization\",\"@id\":\"https:\/\/qingdaohf.com\/bg\/#organization\",\"name\":\"Qingdao H&F\",\"url\":\"https:\/\/qingdaohf.com\/bg\/\",\"logo\":{\"@type\":\"ImageObject\",\"inLanguage\":\"fi\",\"@id\":\"https:\/\/qingdaohf.com\/bg\/#\/schema\/logo\/image\/\",\"url\":\"https:\/\/qingdaohf.com\/wp-content\/uploads\/2022\/12\/cropped-HF-LOGO.png\",\"contentUrl\":\"https:\/\/qingdaohf.com\/wp-content\/uploads\/2022\/12\/cropped-HF-LOGO.png\",\"width\":391,\"height\":249,\"caption\":\"Qingdao H&F\"},\"image\":{\"@id\":\"https:\/\/qingdaohf.com\/bg\/#\/schema\/logo\/image\/\"},\"sameAs\":[\"https:\/\/www.facebook.com\/qingdaohf\"]}]}<\/script>\n<!-- \/ Yoast SEO plugin. -->","yoast_head_json":{"title":"6x37 Wire Rope","description":"6X37 wire rope is a flexible, multi-strand wire rope commonly used in various industrial and commercial applications.","robots":{"index":"index","follow":"follow","max-snippet":"max-snippet:-1","max-image-preview":"max-image-preview:large","max-video-preview":"max-video-preview:-1"},"canonical":"https:\/\/qingdaohf.com\/fi\/tuote\/6x37-vaijeri\/","og_locale":"fi_FI","og_type":"article","og_title":"6x37 Wire Rope","og_description":"6X37 wire rope is a flexible, multi-strand wire rope commonly used in various industrial and commercial applications.","og_url":"https:\/\/qingdaohf.com\/fi\/tuote\/6x37-vaijeri\/","og_site_name":"Concrete Form &amp; Rigging Hardware Supplier","article_publisher":"https:\/\/www.facebook.com\/qingdaohf","article_modified_time":"2025-11-13T01:02:55+00:00","og_image":[{"width":744,"height":744,"url":"https:\/\/qingdaohf.com\/wp-content\/uploads\/2024\/10\/6x37-FC-WIRE-ROPE.webp","type":"image\/webp"}],"twitter_card":"summary_large_image","twitter_misc":{"Arvioitu lukuaika":"6 minuuttia"},"schema":{"@context":"https:\/\/schema.org","@graph":[{"@type":"WebPage","@id":"https:\/\/qingdaohf.com\/product\/6x37-wire-rope\/","url":"https:\/\/qingdaohf.com\/product\/6x37-wire-rope\/","name":"6x37 Wire Rope","isPartOf":{"@id":"https:\/\/qingdaohf.com\/bg\/#website"},"primaryImageOfPage":{"@id":"https:\/\/qingdaohf.com\/product\/6x37-wire-rope\/#primaryimage"},"image":{"@id":"https:\/\/qingdaohf.com\/product\/6x37-wire-rope\/#primaryimage"},"thumbnailUrl":"https:\/\/qingdaohf.com\/wp-content\/uploads\/2024\/10\/6x37-FC-WIRE-ROPE.webp","datePublished":"2024-10-24T09:39:48+00:00","dateModified":"2025-11-13T01:02:55+00:00","description":"6X37 wire rope is a flexible, multi-strand wire rope commonly used in various industrial and commercial applications.","breadcrumb":{"@id":"https:\/\/qingdaohf.com\/product\/6x37-wire-rope\/#breadcrumb"},"inLanguage":"fi","potentialAction":[{"@type":"ReadAction","target":["https:\/\/qingdaohf.com\/product\/6x37-wire-rope\/"]}]},{"@type":"ImageObject","inLanguage":"fi","@id":"https:\/\/qingdaohf.com\/product\/6x37-wire-rope\/#primaryimage","url":"https:\/\/qingdaohf.com\/wp-content\/uploads\/2024\/10\/6x37-FC-WIRE-ROPE.webp","contentUrl":"https:\/\/qingdaohf.com\/wp-content\/uploads\/2024\/10\/6x37-FC-WIRE-ROPE.webp","width":744,"height":744,"caption":"6x37 FC WIRE ROPE"},{"@type":"BreadcrumbList","@id":"https:\/\/qingdaohf.com\/product\/6x37-wire-rope\/#breadcrumb","itemListElement":[{"@type":"ListItem","position":1,"name":"Home","item":"https:\/\/qingdaohf.com\/"},{"@type":"ListItem","position":2,"name":"Concrete Forming Accessories and Rigging Hardware","item":"https:\/\/qingdaohf.com\/bg\/?page_id=944"},{"@type":"ListItem","position":3,"name":"6&#215;37 Wire Rope"}]},{"@type":"WebSite","@id":"https:\/\/qingdaohf.com\/bg\/#website","url":"https:\/\/qingdaohf.com\/bg\/","name":"Concrete Form & Rigging Hardware Supplier","description":"","publisher":{"@id":"https:\/\/qingdaohf.com\/bg\/#organization"},"potentialAction":[{"@type":"SearchAction","target":{"@type":"EntryPoint","urlTemplate":"https:\/\/qingdaohf.com\/bg\/?s={search_term_string}"},"query-input":{"@type":"PropertyValueSpecification","valueRequired":true,"valueName":"search_term_string"}}],"inLanguage":"fi"},{"@type":"Organization","@id":"https:\/\/qingdaohf.com\/bg\/#organization","name":"Qingdao H&F","url":"https:\/\/qingdaohf.com\/bg\/","logo":{"@type":"ImageObject","inLanguage":"fi","@id":"https:\/\/qingdaohf.com\/bg\/#\/schema\/logo\/image\/","url":"https:\/\/qingdaohf.com\/wp-content\/uploads\/2022\/12\/cropped-HF-LOGO.png","contentUrl":"https:\/\/qingdaohf.com\/wp-content\/uploads\/2022\/12\/cropped-HF-LOGO.png","width":391,"height":249,"caption":"Qingdao H&F"},"image":{"@id":"https:\/\/qingdaohf.com\/bg\/#\/schema\/logo\/image\/"},"sameAs":["https:\/\/www.facebook.com\/qingdaohf"]}]}},"_links":{"self":[{"href":"https:\/\/qingdaohf.com\/fi\/wp-json\/wp\/v2\/product\/8125","targetHints":{"allow":["GET"]}}],"collection":[{"href":"https:\/\/qingdaohf.com\/fi\/wp-json\/wp\/v2\/product"}],"about":[{"href":"https:\/\/qingdaohf.com\/fi\/wp-json\/wp\/v2\/types\/product"}],"replies":[{"embeddable":true,"href":"https:\/\/qingdaohf.com\/fi\/wp-json\/wp\/v2\/comments?post=8125"}],"version-history":[{"count":4,"href":"https:\/\/qingdaohf.com\/fi\/wp-json\/wp\/v2\/product\/8125\/revisions"}],"predecessor-version":[{"id":8131,"href":"https:\/\/qingdaohf.com\/fi\/wp-json\/wp\/v2\/product\/8125\/revisions\/8131"}],"wp:featuredmedia":[{"embeddable":true,"href":"https:\/\/qingdaohf.com\/fi\/wp-json\/wp\/v2\/media\/8126"}],"wp:attachment":[{"href":"https:\/\/qingdaohf.com\/fi\/wp-json\/wp\/v2\/media?parent=8125"}],"wp:term":[{"taxonomy":"product_brand","embeddable":true,"href":"https:\/\/qingdaohf.com\/fi\/wp-json\/wp\/v2\/product_brand?post=8125"},{"taxonomy":"product_cat","embeddable":true,"href":"https:\/\/qingdaohf.com\/fi\/wp-json\/wp\/v2\/product_cat?post=8125"},{"taxonomy":"product_tag","embeddable":true,"href":"https:\/\/qingdaohf.com\/fi\/wp-json\/wp\/v2\/product_tag?post=8125"}],"curies":[{"name":"wp","href":"https:\/\/api.w.org\/{rel}","templated":true}]}}