{"id":8133,"date":"2024-10-24T17:58:44","date_gmt":"2024-10-24T09:58:44","guid":{"rendered":"http:\/\/qingdaohf.com\/?post_type=product&#038;p=8133"},"modified":"2025-11-13T09:02:55","modified_gmt":"2025-11-13T01:02:55","slug":"7x7-wire-rope","status":"publish","type":"product","link":"https:\/\/qingdaohf.com\/fi\/tuote\/7x7-vaijeri\/","title":{"rendered":"7\u00d77 vaijeri"},"content":{"rendered":"<h3><strong>Ymm\u00e4rt\u00e4minen 7\u00d77 vaijerik\u00f6ysi<\/strong><\/h3>\n<p>7\u00d77- vaijeri on monipuolinen ja yleisesti k\u00e4ytetty vaijerityyppi, joka on tunnettu tasapainoisesta rakenteestaan, joka tarjoaa sek\u00e4 lujuutta ett\u00e4 joustavuutta. Nimens\u00e4 mukaisesti 7\u00d77- vaijeri koostuu seitsem\u00e4st\u00e4 yksitt\u00e4isest\u00e4 s\u00e4ikeest\u00e4, joista kukin koostuu seitsem\u00e4st\u00e4 langasta. T\u00e4m\u00e4 kokoonpano tarjoaa keskinkertaisen joustavuuden, mik\u00e4 tekee siit\u00e4 taipuisamman kuin j\u00e4ykk\u00e4 1\u00d719-k\u00f6ysi, mutta vahvemman kuin joustavampi 7\u00d719-k\u00f6ysi. Keskinkertainen joustavuus tekee siit\u00e4 sopivan sovelluksiin, joissa tarvitaan sek\u00e4 lujuutta ett\u00e4 kohtalaista taivutettavuutta.<\/p>\n<p>7\u00d77- vaijerin rakenne perustuu usein runsashiiliseen ter\u00e4kseen tai ruostumattomaan ter\u00e4kseen k\u00e4ytt\u00f6tarkoituksesta riippuen. Korkeahiiliter\u00e4ksiset vaijerit tarjoavat erinomaisen vetolujuuden, joten ne soveltuvat erinomaisesti raskaisiin teollisuusteht\u00e4viin. Ruostumattomasta ter\u00e4ksest\u00e4 valmistetut vaijerit puolestaan ovat korroosionkest\u00e4vyydelt\u00e4\u00e4n parempia, ja niit\u00e4 k\u00e4ytet\u00e4\u00e4n usein meriymp\u00e4rist\u00f6iss\u00e4 tai muissa sovelluksissa, joissa on odotettavissa altistumista kosteudelle tai kemikaaleille. K\u00e4ytettiinp\u00e4 niit\u00e4 sitten teollisuudessa tai arkkitehtonisissa sovelluksissa, 7\u00d77-k\u00f6ysi tarjoaa kest\u00e4vyyden ja joustavuuden tasapainon, joka vastaa monenlaisia tarpeita.<\/p>\n<h3><strong>7\u00d77-langan yleiset koot ja sovellukset<\/strong><\/h3>\n<p>7\u00d77- vaijerin halkaisija voi vaihdella huomattavasti sen k\u00e4ytt\u00f6tarkoituksen mukaan, ja sit\u00e4 on saatavana useissa eri kokoluokissa eri tarkoituksiin. Pienemmiss\u00e4 sovelluksissa k\u00e4ytet\u00e4\u00e4n usein 1\/16 tuuman 7\u00d77- vaijeria. T\u00e4t\u00e4 kokoa k\u00e4ytet\u00e4\u00e4n yleisesti esimerkiksi askarteluun, kevyeen takilointiin tai osien kiinnitt\u00e4miseen. Sen pieni halkaisija ja kohtalainen lujuus tekev\u00e4t siit\u00e4 suositun valinnan hankkeisiin, joissa kevyet vaijerit riitt\u00e4v\u00e4t t\u00e4ytt\u00e4m\u00e4\u00e4n kuormitusta kantavat tarpeet. Ohuen profiilinsa ansiosta 1\/16 tuuman 7\u00d77-k\u00f6ytt\u00e4 k\u00e4ytet\u00e4\u00e4n usein tarkoissa sovelluksissa, kuten lentokoneiden ohjauskaapeleissa tai hienoissa takilaj\u00e4rjestelmiss\u00e4.<\/p>\n<p>Tilanteissa, joissa tarvitaan hieman suurempaa kantavuutta, k\u00e4ytet\u00e4\u00e4n yleens\u00e4 3\/32 tuuman 7\u00d77- vaijeria. T\u00e4m\u00e4 koko on erityisen tehokas arkkitehtuurik\u00e4yt\u00f6ss\u00e4, kuten kaiteiden, aitojen tai terassikaiteiden asennuksessa. 3\/32 tuuman koko on ihanteellinen tasapaino lujuuden ja joustavuuden v\u00e4lill\u00e4, joten se soveltuu ulkotilahankkeisiin, joissa esteettisyys ja kest\u00e4vyys ovat yht\u00e4 t\u00e4rkeit\u00e4.<\/p>\n<p>Raskaampiin sovelluksiin voidaan tarvita 1\/8 tuuman 7\u00d77- vaijeria. T\u00e4m\u00e4 koko tarjoaa suuremman kantavuuden ja s\u00e4ilytt\u00e4\u00e4 samalla riitt\u00e4v\u00e4n joustavuuden k\u00e4ytett\u00e4v\u00e4ksi kohtalaisissa taivutustilanteissa. Sit\u00e4 k\u00e4ytet\u00e4\u00e4n usein sovelluksissa, kuten vinssauksessa, nostossa ja merenkulun takiloinnissa, joissa tarvitaan sek\u00e4 lujuutta ett\u00e4 jonkinasteista joustavuutta. Siirrytt\u00e4ess\u00e4 5\/32 tuuman 7\u00d77 vaijeriin t\u00e4t\u00e4 kokoa k\u00e4ytet\u00e4\u00e4n usein rakennus- ja raskaassa teollisuusymp\u00e4rist\u00f6ss\u00e4. Sen kest\u00e4vyys ja kantavuus tekev\u00e4t siit\u00e4 ihanteellisen hinaukseen, yl\u00e4puolisiin nostoihin ja rakenteiden vahvistusteht\u00e4viin.<\/p>\n<h3><strong>7\u00d77 vaijerin ydintyypit<\/strong><\/h3>\n<p>Vaijerin ydin on ratkaisevan t\u00e4rke\u00e4 k\u00f6yden suorituskyvyn kannalta, sill\u00e4 se tukee s\u00e4ikeit\u00e4 ja auttaa s\u00e4ilytt\u00e4m\u00e4\u00e4n k\u00f6yden muodon j\u00e4nnityksen alaisena. 7\u00d77- vaijeria on yleens\u00e4 saatavana kahdentyyppisill\u00e4 ytimill\u00e4:<\/p>\n<p><strong>Kuituydin (FC):<\/strong> Kuituydin koostuu joko luonnon- tai synteettisist\u00e4 kuiduista. T\u00e4m\u00e4ntyyppinen ydin on yleens\u00e4 joustavampi kuin ter\u00e4sydin, joten se soveltuu sovelluksiin, joissa vaaditaan suurta taivutettavuutta. Kuituytimet ovat kevyempi\u00e4 ja voivat ime\u00e4 itseens\u00e4 voiteluainetta, mik\u00e4 auttaa v\u00e4hent\u00e4m\u00e4\u00e4n s\u00e4ikeiden v\u00e4list\u00e4 kitkaa ja pident\u00e4m\u00e4\u00e4n vaijerin k\u00e4ytt\u00f6ik\u00e4\u00e4. Kuituydinten lujuus on kuitenkin heikompi kuin ter\u00e4sydinten, ja ne voivat hajota eritt\u00e4in ankarissa ymp\u00e4rist\u00f6iss\u00e4, kuten kosteudessa tai korkeissa l\u00e4mp\u00f6tiloissa. Kuituytimisi\u00e4 7\u00d77-k\u00f6ysi\u00e4 k\u00e4ytet\u00e4\u00e4n usein sovelluksissa, joissa joustavuus on lujuutta t\u00e4rke\u00e4mp\u00e4\u00e4, kuten kevyess\u00e4 takiloinnissa tai hihnapy\u00f6r\u00e4j\u00e4rjestelmiss\u00e4.<\/p>\n<p><strong>Itsen\u00e4inen vaijeriydin (IWRC):<\/strong> Itsen\u00e4inen vaijerin ydin on pieni vaijeri, joka toimii p\u00e4\u00e4vaijerin ytimen\u00e4. T\u00e4m\u00e4 rakenne parantaa koko vaijerin lujuutta, kest\u00e4vyytt\u00e4 ja puristuskest\u00e4vyytt\u00e4. IWRC-ytimet kest\u00e4v\u00e4t paremmin korkeita l\u00e4mp\u00f6tiloja ja kantavuus on suurempi kuin kuituytimiss\u00e4. Teollisuussovelluksissa, kuten rakentamisessa, laivojen takiloinnissa tai ilmajohtojen nostossa, suositaan usein IWRC 7\u00d77 -vaijereita niiden paremman lujuuden ja kulutuskest\u00e4vyyden vuoksi. Ter\u00e4syd\u00e4men ansiosta k\u00f6ysi s\u00e4ilytt\u00e4\u00e4 my\u00f6s muotonsa raskaissa kuormituksissa, mik\u00e4 takaa sen tehokkaan toiminnan my\u00f6s kovissa rasitusolosuhteissa.<\/p>\n<h3><strong>Materiaali- ja suorituskykyominaisuudet<\/strong><\/h3>\n<p>7\u00d77- vaijeri valmistetaan yleens\u00e4 joko runsashiilisest\u00e4 ter\u00e4ksest\u00e4 tai ruostumattomasta ter\u00e4ksest\u00e4, ja kumpikin materiaali tarjoaa omat etunsa sovelluksesta riippuen. Korkeahiiliter\u00e4ksinen vaijeri on tunnettu vetolujuudestaan ja kest\u00e4vyydest\u00e4\u00e4n. T\u00e4m\u00e4ntyyppinen k\u00f6ysi soveltuu hyvin raskaisiin teht\u00e4viin, joissa kuormankantokyky on olennainen. Korkeahiiliter\u00e4ksisi\u00e4 7\u00d77- vaijereita k\u00e4ytet\u00e4\u00e4n tyypillisesti rakennus-, kaivos- tai raskaassa teollisuudessa, jossa lujuus ja kulutuskest\u00e4vyys ovat kriittisi\u00e4.<\/p>\n<p>Ruostumattomasta ter\u00e4ksest\u00e4 valmistetut vaijerit sen sijaan kest\u00e4v\u00e4t erinomaisesti korroosiota, joten ne soveltuvat erinomaisesti ymp\u00e4rist\u00f6ihin, joissa kosteudelle, kemikaaleille tai suolavedelle altistuminen on ongelma. Ruostumattomasta ter\u00e4ksest\u00e4 valmistettuja 7\u00d77- vaijereita k\u00e4ytet\u00e4\u00e4n usein meriymp\u00e4rist\u00f6iss\u00e4 kiinnitysk\u00f6ysiss\u00e4, takiloinnissa ja erilaisissa veneilysovelluksissa. Ruostumattoman ter\u00e4ksen kyky kest\u00e4\u00e4 ruostumista ja korroosiota varmistaa, ett\u00e4 k\u00f6ysi toimii luotettavasti my\u00f6s pitk\u00e4aikaisen altistumisen j\u00e4lkeen ankarissa ymp\u00e4rist\u00f6olosuhteissa. Sit\u00e4 k\u00e4ytet\u00e4\u00e4n usein my\u00f6s arkkitehtonisissa sovelluksissa, joissa sen esteettinen ulkon\u00e4k\u00f6 yhdistettyn\u00e4 kest\u00e4vyyteen tekee siit\u00e4 erinomaisen valinnan kaiteisiin, kaapelikaiteisiin ja muihin ulkona k\u00e4ytett\u00e4viin rakenneosiin.<\/p>\n<p>Yksi 7\u00d77- vaijerin t\u00e4rkeimmist\u00e4 eduista on sen lujuuden ja joustavuuden tasapaino. Seitsem\u00e4n s\u00e4iett\u00e4, joista kukin sis\u00e4lt\u00e4\u00e4 seitsem\u00e4n lankaa, takaa kohtuullisen joustavuuden, joten k\u00f6ysi soveltuu k\u00e4ytett\u00e4v\u00e4ksi sovelluksissa, joissa vaaditaan jonkinasteista taivutusta. Joustavuus ei kuitenkaan johda lujuuden kustannuksella, sill\u00e4 7\u00d77-rakenne takaa my\u00f6s sen, ett\u00e4 k\u00f6ysi kest\u00e4\u00e4 huomattavia kuormia. T\u00e4m\u00e4 ominaisuuksien yhdistelm\u00e4 tekee 7\u00d77- vaijerista monipuolisen valinnan useille teollisuudenaloille ja sovelluksiin.<\/p>\n<h3><strong>Sovellukset ja kest\u00e4vyys<\/strong><\/h3>\n<p>7\u00d77- vaijeria k\u00e4ytet\u00e4\u00e4n monilla eri teollisuudenaloilla sen monipuolisuuden ja mukautuvuuden ansiosta. Ilmailuteollisuudessa 7\u00d77- vaijeria k\u00e4ytet\u00e4\u00e4n yleisesti ohjausvaijereissa, jotka tarjoavat lentokoneen komponenteille tarvittavan joustavuuden ja lujuuden. Rakenteensa ansiosta se kest\u00e4\u00e4 toistuvia taivutuksia ja venytyksi\u00e4, jotka ovat luonteenomaisia ohjauskaapeleiden toiminnalle, ja lujuutensa ansiosta se kest\u00e4\u00e4 korkeat j\u00e4nnitysvoimat.<\/p>\n<p>Arkkitehtuurin alalla 7\u00d77- vaijeria k\u00e4ytet\u00e4\u00e4n usein j\u00e4nnitysrakenteissa, kuten kaapelikaiteissa, aidoissa ja kaiteissa. Sen keskipitk\u00e4n joustavuuden ansiosta asennus on helppoa, ja sen lujuus varmistaa, ett\u00e4 se kest\u00e4\u00e4 rakenteen painon ajan my\u00f6t\u00e4. Ruostumattomasta ter\u00e4ksest\u00e4 valmistetut 7 \u00d7 7 -vaijerit valitaan usein n\u00e4ihin sovelluksiin niiden korroosion- ja ruosteensietokyvyn vuoksi, mik\u00e4 varmistaa, ett\u00e4 rakenteet pysyv\u00e4t esteettisesti houkuttelevina ja toimivina my\u00f6s pitk\u00e4aikaisen altistumisen j\u00e4lkeen.<\/p>\n<p>Teollisuudessa 7\u00d77- vaijeria k\u00e4ytet\u00e4\u00e4n esimerkiksi nostamiseen, nostamiseen ja vinssaamiseen. Kest\u00e4vyytens\u00e4 ja kohtuullisen joustavuutensa ansiosta se on ihanteellinen toistuviin nostoteht\u00e4viin, joissa k\u00f6yden on kuljettava hihnapy\u00f6rien tai kiekkojen yli vahingoittumatta tai ep\u00e4muodostumatta. Meriteollisuudessa 7\u00d77-k\u00f6yden ruostumattomasta ter\u00e4ksest\u00e4 valmistettuja versioita k\u00e4ytet\u00e4\u00e4n takiloinnissa, kiinnitysk\u00f6ysiss\u00e4 ja muissa sovelluksissa, joissa korroosionkest\u00e4vyys on t\u00e4rke\u00e4\u00e4. Lujuuden ja joustavuuden yhdistelm\u00e4 varmistaa, ett\u00e4 k\u00f6ysi kest\u00e4\u00e4 merenkulun teht\u00e4viin liittyv\u00e4t raskaat kuormat ja s\u00e4ilytt\u00e4\u00e4 samalla rakenteellisen eheytens\u00e4 ajan my\u00f6t\u00e4.<\/p>\n<p>Asianmukainen kunnossapito on olennaisen t\u00e4rke\u00e4\u00e4 7\u00d77- vaijerin pitk\u00e4aikaisen kest\u00e4vyyden varmistamiseksi. Voitelu on ratkaisevan t\u00e4rke\u00e4\u00e4, sill\u00e4 se auttaa v\u00e4hent\u00e4m\u00e4\u00e4n vaijereiden ja s\u00e4ikeiden v\u00e4list\u00e4 kitkaa ja est\u00e4\u00e4 sis\u00e4ist\u00e4 kulumista. S\u00e4\u00e4nn\u00f6lliset tarkastukset kulumisen, korroosion tai vaurioiden varalta ovat v\u00e4ltt\u00e4m\u00e4tt\u00f6mi\u00e4, jotta k\u00f6ysi pysyy hyv\u00e4ss\u00e4 kunnossa. Valmistajan voitelua ja vaihtoa koskevien ohjeiden noudattaminen auttaa maksimoimaan vaijerin k\u00e4ytt\u00f6i\u00e4n ja varmistamaan, ett\u00e4 se toimii luotettavasti vuosien ajan.<\/p>\n<h3><strong>P\u00e4\u00e4telm\u00e4<\/strong><\/h3>\n<p>7\u00d77- vaijeri on vankka ja monipuolinen ratkaisu monenlaisiin sovelluksiin, sill\u00e4 se tarjoaa tasapainoisen yhdistelm\u00e4n lujuutta ja joustavuutta. Sit\u00e4 on saatavana kokoluokissa 1\/16 tuumaa, 3\/32 tuumaa, 1\/8 tuumaa ja 5\/32 tuumaa, ja se voidaan r\u00e4\u00e4t\u00e4l\u00f6id\u00e4 vastaamaan eri teollisuudenalojen erityistarpeita. K\u00e4ytettiinp\u00e4 sit\u00e4 sitten ilmailu-, meri-, rakennus- tai arkkitehtuuriprojekteissa, 7\u00d77-k\u00f6ysi tarjoaa kest\u00e4vyytt\u00e4 ja suorituskyky\u00e4, jota tarvitaan vaativissa ymp\u00e4rist\u00f6iss\u00e4. Oikean ytimen ja materiaalin avulla t\u00e4m\u00e4 vaijeri tarjoaa luotettavaa palvelua haastavimmissakin olosuhteissa, mik\u00e4 varmistaa, ett\u00e4 se pysyy vakiovarusteena useilla eri aloilla.<\/p>","protected":false},"excerpt":{"rendered":"<p>7\u00d77- vaijeri on keskijoustava, monis\u00e4ikeinen vaijeri, joka koostuu seitsem\u00e4st\u00e4 s\u00e4ikeest\u00e4, joissa kussakin on seitsem\u00e4n lankaa. Se on yleens\u00e4 valmistettu runsashiilisest\u00e4 ter\u00e4ksest\u00e4 tai ruostumattomasta ter\u00e4ksest\u00e4, ja se tarjoaa tasapainoisen tasapainon lujuuden ja joustavuuden v\u00e4lill\u00e4, joten se soveltuu monenlaisiin sovelluksiin. T\u00e4t\u00e4 vaijeria on saatavana kokoja, kuten 1\/16 tuumaa, 3\/32 tuumaa ja 1\/8 tuumaa, ja se soveltuu erinomaisesti k\u00e4ytett\u00e4v\u00e4ksi lentokoneiden ohjauskaapeleissa, takiloinnissa ja arkkitehtonisissa tarkoituksissa. Siin\u00e4 on tyypillisesti kuituytimi\u00e4 tai itsen\u00e4isi\u00e4 vaijeriytimi\u00e4 erityisvaatimuksista riippuen.<\/p>","protected":false},"featured_media":8134,"comment_status":"open","ping_status":"closed","template":"","meta":{"site-sidebar-layout":"default","site-content-layout":"","ast-site-content-layout":"default","site-content-style":"default","site-sidebar-style":"default","ast-global-header-display":"","ast-banner-title-visibility":"","ast-main-header-display":"","ast-hfb-above-header-display":"","ast-hfb-below-header-display":"","ast-hfb-mobile-header-display":"","site-post-title":"","ast-breadcrumbs-content":"","ast-featured-img":"","footer-sml-layout":"","theme-transparent-header-meta":"default","adv-header-id-meta":"","stick-header-meta":"default","header-above-stick-meta":"","header-main-stick-meta":"","header-below-stick-meta":"","astra-migrate-meta-layouts":"set","ast-page-background-enabled":"default","ast-page-background-meta":{"desktop":{"background-color":"","background-image":"","background-repeat":"repeat","background-position":"center center","background-size":"auto","background-attachment":"scroll","background-type":"","background-media":"","overlay-type":"","overlay-color":"","overlay-opacity":"","overlay-gradient":""},"tablet":{"background-color":"","background-image":"","background-repeat":"repeat","background-position":"center center","background-size":"auto","background-attachment":"scroll","background-type":"","background-media":"","overlay-type":"","overlay-color":"","overlay-opacity":"","overlay-gradient":""},"mobile":{"background-color":"","background-image":"","background-repeat":"repeat","background-position":"center center","background-size":"auto","background-attachment":"scroll","background-type":"","background-media":"","overlay-type":"","overlay-color":"","overlay-opacity":"","overlay-gradient":""}},"ast-content-background-meta":{"desktop":{"background-color":"var(--ast-global-color-5)","background-image":"","background-repeat":"repeat","background-position":"center center","background-size":"auto","background-attachment":"scroll","background-type":"","background-media":"","overlay-type":"","overlay-color":"","overlay-opacity":"","overlay-gradient":""},"tablet":{"background-color":"var(--ast-global-color-5)","background-image":"","background-repeat":"repeat","background-position":"center center","background-size":"auto","background-attachment":"scroll","background-type":"","background-media":"","overlay-type":"","overlay-color":"","overlay-opacity":"","overlay-gradient":""},"mobile":{"background-color":"var(--ast-global-color-5)","background-image":"","background-repeat":"repeat","background-position":"center center","background-size":"auto","background-attachment":"scroll","background-type":"","background-media":"","overlay-type":"","overlay-color":"","overlay-opacity":"","overlay-gradient":""}}},"product_brand":[],"product_cat":[37],"product_tag":[89],"class_list":{"0":"post-8133","1":"product","2":"type-product","3":"status-publish","4":"has-post-thumbnail","6":"product_cat-wire-rope","7":"product_tag-wire-rope","8":"desktop-align-left","9":"tablet-align-left","10":"mobile-align-left","11":"ast-product-gallery-layout-horizontal-slider","12":"ast-product-gallery-with-no-image","13":"ast-product-tabs-layout-horizontal","15":"first","16":"instock","17":"shipping-taxable","18":"purchasable","19":"product-type-simple"},"yoast_head":"<!-- This site is optimized with the Yoast SEO plugin v25.2 - https:\/\/yoast.com\/wordpress\/plugins\/seo\/ -->\n<title>7x7 Wire Rope<\/title>\n<meta name=\"description\" content=\"7x7 wire rope is a medium-flexibility, multi-strand cable composed of seven strands, each containing seven wires.\" \/>\n<meta name=\"robots\" content=\"index, follow, max-snippet:-1, max-image-preview:large, max-video-preview:-1\" \/>\n<link rel=\"canonical\" href=\"https:\/\/qingdaohf.com\/fi\/tuote\/7x7-vaijeri\/\" \/>\n<meta property=\"og:locale\" content=\"fi_FI\" \/>\n<meta property=\"og:type\" content=\"article\" \/>\n<meta property=\"og:title\" content=\"7x7 Wire Rope\" \/>\n<meta property=\"og:description\" content=\"7x7 wire rope is a medium-flexibility, multi-strand cable composed of seven strands, each containing seven wires.\" \/>\n<meta property=\"og:url\" content=\"https:\/\/qingdaohf.com\/fi\/tuote\/7x7-vaijeri\/\" \/>\n<meta property=\"og:site_name\" content=\"Concrete Form &amp; Rigging Hardware Supplier\" \/>\n<meta property=\"article:publisher\" content=\"https:\/\/www.facebook.com\/qingdaohf\" \/>\n<meta property=\"article:modified_time\" content=\"2025-11-13T01:02:55+00:00\" \/>\n<meta property=\"og:image\" content=\"https:\/\/qingdaohf.com\/wp-content\/uploads\/2024\/10\/7x7-wire-rope.webp\" \/>\n\t<meta property=\"og:image:width\" content=\"787\" \/>\n\t<meta property=\"og:image:height\" content=\"787\" \/>\n\t<meta property=\"og:image:type\" content=\"image\/webp\" \/>\n<meta name=\"twitter:card\" content=\"summary_large_image\" \/>\n<meta name=\"twitter:label1\" content=\"Arvioitu lukuaika\" \/>\n\t<meta name=\"twitter:data1\" content=\"7 minuuttia\" \/>\n<script type=\"application\/ld+json\" class=\"yoast-schema-graph\">{\"@context\":\"https:\/\/schema.org\",\"@graph\":[{\"@type\":\"WebPage\",\"@id\":\"https:\/\/qingdaohf.com\/product\/7x7-wire-rope\/\",\"url\":\"https:\/\/qingdaohf.com\/product\/7x7-wire-rope\/\",\"name\":\"7x7 Wire Rope\",\"isPartOf\":{\"@id\":\"https:\/\/qingdaohf.com\/bg\/#website\"},\"primaryImageOfPage\":{\"@id\":\"https:\/\/qingdaohf.com\/product\/7x7-wire-rope\/#primaryimage\"},\"image\":{\"@id\":\"https:\/\/qingdaohf.com\/product\/7x7-wire-rope\/#primaryimage\"},\"thumbnailUrl\":\"https:\/\/qingdaohf.com\/wp-content\/uploads\/2024\/10\/7x7-wire-rope.webp\",\"datePublished\":\"2024-10-24T09:58:44+00:00\",\"dateModified\":\"2025-11-13T01:02:55+00:00\",\"description\":\"7x7 wire rope is a medium-flexibility, multi-strand cable composed of seven strands, each containing seven wires.\",\"breadcrumb\":{\"@id\":\"https:\/\/qingdaohf.com\/product\/7x7-wire-rope\/#breadcrumb\"},\"inLanguage\":\"fi\",\"potentialAction\":[{\"@type\":\"ReadAction\",\"target\":[\"https:\/\/qingdaohf.com\/product\/7x7-wire-rope\/\"]}]},{\"@type\":\"ImageObject\",\"inLanguage\":\"fi\",\"@id\":\"https:\/\/qingdaohf.com\/product\/7x7-wire-rope\/#primaryimage\",\"url\":\"https:\/\/qingdaohf.com\/wp-content\/uploads\/2024\/10\/7x7-wire-rope.webp\",\"contentUrl\":\"https:\/\/qingdaohf.com\/wp-content\/uploads\/2024\/10\/7x7-wire-rope.webp\",\"width\":787,\"height\":787,\"caption\":\"7x7 wire rope\"},{\"@type\":\"BreadcrumbList\",\"@id\":\"https:\/\/qingdaohf.com\/product\/7x7-wire-rope\/#breadcrumb\",\"itemListElement\":[{\"@type\":\"ListItem\",\"position\":1,\"name\":\"Home\",\"item\":\"https:\/\/qingdaohf.com\/\"},{\"@type\":\"ListItem\",\"position\":2,\"name\":\"Concrete Forming Accessories and Rigging Hardware\",\"item\":\"https:\/\/qingdaohf.com\/bg\/?page_id=944\"},{\"@type\":\"ListItem\",\"position\":3,\"name\":\"7&#215;7 Wire Rope\"}]},{\"@type\":\"WebSite\",\"@id\":\"https:\/\/qingdaohf.com\/bg\/#website\",\"url\":\"https:\/\/qingdaohf.com\/bg\/\",\"name\":\"Concrete Form & Rigging Hardware Supplier\",\"description\":\"\",\"publisher\":{\"@id\":\"https:\/\/qingdaohf.com\/bg\/#organization\"},\"potentialAction\":[{\"@type\":\"SearchAction\",\"target\":{\"@type\":\"EntryPoint\",\"urlTemplate\":\"https:\/\/qingdaohf.com\/bg\/?s={search_term_string}\"},\"query-input\":{\"@type\":\"PropertyValueSpecification\",\"valueRequired\":true,\"valueName\":\"search_term_string\"}}],\"inLanguage\":\"fi\"},{\"@type\":\"Organization\",\"@id\":\"https:\/\/qingdaohf.com\/bg\/#organization\",\"name\":\"Qingdao H&F\",\"url\":\"https:\/\/qingdaohf.com\/bg\/\",\"logo\":{\"@type\":\"ImageObject\",\"inLanguage\":\"fi\",\"@id\":\"https:\/\/qingdaohf.com\/bg\/#\/schema\/logo\/image\/\",\"url\":\"https:\/\/qingdaohf.com\/wp-content\/uploads\/2022\/12\/cropped-HF-LOGO.png\",\"contentUrl\":\"https:\/\/qingdaohf.com\/wp-content\/uploads\/2022\/12\/cropped-HF-LOGO.png\",\"width\":391,\"height\":249,\"caption\":\"Qingdao H&F\"},\"image\":{\"@id\":\"https:\/\/qingdaohf.com\/bg\/#\/schema\/logo\/image\/\"},\"sameAs\":[\"https:\/\/www.facebook.com\/qingdaohf\"]}]}<\/script>\n<!-- \/ Yoast SEO plugin. -->","yoast_head_json":{"title":"7x7 Wire Rope","description":"7x7 wire rope is a medium-flexibility, multi-strand cable composed of seven strands, each containing seven wires.","robots":{"index":"index","follow":"follow","max-snippet":"max-snippet:-1","max-image-preview":"max-image-preview:large","max-video-preview":"max-video-preview:-1"},"canonical":"https:\/\/qingdaohf.com\/fi\/tuote\/7x7-vaijeri\/","og_locale":"fi_FI","og_type":"article","og_title":"7x7 Wire Rope","og_description":"7x7 wire rope is a medium-flexibility, multi-strand cable composed of seven strands, each containing seven wires.","og_url":"https:\/\/qingdaohf.com\/fi\/tuote\/7x7-vaijeri\/","og_site_name":"Concrete Form &amp; Rigging Hardware Supplier","article_publisher":"https:\/\/www.facebook.com\/qingdaohf","article_modified_time":"2025-11-13T01:02:55+00:00","og_image":[{"width":787,"height":787,"url":"https:\/\/qingdaohf.com\/wp-content\/uploads\/2024\/10\/7x7-wire-rope.webp","type":"image\/webp"}],"twitter_card":"summary_large_image","twitter_misc":{"Arvioitu lukuaika":"7 minuuttia"},"schema":{"@context":"https:\/\/schema.org","@graph":[{"@type":"WebPage","@id":"https:\/\/qingdaohf.com\/product\/7x7-wire-rope\/","url":"https:\/\/qingdaohf.com\/product\/7x7-wire-rope\/","name":"7x7 Wire Rope","isPartOf":{"@id":"https:\/\/qingdaohf.com\/bg\/#website"},"primaryImageOfPage":{"@id":"https:\/\/qingdaohf.com\/product\/7x7-wire-rope\/#primaryimage"},"image":{"@id":"https:\/\/qingdaohf.com\/product\/7x7-wire-rope\/#primaryimage"},"thumbnailUrl":"https:\/\/qingdaohf.com\/wp-content\/uploads\/2024\/10\/7x7-wire-rope.webp","datePublished":"2024-10-24T09:58:44+00:00","dateModified":"2025-11-13T01:02:55+00:00","description":"7x7 wire rope is a medium-flexibility, multi-strand cable composed of seven strands, each containing seven wires.","breadcrumb":{"@id":"https:\/\/qingdaohf.com\/product\/7x7-wire-rope\/#breadcrumb"},"inLanguage":"fi","potentialAction":[{"@type":"ReadAction","target":["https:\/\/qingdaohf.com\/product\/7x7-wire-rope\/"]}]},{"@type":"ImageObject","inLanguage":"fi","@id":"https:\/\/qingdaohf.com\/product\/7x7-wire-rope\/#primaryimage","url":"https:\/\/qingdaohf.com\/wp-content\/uploads\/2024\/10\/7x7-wire-rope.webp","contentUrl":"https:\/\/qingdaohf.com\/wp-content\/uploads\/2024\/10\/7x7-wire-rope.webp","width":787,"height":787,"caption":"7x7 wire rope"},{"@type":"BreadcrumbList","@id":"https:\/\/qingdaohf.com\/product\/7x7-wire-rope\/#breadcrumb","itemListElement":[{"@type":"ListItem","position":1,"name":"Home","item":"https:\/\/qingdaohf.com\/"},{"@type":"ListItem","position":2,"name":"Concrete Forming Accessories and Rigging Hardware","item":"https:\/\/qingdaohf.com\/bg\/?page_id=944"},{"@type":"ListItem","position":3,"name":"7&#215;7 Wire Rope"}]},{"@type":"WebSite","@id":"https:\/\/qingdaohf.com\/bg\/#website","url":"https:\/\/qingdaohf.com\/bg\/","name":"Concrete Form & Rigging Hardware Supplier","description":"","publisher":{"@id":"https:\/\/qingdaohf.com\/bg\/#organization"},"potentialAction":[{"@type":"SearchAction","target":{"@type":"EntryPoint","urlTemplate":"https:\/\/qingdaohf.com\/bg\/?s={search_term_string}"},"query-input":{"@type":"PropertyValueSpecification","valueRequired":true,"valueName":"search_term_string"}}],"inLanguage":"fi"},{"@type":"Organization","@id":"https:\/\/qingdaohf.com\/bg\/#organization","name":"Qingdao H&F","url":"https:\/\/qingdaohf.com\/bg\/","logo":{"@type":"ImageObject","inLanguage":"fi","@id":"https:\/\/qingdaohf.com\/bg\/#\/schema\/logo\/image\/","url":"https:\/\/qingdaohf.com\/wp-content\/uploads\/2022\/12\/cropped-HF-LOGO.png","contentUrl":"https:\/\/qingdaohf.com\/wp-content\/uploads\/2022\/12\/cropped-HF-LOGO.png","width":391,"height":249,"caption":"Qingdao H&F"},"image":{"@id":"https:\/\/qingdaohf.com\/bg\/#\/schema\/logo\/image\/"},"sameAs":["https:\/\/www.facebook.com\/qingdaohf"]}]}},"_links":{"self":[{"href":"https:\/\/qingdaohf.com\/fi\/wp-json\/wp\/v2\/product\/8133","targetHints":{"allow":["GET"]}}],"collection":[{"href":"https:\/\/qingdaohf.com\/fi\/wp-json\/wp\/v2\/product"}],"about":[{"href":"https:\/\/qingdaohf.com\/fi\/wp-json\/wp\/v2\/types\/product"}],"replies":[{"embeddable":true,"href":"https:\/\/qingdaohf.com\/fi\/wp-json\/wp\/v2\/comments?post=8133"}],"version-history":[{"count":1,"href":"https:\/\/qingdaohf.com\/fi\/wp-json\/wp\/v2\/product\/8133\/revisions"}],"predecessor-version":[{"id":8135,"href":"https:\/\/qingdaohf.com\/fi\/wp-json\/wp\/v2\/product\/8133\/revisions\/8135"}],"wp:featuredmedia":[{"embeddable":true,"href":"https:\/\/qingdaohf.com\/fi\/wp-json\/wp\/v2\/media\/8134"}],"wp:attachment":[{"href":"https:\/\/qingdaohf.com\/fi\/wp-json\/wp\/v2\/media?parent=8133"}],"wp:term":[{"taxonomy":"product_brand","embeddable":true,"href":"https:\/\/qingdaohf.com\/fi\/wp-json\/wp\/v2\/product_brand?post=8133"},{"taxonomy":"product_cat","embeddable":true,"href":"https:\/\/qingdaohf.com\/fi\/wp-json\/wp\/v2\/product_cat?post=8133"},{"taxonomy":"product_tag","embeddable":true,"href":"https:\/\/qingdaohf.com\/fi\/wp-json\/wp\/v2\/product_tag?post=8133"}],"curies":[{"name":"wp","href":"https:\/\/api.w.org\/{rel}","templated":true}]}}