{"id":8136,"date":"2024-10-24T18:02:50","date_gmt":"2024-10-24T10:02:50","guid":{"rendered":"http:\/\/qingdaohf.com\/?post_type=product&#038;p=8136"},"modified":"2025-11-13T09:02:54","modified_gmt":"2025-11-13T01:02:54","slug":"7x19-wire-rope","status":"publish","type":"product","link":"https:\/\/qingdaohf.com\/fi\/tuote\/7x19-vaijeri\/","title":{"rendered":"7\u00d719 vaijeri"},"content":{"rendered":"<div class=\"flex max-w-full flex-col flex-grow\">\n<div class=\"min-h-8 text-message flex w-full flex-col items-end gap-2 whitespace-normal break-words [.text-message+&amp;]:mt-5\" dir=\"auto\" data-message-author-role=\"assistant\" data-message-id=\"433aa721-79fe-4c11-be83-ec5599ef1987\" data-message-model-slug=\"gpt-4o\">\n<div class=\"flex w-full flex-col gap-1 empty:hidden first:pt-[3px]\">\n<div class=\"markdown prose w-full break-words dark:prose-invert light\">\n<h3>Mik\u00e4 on 7\u00d719 vaijeri?<\/h3>\n<p>7\u00d719- vaijeri on eritt\u00e4in joustava ja kest\u00e4v\u00e4 vaijeri, joka koostuu p\u00e4\u00e4asiassa seitsem\u00e4st\u00e4 lankakimpusta, joissa kussakin on 19 yksitt\u00e4ist\u00e4 lankaa. T\u00e4m\u00e4 rakenne antaa k\u00f6ydelle ainutlaatuisen yhdistelm\u00e4n lujuutta ja joustavuutta, mink\u00e4 ansiosta se on suosittu valinta monissa sovelluksissa meriymp\u00e4rist\u00f6ist\u00e4 teollisuuskoneisiin. N\u00e4iden s\u00e4ikeiden kokoonpano varmistaa, ett\u00e4 k\u00f6ysi pystyy k\u00e4sittelem\u00e4\u00e4n merkitt\u00e4vi\u00e4 kuormia s\u00e4ilytt\u00e4en samalla rakenteellisen eheytens\u00e4 paineen alaisena.<\/p>\n<p>Vaijerin monipuolisuus on yksi sen houkuttelevimmista ominaisuuksista erityisesti teollisuudenaloilla, joilla vaijerit joutuvat liikkumaan tai taipumaan usein. Toisin kuin j\u00e4ykemm\u00e4t mallit, kuten 1\u00d719- vaijeri, 7\u00d719-kokoonpano tarjoaa erinomaisen joustavuuden ilman, ett\u00e4 sen vetolujuus k\u00e4rsii. Tyypillisesti korkealaatuisista materiaaleista, kuten ruostumattomasta ter\u00e4ksest\u00e4 tai galvanoidusta ter\u00e4ksest\u00e4, valmistettu 7\u00d719- vaijeri on suunniteltu kest\u00e4m\u00e4\u00e4n korroosiota, joten se soveltuu sek\u00e4 sis\u00e4- ett\u00e4 ulkok\u00e4ytt\u00f6\u00f6n. K\u00e4ytettiinp\u00e4 sit\u00e4 sitten vinsseiss\u00e4, nostureissa tai lentokoneiden ohjauskaapeleissa, 7\u00d719- vaijeri on erinomainen ymp\u00e4rist\u00f6iss\u00e4, joissa joustavuus ja kest\u00e4vyys ovat ensiarvoisen t\u00e4rkeit\u00e4.<\/p>\n<h3>Materiaali ja rakenne<\/h3>\n<p>7\u00d719-merkkist\u00e4 vaijeria on yleens\u00e4 saatavana kahdesta eri materiaalista: ruostumattomasta ter\u00e4ksest\u00e4 ja sinkityst\u00e4 ter\u00e4ksest\u00e4. Ruostumattomasta ter\u00e4ksest\u00e4 valmistettua vaijeria suositaan sovelluksissa, joissa vaaditaan korkeaa korroosionkest\u00e4vyytt\u00e4, erityisesti kosteudelle, kemikaaleille tai suolavedelle altistuvissa ymp\u00e4rist\u00f6iss\u00e4. T\u00e4m\u00e4n vuoksi se on suosittu valinta meriteollisuudessa, jossa ruoste ja korroosio voivat nopeasti heikent\u00e4\u00e4 v\u00e4hemm\u00e4n kest\u00e4vi\u00e4 materiaaleja. Sinkitty ter\u00e4sk\u00f6ysi puolestaan on p\u00e4\u00e4llystetty sinkkikerroksella, joka takaa korroosionkest\u00e4vyyden s\u00e4ilytt\u00e4en samalla kustannustehokkuuden sovelluksissa, jotka eiv\u00e4t ole alttiita ankarille ymp\u00e4rist\u00f6olosuhteille.<\/p>\n<p>7\u00d719- vaijerin rakenteellinen rakenne koostuu seitsem\u00e4st\u00e4 s\u00e4ikeest\u00e4, joista kukin koostuu 19 langasta. T\u00e4m\u00e4 kokoonpano parantaa k\u00f6yden joustavuutta sen lujuutta heikent\u00e4m\u00e4tt\u00e4. Verrattuna 1\u00d719:n kaltaiseen rakenteeseen, jossa yksitt\u00e4isen s\u00e4ikeen joustavuus on rajoitettu, 7\u00d719-rakenne on entist\u00e4 taipuisampi, joten se sopii erinomaisesti tilanteisiin, joissa k\u00f6yden on taivuttava hihnapy\u00f6rien ymp\u00e4ri tai kuljettava kaarevien pintojen yli. 7\u00d719-k\u00f6yden joustavuus v\u00e4hent\u00e4\u00e4 my\u00f6s todenn\u00e4k\u00f6isyytt\u00e4, ett\u00e4 k\u00f6ysi taittuu tai k\u00e4rsii v\u00e4symisvaurioista, mik\u00e4 takaa pidemm\u00e4n k\u00e4ytt\u00f6i\u00e4n dynaamisissa sovelluksissa.<\/p>\n<p>Ulkoisen rakenteen lis\u00e4ksi vaijerin ydin on ratkaisevassa asemassa vaijerin suorituskyvyn kannalta. 7\u00d719- vaijeria on saatavana kahdentyyppisill\u00e4 ytimill\u00e4: kuituytimill\u00e4 (FC) ja itsen\u00e4isill\u00e4 vaijeriytimill\u00e4 (IWRC). Kuituydin, joka on yleens\u00e4 valmistettu synteettisist\u00e4 tai luonnonkuiduista, lis\u00e4\u00e4 joustavuutta, mik\u00e4 tekee k\u00f6ydest\u00e4 notkeamman mutta hieman heikomman. IWRC, joka on tyypillisesti halkaisijaltaan pieni ter\u00e4sk\u00f6ysi, tarjoaa paremman lujuuden ja puristuskest\u00e4vyyden, joten se soveltuu paremmin raskaampiin kuormitussovelluksiin. Valinta kuituytimen ja IWRC:n v\u00e4lill\u00e4 riippuu erityissovelluksesta, ja IWRC on suositeltavampi vaihtoehto teollisuusk\u00e4ytt\u00f6\u00f6n ja kuituytimet yleisempi\u00e4 tilanteissa, joissa vaaditaan enemm\u00e4n joustavuutta kuin kantavuutta.<\/p>\n<h3>Yleiset koot ja sovellukset<\/h3>\n<p>7\u00d719- vaijeria on saatavana useissa eri kokoluokissa erilaisiin sovelluksiin sopivaksi. Yleisimpi\u00e4 kokoja ovat mm:<\/p>\n<p><strong>1\/16 tuuman 7\u00d719 vaijeri:<\/strong> T\u00e4t\u00e4 kokoa k\u00e4ytet\u00e4\u00e4n usein kevyisiin teht\u00e4viin. Sen pieni halkaisija tekee siit\u00e4 ihanteellisen tarkkuuskohteisiin, kuten ohjauskaapeleihin, polkupy\u00f6r\u00e4n kaapeleihin ja jopa joissakin lentokonet\u00f6iss\u00e4, joissa tarvitaan hienos\u00e4\u00e4t\u00f6\u00e4 ja joustavuutta. Pienest\u00e4 koostaan huolimatta 1\/16 tuuman 7\u00d719- vaijeri s\u00e4ilytt\u00e4\u00e4 vaikuttavan vetolujuuden monis\u00e4ikeisen rakenteensa ansiosta, mik\u00e4 takaa luotettavuuden teht\u00e4viss\u00e4, jotka vaativat sek\u00e4 hienovaraisuutta ett\u00e4 kest\u00e4vyytt\u00e4.<\/p>\n<p><strong>3\/32 tuuman 7\u00d719 vaijeri:<\/strong> T\u00e4m\u00e4 hieman suurempi koko soveltuu sovelluksiin, joissa tarvitaan tasapainoa joustavuuden ja lujuuden v\u00e4lill\u00e4. Sit\u00e4 k\u00e4ytet\u00e4\u00e4n usein arkkitehtonisissa sovelluksissa, kuten kaiteissa ja esteiss\u00e4, sek\u00e4 kevyiss\u00e4 takilointiteht\u00e4viss\u00e4 merenkulussa. 3\/32 tuuman vaijerin lis\u00e4paksuus tekee siit\u00e4 joustavamman kuin pienemm\u00e4t halkaisijat, mutta se tarjoaa silti erinomaista joustavuutta hihnapy\u00f6rille ja vastaaville mekanismeille.<\/p>\n<p><strong>1\/8 tuuman 7\u00d719 vaijeri:<\/strong> 1\/8 tuuman vaijeri on eritt\u00e4in monik\u00e4ytt\u00f6inen ja sit\u00e4 k\u00e4ytet\u00e4\u00e4n yleisesti teollisuudessa ja merenkulussa. Se on riitt\u00e4v\u00e4n kest\u00e4v\u00e4 kohtalaisiin nostoteht\u00e4viin, ja se toimii hyvin vinssiss\u00e4, vaijereissa ja jopa riippusilloissa ja rakenteissa. Sen korroosionkest\u00e4vyys, erityisesti kun se on valmistettu ruostumattomasta ter\u00e4ksest\u00e4, tekee siit\u00e4 suositun vaihtoehdon ymp\u00e4rist\u00f6iss\u00e4, joissa altistuminen elementeille on ongelma.<\/p>\n<p><strong>5\/32 tuuman 7\u00d719 vaijeri:<\/strong> T\u00e4m\u00e4 koko tarjoaa entist\u00e4kin suuremman lujuuden s\u00e4ilytt\u00e4en samalla joustavuuden, joten se on ihanteellinen raskaisiin teht\u00e4viin. Sit\u00e4 k\u00e4ytet\u00e4\u00e4n usein rakennust\u00f6iss\u00e4, hisseiss\u00e4 ja nostureissa, joissa on nostettava tai siirrett\u00e4v\u00e4 suuria kuormia. Suurempi halkaisija varmistaa, ett\u00e4 5\/32 tuuman vaijeri kest\u00e4\u00e4 huomattavia j\u00e4nnityksi\u00e4 ilman, ett\u00e4 se deformoituu tai kuluu ennenaikaisesti, mik\u00e4 on ratkaisevan t\u00e4rke\u00e4\u00e4 turvallisuuden kannalta raskaissa kuormitustilanteissa.<\/p>\n<p>Sopivan 7\u00d719 vaijerikoon valinta riippuu suurelta osin sovelluksen erityisist\u00e4 kuormitusvaatimuksista ja ymp\u00e4rist\u00f6olosuhteista. Pienemm\u00e4t koot, kuten 1\/16 tuumaa tai 3\/32 tuumaa, soveltuvat erinomaisesti tarkkuusteht\u00e4viin, kun taas suuremmat koot, kuten 1\/8 tuumaa ja 5\/32 tuumaa, soveltuvat paremmin raskaisiin teht\u00e4viin, joissa vaaditaan sek\u00e4 joustavuutta ett\u00e4 lujuutta.<\/p>\n<h3>Monipuolinen k\u00e4ytt\u00f6<\/h3>\n<p>Yksi 7\u00d719- vaijerin merkitt\u00e4vimmist\u00e4 eduista on sen muunneltavuus useilla eri teollisuudenaloilla. K\u00f6yden lujuuden ja joustavuuden yhdistelm\u00e4 tekee siit\u00e4 v\u00e4ltt\u00e4m\u00e4tt\u00f6m\u00e4n esimerkiksi ilmailun, rakentamisen, merenkulun ja arkkitehtuurin aloilla.<\/p>\n<p>Ilmailussa 7\u00d719- vaijeria k\u00e4ytet\u00e4\u00e4n usein ohjauskaapeleissa ja lentokoneiden takilaj\u00e4rjestelmiss\u00e4. Erinomaisen joustavuutensa ansiosta se taipuu ja liikkuu sujuvasti hihnapy\u00f6rien l\u00e4pi ja kulmien ymp\u00e4ri ilman, ett\u00e4 on vaarana, ett\u00e4 se taipuu tai vaurioituu. Materiaalin kest\u00e4vyys varmistaa, ett\u00e4 se kest\u00e4\u00e4 suurnopeuslennon, t\u00e4rin\u00e4n ja l\u00e4mp\u00f6tilanvaihtelujen aiheuttamat rasitukset ja rasitukset.<\/p>\n<p>Meriteollisuudessa ruostumattomasta ter\u00e4ksest\u00e4 valmistettu 7\u00d719-merkkinen vaijeri on valittu materiaali takilointi-, kiinnitys- ja nostot\u00f6ihin. K\u00f6yden korroosionkest\u00e4vyys yhdistettyn\u00e4 sen kykyyn k\u00e4sitell\u00e4 raskaita kuormia tekee siit\u00e4 t\u00e4ydellisen k\u00e4ytt\u00f6kelpoisen ankarissa suolavesiymp\u00e4rist\u00f6iss\u00e4. 7\u00d719-rakenteen joustavuus v\u00e4hent\u00e4\u00e4 my\u00f6s hihnapy\u00f6rien ja muiden laitteiden kulumista, mik\u00e4 on erityisen hy\u00f6dyllist\u00e4 ymp\u00e4rist\u00f6iss\u00e4, joissa laitteita k\u00e4ytet\u00e4\u00e4n jatkuvasti.<\/p>\n<p>Rakennusalalla 7\u00d719 vaijeria k\u00e4ytet\u00e4\u00e4n raskaiden materiaalien nostamiseen ja kiinnitt\u00e4miseen. Sen kyky kest\u00e4\u00e4 suuria kuormia ilman muodonmuutoksia tekee siit\u00e4 olennaisen osan nostureissa, hisseiss\u00e4 ja muissa rakennuskoneissa. Vaijerin joustavuus varmistaa, ett\u00e4 se liikkuu sujuvasti laitteissa, mik\u00e4 v\u00e4hent\u00e4\u00e4 sek\u00e4 vaijerin ett\u00e4 sen kanssa vuorovaikutuksessa olevien koneiden kulumista.<\/p>\n<p>Arkkitehtuurisovelluksissa arvostetaan suuresti 7\u00d719-merkkisen vaijerin esteettisi\u00e4 ja toiminnallisia ominaisuuksia. Sit\u00e4 k\u00e4ytet\u00e4\u00e4n usein k\u00f6ysikaidej\u00e4rjestelmiss\u00e4, j\u00e4nnitysrakenteissa ja riippusilloissa, joissa sen puhdas, moderni ulkon\u00e4k\u00f6 ja lujuus tekev\u00e4t siit\u00e4 ihanteellisen materiaalin. Erityisesti ruostumattomasta ter\u00e4ksest\u00e4 valmistettua 7\u00d719- vaijeria arvostetaan sen kyvyst\u00e4 s\u00e4ilytt\u00e4\u00e4 tyylik\u00e4s, ruosteeton ulkon\u00e4k\u00f6 ja tarjota samalla tarvittava vetolujuus rakenteiden turvalliseen tukemiseen.<\/p>\n<h3>P\u00e4\u00e4telm\u00e4<\/h3>\n<p>7\u00d719- vaijeri on erinomainen esimerkki tekniikan monipuolisuudesta. Sen ainutlaatuinen seitsem\u00e4n s\u00e4ikeen kokoonpano, joissa kussakin on 19 lankaa, mahdollistaa lujuuden, joustavuuden ja kest\u00e4vyyden yhdist\u00e4misen tavalla, jota vain harvat muut materiaalit pystyv\u00e4t saavuttamaan. Vaijeri on saatavana eri kokoluokissa, kuten 1\/16 tuumaa, 3\/32 tuumaa, 1\/8 tuumaa ja 5\/32 tuumaa, ja se tarjoaa erilaisia ratkaisuja kevyisiin ja raskaisiin sovelluksiin useilla teollisuudenaloilla. K\u00e4ytettiinp\u00e4 sit\u00e4 sitten meriymp\u00e4rist\u00f6iss\u00e4, teollisuuskoneissa tai arkkitehtuuriprojekteissa, 7\u00d719- vaijeri tarjoaa johdonmukaisesti suorituskyvyn, jota tarvitaan vaativien toimintavaatimusten t\u00e4ytt\u00e4miseksi.<\/p>\n<\/div>\n<\/div>\n<\/div>\n<\/div>","protected":false},"excerpt":{"rendered":"<p>7\u00d719 vaijeri on monipuolinen ja joustava vaijeri, jota k\u00e4ytet\u00e4\u00e4n usein teollisuudenaloilla, joilla vaaditaan lujuutta ja kest\u00e4vyytt\u00e4. T\u00e4m\u00e4 k\u00f6ysi on valmistettu seitsem\u00e4st\u00e4 s\u00e4ikeest\u00e4, joista kukin sis\u00e4lt\u00e4\u00e4 19 yksitt\u00e4ist\u00e4 lankaa, ja se tarjoaa erinomaista joustavuutta muihin k\u00f6ysirakenteisiin verrattuna. Se on yleens\u00e4 valmistettu korkealaatuisesta ruostumattomasta tai sinkityst\u00e4 ter\u00e4ksest\u00e4, ja sit\u00e4 on saatavana eri kokoja, kuten 1\/16 tuumaa, 3\/32 tuumaa ja 5\/32 tuumaa. Ytimet voidaan valmistaa ter\u00e4ksest\u00e4 tai kuidusta riippuen kuormituksen lujuutta, joustavuutta ja ymp\u00e4rist\u00f6olosuhteita koskevista erityisvaatimuksista.<\/p>","protected":false},"featured_media":8137,"comment_status":"open","ping_status":"closed","template":"","meta":{"site-sidebar-layout":"default","site-content-layout":"","ast-site-content-layout":"default","site-content-style":"default","site-sidebar-style":"default","ast-global-header-display":"","ast-banner-title-visibility":"","ast-main-header-display":"","ast-hfb-above-header-display":"","ast-hfb-below-header-display":"","ast-hfb-mobile-header-display":"","site-post-title":"","ast-breadcrumbs-content":"","ast-featured-img":"","footer-sml-layout":"","theme-transparent-header-meta":"default","adv-header-id-meta":"","stick-header-meta":"default","header-above-stick-meta":"","header-main-stick-meta":"","header-below-stick-meta":"","astra-migrate-meta-layouts":"set","ast-page-background-enabled":"default","ast-page-background-meta":{"desktop":{"background-color":"","background-image":"","background-repeat":"repeat","background-position":"center center","background-size":"auto","background-attachment":"scroll","background-type":"","background-media":"","overlay-type":"","overlay-color":"","overlay-opacity":"","overlay-gradient":""},"tablet":{"background-color":"","background-image":"","background-repeat":"repeat","background-position":"center center","background-size":"auto","background-attachment":"scroll","background-type":"","background-media":"","overlay-type":"","overlay-color":"","overlay-opacity":"","overlay-gradient":""},"mobile":{"background-color":"","background-image":"","background-repeat":"repeat","background-position":"center center","background-size":"auto","background-attachment":"scroll","background-type":"","background-media":"","overlay-type":"","overlay-color":"","overlay-opacity":"","overlay-gradient":""}},"ast-content-background-meta":{"desktop":{"background-color":"var(--ast-global-color-5)","background-image":"","background-repeat":"repeat","background-position":"center center","background-size":"auto","background-attachment":"scroll","background-type":"","background-media":"","overlay-type":"","overlay-color":"","overlay-opacity":"","overlay-gradient":""},"tablet":{"background-color":"var(--ast-global-color-5)","background-image":"","background-repeat":"repeat","background-position":"center center","background-size":"auto","background-attachment":"scroll","background-type":"","background-media":"","overlay-type":"","overlay-color":"","overlay-opacity":"","overlay-gradient":""},"mobile":{"background-color":"var(--ast-global-color-5)","background-image":"","background-repeat":"repeat","background-position":"center center","background-size":"auto","background-attachment":"scroll","background-type":"","background-media":"","overlay-type":"","overlay-color":"","overlay-opacity":"","overlay-gradient":""}}},"product_brand":[],"product_cat":[37],"product_tag":[89],"class_list":{"0":"post-8136","1":"product","2":"type-product","3":"status-publish","4":"has-post-thumbnail","6":"product_cat-wire-rope","7":"product_tag-wire-rope","8":"desktop-align-left","9":"tablet-align-left","10":"mobile-align-left","11":"ast-product-gallery-layout-horizontal-slider","12":"ast-product-gallery-with-no-image","13":"ast-product-tabs-layout-horizontal","15":"first","16":"instock","17":"shipping-taxable","18":"purchasable","19":"product-type-simple"},"yoast_head":"<!-- This site is optimized with the Yoast SEO plugin v25.2 - https:\/\/yoast.com\/wordpress\/plugins\/seo\/ -->\n<title>7x19 Wire Rope<\/title>\n<meta name=\"robots\" content=\"index, follow, max-snippet:-1, max-image-preview:large, max-video-preview:-1\" \/>\n<link rel=\"canonical\" href=\"https:\/\/qingdaohf.com\/fi\/tuote\/7x19-vaijeri\/\" \/>\n<meta property=\"og:locale\" content=\"fi_FI\" \/>\n<meta property=\"og:type\" content=\"article\" \/>\n<meta property=\"og:title\" content=\"7x19 Wire Rope\" \/>\n<meta property=\"og:description\" content=\"7x19 wire rope is a versatile, flexible cable often used in industries requiring strength and durability. Constructed with seven strands, each containing 19 individual wires, this rope offers excellent flexibility compared to other wire rope constructions. It is typically made from high-grade stainless or galvanized steel and comes in various sizes, such as 1\/16 inch, 3\/32 inch, and 5\/32 inch. The cores can be made from steel or fiber, depending on the specific requirements for load strength, flexibility, and environmental conditions.\" \/>\n<meta property=\"og:url\" content=\"https:\/\/qingdaohf.com\/fi\/tuote\/7x19-vaijeri\/\" \/>\n<meta property=\"og:site_name\" content=\"Concrete Form &amp; Rigging Hardware Supplier\" \/>\n<meta property=\"article:publisher\" content=\"https:\/\/www.facebook.com\/qingdaohf\" \/>\n<meta property=\"article:modified_time\" content=\"2025-11-13T01:02:54+00:00\" \/>\n<meta property=\"og:image\" content=\"https:\/\/qingdaohf.com\/wp-content\/uploads\/2024\/10\/7x19.webp\" \/>\n\t<meta property=\"og:image:width\" content=\"787\" \/>\n\t<meta property=\"og:image:height\" content=\"787\" \/>\n\t<meta property=\"og:image:type\" content=\"image\/webp\" \/>\n<meta name=\"twitter:card\" content=\"summary_large_image\" \/>\n<meta name=\"twitter:label1\" content=\"Arvioitu lukuaika\" \/>\n\t<meta name=\"twitter:data1\" content=\"6 minuuttia\" \/>\n<script type=\"application\/ld+json\" class=\"yoast-schema-graph\">{\"@context\":\"https:\/\/schema.org\",\"@graph\":[{\"@type\":\"WebPage\",\"@id\":\"https:\/\/qingdaohf.com\/product\/7x19-wire-rope\/\",\"url\":\"https:\/\/qingdaohf.com\/product\/7x19-wire-rope\/\",\"name\":\"7x19 Wire Rope\",\"isPartOf\":{\"@id\":\"https:\/\/qingdaohf.com\/bg\/#website\"},\"primaryImageOfPage\":{\"@id\":\"https:\/\/qingdaohf.com\/product\/7x19-wire-rope\/#primaryimage\"},\"image\":{\"@id\":\"https:\/\/qingdaohf.com\/product\/7x19-wire-rope\/#primaryimage\"},\"thumbnailUrl\":\"https:\/\/qingdaohf.com\/wp-content\/uploads\/2024\/10\/7x19.webp\",\"datePublished\":\"2024-10-24T10:02:50+00:00\",\"dateModified\":\"2025-11-13T01:02:54+00:00\",\"breadcrumb\":{\"@id\":\"https:\/\/qingdaohf.com\/product\/7x19-wire-rope\/#breadcrumb\"},\"inLanguage\":\"fi\",\"potentialAction\":[{\"@type\":\"ReadAction\",\"target\":[\"https:\/\/qingdaohf.com\/product\/7x19-wire-rope\/\"]}]},{\"@type\":\"ImageObject\",\"inLanguage\":\"fi\",\"@id\":\"https:\/\/qingdaohf.com\/product\/7x19-wire-rope\/#primaryimage\",\"url\":\"https:\/\/qingdaohf.com\/wp-content\/uploads\/2024\/10\/7x19.webp\",\"contentUrl\":\"https:\/\/qingdaohf.com\/wp-content\/uploads\/2024\/10\/7x19.webp\",\"width\":787,\"height\":787,\"caption\":\"7x19 wire rope\"},{\"@type\":\"BreadcrumbList\",\"@id\":\"https:\/\/qingdaohf.com\/product\/7x19-wire-rope\/#breadcrumb\",\"itemListElement\":[{\"@type\":\"ListItem\",\"position\":1,\"name\":\"Home\",\"item\":\"https:\/\/qingdaohf.com\/\"},{\"@type\":\"ListItem\",\"position\":2,\"name\":\"Concrete Forming Accessories and Rigging Hardware\",\"item\":\"https:\/\/qingdaohf.com\/bg\/?page_id=944\"},{\"@type\":\"ListItem\",\"position\":3,\"name\":\"7&#215;19 Wire Rope\"}]},{\"@type\":\"WebSite\",\"@id\":\"https:\/\/qingdaohf.com\/bg\/#website\",\"url\":\"https:\/\/qingdaohf.com\/bg\/\",\"name\":\"Concrete Form & Rigging Hardware Supplier\",\"description\":\"\",\"publisher\":{\"@id\":\"https:\/\/qingdaohf.com\/bg\/#organization\"},\"potentialAction\":[{\"@type\":\"SearchAction\",\"target\":{\"@type\":\"EntryPoint\",\"urlTemplate\":\"https:\/\/qingdaohf.com\/bg\/?s={search_term_string}\"},\"query-input\":{\"@type\":\"PropertyValueSpecification\",\"valueRequired\":true,\"valueName\":\"search_term_string\"}}],\"inLanguage\":\"fi\"},{\"@type\":\"Organization\",\"@id\":\"https:\/\/qingdaohf.com\/bg\/#organization\",\"name\":\"Qingdao H&F\",\"url\":\"https:\/\/qingdaohf.com\/bg\/\",\"logo\":{\"@type\":\"ImageObject\",\"inLanguage\":\"fi\",\"@id\":\"https:\/\/qingdaohf.com\/bg\/#\/schema\/logo\/image\/\",\"url\":\"https:\/\/qingdaohf.com\/wp-content\/uploads\/2022\/12\/cropped-HF-LOGO.png\",\"contentUrl\":\"https:\/\/qingdaohf.com\/wp-content\/uploads\/2022\/12\/cropped-HF-LOGO.png\",\"width\":391,\"height\":249,\"caption\":\"Qingdao H&F\"},\"image\":{\"@id\":\"https:\/\/qingdaohf.com\/bg\/#\/schema\/logo\/image\/\"},\"sameAs\":[\"https:\/\/www.facebook.com\/qingdaohf\"]}]}<\/script>\n<!-- \/ Yoast SEO plugin. -->","yoast_head_json":{"title":"7x19 Wire Rope","robots":{"index":"index","follow":"follow","max-snippet":"max-snippet:-1","max-image-preview":"max-image-preview:large","max-video-preview":"max-video-preview:-1"},"canonical":"https:\/\/qingdaohf.com\/fi\/tuote\/7x19-vaijeri\/","og_locale":"fi_FI","og_type":"article","og_title":"7x19 Wire Rope","og_description":"7x19 wire rope is a versatile, flexible cable often used in industries requiring strength and durability. Constructed with seven strands, each containing 19 individual wires, this rope offers excellent flexibility compared to other wire rope constructions. It is typically made from high-grade stainless or galvanized steel and comes in various sizes, such as 1\/16 inch, 3\/32 inch, and 5\/32 inch. The cores can be made from steel or fiber, depending on the specific requirements for load strength, flexibility, and environmental conditions.","og_url":"https:\/\/qingdaohf.com\/fi\/tuote\/7x19-vaijeri\/","og_site_name":"Concrete Form &amp; Rigging Hardware Supplier","article_publisher":"https:\/\/www.facebook.com\/qingdaohf","article_modified_time":"2025-11-13T01:02:54+00:00","og_image":[{"width":787,"height":787,"url":"https:\/\/qingdaohf.com\/wp-content\/uploads\/2024\/10\/7x19.webp","type":"image\/webp"}],"twitter_card":"summary_large_image","twitter_misc":{"Arvioitu lukuaika":"6 minuuttia"},"schema":{"@context":"https:\/\/schema.org","@graph":[{"@type":"WebPage","@id":"https:\/\/qingdaohf.com\/product\/7x19-wire-rope\/","url":"https:\/\/qingdaohf.com\/product\/7x19-wire-rope\/","name":"7x19 Wire Rope","isPartOf":{"@id":"https:\/\/qingdaohf.com\/bg\/#website"},"primaryImageOfPage":{"@id":"https:\/\/qingdaohf.com\/product\/7x19-wire-rope\/#primaryimage"},"image":{"@id":"https:\/\/qingdaohf.com\/product\/7x19-wire-rope\/#primaryimage"},"thumbnailUrl":"https:\/\/qingdaohf.com\/wp-content\/uploads\/2024\/10\/7x19.webp","datePublished":"2024-10-24T10:02:50+00:00","dateModified":"2025-11-13T01:02:54+00:00","breadcrumb":{"@id":"https:\/\/qingdaohf.com\/product\/7x19-wire-rope\/#breadcrumb"},"inLanguage":"fi","potentialAction":[{"@type":"ReadAction","target":["https:\/\/qingdaohf.com\/product\/7x19-wire-rope\/"]}]},{"@type":"ImageObject","inLanguage":"fi","@id":"https:\/\/qingdaohf.com\/product\/7x19-wire-rope\/#primaryimage","url":"https:\/\/qingdaohf.com\/wp-content\/uploads\/2024\/10\/7x19.webp","contentUrl":"https:\/\/qingdaohf.com\/wp-content\/uploads\/2024\/10\/7x19.webp","width":787,"height":787,"caption":"7x19 wire rope"},{"@type":"BreadcrumbList","@id":"https:\/\/qingdaohf.com\/product\/7x19-wire-rope\/#breadcrumb","itemListElement":[{"@type":"ListItem","position":1,"name":"Home","item":"https:\/\/qingdaohf.com\/"},{"@type":"ListItem","position":2,"name":"Concrete Forming Accessories and Rigging Hardware","item":"https:\/\/qingdaohf.com\/bg\/?page_id=944"},{"@type":"ListItem","position":3,"name":"7&#215;19 Wire Rope"}]},{"@type":"WebSite","@id":"https:\/\/qingdaohf.com\/bg\/#website","url":"https:\/\/qingdaohf.com\/bg\/","name":"Concrete Form & Rigging Hardware Supplier","description":"","publisher":{"@id":"https:\/\/qingdaohf.com\/bg\/#organization"},"potentialAction":[{"@type":"SearchAction","target":{"@type":"EntryPoint","urlTemplate":"https:\/\/qingdaohf.com\/bg\/?s={search_term_string}"},"query-input":{"@type":"PropertyValueSpecification","valueRequired":true,"valueName":"search_term_string"}}],"inLanguage":"fi"},{"@type":"Organization","@id":"https:\/\/qingdaohf.com\/bg\/#organization","name":"Qingdao H&F","url":"https:\/\/qingdaohf.com\/bg\/","logo":{"@type":"ImageObject","inLanguage":"fi","@id":"https:\/\/qingdaohf.com\/bg\/#\/schema\/logo\/image\/","url":"https:\/\/qingdaohf.com\/wp-content\/uploads\/2022\/12\/cropped-HF-LOGO.png","contentUrl":"https:\/\/qingdaohf.com\/wp-content\/uploads\/2022\/12\/cropped-HF-LOGO.png","width":391,"height":249,"caption":"Qingdao H&F"},"image":{"@id":"https:\/\/qingdaohf.com\/bg\/#\/schema\/logo\/image\/"},"sameAs":["https:\/\/www.facebook.com\/qingdaohf"]}]}},"_links":{"self":[{"href":"https:\/\/qingdaohf.com\/fi\/wp-json\/wp\/v2\/product\/8136","targetHints":{"allow":["GET"]}}],"collection":[{"href":"https:\/\/qingdaohf.com\/fi\/wp-json\/wp\/v2\/product"}],"about":[{"href":"https:\/\/qingdaohf.com\/fi\/wp-json\/wp\/v2\/types\/product"}],"replies":[{"embeddable":true,"href":"https:\/\/qingdaohf.com\/fi\/wp-json\/wp\/v2\/comments?post=8136"}],"version-history":[{"count":1,"href":"https:\/\/qingdaohf.com\/fi\/wp-json\/wp\/v2\/product\/8136\/revisions"}],"predecessor-version":[{"id":8138,"href":"https:\/\/qingdaohf.com\/fi\/wp-json\/wp\/v2\/product\/8136\/revisions\/8138"}],"wp:featuredmedia":[{"embeddable":true,"href":"https:\/\/qingdaohf.com\/fi\/wp-json\/wp\/v2\/media\/8137"}],"wp:attachment":[{"href":"https:\/\/qingdaohf.com\/fi\/wp-json\/wp\/v2\/media?parent=8136"}],"wp:term":[{"taxonomy":"product_brand","embeddable":true,"href":"https:\/\/qingdaohf.com\/fi\/wp-json\/wp\/v2\/product_brand?post=8136"},{"taxonomy":"product_cat","embeddable":true,"href":"https:\/\/qingdaohf.com\/fi\/wp-json\/wp\/v2\/product_cat?post=8136"},{"taxonomy":"product_tag","embeddable":true,"href":"https:\/\/qingdaohf.com\/fi\/wp-json\/wp\/v2\/product_tag?post=8136"}],"curies":[{"name":"wp","href":"https:\/\/api.w.org\/{rel}","templated":true}]}}