{"id":8178,"date":"2024-10-29T16:45:43","date_gmt":"2024-10-29T08:45:43","guid":{"rendered":"http:\/\/qingdaohf.com\/?post_type=product&#038;p=8178"},"modified":"2025-11-13T09:02:54","modified_gmt":"2025-11-13T01:02:54","slug":"studless-anchor-chain","status":"publish","type":"product","link":"https:\/\/qingdaohf.com\/fi\/tuote\/nastaton-ankkuriketju\/","title":{"rendered":"Nastaton ankkuriketju"},"content":{"rendered":"<h3>Nastattomien ankkuriketjujen olennaiset ominaisuudet: Rakennettu lujuutta ja kest\u00e4vyytt\u00e4 varten<\/h3>\n<p><img fetchpriority=\"high\" decoding=\"async\" class=\"alignnone size-full wp-image-8169\" src=\"http:\/\/qingdaohf.com\/wp-content\/uploads\/2024\/10\/studless-anchor-chain_2.webp\" alt=\"nastaton ankkuriketju\" width=\"831\" height=\"1087\" srcset=\"https:\/\/qingdaohf.com\/wp-content\/uploads\/2024\/10\/studless-anchor-chain_2.webp 831w, https:\/\/qingdaohf.com\/wp-content\/uploads\/2024\/10\/studless-anchor-chain_2-229x300.webp 229w, https:\/\/qingdaohf.com\/wp-content\/uploads\/2024\/10\/studless-anchor-chain_2-783x1024.webp 783w, https:\/\/qingdaohf.com\/wp-content\/uploads\/2024\/10\/studless-anchor-chain_2-768x1005.webp 768w, https:\/\/qingdaohf.com\/wp-content\/uploads\/2024\/10\/studless-anchor-chain_2-9x12.webp 9w\" sizes=\"(max-width: 831px) 100vw, 831px\" \/><\/p>\n<p>Ruuvittomat ankkuriketjut ovat olennainen osa meriteollisuutta, jossa niill\u00e4 on t\u00e4rke\u00e4 teht\u00e4v\u00e4 alusten kiinnitt\u00e4misess\u00e4 erilaisissa ymp\u00e4rist\u00f6iss\u00e4. Niiden suunnittelussa on asetettu etusijalle kest\u00e4vyys ja toimivuus, mik\u00e4 varmistaa, ett\u00e4 ne kest\u00e4v\u00e4t korkeilla merill\u00e4 tapahtuvan kiinnityksen tiukat vaatimukset. Toisin kuin nastoitetuissa ketjuissa, niiss\u00e4 on ketjunlenkit ilman sis\u00e4isi\u00e4 nastoja, mik\u00e4 tekee niist\u00e4 kevyempi\u00e4 ja usein joustavampia. T\u00e4m\u00e4 ominaisuus on erityisen arvokas sovelluksissa, joissa halutaan v\u00e4hent\u00e4\u00e4 painoa ja lis\u00e4t\u00e4 joustavuutta. Kevyemm\u00e4st\u00e4 rakenteestaan huolimatta n\u00e4m\u00e4 ketjut ovat silti poikkeuksellisen vahvoja, ja jokainen lenkki on suunniteltu kest\u00e4m\u00e4\u00e4n valtavia kuormia ja suuria j\u00e4nnitysvoimia, jotka ovat tyypillisi\u00e4 merenkulun ankkuroinnissa.<\/p>\n<p>Nastattomien ketjujen monipuolisuuden ansiosta ne soveltuvat erilaisiin merenkulun k\u00e4ytt\u00f6tarkoituksiin pienen veneen kiinnityksest\u00e4 raskaisiin teollisuussovelluksiin. N\u00e4m\u00e4 ketjut testataan tiukasti kansainv\u00e4listen standardien mukaisesti, sill\u00e4 niiden luotettavuus on ensiarvoisen t\u00e4rke\u00e4\u00e4 sek\u00e4 alusten ett\u00e4 miehist\u00f6n turvallisuuden takaamiseksi. Rakenteensa ansiosta ne ovat my\u00f6s eritt\u00e4in korroosion- ja kulutuskest\u00e4vi\u00e4, mik\u00e4 on t\u00e4rke\u00e4\u00e4 suolapitoisissa ja muissa vaativissa ymp\u00e4rist\u00f6iss\u00e4. Rakenne v\u00e4hent\u00e4\u00e4 ketjujen takertumista, koska niiden yhten\u00e4inen rakenne minimoi heikkouskohdat. T\u00e4m\u00e4 ominaisuus on johtanut siihen, ett\u00e4 laivainsin\u00f6\u00f6rit ja laivojen k\u00e4ytt\u00e4j\u00e4t, jotka haluavat kest\u00e4vyytt\u00e4 ja luotettavuutta kovassa rasituksessa, suosivat yh\u00e4 enemm\u00e4n nastattomia ketjuja.<\/p>\n<h3>Qingdao H&amp;F:n ruuvittomien ankkuriketjujen valinnan edut<\/h3>\n<p>Me Qingdao H&amp;F:ss\u00e4 olemme sitoutuneet tarjoamaan asiakkaillemme korkealaatuisia nastattomia ankkuriketjuja, jotka t\u00e4ytt\u00e4v\u00e4t tiukat turvallisuus-, lujuus- ja kest\u00e4vyysvaatimukset. Ketjuillemme tehd\u00e4\u00e4n tiukat laatutestit, jotta varmistetaan niiden optimaalinen suorituskyky eri olosuhteissa. Prosessiin kuuluu koekuormitustestaus, joka on v\u00e4ltt\u00e4m\u00e4t\u00f6n sen varmistamiseksi, ett\u00e4 jokainen ketju kest\u00e4\u00e4 k\u00e4yt\u00f6n aikana odotettavissa olevan suurimman rasituksen. Ostajat ovat yh\u00e4 enemm\u00e4n huolissaan todentavasta kuormituksesta, koska se vaikuttaa suoraan ketjun luotettavuuteen erityisesti haastavissa kiinnitystilanteissa.<\/p>\n<p>Qingdao H&amp;F:n erottaa muista yrityksist\u00e4 se, ett\u00e4 olemme sitoutuneet asiakastyytyv\u00e4isyyteen ja luotettavuuteen. Tiimill\u00e4mme on yli 20 vuoden kokemus B2B-kauppasektorilta, ja se tarjoaa henkil\u00f6kohtaista asiakaspalvelua, joka on r\u00e4\u00e4t\u00e4l\u00f6ity kunkin asiakkaan yksil\u00f6llisiin tarpeisiin. Kokeneet ammattilaisemme opastavat asiakkaita ostoprosessin jokaisessa vaiheessa ja varmistavat, ett\u00e4 he l\u00f6yt\u00e4v\u00e4t ihanteelliset ketjum\u00e4\u00e4rittelyt, jotka vastaavat heid\u00e4n projektinsa vaatimuksia. Ymm\u00e4rr\u00e4mme, ett\u00e4 nopea toimitus on ratkaisevan t\u00e4rke\u00e4\u00e4 t\u00e4ll\u00e4 alalla, joten painotamme oikea-aikaista logistiikkaa, jotta voimme t\u00e4ytt\u00e4\u00e4 asiakkaidemme aikataulutarpeet ilman kompromisseja.<\/p>\n<p>Vahvan toimitusvalmiutemme lis\u00e4ksi tuotteitamme tukevat kattavat laatutarkastusraportit. N\u00e4m\u00e4 raportit tarjoavat avoimuutta ja varmuutta, mik\u00e4 auttaa asiakkaita tekem\u00e4\u00e4n tietoon perustuvia ostop\u00e4\u00e4t\u00f6ksi\u00e4. Tarkastusprosessissa arvioidaan sellaisia tekij\u00f6it\u00e4 kuin materiaalikoostumus, vetolujuus ja korroosionkest\u00e4vyys, jotka kaikki vaikuttavat ketjun k\u00e4ytt\u00f6ik\u00e4\u00e4n ja suorituskykyyn. Toimittamalla asiakkaillemme yksityiskohtaiset tarkastusraportit annamme heille mahdollisuuden investoida luottavaisin mielin tuotteisiin, jotka t\u00e4ytt\u00e4v\u00e4t heid\u00e4n tiukat vaatimuksensa.<\/p>\n<h3>Oikeiden eritelmien valitseminen: Miksi ketjun halkaisijalla ja todistuskuormalla on merkityst\u00e4?<\/h3>\n<p>Nastattomien ankkuriketjujen valinnassa kaksi eritelm\u00e4\u00e4 ovat erityisen t\u00e4rkeit\u00e4: halkaisija ja kuormituskest\u00e4vyys. Kunkin ketjunlenkin halkaisija tuumina mitattuna vaikuttaa sek\u00e4 ketjun painoon ett\u00e4 sen kantavuuteen. Oikean halkaisijan valinta on olennaisen t\u00e4rke\u00e4\u00e4, koska se vaikuttaa suoraan ketjun suorituskykyyn kiinnityssovelluksissa. Esimerkiksi halkaisija 1\/2 tuumaa voi sopia kevyille aluksille, kun taas raskaat teollisuussovellukset saattavat vaatia ketjuja, joiden halkaisija on 3\/4 tuumaa tai suurempi.<\/p>\n<p>Todistuskuorma on toinen kriittinen tekij\u00e4, joka edustaa suurinta kuormitusta, jonka ketju kest\u00e4\u00e4 ilman pysyvi\u00e4 muodonmuutoksia. T\u00e4m\u00e4 mittari on ratkaisevan t\u00e4rke\u00e4 asiakkaille, koska se antaa selke\u00e4n kuvan ketjun kyvyst\u00e4 k\u00e4sitell\u00e4 suuria kuormia todellisissa olosuhteissa. Qingdao H&amp;F tarjoaa ketjuja, jotka on testattu ylitt\u00e4m\u00e4\u00e4n teollisuusstandardin mukaiset todistuskuormat, mik\u00e4 antaa asiakkaillemme lis\u00e4\u00e4 luottamusta niiden suorituskykyyn. Koekuormitustestaus on my\u00f6s arvokas ketjun turvallisuuden mittari, sill\u00e4 se varmistaa, ett\u00e4 ketju s\u00e4ilytt\u00e4\u00e4 eheytens\u00e4 my\u00f6s \u00e4killisess\u00e4 ja voimakkaassa rasituksessa.<\/p>\n<p>Valitsemalla nastattoman ankkuriketjun, jonka halkaisija ja kuormituskest\u00e4vyys ovat sopivat, ostajat voivat varmistaa optimaalisen suorituskyvyn kiinnitystarpeisiinsa. Qingdao H&amp;F:n tiimill\u00e4 on valmiudet opastaa asiakkaita ihanteellisten spesifikaatioiden valinnassa ja hy\u00f6dynt\u00e4\u00e4 alan standardien ja materiaaliominaisuuksien syv\u00e4llist\u00e4 tuntemusta suositellakseen tuotteita, jotka vastaavat kunkin asiakkaan toiminnallisia vaatimuksia.<\/p>\n<h3>Luota todistettuun kumppaniin: Miksi Qingdao H&amp;F on ensisijainen valinta?<\/h3>\n<p>Niille, jotka etsiv\u00e4t nastattomia ankkuriketjuja, luotettavuus ja toimittajan kokemus ovat ensiarvoisen t\u00e4rkeit\u00e4. Qingdao H&amp;F:ll\u00e4 on kahden vuosikymmenen kokemus B2B-alalta, ja se ymm\u00e4rt\u00e4\u00e4 merenkulku- ja teollisuusasiakkaiden monimutkaiset tarpeet. Omistautunut henkil\u00f6kohtainen asiakaspalvelumme tarkoittaa, ett\u00e4 jokainen asiakas saa henkil\u00f6kohtaista tukea, joka auttaa h\u00e4nt\u00e4 l\u00f6yt\u00e4m\u00e4\u00e4n parhaat ratkaisut kiinnitys- ja ankkurointitarpeisiinsa. Lis\u00e4ksi tiukat testausk\u00e4yt\u00e4nt\u00f6mme varmistavat, ett\u00e4 jokainen tuote t\u00e4ytt\u00e4\u00e4 tai ylitt\u00e4\u00e4 alan laatu- ja kest\u00e4vyysstandardit.<\/p>\n<p>Sitoutuminen laatuun ei p\u00e4\u00e4ty myyntiin. Qingdao H&amp;F tarjoaa myynnin j\u00e4lkeist\u00e4 tukea ja nopeaa vastausta asiakkaiden kyselyihin, mik\u00e4 parantaa entisest\u00e4\u00e4n asiakkaidemme kokemusta. Olemme ylpeit\u00e4 kyvyst\u00e4mme rakentaa pitk\u00e4aikaisia suhteita ja tarjota luotettava l\u00e4hde korkealaatuisille nastattomille ankkuriketjuille, joihin asiakkaat voivat luottaa. L\u00e4pin\u00e4kyv\u00e4n laadunvalvontaprosessimme ja sitoutumisemme nopeaan toimitukseen ansiosta olemme luoneet alalla erinomaisen maineen.<\/p>\n<p>Valitsemalla Qingdao H&amp;F:n asiakkaat hy\u00f6tyv\u00e4t paitsi tuotteiden ylivoimaisesta laadusta my\u00f6s kattavien tarkastusraporttien ja asiantuntevan opastuksen tuomasta varmuudesta. Kun katsomme tulevaisuuteen, keskitymme edelleen auttamaan asiakkaitamme saavuttamaan menestyst\u00e4 tarjoamalla korkealaatuisia nastattomia ankkuriketjuja, jotka tarjoavat sek\u00e4 suorituskyky\u00e4 ett\u00e4 mielenrauhaa.<\/p>","protected":false},"excerpt":{"rendered":"<p>Nastattomat ankkuriketjut ovat luotettava valinta raskaaseen kiinnitykseen ja ankkurointiin, sill\u00e4 ne tunnetaan vankasta rakenteestaan ja kulutuskest\u00e4vyydest\u00e4\u00e4n vaativissa meriolosuhteissa. Ostajat kiinnitt\u00e4v\u00e4t yleens\u00e4 huomiota sellaisiin tekij\u00f6ihin kuin kest\u00e4vyys, kest\u00e4vyyskuormitus ja ketjun kyky kest\u00e4\u00e4 kovaa rasitusta pitk\u00e4ll\u00e4 aikav\u00e4lill\u00e4. Qingdao H&amp;F on B2B-kauppayhti\u00f6, jolla on 20 vuoden asiantuntemus, ja se on ylpe\u00e4 kilpailukykyisest\u00e4 hinnoittelusta, nopeasta toimitussyklist\u00e4 ja kattavista laatutarkastusraporteista. Yksil\u00f6llinen asiakaspalvelumme takaa r\u00e4\u00e4t\u00e4l\u00f6idyn ostokokemuksen, mik\u00e4 tekee meist\u00e4 luotettavan yhteisty\u00f6kumppanin korkealaatuisten, tiukat alan standardit t\u00e4ytt\u00e4vien nastattomien ankkuriketjujen toimittamisessa.<\/p>","protected":false},"featured_media":8171,"comment_status":"open","ping_status":"closed","template":"","meta":{"site-sidebar-layout":"default","site-content-layout":"","ast-site-content-layout":"default","site-content-style":"default","site-sidebar-style":"default","ast-global-header-display":"","ast-banner-title-visibility":"","ast-main-header-display":"","ast-hfb-above-header-display":"","ast-hfb-below-header-display":"","ast-hfb-mobile-header-display":"","site-post-title":"","ast-breadcrumbs-content":"","ast-featured-img":"","footer-sml-layout":"","theme-transparent-header-meta":"default","adv-header-id-meta":"","stick-header-meta":"default","header-above-stick-meta":"","header-main-stick-meta":"","header-below-stick-meta":"","astra-migrate-meta-layouts":"set","ast-page-background-enabled":"default","ast-page-background-meta":{"desktop":{"background-color":"","background-image":"","background-repeat":"repeat","background-position":"center center","background-size":"auto","background-attachment":"scroll","background-type":"","background-media":"","overlay-type":"","overlay-color":"","overlay-opacity":"","overlay-gradient":""},"tablet":{"background-color":"","background-image":"","background-repeat":"repeat","background-position":"center center","background-size":"auto","background-attachment":"scroll","background-type":"","background-media":"","overlay-type":"","overlay-color":"","overlay-opacity":"","overlay-gradient":""},"mobile":{"background-color":"","background-image":"","background-repeat":"repeat","background-position":"center center","background-size":"auto","background-attachment":"scroll","background-type":"","background-media":"","overlay-type":"","overlay-color":"","overlay-opacity":"","overlay-gradient":""}},"ast-content-background-meta":{"desktop":{"background-color":"var(--ast-global-color-5)","background-image":"","background-repeat":"repeat","background-position":"center center","background-size":"auto","background-attachment":"scroll","background-type":"","background-media":"","overlay-type":"","overlay-color":"","overlay-opacity":"","overlay-gradient":""},"tablet":{"background-color":"var(--ast-global-color-5)","background-image":"","background-repeat":"repeat","background-position":"center center","background-size":"auto","background-attachment":"scroll","background-type":"","background-media":"","overlay-type":"","overlay-color":"","overlay-opacity":"","overlay-gradient":""},"mobile":{"background-color":"var(--ast-global-color-5)","background-image":"","background-repeat":"repeat","background-position":"center center","background-size":"auto","background-attachment":"scroll","background-type":"","background-media":"","overlay-type":"","overlay-color":"","overlay-opacity":"","overlay-gradient":""}}},"product_brand":[],"product_cat":[38],"product_tag":[],"class_list":{"0":"post-8178","1":"product","2":"type-product","3":"status-publish","4":"has-post-thumbnail","6":"product_cat-chain","7":"desktop-align-left","8":"tablet-align-left","9":"mobile-align-left","10":"ast-product-gallery-layout-horizontal-slider","11":"ast-product-tabs-layout-horizontal","13":"first","14":"instock","15":"shipping-taxable","16":"purchasable","17":"product-type-simple"},"yoast_head":"<!-- This site is optimized with the Yoast SEO plugin v25.2 - https:\/\/yoast.com\/wordpress\/plugins\/seo\/ -->\n<title>Studless Anchor Chain<\/title>\n<meta name=\"description\" content=\"Studless anchor chains are a dependable choice for heavy-duty mooring and anchoring, known for their robust structure and resistance to wear in demanding marine conditions.\" \/>\n<meta name=\"robots\" content=\"index, follow, max-snippet:-1, max-image-preview:large, max-video-preview:-1\" \/>\n<link rel=\"canonical\" href=\"https:\/\/qingdaohf.com\/fi\/tuote\/nastaton-ankkuriketju\/\" \/>\n<meta property=\"og:locale\" content=\"fi_FI\" \/>\n<meta property=\"og:type\" content=\"article\" \/>\n<meta property=\"og:title\" content=\"Studless Anchor Chain\" \/>\n<meta property=\"og:description\" content=\"Studless anchor chains are a dependable choice for heavy-duty mooring and anchoring, known for their robust structure and resistance to wear in demanding marine conditions.\" \/>\n<meta property=\"og:url\" content=\"https:\/\/qingdaohf.com\/fi\/tuote\/nastaton-ankkuriketju\/\" \/>\n<meta property=\"og:site_name\" content=\"Concrete Form &amp; Rigging Hardware Supplier\" \/>\n<meta property=\"article:publisher\" content=\"https:\/\/www.facebook.com\/qingdaohf\" \/>\n<meta property=\"article:modified_time\" content=\"2025-11-13T01:02:54+00:00\" \/>\n<meta property=\"og:image\" content=\"https:\/\/qingdaohf.com\/wp-content\/uploads\/2024\/10\/marine-studless-chain_\u526f\u672c.jpg\" \/>\n\t<meta property=\"og:image:width\" content=\"1000\" \/>\n\t<meta property=\"og:image:height\" content=\"1000\" \/>\n\t<meta property=\"og:image:type\" content=\"image\/jpeg\" \/>\n<meta name=\"twitter:card\" content=\"summary_large_image\" \/>\n<meta name=\"twitter:label1\" content=\"Arvioitu lukuaika\" \/>\n\t<meta name=\"twitter:data1\" content=\"5 minuuttia\" \/>\n<script type=\"application\/ld+json\" class=\"yoast-schema-graph\">{\"@context\":\"https:\/\/schema.org\",\"@graph\":[{\"@type\":\"WebPage\",\"@id\":\"https:\/\/qingdaohf.com\/product\/studless-anchor-chain\/\",\"url\":\"https:\/\/qingdaohf.com\/product\/studless-anchor-chain\/\",\"name\":\"Studless Anchor Chain\",\"isPartOf\":{\"@id\":\"https:\/\/qingdaohf.com\/bg\/#website\"},\"primaryImageOfPage\":{\"@id\":\"https:\/\/qingdaohf.com\/product\/studless-anchor-chain\/#primaryimage\"},\"image\":{\"@id\":\"https:\/\/qingdaohf.com\/product\/studless-anchor-chain\/#primaryimage\"},\"thumbnailUrl\":\"https:\/\/qingdaohf.com\/wp-content\/uploads\/2024\/10\/marine-studless-chain_\u526f\u672c.jpg\",\"datePublished\":\"2024-10-29T08:45:43+00:00\",\"dateModified\":\"2025-11-13T01:02:54+00:00\",\"description\":\"Studless anchor chains are a dependable choice for heavy-duty mooring and anchoring, known for their robust structure and resistance to wear in demanding marine conditions.\",\"breadcrumb\":{\"@id\":\"https:\/\/qingdaohf.com\/product\/studless-anchor-chain\/#breadcrumb\"},\"inLanguage\":\"fi\",\"potentialAction\":[{\"@type\":\"ReadAction\",\"target\":[\"https:\/\/qingdaohf.com\/product\/studless-anchor-chain\/\"]}]},{\"@type\":\"ImageObject\",\"inLanguage\":\"fi\",\"@id\":\"https:\/\/qingdaohf.com\/product\/studless-anchor-chain\/#primaryimage\",\"url\":\"https:\/\/qingdaohf.com\/wp-content\/uploads\/2024\/10\/marine-studless-chain_\u526f\u672c.jpg\",\"contentUrl\":\"https:\/\/qingdaohf.com\/wp-content\/uploads\/2024\/10\/marine-studless-chain_\u526f\u672c.jpg\",\"width\":1000,\"height\":1000,\"caption\":\"studless chain\"},{\"@type\":\"BreadcrumbList\",\"@id\":\"https:\/\/qingdaohf.com\/product\/studless-anchor-chain\/#breadcrumb\",\"itemListElement\":[{\"@type\":\"ListItem\",\"position\":1,\"name\":\"Home\",\"item\":\"https:\/\/qingdaohf.com\/\"},{\"@type\":\"ListItem\",\"position\":2,\"name\":\"Concrete Forming Accessories and Rigging Hardware\",\"item\":\"https:\/\/qingdaohf.com\/bg\/?page_id=944\"},{\"@type\":\"ListItem\",\"position\":3,\"name\":\"Studless Anchor Chain\"}]},{\"@type\":\"WebSite\",\"@id\":\"https:\/\/qingdaohf.com\/bg\/#website\",\"url\":\"https:\/\/qingdaohf.com\/bg\/\",\"name\":\"Concrete Form & Rigging Hardware Supplier\",\"description\":\"\",\"publisher\":{\"@id\":\"https:\/\/qingdaohf.com\/bg\/#organization\"},\"potentialAction\":[{\"@type\":\"SearchAction\",\"target\":{\"@type\":\"EntryPoint\",\"urlTemplate\":\"https:\/\/qingdaohf.com\/bg\/?s={search_term_string}\"},\"query-input\":{\"@type\":\"PropertyValueSpecification\",\"valueRequired\":true,\"valueName\":\"search_term_string\"}}],\"inLanguage\":\"fi\"},{\"@type\":\"Organization\",\"@id\":\"https:\/\/qingdaohf.com\/bg\/#organization\",\"name\":\"Qingdao H&F\",\"url\":\"https:\/\/qingdaohf.com\/bg\/\",\"logo\":{\"@type\":\"ImageObject\",\"inLanguage\":\"fi\",\"@id\":\"https:\/\/qingdaohf.com\/bg\/#\/schema\/logo\/image\/\",\"url\":\"https:\/\/qingdaohf.com\/wp-content\/uploads\/2022\/12\/cropped-HF-LOGO.png\",\"contentUrl\":\"https:\/\/qingdaohf.com\/wp-content\/uploads\/2022\/12\/cropped-HF-LOGO.png\",\"width\":391,\"height\":249,\"caption\":\"Qingdao H&F\"},\"image\":{\"@id\":\"https:\/\/qingdaohf.com\/bg\/#\/schema\/logo\/image\/\"},\"sameAs\":[\"https:\/\/www.facebook.com\/qingdaohf\"]}]}<\/script>\n<!-- \/ Yoast SEO plugin. -->","yoast_head_json":{"title":"Studless Anchor Chain","description":"Studless anchor chains are a dependable choice for heavy-duty mooring and anchoring, known for their robust structure and resistance to wear in demanding marine conditions.","robots":{"index":"index","follow":"follow","max-snippet":"max-snippet:-1","max-image-preview":"max-image-preview:large","max-video-preview":"max-video-preview:-1"},"canonical":"https:\/\/qingdaohf.com\/fi\/tuote\/nastaton-ankkuriketju\/","og_locale":"fi_FI","og_type":"article","og_title":"Studless Anchor Chain","og_description":"Studless anchor chains are a dependable choice for heavy-duty mooring and anchoring, known for their robust structure and resistance to wear in demanding marine conditions.","og_url":"https:\/\/qingdaohf.com\/fi\/tuote\/nastaton-ankkuriketju\/","og_site_name":"Concrete Form &amp; Rigging Hardware Supplier","article_publisher":"https:\/\/www.facebook.com\/qingdaohf","article_modified_time":"2025-11-13T01:02:54+00:00","og_image":[{"width":1000,"height":1000,"url":"https:\/\/qingdaohf.com\/wp-content\/uploads\/2024\/10\/marine-studless-chain_\u526f\u672c.jpg","type":"image\/jpeg"}],"twitter_card":"summary_large_image","twitter_misc":{"Arvioitu lukuaika":"5 minuuttia"},"schema":{"@context":"https:\/\/schema.org","@graph":[{"@type":"WebPage","@id":"https:\/\/qingdaohf.com\/product\/studless-anchor-chain\/","url":"https:\/\/qingdaohf.com\/product\/studless-anchor-chain\/","name":"Studless Anchor Chain","isPartOf":{"@id":"https:\/\/qingdaohf.com\/bg\/#website"},"primaryImageOfPage":{"@id":"https:\/\/qingdaohf.com\/product\/studless-anchor-chain\/#primaryimage"},"image":{"@id":"https:\/\/qingdaohf.com\/product\/studless-anchor-chain\/#primaryimage"},"thumbnailUrl":"https:\/\/qingdaohf.com\/wp-content\/uploads\/2024\/10\/marine-studless-chain_\u526f\u672c.jpg","datePublished":"2024-10-29T08:45:43+00:00","dateModified":"2025-11-13T01:02:54+00:00","description":"Studless anchor chains are a dependable choice for heavy-duty mooring and anchoring, known for their robust structure and resistance to wear in demanding marine conditions.","breadcrumb":{"@id":"https:\/\/qingdaohf.com\/product\/studless-anchor-chain\/#breadcrumb"},"inLanguage":"fi","potentialAction":[{"@type":"ReadAction","target":["https:\/\/qingdaohf.com\/product\/studless-anchor-chain\/"]}]},{"@type":"ImageObject","inLanguage":"fi","@id":"https:\/\/qingdaohf.com\/product\/studless-anchor-chain\/#primaryimage","url":"https:\/\/qingdaohf.com\/wp-content\/uploads\/2024\/10\/marine-studless-chain_\u526f\u672c.jpg","contentUrl":"https:\/\/qingdaohf.com\/wp-content\/uploads\/2024\/10\/marine-studless-chain_\u526f\u672c.jpg","width":1000,"height":1000,"caption":"studless chain"},{"@type":"BreadcrumbList","@id":"https:\/\/qingdaohf.com\/product\/studless-anchor-chain\/#breadcrumb","itemListElement":[{"@type":"ListItem","position":1,"name":"Home","item":"https:\/\/qingdaohf.com\/"},{"@type":"ListItem","position":2,"name":"Concrete Forming Accessories and Rigging Hardware","item":"https:\/\/qingdaohf.com\/bg\/?page_id=944"},{"@type":"ListItem","position":3,"name":"Studless Anchor Chain"}]},{"@type":"WebSite","@id":"https:\/\/qingdaohf.com\/bg\/#website","url":"https:\/\/qingdaohf.com\/bg\/","name":"Concrete Form & Rigging Hardware Supplier","description":"","publisher":{"@id":"https:\/\/qingdaohf.com\/bg\/#organization"},"potentialAction":[{"@type":"SearchAction","target":{"@type":"EntryPoint","urlTemplate":"https:\/\/qingdaohf.com\/bg\/?s={search_term_string}"},"query-input":{"@type":"PropertyValueSpecification","valueRequired":true,"valueName":"search_term_string"}}],"inLanguage":"fi"},{"@type":"Organization","@id":"https:\/\/qingdaohf.com\/bg\/#organization","name":"Qingdao H&F","url":"https:\/\/qingdaohf.com\/bg\/","logo":{"@type":"ImageObject","inLanguage":"fi","@id":"https:\/\/qingdaohf.com\/bg\/#\/schema\/logo\/image\/","url":"https:\/\/qingdaohf.com\/wp-content\/uploads\/2022\/12\/cropped-HF-LOGO.png","contentUrl":"https:\/\/qingdaohf.com\/wp-content\/uploads\/2022\/12\/cropped-HF-LOGO.png","width":391,"height":249,"caption":"Qingdao H&F"},"image":{"@id":"https:\/\/qingdaohf.com\/bg\/#\/schema\/logo\/image\/"},"sameAs":["https:\/\/www.facebook.com\/qingdaohf"]}]}},"_links":{"self":[{"href":"https:\/\/qingdaohf.com\/fi\/wp-json\/wp\/v2\/product\/8178","targetHints":{"allow":["GET"]}}],"collection":[{"href":"https:\/\/qingdaohf.com\/fi\/wp-json\/wp\/v2\/product"}],"about":[{"href":"https:\/\/qingdaohf.com\/fi\/wp-json\/wp\/v2\/types\/product"}],"replies":[{"embeddable":true,"href":"https:\/\/qingdaohf.com\/fi\/wp-json\/wp\/v2\/comments?post=8178"}],"version-history":[{"count":1,"href":"https:\/\/qingdaohf.com\/fi\/wp-json\/wp\/v2\/product\/8178\/revisions"}],"predecessor-version":[{"id":8180,"href":"https:\/\/qingdaohf.com\/fi\/wp-json\/wp\/v2\/product\/8178\/revisions\/8180"}],"wp:featuredmedia":[{"embeddable":true,"href":"https:\/\/qingdaohf.com\/fi\/wp-json\/wp\/v2\/media\/8171"}],"wp:attachment":[{"href":"https:\/\/qingdaohf.com\/fi\/wp-json\/wp\/v2\/media?parent=8178"}],"wp:term":[{"taxonomy":"product_brand","embeddable":true,"href":"https:\/\/qingdaohf.com\/fi\/wp-json\/wp\/v2\/product_brand?post=8178"},{"taxonomy":"product_cat","embeddable":true,"href":"https:\/\/qingdaohf.com\/fi\/wp-json\/wp\/v2\/product_cat?post=8178"},{"taxonomy":"product_tag","embeddable":true,"href":"https:\/\/qingdaohf.com\/fi\/wp-json\/wp\/v2\/product_tag?post=8178"}],"curies":[{"name":"wp","href":"https:\/\/api.w.org\/{rel}","templated":true}]}}