{"id":8181,"date":"2024-10-29T16:52:37","date_gmt":"2024-10-29T08:52:37","guid":{"rendered":"http:\/\/qingdaohf.com\/?post_type=product&#038;p=8181"},"modified":"2025-11-13T09:02:54","modified_gmt":"2025-11-13T01:02:54","slug":"stud-link-chain","status":"publish","type":"product","link":"https:\/\/qingdaohf.com\/fi\/tuote\/nuppilenkkiketju\/","title":{"rendered":"Stud Link ankkuriketju"},"content":{"rendered":"<p><img fetchpriority=\"high\" decoding=\"async\" class=\"alignnone size-full wp-image-8170\" src=\"http:\/\/qingdaohf.com\/wp-content\/uploads\/2024\/10\/stud-link-anchor-chain_2.webp\" alt=\"nastalenkki ankkuriketju\" width=\"842\" height=\"1091\" srcset=\"https:\/\/qingdaohf.com\/wp-content\/uploads\/2024\/10\/stud-link-anchor-chain_2.webp 842w, https:\/\/qingdaohf.com\/wp-content\/uploads\/2024\/10\/stud-link-anchor-chain_2-232x300.webp 232w, https:\/\/qingdaohf.com\/wp-content\/uploads\/2024\/10\/stud-link-anchor-chain_2-790x1024.webp 790w, https:\/\/qingdaohf.com\/wp-content\/uploads\/2024\/10\/stud-link-anchor-chain_2-768x995.webp 768w, https:\/\/qingdaohf.com\/wp-content\/uploads\/2024\/10\/stud-link-anchor-chain_2-9x12.webp 9w\" sizes=\"(max-width: 842px) 100vw, 842px\" \/><\/p>\n<p>Teollisuudessa, merenkulussa ja offshore-ymp\u00e4rist\u00f6iss\u00e4 Stud Link -ketjuihin luotetaan niiden kest\u00e4vyyden ja kuormank\u00e4sittelyominaisuuksien vuoksi, mik\u00e4 tekee niist\u00e4 ihanteellisia ankkurointiin, kiinnitykseen ja erilaisiin raskaisiin nostosovelluksiin. N\u00e4m\u00e4 ketjut koostuvat toisiinsa liitetyist\u00e4 lenkeist\u00e4, joissa on nastat, jotka on sijoitettu kunkin lenkin sis\u00e4puolelle ja jotka lis\u00e4\u00e4v\u00e4t rakenteellista vakautta, mik\u00e4 auttaa est\u00e4m\u00e4\u00e4n muodonmuutoksia huomattavan rasituksen aikana. Ketjua valittaessa ostajien on keskitytt\u00e4v\u00e4 sellaisiin eritelmiin kuin halkaisija, todistuskuorma ja materiaalin yleinen laatu, sill\u00e4 n\u00e4m\u00e4 tekij\u00e4t vaikuttavat suoraan turvallisuuteen ja suorituskykyyn.<\/p>\n<p>Oikean tappilenkkiketjun valinnan t\u00e4rkeys ei rajoitu vain yleiseen k\u00e4ytt\u00f6tarkoitukseen; kunkin ketjun eritelmien on vastattava alan vaatimuksia ja odotettavissa olevia kuormitusolosuhteita. Esimerkiksi ketjun lenkkien halkaisijalla, joka on yleisesti saatavilla tuuman kokoisina, on ratkaiseva merkitys m\u00e4\u00e4ritelt\u00e4ess\u00e4 ketjun lujuutta ja soveltuvuutta eri k\u00e4ytt\u00f6tarkoituksiin. Kansainv\u00e4listen standardien, kuten ISO 1704- ja IACS-m\u00e4\u00e4r\u00e4ysten, mukaiset ketjut tarjoavat ostajille varmuuden siit\u00e4, ett\u00e4 n\u00e4iden tuotteiden laatu ja kest\u00e4vyys on testattu tarkasti. Me Qingdao H&amp;F:ss\u00e4 tunnustamme sek\u00e4 suorituskykyisten tuotteiden ett\u00e4 luotettavan palvelun tarpeen, mink\u00e4 vuoksi liit\u00e4mme jokaiseen ketjuun yksityiskohtaiset laatutarkastusraportit, mukaan lukien koekuormitus, murtokuormitus ja materiaalikoostumus. Keskittym\u00e4ll\u00e4 turvallisuuteen ja tehokkuuteen pulttausketjumme tarjoavat luottamusta, jota tarvitaan toimintavarmuuteen haastavissa ymp\u00e4rist\u00f6iss\u00e4.<\/p>\n<h3><strong>Stud Link -ketjujen lujuus ja kest\u00e4vyys<\/strong><\/h3>\n<p>Stud Link -ketjut on valmistettu korkealaatuisesta ter\u00e4ksest\u00e4, joka antaa niille poikkeuksellisen vetolujuuden ja korroosionkest\u00e4vyyden - kaksi kriittist\u00e4 ominaisuutta merenkulun ja raskaan teollisuuden sovelluksissa. Jokaisessa lenkiss\u00e4 oleva nasta est\u00e4\u00e4 ketjun muodonmuutokset s\u00e4ilytt\u00e4m\u00e4ll\u00e4 ketjun kokonaismuodon my\u00f6s raskaiden kuormien painon alla. T\u00e4m\u00e4 rakenneominaisuus auttaa my\u00f6s lievent\u00e4m\u00e4\u00e4n taivutusj\u00e4nnityst\u00e4, joka on yleinen ongelma korkean rasituksen sovelluksissa, ja pident\u00e4\u00e4 siten ketjun k\u00e4ytt\u00f6ik\u00e4\u00e4.<\/p>\n<p>Jokainen lenkki on huolellisesti rakennettu kest\u00e4m\u00e4\u00e4n kuormitukset taipumatta muodonmuutoksiin tai v\u00e4symykseen, mik\u00e4 tekee tappilenkkiketjuista erityisen arvokkaita offshore-sovelluksissa, joissa vakaus ja lujuus ovat ratkaisevan t\u00e4rkeit\u00e4. Halkaisijaltaan suuremmat ketjut tarjoavat suuremman kest\u00e4vyyskuorman, mik\u00e4 tarkoittaa, ett\u00e4 ne kest\u00e4v\u00e4t huomattavaa painoa taipumatta, mik\u00e4 tekee niist\u00e4 ihanteellisia kiinnitysj\u00e4rjestelmiin ja ankkuriketjuihin.<\/p>\n<p>Qingdao H&amp;F:n sitoutumiseen laatuun kuuluu tiukka testausprosessi, jossa ketjuille tehd\u00e4\u00e4n ennen l\u00e4hett\u00e4mist\u00e4 koekuormitus- ja vetolujuusarvioinnit. T\u00e4ll\u00e4 k\u00e4yt\u00e4nn\u00f6ll\u00e4 varmistetaan, ett\u00e4 jokainen tuote t\u00e4ytt\u00e4\u00e4 vaatimukset ja kest\u00e4\u00e4 teollisen k\u00e4yt\u00f6n haastavat olosuhteet. Yksil\u00f6llinen asiakaspalvelumme tarkoittaa my\u00f6s sit\u00e4, ett\u00e4 ostajat saavat asiantuntevaa opastusta sopivan ketjukoon ja eritelmien valinnassa erityistarpeiden mukaan, mik\u00e4 varmistaa, ett\u00e4 jokainen ostos on tietoon perustuva.<\/p>\n<h3><strong>Stud Link -ketjujen sovellukset ja ostajan n\u00e4k\u00f6kohdat<\/strong><\/h3>\n<p>Nuppilenkkiketjuja k\u00e4ytet\u00e4\u00e4n yleisimmin merenkulkualan sovelluksissa, erityisesti ankkuri- ja kiinnitysketjuina, koska ne kest\u00e4v\u00e4t pitk\u00e4aikaista altistumista merivedelle ja kovaa k\u00e4sittely\u00e4. Merenkulun lis\u00e4ksi n\u00e4it\u00e4 ketjuja k\u00e4ytet\u00e4\u00e4n my\u00f6s rakennus-, kaivos- ja teollisuuskoneissa, joissa raskaat kuormat on kiinnitett\u00e4v\u00e4 ja hallittava \u00e4\u00e4rimm\u00e4isen luotettavasti. Ketjun halkaisijan, nastan muotoilun ja materiaalien valinta on kuitenkin ratkaisevan t\u00e4rke\u00e4\u00e4 kunkin teollisuudenalan erityisvaatimusten t\u00e4ytt\u00e4miseksi.<\/p>\n<p>Ostajat asettavat useita suorituskykyyn liittyvi\u00e4 ominaisuuksia etusijalle valitessaan Stud Link Chains -ketjuja. Ensimm\u00e4inen on materiaalin lujuus: lujatekoinen ter\u00e4s takaa tarvittavan kest\u00e4vyyden merenkulkusovelluksissa, kun taas seostettua ter\u00e4st\u00e4 voidaan suosia sen paremman lujuus-painosuhteen vuoksi. Toiseksi korroosionkest\u00e4vyydest\u00e4 tulee kriittinen tekij\u00e4 suolavesiymp\u00e4rist\u00f6iss\u00e4, sill\u00e4 mik\u00e4 tahansa kompromissi materiaalin laadussa voi johtaa ketjun nopeaan hajoamiseen ja turvallisuusriskeihin. Ostajien olisi my\u00f6s otettava huomioon ketjun kuormituskest\u00e4vyysluokitus, jotta varmistetaan, ett\u00e4 se kest\u00e4\u00e4 heid\u00e4n toiminnassaan odotettavissa olevat erityiset painokuormat.<\/p>\n<p>Qingdao H&amp;F:n nopeat toimitussyklit antavat yrityksille mahdollisuuden yll\u00e4pit\u00e4\u00e4 keskeytym\u00e4t\u00f6nt\u00e4 toimintaa ilman liiallisia seisokkeja. Lis\u00e4ksi tarjoamme yksityiskohtaisia tarkastusraportteja, joiden avulla asiakkaamme saavat selke\u00e4n kuvan kunkin ketjun laatuparametreista ennen l\u00e4hetyst\u00e4. T\u00e4m\u00e4n l\u00e4pin\u00e4kyvyyden ansiosta ostajat voivat luottaa siihen, ett\u00e4 ketjumme t\u00e4ytt\u00e4v\u00e4t alan standardien lis\u00e4ksi my\u00f6s kunkin sovelluksen ainutlaatuiset vaatimukset, olipa kyse sitten offshore-lautoista, teollisuuden nostoista tai satamatoiminnoista.<\/p>\n<h3><strong>Johtop\u00e4\u00e4t\u00f6kset: Miksi valita Qingdao H&amp;F:n Stud Link Chain -ketjut?<\/strong><\/h3>\n<p>Nastaketjun valinta on p\u00e4\u00e4t\u00f6s, joka perustuu turvallisuuteen ja toimivuuteen, sill\u00e4 n\u00e4iden ketjujen on kestett\u00e4v\u00e4 \u00e4\u00e4rimm\u00e4isi\u00e4 kuormituksia ja haastavia ymp\u00e4rist\u00f6j\u00e4. Me Qingdao H&amp;F:ss\u00e4 menemme laadukkaan ketjun toimittamista pidemm\u00e4lle tarjoamalla kattavan palvelukokemuksen, johon kuuluu asiantuntevaa neuvontaa, nopea toimitus ja tuotteen l\u00e4pin\u00e4kyvyys tarkastusraporttien avulla. Jokainen ketjumme t\u00e4ytt\u00e4\u00e4 tiukat testausstandardit, mik\u00e4 takaa ostajillemme laadun ja kest\u00e4vyyden jokaisella ostokerralla.<\/p>\n<p>Sitoutumisemme henkil\u00f6kohtaiseen asiakaspalveluun tarkoittaa, ett\u00e4 tuemme asiakkaitamme kaikissa vaiheissa tuotteen valinnasta aina myynnin j\u00e4lkeisiin kyselyihin, jotta ostokokemus olisi paras mahdollinen. K\u00e4ytettiinp\u00e4 niit\u00e4 sitten merenkulussa, teollisuuden nostoissa tai muissa suurten kuormien k\u00e4ytt\u00f6ymp\u00e4rist\u00f6iss\u00e4, Qingdao H&amp;F:n pulttijousiketjut tarjoavat laadun lis\u00e4ksi my\u00f6s luotettavuutta ja tukea, jota jokainen yritys tarvitsee menesty\u00e4kseen.<\/p>","protected":false},"excerpt":{"rendered":"<p>Nastalenkkiketju tarjoaa vankkaa lujuutta ja vakautta, ja se sopii erinomaisesti raskaisiin sovelluksiin, joissa kest\u00e4vyys ja luotettavuus ovat ensiarvoisen t\u00e4rkeit\u00e4. Ostajat asettavat usein etusijalle sellaisia tekij\u00f6it\u00e4 kuin materiaalin laatu, kantavuus ja kest\u00e4vyys vaativissa ymp\u00e4rist\u00f6iss\u00e4, kun he valitsevat tappilenkkiketjua. Qingdao H&amp;F:ss\u00e4 asetamme n\u00e4m\u00e4 tarpeet etusijalle varmistamalla, ett\u00e4 jokainen ketju t\u00e4ytt\u00e4\u00e4 tiukat laatustandardit, ja toimittamalla yksityiskohtaiset tarkastusraportit, mukaan lukien koekuormitus- ja vetolujuustiedot. Yksil\u00f6llisen asiakaspalvelun ja tehokkaan toimitussyklin ansiosta emme tarjoa vain tuotteita vaan luotettavia ratkaisuja, jotka mahdollistavat sujuvamman ja turvallisemman toiminnan yrityksellesi.<\/p>","protected":false},"featured_media":4678,"comment_status":"open","ping_status":"closed","template":"","meta":{"site-sidebar-layout":"default","site-content-layout":"","ast-site-content-layout":"default","site-content-style":"default","site-sidebar-style":"default","ast-global-header-display":"","ast-banner-title-visibility":"","ast-main-header-display":"","ast-hfb-above-header-display":"","ast-hfb-below-header-display":"","ast-hfb-mobile-header-display":"","site-post-title":"","ast-breadcrumbs-content":"","ast-featured-img":"","footer-sml-layout":"","theme-transparent-header-meta":"default","adv-header-id-meta":"","stick-header-meta":"default","header-above-stick-meta":"","header-main-stick-meta":"","header-below-stick-meta":"","astra-migrate-meta-layouts":"set","ast-page-background-enabled":"default","ast-page-background-meta":{"desktop":{"background-color":"","background-image":"","background-repeat":"repeat","background-position":"center center","background-size":"auto","background-attachment":"scroll","background-type":"","background-media":"","overlay-type":"","overlay-color":"","overlay-opacity":"","overlay-gradient":""},"tablet":{"background-color":"","background-image":"","background-repeat":"repeat","background-position":"center center","background-size":"auto","background-attachment":"scroll","background-type":"","background-media":"","overlay-type":"","overlay-color":"","overlay-opacity":"","overlay-gradient":""},"mobile":{"background-color":"","background-image":"","background-repeat":"repeat","background-position":"center center","background-size":"auto","background-attachment":"scroll","background-type":"","background-media":"","overlay-type":"","overlay-color":"","overlay-opacity":"","overlay-gradient":""}},"ast-content-background-meta":{"desktop":{"background-color":"var(--ast-global-color-5)","background-image":"","background-repeat":"repeat","background-position":"center center","background-size":"auto","background-attachment":"scroll","background-type":"","background-media":"","overlay-type":"","overlay-color":"","overlay-opacity":"","overlay-gradient":""},"tablet":{"background-color":"var(--ast-global-color-5)","background-image":"","background-repeat":"repeat","background-position":"center center","background-size":"auto","background-attachment":"scroll","background-type":"","background-media":"","overlay-type":"","overlay-color":"","overlay-opacity":"","overlay-gradient":""},"mobile":{"background-color":"var(--ast-global-color-5)","background-image":"","background-repeat":"repeat","background-position":"center center","background-size":"auto","background-attachment":"scroll","background-type":"","background-media":"","overlay-type":"","overlay-color":"","overlay-opacity":"","overlay-gradient":""}}},"product_brand":[],"product_cat":[38],"product_tag":[],"class_list":{"0":"post-8181","1":"product","2":"type-product","3":"status-publish","4":"has-post-thumbnail","6":"product_cat-chain","7":"desktop-align-left","8":"tablet-align-left","9":"mobile-align-left","10":"ast-product-gallery-layout-horizontal-slider","11":"ast-product-tabs-layout-horizontal","13":"first","14":"instock","15":"shipping-taxable","16":"purchasable","17":"product-type-simple"},"yoast_head":"<!-- This site is optimized with the Yoast SEO plugin v25.2 - https:\/\/yoast.com\/wordpress\/plugins\/seo\/ -->\n<title>Stud Link Anchor Chain<\/title>\n<meta name=\"robots\" content=\"index, follow, max-snippet:-1, max-image-preview:large, max-video-preview:-1\" \/>\n<link rel=\"canonical\" href=\"https:\/\/qingdaohf.com\/fi\/tuote\/nuppilenkkiketju\/\" \/>\n<meta property=\"og:locale\" content=\"fi_FI\" \/>\n<meta property=\"og:type\" content=\"article\" \/>\n<meta property=\"og:title\" content=\"Stud Link Anchor Chain\" \/>\n<meta property=\"og:description\" content=\"A Stud Link Chain offers robust strength and stability, ideal for heavy-duty applications where durability and reliability are paramount. Buyers often prioritize factors like material quality, load-bearing capacity, and resistance to harsh environments when selecting a Stud Link Chain. At Qingdao H&amp;F, we prioritize these needs by ensuring every chain meets stringent quality standards and providing detailed inspection reports, including proof load and tensile strength data. With our one-on-one customer service approach and efficient delivery cycle, we deliver not just products but reliable solutions that enable smoother, safer operations for your business.\" \/>\n<meta property=\"og:url\" content=\"https:\/\/qingdaohf.com\/fi\/tuote\/nuppilenkkiketju\/\" \/>\n<meta property=\"og:site_name\" content=\"Concrete Form &amp; Rigging Hardware Supplier\" \/>\n<meta property=\"article:publisher\" content=\"https:\/\/www.facebook.com\/qingdaohf\" \/>\n<meta property=\"article:modified_time\" content=\"2025-11-13T01:02:54+00:00\" \/>\n<meta property=\"og:image\" content=\"https:\/\/qingdaohf.com\/wp-content\/uploads\/2023\/04\/Marine-anchor-chain.jpg\" \/>\n\t<meta property=\"og:image:width\" content=\"1000\" \/>\n\t<meta property=\"og:image:height\" content=\"1000\" \/>\n\t<meta property=\"og:image:type\" content=\"image\/jpeg\" \/>\n<meta name=\"twitter:card\" content=\"summary_large_image\" \/>\n<meta name=\"twitter:label1\" content=\"Arvioitu lukuaika\" \/>\n\t<meta name=\"twitter:data1\" content=\"4 minuuttia\" \/>\n<script type=\"application\/ld+json\" class=\"yoast-schema-graph\">{\"@context\":\"https:\/\/schema.org\",\"@graph\":[{\"@type\":\"WebPage\",\"@id\":\"https:\/\/qingdaohf.com\/product\/stud-link-chain\/\",\"url\":\"https:\/\/qingdaohf.com\/product\/stud-link-chain\/\",\"name\":\"Stud Link Anchor Chain\",\"isPartOf\":{\"@id\":\"https:\/\/qingdaohf.com\/bg\/#website\"},\"primaryImageOfPage\":{\"@id\":\"https:\/\/qingdaohf.com\/product\/stud-link-chain\/#primaryimage\"},\"image\":{\"@id\":\"https:\/\/qingdaohf.com\/product\/stud-link-chain\/#primaryimage\"},\"thumbnailUrl\":\"https:\/\/qingdaohf.com\/wp-content\/uploads\/2023\/04\/Marine-anchor-chain.jpg\",\"datePublished\":\"2024-10-29T08:52:37+00:00\",\"dateModified\":\"2025-11-13T01:02:54+00:00\",\"breadcrumb\":{\"@id\":\"https:\/\/qingdaohf.com\/product\/stud-link-chain\/#breadcrumb\"},\"inLanguage\":\"fi\",\"potentialAction\":[{\"@type\":\"ReadAction\",\"target\":[\"https:\/\/qingdaohf.com\/product\/stud-link-chain\/\"]}]},{\"@type\":\"ImageObject\",\"inLanguage\":\"fi\",\"@id\":\"https:\/\/qingdaohf.com\/product\/stud-link-chain\/#primaryimage\",\"url\":\"https:\/\/qingdaohf.com\/wp-content\/uploads\/2023\/04\/Marine-anchor-chain.jpg\",\"contentUrl\":\"https:\/\/qingdaohf.com\/wp-content\/uploads\/2023\/04\/Marine-anchor-chain.jpg\",\"width\":1000,\"height\":1000,\"caption\":\"Marine anchor chain\"},{\"@type\":\"BreadcrumbList\",\"@id\":\"https:\/\/qingdaohf.com\/product\/stud-link-chain\/#breadcrumb\",\"itemListElement\":[{\"@type\":\"ListItem\",\"position\":1,\"name\":\"Home\",\"item\":\"https:\/\/qingdaohf.com\/\"},{\"@type\":\"ListItem\",\"position\":2,\"name\":\"Concrete Forming Accessories and Rigging Hardware\",\"item\":\"https:\/\/qingdaohf.com\/bg\/?page_id=944\"},{\"@type\":\"ListItem\",\"position\":3,\"name\":\"Stud Link Anchor Chain\"}]},{\"@type\":\"WebSite\",\"@id\":\"https:\/\/qingdaohf.com\/bg\/#website\",\"url\":\"https:\/\/qingdaohf.com\/bg\/\",\"name\":\"Concrete Form & Rigging Hardware Supplier\",\"description\":\"\",\"publisher\":{\"@id\":\"https:\/\/qingdaohf.com\/bg\/#organization\"},\"potentialAction\":[{\"@type\":\"SearchAction\",\"target\":{\"@type\":\"EntryPoint\",\"urlTemplate\":\"https:\/\/qingdaohf.com\/bg\/?s={search_term_string}\"},\"query-input\":{\"@type\":\"PropertyValueSpecification\",\"valueRequired\":true,\"valueName\":\"search_term_string\"}}],\"inLanguage\":\"fi\"},{\"@type\":\"Organization\",\"@id\":\"https:\/\/qingdaohf.com\/bg\/#organization\",\"name\":\"Qingdao H&F\",\"url\":\"https:\/\/qingdaohf.com\/bg\/\",\"logo\":{\"@type\":\"ImageObject\",\"inLanguage\":\"fi\",\"@id\":\"https:\/\/qingdaohf.com\/bg\/#\/schema\/logo\/image\/\",\"url\":\"https:\/\/qingdaohf.com\/wp-content\/uploads\/2022\/12\/cropped-HF-LOGO.png\",\"contentUrl\":\"https:\/\/qingdaohf.com\/wp-content\/uploads\/2022\/12\/cropped-HF-LOGO.png\",\"width\":391,\"height\":249,\"caption\":\"Qingdao H&F\"},\"image\":{\"@id\":\"https:\/\/qingdaohf.com\/bg\/#\/schema\/logo\/image\/\"},\"sameAs\":[\"https:\/\/www.facebook.com\/qingdaohf\"]}]}<\/script>\n<!-- \/ Yoast SEO plugin. -->","yoast_head_json":{"title":"Stud Link Anchor Chain","robots":{"index":"index","follow":"follow","max-snippet":"max-snippet:-1","max-image-preview":"max-image-preview:large","max-video-preview":"max-video-preview:-1"},"canonical":"https:\/\/qingdaohf.com\/fi\/tuote\/nuppilenkkiketju\/","og_locale":"fi_FI","og_type":"article","og_title":"Stud Link Anchor Chain","og_description":"A Stud Link Chain offers robust strength and stability, ideal for heavy-duty applications where durability and reliability are paramount. Buyers often prioritize factors like material quality, load-bearing capacity, and resistance to harsh environments when selecting a Stud Link Chain. At Qingdao H&amp;F, we prioritize these needs by ensuring every chain meets stringent quality standards and providing detailed inspection reports, including proof load and tensile strength data. With our one-on-one customer service approach and efficient delivery cycle, we deliver not just products but reliable solutions that enable smoother, safer operations for your business.","og_url":"https:\/\/qingdaohf.com\/fi\/tuote\/nuppilenkkiketju\/","og_site_name":"Concrete Form &amp; Rigging Hardware Supplier","article_publisher":"https:\/\/www.facebook.com\/qingdaohf","article_modified_time":"2025-11-13T01:02:54+00:00","og_image":[{"width":1000,"height":1000,"url":"https:\/\/qingdaohf.com\/wp-content\/uploads\/2023\/04\/Marine-anchor-chain.jpg","type":"image\/jpeg"}],"twitter_card":"summary_large_image","twitter_misc":{"Arvioitu lukuaika":"4 minuuttia"},"schema":{"@context":"https:\/\/schema.org","@graph":[{"@type":"WebPage","@id":"https:\/\/qingdaohf.com\/product\/stud-link-chain\/","url":"https:\/\/qingdaohf.com\/product\/stud-link-chain\/","name":"Stud Link Anchor Chain","isPartOf":{"@id":"https:\/\/qingdaohf.com\/bg\/#website"},"primaryImageOfPage":{"@id":"https:\/\/qingdaohf.com\/product\/stud-link-chain\/#primaryimage"},"image":{"@id":"https:\/\/qingdaohf.com\/product\/stud-link-chain\/#primaryimage"},"thumbnailUrl":"https:\/\/qingdaohf.com\/wp-content\/uploads\/2023\/04\/Marine-anchor-chain.jpg","datePublished":"2024-10-29T08:52:37+00:00","dateModified":"2025-11-13T01:02:54+00:00","breadcrumb":{"@id":"https:\/\/qingdaohf.com\/product\/stud-link-chain\/#breadcrumb"},"inLanguage":"fi","potentialAction":[{"@type":"ReadAction","target":["https:\/\/qingdaohf.com\/product\/stud-link-chain\/"]}]},{"@type":"ImageObject","inLanguage":"fi","@id":"https:\/\/qingdaohf.com\/product\/stud-link-chain\/#primaryimage","url":"https:\/\/qingdaohf.com\/wp-content\/uploads\/2023\/04\/Marine-anchor-chain.jpg","contentUrl":"https:\/\/qingdaohf.com\/wp-content\/uploads\/2023\/04\/Marine-anchor-chain.jpg","width":1000,"height":1000,"caption":"Marine anchor chain"},{"@type":"BreadcrumbList","@id":"https:\/\/qingdaohf.com\/product\/stud-link-chain\/#breadcrumb","itemListElement":[{"@type":"ListItem","position":1,"name":"Home","item":"https:\/\/qingdaohf.com\/"},{"@type":"ListItem","position":2,"name":"Concrete Forming Accessories and Rigging Hardware","item":"https:\/\/qingdaohf.com\/bg\/?page_id=944"},{"@type":"ListItem","position":3,"name":"Stud Link Anchor Chain"}]},{"@type":"WebSite","@id":"https:\/\/qingdaohf.com\/bg\/#website","url":"https:\/\/qingdaohf.com\/bg\/","name":"Concrete Form & Rigging Hardware Supplier","description":"","publisher":{"@id":"https:\/\/qingdaohf.com\/bg\/#organization"},"potentialAction":[{"@type":"SearchAction","target":{"@type":"EntryPoint","urlTemplate":"https:\/\/qingdaohf.com\/bg\/?s={search_term_string}"},"query-input":{"@type":"PropertyValueSpecification","valueRequired":true,"valueName":"search_term_string"}}],"inLanguage":"fi"},{"@type":"Organization","@id":"https:\/\/qingdaohf.com\/bg\/#organization","name":"Qingdao H&F","url":"https:\/\/qingdaohf.com\/bg\/","logo":{"@type":"ImageObject","inLanguage":"fi","@id":"https:\/\/qingdaohf.com\/bg\/#\/schema\/logo\/image\/","url":"https:\/\/qingdaohf.com\/wp-content\/uploads\/2022\/12\/cropped-HF-LOGO.png","contentUrl":"https:\/\/qingdaohf.com\/wp-content\/uploads\/2022\/12\/cropped-HF-LOGO.png","width":391,"height":249,"caption":"Qingdao H&F"},"image":{"@id":"https:\/\/qingdaohf.com\/bg\/#\/schema\/logo\/image\/"},"sameAs":["https:\/\/www.facebook.com\/qingdaohf"]}]}},"_links":{"self":[{"href":"https:\/\/qingdaohf.com\/fi\/wp-json\/wp\/v2\/product\/8181","targetHints":{"allow":["GET"]}}],"collection":[{"href":"https:\/\/qingdaohf.com\/fi\/wp-json\/wp\/v2\/product"}],"about":[{"href":"https:\/\/qingdaohf.com\/fi\/wp-json\/wp\/v2\/types\/product"}],"replies":[{"embeddable":true,"href":"https:\/\/qingdaohf.com\/fi\/wp-json\/wp\/v2\/comments?post=8181"}],"version-history":[{"count":2,"href":"https:\/\/qingdaohf.com\/fi\/wp-json\/wp\/v2\/product\/8181\/revisions"}],"predecessor-version":[{"id":8341,"href":"https:\/\/qingdaohf.com\/fi\/wp-json\/wp\/v2\/product\/8181\/revisions\/8341"}],"wp:featuredmedia":[{"embeddable":true,"href":"https:\/\/qingdaohf.com\/fi\/wp-json\/wp\/v2\/media\/4678"}],"wp:attachment":[{"href":"https:\/\/qingdaohf.com\/fi\/wp-json\/wp\/v2\/media?parent=8181"}],"wp:term":[{"taxonomy":"product_brand","embeddable":true,"href":"https:\/\/qingdaohf.com\/fi\/wp-json\/wp\/v2\/product_brand?post=8181"},{"taxonomy":"product_cat","embeddable":true,"href":"https:\/\/qingdaohf.com\/fi\/wp-json\/wp\/v2\/product_cat?post=8181"},{"taxonomy":"product_tag","embeddable":true,"href":"https:\/\/qingdaohf.com\/fi\/wp-json\/wp\/v2\/product_tag?post=8181"}],"curies":[{"name":"wp","href":"https:\/\/api.w.org\/{rel}","templated":true}]}}