{"id":8189,"date":"2024-11-05T13:59:31","date_gmt":"2024-11-05T05:59:31","guid":{"rendered":"http:\/\/qingdaohf.com\/?post_type=product&#038;p=8189"},"modified":"2025-11-13T09:02:54","modified_gmt":"2025-11-13T01:02:54","slug":"webbing-sling-1-ton","status":"publish","type":"product","link":"https:\/\/qingdaohf.com\/fi\/tuote\/hihnariepu-1-tonni\/","title":{"rendered":"Litte\u00e4 hihnavy\u00f6 rintareppu 1 Ton polyesteri Double Duplex"},"content":{"rendered":"<h3><strong>Luotettava ja monipuolinen 1 tonnin vy\u00f6nauha turvalliseen ja tehokkaaseen nostamiseen.<\/strong><\/h3>\n<p>Hihnaraksit ovat v\u00e4ltt\u00e4m\u00e4tt\u00f6mi\u00e4 teollisuudenaloilla, jotka ovat riippuvaisia nostoista ja materiaalink\u00e4sittelyst\u00e4. N\u00e4ist\u00e4 1 tonnin hihnariepua arvostetaan suuresti sen vuoksi, ett\u00e4 se pystyy k\u00e4sittelem\u00e4\u00e4n keskisuuria kuormia turvallisesti ja tehokkaasti. Korkealaatuisista synteettisist\u00e4 kuiduista valmistettuja t\u00e4m\u00e4ntyyppisi\u00e4 hihnoja arvostetaan erityisesti niiden lujuuden, kest\u00e4vyyden ja mukautuvuuden yhdistelm\u00e4n vuoksi. Rakennusty\u00f6mailla ja varastoissa 1 tonnin hihnaremmi t\u00e4ytt\u00e4\u00e4 monenlaiset nostovaatimukset helposti ja luotettavasti.<\/p>\n<p>1 tonnin hihnarihman rakenne on erityisesti optimoitu tasapainottamaan kuormitusta kantava lujuus ja joustavuus. T\u00e4m\u00e4n tasapainon ansiosta se pystyy kiinnitt\u00e4m\u00e4\u00e4n kuormat turvallisesti my\u00f6s haastavissa olosuhteissa. T\u00e4rkeimm\u00e4t n\u00e4k\u00f6kohdat, kuten murtolujuus, venym\u00e4 kuormituksessa ja UV-kest\u00e4vyys, ovat olennainen osa n\u00e4iden hihnojen valmistusta, ja ne vastaavat sek\u00e4 suorituskyky\u00e4 ett\u00e4 pitk\u00e4ik\u00e4isyytt\u00e4, joita ostajat etsiv\u00e4t nostolaitteilta. Lis\u00e4ksi materiaalit on valittu niin, ett\u00e4 ne kest\u00e4v\u00e4t kulutusta ja hankausta, mik\u00e4 on t\u00e4rke\u00e4\u00e4 toistuvan k\u00e4yt\u00f6n ja turvallisuuden varmistamisen kannalta.<\/p>\n<p>Qingdao H&amp;F tarjoaa ainutlaatuisia etuja, jotka parantavat entisest\u00e4\u00e4n kokemusta hihnaraksien hankinnasta. Jokainen rihma k\u00e4y l\u00e4pi tiukan laadunvalvonnan, jota tukevat kattavat tarkastusraportit, jotka takaavat luotettavan suorituskyvyn toimituksen yhteydess\u00e4. Lis\u00e4ksi henkil\u00f6kohtainen asiakaspalvelumme takaa, ett\u00e4 jokainen asiakas saa henkil\u00f6kohtaista tukea, olipa kyse sitten oikean tuotteen valinnasta tai huoltovinkkien kysymisest\u00e4. Nopealla toimitussyklill\u00e4 Qingdao H&amp;F varmistaa, ett\u00e4 n\u00e4m\u00e4 korkealaatuiset hihnaraksit ovat saatavilla juuri silloin, kun niit\u00e4 tarvitaan, mik\u00e4 edist\u00e4\u00e4 saumattomia projektiaikatauluja.<\/p>\n<h3><strong>Korkealaatuinen rakenne ja materiaalit<\/strong><\/h3>\n<p>Materiaalit, joita k\u00e4ytet\u00e4\u00e4n 1 tonnin hihnariekoissamme, on valittu niiden kest\u00e4vyyden ja joustavuuden vuoksi, jotka vaikuttavat suoraan sek\u00e4 turvallisuuteen ett\u00e4 helppok\u00e4ytt\u00f6isyyteen. Tyypillisesti n\u00e4m\u00e4 hihnat on valmistettu synteettisist\u00e4 kuiduista, kuten polyesterist\u00e4 tai nailonista, jotka tarjoavat useita etuja. Esimerkiksi polyesteri kest\u00e4\u00e4 hyvin kemikaaleja ja UV-s\u00e4teit\u00e4, joten se soveltuu ulkok\u00e4ytt\u00f6\u00f6n. Nylonraksit puolestaan ovat eritt\u00e4in venyvi\u00e4, mik\u00e4 voi olla erityisen hy\u00f6dyllist\u00e4, kun k\u00e4sitell\u00e4\u00e4n tietyntyyppisi\u00e4 kuormia.<\/p>\n<p>Valmistuksen aikana kiinnitet\u00e4\u00e4n tarkkaa huomiota kankaan kudontaan ja tiheyteen, jotta varmistetaan tasainen kantavuus. N\u00e4iden hihnojen murtolujuus testataan tiukasti, jotta varmistetaan, ett\u00e4 jokainen yksikk\u00f6 voi turvallisesti k\u00e4sitell\u00e4 jopa 1 tonnin kuormia ilman kompromisseja. T\u00e4m\u00e4 laatuun kiinnitetty huomio vastaa ostajien ensisijaisia huolenaiheita, sill\u00e4 he luottavat siihen, ett\u00e4 n\u00e4m\u00e4 hihnat pit\u00e4v\u00e4t kuorman vakaana ja varmistavat k\u00e4ytt\u00e4j\u00e4n turvallisuuden. Panostamalla kest\u00e4viin materiaaleihin ja tiukkoihin tuotantostandardeihin Qingdao H&amp;F tarjoaa hihnariepuja, jotka on suunniteltu ylitt\u00e4m\u00e4\u00e4n alan odotukset ja tukemaan pitk\u00e4aikaista, luotettavaa k\u00e4ytt\u00f6\u00e4.<\/p>\n<h3><strong>Sovellukset ja edut eri toimialoilla<\/strong><\/h3>\n<p>1 tonnin vy\u00f6nauhan muunneltavuus tekee siit\u00e4 ensisijaisen valinnan monilla aloilla, kuten rakentamisessa, merenkulussa, teollisuudessa ja varastoinnissa. Toisin kuin ketjut tai vaijerit, hihnaraksit ovat kevyempi\u00e4 ja helpommin ohjattavia, mik\u00e4 mahdollistaa suuremman tarkkuuden ja v\u00e4hent\u00e4\u00e4 k\u00e4sittelij\u00e4n v\u00e4symyst\u00e4. Rakennusalalla n\u00e4m\u00e4 hihnat helpottavat materiaalien nostamista ja sijoittelua, joten ne ovat elint\u00e4rkeit\u00e4 projekteissa, joissa tarvitaan luotettavia nostoratkaisuja ilman metallivaihtoehtojen bulkkia. Hihnaraksissa k\u00e4ytetty synteettinen kangas v\u00e4hent\u00e4\u00e4 my\u00f6s herkkien tai maalattujen pintojen naarmuuntumisen tai vahingoittumisen riski\u00e4, mik\u00e4 on etu teollisuudenaloilla, joilla materiaalin s\u00e4ilytt\u00e4minen on t\u00e4rke\u00e4\u00e4.<\/p>\n<p>Qingdao H&amp;F:n omistautuminen laadulle ja suorituskyvylle heijastuu valikoimassamme hihnariepuja, jotka t\u00e4ytt\u00e4v\u00e4t erilaiset nostotarpeet. 1 tonnin hihnamme on suunniteltu ominaisuuksia, jotka parantavat toiminnan helppoutta ja turvallisuutta, kuten v\u00e4rikoodatut kapasiteetin ilmaisimet ja vahvistetut silmukat, jotka est\u00e4v\u00e4t kulumista t\u00e4rkeimmiss\u00e4 rasituskohdissa. Lis\u00e4ksi jokaisen hihnan mukana on laatutarkastusraportti, joka antaa varmuuden siit\u00e4, ett\u00e4 tuote toimii luotettavasti odotettavissa olosuhteissa. Asiakkaamme hy\u00f6tyv\u00e4t siit\u00e4, ett\u00e4 he tiet\u00e4v\u00e4t ostoksensa t\u00e4ytt\u00e4v\u00e4n tiukat laatustandardit, mik\u00e4 tukee sek\u00e4 turvallisuusvaatimusten noudattamista ett\u00e4 projektin tehokasta toteuttamista.<\/p>\n<h3><strong>Qingdao H&amp;F:n lupaus: palvelu, nopeus ja varmuus.<\/strong><\/h3>\n<p>Laadukkaan tuotteen lis\u00e4ksi Qingdao H&amp;F takaa poikkeuksellisen ostokokemuksen. Ymm\u00e4rr\u00e4mme, ett\u00e4 ostajat eiv\u00e4t aseta etusijalle ainoastaan tuotteen laatua vaan my\u00f6s toimittajan yleist\u00e4 luotettavuutta. T\u00e4m\u00e4n vuoksi l\u00e4hestymistapamme keskittyy toimittamaan tuotteita itse tuotteen lis\u00e4ksi palveluja, jotka vastaavat asiakkaan yksil\u00f6llisiin tarpeisiin ja huolenaiheisiin. Tarjoamalla henkil\u00f6kohtaista asiakaspalvelua varmistamme, ett\u00e4 kaikkiin kysymyksiin ja vaatimuksiin vastataan nopeasti ja tehokkaasti, mik\u00e4 edist\u00e4\u00e4 luottamusta ja tyytyv\u00e4isyytt\u00e4 heti ensimm\u00e4isest\u00e4 yhteydenotosta l\u00e4htien.<\/p>\n<p>Sitoutumisemme nopeuteen n\u00e4kyy nopeina toimitusjaksoina. Ymm\u00e4rr\u00e4mme, ett\u00e4 ajoitus on ratkaisevan t\u00e4rke\u00e4\u00e4, ja viiv\u00e4stykset voivat vaikuttaa tuottavuuteen ja aikatauluihin. T\u00e4st\u00e4 syyst\u00e4 teemme tiivist\u00e4 yhteisty\u00f6t\u00e4 logistiikkakumppaneidemme kanssa yll\u00e4pit\u00e4\u00e4ksemme tehokkaita toimitusprosesseja ja antaaksemme asiakkaillemme varmuuden siit\u00e4, ett\u00e4 heid\u00e4n hihnarihmansa saapuvat perille silloin, kun niit\u00e4 tarvitaan. Lis\u00e4ksi perusteellinen laatutarkastusprosessimme varmistaa, ett\u00e4 jokainen rihma on valmis k\u00e4ytett\u00e4v\u00e4ksi v\u00e4litt\u00f6m\u00e4sti, ja sen tukena on raportteja, joissa kerrotaan yksityiskohtaisesti, ett\u00e4 tuote on alan standardien mukainen. T\u00e4m\u00e4 sitoutuminen laatuun ja palveluun erottaa Qingdao H&amp;F:n luotettavia nostoratkaisuja etsivien yritysten ensisijaiseksi kumppaniksi.<\/p>\n<p>1 tonnin hihnaremmi edustaa suorituskyvyn, turvallisuuden ja mukavuuden yhdistelm\u00e4\u00e4, joka on suunniteltu vastaamaan nykyaikaisen teollisuuden tiukkoja vaatimuksia. Valitsemalla Qingdao H&amp;F:n ostajat panostavat kumppanuuteen, joka arvostaa heid\u00e4n prioriteettejaan tuotteen eheydest\u00e4 nopeaan ja huomaavaan palveluun. Olemme ylpeit\u00e4 voidessamme toimittaa pelk\u00e4n tuotteen lis\u00e4ksi kokonaisratkaisun, joka vastaa asiakkaidemme toiminnallisia tarpeita ja laatustandardeja.<\/p>","protected":false},"excerpt":{"rendered":"<p>1 tonnin hihnaremmi yhdist\u00e4\u00e4 lujuuden ja monipuolisuuden eri teollisuudenalojen nosto- ja nostoteht\u00e4viin. Ostajat asettavat usein kest\u00e4vyyden, turvallisuuden ja helpon k\u00e4sitelt\u00e4vyyden etusijalle, ja kaikki n\u00e4m\u00e4 seikat ovat hihnasilmukoidemme ominaisuuksia. N\u00e4m\u00e4 hihnat on tehty kest\u00e4m\u00e4\u00e4n kovaa k\u00e4ytt\u00f6\u00e4, ja ne takaavat turvallisen nostamisen s\u00e4ilytt\u00e4en samalla joustavuuden eri sovelluksia varten. Kauppayhti\u00f6n\u00e4 Qingdao H&amp;F tarjoaa selvi\u00e4 etuja, kuten henkil\u00f6kohtaisen asiakaspalvelun, nopean toimitussyklin ja kattavat laatutarkastusraportit, joilla varmistetaan, ett\u00e4 jokainen ostos t\u00e4ytt\u00e4\u00e4 tiukat turvallisuus- ja laatustandardit.<\/p>","protected":false},"featured_media":8190,"comment_status":"open","ping_status":"closed","template":"","meta":{"site-sidebar-layout":"default","site-content-layout":"","ast-site-content-layout":"default","site-content-style":"default","site-sidebar-style":"default","ast-global-header-display":"","ast-banner-title-visibility":"","ast-main-header-display":"","ast-hfb-above-header-display":"","ast-hfb-below-header-display":"","ast-hfb-mobile-header-display":"","site-post-title":"","ast-breadcrumbs-content":"","ast-featured-img":"","footer-sml-layout":"","theme-transparent-header-meta":"default","adv-header-id-meta":"","stick-header-meta":"default","header-above-stick-meta":"","header-main-stick-meta":"","header-below-stick-meta":"","astra-migrate-meta-layouts":"set","ast-page-background-enabled":"default","ast-page-background-meta":{"desktop":{"background-color":"","background-image":"","background-repeat":"repeat","background-position":"center center","background-size":"auto","background-attachment":"scroll","background-type":"","background-media":"","overlay-type":"","overlay-color":"","overlay-opacity":"","overlay-gradient":""},"tablet":{"background-color":"","background-image":"","background-repeat":"repeat","background-position":"center center","background-size":"auto","background-attachment":"scroll","background-type":"","background-media":"","overlay-type":"","overlay-color":"","overlay-opacity":"","overlay-gradient":""},"mobile":{"background-color":"","background-image":"","background-repeat":"repeat","background-position":"center center","background-size":"auto","background-attachment":"scroll","background-type":"","background-media":"","overlay-type":"","overlay-color":"","overlay-opacity":"","overlay-gradient":""}},"ast-content-background-meta":{"desktop":{"background-color":"var(--ast-global-color-5)","background-image":"","background-repeat":"repeat","background-position":"center center","background-size":"auto","background-attachment":"scroll","background-type":"","background-media":"","overlay-type":"","overlay-color":"","overlay-opacity":"","overlay-gradient":""},"tablet":{"background-color":"var(--ast-global-color-5)","background-image":"","background-repeat":"repeat","background-position":"center center","background-size":"auto","background-attachment":"scroll","background-type":"","background-media":"","overlay-type":"","overlay-color":"","overlay-opacity":"","overlay-gradient":""},"mobile":{"background-color":"var(--ast-global-color-5)","background-image":"","background-repeat":"repeat","background-position":"center center","background-size":"auto","background-attachment":"scroll","background-type":"","background-media":"","overlay-type":"","overlay-color":"","overlay-opacity":"","overlay-gradient":""}}},"product_brand":[],"product_cat":[39],"product_tag":[],"class_list":{"0":"post-8189","1":"product","2":"type-product","3":"status-publish","4":"has-post-thumbnail","6":"product_cat-webbing-sling","7":"desktop-align-left","8":"tablet-align-left","9":"mobile-align-left","10":"ast-product-gallery-layout-horizontal-slider","11":"ast-product-gallery-with-no-image","12":"ast-product-tabs-layout-horizontal","14":"first","15":"instock","16":"shipping-taxable","17":"purchasable","18":"product-type-simple"},"yoast_head":"<!-- This site is optimized with the Yoast SEO plugin v25.2 - https:\/\/yoast.com\/wordpress\/plugins\/seo\/ -->\n<title>Flat Webbing Sling 1 Ton Polyester Double Duplex<\/title>\n<meta name=\"robots\" content=\"index, follow, max-snippet:-1, max-image-preview:large, max-video-preview:-1\" \/>\n<link rel=\"canonical\" href=\"https:\/\/qingdaohf.com\/fi\/tuote\/hihnariepu-1-tonni\/\" \/>\n<meta property=\"og:locale\" content=\"fi_FI\" \/>\n<meta property=\"og:type\" content=\"article\" \/>\n<meta property=\"og:title\" content=\"Flat Webbing Sling 1 Ton Polyester Double Duplex\" \/>\n<meta property=\"og:description\" content=\"Our 1-ton webbing sling combines strength and versatility for lifting and hoisting tasks across various industries. Buyers often prioritize durability, safety, and ease of handling, all of which our webbing slings deliver. Made to endure heavy-duty use, these slings ensure secure lifting while maintaining flexibility for different applications. As a trading company, Qingdao H&amp;F provides distinct advantages, including one-on-one customer service, a fast delivery cycle, and comprehensive quality inspection reports, ensuring that every purchase meets rigorous safety and quality standards.\" \/>\n<meta property=\"og:url\" content=\"https:\/\/qingdaohf.com\/fi\/tuote\/hihnariepu-1-tonni\/\" \/>\n<meta property=\"og:site_name\" content=\"Concrete Form &amp; Rigging Hardware Supplier\" \/>\n<meta property=\"article:publisher\" content=\"https:\/\/www.facebook.com\/qingdaohf\" \/>\n<meta property=\"article:modified_time\" content=\"2025-11-13T01:02:54+00:00\" \/>\n<meta property=\"og:image\" content=\"https:\/\/qingdaohf.com\/wp-content\/uploads\/2024\/10\/1ton_1.webp\" \/>\n\t<meta property=\"og:image:width\" content=\"1000\" \/>\n\t<meta property=\"og:image:height\" content=\"1000\" \/>\n\t<meta property=\"og:image:type\" content=\"image\/webp\" \/>\n<meta name=\"twitter:card\" content=\"summary_large_image\" \/>\n<meta name=\"twitter:label1\" content=\"Arvioitu lukuaika\" \/>\n\t<meta name=\"twitter:data1\" content=\"4 minuuttia\" \/>\n<script type=\"application\/ld+json\" class=\"yoast-schema-graph\">{\"@context\":\"https:\/\/schema.org\",\"@graph\":[{\"@type\":\"WebPage\",\"@id\":\"https:\/\/qingdaohf.com\/product\/webbing-sling-1-ton\/\",\"url\":\"https:\/\/qingdaohf.com\/product\/webbing-sling-1-ton\/\",\"name\":\"Flat Webbing Sling 1 Ton Polyester Double Duplex\",\"isPartOf\":{\"@id\":\"https:\/\/qingdaohf.com\/bg\/#website\"},\"primaryImageOfPage\":{\"@id\":\"https:\/\/qingdaohf.com\/product\/webbing-sling-1-ton\/#primaryimage\"},\"image\":{\"@id\":\"https:\/\/qingdaohf.com\/product\/webbing-sling-1-ton\/#primaryimage\"},\"thumbnailUrl\":\"https:\/\/qingdaohf.com\/wp-content\/uploads\/2024\/10\/1ton_1.webp\",\"datePublished\":\"2024-11-05T05:59:31+00:00\",\"dateModified\":\"2025-11-13T01:02:54+00:00\",\"breadcrumb\":{\"@id\":\"https:\/\/qingdaohf.com\/product\/webbing-sling-1-ton\/#breadcrumb\"},\"inLanguage\":\"fi\",\"potentialAction\":[{\"@type\":\"ReadAction\",\"target\":[\"https:\/\/qingdaohf.com\/product\/webbing-sling-1-ton\/\"]}]},{\"@type\":\"ImageObject\",\"inLanguage\":\"fi\",\"@id\":\"https:\/\/qingdaohf.com\/product\/webbing-sling-1-ton\/#primaryimage\",\"url\":\"https:\/\/qingdaohf.com\/wp-content\/uploads\/2024\/10\/1ton_1.webp\",\"contentUrl\":\"https:\/\/qingdaohf.com\/wp-content\/uploads\/2024\/10\/1ton_1.webp\",\"width\":1000,\"height\":1000},{\"@type\":\"BreadcrumbList\",\"@id\":\"https:\/\/qingdaohf.com\/product\/webbing-sling-1-ton\/#breadcrumb\",\"itemListElement\":[{\"@type\":\"ListItem\",\"position\":1,\"name\":\"Home\",\"item\":\"https:\/\/qingdaohf.com\/\"},{\"@type\":\"ListItem\",\"position\":2,\"name\":\"Concrete Forming Accessories and Rigging Hardware\",\"item\":\"https:\/\/qingdaohf.com\/bg\/?page_id=944\"},{\"@type\":\"ListItem\",\"position\":3,\"name\":\"Flat Webbing Sling 1 Ton Polyester Double Duplex\"}]},{\"@type\":\"WebSite\",\"@id\":\"https:\/\/qingdaohf.com\/bg\/#website\",\"url\":\"https:\/\/qingdaohf.com\/bg\/\",\"name\":\"Concrete Form & Rigging Hardware Supplier\",\"description\":\"\",\"publisher\":{\"@id\":\"https:\/\/qingdaohf.com\/bg\/#organization\"},\"potentialAction\":[{\"@type\":\"SearchAction\",\"target\":{\"@type\":\"EntryPoint\",\"urlTemplate\":\"https:\/\/qingdaohf.com\/bg\/?s={search_term_string}\"},\"query-input\":{\"@type\":\"PropertyValueSpecification\",\"valueRequired\":true,\"valueName\":\"search_term_string\"}}],\"inLanguage\":\"fi\"},{\"@type\":\"Organization\",\"@id\":\"https:\/\/qingdaohf.com\/bg\/#organization\",\"name\":\"Qingdao H&F\",\"url\":\"https:\/\/qingdaohf.com\/bg\/\",\"logo\":{\"@type\":\"ImageObject\",\"inLanguage\":\"fi\",\"@id\":\"https:\/\/qingdaohf.com\/bg\/#\/schema\/logo\/image\/\",\"url\":\"https:\/\/qingdaohf.com\/wp-content\/uploads\/2022\/12\/cropped-HF-LOGO.png\",\"contentUrl\":\"https:\/\/qingdaohf.com\/wp-content\/uploads\/2022\/12\/cropped-HF-LOGO.png\",\"width\":391,\"height\":249,\"caption\":\"Qingdao H&F\"},\"image\":{\"@id\":\"https:\/\/qingdaohf.com\/bg\/#\/schema\/logo\/image\/\"},\"sameAs\":[\"https:\/\/www.facebook.com\/qingdaohf\"]}]}<\/script>\n<!-- \/ Yoast SEO plugin. -->","yoast_head_json":{"title":"Flat Webbing Sling 1 Ton Polyester Double Duplex","robots":{"index":"index","follow":"follow","max-snippet":"max-snippet:-1","max-image-preview":"max-image-preview:large","max-video-preview":"max-video-preview:-1"},"canonical":"https:\/\/qingdaohf.com\/fi\/tuote\/hihnariepu-1-tonni\/","og_locale":"fi_FI","og_type":"article","og_title":"Flat Webbing Sling 1 Ton Polyester Double Duplex","og_description":"Our 1-ton webbing sling combines strength and versatility for lifting and hoisting tasks across various industries. Buyers often prioritize durability, safety, and ease of handling, all of which our webbing slings deliver. Made to endure heavy-duty use, these slings ensure secure lifting while maintaining flexibility for different applications. As a trading company, Qingdao H&amp;F provides distinct advantages, including one-on-one customer service, a fast delivery cycle, and comprehensive quality inspection reports, ensuring that every purchase meets rigorous safety and quality standards.","og_url":"https:\/\/qingdaohf.com\/fi\/tuote\/hihnariepu-1-tonni\/","og_site_name":"Concrete Form &amp; Rigging Hardware Supplier","article_publisher":"https:\/\/www.facebook.com\/qingdaohf","article_modified_time":"2025-11-13T01:02:54+00:00","og_image":[{"width":1000,"height":1000,"url":"https:\/\/qingdaohf.com\/wp-content\/uploads\/2024\/10\/1ton_1.webp","type":"image\/webp"}],"twitter_card":"summary_large_image","twitter_misc":{"Arvioitu lukuaika":"4 minuuttia"},"schema":{"@context":"https:\/\/schema.org","@graph":[{"@type":"WebPage","@id":"https:\/\/qingdaohf.com\/product\/webbing-sling-1-ton\/","url":"https:\/\/qingdaohf.com\/product\/webbing-sling-1-ton\/","name":"Flat Webbing Sling 1 Ton Polyester Double Duplex","isPartOf":{"@id":"https:\/\/qingdaohf.com\/bg\/#website"},"primaryImageOfPage":{"@id":"https:\/\/qingdaohf.com\/product\/webbing-sling-1-ton\/#primaryimage"},"image":{"@id":"https:\/\/qingdaohf.com\/product\/webbing-sling-1-ton\/#primaryimage"},"thumbnailUrl":"https:\/\/qingdaohf.com\/wp-content\/uploads\/2024\/10\/1ton_1.webp","datePublished":"2024-11-05T05:59:31+00:00","dateModified":"2025-11-13T01:02:54+00:00","breadcrumb":{"@id":"https:\/\/qingdaohf.com\/product\/webbing-sling-1-ton\/#breadcrumb"},"inLanguage":"fi","potentialAction":[{"@type":"ReadAction","target":["https:\/\/qingdaohf.com\/product\/webbing-sling-1-ton\/"]}]},{"@type":"ImageObject","inLanguage":"fi","@id":"https:\/\/qingdaohf.com\/product\/webbing-sling-1-ton\/#primaryimage","url":"https:\/\/qingdaohf.com\/wp-content\/uploads\/2024\/10\/1ton_1.webp","contentUrl":"https:\/\/qingdaohf.com\/wp-content\/uploads\/2024\/10\/1ton_1.webp","width":1000,"height":1000},{"@type":"BreadcrumbList","@id":"https:\/\/qingdaohf.com\/product\/webbing-sling-1-ton\/#breadcrumb","itemListElement":[{"@type":"ListItem","position":1,"name":"Home","item":"https:\/\/qingdaohf.com\/"},{"@type":"ListItem","position":2,"name":"Concrete Forming Accessories and Rigging Hardware","item":"https:\/\/qingdaohf.com\/bg\/?page_id=944"},{"@type":"ListItem","position":3,"name":"Flat Webbing Sling 1 Ton Polyester Double Duplex"}]},{"@type":"WebSite","@id":"https:\/\/qingdaohf.com\/bg\/#website","url":"https:\/\/qingdaohf.com\/bg\/","name":"Concrete Form & Rigging Hardware Supplier","description":"","publisher":{"@id":"https:\/\/qingdaohf.com\/bg\/#organization"},"potentialAction":[{"@type":"SearchAction","target":{"@type":"EntryPoint","urlTemplate":"https:\/\/qingdaohf.com\/bg\/?s={search_term_string}"},"query-input":{"@type":"PropertyValueSpecification","valueRequired":true,"valueName":"search_term_string"}}],"inLanguage":"fi"},{"@type":"Organization","@id":"https:\/\/qingdaohf.com\/bg\/#organization","name":"Qingdao H&F","url":"https:\/\/qingdaohf.com\/bg\/","logo":{"@type":"ImageObject","inLanguage":"fi","@id":"https:\/\/qingdaohf.com\/bg\/#\/schema\/logo\/image\/","url":"https:\/\/qingdaohf.com\/wp-content\/uploads\/2022\/12\/cropped-HF-LOGO.png","contentUrl":"https:\/\/qingdaohf.com\/wp-content\/uploads\/2022\/12\/cropped-HF-LOGO.png","width":391,"height":249,"caption":"Qingdao H&F"},"image":{"@id":"https:\/\/qingdaohf.com\/bg\/#\/schema\/logo\/image\/"},"sameAs":["https:\/\/www.facebook.com\/qingdaohf"]}]}},"_links":{"self":[{"href":"https:\/\/qingdaohf.com\/fi\/wp-json\/wp\/v2\/product\/8189","targetHints":{"allow":["GET"]}}],"collection":[{"href":"https:\/\/qingdaohf.com\/fi\/wp-json\/wp\/v2\/product"}],"about":[{"href":"https:\/\/qingdaohf.com\/fi\/wp-json\/wp\/v2\/types\/product"}],"replies":[{"embeddable":true,"href":"https:\/\/qingdaohf.com\/fi\/wp-json\/wp\/v2\/comments?post=8189"}],"version-history":[{"count":2,"href":"https:\/\/qingdaohf.com\/fi\/wp-json\/wp\/v2\/product\/8189\/revisions"}],"predecessor-version":[{"id":8340,"href":"https:\/\/qingdaohf.com\/fi\/wp-json\/wp\/v2\/product\/8189\/revisions\/8340"}],"wp:featuredmedia":[{"embeddable":true,"href":"https:\/\/qingdaohf.com\/fi\/wp-json\/wp\/v2\/media\/8190"}],"wp:attachment":[{"href":"https:\/\/qingdaohf.com\/fi\/wp-json\/wp\/v2\/media?parent=8189"}],"wp:term":[{"taxonomy":"product_brand","embeddable":true,"href":"https:\/\/qingdaohf.com\/fi\/wp-json\/wp\/v2\/product_brand?post=8189"},{"taxonomy":"product_cat","embeddable":true,"href":"https:\/\/qingdaohf.com\/fi\/wp-json\/wp\/v2\/product_cat?post=8189"},{"taxonomy":"product_tag","embeddable":true,"href":"https:\/\/qingdaohf.com\/fi\/wp-json\/wp\/v2\/product_tag?post=8189"}],"curies":[{"name":"wp","href":"https:\/\/api.w.org\/{rel}","templated":true}]}}