{"id":8277,"date":"2024-11-05T14:01:41","date_gmt":"2024-11-05T06:01:41","guid":{"rendered":"http:\/\/qingdaohf.com\/?post_type=product&#038;p=8277"},"modified":"2025-11-13T09:02:53","modified_gmt":"2025-11-13T01:02:53","slug":"webbing-sling-2-ton","status":"publish","type":"product","link":"https:\/\/qingdaohf.com\/fi\/tuote\/vyonauha-2-tonnin-hihna\/","title":{"rendered":"Litte\u00e4 hihnavy\u00f6 hihna 2 Ton Polyester Double Duplex"},"content":{"rendered":"<div class=\"flex max-w-full flex-col flex-grow\">\n<div class=\"min-h-8 text-message flex w-full flex-col items-end gap-2 whitespace-normal break-words [.text-message+&amp;]:mt-5\" dir=\"auto\" data-message-author-role=\"assistant\" data-message-id=\"df1a8cb9-4730-4671-a7fd-4bac8c133d3f\" data-message-model-slug=\"gpt-4o\">\n<div class=\"flex w-full flex-col gap-1 empty:hidden first:pt-[3px]\">\n<div class=\"markdown prose w-full break-words dark:prose-invert light\">\n<h3><strong>Monipuolinen 2 tonnin vy\u00f6nauha vankkoihin nostoratkaisuihin<\/strong><\/h3>\n<p>2 tonnin hihnaremmi on t\u00e4rke\u00e4 v\u00e4line raskaiden kuormien turvalliseen nostamiseen ja k\u00e4sittelyyn eri teollisuudenaloilla. Laadukkaista synteettisist\u00e4 kuiduista valmistettu hihnasto on sek\u00e4 vahva ett\u00e4 joustava, ja siin\u00e4 yhdistyv\u00e4t haastavissa olosuhteissa vaadittava kest\u00e4vyys ja helppok\u00e4ytt\u00f6isyys. 2 tonnin kapasiteetti soveltuu keskikokoisille kuormille, joten se on eritt\u00e4in monipuolinen esimerkiksi rakennus-, varasto-, kuljetus- ja valmistusaloilla. Qingdao H&amp;F:n 2 tonnin hihnaremmi tarjoaa luotettavan ratkaisun, joka t\u00e4ytt\u00e4\u00e4 eri alojen ammattilaisten suorituskyky- ja turvallisuusodotukset.<\/p>\n<p>Teollisuudessa, jossa raskaat nostot ovat olennainen osa, laitteiden turvallisuuden ja luotettavuuden varmistaminen on ensiarvoisen t\u00e4rke\u00e4\u00e4. Qingdao H&amp;F:n 2 tonnin hihnalenkki on suunniteltu erityisesti tarjoamaan optimaalista lujuutta joustavuudesta tinkim\u00e4tt\u00e4, mik\u00e4 mahdollistaa turvallisen ja tehokkaan kuorman k\u00e4sittelyn. Ostajat etsiv\u00e4t yhdistelm\u00e4\u00e4, jossa yhdistyv\u00e4t suuri kantavuus, kest\u00e4vyys ja kulutuskest\u00e4vyys, ja kaikki n\u00e4m\u00e4 ominaisuudet on integroitu huolellisesti t\u00e4m\u00e4n hihnan suunnitteluun. Synteettisen rakenteensa ansiosta 2 tonnin hihna on kevyempi ja helpommin hallittavissa kuin metalliset vaihtoehdot, mik\u00e4 v\u00e4hent\u00e4\u00e4 k\u00e4ytt\u00e4j\u00e4n v\u00e4symisen todenn\u00e4k\u00f6isyytt\u00e4 ja lis\u00e4\u00e4 yleist\u00e4 turvallisuutta.<\/p>\n<p>Qingdao H&amp;F t\u00e4ydent\u00e4\u00e4 hihnalenkkiens\u00e4 erinomaista laatua asiakaskeskeisill\u00e4 palveluilla. Jokaiselle tuotteelle tehd\u00e4\u00e4n tiukka tarkastus, ja siihen liitet\u00e4\u00e4n kattavat laaturaportit, jotta ostajat voivat luottaa t\u00e4ysin ostokseensa. Yksil\u00f6llinen asiakaspalvelumme varmistaa, ett\u00e4 jokaisen ostajan yksil\u00f6lliset tarpeet t\u00e4ytet\u00e4\u00e4n, ja tehokas toimitusprosessimme takaa oikea-aikaisen saapumisen, jotta projektin ty\u00f6nkulku olisi keskeytym\u00e4t\u00f6nt\u00e4.<\/p>\n<h3><strong>Rakenne- ja materiaalilaatu takaa pitk\u00e4aikaisen suorituskyvyn<\/strong><\/h3>\n<p>2-tonnisen hihnavy\u00f6n materiaalikoostumus on yksi sen ominaisuuksista, ja se on valittu kest\u00e4m\u00e4\u00e4n toistuvaa k\u00e4ytt\u00f6\u00e4 vaativissa olosuhteissa. Tyypillisesti polyesterist\u00e4 tai nailonista valmistetut materiaalit tuovat mukanaan erityisi\u00e4 etuja. Esimerkiksi polyesteririhnat kest\u00e4v\u00e4t kosteutta ja UV-s\u00e4teit\u00e4, joten ne soveltuvat erinomaisesti ulkok\u00e4ytt\u00f6\u00f6n ja pitk\u00e4aikaisiin sovelluksiin. Joustavuudestaan tunnetut nailonraksit tarjoavat erinomaisen iskunvaimennuksen, mik\u00e4 on arvokasta dynaamisia kuormia k\u00e4sitelt\u00e4ess\u00e4. Materiaalista riippumatta jokainen rintaremmi testataan huolellisesti sen varmistamiseksi, ett\u00e4 se kest\u00e4\u00e4 jopa 2 tonnia turvallisesti.<\/p>\n<p>Tuotantoprosesseja valvotaan huolellisesti yhdenmukaisuuden ja luotettavuuden varmistamiseksi. Kuitujen valinnasta viimeiseen kudontaan, jokainen vaihe tehd\u00e4\u00e4n kest\u00e4vyytt\u00e4 silm\u00e4ll\u00e4 pit\u00e4en, jotta varmistetaan, ett\u00e4 rintaremmi pysyy vahvana ajan my\u00f6t\u00e4. Vahvistetut silmukat ja kulutusta kest\u00e4v\u00e4t viimeistelyt pident\u00e4v\u00e4t tuotteen k\u00e4ytt\u00f6ik\u00e4\u00e4 entisest\u00e4\u00e4n ja tarjoavat arvoa ostajille, jotka etsiv\u00e4t suorituskykyisi\u00e4 ja kustannustehokkaita nostoratkaisuja. Qingdao H&amp;F tarjoaa jokaisella hihnalla varmuuden turvallisuudesta, luotettavuudesta ja pitk\u00e4ik\u00e4isyydest\u00e4 testatusta tuotteesta, joka t\u00e4ytt\u00e4\u00e4 sellaisten teollisuudenalojen tiukat vaatimukset, jotka luottavat luotettaviin nostolaitteisiin.<\/p>\n<h3><strong>Sovellukset eri toimialoilla<\/strong><\/h3>\n<p>2 tonnin hihnarihnan mukautuvuus tekee siit\u00e4 arvokkaan eri aloilla, kuten logistiikassa, rakentamisessa ja teollisuuden kunnossapidossa. Esimerkiksi rakennusalalla t\u00e4m\u00e4 kapasiteettialue soveltuu palkkien sijoitteluun, raskaiden koneiden kiinnitt\u00e4miseen tai t\u00e4rkeiden rakennusmateriaalien siirt\u00e4miseen. Hihnaraksien kevyt mutta kest\u00e4v\u00e4 rakenne yksinkertaistaa kuorman k\u00e4sittely\u00e4 n\u00e4iss\u00e4 tilanteissa, ja toisin kuin ter\u00e4ketjut, synteettinen materiaali minimoi pintavaurioiden riskin. Logistiikassa ja varastoinnissa 2 tonnin kapasiteetti sopii keskipainoisille l\u00e4hetyksille ja materiaaleille, mik\u00e4 on ihanteellista tilanteissa, joissa tarvitaan sek\u00e4 kuorman vakautta ett\u00e4 huolellista k\u00e4sittely\u00e4.<\/p>\n<p>Vahvuuden ja kest\u00e4vyyden lis\u00e4ksi ostajat arvostavat usein hihnaraksien joustavuutta verrattuna perinteisiin nostoketjuihin tai -k\u00f6ysiin. Synteettinen materiaali mahdollistaa helpomman liikkumisen, mik\u00e4 tekee siit\u00e4 k\u00e4yt\u00e4nn\u00f6llisen nostoteht\u00e4viss\u00e4 ahtaissa tiloissa tai ainutlaatuisissa kuormakokoonpanoissa. Lis\u00e4ksi 2-tonnisen hihnaston rakenne mahdollistaa turvallisemmat ja vakaammat nostot, mik\u00e4 lis\u00e4\u00e4 k\u00e4ytt\u00e4j\u00e4n luottamusta ja v\u00e4hent\u00e4\u00e4 onnettomuuksien tai materiaalivahinkojen riski\u00e4. Qingdao H&amp;F keskittyy laatuun ja suorituskykyyn, joten jokainen hihnasto tarjoaa k\u00e4yt\u00e4nn\u00f6llisen, turvallisen ja monipuolisen ratkaisun, joka soveltuu eri teollisuudenaloille.<\/p>\n<h3><strong>Qingdao H&amp;F:n sitoutuminen palveluun ja laadunvarmistukseen<\/strong><\/h3>\n<p>Qingdao H&amp;F ei ainoastaan tarjoa korkealaatuisia tuotteita, vaan keskittyy my\u00f6s tarjoamaan poikkeuksellisen ostokokemuksen. 2 tonnin hihnaremmi toimitetaan kattavan tarkastusraportin kanssa, mik\u00e4 takaa tuotteen laadun avoimuuden ja alan standardien noudattamisen. Jokaisessa raportissa esitet\u00e4\u00e4n yksityiskohtaisesti kriittiset suorituskykymittarit, mik\u00e4 antaa ostajille luottamusta investointiinsa. N\u00e4m\u00e4 raportit varmistavat kantavuuden ja tuotteen kest\u00e4vyyden, ja ne tarjoavat olennaisia tietoja yrityksille, jotka asettavat etusijalle turvalliset ja tehokkaat nostoratkaisut.<\/p>\n<p>Lis\u00e4ksi Qingdao H&amp;F:n sitoutuminen asiakaspalveluun lis\u00e4\u00e4 hihnaraksien arvoa. Yksil\u00f6llisen tuen avulla tiimimme auttaa asiakkaita valitsemaan heid\u00e4n toiminnallisiin tarpeisiinsa r\u00e4\u00e4t\u00e4l\u00f6ityj\u00e4 tuotteita. Henkil\u00f6kohtainen palvelu jatkuu oston j\u00e4lkeenkin, ja se antaa ohjeita huoltok\u00e4yt\u00e4nn\u00f6ist\u00e4, jotka pident\u00e4v\u00e4t tuotteen k\u00e4ytt\u00f6ik\u00e4\u00e4. Lis\u00e4ksi nopeat toimitussyklimme vastaavat asiakkaidemme aikarajoitteisiin vaatimuksiin ja varmistavat, ett\u00e4 he saavat hihnat nopeasti, jotta heid\u00e4n toimintansa ei viiv\u00e4styisi.<\/p>\n<p>Qingdao H&amp;F tarjoaa laatua, luotettavuutta ja tehokasta palvelua arvostaville ostajille kokonaisvaltaisen ratkaisun 2 tonnin hihnarihnalla. T\u00e4m\u00e4 tuote ilment\u00e4\u00e4 lujuutta ja joustavuutta sek\u00e4 sitoutumista asiakkaiden logistisiin ja turvallisuustarpeisiin. Jokaisen hihnavy\u00f6n ansiosta ostajat hy\u00f6tyv\u00e4t paitsi huippuluokan nostoty\u00f6kalusta my\u00f6s huippuosaamiseen sitoutuneen yrityksen tuesta ja varmuudesta.<\/p>\n<\/div>\n<\/div>\n<\/div>\n<\/div>\n<div class=\"mb-2 flex gap-3 empty:hidden -ml-2\">\n<div class=\"items-center justify-start rounded-xl p-1 flex\">\n<div class=\"flex items-center\"><\/div>\n<\/div>\n<\/div>","protected":false},"excerpt":{"rendered":"<p>Qingdao H&amp;F:n 2 tonnin hihnaremmi on luotettava ja suuritehoinen ratkaisu erilaisiin nostosovelluksiin. Ostajat asettavat usein etusijalle sellaiset tekij\u00e4t kuin kuorman turvallisuus, kest\u00e4vyys ja helppok\u00e4ytt\u00f6isyys, jotka kaikki t\u00e4m\u00e4 hihnasilmukka tarjoaa. Vahvoista synteettisist\u00e4 kuiduista valmistettu hihna kest\u00e4\u00e4 vaativia olosuhteita ja tarjoaa luotettavan suorituskyvyn. Kauppayhti\u00f6n\u00e4 Qingdao H&amp;F tarjoaa merkitt\u00e4vi\u00e4 etuja, kuten henkil\u00f6kohtaista asiakaspalvelua, nopeita toimitussyklej\u00e4 ja yksityiskohtaisia laatutarkastusraportteja, joilla varmistetaan, ett\u00e4 jokainen tuote t\u00e4ytt\u00e4\u00e4 tiukat standardit ja ostajan odotukset.<\/p>","protected":false},"featured_media":8196,"comment_status":"open","ping_status":"closed","template":"","meta":{"site-sidebar-layout":"default","site-content-layout":"","ast-site-content-layout":"default","site-content-style":"default","site-sidebar-style":"default","ast-global-header-display":"","ast-banner-title-visibility":"","ast-main-header-display":"","ast-hfb-above-header-display":"","ast-hfb-below-header-display":"","ast-hfb-mobile-header-display":"","site-post-title":"","ast-breadcrumbs-content":"","ast-featured-img":"","footer-sml-layout":"","theme-transparent-header-meta":"default","adv-header-id-meta":"","stick-header-meta":"default","header-above-stick-meta":"","header-main-stick-meta":"","header-below-stick-meta":"","astra-migrate-meta-layouts":"set","ast-page-background-enabled":"default","ast-page-background-meta":{"desktop":{"background-color":"","background-image":"","background-repeat":"repeat","background-position":"center center","background-size":"auto","background-attachment":"scroll","background-type":"","background-media":"","overlay-type":"","overlay-color":"","overlay-opacity":"","overlay-gradient":""},"tablet":{"background-color":"","background-image":"","background-repeat":"repeat","background-position":"center center","background-size":"auto","background-attachment":"scroll","background-type":"","background-media":"","overlay-type":"","overlay-color":"","overlay-opacity":"","overlay-gradient":""},"mobile":{"background-color":"","background-image":"","background-repeat":"repeat","background-position":"center center","background-size":"auto","background-attachment":"scroll","background-type":"","background-media":"","overlay-type":"","overlay-color":"","overlay-opacity":"","overlay-gradient":""}},"ast-content-background-meta":{"desktop":{"background-color":"var(--ast-global-color-5)","background-image":"","background-repeat":"repeat","background-position":"center center","background-size":"auto","background-attachment":"scroll","background-type":"","background-media":"","overlay-type":"","overlay-color":"","overlay-opacity":"","overlay-gradient":""},"tablet":{"background-color":"var(--ast-global-color-5)","background-image":"","background-repeat":"repeat","background-position":"center center","background-size":"auto","background-attachment":"scroll","background-type":"","background-media":"","overlay-type":"","overlay-color":"","overlay-opacity":"","overlay-gradient":""},"mobile":{"background-color":"var(--ast-global-color-5)","background-image":"","background-repeat":"repeat","background-position":"center center","background-size":"auto","background-attachment":"scroll","background-type":"","background-media":"","overlay-type":"","overlay-color":"","overlay-opacity":"","overlay-gradient":""}}},"product_brand":[],"product_cat":[39],"product_tag":[],"class_list":{"0":"post-8277","1":"product","2":"type-product","3":"status-publish","4":"has-post-thumbnail","6":"product_cat-webbing-sling","7":"desktop-align-left","8":"tablet-align-left","9":"mobile-align-left","10":"ast-product-gallery-layout-horizontal-slider","11":"ast-product-gallery-with-no-image","12":"ast-product-tabs-layout-horizontal","14":"first","15":"instock","16":"shipping-taxable","17":"purchasable","18":"product-type-simple"},"yoast_head":"<!-- This site is optimized with the Yoast SEO plugin v25.2 - https:\/\/yoast.com\/wordpress\/plugins\/seo\/ -->\n<title>Flat Webbing Sling 2 Ton Polyester Double Duplex<\/title>\n<meta name=\"robots\" content=\"index, follow, max-snippet:-1, max-image-preview:large, max-video-preview:-1\" \/>\n<link rel=\"canonical\" href=\"https:\/\/qingdaohf.com\/fi\/tuote\/vyonauha-2-tonnin-hihna\/\" \/>\n<meta property=\"og:locale\" content=\"fi_FI\" \/>\n<meta property=\"og:type\" content=\"article\" \/>\n<meta property=\"og:title\" content=\"Flat Webbing Sling 2 Ton Polyester Double Duplex\" \/>\n<meta property=\"og:description\" content=\"The 2-ton webbing sling from Qingdao H&amp;F is a dependable, high-capacity solution for various lifting applications. Buyers often prioritize factors like load security, durability, and ease of handling, all of which this webbing sling provides. Crafted with strong synthetic fibers, it withstands demanding conditions, offering reliable performance. As a trading company, Qingdao H&amp;F delivers significant benefits, including one-to-one customer service, rapid delivery cycles, and detailed quality inspection reports, ensuring each product meets rigorous standards and buyer expectations.\" \/>\n<meta property=\"og:url\" content=\"https:\/\/qingdaohf.com\/fi\/tuote\/vyonauha-2-tonnin-hihna\/\" \/>\n<meta property=\"og:site_name\" content=\"Concrete Form &amp; Rigging Hardware Supplier\" \/>\n<meta property=\"article:publisher\" content=\"https:\/\/www.facebook.com\/qingdaohf\" \/>\n<meta property=\"article:modified_time\" content=\"2025-11-13T01:02:53+00:00\" \/>\n<meta property=\"og:image\" content=\"https:\/\/qingdaohf.com\/wp-content\/uploads\/2024\/10\/2-ton_1.webp\" \/>\n\t<meta property=\"og:image:width\" content=\"1000\" \/>\n\t<meta property=\"og:image:height\" content=\"1000\" \/>\n\t<meta property=\"og:image:type\" content=\"image\/webp\" \/>\n<meta name=\"twitter:card\" content=\"summary_large_image\" \/>\n<meta name=\"twitter:label1\" content=\"Arvioitu lukuaika\" \/>\n\t<meta name=\"twitter:data1\" content=\"4 minuuttia\" \/>\n<script type=\"application\/ld+json\" class=\"yoast-schema-graph\">{\"@context\":\"https:\/\/schema.org\",\"@graph\":[{\"@type\":\"WebPage\",\"@id\":\"https:\/\/qingdaohf.com\/product\/webbing-sling-2-ton\/\",\"url\":\"https:\/\/qingdaohf.com\/product\/webbing-sling-2-ton\/\",\"name\":\"Flat Webbing Sling 2 Ton Polyester Double Duplex\",\"isPartOf\":{\"@id\":\"https:\/\/qingdaohf.com\/bg\/#website\"},\"primaryImageOfPage\":{\"@id\":\"https:\/\/qingdaohf.com\/product\/webbing-sling-2-ton\/#primaryimage\"},\"image\":{\"@id\":\"https:\/\/qingdaohf.com\/product\/webbing-sling-2-ton\/#primaryimage\"},\"thumbnailUrl\":\"https:\/\/qingdaohf.com\/wp-content\/uploads\/2024\/10\/2-ton_1.webp\",\"datePublished\":\"2024-11-05T06:01:41+00:00\",\"dateModified\":\"2025-11-13T01:02:53+00:00\",\"breadcrumb\":{\"@id\":\"https:\/\/qingdaohf.com\/product\/webbing-sling-2-ton\/#breadcrumb\"},\"inLanguage\":\"fi\",\"potentialAction\":[{\"@type\":\"ReadAction\",\"target\":[\"https:\/\/qingdaohf.com\/product\/webbing-sling-2-ton\/\"]}]},{\"@type\":\"ImageObject\",\"inLanguage\":\"fi\",\"@id\":\"https:\/\/qingdaohf.com\/product\/webbing-sling-2-ton\/#primaryimage\",\"url\":\"https:\/\/qingdaohf.com\/wp-content\/uploads\/2024\/10\/2-ton_1.webp\",\"contentUrl\":\"https:\/\/qingdaohf.com\/wp-content\/uploads\/2024\/10\/2-ton_1.webp\",\"width\":1000,\"height\":1000,\"caption\":\"webbing sling 2 ton\"},{\"@type\":\"BreadcrumbList\",\"@id\":\"https:\/\/qingdaohf.com\/product\/webbing-sling-2-ton\/#breadcrumb\",\"itemListElement\":[{\"@type\":\"ListItem\",\"position\":1,\"name\":\"Home\",\"item\":\"https:\/\/qingdaohf.com\/\"},{\"@type\":\"ListItem\",\"position\":2,\"name\":\"Concrete Forming Accessories and Rigging Hardware\",\"item\":\"https:\/\/qingdaohf.com\/bg\/?page_id=944\"},{\"@type\":\"ListItem\",\"position\":3,\"name\":\"Flat Webbing Sling 2 Ton Polyester Double Duplex\"}]},{\"@type\":\"WebSite\",\"@id\":\"https:\/\/qingdaohf.com\/bg\/#website\",\"url\":\"https:\/\/qingdaohf.com\/bg\/\",\"name\":\"Concrete Form & Rigging Hardware Supplier\",\"description\":\"\",\"publisher\":{\"@id\":\"https:\/\/qingdaohf.com\/bg\/#organization\"},\"potentialAction\":[{\"@type\":\"SearchAction\",\"target\":{\"@type\":\"EntryPoint\",\"urlTemplate\":\"https:\/\/qingdaohf.com\/bg\/?s={search_term_string}\"},\"query-input\":{\"@type\":\"PropertyValueSpecification\",\"valueRequired\":true,\"valueName\":\"search_term_string\"}}],\"inLanguage\":\"fi\"},{\"@type\":\"Organization\",\"@id\":\"https:\/\/qingdaohf.com\/bg\/#organization\",\"name\":\"Qingdao H&F\",\"url\":\"https:\/\/qingdaohf.com\/bg\/\",\"logo\":{\"@type\":\"ImageObject\",\"inLanguage\":\"fi\",\"@id\":\"https:\/\/qingdaohf.com\/bg\/#\/schema\/logo\/image\/\",\"url\":\"https:\/\/qingdaohf.com\/wp-content\/uploads\/2022\/12\/cropped-HF-LOGO.png\",\"contentUrl\":\"https:\/\/qingdaohf.com\/wp-content\/uploads\/2022\/12\/cropped-HF-LOGO.png\",\"width\":391,\"height\":249,\"caption\":\"Qingdao H&F\"},\"image\":{\"@id\":\"https:\/\/qingdaohf.com\/bg\/#\/schema\/logo\/image\/\"},\"sameAs\":[\"https:\/\/www.facebook.com\/qingdaohf\"]}]}<\/script>\n<!-- \/ Yoast SEO plugin. -->","yoast_head_json":{"title":"Flat Webbing Sling 2 Ton Polyester Double Duplex","robots":{"index":"index","follow":"follow","max-snippet":"max-snippet:-1","max-image-preview":"max-image-preview:large","max-video-preview":"max-video-preview:-1"},"canonical":"https:\/\/qingdaohf.com\/fi\/tuote\/vyonauha-2-tonnin-hihna\/","og_locale":"fi_FI","og_type":"article","og_title":"Flat Webbing Sling 2 Ton Polyester Double Duplex","og_description":"The 2-ton webbing sling from Qingdao H&amp;F is a dependable, high-capacity solution for various lifting applications. Buyers often prioritize factors like load security, durability, and ease of handling, all of which this webbing sling provides. Crafted with strong synthetic fibers, it withstands demanding conditions, offering reliable performance. As a trading company, Qingdao H&amp;F delivers significant benefits, including one-to-one customer service, rapid delivery cycles, and detailed quality inspection reports, ensuring each product meets rigorous standards and buyer expectations.","og_url":"https:\/\/qingdaohf.com\/fi\/tuote\/vyonauha-2-tonnin-hihna\/","og_site_name":"Concrete Form &amp; Rigging Hardware Supplier","article_publisher":"https:\/\/www.facebook.com\/qingdaohf","article_modified_time":"2025-11-13T01:02:53+00:00","og_image":[{"width":1000,"height":1000,"url":"https:\/\/qingdaohf.com\/wp-content\/uploads\/2024\/10\/2-ton_1.webp","type":"image\/webp"}],"twitter_card":"summary_large_image","twitter_misc":{"Arvioitu lukuaika":"4 minuuttia"},"schema":{"@context":"https:\/\/schema.org","@graph":[{"@type":"WebPage","@id":"https:\/\/qingdaohf.com\/product\/webbing-sling-2-ton\/","url":"https:\/\/qingdaohf.com\/product\/webbing-sling-2-ton\/","name":"Flat Webbing Sling 2 Ton Polyester Double Duplex","isPartOf":{"@id":"https:\/\/qingdaohf.com\/bg\/#website"},"primaryImageOfPage":{"@id":"https:\/\/qingdaohf.com\/product\/webbing-sling-2-ton\/#primaryimage"},"image":{"@id":"https:\/\/qingdaohf.com\/product\/webbing-sling-2-ton\/#primaryimage"},"thumbnailUrl":"https:\/\/qingdaohf.com\/wp-content\/uploads\/2024\/10\/2-ton_1.webp","datePublished":"2024-11-05T06:01:41+00:00","dateModified":"2025-11-13T01:02:53+00:00","breadcrumb":{"@id":"https:\/\/qingdaohf.com\/product\/webbing-sling-2-ton\/#breadcrumb"},"inLanguage":"fi","potentialAction":[{"@type":"ReadAction","target":["https:\/\/qingdaohf.com\/product\/webbing-sling-2-ton\/"]}]},{"@type":"ImageObject","inLanguage":"fi","@id":"https:\/\/qingdaohf.com\/product\/webbing-sling-2-ton\/#primaryimage","url":"https:\/\/qingdaohf.com\/wp-content\/uploads\/2024\/10\/2-ton_1.webp","contentUrl":"https:\/\/qingdaohf.com\/wp-content\/uploads\/2024\/10\/2-ton_1.webp","width":1000,"height":1000,"caption":"webbing sling 2 ton"},{"@type":"BreadcrumbList","@id":"https:\/\/qingdaohf.com\/product\/webbing-sling-2-ton\/#breadcrumb","itemListElement":[{"@type":"ListItem","position":1,"name":"Home","item":"https:\/\/qingdaohf.com\/"},{"@type":"ListItem","position":2,"name":"Concrete Forming Accessories and Rigging Hardware","item":"https:\/\/qingdaohf.com\/bg\/?page_id=944"},{"@type":"ListItem","position":3,"name":"Flat Webbing Sling 2 Ton Polyester Double Duplex"}]},{"@type":"WebSite","@id":"https:\/\/qingdaohf.com\/bg\/#website","url":"https:\/\/qingdaohf.com\/bg\/","name":"Concrete Form & Rigging Hardware Supplier","description":"","publisher":{"@id":"https:\/\/qingdaohf.com\/bg\/#organization"},"potentialAction":[{"@type":"SearchAction","target":{"@type":"EntryPoint","urlTemplate":"https:\/\/qingdaohf.com\/bg\/?s={search_term_string}"},"query-input":{"@type":"PropertyValueSpecification","valueRequired":true,"valueName":"search_term_string"}}],"inLanguage":"fi"},{"@type":"Organization","@id":"https:\/\/qingdaohf.com\/bg\/#organization","name":"Qingdao H&F","url":"https:\/\/qingdaohf.com\/bg\/","logo":{"@type":"ImageObject","inLanguage":"fi","@id":"https:\/\/qingdaohf.com\/bg\/#\/schema\/logo\/image\/","url":"https:\/\/qingdaohf.com\/wp-content\/uploads\/2022\/12\/cropped-HF-LOGO.png","contentUrl":"https:\/\/qingdaohf.com\/wp-content\/uploads\/2022\/12\/cropped-HF-LOGO.png","width":391,"height":249,"caption":"Qingdao H&F"},"image":{"@id":"https:\/\/qingdaohf.com\/bg\/#\/schema\/logo\/image\/"},"sameAs":["https:\/\/www.facebook.com\/qingdaohf"]}]}},"_links":{"self":[{"href":"https:\/\/qingdaohf.com\/fi\/wp-json\/wp\/v2\/product\/8277","targetHints":{"allow":["GET"]}}],"collection":[{"href":"https:\/\/qingdaohf.com\/fi\/wp-json\/wp\/v2\/product"}],"about":[{"href":"https:\/\/qingdaohf.com\/fi\/wp-json\/wp\/v2\/types\/product"}],"replies":[{"embeddable":true,"href":"https:\/\/qingdaohf.com\/fi\/wp-json\/wp\/v2\/comments?post=8277"}],"version-history":[{"count":3,"href":"https:\/\/qingdaohf.com\/fi\/wp-json\/wp\/v2\/product\/8277\/revisions"}],"predecessor-version":[{"id":8339,"href":"https:\/\/qingdaohf.com\/fi\/wp-json\/wp\/v2\/product\/8277\/revisions\/8339"}],"wp:featuredmedia":[{"embeddable":true,"href":"https:\/\/qingdaohf.com\/fi\/wp-json\/wp\/v2\/media\/8196"}],"wp:attachment":[{"href":"https:\/\/qingdaohf.com\/fi\/wp-json\/wp\/v2\/media?parent=8277"}],"wp:term":[{"taxonomy":"product_brand","embeddable":true,"href":"https:\/\/qingdaohf.com\/fi\/wp-json\/wp\/v2\/product_brand?post=8277"},{"taxonomy":"product_cat","embeddable":true,"href":"https:\/\/qingdaohf.com\/fi\/wp-json\/wp\/v2\/product_cat?post=8277"},{"taxonomy":"product_tag","embeddable":true,"href":"https:\/\/qingdaohf.com\/fi\/wp-json\/wp\/v2\/product_tag?post=8277"}],"curies":[{"name":"wp","href":"https:\/\/api.w.org\/{rel}","templated":true}]}}