{"id":8280,"date":"2024-11-05T16:43:34","date_gmt":"2024-11-05T08:43:34","guid":{"rendered":"http:\/\/qingdaohf.com\/?post_type=product&#038;p=8280"},"modified":"2025-11-13T09:02:53","modified_gmt":"2025-11-13T01:02:53","slug":"webbing-sling-3-ton","status":"publish","type":"product","link":"https:\/\/qingdaohf.com\/fi\/tuote\/hihnariepu-3-tonnia\/","title":{"rendered":"Litte\u00e4 hihnavy\u00f6 hihna 3 Ton polyesteri kaksinkertainen Duplex"},"content":{"rendered":"<h3><strong>Luotettava 3 tonnin hihnavy\u00f6hihna raskaisiin nostosovelluksiin<\/strong><\/h3>\n<p>Materiaalink\u00e4sittelyn maailmassa 3 tonnin hihnaremmi on vankka ratkaisu raskaiden kuormien nostamiseen ja kiinnitt\u00e4miseen eri teollisuudenaloilla. T\u00e4m\u00e4 vahvuuden, joustavuuden ja turvallisuuden optimaalisen tasapainon omaava hihnasto on suunniteltu vastaamaan vaativiin vaatimuksiin, jotka vaihtelevat rakentamisesta logistiikkaan. Laadukkaista synteettisist\u00e4 kuiduista valmistettu 3 tonnin hihnalenkki on suunniteltu tarjoamaan luotettavaa suorituskyky\u00e4, joten se on t\u00e4rke\u00e4 apuv\u00e4line kaikissa toiminnoissa, joihin liittyy merkitt\u00e4vien painojen nostaminen.<\/p>\n<p>Monipuolisten nostoratkaisujen kasvava kysynt\u00e4 on johtanut hihnaraksien laajaan k\u00e4ytt\u00f6\u00f6n kaupallisissa ja teollisissa ymp\u00e4rist\u00f6iss\u00e4. 3 tonnin hihnaremmi on suunniteltu erityisesti keskiraskaiden ja raskaiden kuormien k\u00e4sittelyyn, ja se tarjoaa k\u00e4ytt\u00e4jille luotettavan keinon suorittaa teht\u00e4v\u00e4ns\u00e4 tehokkaasti ja turvallisesti. Ostajat ovat usein huolissaan kuorman turvallisuudesta ja kest\u00e4vyydest\u00e4, jotka ovat ensiarvoisen t\u00e4rkeit\u00e4 nostolaitteita valittaessa. 3 tonnin hihnaremmi vastaa n\u00e4ihin huolenaiheisiin varmistamalla, ett\u00e4 se kest\u00e4\u00e4 vaativat olosuhteet s\u00e4ilytt\u00e4en eheytens\u00e4 ja suorituskykyns\u00e4 ajan my\u00f6t\u00e4.<\/p>\n<p>Yksi 3 tonnin hihnarihman erityispiirteist\u00e4 on sen rakenne, joka tyypillisesti sis\u00e4lt\u00e4\u00e4 lujia polyesteri- tai nailonkuituja. N\u00e4ill\u00e4 materiaaleilla on useita etuja, kuten kulutuksenkest\u00e4vyys, UV-stabiilisuus ja kosteuden kest\u00e4vyys. N\u00e4iden ominaisuuksien yhdistelm\u00e4 takaa, ett\u00e4 hihnat toimivat hyvin my\u00f6s haastavissa ulkoilmaolosuhteissa, joten ne soveltuvat monenlaisiin sovelluksiin.<\/p>\n<p>Me Qingdao H&amp;F:ss\u00e4 olemme ylpeit\u00e4 kyvyst\u00e4mme tarjota paitsi korkealaatuisia tuotteita my\u00f6s poikkeuksellista palvelua. Sitoutumisemme henkil\u00f6kohtaiseen asiakaspalveluun tarkoittaa, ett\u00e4 jokainen asiakas saa henkil\u00f6kohtaista huomiota, joka on r\u00e4\u00e4t\u00e4l\u00f6ity h\u00e4nen erityistarpeisiinsa. T\u00e4m\u00e4 l\u00e4hestymistapa edist\u00e4\u00e4 luottamusta ja varmistaa, ett\u00e4 ostajat tuntevat saavansa tukea koko ostomatkansa ajan. Lis\u00e4ksi korostamme oikea-aikaisen toimituksen t\u00e4rkeytt\u00e4, ja tehokkaat logistiikkaprosessimme takaavat, ett\u00e4 asiakkaat saavat hihnat ilman tarpeettomia viiveit\u00e4. Kattavien laatutarkastusraporttien mukana tuotteemme antavat ostajille mielenrauhan, sill\u00e4 ne varmistavat, ett\u00e4 ne t\u00e4ytt\u00e4v\u00e4t vaaditut turvallisuus- ja suorituskykystandardit.<\/p>\n<h3><strong>Rakentamisen laatu ja materiaalien suorituskyky<\/strong><\/h3>\n<p>3 tonnin hihnarihnassa k\u00e4ytettyjen materiaalien laatu on olennainen osa sen suorituskyky\u00e4 ja pitk\u00e4ik\u00e4isyytt\u00e4. Kun valitsemme materiaaleja tuotantoon, keskitymme kest\u00e4vyyteen ja lujuuteen. Polyesteri, joka tunnetaan alhaisesta venyvyydest\u00e4\u00e4n ja hyv\u00e4st\u00e4 kulutuskest\u00e4vyydest\u00e4\u00e4n, on suosittu valinta. T\u00e4m\u00e4 kuitu on erityisen tehokas kuorman vakauden s\u00e4ilytt\u00e4misess\u00e4, mik\u00e4 on olennaista turvallisen nostotoiminnan kannalta. Toisaalta nailon tarjoaa ylivoimaisen kimmoisuuden, joka voi vaimentaa iskujen aiheuttamia kuormituksia nostamisen aikana, mik\u00e4 voi olla hy\u00f6dyllist\u00e4 eri sovelluksissa.<\/p>\n<p>Valmistusprosessin jokainen osa-alue on suunniteltu noudattamaan korkeimpia standardeja. Kuitujen valinnasta kudontatekniikkaan jokainen rintaremmi testataan tiukasti, jotta voidaan varmistaa, ett\u00e4 se pystyy k\u00e4sittelem\u00e4\u00e4n turvallisesti jopa 3 tonnin kuormia. Vahvistetut ompeleet ja laadukkaat p\u00e4\u00e4tyosat parantavat hihnan kest\u00e4vyytt\u00e4, v\u00e4hent\u00e4v\u00e4t kulumisriski\u00e4 ja pident\u00e4v\u00e4t sen k\u00e4ytt\u00f6ik\u00e4\u00e4. N\u00e4iden ominaisuuksien ansiosta 3 tonnin hihnaremmi on arvokas investointi yrityksille, jotka etsiv\u00e4t luotettavia nostoratkaisuja.<\/p>\n<p>Laadunvarmistus on Qingdao H&amp;F:lle ensiarvoisen t\u00e4rke\u00e4\u00e4, ja asiakkaamme voivat odottaa, ett\u00e4 jokaisen tuotteen mukana toimitetaan yksityiskohtainen tarkastusraportti. N\u00e4ist\u00e4 raporteista saadaan kriittist\u00e4 tietoa hihnan suorituskykyominaisuuksista, kuten murtolujuudesta ja alan standardien noudattamisesta. Varmistamalla, ett\u00e4 jokainen rihma t\u00e4ytt\u00e4\u00e4 n\u00e4m\u00e4 vaatimukset, autamme asiakkaitamme tekem\u00e4\u00e4n tietoon perustuvia p\u00e4\u00e4t\u00f6ksi\u00e4 ja asettamaan turvallisuuden ja luotettavuuden etusijalle nostotoiminnassaan.<\/p>\n<h3><strong>Monipuoliset sovellukset ja teollisuuden edut<\/strong><\/h3>\n<p>3 tonnin hihnarihnan monipuolisuus tekee siit\u00e4 ihanteellisen valinnan monenlaisiin sovelluksiin eri teollisuudenaloilla. Esimerkiksi rakennusalalla t\u00e4t\u00e4 hihnaa voidaan k\u00e4ytt\u00e4\u00e4 raskaiden materiaalien, kuten ter\u00e4spalkkien, betonielementtien ja koneiden, nostamiseen ja siirt\u00e4miseen. Hihnaraksien keveys tekee niiden k\u00e4sittelyst\u00e4 helpompaa kuin perinteisten metalliketjujen, mik\u00e4 minimoi k\u00e4ytt\u00e4j\u00e4n v\u00e4symyst\u00e4 ja parantaa yleist\u00e4 turvallisuutta.<\/p>\n<p>Logistiikassa ja varastoinnissa 3 tonnin hihnaremmi on korvaamaton tavaroiden ja materiaalien kuljetuksessa. Sen kyky nostaa raskaita kuormia turvallisesti varmistaa, ett\u00e4 toiminta sujuu sujuvasti ja tehokkaasti. Hihnan joustavuuden ansiosta sit\u00e4 voidaan k\u00e4ytt\u00e4\u00e4 ahtaissa tiloissa, joissa muut nostolaitteet saattavat joutua vaikeuksiin. Lis\u00e4ksi hihnaston vahingoittumattomuus tarkoittaa, ett\u00e4 sill\u00e4 voidaan nostaa turvallisesti hauraita tai valmiita tavaroita ilman naarmujen tai kolhujen riski\u00e4.<\/p>\n<p>Toinen merkitt\u00e4v\u00e4 etu 3 tonnin hihnarihnassa on sen helppo huollettavuus. Toisin kuin ketjut tai muut metalliset nostolaitteet, hihnaraksit vaativat vain v\u00e4h\u00e4n huoltoa. S\u00e4\u00e4nn\u00f6lliset tarkastukset ja asianmukainen varastointi voivat pident\u00e4\u00e4 niiden k\u00e4ytt\u00f6ik\u00e4\u00e4 merkitt\u00e4v\u00e4sti, mik\u00e4 tekee niist\u00e4 kustannustehokkaan vaihtoehdon yrityksille, jotka keskittyv\u00e4t toiminnan tehokkuuteen.<\/p>\n<p>Qingdao H&amp;F tunnistaa eri teollisuudenalojen kehittyv\u00e4t tarpeet, ja 3 tonnin hihnaremmi on suunniteltu vastaamaan n\u00e4ihin vaatimuksiin. Olipa kyse sitten rakentamisesta, logistiikasta tai valmistuksesta, t\u00e4m\u00e4 hihnasto tarjoaa luotettavuutta ja suorituskyky\u00e4, jota yritykset tarvitsevat menesty\u00e4kseen. Kyky nostaa suuria kuormia turvallisesti ja tehokkaasti voi parantaa tuottavuutta merkitt\u00e4v\u00e4sti, jolloin k\u00e4ytt\u00e4j\u00e4t voivat keskitty\u00e4 ydinteht\u00e4viins\u00e4 ilman huolta laitevioista.<\/p>\n<h3><strong>Qingdao H&amp;F: kumppanisi laadussa ja palvelussa<\/strong><\/h3>\n<p>Qingdao H&amp;F:ss\u00e4 sitoutumisemme laatuun ja asiakastyytyv\u00e4isyyteen erottaa meid\u00e4t nostoratkaisujen kilpailussa. 3 tonnin hihnaremmi edustaa sitoumustamme tarjota asiakkaillemme tuotteita, jotka ovat kest\u00e4vi\u00e4 ja luotettavia ja joiden takana on my\u00f6s poikkeuksellinen palvelu. Yksil\u00f6llisen asiakastukemme avulla opastamme asiakkaita valintaprosessin l\u00e4pi ja varmistamme, ett\u00e4 he valitsevat juuri heid\u00e4n erityistarpeisiinsa sopivan hihnan.<\/p>\n<p>Koska keskitymme nopeisiin toimitusjaksoihin, asiakkaat voivat luottaa siihen, ett\u00e4 saamme nostolaitteet k\u00e4ytt\u00f6\u00f6ns\u00e4 ajoissa. Ymm\u00e4rr\u00e4mme, miten t\u00e4rke\u00e4\u00e4 on saada oikeat ty\u00f6kalut oikeaan aikaan, ja logistiikkatiimimme ty\u00f6skentelee ahkerasti t\u00e4ytt\u00e4\u00e4kseen ja ylitt\u00e4\u00e4kseen n\u00e4m\u00e4 odotukset. Lis\u00e4ksi kattavat laatutarkastusraporttimme tarjoavat asiakkaillemme avoimuutta, jota he tarvitsevat luottaakseen ostokseensa, ja vahvistavat sitoutumistamme turvallisuuteen ja suorituskykyyn.<\/p>\n<p>Qingdao H&amp;F:n 3 tonnin hihnarihman valitseminen tarkoittaa investoimista korkealaatuiseen nostoratkaisuun, jonka takana on yritys, joka arvostaa asiakkaitaan ja asettaa heid\u00e4n tarpeensa etusijalle. Tarjoamalla luotettavia tuotteita ja poikkeuksellista palvelua pyrimme edist\u00e4m\u00e4\u00e4n pitk\u00e4aikaisia kumppanuuksia, jotka perustuvat luottamukseen ja luotettavuuteen. Asiakkaamme voivat olla varmoja siit\u00e4, ett\u00e4 kun he valitsevat hihnariepumme, he varustautuvat parhailla markkinoilla saatavilla olevilla v\u00e4lineill\u00e4, jotka parantavat heid\u00e4n operatiivista tehokkuuttaan ja turvallisuusstandardejaan.<\/p>","protected":false},"excerpt":{"rendered":"<p>Qingdao H&amp;F:n tarjoama 3 tonnin hihnaremmi on v\u00e4ltt\u00e4m\u00e4t\u00f6n v\u00e4line turvalliseen ja tehokkaaseen nostamiseen erilaisissa teollisissa sovelluksissa. Ostajat etsiv\u00e4t usein varmuutta kuorman turvallisuudesta, kest\u00e4vyydest\u00e4 ja nostolaitteiden helppok\u00e4ytt\u00f6isyydest\u00e4. T\u00e4m\u00e4 hihna t\u00e4ytt\u00e4\u00e4 n\u00e4m\u00e4 tarpeet, sill\u00e4 sen vahva rakenne on suunniteltu k\u00e4sittelem\u00e4\u00e4n raskaampia kuormia luotettavasti. Kauppayhti\u00f6n\u00e4 olemme ylpeit\u00e4 siit\u00e4, ett\u00e4 tarjoamme poikkeuksellista arvoa henkil\u00f6kohtaisen asiakaspalvelun, nopeiden toimitussyklien ja kattavien laatutarkastusraporttien avulla, joilla varmistetaan, ett\u00e4 jokainen tuote vastaa korkeimpia turvallisuus- ja suorituskykyvaatimuksia.<\/p>","protected":false},"featured_media":8197,"comment_status":"open","ping_status":"closed","template":"","meta":{"site-sidebar-layout":"default","site-content-layout":"","ast-site-content-layout":"default","site-content-style":"default","site-sidebar-style":"default","ast-global-header-display":"","ast-banner-title-visibility":"","ast-main-header-display":"","ast-hfb-above-header-display":"","ast-hfb-below-header-display":"","ast-hfb-mobile-header-display":"","site-post-title":"","ast-breadcrumbs-content":"","ast-featured-img":"","footer-sml-layout":"","theme-transparent-header-meta":"default","adv-header-id-meta":"","stick-header-meta":"default","header-above-stick-meta":"","header-main-stick-meta":"","header-below-stick-meta":"","astra-migrate-meta-layouts":"set","ast-page-background-enabled":"default","ast-page-background-meta":{"desktop":{"background-color":"","background-image":"","background-repeat":"repeat","background-position":"center center","background-size":"auto","background-attachment":"scroll","background-type":"","background-media":"","overlay-type":"","overlay-color":"","overlay-opacity":"","overlay-gradient":""},"tablet":{"background-color":"","background-image":"","background-repeat":"repeat","background-position":"center center","background-size":"auto","background-attachment":"scroll","background-type":"","background-media":"","overlay-type":"","overlay-color":"","overlay-opacity":"","overlay-gradient":""},"mobile":{"background-color":"","background-image":"","background-repeat":"repeat","background-position":"center center","background-size":"auto","background-attachment":"scroll","background-type":"","background-media":"","overlay-type":"","overlay-color":"","overlay-opacity":"","overlay-gradient":""}},"ast-content-background-meta":{"desktop":{"background-color":"var(--ast-global-color-5)","background-image":"","background-repeat":"repeat","background-position":"center center","background-size":"auto","background-attachment":"scroll","background-type":"","background-media":"","overlay-type":"","overlay-color":"","overlay-opacity":"","overlay-gradient":""},"tablet":{"background-color":"var(--ast-global-color-5)","background-image":"","background-repeat":"repeat","background-position":"center center","background-size":"auto","background-attachment":"scroll","background-type":"","background-media":"","overlay-type":"","overlay-color":"","overlay-opacity":"","overlay-gradient":""},"mobile":{"background-color":"var(--ast-global-color-5)","background-image":"","background-repeat":"repeat","background-position":"center center","background-size":"auto","background-attachment":"scroll","background-type":"","background-media":"","overlay-type":"","overlay-color":"","overlay-opacity":"","overlay-gradient":""}}},"product_brand":[],"product_cat":[39],"product_tag":[],"class_list":{"0":"post-8280","1":"product","2":"type-product","3":"status-publish","4":"has-post-thumbnail","6":"product_cat-webbing-sling","7":"desktop-align-left","8":"tablet-align-left","9":"mobile-align-left","10":"ast-product-gallery-layout-horizontal-slider","11":"ast-product-gallery-with-no-image","12":"ast-product-tabs-layout-horizontal","14":"first","15":"instock","16":"shipping-taxable","17":"purchasable","18":"product-type-simple"},"yoast_head":"<!-- This site is optimized with the Yoast SEO plugin v25.2 - https:\/\/yoast.com\/wordpress\/plugins\/seo\/ -->\n<title>Flat Webbing Sling 3 Ton Polyester Double Duplex<\/title>\n<meta name=\"robots\" content=\"index, follow, max-snippet:-1, max-image-preview:large, max-video-preview:-1\" \/>\n<link rel=\"canonical\" href=\"https:\/\/qingdaohf.com\/fi\/tuote\/hihnariepu-3-tonnia\/\" \/>\n<meta property=\"og:locale\" content=\"fi_FI\" \/>\n<meta property=\"og:type\" content=\"article\" \/>\n<meta property=\"og:title\" content=\"Flat Webbing Sling 3 Ton Polyester Double Duplex\" \/>\n<meta property=\"og:description\" content=\"The 3-ton webbing sling offered by Qingdao H&amp;F is an essential tool for safe and effective lifting in a variety of industrial applications. Buyers often seek assurance regarding load security, durability, and the ease of use of lifting equipment. This sling meets those needs, boasting a strong construction designed for handling heavier loads with reliability. As a trading company, we pride ourselves on delivering exceptional value through one-on-one customer service, rapid delivery cycles, and comprehensive quality inspection reports, ensuring that each product is up to the highest standards of safety and performance.\" \/>\n<meta property=\"og:url\" content=\"https:\/\/qingdaohf.com\/fi\/tuote\/hihnariepu-3-tonnia\/\" \/>\n<meta property=\"og:site_name\" content=\"Concrete Form &amp; Rigging Hardware Supplier\" \/>\n<meta property=\"article:publisher\" content=\"https:\/\/www.facebook.com\/qingdaohf\" \/>\n<meta property=\"article:modified_time\" content=\"2025-11-13T01:02:53+00:00\" \/>\n<meta property=\"og:image\" content=\"https:\/\/qingdaohf.com\/wp-content\/uploads\/2024\/10\/3-ton-webbing-sling_1.webp\" \/>\n\t<meta property=\"og:image:width\" content=\"1000\" \/>\n\t<meta property=\"og:image:height\" content=\"1000\" \/>\n\t<meta property=\"og:image:type\" content=\"image\/webp\" \/>\n<meta name=\"twitter:card\" content=\"summary_large_image\" \/>\n<meta name=\"twitter:label1\" content=\"Arvioitu lukuaika\" \/>\n\t<meta name=\"twitter:data1\" content=\"5 minuuttia\" \/>\n<script type=\"application\/ld+json\" class=\"yoast-schema-graph\">{\"@context\":\"https:\/\/schema.org\",\"@graph\":[{\"@type\":\"WebPage\",\"@id\":\"https:\/\/qingdaohf.com\/product\/webbing-sling-3-ton\/\",\"url\":\"https:\/\/qingdaohf.com\/product\/webbing-sling-3-ton\/\",\"name\":\"Flat Webbing Sling 3 Ton Polyester Double Duplex\",\"isPartOf\":{\"@id\":\"https:\/\/qingdaohf.com\/bg\/#website\"},\"primaryImageOfPage\":{\"@id\":\"https:\/\/qingdaohf.com\/product\/webbing-sling-3-ton\/#primaryimage\"},\"image\":{\"@id\":\"https:\/\/qingdaohf.com\/product\/webbing-sling-3-ton\/#primaryimage\"},\"thumbnailUrl\":\"https:\/\/qingdaohf.com\/wp-content\/uploads\/2024\/10\/3-ton-webbing-sling_1.webp\",\"datePublished\":\"2024-11-05T08:43:34+00:00\",\"dateModified\":\"2025-11-13T01:02:53+00:00\",\"breadcrumb\":{\"@id\":\"https:\/\/qingdaohf.com\/product\/webbing-sling-3-ton\/#breadcrumb\"},\"inLanguage\":\"fi\",\"potentialAction\":[{\"@type\":\"ReadAction\",\"target\":[\"https:\/\/qingdaohf.com\/product\/webbing-sling-3-ton\/\"]}]},{\"@type\":\"ImageObject\",\"inLanguage\":\"fi\",\"@id\":\"https:\/\/qingdaohf.com\/product\/webbing-sling-3-ton\/#primaryimage\",\"url\":\"https:\/\/qingdaohf.com\/wp-content\/uploads\/2024\/10\/3-ton-webbing-sling_1.webp\",\"contentUrl\":\"https:\/\/qingdaohf.com\/wp-content\/uploads\/2024\/10\/3-ton-webbing-sling_1.webp\",\"width\":1000,\"height\":1000,\"caption\":\"3 ton webbing sling_1\"},{\"@type\":\"BreadcrumbList\",\"@id\":\"https:\/\/qingdaohf.com\/product\/webbing-sling-3-ton\/#breadcrumb\",\"itemListElement\":[{\"@type\":\"ListItem\",\"position\":1,\"name\":\"Home\",\"item\":\"https:\/\/qingdaohf.com\/\"},{\"@type\":\"ListItem\",\"position\":2,\"name\":\"Concrete Forming Accessories and Rigging Hardware\",\"item\":\"https:\/\/qingdaohf.com\/bg\/?page_id=944\"},{\"@type\":\"ListItem\",\"position\":3,\"name\":\"Flat Webbing Sling 3 Ton Polyester Double Duplex\"}]},{\"@type\":\"WebSite\",\"@id\":\"https:\/\/qingdaohf.com\/bg\/#website\",\"url\":\"https:\/\/qingdaohf.com\/bg\/\",\"name\":\"Concrete Form & Rigging Hardware Supplier\",\"description\":\"\",\"publisher\":{\"@id\":\"https:\/\/qingdaohf.com\/bg\/#organization\"},\"potentialAction\":[{\"@type\":\"SearchAction\",\"target\":{\"@type\":\"EntryPoint\",\"urlTemplate\":\"https:\/\/qingdaohf.com\/bg\/?s={search_term_string}\"},\"query-input\":{\"@type\":\"PropertyValueSpecification\",\"valueRequired\":true,\"valueName\":\"search_term_string\"}}],\"inLanguage\":\"fi\"},{\"@type\":\"Organization\",\"@id\":\"https:\/\/qingdaohf.com\/bg\/#organization\",\"name\":\"Qingdao H&F\",\"url\":\"https:\/\/qingdaohf.com\/bg\/\",\"logo\":{\"@type\":\"ImageObject\",\"inLanguage\":\"fi\",\"@id\":\"https:\/\/qingdaohf.com\/bg\/#\/schema\/logo\/image\/\",\"url\":\"https:\/\/qingdaohf.com\/wp-content\/uploads\/2022\/12\/cropped-HF-LOGO.png\",\"contentUrl\":\"https:\/\/qingdaohf.com\/wp-content\/uploads\/2022\/12\/cropped-HF-LOGO.png\",\"width\":391,\"height\":249,\"caption\":\"Qingdao H&F\"},\"image\":{\"@id\":\"https:\/\/qingdaohf.com\/bg\/#\/schema\/logo\/image\/\"},\"sameAs\":[\"https:\/\/www.facebook.com\/qingdaohf\"]}]}<\/script>\n<!-- \/ Yoast SEO plugin. -->","yoast_head_json":{"title":"Flat Webbing Sling 3 Ton Polyester Double Duplex","robots":{"index":"index","follow":"follow","max-snippet":"max-snippet:-1","max-image-preview":"max-image-preview:large","max-video-preview":"max-video-preview:-1"},"canonical":"https:\/\/qingdaohf.com\/fi\/tuote\/hihnariepu-3-tonnia\/","og_locale":"fi_FI","og_type":"article","og_title":"Flat Webbing Sling 3 Ton Polyester Double Duplex","og_description":"The 3-ton webbing sling offered by Qingdao H&amp;F is an essential tool for safe and effective lifting in a variety of industrial applications. Buyers often seek assurance regarding load security, durability, and the ease of use of lifting equipment. This sling meets those needs, boasting a strong construction designed for handling heavier loads with reliability. As a trading company, we pride ourselves on delivering exceptional value through one-on-one customer service, rapid delivery cycles, and comprehensive quality inspection reports, ensuring that each product is up to the highest standards of safety and performance.","og_url":"https:\/\/qingdaohf.com\/fi\/tuote\/hihnariepu-3-tonnia\/","og_site_name":"Concrete Form &amp; Rigging Hardware Supplier","article_publisher":"https:\/\/www.facebook.com\/qingdaohf","article_modified_time":"2025-11-13T01:02:53+00:00","og_image":[{"width":1000,"height":1000,"url":"https:\/\/qingdaohf.com\/wp-content\/uploads\/2024\/10\/3-ton-webbing-sling_1.webp","type":"image\/webp"}],"twitter_card":"summary_large_image","twitter_misc":{"Arvioitu lukuaika":"5 minuuttia"},"schema":{"@context":"https:\/\/schema.org","@graph":[{"@type":"WebPage","@id":"https:\/\/qingdaohf.com\/product\/webbing-sling-3-ton\/","url":"https:\/\/qingdaohf.com\/product\/webbing-sling-3-ton\/","name":"Flat Webbing Sling 3 Ton Polyester Double Duplex","isPartOf":{"@id":"https:\/\/qingdaohf.com\/bg\/#website"},"primaryImageOfPage":{"@id":"https:\/\/qingdaohf.com\/product\/webbing-sling-3-ton\/#primaryimage"},"image":{"@id":"https:\/\/qingdaohf.com\/product\/webbing-sling-3-ton\/#primaryimage"},"thumbnailUrl":"https:\/\/qingdaohf.com\/wp-content\/uploads\/2024\/10\/3-ton-webbing-sling_1.webp","datePublished":"2024-11-05T08:43:34+00:00","dateModified":"2025-11-13T01:02:53+00:00","breadcrumb":{"@id":"https:\/\/qingdaohf.com\/product\/webbing-sling-3-ton\/#breadcrumb"},"inLanguage":"fi","potentialAction":[{"@type":"ReadAction","target":["https:\/\/qingdaohf.com\/product\/webbing-sling-3-ton\/"]}]},{"@type":"ImageObject","inLanguage":"fi","@id":"https:\/\/qingdaohf.com\/product\/webbing-sling-3-ton\/#primaryimage","url":"https:\/\/qingdaohf.com\/wp-content\/uploads\/2024\/10\/3-ton-webbing-sling_1.webp","contentUrl":"https:\/\/qingdaohf.com\/wp-content\/uploads\/2024\/10\/3-ton-webbing-sling_1.webp","width":1000,"height":1000,"caption":"3 ton webbing sling_1"},{"@type":"BreadcrumbList","@id":"https:\/\/qingdaohf.com\/product\/webbing-sling-3-ton\/#breadcrumb","itemListElement":[{"@type":"ListItem","position":1,"name":"Home","item":"https:\/\/qingdaohf.com\/"},{"@type":"ListItem","position":2,"name":"Concrete Forming Accessories and Rigging Hardware","item":"https:\/\/qingdaohf.com\/bg\/?page_id=944"},{"@type":"ListItem","position":3,"name":"Flat Webbing Sling 3 Ton Polyester Double Duplex"}]},{"@type":"WebSite","@id":"https:\/\/qingdaohf.com\/bg\/#website","url":"https:\/\/qingdaohf.com\/bg\/","name":"Concrete Form & Rigging Hardware Supplier","description":"","publisher":{"@id":"https:\/\/qingdaohf.com\/bg\/#organization"},"potentialAction":[{"@type":"SearchAction","target":{"@type":"EntryPoint","urlTemplate":"https:\/\/qingdaohf.com\/bg\/?s={search_term_string}"},"query-input":{"@type":"PropertyValueSpecification","valueRequired":true,"valueName":"search_term_string"}}],"inLanguage":"fi"},{"@type":"Organization","@id":"https:\/\/qingdaohf.com\/bg\/#organization","name":"Qingdao H&F","url":"https:\/\/qingdaohf.com\/bg\/","logo":{"@type":"ImageObject","inLanguage":"fi","@id":"https:\/\/qingdaohf.com\/bg\/#\/schema\/logo\/image\/","url":"https:\/\/qingdaohf.com\/wp-content\/uploads\/2022\/12\/cropped-HF-LOGO.png","contentUrl":"https:\/\/qingdaohf.com\/wp-content\/uploads\/2022\/12\/cropped-HF-LOGO.png","width":391,"height":249,"caption":"Qingdao H&F"},"image":{"@id":"https:\/\/qingdaohf.com\/bg\/#\/schema\/logo\/image\/"},"sameAs":["https:\/\/www.facebook.com\/qingdaohf"]}]}},"_links":{"self":[{"href":"https:\/\/qingdaohf.com\/fi\/wp-json\/wp\/v2\/product\/8280","targetHints":{"allow":["GET"]}}],"collection":[{"href":"https:\/\/qingdaohf.com\/fi\/wp-json\/wp\/v2\/product"}],"about":[{"href":"https:\/\/qingdaohf.com\/fi\/wp-json\/wp\/v2\/types\/product"}],"replies":[{"embeddable":true,"href":"https:\/\/qingdaohf.com\/fi\/wp-json\/wp\/v2\/comments?post=8280"}],"version-history":[{"count":2,"href":"https:\/\/qingdaohf.com\/fi\/wp-json\/wp\/v2\/product\/8280\/revisions"}],"predecessor-version":[{"id":8338,"href":"https:\/\/qingdaohf.com\/fi\/wp-json\/wp\/v2\/product\/8280\/revisions\/8338"}],"wp:featuredmedia":[{"embeddable":true,"href":"https:\/\/qingdaohf.com\/fi\/wp-json\/wp\/v2\/media\/8197"}],"wp:attachment":[{"href":"https:\/\/qingdaohf.com\/fi\/wp-json\/wp\/v2\/media?parent=8280"}],"wp:term":[{"taxonomy":"product_brand","embeddable":true,"href":"https:\/\/qingdaohf.com\/fi\/wp-json\/wp\/v2\/product_brand?post=8280"},{"taxonomy":"product_cat","embeddable":true,"href":"https:\/\/qingdaohf.com\/fi\/wp-json\/wp\/v2\/product_cat?post=8280"},{"taxonomy":"product_tag","embeddable":true,"href":"https:\/\/qingdaohf.com\/fi\/wp-json\/wp\/v2\/product_tag?post=8280"}],"curies":[{"name":"wp","href":"https:\/\/api.w.org\/{rel}","templated":true}]}}