{"id":8283,"date":"2024-11-05T17:52:39","date_gmt":"2024-11-05T09:52:39","guid":{"rendered":"http:\/\/qingdaohf.com\/?post_type=product&#038;p=8283"},"modified":"2025-11-13T09:02:53","modified_gmt":"2025-11-13T01:02:53","slug":"webbing-sling-4-ton","status":"publish","type":"product","link":"https:\/\/qingdaohf.com\/fi\/tuote\/vyonauha-4-tonnin-hihna\/","title":{"rendered":"Litte\u00e4 hihnavy\u00f6 hihna 4 Ton Polyester Double Duplex"},"content":{"rendered":"<h4>Ylivoimainen suorituskyky ja 4-tonnisen hihnavy\u00f6n t\u00e4rkeimm\u00e4t ominaisuudet<\/h4>\n<p>Kun on kyse raskaista nostolaitteista, luotettavuus, turvallisuus ja kest\u00e4vyys ovat keskeisi\u00e4 tekij\u00f6it\u00e4 teollisuuden ostajille. Qingdao H&amp;F:n 4 tonnin hihnaremmi on suunniteltu palvelemaan teollisuudenaloja, jotka tarvitsevat turvallisia ja luotettavia ratkaisuja raskaiden kuormien hallintaan. T\u00e4m\u00e4 rihma on valmistettu eritt\u00e4in lujatekoisista polyesterikuiduista, jotka kest\u00e4v\u00e4t kulutusta ja UV-s\u00e4teily\u00e4 ja tarjoavat sek\u00e4 pitk\u00e4ik\u00e4isyytt\u00e4 ett\u00e4 kest\u00e4vyytt\u00e4. T\u00e4m\u00e4 hihnalenkki pystyy nostamaan jopa 4 tonnin kuormia, ja se soveltuu erinomaisesti erilaisiin sovelluksiin rakennusty\u00f6maista ja varastoinnista logistiikkaan ja kuljetukseen.<\/p>\n<p>Laatu on Qingdao H&amp;F:n tarjonnan kulmakivi. Jokainen 4 tonnin rintaremmi testataan tiukasti, ja laatutarkastusraportit ovat saatavilla sen varmistamiseksi, ett\u00e4 se t\u00e4ytt\u00e4\u00e4 kansainv\u00e4liset standardit. Ostajat voivat olla varmoja siit\u00e4, ett\u00e4 jokainen tuote on tarkastettu perusteellisesti, mik\u00e4 minimoi kulumisen tai vikaantumisen riskin kuormituksen alla. Kest\u00e4vien materiaalien ja tarkkojen valmistustekniikoiden k\u00e4ytt\u00f6 varmistaa, ett\u00e4 t\u00e4m\u00e4 hihnaremmi s\u00e4ilytt\u00e4\u00e4 lujuutensa ja toimivuutensa my\u00f6s haastavissa olosuhteissa. Qingdao H&amp;F:n sitoutuminen varastosta varastoon -toimituksiin sujuvoittaa my\u00f6s ostoprosessia, mik\u00e4 mahdollistaa t\u00e4rkeiden laitteiden nopean saatavuuden ilman viiv\u00e4styksi\u00e4.<\/p>\n<h4>R\u00e4\u00e4t\u00e4l\u00f6ity teollisuuden tarpeisiin: Turvallisuus, tehokkuus ja luotettavuus<\/h4>\n<p>Turvallisuus on ensiarvoisen t\u00e4rke\u00e4\u00e4 teollisessa nostoty\u00f6ss\u00e4. Qingdao H&amp;F:n 4 tonnin hihnaremmi on suunniteltu t\u00e4ytt\u00e4m\u00e4\u00e4n ja ylitt\u00e4m\u00e4\u00e4n turvallisuusstandardit ja varmistamaan, ett\u00e4 k\u00e4ytt\u00e4j\u00e4t voivat k\u00e4sitell\u00e4 raskaita kuormia luottavaisin mielin. Hihnan leve\u00e4 pinta v\u00e4hent\u00e4\u00e4 kuorman painepisteit\u00e4 ja jakaa painon tasaisesti vaurioiden v\u00e4ltt\u00e4miseksi. Sovelluksissa, joissa kuorman eheys on kriittist\u00e4, t\u00e4m\u00e4 suunnitteluominaisuus on korvaamaton, sill\u00e4 se minimoi liukastumisen tai \u00e4killisten kuorman siirtymien riskin k\u00e4sittelyn aikana. T\u00e4m\u00e4 suunnittelun ja rakentamisen yksityiskohtiin kiinnitetty huomio korostaa Qingdao H&amp;F:n omistautumista alan vaatimuksiin, jotka koskevat turvallista ja tehokasta kuormanhallintaa.<\/p>\n<p>Yksi Qingdao H&amp;F:n tarjonnan merkitt\u00e4vist\u00e4 piirteist\u00e4 on henkil\u00f6kohtainen asiakaspalvelukokemus. T\u00e4m\u00e4 henkil\u00f6kohtainen l\u00e4hestymistapa antaa ostajille mahdollisuuden keskustella erityistarpeistaan ja saada r\u00e4\u00e4t\u00e4l\u00f6ityj\u00e4 suosituksia, mik\u00e4 helpottaa parhaan hihnarihman valitsemista tiettyihin sovelluksiin. Nopean toimitussyklin ja reagoivan asiakaspalvelutiimin ansiosta Qingdao H&amp;F varmistaa, ett\u00e4 asiakkaat saavat ajoissa tukea ja tarkkaa tuoteopastusta, mik\u00e4 v\u00e4hent\u00e4\u00e4 edelleen seisokkiaikoja ja parantaa toiminnan tehokkuutta.<\/p>\n<h4>Qingdao H&amp;F:n asiakaskeskeinen l\u00e4hestymistapa: Laadun ja oikea-aikaisuuden varmistaminen<\/h4>\n<p>Qingdao H&amp;F:n luotettavuuden maine ulottuu tuotteiden laadun lis\u00e4ksi koko asiakaskokemukseen. Kahden vuosikymmenen kokemuksen omaavana B2B-kauppayhti\u00f6n\u00e4 Qingdao H&amp;F ymm\u00e4rt\u00e4\u00e4 oikea-aikaisten toimitusten ja laadunvarmistuksen ratkaisevan t\u00e4rkeyden. Jokaisen 4 tonnin hihnarihnan mukana on saatavilla kattavat laatutarkastusraportit, jotka tarjoavat ostajille avoimuutta ja varmuutta. N\u00e4m\u00e4 raportit vahvistavat, ett\u00e4 tuotteelle on tehty tiukat testit, jotka vahvistavat sen kapasiteetin, kest\u00e4vyyden ja turvallisuusm\u00e4\u00e4r\u00e4ysten noudattamisen.<\/p>\n<p>Tuotteiden laadun lis\u00e4ksi Qingdao H&amp;F painottaa optimaalisen ostokokemuksen tarjoamista. Yrityksen virtaviivainen logistiikka ja varastosta varastoon -palvelu varmistavat, ett\u00e4 ostajat saavat tilauksensa mahdollisimman lyhyell\u00e4 odotusajalla, mik\u00e4 on olennainen piirre tiukalla aikataululla toimiville yrityksille. Lis\u00e4ksi Qingdao H&amp;F:n tarjoama asiakaspalvelu tuo merkitt\u00e4v\u00e4\u00e4 lis\u00e4arvoa, sill\u00e4 se auttaa asiakkaita navigoimaan tuotevalikoimissa ja saamaan heid\u00e4n nostotarpeisiinsa r\u00e4\u00e4t\u00e4l\u00f6ityj\u00e4 tietoja.<\/p>","protected":false},"excerpt":{"rendered":"<p>4 tonnin hihnaremmi on suunniteltu vastaamaan teollisuuden ostajien t\u00e4rkeimpi\u00e4 vaatimuksia, ja siin\u00e4 yhdistyv\u00e4t lujuus ja luotettavuus raskaiden nostoteht\u00e4vien suorittamiseen. T\u00e4m\u00e4 hihnalenkki takaa turvallisen ja tehokkaan nostamisen jopa 4 tonnin kuormille ja vastaa ostajien huolenaiheisiin, kuten kest\u00e4vyyteen, materiaalin laatuun ja turvallisuusstandardien noudattamiseen. Luotettuna kauppakumppanina, jolla on 20 vuoden kokemus, Qingdao H&amp;F tarjoaa henkil\u00f6kohtaista asiakastukea, nopean toimitussyklin ja kattavat laatutarkastusraportit tuotteen eheyden varmistamiseksi. T\u00e4m\u00e4 palvelukeskeinen l\u00e4hestymistapa tuo lis\u00e4arvoa edist\u00e4m\u00e4ll\u00e4 luottamusta ja luotettavuutta jokaisessa ostoksessa.<\/p>","protected":false},"featured_media":8195,"comment_status":"open","ping_status":"closed","template":"","meta":{"site-sidebar-layout":"default","site-content-layout":"","ast-site-content-layout":"default","site-content-style":"default","site-sidebar-style":"default","ast-global-header-display":"","ast-banner-title-visibility":"","ast-main-header-display":"","ast-hfb-above-header-display":"","ast-hfb-below-header-display":"","ast-hfb-mobile-header-display":"","site-post-title":"","ast-breadcrumbs-content":"","ast-featured-img":"","footer-sml-layout":"","theme-transparent-header-meta":"default","adv-header-id-meta":"","stick-header-meta":"default","header-above-stick-meta":"","header-main-stick-meta":"","header-below-stick-meta":"","astra-migrate-meta-layouts":"set","ast-page-background-enabled":"default","ast-page-background-meta":{"desktop":{"background-color":"","background-image":"","background-repeat":"repeat","background-position":"center center","background-size":"auto","background-attachment":"scroll","background-type":"","background-media":"","overlay-type":"","overlay-color":"","overlay-opacity":"","overlay-gradient":""},"tablet":{"background-color":"","background-image":"","background-repeat":"repeat","background-position":"center center","background-size":"auto","background-attachment":"scroll","background-type":"","background-media":"","overlay-type":"","overlay-color":"","overlay-opacity":"","overlay-gradient":""},"mobile":{"background-color":"","background-image":"","background-repeat":"repeat","background-position":"center center","background-size":"auto","background-attachment":"scroll","background-type":"","background-media":"","overlay-type":"","overlay-color":"","overlay-opacity":"","overlay-gradient":""}},"ast-content-background-meta":{"desktop":{"background-color":"var(--ast-global-color-5)","background-image":"","background-repeat":"repeat","background-position":"center center","background-size":"auto","background-attachment":"scroll","background-type":"","background-media":"","overlay-type":"","overlay-color":"","overlay-opacity":"","overlay-gradient":""},"tablet":{"background-color":"var(--ast-global-color-5)","background-image":"","background-repeat":"repeat","background-position":"center center","background-size":"auto","background-attachment":"scroll","background-type":"","background-media":"","overlay-type":"","overlay-color":"","overlay-opacity":"","overlay-gradient":""},"mobile":{"background-color":"var(--ast-global-color-5)","background-image":"","background-repeat":"repeat","background-position":"center center","background-size":"auto","background-attachment":"scroll","background-type":"","background-media":"","overlay-type":"","overlay-color":"","overlay-opacity":"","overlay-gradient":""}}},"product_brand":[],"product_cat":[39],"product_tag":[],"class_list":{"0":"post-8283","1":"product","2":"type-product","3":"status-publish","4":"has-post-thumbnail","6":"product_cat-webbing-sling","7":"desktop-align-left","8":"tablet-align-left","9":"mobile-align-left","10":"ast-product-gallery-layout-horizontal-slider","11":"ast-product-gallery-with-no-image","12":"ast-product-tabs-layout-horizontal","14":"first","15":"instock","16":"shipping-taxable","17":"purchasable","18":"product-type-simple"},"yoast_head":"<!-- This site is optimized with the Yoast SEO plugin v25.2 - https:\/\/yoast.com\/wordpress\/plugins\/seo\/ -->\n<title>Flat Webbing Sling 4 Ton Polyester Double Duplex<\/title>\n<meta name=\"robots\" content=\"index, follow, max-snippet:-1, max-image-preview:large, max-video-preview:-1\" \/>\n<link rel=\"canonical\" href=\"https:\/\/qingdaohf.com\/fi\/tuote\/vyonauha-4-tonnin-hihna\/\" \/>\n<meta property=\"og:locale\" content=\"fi_FI\" \/>\n<meta property=\"og:type\" content=\"article\" \/>\n<meta property=\"og:title\" content=\"Flat Webbing Sling 4 Ton Polyester Double Duplex\" \/>\n<meta property=\"og:description\" content=\"4 Ton Webbing Sling is designed to meet the key demands of industrial buyers, combining strength and reliability for heavy-duty lifting operations. This webbing sling assures secure and efficient lifting for loads up to 4 tons, addressing buyer concerns such as durability, material quality, and compliance with safety standards. As a trusted trading partner with 20 years of experience, Qingdao H&amp;F provides one-on-one customer support, a fast delivery cycle, and comprehensive quality inspection reports to ensure product integrity. This service-oriented approach adds value by fostering confidence and reliability in every purchase.\" \/>\n<meta property=\"og:url\" content=\"https:\/\/qingdaohf.com\/fi\/tuote\/vyonauha-4-tonnin-hihna\/\" \/>\n<meta property=\"og:site_name\" content=\"Concrete Form &amp; Rigging Hardware Supplier\" \/>\n<meta property=\"article:publisher\" content=\"https:\/\/www.facebook.com\/qingdaohf\" \/>\n<meta property=\"article:modified_time\" content=\"2025-11-13T01:02:53+00:00\" \/>\n<meta property=\"og:image\" content=\"https:\/\/qingdaohf.com\/wp-content\/uploads\/2024\/10\/4ton-sling_1.webp\" \/>\n\t<meta property=\"og:image:width\" content=\"1000\" \/>\n\t<meta property=\"og:image:height\" content=\"1000\" \/>\n\t<meta property=\"og:image:type\" content=\"image\/webp\" \/>\n<meta name=\"twitter:card\" content=\"summary_large_image\" \/>\n<meta name=\"twitter:label1\" content=\"Arvioitu lukuaika\" \/>\n\t<meta name=\"twitter:data1\" content=\"3 minuuttia\" \/>\n<script type=\"application\/ld+json\" class=\"yoast-schema-graph\">{\"@context\":\"https:\/\/schema.org\",\"@graph\":[{\"@type\":\"WebPage\",\"@id\":\"https:\/\/qingdaohf.com\/product\/webbing-sling-4-ton\/\",\"url\":\"https:\/\/qingdaohf.com\/product\/webbing-sling-4-ton\/\",\"name\":\"Flat Webbing Sling 4 Ton Polyester Double Duplex\",\"isPartOf\":{\"@id\":\"https:\/\/qingdaohf.com\/bg\/#website\"},\"primaryImageOfPage\":{\"@id\":\"https:\/\/qingdaohf.com\/product\/webbing-sling-4-ton\/#primaryimage\"},\"image\":{\"@id\":\"https:\/\/qingdaohf.com\/product\/webbing-sling-4-ton\/#primaryimage\"},\"thumbnailUrl\":\"https:\/\/qingdaohf.com\/wp-content\/uploads\/2024\/10\/4ton-sling_1.webp\",\"datePublished\":\"2024-11-05T09:52:39+00:00\",\"dateModified\":\"2025-11-13T01:02:53+00:00\",\"breadcrumb\":{\"@id\":\"https:\/\/qingdaohf.com\/product\/webbing-sling-4-ton\/#breadcrumb\"},\"inLanguage\":\"fi\",\"potentialAction\":[{\"@type\":\"ReadAction\",\"target\":[\"https:\/\/qingdaohf.com\/product\/webbing-sling-4-ton\/\"]}]},{\"@type\":\"ImageObject\",\"inLanguage\":\"fi\",\"@id\":\"https:\/\/qingdaohf.com\/product\/webbing-sling-4-ton\/#primaryimage\",\"url\":\"https:\/\/qingdaohf.com\/wp-content\/uploads\/2024\/10\/4ton-sling_1.webp\",\"contentUrl\":\"https:\/\/qingdaohf.com\/wp-content\/uploads\/2024\/10\/4ton-sling_1.webp\",\"width\":1000,\"height\":1000,\"caption\":\"Webbing Sling 4 Ton\"},{\"@type\":\"BreadcrumbList\",\"@id\":\"https:\/\/qingdaohf.com\/product\/webbing-sling-4-ton\/#breadcrumb\",\"itemListElement\":[{\"@type\":\"ListItem\",\"position\":1,\"name\":\"Home\",\"item\":\"https:\/\/qingdaohf.com\/\"},{\"@type\":\"ListItem\",\"position\":2,\"name\":\"Concrete Forming Accessories and Rigging Hardware\",\"item\":\"https:\/\/qingdaohf.com\/bg\/?page_id=944\"},{\"@type\":\"ListItem\",\"position\":3,\"name\":\"Flat Webbing Sling 4 Ton Polyester Double Duplex\"}]},{\"@type\":\"WebSite\",\"@id\":\"https:\/\/qingdaohf.com\/bg\/#website\",\"url\":\"https:\/\/qingdaohf.com\/bg\/\",\"name\":\"Concrete Form & Rigging Hardware Supplier\",\"description\":\"\",\"publisher\":{\"@id\":\"https:\/\/qingdaohf.com\/bg\/#organization\"},\"potentialAction\":[{\"@type\":\"SearchAction\",\"target\":{\"@type\":\"EntryPoint\",\"urlTemplate\":\"https:\/\/qingdaohf.com\/bg\/?s={search_term_string}\"},\"query-input\":{\"@type\":\"PropertyValueSpecification\",\"valueRequired\":true,\"valueName\":\"search_term_string\"}}],\"inLanguage\":\"fi\"},{\"@type\":\"Organization\",\"@id\":\"https:\/\/qingdaohf.com\/bg\/#organization\",\"name\":\"Qingdao H&F\",\"url\":\"https:\/\/qingdaohf.com\/bg\/\",\"logo\":{\"@type\":\"ImageObject\",\"inLanguage\":\"fi\",\"@id\":\"https:\/\/qingdaohf.com\/bg\/#\/schema\/logo\/image\/\",\"url\":\"https:\/\/qingdaohf.com\/wp-content\/uploads\/2022\/12\/cropped-HF-LOGO.png\",\"contentUrl\":\"https:\/\/qingdaohf.com\/wp-content\/uploads\/2022\/12\/cropped-HF-LOGO.png\",\"width\":391,\"height\":249,\"caption\":\"Qingdao H&F\"},\"image\":{\"@id\":\"https:\/\/qingdaohf.com\/bg\/#\/schema\/logo\/image\/\"},\"sameAs\":[\"https:\/\/www.facebook.com\/qingdaohf\"]}]}<\/script>\n<!-- \/ Yoast SEO plugin. -->","yoast_head_json":{"title":"Flat Webbing Sling 4 Ton Polyester Double Duplex","robots":{"index":"index","follow":"follow","max-snippet":"max-snippet:-1","max-image-preview":"max-image-preview:large","max-video-preview":"max-video-preview:-1"},"canonical":"https:\/\/qingdaohf.com\/fi\/tuote\/vyonauha-4-tonnin-hihna\/","og_locale":"fi_FI","og_type":"article","og_title":"Flat Webbing Sling 4 Ton Polyester Double Duplex","og_description":"4 Ton Webbing Sling is designed to meet the key demands of industrial buyers, combining strength and reliability for heavy-duty lifting operations. This webbing sling assures secure and efficient lifting for loads up to 4 tons, addressing buyer concerns such as durability, material quality, and compliance with safety standards. As a trusted trading partner with 20 years of experience, Qingdao H&amp;F provides one-on-one customer support, a fast delivery cycle, and comprehensive quality inspection reports to ensure product integrity. This service-oriented approach adds value by fostering confidence and reliability in every purchase.","og_url":"https:\/\/qingdaohf.com\/fi\/tuote\/vyonauha-4-tonnin-hihna\/","og_site_name":"Concrete Form &amp; Rigging Hardware Supplier","article_publisher":"https:\/\/www.facebook.com\/qingdaohf","article_modified_time":"2025-11-13T01:02:53+00:00","og_image":[{"width":1000,"height":1000,"url":"https:\/\/qingdaohf.com\/wp-content\/uploads\/2024\/10\/4ton-sling_1.webp","type":"image\/webp"}],"twitter_card":"summary_large_image","twitter_misc":{"Arvioitu lukuaika":"3 minuuttia"},"schema":{"@context":"https:\/\/schema.org","@graph":[{"@type":"WebPage","@id":"https:\/\/qingdaohf.com\/product\/webbing-sling-4-ton\/","url":"https:\/\/qingdaohf.com\/product\/webbing-sling-4-ton\/","name":"Flat Webbing Sling 4 Ton Polyester Double Duplex","isPartOf":{"@id":"https:\/\/qingdaohf.com\/bg\/#website"},"primaryImageOfPage":{"@id":"https:\/\/qingdaohf.com\/product\/webbing-sling-4-ton\/#primaryimage"},"image":{"@id":"https:\/\/qingdaohf.com\/product\/webbing-sling-4-ton\/#primaryimage"},"thumbnailUrl":"https:\/\/qingdaohf.com\/wp-content\/uploads\/2024\/10\/4ton-sling_1.webp","datePublished":"2024-11-05T09:52:39+00:00","dateModified":"2025-11-13T01:02:53+00:00","breadcrumb":{"@id":"https:\/\/qingdaohf.com\/product\/webbing-sling-4-ton\/#breadcrumb"},"inLanguage":"fi","potentialAction":[{"@type":"ReadAction","target":["https:\/\/qingdaohf.com\/product\/webbing-sling-4-ton\/"]}]},{"@type":"ImageObject","inLanguage":"fi","@id":"https:\/\/qingdaohf.com\/product\/webbing-sling-4-ton\/#primaryimage","url":"https:\/\/qingdaohf.com\/wp-content\/uploads\/2024\/10\/4ton-sling_1.webp","contentUrl":"https:\/\/qingdaohf.com\/wp-content\/uploads\/2024\/10\/4ton-sling_1.webp","width":1000,"height":1000,"caption":"Webbing Sling 4 Ton"},{"@type":"BreadcrumbList","@id":"https:\/\/qingdaohf.com\/product\/webbing-sling-4-ton\/#breadcrumb","itemListElement":[{"@type":"ListItem","position":1,"name":"Home","item":"https:\/\/qingdaohf.com\/"},{"@type":"ListItem","position":2,"name":"Concrete Forming Accessories and Rigging Hardware","item":"https:\/\/qingdaohf.com\/bg\/?page_id=944"},{"@type":"ListItem","position":3,"name":"Flat Webbing Sling 4 Ton Polyester Double Duplex"}]},{"@type":"WebSite","@id":"https:\/\/qingdaohf.com\/bg\/#website","url":"https:\/\/qingdaohf.com\/bg\/","name":"Concrete Form & Rigging Hardware Supplier","description":"","publisher":{"@id":"https:\/\/qingdaohf.com\/bg\/#organization"},"potentialAction":[{"@type":"SearchAction","target":{"@type":"EntryPoint","urlTemplate":"https:\/\/qingdaohf.com\/bg\/?s={search_term_string}"},"query-input":{"@type":"PropertyValueSpecification","valueRequired":true,"valueName":"search_term_string"}}],"inLanguage":"fi"},{"@type":"Organization","@id":"https:\/\/qingdaohf.com\/bg\/#organization","name":"Qingdao H&F","url":"https:\/\/qingdaohf.com\/bg\/","logo":{"@type":"ImageObject","inLanguage":"fi","@id":"https:\/\/qingdaohf.com\/bg\/#\/schema\/logo\/image\/","url":"https:\/\/qingdaohf.com\/wp-content\/uploads\/2022\/12\/cropped-HF-LOGO.png","contentUrl":"https:\/\/qingdaohf.com\/wp-content\/uploads\/2022\/12\/cropped-HF-LOGO.png","width":391,"height":249,"caption":"Qingdao H&F"},"image":{"@id":"https:\/\/qingdaohf.com\/bg\/#\/schema\/logo\/image\/"},"sameAs":["https:\/\/www.facebook.com\/qingdaohf"]}]}},"_links":{"self":[{"href":"https:\/\/qingdaohf.com\/fi\/wp-json\/wp\/v2\/product\/8283","targetHints":{"allow":["GET"]}}],"collection":[{"href":"https:\/\/qingdaohf.com\/fi\/wp-json\/wp\/v2\/product"}],"about":[{"href":"https:\/\/qingdaohf.com\/fi\/wp-json\/wp\/v2\/types\/product"}],"replies":[{"embeddable":true,"href":"https:\/\/qingdaohf.com\/fi\/wp-json\/wp\/v2\/comments?post=8283"}],"version-history":[{"count":2,"href":"https:\/\/qingdaohf.com\/fi\/wp-json\/wp\/v2\/product\/8283\/revisions"}],"predecessor-version":[{"id":8337,"href":"https:\/\/qingdaohf.com\/fi\/wp-json\/wp\/v2\/product\/8283\/revisions\/8337"}],"wp:featuredmedia":[{"embeddable":true,"href":"https:\/\/qingdaohf.com\/fi\/wp-json\/wp\/v2\/media\/8195"}],"wp:attachment":[{"href":"https:\/\/qingdaohf.com\/fi\/wp-json\/wp\/v2\/media?parent=8283"}],"wp:term":[{"taxonomy":"product_brand","embeddable":true,"href":"https:\/\/qingdaohf.com\/fi\/wp-json\/wp\/v2\/product_brand?post=8283"},{"taxonomy":"product_cat","embeddable":true,"href":"https:\/\/qingdaohf.com\/fi\/wp-json\/wp\/v2\/product_cat?post=8283"},{"taxonomy":"product_tag","embeddable":true,"href":"https:\/\/qingdaohf.com\/fi\/wp-json\/wp\/v2\/product_tag?post=8283"}],"curies":[{"name":"wp","href":"https:\/\/api.w.org\/{rel}","templated":true}]}}