{"id":8285,"date":"2024-11-05T17:54:41","date_gmt":"2024-11-05T09:54:41","guid":{"rendered":"http:\/\/qingdaohf.com\/?post_type=product&#038;p=8285"},"modified":"2025-11-13T09:02:53","modified_gmt":"2025-11-13T01:02:53","slug":"webbing-sling-5-ton","status":"publish","type":"product","link":"https:\/\/qingdaohf.com\/fi\/tuote\/hihnariepu-5-tonnia\/","title":{"rendered":"Litte\u00e4 hihnavy\u00f6 hihna 5 Ton Polyester Double Duplex"},"content":{"rendered":"<h4>5 tonnin hihnavy\u00f6n olennaiset ominaisuudet: Kest\u00e4vyys, turvallisuus ja suorituskyky<\/h4>\n<p>Qingdao H&amp;F:n 5 tonnin vy\u00f6nauha on suunniteltu vaativiin nostosovelluksiin, joissa lujuus ja turvallisuus ovat ensisijaisia prioriteetteja. Korkealuokkaisesta polyesterist\u00e4 valmistettu hihna kest\u00e4\u00e4 poikkeuksellisen hyvin kulutusta, UV-s\u00e4teit\u00e4 ja hankausta, joten se on kest\u00e4v\u00e4 ratkaisu toistuviin raskaisiin nostoteht\u00e4viin. Viiden tonnin kapasiteetti tarjoaa joustavuutta eri teollisuudenaloille, kuten rakennus- ja logistiikka-alalle, merenkulkuun ja valmistukseen, joissa luotettavuus on ratkaisevan t\u00e4rke\u00e4\u00e4.<\/p>\n<p>Tuotteiden kest\u00e4vyydest\u00e4 huolestuneet ostajat saavat varmuuden Qingdao H&amp;F:n sitoutumisesta laatuun. Jokaiselle 5 tonnin hihnalle tehd\u00e4\u00e4n perusteelliset laadunvalvontatarkastukset, ja mukana olevat tarkastusraportit ovat saatavilla sen varmistamiseksi, ett\u00e4 tuote t\u00e4ytt\u00e4\u00e4 alan standardit. Hihnan rakenne tukee kuorman vakautta ja est\u00e4\u00e4 sen siirtymisen, mik\u00e4 v\u00e4hent\u00e4\u00e4 onnettomuuksien todenn\u00e4k\u00f6isyytt\u00e4 nostot\u00f6iden aikana. Lis\u00e4ksi Qingdao H&amp;F:n nopeisiin toimituksiin ja reagoivaan asiakaspalveluun perustuva l\u00e4hestymistapa varmistaa, ett\u00e4 ostajat saavat nopeaa apua ja voivat hankkia luotettavia laitteita ilman viiveit\u00e4, mik\u00e4 helpottaa sujuvaa toimintaa ja minimoi seisokkiaikoja.<\/p>\n<h4>Vastaa teollisuuden vaatimuksiin vankkojen turvallisuusominaisuuksien avulla<\/h4>\n<p>Turvallisuus on ratkaiseva tekij\u00e4 nostolaitteita valittaessa. Qingdao H&amp;F:n 5 tonnin hihnaston suunnittelussa turvallisuus on asetettu etusijalle materiaalivalintojen, rakenteen ja kuormanjakomekanismien avulla. K\u00e4ytt\u00e4m\u00e4ll\u00e4 leve\u00e4\u00e4, joustavaa hihnarakennetta t\u00e4m\u00e4 hihna jakaa painon laajemmalle pinta-alalle, mik\u00e4 est\u00e4\u00e4 painepisteet, jotka voisivat vahingoittaa sek\u00e4 kuormaa ett\u00e4 itse hihnaa. T\u00e4m\u00e4 ominaisuus parantaa vakautta nostamisen aikana, v\u00e4hent\u00e4\u00e4 \u00e4killisten kuorman siirtymien riski\u00e4 ja varmistaa hallitun ja turvallisen nostamisen.<\/p>\n<p>Qingdao H&amp;F:n 5 tonnin hihnalenkki on valmistettu kansainv\u00e4liset nostostandardit t\u00e4ytt\u00e4ville teollisuudenaloille, jotka vaativat tiukkoja turvallisuusvaatimuksia. N\u00e4in varmistetaan, ett\u00e4 hihna kest\u00e4\u00e4 vaativia olosuhteita, k\u00e4ytettiinp\u00e4 sit\u00e4 sitten karuilla rakennusty\u00f6mailla, vilkkaissa logistiikkakeskuksissa tai teollisuusvarastoissa. Materiaali- ja suunnitteluvalinnoissa korostetaan kest\u00e4vyytt\u00e4 tinkim\u00e4tt\u00e4 helppok\u00e4ytt\u00f6isyydest\u00e4, jolloin k\u00e4ytt\u00e4j\u00e4t voivat ty\u00f6skennell\u00e4 luottavaisesti ja tehokkaasti. Turvallisuus on etusijalla, joten t\u00e4m\u00e4 hihnaremmi on luotettava ratkaisu vaativiin nostoteht\u00e4viin.<\/p>\n<h4>Qingdao H&amp;F: Luotettava palvelu ja laadunvarmistus<\/h4>\n<p>Qingdao H&amp;F:n maine B2B-kauppayhti\u00f6n\u00e4 perustuu 20 vuoden asiantuntemukseen teollisuuden nostoratkaisujen tarjoamisessa, jotka vastaavat yritysten k\u00e4yt\u00e4nn\u00f6n tarpeita. Jokaisen 5 tonnin hihnasilmukan mukana toimitetaan yksityiskohtaiset laatutarkastusraportit, jotka korostavat Qingdao H&amp;F:n sitoutumista l\u00e4pin\u00e4kyvyyteen ja tuotteiden eheyteen. N\u00e4iden raporttien avulla ostajat voivat tarkastella tuotteen testaustuloksia ja varmistaa, ett\u00e4 tuote on turvallisuus- ja suorituskykystandardien mukainen. Qingdao H&amp;F antaa ostajille varmuutta ostokseensa tarjoamalla todennettavia asiakirjoja, mik\u00e4 lis\u00e4\u00e4 luottamusta ja luotettavuutta.<\/p>\n<p>Laadukkaiden tuotteiden lis\u00e4ksi Qingdao H&amp;F painottaa voimakkaasti asiakaskokemusta. Yksil\u00f6llisen palvelumallin ansiosta asiakkaat voivat ty\u00f6skennell\u00e4 suoraan asiantuntevien edustajien kanssa, jotka ymm\u00e4rt\u00e4v\u00e4t heid\u00e4n yksil\u00f6lliset vaatimuksensa ja tarjoavat r\u00e4\u00e4t\u00e4l\u00f6ityj\u00e4 neuvoja parhaista hihnavaihtoehdoista. T\u00e4m\u00e4 palvelul\u00e4hestymistapa yhdistettyn\u00e4 nopeaan ja tehokkaaseen toimitussykliin osoittaa Qingdao H&amp;F:n omistautumista asiakkaiden tukemiseen ostoprosessin kaikissa vaiheissa. Ostajat saavat virtaviivaistetun kokemuksen, joka minimoi odotusajat ja maksimoi t\u00e4rkeiden laitteiden saatavuuden, jolloin yritykset voivat yll\u00e4pit\u00e4\u00e4 toiminnan tehokkuutta.<\/p>\n<p>Qingdao H&amp;F on edelleen luotettava toimittaja teollisuuden nostomarkkinoilla suorituskykyisten hihnaraksien, perusteellisten laatutarkastusten ja huomaavaisen palvelun yhdistelm\u00e4n ansiosta. 5 tonnin hihnalenkki on esimerkki t\u00e4st\u00e4 sitoumuksesta, sill\u00e4 se tarjoaa vankan ja luotettavan ratkaisun, joka t\u00e4ytt\u00e4\u00e4 nykyp\u00e4iv\u00e4n teollisuusymp\u00e4rist\u00f6jen tiukat vaatimukset.<\/p>","protected":false},"excerpt":{"rendered":"<p>5 tonnin hihnaremmi yhdist\u00e4\u00e4 suuren lujuuden ja joustavuuden raskaiden kuormien turvalliseen nostamiseen ja vastaa ostajien huolenaiheisiin kest\u00e4vyydest\u00e4, turvallisuudesta ja tehokkuudesta. T\u00e4m\u00e4 tiukkojen standardien mukaisesti valmistettu hihnariepu kantaa luotettavasti jopa 5 tonnia ja on samalla joustava ja helppok\u00e4ytt\u00f6inen. Vakiintuneena kauppayhti\u00f6n\u00e4, jolla on 20 vuoden kokemus, Qingdao H&amp;F varmistaa, ett\u00e4 ostajat hy\u00f6tyv\u00e4t henkil\u00f6kohtaisesta asiakaspalvelusta, nopeasta toimitussyklist\u00e4 ja yksityiskohtaisista laatutarkastusraporteista. T\u00e4m\u00e4 l\u00e4hestymistapa korostaa sitoutumistamme laatuun, oikea-aikaiseen toimitukseen ja kattavaan tukeen, mik\u00e4 tarjoaa saumattoman ostokokemuksen.<\/p>","protected":false},"featured_media":8191,"comment_status":"open","ping_status":"closed","template":"","meta":{"site-sidebar-layout":"default","site-content-layout":"","ast-site-content-layout":"default","site-content-style":"default","site-sidebar-style":"default","ast-global-header-display":"","ast-banner-title-visibility":"","ast-main-header-display":"","ast-hfb-above-header-display":"","ast-hfb-below-header-display":"","ast-hfb-mobile-header-display":"","site-post-title":"","ast-breadcrumbs-content":"","ast-featured-img":"","footer-sml-layout":"","theme-transparent-header-meta":"default","adv-header-id-meta":"","stick-header-meta":"default","header-above-stick-meta":"","header-main-stick-meta":"","header-below-stick-meta":"","astra-migrate-meta-layouts":"set","ast-page-background-enabled":"default","ast-page-background-meta":{"desktop":{"background-color":"","background-image":"","background-repeat":"repeat","background-position":"center center","background-size":"auto","background-attachment":"scroll","background-type":"","background-media":"","overlay-type":"","overlay-color":"","overlay-opacity":"","overlay-gradient":""},"tablet":{"background-color":"","background-image":"","background-repeat":"repeat","background-position":"center center","background-size":"auto","background-attachment":"scroll","background-type":"","background-media":"","overlay-type":"","overlay-color":"","overlay-opacity":"","overlay-gradient":""},"mobile":{"background-color":"","background-image":"","background-repeat":"repeat","background-position":"center center","background-size":"auto","background-attachment":"scroll","background-type":"","background-media":"","overlay-type":"","overlay-color":"","overlay-opacity":"","overlay-gradient":""}},"ast-content-background-meta":{"desktop":{"background-color":"var(--ast-global-color-5)","background-image":"","background-repeat":"repeat","background-position":"center center","background-size":"auto","background-attachment":"scroll","background-type":"","background-media":"","overlay-type":"","overlay-color":"","overlay-opacity":"","overlay-gradient":""},"tablet":{"background-color":"var(--ast-global-color-5)","background-image":"","background-repeat":"repeat","background-position":"center center","background-size":"auto","background-attachment":"scroll","background-type":"","background-media":"","overlay-type":"","overlay-color":"","overlay-opacity":"","overlay-gradient":""},"mobile":{"background-color":"var(--ast-global-color-5)","background-image":"","background-repeat":"repeat","background-position":"center center","background-size":"auto","background-attachment":"scroll","background-type":"","background-media":"","overlay-type":"","overlay-color":"","overlay-opacity":"","overlay-gradient":""}}},"product_brand":[],"product_cat":[39],"product_tag":[],"class_list":{"0":"post-8285","1":"product","2":"type-product","3":"status-publish","4":"has-post-thumbnail","6":"product_cat-webbing-sling","7":"desktop-align-left","8":"tablet-align-left","9":"mobile-align-left","10":"ast-product-gallery-layout-horizontal-slider","11":"ast-product-gallery-with-no-image","12":"ast-product-tabs-layout-horizontal","14":"first","15":"instock","16":"shipping-taxable","17":"purchasable","18":"product-type-simple"},"yoast_head":"<!-- This site is optimized with the Yoast SEO plugin v25.2 - https:\/\/yoast.com\/wordpress\/plugins\/seo\/ -->\n<title>Flat Webbing Sling 5 Ton Polyester Double Duplex<\/title>\n<meta name=\"robots\" content=\"index, follow, max-snippet:-1, max-image-preview:large, max-video-preview:-1\" \/>\n<link rel=\"canonical\" href=\"https:\/\/qingdaohf.com\/fi\/tuote\/hihnariepu-5-tonnia\/\" \/>\n<meta property=\"og:locale\" content=\"fi_FI\" \/>\n<meta property=\"og:type\" content=\"article\" \/>\n<meta property=\"og:title\" content=\"Flat Webbing Sling 5 Ton Polyester Double Duplex\" \/>\n<meta property=\"og:description\" content=\"5-Ton Webbing Sling combines high strength and resilience to safely lift heavy loads, addressing buyers&#039; concerns about durability, safety, and efficiency. Manufactured to rigorous standards, this webbing sling reliably handles up to 5 tons while maintaining flexibility for ease of use. As an established trading company with 20 years of experience, Qingdao H&amp;F ensures that buyers benefit from one-on-one customer service, a fast delivery cycle, and detailed quality inspection reports. This approach emphasizes our commitment to quality, timely delivery, and comprehensive support, providing a seamless purchasing experience.\" \/>\n<meta property=\"og:url\" content=\"https:\/\/qingdaohf.com\/fi\/tuote\/hihnariepu-5-tonnia\/\" \/>\n<meta property=\"og:site_name\" content=\"Concrete Form &amp; Rigging Hardware Supplier\" \/>\n<meta property=\"article:publisher\" content=\"https:\/\/www.facebook.com\/qingdaohf\" \/>\n<meta property=\"article:modified_time\" content=\"2025-11-13T01:02:53+00:00\" \/>\n<meta property=\"og:image\" content=\"https:\/\/qingdaohf.com\/wp-content\/uploads\/2024\/10\/Heavy-Duty-5-ton-webbing-sling_1.webp\" \/>\n\t<meta property=\"og:image:width\" content=\"1000\" \/>\n\t<meta property=\"og:image:height\" content=\"1000\" \/>\n\t<meta property=\"og:image:type\" content=\"image\/webp\" \/>\n<meta name=\"twitter:card\" content=\"summary_large_image\" \/>\n<meta name=\"twitter:label1\" content=\"Arvioitu lukuaika\" \/>\n\t<meta name=\"twitter:data1\" content=\"3 minuuttia\" \/>\n<script type=\"application\/ld+json\" class=\"yoast-schema-graph\">{\"@context\":\"https:\/\/schema.org\",\"@graph\":[{\"@type\":\"WebPage\",\"@id\":\"https:\/\/qingdaohf.com\/product\/webbing-sling-5-ton\/\",\"url\":\"https:\/\/qingdaohf.com\/product\/webbing-sling-5-ton\/\",\"name\":\"Flat Webbing Sling 5 Ton Polyester Double Duplex\",\"isPartOf\":{\"@id\":\"https:\/\/qingdaohf.com\/bg\/#website\"},\"primaryImageOfPage\":{\"@id\":\"https:\/\/qingdaohf.com\/product\/webbing-sling-5-ton\/#primaryimage\"},\"image\":{\"@id\":\"https:\/\/qingdaohf.com\/product\/webbing-sling-5-ton\/#primaryimage\"},\"thumbnailUrl\":\"https:\/\/qingdaohf.com\/wp-content\/uploads\/2024\/10\/Heavy-Duty-5-ton-webbing-sling_1.webp\",\"datePublished\":\"2024-11-05T09:54:41+00:00\",\"dateModified\":\"2025-11-13T01:02:53+00:00\",\"breadcrumb\":{\"@id\":\"https:\/\/qingdaohf.com\/product\/webbing-sling-5-ton\/#breadcrumb\"},\"inLanguage\":\"fi\",\"potentialAction\":[{\"@type\":\"ReadAction\",\"target\":[\"https:\/\/qingdaohf.com\/product\/webbing-sling-5-ton\/\"]}]},{\"@type\":\"ImageObject\",\"inLanguage\":\"fi\",\"@id\":\"https:\/\/qingdaohf.com\/product\/webbing-sling-5-ton\/#primaryimage\",\"url\":\"https:\/\/qingdaohf.com\/wp-content\/uploads\/2024\/10\/Heavy-Duty-5-ton-webbing-sling_1.webp\",\"contentUrl\":\"https:\/\/qingdaohf.com\/wp-content\/uploads\/2024\/10\/Heavy-Duty-5-ton-webbing-sling_1.webp\",\"width\":1000,\"height\":1000,\"caption\":\"webbing sling 5 ton\"},{\"@type\":\"BreadcrumbList\",\"@id\":\"https:\/\/qingdaohf.com\/product\/webbing-sling-5-ton\/#breadcrumb\",\"itemListElement\":[{\"@type\":\"ListItem\",\"position\":1,\"name\":\"Home\",\"item\":\"https:\/\/qingdaohf.com\/\"},{\"@type\":\"ListItem\",\"position\":2,\"name\":\"Concrete Forming Accessories and Rigging Hardware\",\"item\":\"https:\/\/qingdaohf.com\/bg\/?page_id=944\"},{\"@type\":\"ListItem\",\"position\":3,\"name\":\"Flat Webbing Sling 5 Ton Polyester Double Duplex\"}]},{\"@type\":\"WebSite\",\"@id\":\"https:\/\/qingdaohf.com\/bg\/#website\",\"url\":\"https:\/\/qingdaohf.com\/bg\/\",\"name\":\"Concrete Form & Rigging Hardware Supplier\",\"description\":\"\",\"publisher\":{\"@id\":\"https:\/\/qingdaohf.com\/bg\/#organization\"},\"potentialAction\":[{\"@type\":\"SearchAction\",\"target\":{\"@type\":\"EntryPoint\",\"urlTemplate\":\"https:\/\/qingdaohf.com\/bg\/?s={search_term_string}\"},\"query-input\":{\"@type\":\"PropertyValueSpecification\",\"valueRequired\":true,\"valueName\":\"search_term_string\"}}],\"inLanguage\":\"fi\"},{\"@type\":\"Organization\",\"@id\":\"https:\/\/qingdaohf.com\/bg\/#organization\",\"name\":\"Qingdao H&F\",\"url\":\"https:\/\/qingdaohf.com\/bg\/\",\"logo\":{\"@type\":\"ImageObject\",\"inLanguage\":\"fi\",\"@id\":\"https:\/\/qingdaohf.com\/bg\/#\/schema\/logo\/image\/\",\"url\":\"https:\/\/qingdaohf.com\/wp-content\/uploads\/2022\/12\/cropped-HF-LOGO.png\",\"contentUrl\":\"https:\/\/qingdaohf.com\/wp-content\/uploads\/2022\/12\/cropped-HF-LOGO.png\",\"width\":391,\"height\":249,\"caption\":\"Qingdao H&F\"},\"image\":{\"@id\":\"https:\/\/qingdaohf.com\/bg\/#\/schema\/logo\/image\/\"},\"sameAs\":[\"https:\/\/www.facebook.com\/qingdaohf\"]}]}<\/script>\n<!-- \/ Yoast SEO plugin. -->","yoast_head_json":{"title":"Flat Webbing Sling 5 Ton Polyester Double Duplex","robots":{"index":"index","follow":"follow","max-snippet":"max-snippet:-1","max-image-preview":"max-image-preview:large","max-video-preview":"max-video-preview:-1"},"canonical":"https:\/\/qingdaohf.com\/fi\/tuote\/hihnariepu-5-tonnia\/","og_locale":"fi_FI","og_type":"article","og_title":"Flat Webbing Sling 5 Ton Polyester Double Duplex","og_description":"5-Ton Webbing Sling combines high strength and resilience to safely lift heavy loads, addressing buyers' concerns about durability, safety, and efficiency. Manufactured to rigorous standards, this webbing sling reliably handles up to 5 tons while maintaining flexibility for ease of use. As an established trading company with 20 years of experience, Qingdao H&amp;F ensures that buyers benefit from one-on-one customer service, a fast delivery cycle, and detailed quality inspection reports. This approach emphasizes our commitment to quality, timely delivery, and comprehensive support, providing a seamless purchasing experience.","og_url":"https:\/\/qingdaohf.com\/fi\/tuote\/hihnariepu-5-tonnia\/","og_site_name":"Concrete Form &amp; Rigging Hardware Supplier","article_publisher":"https:\/\/www.facebook.com\/qingdaohf","article_modified_time":"2025-11-13T01:02:53+00:00","og_image":[{"width":1000,"height":1000,"url":"https:\/\/qingdaohf.com\/wp-content\/uploads\/2024\/10\/Heavy-Duty-5-ton-webbing-sling_1.webp","type":"image\/webp"}],"twitter_card":"summary_large_image","twitter_misc":{"Arvioitu lukuaika":"3 minuuttia"},"schema":{"@context":"https:\/\/schema.org","@graph":[{"@type":"WebPage","@id":"https:\/\/qingdaohf.com\/product\/webbing-sling-5-ton\/","url":"https:\/\/qingdaohf.com\/product\/webbing-sling-5-ton\/","name":"Flat Webbing Sling 5 Ton Polyester Double Duplex","isPartOf":{"@id":"https:\/\/qingdaohf.com\/bg\/#website"},"primaryImageOfPage":{"@id":"https:\/\/qingdaohf.com\/product\/webbing-sling-5-ton\/#primaryimage"},"image":{"@id":"https:\/\/qingdaohf.com\/product\/webbing-sling-5-ton\/#primaryimage"},"thumbnailUrl":"https:\/\/qingdaohf.com\/wp-content\/uploads\/2024\/10\/Heavy-Duty-5-ton-webbing-sling_1.webp","datePublished":"2024-11-05T09:54:41+00:00","dateModified":"2025-11-13T01:02:53+00:00","breadcrumb":{"@id":"https:\/\/qingdaohf.com\/product\/webbing-sling-5-ton\/#breadcrumb"},"inLanguage":"fi","potentialAction":[{"@type":"ReadAction","target":["https:\/\/qingdaohf.com\/product\/webbing-sling-5-ton\/"]}]},{"@type":"ImageObject","inLanguage":"fi","@id":"https:\/\/qingdaohf.com\/product\/webbing-sling-5-ton\/#primaryimage","url":"https:\/\/qingdaohf.com\/wp-content\/uploads\/2024\/10\/Heavy-Duty-5-ton-webbing-sling_1.webp","contentUrl":"https:\/\/qingdaohf.com\/wp-content\/uploads\/2024\/10\/Heavy-Duty-5-ton-webbing-sling_1.webp","width":1000,"height":1000,"caption":"webbing sling 5 ton"},{"@type":"BreadcrumbList","@id":"https:\/\/qingdaohf.com\/product\/webbing-sling-5-ton\/#breadcrumb","itemListElement":[{"@type":"ListItem","position":1,"name":"Home","item":"https:\/\/qingdaohf.com\/"},{"@type":"ListItem","position":2,"name":"Concrete Forming Accessories and Rigging Hardware","item":"https:\/\/qingdaohf.com\/bg\/?page_id=944"},{"@type":"ListItem","position":3,"name":"Flat Webbing Sling 5 Ton Polyester Double Duplex"}]},{"@type":"WebSite","@id":"https:\/\/qingdaohf.com\/bg\/#website","url":"https:\/\/qingdaohf.com\/bg\/","name":"Concrete Form & Rigging Hardware Supplier","description":"","publisher":{"@id":"https:\/\/qingdaohf.com\/bg\/#organization"},"potentialAction":[{"@type":"SearchAction","target":{"@type":"EntryPoint","urlTemplate":"https:\/\/qingdaohf.com\/bg\/?s={search_term_string}"},"query-input":{"@type":"PropertyValueSpecification","valueRequired":true,"valueName":"search_term_string"}}],"inLanguage":"fi"},{"@type":"Organization","@id":"https:\/\/qingdaohf.com\/bg\/#organization","name":"Qingdao H&F","url":"https:\/\/qingdaohf.com\/bg\/","logo":{"@type":"ImageObject","inLanguage":"fi","@id":"https:\/\/qingdaohf.com\/bg\/#\/schema\/logo\/image\/","url":"https:\/\/qingdaohf.com\/wp-content\/uploads\/2022\/12\/cropped-HF-LOGO.png","contentUrl":"https:\/\/qingdaohf.com\/wp-content\/uploads\/2022\/12\/cropped-HF-LOGO.png","width":391,"height":249,"caption":"Qingdao H&F"},"image":{"@id":"https:\/\/qingdaohf.com\/bg\/#\/schema\/logo\/image\/"},"sameAs":["https:\/\/www.facebook.com\/qingdaohf"]}]}},"_links":{"self":[{"href":"https:\/\/qingdaohf.com\/fi\/wp-json\/wp\/v2\/product\/8285","targetHints":{"allow":["GET"]}}],"collection":[{"href":"https:\/\/qingdaohf.com\/fi\/wp-json\/wp\/v2\/product"}],"about":[{"href":"https:\/\/qingdaohf.com\/fi\/wp-json\/wp\/v2\/types\/product"}],"replies":[{"embeddable":true,"href":"https:\/\/qingdaohf.com\/fi\/wp-json\/wp\/v2\/comments?post=8285"}],"version-history":[{"count":2,"href":"https:\/\/qingdaohf.com\/fi\/wp-json\/wp\/v2\/product\/8285\/revisions"}],"predecessor-version":[{"id":8336,"href":"https:\/\/qingdaohf.com\/fi\/wp-json\/wp\/v2\/product\/8285\/revisions\/8336"}],"wp:featuredmedia":[{"embeddable":true,"href":"https:\/\/qingdaohf.com\/fi\/wp-json\/wp\/v2\/media\/8191"}],"wp:attachment":[{"href":"https:\/\/qingdaohf.com\/fi\/wp-json\/wp\/v2\/media?parent=8285"}],"wp:term":[{"taxonomy":"product_brand","embeddable":true,"href":"https:\/\/qingdaohf.com\/fi\/wp-json\/wp\/v2\/product_brand?post=8285"},{"taxonomy":"product_cat","embeddable":true,"href":"https:\/\/qingdaohf.com\/fi\/wp-json\/wp\/v2\/product_cat?post=8285"},{"taxonomy":"product_tag","embeddable":true,"href":"https:\/\/qingdaohf.com\/fi\/wp-json\/wp\/v2\/product_tag?post=8285"}],"curies":[{"name":"wp","href":"https:\/\/api.w.org\/{rel}","templated":true}]}}