{"id":8289,"date":"2024-11-05T17:58:14","date_gmt":"2024-11-05T09:58:14","guid":{"rendered":"http:\/\/qingdaohf.com\/?post_type=product&#038;p=8289"},"modified":"2025-11-13T09:02:52","modified_gmt":"2025-11-13T01:02:52","slug":"webbing-sling-8-ton","status":"publish","type":"product","link":"https:\/\/qingdaohf.com\/fi\/tuote\/hihnariepu-8-tonnia\/","title":{"rendered":"Litte\u00e4 hihnavy\u00f6 rintaremmi 8 tonnia polyesteri\u00e4 kaksinkertainen Duplex"},"content":{"rendered":"<h4>Lujuus ja kest\u00e4vyys: 8 tonnin hihnavy\u00f6hihnan t\u00e4rkeimm\u00e4t ominaisuudet: T\u00e4rkeimm\u00e4t ominaisuudet<\/h4>\n<p>Qingdao H&amp;F 8 tonnin hihnavy\u00f6hihna on suunniteltu teollisuudenaloille, joilla turvalliset ja luotettavat nostoratkaisut ovat v\u00e4ltt\u00e4m\u00e4tt\u00f6mi\u00e4. Korkealuokkaisesta polyesterist\u00e4 valmistettu hihnasto tarjoaa vankan lujuuden, jonka ansiosta se pystyy k\u00e4sittelem\u00e4\u00e4n jopa 8 tonnin kuormia suorituskyvyst\u00e4 tinkim\u00e4tt\u00e4. Sen kest\u00e4v\u00e4 rakenne takaa pitk\u00e4n k\u00e4ytt\u00f6i\u00e4n, vaikka sit\u00e4 k\u00e4ytett\u00e4isiin usein haastavissa ymp\u00e4rist\u00f6iss\u00e4, mik\u00e4 tekee siit\u00e4 arvokkaan ty\u00f6kalun esimerkiksi rakennus-, logistiikka- ja valmistusteollisuudelle.<\/p>\n<p>Jokaiselle 8 tonnin hihnalle tehd\u00e4\u00e4n huolellinen laatutesti, jolla varmistetaan sen kantavuus ja turvallisuusm\u00e4\u00e4r\u00e4ysten noudattaminen. Qingdao H&amp;F toimittaa yksityiskohtaiset laatutarkastusraportit, joiden avulla ostajat voivat tarkastella tuotteen turvallisuus- ja suorituskykytietoja. Qingdao H&amp;F on tunnettu luotettavuudesta ja avoimuudesta, ja se on sitoutunut toimittamaan laitteita, jotka tukevat nykyp\u00e4iv\u00e4n teollisten toimintojen vaatimuksia. Tarjoamamme nopea toimitussykli varmistaa, ett\u00e4 ostajat saavat nopeasti k\u00e4ytt\u00f6\u00f6ns\u00e4 v\u00e4ltt\u00e4m\u00e4tt\u00f6m\u00e4t nostolaitteet, jolloin projektit pysyv\u00e4t aikataulussa.<\/p>\n<h4>Turvallisuusl\u00e4ht\u00f6inen suunnittelu ja turvallinen nostosuoritus<\/h4>\n<p>Turvallisuus on ensisijainen huolenaihe kaikissa nostot\u00f6iss\u00e4, erityisesti raskaita kuormia k\u00e4sitelt\u00e4ess\u00e4. Qingdao H&amp;F:n 8 tonnin hihnaremmi on suunniteltu leve\u00e4ll\u00e4, joustavalla hihnalla, joka jakaa painon tasaisesti kuormalle. T\u00e4m\u00e4 muotoilu minimoi painepisteet, mik\u00e4 v\u00e4hent\u00e4\u00e4 sek\u00e4 hihnan ett\u00e4 kuorman vaurioitumisen todenn\u00e4k\u00f6isyytt\u00e4. Koska kuorman vakaus on etusijalla, t\u00e4m\u00e4 hihna auttaa varmistamaan turvalliset nostot, jopa suurikokoisten tai hauraiden esineiden osalta, jolloin k\u00e4ytt\u00e4j\u00e4t voivat k\u00e4sitell\u00e4 raskaita kuormia luottavaisesti.<\/p>\n<p>Valmistettu t\u00e4ytt\u00e4m\u00e4\u00e4n tiukat turvallisuusstandardit, ja t\u00e4m\u00e4 hihnariepu soveltuu hyvin aloille, joilla on tiukat toimintaprotokollat. K\u00e4ytettiinp\u00e4 sit\u00e4 sitten teollisuusty\u00f6mailla, varastoissa tai telakoilla, 8 tonnin hihnaremmin kest\u00e4v\u00e4 rakenne ja luotettava suorituskyky tekev\u00e4t siit\u00e4 ihanteellisen valinnan. Qingdao H&amp;F:n keskittyminen laadunvalvontaan ja turvallisuusvaatimusten noudattamiseen antaa ostajille mielenrauhan, koska he tiet\u00e4v\u00e4t, ett\u00e4 jokainen rihma on l\u00e4p\u00e4issyt joukon laatutarkastuksia, joilla varmistetaan, ett\u00e4 se t\u00e4ytt\u00e4\u00e4 kantavuusvaatimukset. Jokaisen tuotteen mukana saatavissa olevat laatutarkastusraportit ovat selke\u00e4 todiste t\u00e4st\u00e4 sitoutumisesta turvallisuuteen ja luotettavuuteen.<\/p>\n<h4>Qingdao H&amp;F: Kumppanuus asiakkaiden kanssa luotettavien ja tehokkaiden ratkaisujen aikaansaamiseksi.<\/h4>\n<p>20 vuoden kokemuksella B2B-kauppayhti\u00f6n\u00e4 Qingdao H&amp;F on luonut maineen luotettavien nostoratkaisujen toimittamisesta, jotka t\u00e4ytt\u00e4v\u00e4t teollisuuden ostajien ainutlaatuiset tarpeet. 8 tonnin hihnalenkki on osa monipuolista tuotevalikoimaa, ja jokaisen tuotteen mukana on laatutarkastusasiakirjat, joilla varmistetaan, ett\u00e4 se on alan standardien mukainen. T\u00e4m\u00e4 l\u00e4pin\u00e4kyvyys vahvistaa Qingdao H&amp;F:n sitoutumista tarjoamaan luotettavia tuotteita, joihin ostajat voivat luottaa vaativissa sovelluksissa.<\/p>\n<p>Laadukkaiden tuotteiden lis\u00e4ksi Qingdao H&amp;F on sitoutunut tarjoamaan sujuvan ja asiakaskeskeisen ostokokemuksen. Yksil\u00f6llinen asiakaspalvelumallimme antaa ostajille mahdollisuuden olla suoraan yhteydess\u00e4 asiantunteviin edustajiin, jotka ymm\u00e4rt\u00e4v\u00e4t heid\u00e4n vaatimuksensa ja antavat henkil\u00f6kohtaisia suosituksia, jotka auttavat asiakkaita valitsemaan parhaat nostolaitteet heid\u00e4n sovelluksiinsa. Yhdess\u00e4 nopean toimitussyklin kanssa Qingdao H&amp;F varmistaa, ett\u00e4 asiakkaat voivat hankkia v\u00e4ltt\u00e4m\u00e4tt\u00f6m\u00e4t laitteet viipym\u00e4tt\u00e4, mik\u00e4 tukee projektin tehokkuutta ja minimoi seisokkiaikoja.<\/p>\n<p>Qingdao H &amp; F on tullut luotettu kumppani teollisuuden nostoratkaisuihin toimittamalla korkealaatuisia hihnarakseja, varmistamalla perusteellinen laadunvalvonta ja asettamalla asiakaspalvelu etusijalle. 8 tonnin hihnaremmi kuvastaa t\u00e4t\u00e4 sitoutumista ja tarjoaa lujuutta, turvallisuutta ja luotettavuutta, jota nykyp\u00e4iv\u00e4n teollisuusymp\u00e4rist\u00f6t vaativat. Qingdao H&amp;F tarjoaa jokaisella hihnalla turvallisen ja luotettavan nostoratkaisun, jonka taustalla on asiakkaiden odottama tuki ja avoimuus.<\/p>","protected":false},"excerpt":{"rendered":"<p>8 tonnin hihnavy\u00f6hihna on suunniteltu k\u00e4sittelem\u00e4\u00e4n huomattavia nostovaatimuksia, ja se tarjoaa erinomaisen lujuuden ja luotettavuuden teollisiin sovelluksiin. T\u00e4m\u00e4 hihna on suunniteltu vastaamaan ostajien huoliin kuorman turvallisuudesta, kest\u00e4vyydest\u00e4 ja turvallisuusstandardien noudattamisesta, ja se kantaa jopa 8 tonnia helposti. Vakiintuneena B2B-kauppayhti\u00f6n\u00e4, jolla on 20 vuoden kokemus, Qingdao H &amp; F tarjoaa henkil\u00f6kohtaista asiakaspalvelua, nopean toimitussyklin ja kattavat laatutarkastusraportit. N\u00e4m\u00e4 edut korostavat sitoutumistamme laatuun ja asiakastyytyv\u00e4isyyteen ja takaavat saumattoman ostokokemuksen.<\/p>","protected":false},"featured_media":8193,"comment_status":"open","ping_status":"closed","template":"","meta":{"site-sidebar-layout":"default","site-content-layout":"","ast-site-content-layout":"default","site-content-style":"default","site-sidebar-style":"default","ast-global-header-display":"","ast-banner-title-visibility":"","ast-main-header-display":"","ast-hfb-above-header-display":"","ast-hfb-below-header-display":"","ast-hfb-mobile-header-display":"","site-post-title":"","ast-breadcrumbs-content":"","ast-featured-img":"","footer-sml-layout":"","theme-transparent-header-meta":"default","adv-header-id-meta":"","stick-header-meta":"default","header-above-stick-meta":"","header-main-stick-meta":"","header-below-stick-meta":"","astra-migrate-meta-layouts":"set","ast-page-background-enabled":"default","ast-page-background-meta":{"desktop":{"background-color":"","background-image":"","background-repeat":"repeat","background-position":"center center","background-size":"auto","background-attachment":"scroll","background-type":"","background-media":"","overlay-type":"","overlay-color":"","overlay-opacity":"","overlay-gradient":""},"tablet":{"background-color":"","background-image":"","background-repeat":"repeat","background-position":"center center","background-size":"auto","background-attachment":"scroll","background-type":"","background-media":"","overlay-type":"","overlay-color":"","overlay-opacity":"","overlay-gradient":""},"mobile":{"background-color":"","background-image":"","background-repeat":"repeat","background-position":"center center","background-size":"auto","background-attachment":"scroll","background-type":"","background-media":"","overlay-type":"","overlay-color":"","overlay-opacity":"","overlay-gradient":""}},"ast-content-background-meta":{"desktop":{"background-color":"var(--ast-global-color-5)","background-image":"","background-repeat":"repeat","background-position":"center center","background-size":"auto","background-attachment":"scroll","background-type":"","background-media":"","overlay-type":"","overlay-color":"","overlay-opacity":"","overlay-gradient":""},"tablet":{"background-color":"var(--ast-global-color-5)","background-image":"","background-repeat":"repeat","background-position":"center center","background-size":"auto","background-attachment":"scroll","background-type":"","background-media":"","overlay-type":"","overlay-color":"","overlay-opacity":"","overlay-gradient":""},"mobile":{"background-color":"var(--ast-global-color-5)","background-image":"","background-repeat":"repeat","background-position":"center center","background-size":"auto","background-attachment":"scroll","background-type":"","background-media":"","overlay-type":"","overlay-color":"","overlay-opacity":"","overlay-gradient":""}}},"product_brand":[],"product_cat":[39],"product_tag":[],"class_list":{"0":"post-8289","1":"product","2":"type-product","3":"status-publish","4":"has-post-thumbnail","6":"product_cat-webbing-sling","7":"desktop-align-left","8":"tablet-align-left","9":"mobile-align-left","10":"ast-product-gallery-layout-horizontal-slider","11":"ast-product-gallery-with-no-image","12":"ast-product-tabs-layout-horizontal","14":"first","15":"instock","16":"shipping-taxable","17":"purchasable","18":"product-type-simple"},"yoast_head":"<!-- This site is optimized with the Yoast SEO plugin v25.2 - https:\/\/yoast.com\/wordpress\/plugins\/seo\/ -->\n<title>Flat Webbing Sling 8 Ton Polyester Double Duplex<\/title>\n<meta name=\"robots\" content=\"index, follow, max-snippet:-1, max-image-preview:large, max-video-preview:-1\" \/>\n<link rel=\"canonical\" href=\"https:\/\/qingdaohf.com\/fi\/tuote\/hihnariepu-8-tonnia\/\" \/>\n<meta property=\"og:locale\" content=\"fi_FI\" \/>\n<meta property=\"og:type\" content=\"article\" \/>\n<meta property=\"og:title\" content=\"Flat Webbing Sling 8 Ton Polyester Double Duplex\" \/>\n<meta property=\"og:description\" content=\"8-Ton Webbing Sling is crafted to handle substantial lifting demands, offering outstanding strength and reliability for industrial applications. Designed to address buyer concerns about load security, durability, and compliance with safety standards, this sling supports up to 8 tons with ease. As an established B2B trading company with 20 years of experience, Qingdao H&amp;F provides one-on-one customer service, a fast delivery cycle, and comprehensive quality inspection reports. These advantages underscore our commitment to quality and customer satisfaction, ensuring a seamless purchasing experience.\" \/>\n<meta property=\"og:url\" content=\"https:\/\/qingdaohf.com\/fi\/tuote\/hihnariepu-8-tonnia\/\" \/>\n<meta property=\"og:site_name\" content=\"Concrete Form &amp; Rigging Hardware Supplier\" \/>\n<meta property=\"article:publisher\" content=\"https:\/\/www.facebook.com\/qingdaohf\" \/>\n<meta property=\"article:modified_time\" content=\"2025-11-13T01:02:52+00:00\" \/>\n<meta property=\"og:image\" content=\"https:\/\/qingdaohf.com\/wp-content\/uploads\/2024\/10\/8ton-sling_1.webp\" \/>\n\t<meta property=\"og:image:width\" content=\"1000\" \/>\n\t<meta property=\"og:image:height\" content=\"1000\" \/>\n\t<meta property=\"og:image:type\" content=\"image\/webp\" \/>\n<meta name=\"twitter:card\" content=\"summary_large_image\" \/>\n<meta name=\"twitter:label1\" content=\"Arvioitu lukuaika\" \/>\n\t<meta name=\"twitter:data1\" content=\"3 minuuttia\" \/>\n<script type=\"application\/ld+json\" class=\"yoast-schema-graph\">{\"@context\":\"https:\/\/schema.org\",\"@graph\":[{\"@type\":\"WebPage\",\"@id\":\"https:\/\/qingdaohf.com\/product\/webbing-sling-8-ton\/\",\"url\":\"https:\/\/qingdaohf.com\/product\/webbing-sling-8-ton\/\",\"name\":\"Flat Webbing Sling 8 Ton Polyester Double Duplex\",\"isPartOf\":{\"@id\":\"https:\/\/qingdaohf.com\/bg\/#website\"},\"primaryImageOfPage\":{\"@id\":\"https:\/\/qingdaohf.com\/product\/webbing-sling-8-ton\/#primaryimage\"},\"image\":{\"@id\":\"https:\/\/qingdaohf.com\/product\/webbing-sling-8-ton\/#primaryimage\"},\"thumbnailUrl\":\"https:\/\/qingdaohf.com\/wp-content\/uploads\/2024\/10\/8ton-sling_1.webp\",\"datePublished\":\"2024-11-05T09:58:14+00:00\",\"dateModified\":\"2025-11-13T01:02:52+00:00\",\"breadcrumb\":{\"@id\":\"https:\/\/qingdaohf.com\/product\/webbing-sling-8-ton\/#breadcrumb\"},\"inLanguage\":\"fi\",\"potentialAction\":[{\"@type\":\"ReadAction\",\"target\":[\"https:\/\/qingdaohf.com\/product\/webbing-sling-8-ton\/\"]}]},{\"@type\":\"ImageObject\",\"inLanguage\":\"fi\",\"@id\":\"https:\/\/qingdaohf.com\/product\/webbing-sling-8-ton\/#primaryimage\",\"url\":\"https:\/\/qingdaohf.com\/wp-content\/uploads\/2024\/10\/8ton-sling_1.webp\",\"contentUrl\":\"https:\/\/qingdaohf.com\/wp-content\/uploads\/2024\/10\/8ton-sling_1.webp\",\"width\":1000,\"height\":1000,\"caption\":\"8ton sling\"},{\"@type\":\"BreadcrumbList\",\"@id\":\"https:\/\/qingdaohf.com\/product\/webbing-sling-8-ton\/#breadcrumb\",\"itemListElement\":[{\"@type\":\"ListItem\",\"position\":1,\"name\":\"Home\",\"item\":\"https:\/\/qingdaohf.com\/\"},{\"@type\":\"ListItem\",\"position\":2,\"name\":\"Concrete Forming Accessories and Rigging Hardware\",\"item\":\"https:\/\/qingdaohf.com\/bg\/?page_id=944\"},{\"@type\":\"ListItem\",\"position\":3,\"name\":\"Flat Webbing Sling 8 Ton Polyester Double Duplex\"}]},{\"@type\":\"WebSite\",\"@id\":\"https:\/\/qingdaohf.com\/bg\/#website\",\"url\":\"https:\/\/qingdaohf.com\/bg\/\",\"name\":\"Concrete Form & Rigging Hardware Supplier\",\"description\":\"\",\"publisher\":{\"@id\":\"https:\/\/qingdaohf.com\/bg\/#organization\"},\"potentialAction\":[{\"@type\":\"SearchAction\",\"target\":{\"@type\":\"EntryPoint\",\"urlTemplate\":\"https:\/\/qingdaohf.com\/bg\/?s={search_term_string}\"},\"query-input\":{\"@type\":\"PropertyValueSpecification\",\"valueRequired\":true,\"valueName\":\"search_term_string\"}}],\"inLanguage\":\"fi\"},{\"@type\":\"Organization\",\"@id\":\"https:\/\/qingdaohf.com\/bg\/#organization\",\"name\":\"Qingdao H&F\",\"url\":\"https:\/\/qingdaohf.com\/bg\/\",\"logo\":{\"@type\":\"ImageObject\",\"inLanguage\":\"fi\",\"@id\":\"https:\/\/qingdaohf.com\/bg\/#\/schema\/logo\/image\/\",\"url\":\"https:\/\/qingdaohf.com\/wp-content\/uploads\/2022\/12\/cropped-HF-LOGO.png\",\"contentUrl\":\"https:\/\/qingdaohf.com\/wp-content\/uploads\/2022\/12\/cropped-HF-LOGO.png\",\"width\":391,\"height\":249,\"caption\":\"Qingdao H&F\"},\"image\":{\"@id\":\"https:\/\/qingdaohf.com\/bg\/#\/schema\/logo\/image\/\"},\"sameAs\":[\"https:\/\/www.facebook.com\/qingdaohf\"]}]}<\/script>\n<!-- \/ Yoast SEO plugin. -->","yoast_head_json":{"title":"Flat Webbing Sling 8 Ton Polyester Double Duplex","robots":{"index":"index","follow":"follow","max-snippet":"max-snippet:-1","max-image-preview":"max-image-preview:large","max-video-preview":"max-video-preview:-1"},"canonical":"https:\/\/qingdaohf.com\/fi\/tuote\/hihnariepu-8-tonnia\/","og_locale":"fi_FI","og_type":"article","og_title":"Flat Webbing Sling 8 Ton Polyester Double Duplex","og_description":"8-Ton Webbing Sling is crafted to handle substantial lifting demands, offering outstanding strength and reliability for industrial applications. Designed to address buyer concerns about load security, durability, and compliance with safety standards, this sling supports up to 8 tons with ease. As an established B2B trading company with 20 years of experience, Qingdao H&amp;F provides one-on-one customer service, a fast delivery cycle, and comprehensive quality inspection reports. These advantages underscore our commitment to quality and customer satisfaction, ensuring a seamless purchasing experience.","og_url":"https:\/\/qingdaohf.com\/fi\/tuote\/hihnariepu-8-tonnia\/","og_site_name":"Concrete Form &amp; Rigging Hardware Supplier","article_publisher":"https:\/\/www.facebook.com\/qingdaohf","article_modified_time":"2025-11-13T01:02:52+00:00","og_image":[{"width":1000,"height":1000,"url":"https:\/\/qingdaohf.com\/wp-content\/uploads\/2024\/10\/8ton-sling_1.webp","type":"image\/webp"}],"twitter_card":"summary_large_image","twitter_misc":{"Arvioitu lukuaika":"3 minuuttia"},"schema":{"@context":"https:\/\/schema.org","@graph":[{"@type":"WebPage","@id":"https:\/\/qingdaohf.com\/product\/webbing-sling-8-ton\/","url":"https:\/\/qingdaohf.com\/product\/webbing-sling-8-ton\/","name":"Flat Webbing Sling 8 Ton Polyester Double Duplex","isPartOf":{"@id":"https:\/\/qingdaohf.com\/bg\/#website"},"primaryImageOfPage":{"@id":"https:\/\/qingdaohf.com\/product\/webbing-sling-8-ton\/#primaryimage"},"image":{"@id":"https:\/\/qingdaohf.com\/product\/webbing-sling-8-ton\/#primaryimage"},"thumbnailUrl":"https:\/\/qingdaohf.com\/wp-content\/uploads\/2024\/10\/8ton-sling_1.webp","datePublished":"2024-11-05T09:58:14+00:00","dateModified":"2025-11-13T01:02:52+00:00","breadcrumb":{"@id":"https:\/\/qingdaohf.com\/product\/webbing-sling-8-ton\/#breadcrumb"},"inLanguage":"fi","potentialAction":[{"@type":"ReadAction","target":["https:\/\/qingdaohf.com\/product\/webbing-sling-8-ton\/"]}]},{"@type":"ImageObject","inLanguage":"fi","@id":"https:\/\/qingdaohf.com\/product\/webbing-sling-8-ton\/#primaryimage","url":"https:\/\/qingdaohf.com\/wp-content\/uploads\/2024\/10\/8ton-sling_1.webp","contentUrl":"https:\/\/qingdaohf.com\/wp-content\/uploads\/2024\/10\/8ton-sling_1.webp","width":1000,"height":1000,"caption":"8ton sling"},{"@type":"BreadcrumbList","@id":"https:\/\/qingdaohf.com\/product\/webbing-sling-8-ton\/#breadcrumb","itemListElement":[{"@type":"ListItem","position":1,"name":"Home","item":"https:\/\/qingdaohf.com\/"},{"@type":"ListItem","position":2,"name":"Concrete Forming Accessories and Rigging Hardware","item":"https:\/\/qingdaohf.com\/bg\/?page_id=944"},{"@type":"ListItem","position":3,"name":"Flat Webbing Sling 8 Ton Polyester Double Duplex"}]},{"@type":"WebSite","@id":"https:\/\/qingdaohf.com\/bg\/#website","url":"https:\/\/qingdaohf.com\/bg\/","name":"Concrete Form & Rigging Hardware Supplier","description":"","publisher":{"@id":"https:\/\/qingdaohf.com\/bg\/#organization"},"potentialAction":[{"@type":"SearchAction","target":{"@type":"EntryPoint","urlTemplate":"https:\/\/qingdaohf.com\/bg\/?s={search_term_string}"},"query-input":{"@type":"PropertyValueSpecification","valueRequired":true,"valueName":"search_term_string"}}],"inLanguage":"fi"},{"@type":"Organization","@id":"https:\/\/qingdaohf.com\/bg\/#organization","name":"Qingdao H&F","url":"https:\/\/qingdaohf.com\/bg\/","logo":{"@type":"ImageObject","inLanguage":"fi","@id":"https:\/\/qingdaohf.com\/bg\/#\/schema\/logo\/image\/","url":"https:\/\/qingdaohf.com\/wp-content\/uploads\/2022\/12\/cropped-HF-LOGO.png","contentUrl":"https:\/\/qingdaohf.com\/wp-content\/uploads\/2022\/12\/cropped-HF-LOGO.png","width":391,"height":249,"caption":"Qingdao H&F"},"image":{"@id":"https:\/\/qingdaohf.com\/bg\/#\/schema\/logo\/image\/"},"sameAs":["https:\/\/www.facebook.com\/qingdaohf"]}]}},"_links":{"self":[{"href":"https:\/\/qingdaohf.com\/fi\/wp-json\/wp\/v2\/product\/8289","targetHints":{"allow":["GET"]}}],"collection":[{"href":"https:\/\/qingdaohf.com\/fi\/wp-json\/wp\/v2\/product"}],"about":[{"href":"https:\/\/qingdaohf.com\/fi\/wp-json\/wp\/v2\/types\/product"}],"replies":[{"embeddable":true,"href":"https:\/\/qingdaohf.com\/fi\/wp-json\/wp\/v2\/comments?post=8289"}],"version-history":[{"count":2,"href":"https:\/\/qingdaohf.com\/fi\/wp-json\/wp\/v2\/product\/8289\/revisions"}],"predecessor-version":[{"id":8334,"href":"https:\/\/qingdaohf.com\/fi\/wp-json\/wp\/v2\/product\/8289\/revisions\/8334"}],"wp:featuredmedia":[{"embeddable":true,"href":"https:\/\/qingdaohf.com\/fi\/wp-json\/wp\/v2\/media\/8193"}],"wp:attachment":[{"href":"https:\/\/qingdaohf.com\/fi\/wp-json\/wp\/v2\/media?parent=8289"}],"wp:term":[{"taxonomy":"product_brand","embeddable":true,"href":"https:\/\/qingdaohf.com\/fi\/wp-json\/wp\/v2\/product_brand?post=8289"},{"taxonomy":"product_cat","embeddable":true,"href":"https:\/\/qingdaohf.com\/fi\/wp-json\/wp\/v2\/product_cat?post=8289"},{"taxonomy":"product_tag","embeddable":true,"href":"https:\/\/qingdaohf.com\/fi\/wp-json\/wp\/v2\/product_tag?post=8289"}],"curies":[{"name":"wp","href":"https:\/\/api.w.org\/{rel}","templated":true}]}}