{"id":8291,"date":"2024-11-05T17:59:58","date_gmt":"2024-11-05T09:59:58","guid":{"rendered":"http:\/\/qingdaohf.com\/?post_type=product&#038;p=8291"},"modified":"2025-11-13T09:02:52","modified_gmt":"2025-11-13T01:02:52","slug":"webbing-sling-10-ton","status":"publish","type":"product","link":"https:\/\/qingdaohf.com\/fi\/tuote\/hihnariepu-10-tonnia-2\/","title":{"rendered":"Litte\u00e4 hihnavy\u00f6 hihna 10 Ton Polyester Double Duplex"},"content":{"rendered":"<h4>Suuren kapasiteetin nostoratkaisut: Kest\u00e4vyys ja lujuus: 10 tonnin hihnaremmi<\/h4>\n<p>Qingdao H&amp;F:n 10 tonnin hihnalenkki tarjoaa optimaalisen ratkaisun teollisuuden nostoteht\u00e4viin, joissa tarvitaan turvallista ja suuritehoista tukea. T\u00e4m\u00e4 eritt\u00e4in lujasta polyesterist\u00e4 valmistettu hihna kest\u00e4\u00e4 jopa 10 tonnin painoja, joten se sopii erinomaisesti esimerkiksi rakennus-, logistiikka- ja valmistusteollisuuteen. 10 tonnin hihnarihman joustavuus takaa, ett\u00e4 se s\u00e4ilyy ehj\u00e4n\u00e4 my\u00f6s toistuvissa, raskaissa kuormissa haastavissa ymp\u00e4rist\u00f6iss\u00e4, mik\u00e4 tarjoaa yrityksille kest\u00e4v\u00e4n ja kustannustehokkaan ratkaisun nostotarpeisiin.<\/p>\n<p>Korkeimpien luotettavuus- ja turvallisuusstandardien varmistamiseksi jokainen 10 tonnin rihma testataan tiukasti, ja ostajat saavat laatutarkastusraportin, jossa vahvistetaan, ett\u00e4 se t\u00e4ytt\u00e4\u00e4 kansainv\u00e4liset turvallisuus- ja suorituskykystandardit. Qingdao H&amp;F:n sitoutuminen avoimuuteen vakuuttaa ostajat siit\u00e4, ett\u00e4 he investoivat tuotteeseen, joka t\u00e4ytt\u00e4\u00e4 kaikki viranomaisvaatimukset. Qingdao H&amp;F:n tarjoaman nopean toimitussyklin ansiosta asiakkaat saavat tarvittavat laitteet k\u00e4ytt\u00f6\u00f6ns\u00e4 nopeasti, mik\u00e4 minimoi toimintojen viiv\u00e4stymiset ja parantaa yleist\u00e4 tehokkuutta.<\/p>\n<h4>Turvallisuus ja vakaus raskaissa nostosovelluksissa<\/h4>\n<p>Teollisuusymp\u00e4rist\u00f6iss\u00e4, joissa on paljon panoksia, nostolaitteiden vakaus ja turvallisuus ovat ratkaisevan t\u00e4rkeit\u00e4 sek\u00e4 turvallisuuden ett\u00e4 tuottavuuden kannalta. Qingdao H&amp;F:n 10 tonnin hihnaremmi on suunniteltu tarjoamaan erinomaista kuorman vakautta, joka auttaa jakamaan painon tasaisesti kuormaan. T\u00e4m\u00e4 muotoilu v\u00e4hent\u00e4\u00e4 painepisteit\u00e4 ja minimoi kuorman vaurioitumisen tai siirtymisen riskin nostotoimien aikana, mik\u00e4 tarjoaa k\u00e4ytt\u00e4jille mielenrauhaa. Leve\u00e4, kest\u00e4v\u00e4 polyesterivy\u00f6 kest\u00e4\u00e4 kulutusta, hankausta ja UV-altistumista, ja se s\u00e4ilytt\u00e4\u00e4 lujuutensa vaativissakin olosuhteissa.<\/p>\n<p>Qingdao H&amp;F:n huolelliset valmistusstandardit parantavat nostotoimien turvallisuutta. Jokainen rihma t\u00e4ytt\u00e4\u00e4 tai ylitt\u00e4\u00e4 kansainv\u00e4liset teollisuusm\u00e4\u00e4r\u00e4ykset, joten se soveltuu erilaisiin sovelluksiin, joissa on k\u00e4yt\u00f6ss\u00e4 tiukat turvallisuusprotokollat. Qingdao H&amp;F varmistaa tuotannon jokaisessa vaiheessa suoritettavalla tiukalla laadunvalvonnalla, ett\u00e4 10 tonnin hihnalenkki tarjoaa luotettavan tuen haastavimmissakin ymp\u00e4rist\u00f6iss\u00e4. Jokaisen hihnan mukana toimitettavat yksityiskohtaiset laatutarkastusraportit ovat todiste t\u00e4st\u00e4 sitoumuksesta, ja ne auttavat yrityksi\u00e4 yll\u00e4pit\u00e4m\u00e4\u00e4n turvallisuus- ja vaatimustenmukaisuusstandardeja luottavaisin mielin.<\/p>\n<h4>Qingdao H&amp;F: luotettu kumppani korkean suorituskyvyn nostoratkaisuihin<\/h4>\n<p>Qingdao H&amp;F on kokenut B2B-kauppayhti\u00f6, jolla on kahden vuosikymmenen kokemus, ja se on sitoutunut tukemaan yrityksi\u00e4 tarjoamalla tuotteita, joissa yhdistyv\u00e4t laatu, turvallisuus ja palvelu. 10 tonnin hihnaremmi on esimerkki Qingdao H&amp;F:n l\u00e4hestymistavasta tarjota luotettavia ja suorituskykyisi\u00e4 laitteita, jotka vastaavat teollisuuden ostajien k\u00e4yt\u00e4nn\u00f6n tarpeita. Jokaisen hihnan mukana toimitetaan laatutarkastusraportti, joka antaa ostajille selke\u00e4n kuvan tuotteen eritelmist\u00e4 ja takaa t\u00e4ydellisen avoimuuden sen suorituskyvyn suhteen.<\/p>\n<p>Qingdao H &amp; F: n henkil\u00f6kohtainen asiakaspalvelumalli antaa ostajille mahdollisuuden saada henkil\u00f6kohtaista tukea asiantuntevilta edustajilta, jotka auttavat heit\u00e4 valitsemaan ihanteelliset nostolaitteet heid\u00e4n erityisvaatimuksiinsa. T\u00e4m\u00e4 huomaavainen l\u00e4hestymistapa yhdess\u00e4 nopean ja tehokkaan toimitussyklin kanssa osoittaa Qingdao H&amp;F:n omistautumista saumattoman ostoprosessin helpottamiseen, joka on linjassa asiakkaiden toiminnallisten aikataulujen kanssa. Qingdao H&amp;F:n keskittyminen asiakastyytyv\u00e4isyyteen ja laadunvalvontaan on vakiinnuttanut sen aseman luotettavana nimen\u00e4 teollisuuden nostomarkkinoilla.<\/p>\n<p>Qingdao H&amp;F:n 10 tonnin hihnalenkki on enemm\u00e4n kuin pelkk\u00e4 nostoratkaisu - se on luotettava kumppani yrityksille, jotka ovat sitoutuneet turvallisuuteen, tehokkuuteen ja korkeaan suorituskykyyn. Qingdao H&amp;F toimittaa jokaisella hihnalla tuotteen, joka noudattaa alan standardeja ja tarjoaa samalla turvallisen ja tehokkaan vaihtoehdon raskaisiin nostosovelluksiin.<\/p>","protected":false},"excerpt":{"rendered":"<p>10 tonnin hihnaremmi on rakennettu raskaaseen nostoon, ja se on suunniteltu t\u00e4ytt\u00e4m\u00e4\u00e4n sellaisten teollisuudenalojen tiukat vaatimukset, joissa turvallinen ja suuritehoinen nosto on v\u00e4ltt\u00e4m\u00e4t\u00f6nt\u00e4. T\u00e4m\u00e4 kest\u00e4v\u00e4 hihna kest\u00e4\u00e4 jopa 10 tonnia, ja se vastaa ostajien ensisijaisiin huolenaiheisiin lujuudesta, turvallisuudesta ja luotettavuudesta. Kokeneena B2B-kauppayhti\u00f6n\u00e4 Qingdao H&amp;F tarjoaa henkil\u00f6kohtaista asiakastukea, nopean toimituksen ja kattavat laatutarkastusraportit, mik\u00e4 takaa sujuvan ostokokemuksen, jossa etusijalla ovat avoimuus ja asiakastyytyv\u00e4isyys.<\/p>","protected":false},"featured_media":8192,"comment_status":"open","ping_status":"closed","template":"","meta":{"site-sidebar-layout":"default","site-content-layout":"","ast-site-content-layout":"default","site-content-style":"default","site-sidebar-style":"default","ast-global-header-display":"","ast-banner-title-visibility":"","ast-main-header-display":"","ast-hfb-above-header-display":"","ast-hfb-below-header-display":"","ast-hfb-mobile-header-display":"","site-post-title":"","ast-breadcrumbs-content":"","ast-featured-img":"","footer-sml-layout":"","theme-transparent-header-meta":"default","adv-header-id-meta":"","stick-header-meta":"default","header-above-stick-meta":"","header-main-stick-meta":"","header-below-stick-meta":"","astra-migrate-meta-layouts":"set","ast-page-background-enabled":"default","ast-page-background-meta":{"desktop":{"background-color":"","background-image":"","background-repeat":"repeat","background-position":"center center","background-size":"auto","background-attachment":"scroll","background-type":"","background-media":"","overlay-type":"","overlay-color":"","overlay-opacity":"","overlay-gradient":""},"tablet":{"background-color":"","background-image":"","background-repeat":"repeat","background-position":"center center","background-size":"auto","background-attachment":"scroll","background-type":"","background-media":"","overlay-type":"","overlay-color":"","overlay-opacity":"","overlay-gradient":""},"mobile":{"background-color":"","background-image":"","background-repeat":"repeat","background-position":"center center","background-size":"auto","background-attachment":"scroll","background-type":"","background-media":"","overlay-type":"","overlay-color":"","overlay-opacity":"","overlay-gradient":""}},"ast-content-background-meta":{"desktop":{"background-color":"var(--ast-global-color-5)","background-image":"","background-repeat":"repeat","background-position":"center center","background-size":"auto","background-attachment":"scroll","background-type":"","background-media":"","overlay-type":"","overlay-color":"","overlay-opacity":"","overlay-gradient":""},"tablet":{"background-color":"var(--ast-global-color-5)","background-image":"","background-repeat":"repeat","background-position":"center center","background-size":"auto","background-attachment":"scroll","background-type":"","background-media":"","overlay-type":"","overlay-color":"","overlay-opacity":"","overlay-gradient":""},"mobile":{"background-color":"var(--ast-global-color-5)","background-image":"","background-repeat":"repeat","background-position":"center center","background-size":"auto","background-attachment":"scroll","background-type":"","background-media":"","overlay-type":"","overlay-color":"","overlay-opacity":"","overlay-gradient":""}}},"product_brand":[],"product_cat":[39],"product_tag":[],"class_list":{"0":"post-8291","1":"product","2":"type-product","3":"status-publish","4":"has-post-thumbnail","6":"product_cat-webbing-sling","7":"desktop-align-left","8":"tablet-align-left","9":"mobile-align-left","10":"ast-product-gallery-layout-horizontal-slider","11":"ast-product-gallery-with-no-image","12":"ast-product-tabs-layout-horizontal","14":"first","15":"instock","16":"shipping-taxable","17":"purchasable","18":"product-type-simple"},"yoast_head":"<!-- This site is optimized with the Yoast SEO plugin v25.2 - https:\/\/yoast.com\/wordpress\/plugins\/seo\/ -->\n<title>Flat Webbing Sling 10 Ton Polyester Double Duplex<\/title>\n<meta name=\"robots\" content=\"index, follow, max-snippet:-1, max-image-preview:large, max-video-preview:-1\" \/>\n<link rel=\"canonical\" href=\"https:\/\/qingdaohf.com\/fi\/tuote\/hihnariepu-10-tonnia-2\/\" \/>\n<meta property=\"og:locale\" content=\"fi_FI\" \/>\n<meta property=\"og:type\" content=\"article\" \/>\n<meta property=\"og:title\" content=\"Flat Webbing Sling 10 Ton Polyester Double Duplex\" \/>\n<meta property=\"og:description\" content=\"10-Ton Webbing Sling is built for heavy-duty lifting, designed to meet the stringent demands of industries where secure, high-capacity lifting is essential. This durable sling handles up to 10 tons, addressing buyers&#039; primary concerns about strength, safety, and reliability. As an experienced B2B trading company, Qingdao H&amp;F provides one-on-one customer support, fast delivery, and comprehensive quality inspection reports, ensuring a smooth buying experience that prioritizes transparency and customer satisfaction.\" \/>\n<meta property=\"og:url\" content=\"https:\/\/qingdaohf.com\/fi\/tuote\/hihnariepu-10-tonnia-2\/\" \/>\n<meta property=\"og:site_name\" content=\"Concrete Form &amp; Rigging Hardware Supplier\" \/>\n<meta property=\"article:publisher\" content=\"https:\/\/www.facebook.com\/qingdaohf\" \/>\n<meta property=\"article:modified_time\" content=\"2025-11-13T01:02:52+00:00\" \/>\n<meta property=\"og:image\" content=\"https:\/\/qingdaohf.com\/wp-content\/uploads\/2024\/10\/10-tons_1.webp\" \/>\n\t<meta property=\"og:image:width\" content=\"1000\" \/>\n\t<meta property=\"og:image:height\" content=\"1000\" \/>\n\t<meta property=\"og:image:type\" content=\"image\/webp\" \/>\n<meta name=\"twitter:card\" content=\"summary_large_image\" \/>\n<meta name=\"twitter:label1\" content=\"Arvioitu lukuaika\" \/>\n\t<meta name=\"twitter:data1\" content=\"3 minuuttia\" \/>\n<script type=\"application\/ld+json\" class=\"yoast-schema-graph\">{\"@context\":\"https:\/\/schema.org\",\"@graph\":[{\"@type\":\"WebPage\",\"@id\":\"https:\/\/qingdaohf.com\/product\/webbing-sling-10-ton\/\",\"url\":\"https:\/\/qingdaohf.com\/product\/webbing-sling-10-ton\/\",\"name\":\"Flat Webbing Sling 10 Ton Polyester Double Duplex\",\"isPartOf\":{\"@id\":\"https:\/\/qingdaohf.com\/bg\/#website\"},\"primaryImageOfPage\":{\"@id\":\"https:\/\/qingdaohf.com\/product\/webbing-sling-10-ton\/#primaryimage\"},\"image\":{\"@id\":\"https:\/\/qingdaohf.com\/product\/webbing-sling-10-ton\/#primaryimage\"},\"thumbnailUrl\":\"https:\/\/qingdaohf.com\/wp-content\/uploads\/2024\/10\/10-tons_1.webp\",\"datePublished\":\"2024-11-05T09:59:58+00:00\",\"dateModified\":\"2025-11-13T01:02:52+00:00\",\"breadcrumb\":{\"@id\":\"https:\/\/qingdaohf.com\/product\/webbing-sling-10-ton\/#breadcrumb\"},\"inLanguage\":\"fi\",\"potentialAction\":[{\"@type\":\"ReadAction\",\"target\":[\"https:\/\/qingdaohf.com\/product\/webbing-sling-10-ton\/\"]}]},{\"@type\":\"ImageObject\",\"inLanguage\":\"fi\",\"@id\":\"https:\/\/qingdaohf.com\/product\/webbing-sling-10-ton\/#primaryimage\",\"url\":\"https:\/\/qingdaohf.com\/wp-content\/uploads\/2024\/10\/10-tons_1.webp\",\"contentUrl\":\"https:\/\/qingdaohf.com\/wp-content\/uploads\/2024\/10\/10-tons_1.webp\",\"width\":1000,\"height\":1000,\"caption\":\"Webbing Sling 10 Ton\"},{\"@type\":\"BreadcrumbList\",\"@id\":\"https:\/\/qingdaohf.com\/product\/webbing-sling-10-ton\/#breadcrumb\",\"itemListElement\":[{\"@type\":\"ListItem\",\"position\":1,\"name\":\"Home\",\"item\":\"https:\/\/qingdaohf.com\/\"},{\"@type\":\"ListItem\",\"position\":2,\"name\":\"Concrete Forming Accessories and Rigging Hardware\",\"item\":\"https:\/\/qingdaohf.com\/bg\/?page_id=944\"},{\"@type\":\"ListItem\",\"position\":3,\"name\":\"Flat Webbing Sling 10 Ton Polyester Double Duplex\"}]},{\"@type\":\"WebSite\",\"@id\":\"https:\/\/qingdaohf.com\/bg\/#website\",\"url\":\"https:\/\/qingdaohf.com\/bg\/\",\"name\":\"Concrete Form & Rigging Hardware Supplier\",\"description\":\"\",\"publisher\":{\"@id\":\"https:\/\/qingdaohf.com\/bg\/#organization\"},\"potentialAction\":[{\"@type\":\"SearchAction\",\"target\":{\"@type\":\"EntryPoint\",\"urlTemplate\":\"https:\/\/qingdaohf.com\/bg\/?s={search_term_string}\"},\"query-input\":{\"@type\":\"PropertyValueSpecification\",\"valueRequired\":true,\"valueName\":\"search_term_string\"}}],\"inLanguage\":\"fi\"},{\"@type\":\"Organization\",\"@id\":\"https:\/\/qingdaohf.com\/bg\/#organization\",\"name\":\"Qingdao H&F\",\"url\":\"https:\/\/qingdaohf.com\/bg\/\",\"logo\":{\"@type\":\"ImageObject\",\"inLanguage\":\"fi\",\"@id\":\"https:\/\/qingdaohf.com\/bg\/#\/schema\/logo\/image\/\",\"url\":\"https:\/\/qingdaohf.com\/wp-content\/uploads\/2022\/12\/cropped-HF-LOGO.png\",\"contentUrl\":\"https:\/\/qingdaohf.com\/wp-content\/uploads\/2022\/12\/cropped-HF-LOGO.png\",\"width\":391,\"height\":249,\"caption\":\"Qingdao H&F\"},\"image\":{\"@id\":\"https:\/\/qingdaohf.com\/bg\/#\/schema\/logo\/image\/\"},\"sameAs\":[\"https:\/\/www.facebook.com\/qingdaohf\"]}]}<\/script>\n<!-- \/ Yoast SEO plugin. -->","yoast_head_json":{"title":"Flat Webbing Sling 10 Ton Polyester Double Duplex","robots":{"index":"index","follow":"follow","max-snippet":"max-snippet:-1","max-image-preview":"max-image-preview:large","max-video-preview":"max-video-preview:-1"},"canonical":"https:\/\/qingdaohf.com\/fi\/tuote\/hihnariepu-10-tonnia-2\/","og_locale":"fi_FI","og_type":"article","og_title":"Flat Webbing Sling 10 Ton Polyester Double Duplex","og_description":"10-Ton Webbing Sling is built for heavy-duty lifting, designed to meet the stringent demands of industries where secure, high-capacity lifting is essential. This durable sling handles up to 10 tons, addressing buyers' primary concerns about strength, safety, and reliability. As an experienced B2B trading company, Qingdao H&amp;F provides one-on-one customer support, fast delivery, and comprehensive quality inspection reports, ensuring a smooth buying experience that prioritizes transparency and customer satisfaction.","og_url":"https:\/\/qingdaohf.com\/fi\/tuote\/hihnariepu-10-tonnia-2\/","og_site_name":"Concrete Form &amp; Rigging Hardware Supplier","article_publisher":"https:\/\/www.facebook.com\/qingdaohf","article_modified_time":"2025-11-13T01:02:52+00:00","og_image":[{"width":1000,"height":1000,"url":"https:\/\/qingdaohf.com\/wp-content\/uploads\/2024\/10\/10-tons_1.webp","type":"image\/webp"}],"twitter_card":"summary_large_image","twitter_misc":{"Arvioitu lukuaika":"3 minuuttia"},"schema":{"@context":"https:\/\/schema.org","@graph":[{"@type":"WebPage","@id":"https:\/\/qingdaohf.com\/product\/webbing-sling-10-ton\/","url":"https:\/\/qingdaohf.com\/product\/webbing-sling-10-ton\/","name":"Flat Webbing Sling 10 Ton Polyester Double Duplex","isPartOf":{"@id":"https:\/\/qingdaohf.com\/bg\/#website"},"primaryImageOfPage":{"@id":"https:\/\/qingdaohf.com\/product\/webbing-sling-10-ton\/#primaryimage"},"image":{"@id":"https:\/\/qingdaohf.com\/product\/webbing-sling-10-ton\/#primaryimage"},"thumbnailUrl":"https:\/\/qingdaohf.com\/wp-content\/uploads\/2024\/10\/10-tons_1.webp","datePublished":"2024-11-05T09:59:58+00:00","dateModified":"2025-11-13T01:02:52+00:00","breadcrumb":{"@id":"https:\/\/qingdaohf.com\/product\/webbing-sling-10-ton\/#breadcrumb"},"inLanguage":"fi","potentialAction":[{"@type":"ReadAction","target":["https:\/\/qingdaohf.com\/product\/webbing-sling-10-ton\/"]}]},{"@type":"ImageObject","inLanguage":"fi","@id":"https:\/\/qingdaohf.com\/product\/webbing-sling-10-ton\/#primaryimage","url":"https:\/\/qingdaohf.com\/wp-content\/uploads\/2024\/10\/10-tons_1.webp","contentUrl":"https:\/\/qingdaohf.com\/wp-content\/uploads\/2024\/10\/10-tons_1.webp","width":1000,"height":1000,"caption":"Webbing Sling 10 Ton"},{"@type":"BreadcrumbList","@id":"https:\/\/qingdaohf.com\/product\/webbing-sling-10-ton\/#breadcrumb","itemListElement":[{"@type":"ListItem","position":1,"name":"Home","item":"https:\/\/qingdaohf.com\/"},{"@type":"ListItem","position":2,"name":"Concrete Forming Accessories and Rigging Hardware","item":"https:\/\/qingdaohf.com\/bg\/?page_id=944"},{"@type":"ListItem","position":3,"name":"Flat Webbing Sling 10 Ton Polyester Double Duplex"}]},{"@type":"WebSite","@id":"https:\/\/qingdaohf.com\/bg\/#website","url":"https:\/\/qingdaohf.com\/bg\/","name":"Concrete Form & Rigging Hardware Supplier","description":"","publisher":{"@id":"https:\/\/qingdaohf.com\/bg\/#organization"},"potentialAction":[{"@type":"SearchAction","target":{"@type":"EntryPoint","urlTemplate":"https:\/\/qingdaohf.com\/bg\/?s={search_term_string}"},"query-input":{"@type":"PropertyValueSpecification","valueRequired":true,"valueName":"search_term_string"}}],"inLanguage":"fi"},{"@type":"Organization","@id":"https:\/\/qingdaohf.com\/bg\/#organization","name":"Qingdao H&F","url":"https:\/\/qingdaohf.com\/bg\/","logo":{"@type":"ImageObject","inLanguage":"fi","@id":"https:\/\/qingdaohf.com\/bg\/#\/schema\/logo\/image\/","url":"https:\/\/qingdaohf.com\/wp-content\/uploads\/2022\/12\/cropped-HF-LOGO.png","contentUrl":"https:\/\/qingdaohf.com\/wp-content\/uploads\/2022\/12\/cropped-HF-LOGO.png","width":391,"height":249,"caption":"Qingdao H&F"},"image":{"@id":"https:\/\/qingdaohf.com\/bg\/#\/schema\/logo\/image\/"},"sameAs":["https:\/\/www.facebook.com\/qingdaohf"]}]}},"_links":{"self":[{"href":"https:\/\/qingdaohf.com\/fi\/wp-json\/wp\/v2\/product\/8291","targetHints":{"allow":["GET"]}}],"collection":[{"href":"https:\/\/qingdaohf.com\/fi\/wp-json\/wp\/v2\/product"}],"about":[{"href":"https:\/\/qingdaohf.com\/fi\/wp-json\/wp\/v2\/types\/product"}],"replies":[{"embeddable":true,"href":"https:\/\/qingdaohf.com\/fi\/wp-json\/wp\/v2\/comments?post=8291"}],"version-history":[{"count":2,"href":"https:\/\/qingdaohf.com\/fi\/wp-json\/wp\/v2\/product\/8291\/revisions"}],"predecessor-version":[{"id":8333,"href":"https:\/\/qingdaohf.com\/fi\/wp-json\/wp\/v2\/product\/8291\/revisions\/8333"}],"wp:featuredmedia":[{"embeddable":true,"href":"https:\/\/qingdaohf.com\/fi\/wp-json\/wp\/v2\/media\/8192"}],"wp:attachment":[{"href":"https:\/\/qingdaohf.com\/fi\/wp-json\/wp\/v2\/media?parent=8291"}],"wp:term":[{"taxonomy":"product_brand","embeddable":true,"href":"https:\/\/qingdaohf.com\/fi\/wp-json\/wp\/v2\/product_brand?post=8291"},{"taxonomy":"product_cat","embeddable":true,"href":"https:\/\/qingdaohf.com\/fi\/wp-json\/wp\/v2\/product_cat?post=8291"},{"taxonomy":"product_tag","embeddable":true,"href":"https:\/\/qingdaohf.com\/fi\/wp-json\/wp\/v2\/product_tag?post=8291"}],"curies":[{"name":"wp","href":"https:\/\/api.w.org\/{rel}","templated":true}]}}