{"id":8310,"date":"2024-11-07T14:33:56","date_gmt":"2024-11-07T06:33:56","guid":{"rendered":"http:\/\/qingdaohf.com\/?post_type=product&#038;p=8310"},"modified":"2025-11-13T09:02:52","modified_gmt":"2025-11-13T01:02:52","slug":"spek-anchor-stockless-anchor","status":"publish","type":"product","link":"https:\/\/qingdaohf.com\/fi\/tuote\/ankkuri-ankkuri-ilman-varastoa-ankkuri\/","title":{"rendered":"Spek Ankkuri Stockless-ankkuri"},"content":{"rendered":"<h3>Spek-ankkureiden yleiskatsaus ja ainutlaatuinen rakenne<\/h3>\n<p>Spek-ankkuri on laajalti suosittu merenkulku- ja offshore-teollisuudessa k\u00e4ytetty ankkurityyppi, joka on valittu sen omaleimaisen, vakautta ja kest\u00e4vyytt\u00e4 korostavan rakenteen vuoksi. Spek-ankkuri on yksi perinteisimmist\u00e4 ankkurityypeist\u00e4, ja se on saavuttanut maineensa tehokkuudestaan erilaisissa meriolosuhteissa, mik\u00e4 johtuu p\u00e4\u00e4asiassa sen kyvyst\u00e4 kaivautua nopeasti erilaisiin merenpohjiin. Muihin ankkureihin verrattuna Spek-ankkurin rakenne mahdollistaa nopean uppoamisen k\u00e4ytt\u00f6\u00f6noton yhteydess\u00e4, mik\u00e4 on eritt\u00e4in toivottava ominaisuus aluksille, jotka tarvitsevat luotettavaa pitovoimaa ilman pitki\u00e4 ankkurointimenettelyj\u00e4.<\/p>\n<p>T\u00e4ss\u00e4 ankkurityypiss\u00e4 on erityisesti suunniteltu laippa ja varsi, jotka on optimoitu kest\u00e4m\u00e4\u00e4n veden liikkeen muutoksista aiheutuvia py\u00f6rimisvoimia. T\u00e4m\u00e4 ainutlaatuinen muoto ei ainoastaan minimoi vetoa, vaan my\u00f6s s\u00e4ilytt\u00e4\u00e4 vakauden \u00e4killisiss\u00e4 virtausvaihteluissa, mik\u00e4 tarjoaa mielenrauhaa alusten k\u00e4ytt\u00e4jille, jotka luottavat tasaiseen pitovoimaan. Spek-ankkurin geometriaan kuuluu leve\u00e4 laippakulma ja painotettu varsi, mik\u00e4 auttaa s\u00e4ilytt\u00e4m\u00e4\u00e4n suotuisan kulman merenpohjaan. T\u00e4m\u00e4n ominaisuuden ansiosta ankkuri asettuu ja kiinnittyy nopeasti hiekka- tai mutapohjaan, mik\u00e4 tekee siit\u00e4 monipuolisen erilaisissa meriymp\u00e4rist\u00f6iss\u00e4.<\/p>\n<p>Qingdao H&amp;F toimittaa Spek-ankkureita, jotka t\u00e4ytt\u00e4v\u00e4t n\u00e4m\u00e4 kriittiset suorituskykystandardit ja lis\u00e4\u00e4v\u00e4t samalla asiakkaiden k\u00e4ytt\u00f6mukavuutta lis\u00e4tuen ja laadunvarmistuksen avulla. Tarjoamme erilaisia laatutarkastusraportteja, joilla vahvistetaan kunkin ankkurin rakenteellinen eheys ja suorituskyky ja varmistetaan tiukkojen meriturvallisuusm\u00e4\u00e4r\u00e4ysten noudattaminen. Tarjoamalla henkil\u00f6kohtaista asiakastukea autamme ostajia valitsemaan optimaalisen ankkurikoon ja -tyypin heid\u00e4n erityissovelluksiinsa. Luotettava ja nopea toimitusprosessimme varmistaa lis\u00e4ksi, ett\u00e4 asiakkaat saavat tuotteensa ajallaan, mik\u00e4 v\u00e4hent\u00e4\u00e4 mahdollisia viiv\u00e4styksi\u00e4 toiminnassa.<\/p>\n<p><img fetchpriority=\"high\" decoding=\"async\" class=\"alignnone wp-image-8317 size-full\" src=\"http:\/\/qingdaohf.com\/wp-content\/uploads\/2024\/11\/spek-anchor-1.jpg\" alt=\"\" width=\"640\" height=\"640\" srcset=\"https:\/\/qingdaohf.com\/wp-content\/uploads\/2024\/11\/spek-anchor-1.jpg 640w, https:\/\/qingdaohf.com\/wp-content\/uploads\/2024\/11\/spek-anchor-1-300x300.jpg 300w, https:\/\/qingdaohf.com\/wp-content\/uploads\/2024\/11\/spek-anchor-1-150x150.jpg 150w, https:\/\/qingdaohf.com\/wp-content\/uploads\/2024\/11\/spek-anchor-1-12x12.jpg 12w, https:\/\/qingdaohf.com\/wp-content\/uploads\/2024\/11\/spek-anchor-1-500x500.jpg 500w, https:\/\/qingdaohf.com\/wp-content\/uploads\/2024\/11\/spek-anchor-1-100x100.jpg 100w\" sizes=\"(max-width: 640px) 100vw, 640px\" \/> <img decoding=\"async\" class=\"alignnone wp-image-8318 size-full\" src=\"http:\/\/qingdaohf.com\/wp-content\/uploads\/2024\/11\/spek-anchor-1.png\" alt=\"\" width=\"598\" height=\"727\" srcset=\"https:\/\/qingdaohf.com\/wp-content\/uploads\/2024\/11\/spek-anchor-1.png 598w, https:\/\/qingdaohf.com\/wp-content\/uploads\/2024\/11\/spek-anchor-1-247x300.png 247w, https:\/\/qingdaohf.com\/wp-content\/uploads\/2024\/11\/spek-anchor-1-10x12.png 10w\" sizes=\"(max-width: 598px) 100vw, 598px\" \/><\/p>\n<h3>Spek-ankkurin sovellukset ja monipuolisuus eri meriymp\u00e4rist\u00f6iss\u00e4<\/h3>\n<p>Spek-ankkuri valitaan usein kaupallisiin aluksiin, offshore-lauttoihin ja muihin suuriin aluksiin sen vaikuttavan pitokyvyn ja mukautuvuuden vuoksi. Ankkuri on erityisen tehokas suuremmissa aluksissa, joissa turvallinen kiinnitys on ratkaisevan t\u00e4rke\u00e4\u00e4 vakauden s\u00e4ilytt\u00e4miseksi pitkien oleskelujen aikana. Keskivaikeissa ja raskaissa meriolosuhteissa Spek-ankkuri on eduksi, koska se kest\u00e4\u00e4 sivuttaisliikkeit\u00e4 ja pystyy pit\u00e4m\u00e4\u00e4n kiinni my\u00f6s vaihtelevissa virtauksissa. N\u00e4iden ominaisuuksien ansiosta se on ensisijainen valinta tilanteissa, joissa tarvitaan turvallista ankkurointia arvaamattomista ymp\u00e4rist\u00f6olosuhteista huolimatta.<\/p>\n<p>Merenkulku- ja offshore-alan ostajille kest\u00e4vyys, k\u00e4ytt\u00f6\u00f6noton helppous ja kustannustehokkuus ovat keskeisi\u00e4 n\u00e4k\u00f6kohtia. Spek-ankkurin muotoilu ei ainoastaan helpota k\u00e4ytt\u00f6\u00e4, vaan my\u00f6s v\u00e4hent\u00e4\u00e4 ankkuriketjun ja siihen liittyvien laitteiden kulumista minimoimalla \u00e4killiset t\u00e4r\u00e4hdykset tai vetoajot, joita voi esiinty\u00e4 v\u00e4hemm\u00e4n vakaiden ankkurityyppien yhteydess\u00e4. Alukset, jotka liikkuvat alueilla, joilla merenpohja on hiekkaista, mutapohjaista tai jopa kivist\u00e4, hy\u00f6tyv\u00e4t Spek-ankkurin nopeasta ja luotettavasta asetuksesta, sill\u00e4 se mukautuu hyvin useisiin eri pintatyyppeihin.<\/p>\n<p>Me Qingdao H&amp;F:ss\u00e4 painotamme tuotteiden tarjoamista, jotka t\u00e4ytt\u00e4v\u00e4t n\u00e4m\u00e4 toiminnalliset tarpeet ja tarjoavat samalla etuja, jotka parantavat ostokokemusta. Sitoutumisemme nopeisiin toimitusjaksoihin takaa, ett\u00e4 asiakkaat voivat integroida uudet laitteet nopeasti ilman pitki\u00e4 odotusaikoja. Lis\u00e4ksi suoritamme perusteellisen testauksen jokaiselle Spek-ankkurille ja toimitamme yksityiskohtaiset tarkastusraportit ankkurin kest\u00e4vyyden, painon ja suorituskykyparametrien varmentamiseksi. T\u00e4m\u00e4 laadunvalvonnan taso on erityisen t\u00e4rke\u00e4\u00e4 ostajille, joiden on noudatettava merenkulun turvallisuusnormeja ja vaadittava selke\u00e4\u00e4 dokumentaatiota laitteiden luotettavuuden todentamiseksi.<\/p>\n<h3>Qingdao H&amp;F:n Spek-ankkureiden valinnan edut<\/h3>\n<p>Spek-ankkurin valitseminen Qingdao H&amp;F:lt\u00e4 tarkoittaa investoimista muuhunkin kuin vain tuotteeseen; se tarkoittaa luotettavan kumppanin hankkimista merenkulkulaitteiden hankinnassa. Qingdao H&amp;F:ll\u00e4 on yli 20 vuoden kokemus kansainv\u00e4lisest\u00e4 kaupasta, ja se on ansainnut maineensa luotettavuudesta ja sitoutumisesta asiakastyytyv\u00e4isyyteen. Ymm\u00e4rr\u00e4mme merenkulkualan toiminnalliset vaatimukset ja pyrimme vastaamaan niihin varmistamalla, ett\u00e4 jokainen ankkuri ei ainoastaan t\u00e4yt\u00e4 tiukkoja laatuvaatimuksia vaan my\u00f6s vastaa asiakkaidemme erityisi\u00e4 sovellusvaatimuksia.<\/p>\n<p>Yksil\u00f6llinen asiakaspalvelumallimme erottaa meid\u00e4t muista toimittajista edist\u00e4m\u00e4ll\u00e4 henkil\u00f6kohtaista l\u00e4hestymistapaa jokaiseen tapahtumaan. Asiantunteva henkil\u00f6kuntamme auttaa asiakkaitamme aina alkuper\u00e4isest\u00e4 tiedustelusta toimitukseen asti ja antaa alan standardeihin ja sovelluskohtaisiin vaatimuksiin perustuvaa opastusta. Tarjoamme esimerkiksi neuvoja Spek-ankkurin sopivan painon ja koon valitsemiseksi alustyypin ja tyypillisten meriolosuhteiden perusteella, mik\u00e4 varmistaa, ett\u00e4 asiakkaat tekev\u00e4t tietoon perustuvia p\u00e4\u00e4t\u00f6ksi\u00e4, jotka parantavat toiminnan turvallisuutta ja tehokkuutta.<\/p>\n<p>Sitoutumistamme avoimuuteen korostaa my\u00f6s laaja laadunvarmistusprosessimme. Jokainen Spek-ankkuri testataan kattavasti, jotta voidaan varmistaa esimerkiksi vetolujuus, painon tasaisuus ja korroosionkest\u00e4vyys. N\u00e4m\u00e4 testausprosessit dokumentoidaan yksityiskohtaisiin tarkastusraportteihin, jotka jaamme asiakkaillemme, jolloin he voivat luottaa tuotteen kest\u00e4vyyteen ja suorituskykyyn. Lis\u00e4ksi tehokas logistiikkamme ja varastosta varastoon -toimitusvaihtoehtomme mahdollistavat tuotteiden oikea-aikaisen saapumisen, mik\u00e4 auttaa minimoimaan keskeytykset asiakkaiden toiminnassa ja maksimoimaan mukavuuden.<\/p>\n<p>Qingdao H&amp;F:n keskittyminen erinomaisiin palveluihin ja tuotteiden laatuun tekee meist\u00e4 ihanteellisen valinnan ostajille, jotka etsiv\u00e4t paitsi vankkoja ja luotettavia ankkureita my\u00f6s saumatonta ostokokemusta.<\/p>","protected":false},"excerpt":{"rendered":"<p>Spek Anchor on merisovellusten peruspilari, jota ostajat, jotka etsiv\u00e4t tasapainoista luotettavuutta ja tehokasta suorituskyky\u00e4 erilaisissa meriolosuhteissa, arvostavat suuresti. Spek-ankkuri tunnetaan vankasta pitovoimastaan ja vakaudestaan, ja se soveltuu erityisen hyvin aluksille, jotka liikkuvat kohtalaisessa tai kovassa merenk\u00e4ynniss\u00e4. Me Qingdao H&amp;F:ss\u00e4 menemme askeleen pidemm\u00e4lle tarjoamalla henkil\u00f6kohtaista asiakaspalvelua varmistaaksemme, ett\u00e4 jokainen asiakas saa juuri h\u00e4nen erityistarpeisiinsa r\u00e4\u00e4t\u00e4l\u00f6ityj\u00e4 ohjeita. Nopea toimitussyklimme v\u00e4hent\u00e4\u00e4 seisokkiaikoja, ja laatutarkastusraporttivalikoimamme tarjoaa ostajille lis\u00e4luottamusta tuotteen luotettavuudesta ja kest\u00e4vyydest\u00e4. Merenkulkualan ammattilaisille keskittymisemme poikkeukselliseen palveluun ja virtaviivaistettuihin prosesseihin takaa saumattoman ostokokemuksen.<\/p>","protected":false},"featured_media":8311,"comment_status":"open","ping_status":"closed","template":"","meta":{"site-sidebar-layout":"default","site-content-layout":"","ast-site-content-layout":"default","site-content-style":"default","site-sidebar-style":"default","ast-global-header-display":"","ast-banner-title-visibility":"","ast-main-header-display":"","ast-hfb-above-header-display":"","ast-hfb-below-header-display":"","ast-hfb-mobile-header-display":"","site-post-title":"","ast-breadcrumbs-content":"","ast-featured-img":"","footer-sml-layout":"","theme-transparent-header-meta":"default","adv-header-id-meta":"","stick-header-meta":"default","header-above-stick-meta":"","header-main-stick-meta":"","header-below-stick-meta":"","astra-migrate-meta-layouts":"set","ast-page-background-enabled":"default","ast-page-background-meta":{"desktop":{"background-color":"","background-image":"","background-repeat":"repeat","background-position":"center center","background-size":"auto","background-attachment":"scroll","background-type":"","background-media":"","overlay-type":"","overlay-color":"","overlay-opacity":"","overlay-gradient":""},"tablet":{"background-color":"","background-image":"","background-repeat":"repeat","background-position":"center center","background-size":"auto","background-attachment":"scroll","background-type":"","background-media":"","overlay-type":"","overlay-color":"","overlay-opacity":"","overlay-gradient":""},"mobile":{"background-color":"","background-image":"","background-repeat":"repeat","background-position":"center center","background-size":"auto","background-attachment":"scroll","background-type":"","background-media":"","overlay-type":"","overlay-color":"","overlay-opacity":"","overlay-gradient":""}},"ast-content-background-meta":{"desktop":{"background-color":"var(--ast-global-color-5)","background-image":"","background-repeat":"repeat","background-position":"center center","background-size":"auto","background-attachment":"scroll","background-type":"","background-media":"","overlay-type":"","overlay-color":"","overlay-opacity":"","overlay-gradient":""},"tablet":{"background-color":"var(--ast-global-color-5)","background-image":"","background-repeat":"repeat","background-position":"center center","background-size":"auto","background-attachment":"scroll","background-type":"","background-media":"","overlay-type":"","overlay-color":"","overlay-opacity":"","overlay-gradient":""},"mobile":{"background-color":"var(--ast-global-color-5)","background-image":"","background-repeat":"repeat","background-position":"center center","background-size":"auto","background-attachment":"scroll","background-type":"","background-media":"","overlay-type":"","overlay-color":"","overlay-opacity":"","overlay-gradient":""}}},"product_brand":[],"product_cat":[74],"product_tag":[],"class_list":{"0":"post-8310","1":"product","2":"type-product","3":"status-publish","4":"has-post-thumbnail","6":"product_cat-boat-anchor","7":"desktop-align-left","8":"tablet-align-left","9":"mobile-align-left","10":"ast-product-gallery-layout-horizontal-slider","11":"ast-product-tabs-layout-horizontal","13":"first","14":"instock","15":"shipping-taxable","16":"purchasable","17":"product-type-simple"},"yoast_head":"<!-- This site is optimized with the Yoast SEO plugin v25.2 - https:\/\/yoast.com\/wordpress\/plugins\/seo\/ -->\n<title>Spek Anchor Stockless Anchor<\/title>\n<meta name=\"robots\" content=\"index, follow, max-snippet:-1, max-image-preview:large, max-video-preview:-1\" \/>\n<link rel=\"canonical\" href=\"https:\/\/qingdaohf.com\/fi\/tuote\/ankkuri-ankkuri-ilman-varastoa-ankkuri\/\" \/>\n<meta property=\"og:locale\" content=\"fi_FI\" \/>\n<meta property=\"og:type\" content=\"article\" \/>\n<meta property=\"og:title\" content=\"Spek Anchor Stockless Anchor\" \/>\n<meta property=\"og:description\" content=\"The Spek Anchor, a staple in marine applications, is highly valued by buyers seeking a balance of reliability and efficient performance in diverse ocean conditions. Known for its robust holding power and stability, the Spek Anchor is particularly well-suited for vessels in moderate to rough seas. At Qingdao H&amp;F, we go a step further by providing one-on-one customer service to ensure each client receives guidance tailored to their specific requirements. Our fast delivery cycle reduces downtime, while our range of quality inspection reports offers buyers added confidence in product reliability and durability. For marine industry professionals, our focus on exceptional service and streamlined processes ensures a seamless purchasing experience.\" \/>\n<meta property=\"og:url\" content=\"https:\/\/qingdaohf.com\/fi\/tuote\/ankkuri-ankkuri-ilman-varastoa-ankkuri\/\" \/>\n<meta property=\"og:site_name\" content=\"Concrete Form &amp; Rigging Hardware Supplier\" \/>\n<meta property=\"article:publisher\" content=\"https:\/\/www.facebook.com\/qingdaohf\" \/>\n<meta property=\"article:modified_time\" content=\"2025-11-13T01:02:52+00:00\" \/>\n<meta property=\"og:image\" content=\"https:\/\/qingdaohf.com\/wp-content\/uploads\/2024\/11\/spek-anchor.jpg\" \/>\n\t<meta property=\"og:image:width\" content=\"1000\" \/>\n\t<meta property=\"og:image:height\" content=\"1000\" \/>\n\t<meta property=\"og:image:type\" content=\"image\/jpeg\" \/>\n<meta name=\"twitter:card\" content=\"summary_large_image\" \/>\n<meta name=\"twitter:label1\" content=\"Arvioitu lukuaika\" \/>\n\t<meta name=\"twitter:data1\" content=\"5 minuuttia\" \/>\n<script type=\"application\/ld+json\" class=\"yoast-schema-graph\">{\"@context\":\"https:\/\/schema.org\",\"@graph\":[{\"@type\":\"WebPage\",\"@id\":\"https:\/\/qingdaohf.com\/product\/spek-anchor-stockless-anchor\/\",\"url\":\"https:\/\/qingdaohf.com\/product\/spek-anchor-stockless-anchor\/\",\"name\":\"Spek Anchor Stockless Anchor\",\"isPartOf\":{\"@id\":\"https:\/\/qingdaohf.com\/bg\/#website\"},\"primaryImageOfPage\":{\"@id\":\"https:\/\/qingdaohf.com\/product\/spek-anchor-stockless-anchor\/#primaryimage\"},\"image\":{\"@id\":\"https:\/\/qingdaohf.com\/product\/spek-anchor-stockless-anchor\/#primaryimage\"},\"thumbnailUrl\":\"https:\/\/qingdaohf.com\/wp-content\/uploads\/2024\/11\/spek-anchor.jpg\",\"datePublished\":\"2024-11-07T06:33:56+00:00\",\"dateModified\":\"2025-11-13T01:02:52+00:00\",\"breadcrumb\":{\"@id\":\"https:\/\/qingdaohf.com\/product\/spek-anchor-stockless-anchor\/#breadcrumb\"},\"inLanguage\":\"fi\",\"potentialAction\":[{\"@type\":\"ReadAction\",\"target\":[\"https:\/\/qingdaohf.com\/product\/spek-anchor-stockless-anchor\/\"]}]},{\"@type\":\"ImageObject\",\"inLanguage\":\"fi\",\"@id\":\"https:\/\/qingdaohf.com\/product\/spek-anchor-stockless-anchor\/#primaryimage\",\"url\":\"https:\/\/qingdaohf.com\/wp-content\/uploads\/2024\/11\/spek-anchor.jpg\",\"contentUrl\":\"https:\/\/qingdaohf.com\/wp-content\/uploads\/2024\/11\/spek-anchor.jpg\",\"width\":1000,\"height\":1000,\"caption\":\"spek anchor\"},{\"@type\":\"BreadcrumbList\",\"@id\":\"https:\/\/qingdaohf.com\/product\/spek-anchor-stockless-anchor\/#breadcrumb\",\"itemListElement\":[{\"@type\":\"ListItem\",\"position\":1,\"name\":\"Home\",\"item\":\"https:\/\/qingdaohf.com\/\"},{\"@type\":\"ListItem\",\"position\":2,\"name\":\"Concrete Forming Accessories and Rigging Hardware\",\"item\":\"https:\/\/qingdaohf.com\/bg\/?page_id=944\"},{\"@type\":\"ListItem\",\"position\":3,\"name\":\"Spek Anchor Stockless Anchor\"}]},{\"@type\":\"WebSite\",\"@id\":\"https:\/\/qingdaohf.com\/bg\/#website\",\"url\":\"https:\/\/qingdaohf.com\/bg\/\",\"name\":\"Concrete Form & Rigging Hardware Supplier\",\"description\":\"\",\"publisher\":{\"@id\":\"https:\/\/qingdaohf.com\/bg\/#organization\"},\"potentialAction\":[{\"@type\":\"SearchAction\",\"target\":{\"@type\":\"EntryPoint\",\"urlTemplate\":\"https:\/\/qingdaohf.com\/bg\/?s={search_term_string}\"},\"query-input\":{\"@type\":\"PropertyValueSpecification\",\"valueRequired\":true,\"valueName\":\"search_term_string\"}}],\"inLanguage\":\"fi\"},{\"@type\":\"Organization\",\"@id\":\"https:\/\/qingdaohf.com\/bg\/#organization\",\"name\":\"Qingdao H&F\",\"url\":\"https:\/\/qingdaohf.com\/bg\/\",\"logo\":{\"@type\":\"ImageObject\",\"inLanguage\":\"fi\",\"@id\":\"https:\/\/qingdaohf.com\/bg\/#\/schema\/logo\/image\/\",\"url\":\"https:\/\/qingdaohf.com\/wp-content\/uploads\/2022\/12\/cropped-HF-LOGO.png\",\"contentUrl\":\"https:\/\/qingdaohf.com\/wp-content\/uploads\/2022\/12\/cropped-HF-LOGO.png\",\"width\":391,\"height\":249,\"caption\":\"Qingdao H&F\"},\"image\":{\"@id\":\"https:\/\/qingdaohf.com\/bg\/#\/schema\/logo\/image\/\"},\"sameAs\":[\"https:\/\/www.facebook.com\/qingdaohf\"]}]}<\/script>\n<!-- \/ Yoast SEO plugin. -->","yoast_head_json":{"title":"Spek Anchor Stockless Anchor","robots":{"index":"index","follow":"follow","max-snippet":"max-snippet:-1","max-image-preview":"max-image-preview:large","max-video-preview":"max-video-preview:-1"},"canonical":"https:\/\/qingdaohf.com\/fi\/tuote\/ankkuri-ankkuri-ilman-varastoa-ankkuri\/","og_locale":"fi_FI","og_type":"article","og_title":"Spek Anchor Stockless Anchor","og_description":"The Spek Anchor, a staple in marine applications, is highly valued by buyers seeking a balance of reliability and efficient performance in diverse ocean conditions. Known for its robust holding power and stability, the Spek Anchor is particularly well-suited for vessels in moderate to rough seas. At Qingdao H&amp;F, we go a step further by providing one-on-one customer service to ensure each client receives guidance tailored to their specific requirements. Our fast delivery cycle reduces downtime, while our range of quality inspection reports offers buyers added confidence in product reliability and durability. For marine industry professionals, our focus on exceptional service and streamlined processes ensures a seamless purchasing experience.","og_url":"https:\/\/qingdaohf.com\/fi\/tuote\/ankkuri-ankkuri-ilman-varastoa-ankkuri\/","og_site_name":"Concrete Form &amp; Rigging Hardware Supplier","article_publisher":"https:\/\/www.facebook.com\/qingdaohf","article_modified_time":"2025-11-13T01:02:52+00:00","og_image":[{"width":1000,"height":1000,"url":"https:\/\/qingdaohf.com\/wp-content\/uploads\/2024\/11\/spek-anchor.jpg","type":"image\/jpeg"}],"twitter_card":"summary_large_image","twitter_misc":{"Arvioitu lukuaika":"5 minuuttia"},"schema":{"@context":"https:\/\/schema.org","@graph":[{"@type":"WebPage","@id":"https:\/\/qingdaohf.com\/product\/spek-anchor-stockless-anchor\/","url":"https:\/\/qingdaohf.com\/product\/spek-anchor-stockless-anchor\/","name":"Spek Anchor Stockless Anchor","isPartOf":{"@id":"https:\/\/qingdaohf.com\/bg\/#website"},"primaryImageOfPage":{"@id":"https:\/\/qingdaohf.com\/product\/spek-anchor-stockless-anchor\/#primaryimage"},"image":{"@id":"https:\/\/qingdaohf.com\/product\/spek-anchor-stockless-anchor\/#primaryimage"},"thumbnailUrl":"https:\/\/qingdaohf.com\/wp-content\/uploads\/2024\/11\/spek-anchor.jpg","datePublished":"2024-11-07T06:33:56+00:00","dateModified":"2025-11-13T01:02:52+00:00","breadcrumb":{"@id":"https:\/\/qingdaohf.com\/product\/spek-anchor-stockless-anchor\/#breadcrumb"},"inLanguage":"fi","potentialAction":[{"@type":"ReadAction","target":["https:\/\/qingdaohf.com\/product\/spek-anchor-stockless-anchor\/"]}]},{"@type":"ImageObject","inLanguage":"fi","@id":"https:\/\/qingdaohf.com\/product\/spek-anchor-stockless-anchor\/#primaryimage","url":"https:\/\/qingdaohf.com\/wp-content\/uploads\/2024\/11\/spek-anchor.jpg","contentUrl":"https:\/\/qingdaohf.com\/wp-content\/uploads\/2024\/11\/spek-anchor.jpg","width":1000,"height":1000,"caption":"spek anchor"},{"@type":"BreadcrumbList","@id":"https:\/\/qingdaohf.com\/product\/spek-anchor-stockless-anchor\/#breadcrumb","itemListElement":[{"@type":"ListItem","position":1,"name":"Home","item":"https:\/\/qingdaohf.com\/"},{"@type":"ListItem","position":2,"name":"Concrete Forming Accessories and Rigging Hardware","item":"https:\/\/qingdaohf.com\/bg\/?page_id=944"},{"@type":"ListItem","position":3,"name":"Spek Anchor Stockless Anchor"}]},{"@type":"WebSite","@id":"https:\/\/qingdaohf.com\/bg\/#website","url":"https:\/\/qingdaohf.com\/bg\/","name":"Concrete Form & Rigging Hardware Supplier","description":"","publisher":{"@id":"https:\/\/qingdaohf.com\/bg\/#organization"},"potentialAction":[{"@type":"SearchAction","target":{"@type":"EntryPoint","urlTemplate":"https:\/\/qingdaohf.com\/bg\/?s={search_term_string}"},"query-input":{"@type":"PropertyValueSpecification","valueRequired":true,"valueName":"search_term_string"}}],"inLanguage":"fi"},{"@type":"Organization","@id":"https:\/\/qingdaohf.com\/bg\/#organization","name":"Qingdao H&F","url":"https:\/\/qingdaohf.com\/bg\/","logo":{"@type":"ImageObject","inLanguage":"fi","@id":"https:\/\/qingdaohf.com\/bg\/#\/schema\/logo\/image\/","url":"https:\/\/qingdaohf.com\/wp-content\/uploads\/2022\/12\/cropped-HF-LOGO.png","contentUrl":"https:\/\/qingdaohf.com\/wp-content\/uploads\/2022\/12\/cropped-HF-LOGO.png","width":391,"height":249,"caption":"Qingdao H&F"},"image":{"@id":"https:\/\/qingdaohf.com\/bg\/#\/schema\/logo\/image\/"},"sameAs":["https:\/\/www.facebook.com\/qingdaohf"]}]}},"_links":{"self":[{"href":"https:\/\/qingdaohf.com\/fi\/wp-json\/wp\/v2\/product\/8310","targetHints":{"allow":["GET"]}}],"collection":[{"href":"https:\/\/qingdaohf.com\/fi\/wp-json\/wp\/v2\/product"}],"about":[{"href":"https:\/\/qingdaohf.com\/fi\/wp-json\/wp\/v2\/types\/product"}],"replies":[{"embeddable":true,"href":"https:\/\/qingdaohf.com\/fi\/wp-json\/wp\/v2\/comments?post=8310"}],"version-history":[{"count":1,"href":"https:\/\/qingdaohf.com\/fi\/wp-json\/wp\/v2\/product\/8310\/revisions"}],"predecessor-version":[{"id":8319,"href":"https:\/\/qingdaohf.com\/fi\/wp-json\/wp\/v2\/product\/8310\/revisions\/8319"}],"wp:featuredmedia":[{"embeddable":true,"href":"https:\/\/qingdaohf.com\/fi\/wp-json\/wp\/v2\/media\/8311"}],"wp:attachment":[{"href":"https:\/\/qingdaohf.com\/fi\/wp-json\/wp\/v2\/media?parent=8310"}],"wp:term":[{"taxonomy":"product_brand","embeddable":true,"href":"https:\/\/qingdaohf.com\/fi\/wp-json\/wp\/v2\/product_brand?post=8310"},{"taxonomy":"product_cat","embeddable":true,"href":"https:\/\/qingdaohf.com\/fi\/wp-json\/wp\/v2\/product_cat?post=8310"},{"taxonomy":"product_tag","embeddable":true,"href":"https:\/\/qingdaohf.com\/fi\/wp-json\/wp\/v2\/product_tag?post=8310"}],"curies":[{"name":"wp","href":"https:\/\/api.w.org\/{rel}","templated":true}]}}