{"id":8320,"date":"2024-11-07T14:41:32","date_gmt":"2024-11-07T06:41:32","guid":{"rendered":"http:\/\/qingdaohf.com\/?post_type=product&#038;p=8320"},"modified":"2025-11-13T09:02:52","modified_gmt":"2025-11-13T01:02:52","slug":"ac-14-anchor","status":"publish","type":"product","link":"https:\/\/qingdaohf.com\/fi\/tuote\/ac-14-ankkuri\/","title":{"rendered":"AC-14 ankkuri"},"content":{"rendered":"<h3>AC-14-ankkuri: Monipuolisuus, suunnittelu ja k\u00e4ytt\u00f6 meriymp\u00e4rist\u00f6ss\u00e4.<\/h3>\n<p>AC-14-ankkuri, joka on tunnettu monipuolisuudestaan ja vankasta pitovoimastaan, edustaa ankkuriteknologian kehityst\u00e4, joka on suunniteltu parantamaan vakautta ja kest\u00e4vyytt\u00e4 erilaisissa meriolosuhteissa. Koska AC-14-ankkuri tarjoaa jatkuvasti luotettavaa suorituskyky\u00e4, siit\u00e4 on tullut ensisijainen valinta erilaisiin aluksiin kaupallisista aluksista offshore-lauttoihin. Sen erityinen geometria ja pitokyky takaavat, ett\u00e4 t\u00e4m\u00e4 ankkuri kest\u00e4\u00e4 kovia vesi\u00e4, hiekkaista tai mutapohjaista merenpohjaa ja vaihtelevia vuorovesi\u00e4.<\/p>\n<p><img fetchpriority=\"high\" decoding=\"async\" class=\"alignnone wp-image-8321 size-full\" src=\"http:\/\/qingdaohf.com\/wp-content\/uploads\/2024\/11\/ac14.jpg\" alt=\"\" width=\"640\" height=\"640\" srcset=\"https:\/\/qingdaohf.com\/wp-content\/uploads\/2024\/11\/ac14.jpg 640w, https:\/\/qingdaohf.com\/wp-content\/uploads\/2024\/11\/ac14-300x300.jpg 300w, https:\/\/qingdaohf.com\/wp-content\/uploads\/2024\/11\/ac14-150x150.jpg 150w, https:\/\/qingdaohf.com\/wp-content\/uploads\/2024\/11\/ac14-12x12.jpg 12w, https:\/\/qingdaohf.com\/wp-content\/uploads\/2024\/11\/ac14-500x500.jpg 500w, https:\/\/qingdaohf.com\/wp-content\/uploads\/2024\/11\/ac14-100x100.jpg 100w\" sizes=\"(max-width: 640px) 100vw, 640px\" \/> <img decoding=\"async\" class=\"alignnone wp-image-8322 size-full\" src=\"http:\/\/qingdaohf.com\/wp-content\/uploads\/2024\/11\/ac-14-anchor.png\" alt=\"\" width=\"1747\" height=\"500\" srcset=\"https:\/\/qingdaohf.com\/wp-content\/uploads\/2024\/11\/ac-14-anchor.png 1747w, https:\/\/qingdaohf.com\/wp-content\/uploads\/2024\/11\/ac-14-anchor-300x86.png 300w, https:\/\/qingdaohf.com\/wp-content\/uploads\/2024\/11\/ac-14-anchor-1024x293.png 1024w, https:\/\/qingdaohf.com\/wp-content\/uploads\/2024\/11\/ac-14-anchor-768x220.png 768w, https:\/\/qingdaohf.com\/wp-content\/uploads\/2024\/11\/ac-14-anchor-1536x440.png 1536w, https:\/\/qingdaohf.com\/wp-content\/uploads\/2024\/11\/ac-14-anchor-18x5.png 18w, https:\/\/qingdaohf.com\/wp-content\/uploads\/2024\/11\/ac-14-anchor-1000x286.png 1000w\" sizes=\"(max-width: 1747px) 100vw, 1747px\" \/><\/p>\n<h4>Suunnittelu ja tekniikka AC-14-ankkurin takana<\/h4>\n<p>AC-14 Anchorin suunnittelussa on kiinnitetty tarkkaa huomiota sek\u00e4 muotoon ett\u00e4 toimintaan. Sen virtaviivainen rakenne, joka on usein valmistettu korkealaatuisesta, korroosionkest\u00e4v\u00e4st\u00e4 ter\u00e4ksest\u00e4, minimoi vastuksen ja parantaa tunkeutumista erilaisissa merenpohjan koostumuksissa. Suunnittelussa on ainutlaatuisen muotoiset ja kulmikkaat siivekkeet, jotka takaavat ankkurin syv\u00e4n uppoamisen ja antavat sille lujan otteen merenpohjasta. T\u00e4m\u00e4 ominaisuus on erityisen t\u00e4rke\u00e4 kiinnityksess\u00e4 ymp\u00e4rist\u00f6ihin, joissa on pehme\u00e4\u00e4 alustaa, kuten hiekkaa tai siltti\u00e4, jossa kiinnipitovoima on avainasemassa, jotta estet\u00e4\u00e4n vet\u00e4ytyminen tai siirtyminen.<\/p>\n<p>Lis\u00e4ksi AC-14:n pienikokoinen profiili helpottaa varastointia aluksella ilman, ett\u00e4 se heikent\u00e4\u00e4 pitovoimaa, mik\u00e4 on eduksi aluksille, joilla on rajoitetusti kansitilaa. Suuren pitovoiman (HHP) ankkurina se tarjoaa kaksinkertaisen pitokapasiteetin saman painoiseen tavalliseen ankkuriin verrattuna, mik\u00e4 v\u00e4hent\u00e4\u00e4 liiallisen painolastin tarvetta. T\u00e4m\u00e4 pito-painosuhteen tehokkuus on merkitt\u00e4v\u00e4 etu suuremmille aluksille, jotka pyrkiv\u00e4t optimoimaan tilan ja yleiset k\u00e4ytt\u00f6kustannukset. Aluksille, jotka toimivat vaihtelevissa meriolosuhteissa, AC-14-ankkurin rakenne vastaa sek\u00e4 luotettavuuden ett\u00e4 kest\u00e4vyyden vaatimuksiin, sill\u00e4 se tarjoaa ankkurin, joka pysyy vakaana ja turvallisena vaihtelevissa virtauksissa ja merenpohjatyypeiss\u00e4.<\/p>\n<h4>AC-14-ankkurin edut k\u00e4yt\u00e4nn\u00f6n sovelluksissa<\/h4>\n<p>AC-14-ankkuri on suunniteltu tarjoamaan luotettavaa suorituskyky\u00e4 erilaisissa meriymp\u00e4rist\u00f6iss\u00e4, mik\u00e4 tekee siit\u00e4 arvokkaan apuv\u00e4lineen sek\u00e4 lyhytaikaiseen kiinnitykseen ett\u00e4 pitk\u00e4aikaiseen ankkurointiin. Suuren pitokapasiteettinsa ansiosta se pystyy kiinnitt\u00e4m\u00e4\u00e4n suuretkin alukset tehokkaasti ja minimoimaan ajelehtimisen riskin myrskyjen tai ep\u00e4suotuisten s\u00e4\u00e4olosuhteiden aikana. T\u00e4m\u00e4 ominaisuus on erityisen t\u00e4rke\u00e4 offshore-toimintaa harjoittaville aluksille, joissa kiinte\u00e4n paikan s\u00e4ilytt\u00e4minen on turvallisuuden ja toiminnan tehokkuuden kannalta ratkaisevan t\u00e4rke\u00e4\u00e4.<\/p>\n<p>Yksi AC-14-ankkurin t\u00e4rkeimmist\u00e4 eduista on sen sopeutumiskyky erilaisiin merenpohjan olosuhteisiin. Ankkurin laipat voivat upota syv\u00e4lle pehme\u00e4mpiin alustoihin, kuten hiekkaan ja mutaan, mutta se osoittaa vaikuttavaa vakautta my\u00f6s kiinte\u00e4mmill\u00e4 alustoilla, kuten sora- tai kivipohjaisilla merenpohjilla. T\u00e4m\u00e4 monipuolisuus varmistaa, ett\u00e4 ymp\u00e4rist\u00f6rajoitteet eiv\u00e4t rajoita aluksia, ja tekee AC-14:st\u00e4 sopivan valinnan monenlaisiin merenkulun operaatioihin.<\/p>\n<p>K\u00e4yt\u00e4nn\u00f6llisen vakauden lis\u00e4ksi ankkurin rakenne v\u00e4hent\u00e4\u00e4 merenpohjan vaurioitumisen todenn\u00e4k\u00f6isyytt\u00e4, mik\u00e4 vastaa alan kasvavaa ymp\u00e4rist\u00f6tietoisuutta. Kest\u00e4v\u00e4n kehityksen korostuessa AC-14-ankkurin matala profiili ja tehokas tunkeutuminen v\u00e4hent\u00e4v\u00e4t meriekosysteemeihin kohdistuvia h\u00e4iri\u00f6it\u00e4, mik\u00e4 on erityisen arvokasta ymp\u00e4rist\u00f6yst\u00e4v\u00e4llisiin k\u00e4yt\u00e4nt\u00f6ihin sitoutuneille yrityksille.<\/p>\n<p>Ostajille Qingdao H&amp;F lis\u00e4\u00e4 AC-14-ankkurin arvoa tarjoamalla henkil\u00f6kohtaista asiakaspalvelua, nopeuttamalla toimitusaikoja ja toimittamalla yksityiskohtaisia laatutarkastusraportteja. Tarjoamalla kattavaa tukea ja varmuutta varmistamme, ett\u00e4 jokainen hankinta on investointi laatuun, turvallisuuteen ja ymp\u00e4rist\u00f6vastuuseen. Sitoutumisemme nopeisiin toimituksiin ja laadunvarmistukseen tarjoaa ostajille virtaviivaistetun kokemuksen, jossa luotettavuus ja korkeat standardit s\u00e4ilyv\u00e4t tilauksesta lopulliseen k\u00e4ytt\u00f6\u00f6nottoon asti.<\/p>\n<h4>AC-14-ankkureiden laadunvarmistus- ja testausstandardit<\/h4>\n<p>Ankkureiden kaltaisten kriittisten komponenttien kohdalla laadunvarmistuksesta ei voida tinki\u00e4. Qingdao H&amp;F asettaa jokaisen AC-14-ankkurin tiukan laadunvalvonnan etusijalle ja noudattaa kansainv\u00e4lisi\u00e4 testausstandardeja pitovoiman, materiaalin eheyden ja korroosionkest\u00e4vyyden varmistamiseksi. Yksityiskohtaiset tarkastusraporttimme tarjoavat ostajille l\u00e4pin\u00e4kyv\u00e4\u00e4 tietoa kunkin ankkurin suorituskykymittareista, kuten koekuormituksesta ja materiaalianalyysist\u00e4, jotka vahvistavat ankkurin soveltuvuuden erilaisiin merenkulun sovelluksiin.<\/p>\n<p>AC-14:n korkea pitovoimaluokitus on todennettu laajoilla kuormituskokeilla, jotka simuloivat ankkurin suorituskyky\u00e4 todellisissa olosuhteissa. T\u00e4ss\u00e4 testausprotokollassa tarkastellaan ankkurin kest\u00e4vyytt\u00e4 j\u00e4nnityksen alaisena ja varmistetaan, ett\u00e4 se t\u00e4ytt\u00e4\u00e4 tai ylitt\u00e4\u00e4 alan standardit vakauden sek\u00e4 kulumisen ja korroosionkest\u00e4vyyden osalta. Ostajille n\u00e4m\u00e4 raportit antavat arvokasta tietoa ankkurin luotettavuudesta, varmistavat mielenrauhan ja vahvistavat sitoutumistamme turvallisuuteen ja laatuun.<\/p>\n<p>Lis\u00e4ksi AC-14:n muotoilu mahdollistaa tehokkaamman varastoinnin turvallisuudesta tinkim\u00e4tt\u00e4. Ankkurin pienikokoinen rakenne on erityisen hy\u00f6dyllinen aluksille, joilla on rajallinen kansitila, sill\u00e4 se mahdollistaa virtaviivaisen s\u00e4ilytyksen s\u00e4ilytt\u00e4en samalla tarvittavan vakauden ja pitovoiman. Yksil\u00f6llisen asiakaspalvelumme avulla Qingdao H&amp;F varmistaa, ett\u00e4 asiakkaat saavat henkil\u00f6kohtaista apua valittaessa aluksen vaatimuksiin sopivia spesifikaatioita, ja tiimimme on k\u00e4ytett\u00e4viss\u00e4 kaikissa teknisiss\u00e4 kysymyksiss\u00e4 koko ostoprosessin ajan.<\/p>\n<p>Sitoutumisemme nopeisiin toimitusjaksoihin takaa my\u00f6s sen, ett\u00e4 ostajat voivat luottaa siihen, ett\u00e4 tilaukset t\u00e4ytet\u00e4\u00e4n ajallaan, mik\u00e4 minimoi mahdolliset viiv\u00e4stykset heid\u00e4n toiminnalleen. Lis\u00e4ksi AC-14-ankkurin ymp\u00e4rist\u00f6edut vastaavat kehittyvi\u00e4 s\u00e4\u00e4nn\u00f6ksi\u00e4, jotka edist\u00e4v\u00e4t vastuullisia merenkulkuk\u00e4yt\u00e4nt\u00f6j\u00e4. AC-14-ankkurin minimaalinen vaikutus merenpohjaan auttaa t\u00e4ytt\u00e4m\u00e4\u00e4n s\u00e4\u00e4ntelynormit, joissa korostetaan yh\u00e4 enemm\u00e4n ymp\u00e4rist\u00f6nsuojelua. Tarjoamalla t\u00e4t\u00e4 ankkuria autamme asiakkaitamme paitsi noudattamaan alan standardeja my\u00f6s edist\u00e4m\u00e4\u00e4n kest\u00e4v\u00e4\u00e4 merenkulkua.<\/p>\n<p>Yhteenvetona voidaan todeta, ett\u00e4 AC-14-ankkuri on luotettava ja kest\u00e4v\u00e4 valinta merenkulun operaatioihin, joissa tarvitaan tehokasta pitovoimaa ja sopeutumiskyky\u00e4 vaihtelevissa merenpohjan olosuhteissa. Qingdao H&amp;F:n sitoutuminen laadunvarmistukseen, yksil\u00f6lliseen asiakaspalveluun ja nopeaan toimitukseen takaavat, ett\u00e4 asiakkaat saavat tuotteen, joka tukee sek\u00e4 toiminnallisia tarpeita ett\u00e4 ymp\u00e4rist\u00f6n\u00e4k\u00f6kohtia.<\/p>","protected":false},"excerpt":{"rendered":"<p>AC-14-ankkuri on eritt\u00e4in haluttu valinta merenkulku- ja offshore-sovelluksiin, ja se on tunnettu suuresta pitovoimastaan (HHP). Tehokkaan pito-painosuhteensa ansiosta t\u00e4m\u00e4 ankkuri vastaa niiden ostajien vaatimuksiin, jotka etsiv\u00e4t kustannustehokkaita ja kest\u00e4vi\u00e4 ratkaisuja kiinnitykseen ja ankkurointiin haastavissa merenpohjissa. Qingdao H&amp;F tarjoaa asiakkaille erinomaisen ostokokemuksen r\u00e4\u00e4t\u00e4l\u00f6idyn henkil\u00f6kohtaisen asiakaspalvelun, nopeiden toimitusjaksojen ja kattavien laatutarkastusraporttien avulla. Ostajat voivat luottaa meihin paitsi laadunvarmistuksen my\u00f6s sujuvan, tehokkaan ja alan standardit t\u00e4ytt\u00e4v\u00e4n hankintaprosessin osalta.<\/p>","protected":false},"featured_media":8324,"comment_status":"open","ping_status":"closed","template":"","meta":{"site-sidebar-layout":"default","site-content-layout":"","ast-site-content-layout":"default","site-content-style":"default","site-sidebar-style":"default","ast-global-header-display":"","ast-banner-title-visibility":"","ast-main-header-display":"","ast-hfb-above-header-display":"","ast-hfb-below-header-display":"","ast-hfb-mobile-header-display":"","site-post-title":"","ast-breadcrumbs-content":"","ast-featured-img":"","footer-sml-layout":"","theme-transparent-header-meta":"default","adv-header-id-meta":"","stick-header-meta":"default","header-above-stick-meta":"","header-main-stick-meta":"","header-below-stick-meta":"","astra-migrate-meta-layouts":"set","ast-page-background-enabled":"default","ast-page-background-meta":{"desktop":{"background-color":"","background-image":"","background-repeat":"repeat","background-position":"center center","background-size":"auto","background-attachment":"scroll","background-type":"","background-media":"","overlay-type":"","overlay-color":"","overlay-opacity":"","overlay-gradient":""},"tablet":{"background-color":"","background-image":"","background-repeat":"repeat","background-position":"center center","background-size":"auto","background-attachment":"scroll","background-type":"","background-media":"","overlay-type":"","overlay-color":"","overlay-opacity":"","overlay-gradient":""},"mobile":{"background-color":"","background-image":"","background-repeat":"repeat","background-position":"center center","background-size":"auto","background-attachment":"scroll","background-type":"","background-media":"","overlay-type":"","overlay-color":"","overlay-opacity":"","overlay-gradient":""}},"ast-content-background-meta":{"desktop":{"background-color":"var(--ast-global-color-5)","background-image":"","background-repeat":"repeat","background-position":"center center","background-size":"auto","background-attachment":"scroll","background-type":"","background-media":"","overlay-type":"","overlay-color":"","overlay-opacity":"","overlay-gradient":""},"tablet":{"background-color":"var(--ast-global-color-5)","background-image":"","background-repeat":"repeat","background-position":"center center","background-size":"auto","background-attachment":"scroll","background-type":"","background-media":"","overlay-type":"","overlay-color":"","overlay-opacity":"","overlay-gradient":""},"mobile":{"background-color":"var(--ast-global-color-5)","background-image":"","background-repeat":"repeat","background-position":"center center","background-size":"auto","background-attachment":"scroll","background-type":"","background-media":"","overlay-type":"","overlay-color":"","overlay-opacity":"","overlay-gradient":""}}},"product_brand":[],"product_cat":[74],"product_tag":[],"class_list":{"0":"post-8320","1":"product","2":"type-product","3":"status-publish","4":"has-post-thumbnail","6":"product_cat-boat-anchor","7":"desktop-align-left","8":"tablet-align-left","9":"mobile-align-left","10":"ast-product-gallery-layout-horizontal-slider","11":"ast-product-tabs-layout-horizontal","13":"first","14":"instock","15":"shipping-taxable","16":"purchasable","17":"product-type-simple"},"yoast_head":"<!-- This site is optimized with the Yoast SEO plugin v25.2 - https:\/\/yoast.com\/wordpress\/plugins\/seo\/ -->\n<title>AC-14 Anchor<\/title>\n<meta name=\"robots\" content=\"index, follow, max-snippet:-1, max-image-preview:large, max-video-preview:-1\" \/>\n<link rel=\"canonical\" href=\"https:\/\/qingdaohf.com\/fi\/tuote\/ac-14-ankkuri\/\" \/>\n<meta property=\"og:locale\" content=\"fi_FI\" \/>\n<meta property=\"og:type\" content=\"article\" \/>\n<meta property=\"og:title\" content=\"AC-14 Anchor\" \/>\n<meta property=\"og:description\" content=\"The AC-14 Anchor is a highly sought-after choice for marine and offshore applications, known for its high holding power (HHP) design. With an efficient holding-to-weight ratio, this anchor meets the demands of buyers looking for cost-effective, durable solutions for mooring and anchoring in challenging seabeds. Qingdao H&amp;F provides a superior purchasing experience for clients with tailored one-to-one customer service, fast delivery cycles, and comprehensive quality inspection reports. Buyers can rely on us not only for quality assurance but also for a smooth, efficient procurement process that meets industry standards.\" \/>\n<meta property=\"og:url\" content=\"https:\/\/qingdaohf.com\/fi\/tuote\/ac-14-ankkuri\/\" \/>\n<meta property=\"og:site_name\" content=\"Concrete Form &amp; Rigging Hardware Supplier\" \/>\n<meta property=\"article:publisher\" content=\"https:\/\/www.facebook.com\/qingdaohf\" \/>\n<meta property=\"article:modified_time\" content=\"2025-11-13T01:02:52+00:00\" \/>\n<meta property=\"og:image\" content=\"https:\/\/qingdaohf.com\/wp-content\/uploads\/2024\/11\/AC-14-marine-anchor.webp\" \/>\n\t<meta property=\"og:image:width\" content=\"1000\" \/>\n\t<meta property=\"og:image:height\" content=\"1000\" \/>\n\t<meta property=\"og:image:type\" content=\"image\/webp\" \/>\n<meta name=\"twitter:card\" content=\"summary_large_image\" \/>\n<meta name=\"twitter:label1\" content=\"Arvioitu lukuaika\" \/>\n\t<meta name=\"twitter:data1\" content=\"5 minuuttia\" \/>\n<script type=\"application\/ld+json\" class=\"yoast-schema-graph\">{\"@context\":\"https:\/\/schema.org\",\"@graph\":[{\"@type\":\"WebPage\",\"@id\":\"https:\/\/qingdaohf.com\/product\/ac-14-anchor\/\",\"url\":\"https:\/\/qingdaohf.com\/product\/ac-14-anchor\/\",\"name\":\"AC-14 Anchor\",\"isPartOf\":{\"@id\":\"https:\/\/qingdaohf.com\/bg\/#website\"},\"primaryImageOfPage\":{\"@id\":\"https:\/\/qingdaohf.com\/product\/ac-14-anchor\/#primaryimage\"},\"image\":{\"@id\":\"https:\/\/qingdaohf.com\/product\/ac-14-anchor\/#primaryimage\"},\"thumbnailUrl\":\"https:\/\/qingdaohf.com\/wp-content\/uploads\/2024\/11\/AC-14-marine-anchor.webp\",\"datePublished\":\"2024-11-07T06:41:32+00:00\",\"dateModified\":\"2025-11-13T01:02:52+00:00\",\"breadcrumb\":{\"@id\":\"https:\/\/qingdaohf.com\/product\/ac-14-anchor\/#breadcrumb\"},\"inLanguage\":\"fi\",\"potentialAction\":[{\"@type\":\"ReadAction\",\"target\":[\"https:\/\/qingdaohf.com\/product\/ac-14-anchor\/\"]}]},{\"@type\":\"ImageObject\",\"inLanguage\":\"fi\",\"@id\":\"https:\/\/qingdaohf.com\/product\/ac-14-anchor\/#primaryimage\",\"url\":\"https:\/\/qingdaohf.com\/wp-content\/uploads\/2024\/11\/AC-14-marine-anchor.webp\",\"contentUrl\":\"https:\/\/qingdaohf.com\/wp-content\/uploads\/2024\/11\/AC-14-marine-anchor.webp\",\"width\":1000,\"height\":1000,\"caption\":\"AC 14 marine ancho\"},{\"@type\":\"BreadcrumbList\",\"@id\":\"https:\/\/qingdaohf.com\/product\/ac-14-anchor\/#breadcrumb\",\"itemListElement\":[{\"@type\":\"ListItem\",\"position\":1,\"name\":\"Home\",\"item\":\"https:\/\/qingdaohf.com\/\"},{\"@type\":\"ListItem\",\"position\":2,\"name\":\"Concrete Forming Accessories and Rigging Hardware\",\"item\":\"https:\/\/qingdaohf.com\/bg\/?page_id=944\"},{\"@type\":\"ListItem\",\"position\":3,\"name\":\"AC-14 Anchor\"}]},{\"@type\":\"WebSite\",\"@id\":\"https:\/\/qingdaohf.com\/bg\/#website\",\"url\":\"https:\/\/qingdaohf.com\/bg\/\",\"name\":\"Concrete Form & Rigging Hardware Supplier\",\"description\":\"\",\"publisher\":{\"@id\":\"https:\/\/qingdaohf.com\/bg\/#organization\"},\"potentialAction\":[{\"@type\":\"SearchAction\",\"target\":{\"@type\":\"EntryPoint\",\"urlTemplate\":\"https:\/\/qingdaohf.com\/bg\/?s={search_term_string}\"},\"query-input\":{\"@type\":\"PropertyValueSpecification\",\"valueRequired\":true,\"valueName\":\"search_term_string\"}}],\"inLanguage\":\"fi\"},{\"@type\":\"Organization\",\"@id\":\"https:\/\/qingdaohf.com\/bg\/#organization\",\"name\":\"Qingdao H&F\",\"url\":\"https:\/\/qingdaohf.com\/bg\/\",\"logo\":{\"@type\":\"ImageObject\",\"inLanguage\":\"fi\",\"@id\":\"https:\/\/qingdaohf.com\/bg\/#\/schema\/logo\/image\/\",\"url\":\"https:\/\/qingdaohf.com\/wp-content\/uploads\/2022\/12\/cropped-HF-LOGO.png\",\"contentUrl\":\"https:\/\/qingdaohf.com\/wp-content\/uploads\/2022\/12\/cropped-HF-LOGO.png\",\"width\":391,\"height\":249,\"caption\":\"Qingdao H&F\"},\"image\":{\"@id\":\"https:\/\/qingdaohf.com\/bg\/#\/schema\/logo\/image\/\"},\"sameAs\":[\"https:\/\/www.facebook.com\/qingdaohf\"]}]}<\/script>\n<!-- \/ Yoast SEO plugin. -->","yoast_head_json":{"title":"AC-14 Anchor","robots":{"index":"index","follow":"follow","max-snippet":"max-snippet:-1","max-image-preview":"max-image-preview:large","max-video-preview":"max-video-preview:-1"},"canonical":"https:\/\/qingdaohf.com\/fi\/tuote\/ac-14-ankkuri\/","og_locale":"fi_FI","og_type":"article","og_title":"AC-14 Anchor","og_description":"The AC-14 Anchor is a highly sought-after choice for marine and offshore applications, known for its high holding power (HHP) design. With an efficient holding-to-weight ratio, this anchor meets the demands of buyers looking for cost-effective, durable solutions for mooring and anchoring in challenging seabeds. Qingdao H&amp;F provides a superior purchasing experience for clients with tailored one-to-one customer service, fast delivery cycles, and comprehensive quality inspection reports. Buyers can rely on us not only for quality assurance but also for a smooth, efficient procurement process that meets industry standards.","og_url":"https:\/\/qingdaohf.com\/fi\/tuote\/ac-14-ankkuri\/","og_site_name":"Concrete Form &amp; Rigging Hardware Supplier","article_publisher":"https:\/\/www.facebook.com\/qingdaohf","article_modified_time":"2025-11-13T01:02:52+00:00","og_image":[{"width":1000,"height":1000,"url":"https:\/\/qingdaohf.com\/wp-content\/uploads\/2024\/11\/AC-14-marine-anchor.webp","type":"image\/webp"}],"twitter_card":"summary_large_image","twitter_misc":{"Arvioitu lukuaika":"5 minuuttia"},"schema":{"@context":"https:\/\/schema.org","@graph":[{"@type":"WebPage","@id":"https:\/\/qingdaohf.com\/product\/ac-14-anchor\/","url":"https:\/\/qingdaohf.com\/product\/ac-14-anchor\/","name":"AC-14 Anchor","isPartOf":{"@id":"https:\/\/qingdaohf.com\/bg\/#website"},"primaryImageOfPage":{"@id":"https:\/\/qingdaohf.com\/product\/ac-14-anchor\/#primaryimage"},"image":{"@id":"https:\/\/qingdaohf.com\/product\/ac-14-anchor\/#primaryimage"},"thumbnailUrl":"https:\/\/qingdaohf.com\/wp-content\/uploads\/2024\/11\/AC-14-marine-anchor.webp","datePublished":"2024-11-07T06:41:32+00:00","dateModified":"2025-11-13T01:02:52+00:00","breadcrumb":{"@id":"https:\/\/qingdaohf.com\/product\/ac-14-anchor\/#breadcrumb"},"inLanguage":"fi","potentialAction":[{"@type":"ReadAction","target":["https:\/\/qingdaohf.com\/product\/ac-14-anchor\/"]}]},{"@type":"ImageObject","inLanguage":"fi","@id":"https:\/\/qingdaohf.com\/product\/ac-14-anchor\/#primaryimage","url":"https:\/\/qingdaohf.com\/wp-content\/uploads\/2024\/11\/AC-14-marine-anchor.webp","contentUrl":"https:\/\/qingdaohf.com\/wp-content\/uploads\/2024\/11\/AC-14-marine-anchor.webp","width":1000,"height":1000,"caption":"AC 14 marine ancho"},{"@type":"BreadcrumbList","@id":"https:\/\/qingdaohf.com\/product\/ac-14-anchor\/#breadcrumb","itemListElement":[{"@type":"ListItem","position":1,"name":"Home","item":"https:\/\/qingdaohf.com\/"},{"@type":"ListItem","position":2,"name":"Concrete Forming Accessories and Rigging Hardware","item":"https:\/\/qingdaohf.com\/bg\/?page_id=944"},{"@type":"ListItem","position":3,"name":"AC-14 Anchor"}]},{"@type":"WebSite","@id":"https:\/\/qingdaohf.com\/bg\/#website","url":"https:\/\/qingdaohf.com\/bg\/","name":"Concrete Form & Rigging Hardware Supplier","description":"","publisher":{"@id":"https:\/\/qingdaohf.com\/bg\/#organization"},"potentialAction":[{"@type":"SearchAction","target":{"@type":"EntryPoint","urlTemplate":"https:\/\/qingdaohf.com\/bg\/?s={search_term_string}"},"query-input":{"@type":"PropertyValueSpecification","valueRequired":true,"valueName":"search_term_string"}}],"inLanguage":"fi"},{"@type":"Organization","@id":"https:\/\/qingdaohf.com\/bg\/#organization","name":"Qingdao H&F","url":"https:\/\/qingdaohf.com\/bg\/","logo":{"@type":"ImageObject","inLanguage":"fi","@id":"https:\/\/qingdaohf.com\/bg\/#\/schema\/logo\/image\/","url":"https:\/\/qingdaohf.com\/wp-content\/uploads\/2022\/12\/cropped-HF-LOGO.png","contentUrl":"https:\/\/qingdaohf.com\/wp-content\/uploads\/2022\/12\/cropped-HF-LOGO.png","width":391,"height":249,"caption":"Qingdao H&F"},"image":{"@id":"https:\/\/qingdaohf.com\/bg\/#\/schema\/logo\/image\/"},"sameAs":["https:\/\/www.facebook.com\/qingdaohf"]}]}},"_links":{"self":[{"href":"https:\/\/qingdaohf.com\/fi\/wp-json\/wp\/v2\/product\/8320","targetHints":{"allow":["GET"]}}],"collection":[{"href":"https:\/\/qingdaohf.com\/fi\/wp-json\/wp\/v2\/product"}],"about":[{"href":"https:\/\/qingdaohf.com\/fi\/wp-json\/wp\/v2\/types\/product"}],"replies":[{"embeddable":true,"href":"https:\/\/qingdaohf.com\/fi\/wp-json\/wp\/v2\/comments?post=8320"}],"version-history":[{"count":2,"href":"https:\/\/qingdaohf.com\/fi\/wp-json\/wp\/v2\/product\/8320\/revisions"}],"predecessor-version":[{"id":8332,"href":"https:\/\/qingdaohf.com\/fi\/wp-json\/wp\/v2\/product\/8320\/revisions\/8332"}],"wp:featuredmedia":[{"embeddable":true,"href":"https:\/\/qingdaohf.com\/fi\/wp-json\/wp\/v2\/media\/8324"}],"wp:attachment":[{"href":"https:\/\/qingdaohf.com\/fi\/wp-json\/wp\/v2\/media?parent=8320"}],"wp:term":[{"taxonomy":"product_brand","embeddable":true,"href":"https:\/\/qingdaohf.com\/fi\/wp-json\/wp\/v2\/product_brand?post=8320"},{"taxonomy":"product_cat","embeddable":true,"href":"https:\/\/qingdaohf.com\/fi\/wp-json\/wp\/v2\/product_cat?post=8320"},{"taxonomy":"product_tag","embeddable":true,"href":"https:\/\/qingdaohf.com\/fi\/wp-json\/wp\/v2\/product_tag?post=8320"}],"curies":[{"name":"wp","href":"https:\/\/api.w.org\/{rel}","templated":true}]}}