{"id":8428,"date":"2024-11-29T16:45:52","date_gmt":"2024-11-29T08:45:52","guid":{"rendered":"http:\/\/qingdaohf.com\/?post_type=product&#038;p=8428"},"modified":"2025-11-13T09:02:51","modified_gmt":"2025-11-13T01:02:51","slug":"boat-steering-wheel","status":"publish","type":"product","link":"https:\/\/qingdaohf.com\/fi\/tuote\/veneen-ohjauspyora\/","title":{"rendered":"Veneen ohjauspy\u00f6r\u00e4"},"content":{"rendered":"<h4>Luotettavan veneen ohjauspy\u00f6r\u00e4n merkitys<\/h4>\n<p>Ohjauspy\u00f6r\u00e4 on enemm\u00e4n kuin pelkk\u00e4 veneen ohjausmekanismi; se on navigoinnin ja ohjattavuuden syd\u00e4n. Sen muotoilu ja toimivuus vaikuttavat suoraan kuljettajan kykyyn hallita alusta erilaisissa vesiolosuhteissa. Laadukas ohjauspy\u00f6r\u00e4 takaa tarkan hallinnan, joka edist\u00e4\u00e4 turvallisuutta ja tehokkuutta, olipa kyseess\u00e4 sitten rauhallinen risteily tai haastavien virtausten navigointi.<\/p>\n<p>Kun veneen omistajat valitsevat ohjauspy\u00f6r\u00e4\u00e4, he pit\u00e4v\u00e4t usein ensisijaisena materiaaleja, jotka kest\u00e4v\u00e4t meriymp\u00e4rist\u00f6j\u00e4, kuten suolaveden, kosteuden ja UV-s\u00e4teiden vaikutusta. Yleiset materiaalit, kuten ruostumaton ter\u00e4s, alumiini ja merenkulkualan muovit, ovat eritasoisia kest\u00e4vyydelt\u00e4\u00e4n ja korroosionkest\u00e4vyydelt\u00e4\u00e4n. Ergonomia on toinen t\u00e4rke\u00e4 n\u00e4k\u00f6kohta, sill\u00e4 py\u00f6r\u00e4n muoto, ote ja koko voivat vaikuttaa mukavuuteen pitk\u00e4n k\u00e4yt\u00f6n aikana. Oikean ohjauspy\u00f6r\u00e4n valinta on t\u00e4rke\u00e4\u00e4 paitsi suorituskyvyn my\u00f6s veneilykokemuksen parantamisen kannalta.<\/p>\n<h4>Veneen ohjauspy\u00f6r\u00e4tyypit<\/h4>\n<p>Veneiden ohjauspy\u00f6ri\u00e4 on erilaisia, ja ne soveltuvat tiettyihin alusluokkiin ja k\u00e4ytt\u00e4j\u00e4n mieltymyksiin. Klassiset ruostumattomasta ter\u00e4ksest\u00e4 valmistetut ohjauspy\u00f6r\u00e4t ovat edelleen veneilij\u00f6iden suosikkeja ajattoman muotoilunsa, poikkeuksellisen lujuutensa ja ankarien merielementtien kest\u00e4vyytens\u00e4 ansiosta. N\u00e4iss\u00e4 py\u00f6riss\u00e4 on usein kiillotettu viimeistely, mik\u00e4 lis\u00e4\u00e4 hienostuneisuutta ruoriin.<\/p>\n<p>Kevyit\u00e4 vaihtoehtoja etsiville alumiinista tai komposiittimateriaaleista valmistetut py\u00f6r\u00e4t tarjoavat erinomaisen suorituskyvyn. Alumiinisia malleja arvostetaan niiden lujuuden ja painon tasapainon vuoksi, joten ne sopivat pienempiin veneisiin tai huvialuksiin. Komposiittipy\u00f6r\u00e4t taas sopivat erinomaisesti nykyaikaisille veneilij\u00f6ille, jotka pit\u00e4v\u00e4t kustannustehokkuutta t\u00e4rkeimp\u00e4n\u00e4 kest\u00e4vyydest\u00e4 tinkim\u00e4tt\u00e4.<\/p>\n<p>Puiset ohjauspy\u00f6r\u00e4t sopivat harrastajille, jotka arvostavat perinteist\u00e4 estetiikkaa ja k\u00e4sity\u00f6taitoa. Puiset ohjauspy\u00f6r\u00e4t ovat usein vintage- tai luksusjahtien parina, ja niist\u00e4 huokuu klassinen vieh\u00e4tysvoima, vaikka ne vaativat enemm\u00e4n huoltoa kuin metalliset tai muoviset vastineensa. Jokainen tyyppi palvelee ainutlaatuisia tarkoituksia, joten veneen omistajat voivat valita sen toiminnallisten tarpeiden ja tyylillisten mieltymysten perusteella.<\/p>\n<h4>Miksi valita veneen ohjauspy\u00f6r\u00e4t<\/h4>\n<p>Oikean toimittajan valinta veneen ohjauspy\u00f6rille on yht\u00e4 t\u00e4rke\u00e4\u00e4 kuin itse tuotteen valinta. Me kauppayhti\u00f6ss\u00e4mme asetamme etusijalle arvon ja luotettavuuden tarjoamisen laajan venetarvikevalikoimamme avulla. Ohjauspy\u00f6r\u00e4mme k\u00e4yv\u00e4t l\u00e4pi tiukat laatutarkastukset, joilla varmistetaan alan standardien noudattaminen ja tarjotaan asiakkaillemme mielenrauha.<\/p>\n<p>Yksil\u00f6llinen asiakaspalvelumme erottaa meid\u00e4t markkinoilta, sill\u00e4 teemme tiivist\u00e4 yhteisty\u00f6t\u00e4 asiakkaiden kanssa ymm\u00e4rt\u00e4\u00e4kseen heid\u00e4n yksil\u00f6lliset tarpeensa. T\u00e4m\u00e4 henkil\u00f6kohtainen l\u00e4hestymistapa auttaa suosittelemaan heid\u00e4n alustyypilleen, k\u00e4ytt\u00f6olosuhteilleen ja budjetilleen r\u00e4\u00e4t\u00e4l\u00f6ityj\u00e4 ohjauspy\u00f6ri\u00e4. Lis\u00e4ksi virtaviivainen logistiikkamme takaa nopean toimitussyklin, mik\u00e4 minimoi sek\u00e4 veneilij\u00f6iden ett\u00e4 jakelijoiden seisokkiajan.<\/p>\n<p>Ohjauspy\u00f6riemme kest\u00e4vyys on osoitus sitoutumisestamme huippuosaamiseen. Ne on valmistettu ensiluokkaisista materiaaleista, ja ne on suunniteltu kest\u00e4m\u00e4\u00e4n pitk\u00e4aikaista altistumista meriymp\u00e4rist\u00f6ille s\u00e4ilytt\u00e4en samalla optimaalisen suorituskyvyn. Tarjoamalla esteettisyyden, toiminnallisuuden ja luotettavuuden yhdistelm\u00e4n tuotteemme t\u00e4ytt\u00e4v\u00e4t sek\u00e4 vapaa-ajan ett\u00e4 ammattik\u00e4ytt\u00e4jien odotukset.<\/p>\n<h4>Innovaation rooli ohjauspy\u00f6r\u00e4n suunnittelussa<\/h4>\n<p>Veneen ohjauspy\u00f6r\u00e4n suunnittelun nykyaikaiset edistysaskeleet ovat tuoneet mukanaan ominaisuuksia, jotka parantavat k\u00e4ytett\u00e4vyytt\u00e4 ja mukavuutta. Monissa malleissa on nyt liukumattomat kahvat, jotka parantavat ohjausta my\u00f6s m\u00e4riss\u00e4 olosuhteissa. Lis\u00e4ksi py\u00f6r\u00e4t, joissa on s\u00e4\u00e4dett\u00e4v\u00e4 kallistustoiminto, tarjoavat joustavuutta, joka mukautuu eri pituisiin ja erilaisiin k\u00e4ytt\u00e4jiin.<\/p>\n<p>Innovatiivisilla materiaaleilla on my\u00f6s merkitt\u00e4v\u00e4 rooli ohjauspy\u00f6rien kest\u00e4vyyden ja k\u00e4ytt\u00f6i\u00e4n parantamisessa. Merenkulkualan ruostumaton ter\u00e4s, johon on lis\u00e4tty pinnoitteita, kest\u00e4\u00e4 erinomaisesti reikiintymist\u00e4 ja ruostumista, kun taas UV-stabiloidut muovit est\u00e4v\u00e4t haalistumista ja halkeilua auringonvalon vaikutuksesta. N\u00e4m\u00e4 edistysaskeleet eiv\u00e4t ainoastaan takaa tuotteen pitk\u00e4ik\u00e4isyytt\u00e4, vaan my\u00f6s edist\u00e4v\u00e4t kuljettajan turvallisuutta ja mukavuutta.<\/p>\n<p>Toinen keskeinen innovaatio on monitoimis\u00e4\u00e4timien integrointi suoraan ohjauspy\u00f6r\u00e4\u00e4n. T\u00e4llaisen rakenteen ansiosta kuljettajat voivat k\u00e4ytt\u00e4\u00e4 kriittisi\u00e4 toimintoja, kuten kaasunohjausta tai elektronisia n\u00e4ytt\u00f6j\u00e4, irrottamatta k\u00e4si\u00e4\u00e4n ratista. N\u00e4m\u00e4 ominaisuudet tehostavat veneilykokemusta, tekev\u00e4t navigoinnista intuitiivisempaa ja v\u00e4hent\u00e4v\u00e4t kuljettajan v\u00e4symisen todenn\u00e4k\u00f6isyytt\u00e4.<\/p>\n<h4>Pitk\u00e4n aikav\u00e4lin arvon varmistaminen<\/h4>\n<p>Laadukkaaseen veneen ohjauspy\u00f6r\u00e4\u00e4n sijoittaminen on p\u00e4\u00e4t\u00f6s, joka kannattaa pitk\u00e4ll\u00e4 aikav\u00e4lill\u00e4. V\u00e4litt\u00f6m\u00e4n toiminnallisuuden lis\u00e4ksi n\u00e4m\u00e4 tuotteet parantavat veneen kokonaisarvoa, etenkin kun ne on yhdistetty hyv\u00e4maineisen toimittajan kanssa. Ohjauspy\u00f6r\u00e4mme on suunniteltu pitk\u00e4ik\u00e4isyytt\u00e4 silm\u00e4ll\u00e4 pit\u00e4en, ja ne tarjoavat optimaalisen tasapainon suorituskyvyn, kest\u00e4vyyden ja esteettisyyden v\u00e4lill\u00e4.<\/p>\n<p>Asiakkaat voivat luottaa siihen, ett\u00e4 yrityksemme tarjoaa paitsi poikkeuksellisia tuotteita my\u00f6s kattavaa tukea koko ostoprosessin ajan. Pyrimme rakentamaan pysyvi\u00e4 suhteita asiakkaisiimme aina alkukonsultaatioista myynnin j\u00e4lkeiseen palveluun. T\u00e4m\u00e4 sitoutuminen huippuosaamiseen on luonut meille maineen luotettuna kumppanina merenkulun tarvikemarkkinoilla.<\/p>\n<p>Asettamalla laadun, innovaation ja asiakastyytyv\u00e4isyyden etusijalle pyrimme ylitt\u00e4m\u00e4\u00e4n asiakkaidemme odotukset. Olipa kyse sitten satunnaisista veneilyn harrastajista tai ammattimaisista merenkulkijoista, veneen ohjauspy\u00f6r\u00e4mme edustavat k\u00e4yt\u00e4nn\u00f6llisyyden ja tyylin yhdistelm\u00e4\u00e4, joka takaa erinomaisen suorituskyvyn vesill\u00e4.<\/p>","protected":false},"excerpt":{"rendered":"<p>Veneen ohjauspy\u00f6rill\u00e4 on keskeinen rooli sujuvan navigoinnin ja hallinnan varmistamisessa vesill\u00e4, joten ne ovat t\u00e4rke\u00e4 osa mit\u00e4 tahansa alusta. Ohjauspy\u00f6r\u00e4\u00e4 valitessaan ostajat asettavat usein etusijalle sellaiset tekij\u00e4t kuin materiaalin kest\u00e4vyys, ergonominen muotoilu, yhteensopivuus eri merenkulun j\u00e4rjestelmien kanssa ja korroosionkest\u00e4vyys. Kauppayhti\u00f6mme tarjoaa korkealaatuisia veneen ohjauspy\u00f6ri\u00e4, jotka vastaavat n\u00e4ihin huolenaiheisiin, yhdistettyn\u00e4 henkil\u00f6kohtaiseen asiakaspalveluun, joka takaa r\u00e4\u00e4t\u00e4l\u00f6idyt suositukset. Lis\u00e4ksi takaamme nopean toimitussyklin ja toimitamme perusteelliset laatutarkastusraportit, jotta voimme tarjota mielenrauhan jokaisen ostoksen yhteydess\u00e4.<\/p>","protected":false},"featured_media":8429,"comment_status":"open","ping_status":"closed","template":"","meta":{"site-sidebar-layout":"default","site-content-layout":"","ast-site-content-layout":"default","site-content-style":"default","site-sidebar-style":"default","ast-global-header-display":"","ast-banner-title-visibility":"","ast-main-header-display":"","ast-hfb-above-header-display":"","ast-hfb-below-header-display":"","ast-hfb-mobile-header-display":"","site-post-title":"","ast-breadcrumbs-content":"","ast-featured-img":"","footer-sml-layout":"","theme-transparent-header-meta":"default","adv-header-id-meta":"","stick-header-meta":"default","header-above-stick-meta":"","header-main-stick-meta":"","header-below-stick-meta":"","astra-migrate-meta-layouts":"set","ast-page-background-enabled":"default","ast-page-background-meta":{"desktop":{"background-color":"","background-image":"","background-repeat":"repeat","background-position":"center center","background-size":"auto","background-attachment":"scroll","background-type":"","background-media":"","overlay-type":"","overlay-color":"","overlay-opacity":"","overlay-gradient":""},"tablet":{"background-color":"","background-image":"","background-repeat":"repeat","background-position":"center center","background-size":"auto","background-attachment":"scroll","background-type":"","background-media":"","overlay-type":"","overlay-color":"","overlay-opacity":"","overlay-gradient":""},"mobile":{"background-color":"","background-image":"","background-repeat":"repeat","background-position":"center center","background-size":"auto","background-attachment":"scroll","background-type":"","background-media":"","overlay-type":"","overlay-color":"","overlay-opacity":"","overlay-gradient":""}},"ast-content-background-meta":{"desktop":{"background-color":"var(--ast-global-color-5)","background-image":"","background-repeat":"repeat","background-position":"center center","background-size":"auto","background-attachment":"scroll","background-type":"","background-media":"","overlay-type":"","overlay-color":"","overlay-opacity":"","overlay-gradient":""},"tablet":{"background-color":"var(--ast-global-color-5)","background-image":"","background-repeat":"repeat","background-position":"center center","background-size":"auto","background-attachment":"scroll","background-type":"","background-media":"","overlay-type":"","overlay-color":"","overlay-opacity":"","overlay-gradient":""},"mobile":{"background-color":"var(--ast-global-color-5)","background-image":"","background-repeat":"repeat","background-position":"center center","background-size":"auto","background-attachment":"scroll","background-type":"","background-media":"","overlay-type":"","overlay-color":"","overlay-opacity":"","overlay-gradient":""}}},"product_brand":[],"product_cat":[44],"product_tag":[],"class_list":{"0":"post-8428","1":"product","2":"type-product","3":"status-publish","4":"has-post-thumbnail","6":"product_cat-stainless-steel-poduct","7":"desktop-align-left","8":"tablet-align-left","9":"mobile-align-left","10":"ast-product-gallery-layout-horizontal-slider","11":"ast-product-tabs-layout-horizontal","13":"first","14":"instock","15":"shipping-taxable","16":"purchasable","17":"product-type-simple"},"yoast_head":"<!-- This site is optimized with the Yoast SEO plugin v25.2 - https:\/\/yoast.com\/wordpress\/plugins\/seo\/ -->\n<title>Boat Steering Wheel<\/title>\n<meta name=\"robots\" content=\"index, follow, max-snippet:-1, max-image-preview:large, max-video-preview:-1\" \/>\n<link rel=\"canonical\" href=\"https:\/\/qingdaohf.com\/fi\/tuote\/veneen-ohjauspyora\/\" \/>\n<meta property=\"og:locale\" content=\"fi_FI\" \/>\n<meta property=\"og:type\" content=\"article\" \/>\n<meta property=\"og:title\" content=\"Boat Steering Wheel\" \/>\n<meta property=\"og:description\" content=\"Boat steering wheels play a pivotal role in ensuring smooth navigation and control on water, making them a critical component for any vessel. Buyers often prioritize factors such as material durability, ergonomic design, compatibility with various marine systems, and corrosion resistance when selecting a steering wheel. Our trading company offers high-quality boat steering wheels that address these concerns, coupled with one-to-one customer service, ensuring tailored recommendations. Additionally, we guarantee a fast delivery cycle and provide thorough quality inspection reports to offer peace of mind with every purchase.\" \/>\n<meta property=\"og:url\" content=\"https:\/\/qingdaohf.com\/fi\/tuote\/veneen-ohjauspyora\/\" \/>\n<meta property=\"og:site_name\" content=\"Concrete Form &amp; Rigging Hardware Supplier\" \/>\n<meta property=\"article:publisher\" content=\"https:\/\/www.facebook.com\/qingdaohf\" \/>\n<meta property=\"article:modified_time\" content=\"2025-11-13T01:02:51+00:00\" \/>\n<meta property=\"og:image\" content=\"https:\/\/qingdaohf.com\/wp-content\/uploads\/2024\/11\/boat-steering-wheel-5.jpg\" \/>\n\t<meta property=\"og:image:width\" content=\"1000\" \/>\n\t<meta property=\"og:image:height\" content=\"1000\" \/>\n\t<meta property=\"og:image:type\" content=\"image\/jpeg\" \/>\n<meta name=\"twitter:card\" content=\"summary_large_image\" \/>\n<meta name=\"twitter:label1\" content=\"Arvioitu lukuaika\" \/>\n\t<meta name=\"twitter:data1\" content=\"4 minuuttia\" \/>\n<script type=\"application\/ld+json\" class=\"yoast-schema-graph\">{\"@context\":\"https:\/\/schema.org\",\"@graph\":[{\"@type\":\"WebPage\",\"@id\":\"https:\/\/qingdaohf.com\/product\/boat-steering-wheel\/\",\"url\":\"https:\/\/qingdaohf.com\/product\/boat-steering-wheel\/\",\"name\":\"Boat Steering Wheel\",\"isPartOf\":{\"@id\":\"https:\/\/qingdaohf.com\/bg\/#website\"},\"primaryImageOfPage\":{\"@id\":\"https:\/\/qingdaohf.com\/product\/boat-steering-wheel\/#primaryimage\"},\"image\":{\"@id\":\"https:\/\/qingdaohf.com\/product\/boat-steering-wheel\/#primaryimage\"},\"thumbnailUrl\":\"https:\/\/qingdaohf.com\/wp-content\/uploads\/2024\/11\/boat-steering-wheel-5.jpg\",\"datePublished\":\"2024-11-29T08:45:52+00:00\",\"dateModified\":\"2025-11-13T01:02:51+00:00\",\"breadcrumb\":{\"@id\":\"https:\/\/qingdaohf.com\/product\/boat-steering-wheel\/#breadcrumb\"},\"inLanguage\":\"fi\",\"potentialAction\":[{\"@type\":\"ReadAction\",\"target\":[\"https:\/\/qingdaohf.com\/product\/boat-steering-wheel\/\"]}]},{\"@type\":\"ImageObject\",\"inLanguage\":\"fi\",\"@id\":\"https:\/\/qingdaohf.com\/product\/boat-steering-wheel\/#primaryimage\",\"url\":\"https:\/\/qingdaohf.com\/wp-content\/uploads\/2024\/11\/boat-steering-wheel-5.jpg\",\"contentUrl\":\"https:\/\/qingdaohf.com\/wp-content\/uploads\/2024\/11\/boat-steering-wheel-5.jpg\",\"width\":1000,\"height\":1000,\"caption\":\"boat steering wheel\"},{\"@type\":\"BreadcrumbList\",\"@id\":\"https:\/\/qingdaohf.com\/product\/boat-steering-wheel\/#breadcrumb\",\"itemListElement\":[{\"@type\":\"ListItem\",\"position\":1,\"name\":\"Home\",\"item\":\"https:\/\/qingdaohf.com\/\"},{\"@type\":\"ListItem\",\"position\":2,\"name\":\"Concrete Forming Accessories and Rigging Hardware\",\"item\":\"https:\/\/qingdaohf.com\/bg\/?page_id=944\"},{\"@type\":\"ListItem\",\"position\":3,\"name\":\"Boat Steering Wheel\"}]},{\"@type\":\"WebSite\",\"@id\":\"https:\/\/qingdaohf.com\/bg\/#website\",\"url\":\"https:\/\/qingdaohf.com\/bg\/\",\"name\":\"Concrete Form & Rigging Hardware Supplier\",\"description\":\"\",\"publisher\":{\"@id\":\"https:\/\/qingdaohf.com\/bg\/#organization\"},\"potentialAction\":[{\"@type\":\"SearchAction\",\"target\":{\"@type\":\"EntryPoint\",\"urlTemplate\":\"https:\/\/qingdaohf.com\/bg\/?s={search_term_string}\"},\"query-input\":{\"@type\":\"PropertyValueSpecification\",\"valueRequired\":true,\"valueName\":\"search_term_string\"}}],\"inLanguage\":\"fi\"},{\"@type\":\"Organization\",\"@id\":\"https:\/\/qingdaohf.com\/bg\/#organization\",\"name\":\"Qingdao H&F\",\"url\":\"https:\/\/qingdaohf.com\/bg\/\",\"logo\":{\"@type\":\"ImageObject\",\"inLanguage\":\"fi\",\"@id\":\"https:\/\/qingdaohf.com\/bg\/#\/schema\/logo\/image\/\",\"url\":\"https:\/\/qingdaohf.com\/wp-content\/uploads\/2022\/12\/cropped-HF-LOGO.png\",\"contentUrl\":\"https:\/\/qingdaohf.com\/wp-content\/uploads\/2022\/12\/cropped-HF-LOGO.png\",\"width\":391,\"height\":249,\"caption\":\"Qingdao H&F\"},\"image\":{\"@id\":\"https:\/\/qingdaohf.com\/bg\/#\/schema\/logo\/image\/\"},\"sameAs\":[\"https:\/\/www.facebook.com\/qingdaohf\"]}]}<\/script>\n<!-- \/ Yoast SEO plugin. -->","yoast_head_json":{"title":"Boat Steering Wheel","robots":{"index":"index","follow":"follow","max-snippet":"max-snippet:-1","max-image-preview":"max-image-preview:large","max-video-preview":"max-video-preview:-1"},"canonical":"https:\/\/qingdaohf.com\/fi\/tuote\/veneen-ohjauspyora\/","og_locale":"fi_FI","og_type":"article","og_title":"Boat Steering Wheel","og_description":"Boat steering wheels play a pivotal role in ensuring smooth navigation and control on water, making them a critical component for any vessel. Buyers often prioritize factors such as material durability, ergonomic design, compatibility with various marine systems, and corrosion resistance when selecting a steering wheel. Our trading company offers high-quality boat steering wheels that address these concerns, coupled with one-to-one customer service, ensuring tailored recommendations. Additionally, we guarantee a fast delivery cycle and provide thorough quality inspection reports to offer peace of mind with every purchase.","og_url":"https:\/\/qingdaohf.com\/fi\/tuote\/veneen-ohjauspyora\/","og_site_name":"Concrete Form &amp; Rigging Hardware Supplier","article_publisher":"https:\/\/www.facebook.com\/qingdaohf","article_modified_time":"2025-11-13T01:02:51+00:00","og_image":[{"width":1000,"height":1000,"url":"https:\/\/qingdaohf.com\/wp-content\/uploads\/2024\/11\/boat-steering-wheel-5.jpg","type":"image\/jpeg"}],"twitter_card":"summary_large_image","twitter_misc":{"Arvioitu lukuaika":"4 minuuttia"},"schema":{"@context":"https:\/\/schema.org","@graph":[{"@type":"WebPage","@id":"https:\/\/qingdaohf.com\/product\/boat-steering-wheel\/","url":"https:\/\/qingdaohf.com\/product\/boat-steering-wheel\/","name":"Boat Steering Wheel","isPartOf":{"@id":"https:\/\/qingdaohf.com\/bg\/#website"},"primaryImageOfPage":{"@id":"https:\/\/qingdaohf.com\/product\/boat-steering-wheel\/#primaryimage"},"image":{"@id":"https:\/\/qingdaohf.com\/product\/boat-steering-wheel\/#primaryimage"},"thumbnailUrl":"https:\/\/qingdaohf.com\/wp-content\/uploads\/2024\/11\/boat-steering-wheel-5.jpg","datePublished":"2024-11-29T08:45:52+00:00","dateModified":"2025-11-13T01:02:51+00:00","breadcrumb":{"@id":"https:\/\/qingdaohf.com\/product\/boat-steering-wheel\/#breadcrumb"},"inLanguage":"fi","potentialAction":[{"@type":"ReadAction","target":["https:\/\/qingdaohf.com\/product\/boat-steering-wheel\/"]}]},{"@type":"ImageObject","inLanguage":"fi","@id":"https:\/\/qingdaohf.com\/product\/boat-steering-wheel\/#primaryimage","url":"https:\/\/qingdaohf.com\/wp-content\/uploads\/2024\/11\/boat-steering-wheel-5.jpg","contentUrl":"https:\/\/qingdaohf.com\/wp-content\/uploads\/2024\/11\/boat-steering-wheel-5.jpg","width":1000,"height":1000,"caption":"boat steering wheel"},{"@type":"BreadcrumbList","@id":"https:\/\/qingdaohf.com\/product\/boat-steering-wheel\/#breadcrumb","itemListElement":[{"@type":"ListItem","position":1,"name":"Home","item":"https:\/\/qingdaohf.com\/"},{"@type":"ListItem","position":2,"name":"Concrete Forming Accessories and Rigging Hardware","item":"https:\/\/qingdaohf.com\/bg\/?page_id=944"},{"@type":"ListItem","position":3,"name":"Boat Steering Wheel"}]},{"@type":"WebSite","@id":"https:\/\/qingdaohf.com\/bg\/#website","url":"https:\/\/qingdaohf.com\/bg\/","name":"Concrete Form & Rigging Hardware Supplier","description":"","publisher":{"@id":"https:\/\/qingdaohf.com\/bg\/#organization"},"potentialAction":[{"@type":"SearchAction","target":{"@type":"EntryPoint","urlTemplate":"https:\/\/qingdaohf.com\/bg\/?s={search_term_string}"},"query-input":{"@type":"PropertyValueSpecification","valueRequired":true,"valueName":"search_term_string"}}],"inLanguage":"fi"},{"@type":"Organization","@id":"https:\/\/qingdaohf.com\/bg\/#organization","name":"Qingdao H&F","url":"https:\/\/qingdaohf.com\/bg\/","logo":{"@type":"ImageObject","inLanguage":"fi","@id":"https:\/\/qingdaohf.com\/bg\/#\/schema\/logo\/image\/","url":"https:\/\/qingdaohf.com\/wp-content\/uploads\/2022\/12\/cropped-HF-LOGO.png","contentUrl":"https:\/\/qingdaohf.com\/wp-content\/uploads\/2022\/12\/cropped-HF-LOGO.png","width":391,"height":249,"caption":"Qingdao H&F"},"image":{"@id":"https:\/\/qingdaohf.com\/bg\/#\/schema\/logo\/image\/"},"sameAs":["https:\/\/www.facebook.com\/qingdaohf"]}]}},"_links":{"self":[{"href":"https:\/\/qingdaohf.com\/fi\/wp-json\/wp\/v2\/product\/8428","targetHints":{"allow":["GET"]}}],"collection":[{"href":"https:\/\/qingdaohf.com\/fi\/wp-json\/wp\/v2\/product"}],"about":[{"href":"https:\/\/qingdaohf.com\/fi\/wp-json\/wp\/v2\/types\/product"}],"replies":[{"embeddable":true,"href":"https:\/\/qingdaohf.com\/fi\/wp-json\/wp\/v2\/comments?post=8428"}],"version-history":[{"count":1,"href":"https:\/\/qingdaohf.com\/fi\/wp-json\/wp\/v2\/product\/8428\/revisions"}],"predecessor-version":[{"id":8436,"href":"https:\/\/qingdaohf.com\/fi\/wp-json\/wp\/v2\/product\/8428\/revisions\/8436"}],"wp:featuredmedia":[{"embeddable":true,"href":"https:\/\/qingdaohf.com\/fi\/wp-json\/wp\/v2\/media\/8429"}],"wp:attachment":[{"href":"https:\/\/qingdaohf.com\/fi\/wp-json\/wp\/v2\/media?parent=8428"}],"wp:term":[{"taxonomy":"product_brand","embeddable":true,"href":"https:\/\/qingdaohf.com\/fi\/wp-json\/wp\/v2\/product_brand?post=8428"},{"taxonomy":"product_cat","embeddable":true,"href":"https:\/\/qingdaohf.com\/fi\/wp-json\/wp\/v2\/product_cat?post=8428"},{"taxonomy":"product_tag","embeddable":true,"href":"https:\/\/qingdaohf.com\/fi\/wp-json\/wp\/v2\/product_tag?post=8428"}],"curies":[{"name":"wp","href":"https:\/\/api.w.org\/{rel}","templated":true}]}}