{"id":8532,"date":"2024-12-16T11:17:22","date_gmt":"2024-12-16T03:17:22","guid":{"rendered":"http:\/\/qingdaohf.com\/?post_type=product&#038;p=8532"},"modified":"2025-11-13T09:02:22","modified_gmt":"2025-11-13T01:02:22","slug":"sandwich-panel-erection-anchor","status":"publish","type":"product","link":"https:\/\/qingdaohf.com\/fi\/tuote\/sandwich-paneelin-pystytysankkuri\/","title":{"rendered":"Sandwich-paneelin pystytysankkuri"},"content":{"rendered":"<p class=\"whitespace-pre-wrap break-words\">Tehdasvalmisteisten komponenttien lis\u00e4\u00e4ntyv\u00e4 k\u00e4ytt\u00f6 rakennusteollisuudessa on tehnyt sandwich-levyjen asennusankkureista entist\u00e4 t\u00e4rke\u00e4mpi\u00e4. N\u00e4m\u00e4 erikoisty\u00f6kalut ovat ratkaisevan t\u00e4rkeit\u00e4 sandwich-paneelien turvallisessa nostamisessa, sijoittelussa ja asentamisessa seiniin, kattoihin ja julkisivuihin. Riippumatta siit\u00e4, valmistatko n\u00e4it\u00e4 ankkureita vai k\u00e4yt\u00e4tk\u00f6 niit\u00e4 ty\u00f6maalla, niiden lajikkeiden, k\u00e4ytt\u00f6tarkoitusten ja suorituskykytekij\u00f6iden ymm\u00e4rt\u00e4minen on olennaista.<\/p>\n<h2 class=\"font-600 text-xl font-bold\">Sandwich-paneelien asennusankkureiden toiminta ja merkitys<\/h2>\n<p class=\"whitespace-pre-wrap break-words\">Turvallisuus ja tehokkuus asennuksen aikana ovat sandwich-levyjen asennusankkureiden ensisijaisia teht\u00e4vi\u00e4. N\u00e4m\u00e4 ty\u00f6kalut luovat luotettavia kiinnityspisteit\u00e4 nostolaitteille ja v\u00e4hent\u00e4v\u00e4t merkitt\u00e4v\u00e4sti raskaiden paneelien k\u00e4sittelyyn liittyvi\u00e4 riskej\u00e4. Hankkeissa, joissa aika ratkaisee ja tarkkuus on t\u00e4rke\u00e4\u00e4, n\u00e4m\u00e4 ankkurit yksinkertaistavat monimutkaista logistiikkaa ja t\u00e4ytt\u00e4v\u00e4t samalla tiukat turvallisuusvaatimukset.<\/p>\n<p class=\"whitespace-pre-wrap break-words\">N\u00e4m\u00e4 ankkurit tekev\u00e4t muutakin kuin vain nostavat - ne auttavat varmistamaan, ett\u00e4 paneelit ovat oikeassa linjassa ja pysyv\u00e4t oikeassa asennossa, mik\u00e4 est\u00e4\u00e4 rakenteellista rasitusta ja virheasentoja asennuksen aikana. T\u00e4m\u00e4 tarkkuus on erityisen t\u00e4rke\u00e4\u00e4 suurissa teollisuus- ja liikerakennuksissa, joissa kaikkien osien yhdenmukainen suorituskyky voi ratkaista projektin. Ankkurityypin valinta vaikuttaa suoraan siihen, miten hyvin projekti onnistuu.<\/p>\n<h2 class=\"font-600 text-xl font-bold\">Sandwich-paneelien asennusankkureiden tyypit ja sovellukset<\/h2>\n<p class=\"whitespace-pre-wrap break-words\">Rakennusryhm\u00e4t voivat valita useista eri ankkurityypeist\u00e4, jotka on suunniteltu tiettyj\u00e4 paneelipainoja, malleja ja asennustarpeita varten. Jotkin toimivat parhaiten kevyempien paneelien kanssa, kun taas toiset on suunniteltu vahvistettuja, raskaampia malleja varten.<\/p>\n<p class=\"whitespace-pre-wrap break-words\">Mekaaniset ankkurit ovat suosittuja niiden joustavuuden ja yksinkertaisen asennusprosessin ansiosta. Rakennusryhm\u00e4t arvostavat niit\u00e4, koska ne jakavat kuormia tasaisesti nostojen aikana. Kovemmissa ymp\u00e4rist\u00f6iss\u00e4, joissa tarvitaan lis\u00e4\u00e4 kest\u00e4vyytt\u00e4, hitsatut ankkurit tarjoavat parempaa lujuutta.<\/p>\n<p class=\"whitespace-pre-wrap break-words\">L\u00f6yd\u00e4t my\u00f6s upotettuja ankkureita, jotka valmistajat asentavat suoraan paneeleihin tuotannon aikana. Ne sopivat erinomaisesti hankkeisiin, joissa tarvitaan sujuvaa integrointia ja mahdollisimman v\u00e4h\u00e4n s\u00e4\u00e4t\u00f6j\u00e4 paikan p\u00e4\u00e4ll\u00e4. Tyypist\u00e4 riippumatta oikean ankkurin valinta edellytt\u00e4\u00e4 projektin tarpeiden huolellista tarkastelua - kuormitusvaatimuksista ymp\u00e4rist\u00f6olosuhteisiin ja alan standardeihin.<\/p>\n<p class=\"whitespace-pre-wrap break-words\">N\u00e4m\u00e4 ankkurit eiv\u00e4t rajoitu mihink\u00e4\u00e4n yksitt\u00e4iseen toimialaan. Niit\u00e4 k\u00e4ytet\u00e4\u00e4n varastorakentamisessa, tehdasrakennuksissa, toimistorakennuksissa ja jopa kodeissa. Niiden mukautuvuus eri paneelikokoihin ja -materiaaleihin tekee niist\u00e4 arvokkaita sek\u00e4 pieniss\u00e4 hankkeissa ett\u00e4 suurissa rakennushankkeissa.<\/p>\n<h2 class=\"font-600 text-xl font-bold\">Sandwich-paneelien asennusankkureiden valintaan vaikuttavat tekij\u00e4t<\/h2>\n<p class=\"whitespace-pre-wrap break-words\">Oikean asennusankkurin valintaan liittyy useita ratkaisevia n\u00e4k\u00f6kohtia. Kuormitettavuus on t\u00e4rkeint\u00e4 - sinun on tiedett\u00e4v\u00e4 tarkalleen, kuinka paljon painoa ankkuri kest\u00e4\u00e4 turvallisesti. T\u00e4m\u00e4 edellytt\u00e4\u00e4 tarkkoja laskelmia, jotka perustuvat paneelisi eritelmiin ja materiaaleihin, jotta v\u00e4ltyt\u00e4\u00e4n ylikuormitukselta.<\/p>\n<p class=\"whitespace-pre-wrap break-words\">Materiaalin laadulla on valtava merkitys. Useimmat valmistajat valitsevat lujan ter\u00e4ksen sen erinomaisen vetolujuuden ja kest\u00e4vyyden vuoksi. Jos rakennat kosteille alueille tai rannikon l\u00e4heisyyteen, korroosionkest\u00e4vyydest\u00e4 tulee ratkaisevan t\u00e4rke\u00e4\u00e4. Monet urakoitsijat valitsevat sinkittyj\u00e4 tai pinnoitettuja ankkureita pident\u00e4\u00e4kseen niiden k\u00e4ytt\u00f6ik\u00e4\u00e4.<\/p>\n<p class=\"whitespace-pre-wrap break-words\">Asennuksen helppous ja yhteensopivuus tavanomaisten nostolaitteiden kanssa voivat vaikuttaa merkitt\u00e4v\u00e4sti projektin aikatauluun ja budjettiin. Oikeat ankkurit toimivat sujuvasti nykyisten j\u00e4rjestelmiesi kanssa, mik\u00e4 v\u00e4hent\u00e4\u00e4 ty\u00f6voimakustannuksia ja nopeuttaa rakentamista. Kansainv\u00e4listen turvallisuusstandardien noudattaminen ei ole valinnaista - se on olennaista s\u00e4\u00e4nn\u00f6sten noudattamisen ja projektin onnistumisen varmistamiseksi.<\/p>\n<p class=\"whitespace-pre-wrap break-words\">Qingdao H&amp;F:ss\u00e4 n\u00e4m\u00e4 tekij\u00e4t ohjaavat tuotteiden hankintaa ja toimitusta. Olemme rakentaneet tuotevalikoimamme vastaamaan moninaisia maailmanlaajuisia vaatimuksia ja tukeneet kaikkea perusteellisilla laatutarkastuksilla ja suorituskykytesteill\u00e4. N\u00e4in varmistetaan, ett\u00e4 saat juuri sit\u00e4, mit\u00e4 projektisi tarvitsee.<\/p>\n<h2 class=\"font-600 text-xl font-bold\">Sandwich-paneelien asennusankkureiden arvon lis\u00e4\u00e4minen asiantuntijatuen avulla<\/h2>\n<p class=\"whitespace-pre-wrap break-words\">Sandwich-paneelien asennusankkureista ei ole kyse vain laitteistosta, vaan my\u00f6s sen takana olevasta tuesta. Qingdao H&amp;F:n tiimimme uskoo selke\u00e4\u00e4n viestint\u00e4\u00e4n ja asiantuntevaan ohjaukseen. Teemme tiivist\u00e4 yhteisty\u00f6t\u00e4 jokaisen asiakkaan kanssa ymm\u00e4rt\u00e4\u00e4kseen heid\u00e4n erityistarpeensa ja antaaksemme kohdennettuja suosituksia optimaalisen suorituskyvyn saavuttamiseksi.<\/p>\n<p class=\"whitespace-pre-wrap break-words\">Tied\u00e4mme, ettei rakennusprojekteissa ole varaa viiv\u00e4styksiin, ja siksi olemme optimoineet toimitusprosessimme. Tehokkaan toimitusketjun hallinnan ja strategisten kumppanuuksien avulla varmistamme, ett\u00e4 ankkurisi saapuvat perille silloin, kun tarvitset niit\u00e4, miss\u00e4 ikin\u00e4 oletkin.<\/p>\n<p class=\"whitespace-pre-wrap break-words\">Jokaisen l\u00e4hetyksen mukana toimitetaan yksityiskohtaiset laatutarkastusraportit, jotka antavat sinulle t\u00e4ydellisen n\u00e4kyvyyden tuotespesifikaatioihin ja suorituskykyyn liittyviin tietoihin. T\u00e4m\u00e4 avoimuus kuvastaa sitoutumistamme huippuosaamiseen.<\/p>\n<h2 class=\"font-600 text-xl font-bold\">Katse eteenp\u00e4in: Ankkurit: Sandwich-paneelien asennusankkureiden tulevaisuus<\/h2>\n<p class=\"whitespace-pre-wrap break-words\">Rakennusteollisuus kehittyy jatkuvasti, eiv\u00e4tk\u00e4 paneelien asennustekniikat ole poikkeus. Ankkuritekniikassa on tapahtunut j\u00e4nnitt\u00e4v\u00e4\u00e4 kehityst\u00e4, kuten vahvempia mutta kevyempi\u00e4 materiaaleja. Tulevaisuus saattaa tuoda mukanaan \u00e4lykk\u00e4it\u00e4 ankkureita, joissa on sis\u00e4\u00e4nrakennetut anturit, jotka valvovat rasitusta ja kohdistusta, mik\u00e4 nostaa turvallisuuden ja tehokkuuden uudelle tasolle.<\/p>\n<p class=\"whitespace-pre-wrap break-words\">Me Qingdao H&amp;F:ss\u00e4 pysymme edell\u00e4 n\u00e4it\u00e4 alan muutoksia. Pysym\u00e4ll\u00e4 ajan tasalla viimeisimm\u00e4st\u00e4 kehityksest\u00e4 varmistamme, ett\u00e4 asiakkaillamme on aina k\u00e4ytett\u00e4viss\u00e4\u00e4n huippuluokan ratkaisuja. Yhdist\u00e4mme innovatiiviset tuotteet ja asiakasl\u00e4ht\u00f6isen palvelun s\u00e4ilytt\u00e4\u00e4kseen asemamme paneelien asennusankkuriratkaisujen markkinajohtajana.<\/p>\n<p class=\"whitespace-pre-wrap break-words\">Lopuksi totean, ett\u00e4 sandwich-levyjen asennusankkurit ovat edelleen olennaisen t\u00e4rkeit\u00e4 nykyaikaisen rakentamisen onnistumiselle. Niiden rooli turvallisen ja tehokkaan asennuksen mahdollistajana tekee niist\u00e4 korvaamattoman arvokkaita sek\u00e4 rakentajille ett\u00e4 urakoitsijoille. Qingdao H&amp;F on ylpe\u00e4 siit\u00e4, ett\u00e4 se on luotettava kumppani t\u00e4ll\u00e4 dynaamisella alalla, joka tarjoaa laatua ja huippuosaamista asiakkaille maailmanlaajuisesti.<\/p>","protected":false},"excerpt":{"rendered":"<p>Rakentamisessa sandwich-paneelien asennusankkurit ovat eritt\u00e4in t\u00e4rkeit\u00e4 ty\u00f6kaluja, jotka tekev\u00e4t sandwich-paneelien nostamisesta ja asentamisesta sek\u00e4 turvallista ett\u00e4 tehokasta. Ostajana kannattaa keskitty\u00e4 kolmeen keskeiseen asiaan: luotettavuuteen, yhteensopivuuteen eri levytyyppien kanssa ja vahvaan kantavuuteen. T\u00e4\u00e4ll\u00e4 Qingdao H&amp;F:ss\u00e4 olemme k\u00e4ytt\u00e4neet 20 vuotta l\u00e4hestymistapamme parantamiseen: tarjoamme henkil\u00f6kohtaista asiakaspalvelua, nopeampia toimitusaikoja ja yksityiskohtaisia laaturaportteja jokaisesta toimitetusta tilauksesta. Olemme sitoutuneet tarjoamaan asiakkaillemme maailmanlaajuisesti mahdollisimman sujuvan ostokokemuksen.<\/p>","protected":false},"featured_media":8533,"comment_status":"open","ping_status":"closed","template":"","meta":{"site-sidebar-layout":"default","site-content-layout":"","ast-site-content-layout":"default","site-content-style":"default","site-sidebar-style":"default","ast-global-header-display":"","ast-banner-title-visibility":"","ast-main-header-display":"","ast-hfb-above-header-display":"","ast-hfb-below-header-display":"","ast-hfb-mobile-header-display":"","site-post-title":"","ast-breadcrumbs-content":"","ast-featured-img":"","footer-sml-layout":"","theme-transparent-header-meta":"default","adv-header-id-meta":"","stick-header-meta":"default","header-above-stick-meta":"","header-main-stick-meta":"","header-below-stick-meta":"","astra-migrate-meta-layouts":"set","ast-page-background-enabled":"default","ast-page-background-meta":{"desktop":{"background-color":"","background-image":"","background-repeat":"repeat","background-position":"center center","background-size":"auto","background-attachment":"scroll","background-type":"","background-media":"","overlay-type":"","overlay-color":"","overlay-opacity":"","overlay-gradient":""},"tablet":{"background-color":"","background-image":"","background-repeat":"repeat","background-position":"center center","background-size":"auto","background-attachment":"scroll","background-type":"","background-media":"","overlay-type":"","overlay-color":"","overlay-opacity":"","overlay-gradient":""},"mobile":{"background-color":"","background-image":"","background-repeat":"repeat","background-position":"center center","background-size":"auto","background-attachment":"scroll","background-type":"","background-media":"","overlay-type":"","overlay-color":"","overlay-opacity":"","overlay-gradient":""}},"ast-content-background-meta":{"desktop":{"background-color":"var(--ast-global-color-5)","background-image":"","background-repeat":"repeat","background-position":"center center","background-size":"auto","background-attachment":"scroll","background-type":"","background-media":"","overlay-type":"","overlay-color":"","overlay-opacity":"","overlay-gradient":""},"tablet":{"background-color":"var(--ast-global-color-5)","background-image":"","background-repeat":"repeat","background-position":"center center","background-size":"auto","background-attachment":"scroll","background-type":"","background-media":"","overlay-type":"","overlay-color":"","overlay-opacity":"","overlay-gradient":""},"mobile":{"background-color":"var(--ast-global-color-5)","background-image":"","background-repeat":"repeat","background-position":"center center","background-size":"auto","background-attachment":"scroll","background-type":"","background-media":"","overlay-type":"","overlay-color":"","overlay-opacity":"","overlay-gradient":""}}},"product_brand":[],"product_cat":[30],"product_tag":[],"class_list":{"0":"post-8532","1":"product","2":"type-product","3":"status-publish","4":"has-post-thumbnail","6":"product_cat-lifting-anchor","7":"desktop-align-left","8":"tablet-align-left","9":"mobile-align-left","10":"ast-product-gallery-layout-horizontal-slider","11":"ast-product-tabs-layout-horizontal","13":"first","14":"instock","15":"shipping-taxable","16":"purchasable","17":"product-type-simple"},"yoast_head":"<!-- This site is optimized with the Yoast SEO plugin v25.2 - https:\/\/yoast.com\/wordpress\/plugins\/seo\/ -->\n<title>Sandwich Panel Erection Anchor<\/title>\n<meta name=\"robots\" content=\"index, follow, max-snippet:-1, max-image-preview:large, max-video-preview:-1\" \/>\n<link rel=\"canonical\" href=\"https:\/\/qingdaohf.com\/fi\/tuote\/sandwich-paneelin-pystytysankkuri\/\" \/>\n<meta property=\"og:locale\" content=\"fi_FI\" \/>\n<meta property=\"og:type\" content=\"article\" \/>\n<meta property=\"og:title\" content=\"Sandwich Panel Erection Anchor\" \/>\n<meta property=\"og:description\" content=\"In construction, sandwich panel erection anchors are very important tools that make the lifting and installation of sandwich panels both safe and efficient. You would want to focus on three key things as a buyer: reliability, compatibility with different panel types, and strong load-bearing capacity. Here at Qingdao H&amp;F, we have spent 20 years perfecting our approach: offering personalized customer service, quicker delivery times, and detailed quality reports for every order shipped. We are committed to giving our clients worldwide the smoothest possible purchasing experience.\" \/>\n<meta property=\"og:url\" content=\"https:\/\/qingdaohf.com\/fi\/tuote\/sandwich-paneelin-pystytysankkuri\/\" \/>\n<meta property=\"og:site_name\" content=\"Concrete Form &amp; Rigging Hardware Supplier\" \/>\n<meta property=\"article:publisher\" content=\"https:\/\/www.facebook.com\/qingdaohf\" \/>\n<meta property=\"article:modified_time\" content=\"2025-11-13T01:02:22+00:00\" \/>\n<meta property=\"og:image\" content=\"https:\/\/qingdaohf.com\/wp-content\/uploads\/2024\/12\/Erection-Anchor_\u526f\u672c.jpg\" \/>\n\t<meta property=\"og:image:width\" content=\"1000\" \/>\n\t<meta property=\"og:image:height\" content=\"1000\" \/>\n\t<meta property=\"og:image:type\" content=\"image\/jpeg\" \/>\n<meta name=\"twitter:card\" content=\"summary_large_image\" \/>\n<meta name=\"twitter:label1\" content=\"Arvioitu lukuaika\" \/>\n\t<meta name=\"twitter:data1\" content=\"4 minuuttia\" \/>\n<script type=\"application\/ld+json\" class=\"yoast-schema-graph\">{\"@context\":\"https:\/\/schema.org\",\"@graph\":[{\"@type\":\"WebPage\",\"@id\":\"https:\/\/qingdaohf.com\/product\/sandwich-panel-erection-anchor\/\",\"url\":\"https:\/\/qingdaohf.com\/product\/sandwich-panel-erection-anchor\/\",\"name\":\"Sandwich Panel Erection Anchor\",\"isPartOf\":{\"@id\":\"https:\/\/qingdaohf.com\/bg\/#website\"},\"primaryImageOfPage\":{\"@id\":\"https:\/\/qingdaohf.com\/product\/sandwich-panel-erection-anchor\/#primaryimage\"},\"image\":{\"@id\":\"https:\/\/qingdaohf.com\/product\/sandwich-panel-erection-anchor\/#primaryimage\"},\"thumbnailUrl\":\"https:\/\/qingdaohf.com\/wp-content\/uploads\/2024\/12\/Erection-Anchor_\u526f\u672c.jpg\",\"datePublished\":\"2024-12-16T03:17:22+00:00\",\"dateModified\":\"2025-11-13T01:02:22+00:00\",\"breadcrumb\":{\"@id\":\"https:\/\/qingdaohf.com\/product\/sandwich-panel-erection-anchor\/#breadcrumb\"},\"inLanguage\":\"fi\",\"potentialAction\":[{\"@type\":\"ReadAction\",\"target\":[\"https:\/\/qingdaohf.com\/product\/sandwich-panel-erection-anchor\/\"]}]},{\"@type\":\"ImageObject\",\"inLanguage\":\"fi\",\"@id\":\"https:\/\/qingdaohf.com\/product\/sandwich-panel-erection-anchor\/#primaryimage\",\"url\":\"https:\/\/qingdaohf.com\/wp-content\/uploads\/2024\/12\/Erection-Anchor_\u526f\u672c.jpg\",\"contentUrl\":\"https:\/\/qingdaohf.com\/wp-content\/uploads\/2024\/12\/Erection-Anchor_\u526f\u672c.jpg\",\"width\":1000,\"height\":1000,\"caption\":\"sandwich panel Erection Anchor\"},{\"@type\":\"BreadcrumbList\",\"@id\":\"https:\/\/qingdaohf.com\/product\/sandwich-panel-erection-anchor\/#breadcrumb\",\"itemListElement\":[{\"@type\":\"ListItem\",\"position\":1,\"name\":\"Home\",\"item\":\"https:\/\/qingdaohf.com\/\"},{\"@type\":\"ListItem\",\"position\":2,\"name\":\"Concrete Forming Accessories and Rigging Hardware\",\"item\":\"https:\/\/qingdaohf.com\/bg\/?page_id=944\"},{\"@type\":\"ListItem\",\"position\":3,\"name\":\"Sandwich Panel Erection Anchor\"}]},{\"@type\":\"WebSite\",\"@id\":\"https:\/\/qingdaohf.com\/bg\/#website\",\"url\":\"https:\/\/qingdaohf.com\/bg\/\",\"name\":\"Concrete Form & Rigging Hardware Supplier\",\"description\":\"\",\"publisher\":{\"@id\":\"https:\/\/qingdaohf.com\/bg\/#organization\"},\"potentialAction\":[{\"@type\":\"SearchAction\",\"target\":{\"@type\":\"EntryPoint\",\"urlTemplate\":\"https:\/\/qingdaohf.com\/bg\/?s={search_term_string}\"},\"query-input\":{\"@type\":\"PropertyValueSpecification\",\"valueRequired\":true,\"valueName\":\"search_term_string\"}}],\"inLanguage\":\"fi\"},{\"@type\":\"Organization\",\"@id\":\"https:\/\/qingdaohf.com\/bg\/#organization\",\"name\":\"Qingdao H&F\",\"url\":\"https:\/\/qingdaohf.com\/bg\/\",\"logo\":{\"@type\":\"ImageObject\",\"inLanguage\":\"fi\",\"@id\":\"https:\/\/qingdaohf.com\/bg\/#\/schema\/logo\/image\/\",\"url\":\"https:\/\/qingdaohf.com\/wp-content\/uploads\/2022\/12\/cropped-HF-LOGO.png\",\"contentUrl\":\"https:\/\/qingdaohf.com\/wp-content\/uploads\/2022\/12\/cropped-HF-LOGO.png\",\"width\":391,\"height\":249,\"caption\":\"Qingdao H&F\"},\"image\":{\"@id\":\"https:\/\/qingdaohf.com\/bg\/#\/schema\/logo\/image\/\"},\"sameAs\":[\"https:\/\/www.facebook.com\/qingdaohf\"]}]}<\/script>\n<!-- \/ Yoast SEO plugin. -->","yoast_head_json":{"title":"Sandwich Panel Erection Anchor","robots":{"index":"index","follow":"follow","max-snippet":"max-snippet:-1","max-image-preview":"max-image-preview:large","max-video-preview":"max-video-preview:-1"},"canonical":"https:\/\/qingdaohf.com\/fi\/tuote\/sandwich-paneelin-pystytysankkuri\/","og_locale":"fi_FI","og_type":"article","og_title":"Sandwich Panel Erection Anchor","og_description":"In construction, sandwich panel erection anchors are very important tools that make the lifting and installation of sandwich panels both safe and efficient. You would want to focus on three key things as a buyer: reliability, compatibility with different panel types, and strong load-bearing capacity. Here at Qingdao H&amp;F, we have spent 20 years perfecting our approach: offering personalized customer service, quicker delivery times, and detailed quality reports for every order shipped. We are committed to giving our clients worldwide the smoothest possible purchasing experience.","og_url":"https:\/\/qingdaohf.com\/fi\/tuote\/sandwich-paneelin-pystytysankkuri\/","og_site_name":"Concrete Form &amp; Rigging Hardware Supplier","article_publisher":"https:\/\/www.facebook.com\/qingdaohf","article_modified_time":"2025-11-13T01:02:22+00:00","og_image":[{"width":1000,"height":1000,"url":"https:\/\/qingdaohf.com\/wp-content\/uploads\/2024\/12\/Erection-Anchor_\u526f\u672c.jpg","type":"image\/jpeg"}],"twitter_card":"summary_large_image","twitter_misc":{"Arvioitu lukuaika":"4 minuuttia"},"schema":{"@context":"https:\/\/schema.org","@graph":[{"@type":"WebPage","@id":"https:\/\/qingdaohf.com\/product\/sandwich-panel-erection-anchor\/","url":"https:\/\/qingdaohf.com\/product\/sandwich-panel-erection-anchor\/","name":"Sandwich Panel Erection Anchor","isPartOf":{"@id":"https:\/\/qingdaohf.com\/bg\/#website"},"primaryImageOfPage":{"@id":"https:\/\/qingdaohf.com\/product\/sandwich-panel-erection-anchor\/#primaryimage"},"image":{"@id":"https:\/\/qingdaohf.com\/product\/sandwich-panel-erection-anchor\/#primaryimage"},"thumbnailUrl":"https:\/\/qingdaohf.com\/wp-content\/uploads\/2024\/12\/Erection-Anchor_\u526f\u672c.jpg","datePublished":"2024-12-16T03:17:22+00:00","dateModified":"2025-11-13T01:02:22+00:00","breadcrumb":{"@id":"https:\/\/qingdaohf.com\/product\/sandwich-panel-erection-anchor\/#breadcrumb"},"inLanguage":"fi","potentialAction":[{"@type":"ReadAction","target":["https:\/\/qingdaohf.com\/product\/sandwich-panel-erection-anchor\/"]}]},{"@type":"ImageObject","inLanguage":"fi","@id":"https:\/\/qingdaohf.com\/product\/sandwich-panel-erection-anchor\/#primaryimage","url":"https:\/\/qingdaohf.com\/wp-content\/uploads\/2024\/12\/Erection-Anchor_\u526f\u672c.jpg","contentUrl":"https:\/\/qingdaohf.com\/wp-content\/uploads\/2024\/12\/Erection-Anchor_\u526f\u672c.jpg","width":1000,"height":1000,"caption":"sandwich panel Erection Anchor"},{"@type":"BreadcrumbList","@id":"https:\/\/qingdaohf.com\/product\/sandwich-panel-erection-anchor\/#breadcrumb","itemListElement":[{"@type":"ListItem","position":1,"name":"Home","item":"https:\/\/qingdaohf.com\/"},{"@type":"ListItem","position":2,"name":"Concrete Forming Accessories and Rigging Hardware","item":"https:\/\/qingdaohf.com\/bg\/?page_id=944"},{"@type":"ListItem","position":3,"name":"Sandwich Panel Erection Anchor"}]},{"@type":"WebSite","@id":"https:\/\/qingdaohf.com\/bg\/#website","url":"https:\/\/qingdaohf.com\/bg\/","name":"Concrete Form & Rigging Hardware Supplier","description":"","publisher":{"@id":"https:\/\/qingdaohf.com\/bg\/#organization"},"potentialAction":[{"@type":"SearchAction","target":{"@type":"EntryPoint","urlTemplate":"https:\/\/qingdaohf.com\/bg\/?s={search_term_string}"},"query-input":{"@type":"PropertyValueSpecification","valueRequired":true,"valueName":"search_term_string"}}],"inLanguage":"fi"},{"@type":"Organization","@id":"https:\/\/qingdaohf.com\/bg\/#organization","name":"Qingdao H&F","url":"https:\/\/qingdaohf.com\/bg\/","logo":{"@type":"ImageObject","inLanguage":"fi","@id":"https:\/\/qingdaohf.com\/bg\/#\/schema\/logo\/image\/","url":"https:\/\/qingdaohf.com\/wp-content\/uploads\/2022\/12\/cropped-HF-LOGO.png","contentUrl":"https:\/\/qingdaohf.com\/wp-content\/uploads\/2022\/12\/cropped-HF-LOGO.png","width":391,"height":249,"caption":"Qingdao H&F"},"image":{"@id":"https:\/\/qingdaohf.com\/bg\/#\/schema\/logo\/image\/"},"sameAs":["https:\/\/www.facebook.com\/qingdaohf"]}]}},"_links":{"self":[{"href":"https:\/\/qingdaohf.com\/fi\/wp-json\/wp\/v2\/product\/8532","targetHints":{"allow":["GET"]}}],"collection":[{"href":"https:\/\/qingdaohf.com\/fi\/wp-json\/wp\/v2\/product"}],"about":[{"href":"https:\/\/qingdaohf.com\/fi\/wp-json\/wp\/v2\/types\/product"}],"replies":[{"embeddable":true,"href":"https:\/\/qingdaohf.com\/fi\/wp-json\/wp\/v2\/comments?post=8532"}],"version-history":[{"count":1,"href":"https:\/\/qingdaohf.com\/fi\/wp-json\/wp\/v2\/product\/8532\/revisions"}],"predecessor-version":[{"id":8534,"href":"https:\/\/qingdaohf.com\/fi\/wp-json\/wp\/v2\/product\/8532\/revisions\/8534"}],"wp:featuredmedia":[{"embeddable":true,"href":"https:\/\/qingdaohf.com\/fi\/wp-json\/wp\/v2\/media\/8533"}],"wp:attachment":[{"href":"https:\/\/qingdaohf.com\/fi\/wp-json\/wp\/v2\/media?parent=8532"}],"wp:term":[{"taxonomy":"product_brand","embeddable":true,"href":"https:\/\/qingdaohf.com\/fi\/wp-json\/wp\/v2\/product_brand?post=8532"},{"taxonomy":"product_cat","embeddable":true,"href":"https:\/\/qingdaohf.com\/fi\/wp-json\/wp\/v2\/product_cat?post=8532"},{"taxonomy":"product_tag","embeddable":true,"href":"https:\/\/qingdaohf.com\/fi\/wp-json\/wp\/v2\/product_tag?post=8532"}],"curies":[{"name":"wp","href":"https:\/\/api.w.org\/{rel}","templated":true}]}}