{"id":8601,"date":"2024-12-27T17:18:28","date_gmt":"2024-12-27T09:18:28","guid":{"rendered":"http:\/\/qingdaohf.com\/?post_type=product&#038;p=8601"},"modified":"2025-11-13T09:02:22","modified_gmt":"2025-11-13T01:02:22","slug":"formwork-water-stop","status":"publish","type":"product","link":"https:\/\/qingdaohf.com\/fi\/tuote\/muotin-vedenpitavyys\/","title":{"rendered":"Muotin veden pys\u00e4ytys"},"content":{"rendered":"<p class=\"whitespace-pre-wrap break-words\">Muottien vedenpit\u00e4v\u00e4t tuotteet ovat elint\u00e4rkeit\u00e4 betonirakentamisen vedeneristyksen ja rakenteellisen eheyden yll\u00e4pit\u00e4misen kannalta. N\u00e4m\u00e4 komponentit toimivat yhdess\u00e4 muottitarvikkeiden, kuten sidontatankojen ja siipimuttereiden, kanssa veden vuotamisen est\u00e4miseksi ja betonirakenteiden suojaamiseksi. Tutustutaanpa siihen, miten n\u00e4m\u00e4 osat toimivat yhdess\u00e4 ja miksi niill\u00e4 on merkityst\u00e4 rakennushankkeissasi.<\/p>\n<h2 class=\"font-600 text-xl font-bold\">Ymm\u00e4rt\u00e4minen muottity\u00f6n vesipys\u00e4ytt\u00f6jen ymm\u00e4rt\u00e4minen<\/h2>\n<p class=\"whitespace-pre-wrap break-words\">Kun rakennat betonista, joudut v\u00e4ist\u00e4m\u00e4tt\u00e4 kohtaamaan eri osien v\u00e4lisi\u00e4 saumoja, jotka johtuvat k\u00e4yt\u00e4nn\u00f6n syist\u00e4, kuten rakennusaikojen tauoista tai erillisten muottiosien k\u00e4yt\u00f6st\u00e4. Koska betoni on luonnostaan huokoinen, n\u00e4ist\u00e4 saumoista voi tulla heikkoja kohtia, joihin vesi voi tunkeutua. Juuri t\u00e4ss\u00e4 kohtaa vesipeltien pys\u00e4yttimet tulevat kuvaan.<\/p>\n<p class=\"whitespace-pre-wrap break-words\">Vedenpid\u00e4ttimet valmistetaan materiaaleista, jotka joustavat ja liikkuvat betonin mukana - tyypillisesti PVC:st\u00e4, kumista tai erityisist\u00e4 hydrofiilisist\u00e4 yhdisteist\u00e4. T\u00e4rkeint\u00e4 on valita sellainen materiaali, joka s\u00e4ilytt\u00e4\u00e4 tehokkuutensa betonin laskeutuessa ja reagoidessa ymp\u00e4rist\u00f6n muutoksiin. N\u00e4m\u00e4 on asennettava ennen betonivalua, jolloin ne muodostavat fyysisen esteen veden tunkeutumista vastaan. T\u00e4m\u00e4 on erityisen t\u00e4rke\u00e4\u00e4 rakenteissa, kuten kellareissa, tunneleissa ja padoissa, joissa vedenpaine on jatkuva huolenaihe.<\/p>\n<h2 class=\"font-600 text-xl font-bold\">Vetotankojen rooli muottisovelluksissa<\/h2>\n<p><img fetchpriority=\"high\" decoding=\"async\" class=\"alignnone wp-image-8579 size-full\" src=\"http:\/\/qingdaohf.com\/wp-content\/uploads\/2024\/12\/tie-rod-92.webp\" alt=\"sidontatankoj\u00e4rjestelm\u00e4\" width=\"1000\" height=\"1000\" srcset=\"https:\/\/qingdaohf.com\/wp-content\/uploads\/2024\/12\/tie-rod-92.webp 1000w, https:\/\/qingdaohf.com\/wp-content\/uploads\/2024\/12\/tie-rod-92-300x300.webp 300w, https:\/\/qingdaohf.com\/wp-content\/uploads\/2024\/12\/tie-rod-92-150x150.webp 150w, https:\/\/qingdaohf.com\/wp-content\/uploads\/2024\/12\/tie-rod-92-768x768.webp 768w, https:\/\/qingdaohf.com\/wp-content\/uploads\/2024\/12\/tie-rod-92-12x12.webp 12w, https:\/\/qingdaohf.com\/wp-content\/uploads\/2024\/12\/tie-rod-92-500x500.webp 500w, https:\/\/qingdaohf.com\/wp-content\/uploads\/2024\/12\/tie-rod-92-100x100.webp 100w\" sizes=\"(max-width: 1000px) 100vw, 1000px\" \/><\/p>\n<p class=\"whitespace-pre-wrap break-words\">Sidontatangot (tai muottisiteet) ovat betonirakentamisen laulamattomia sankareita. N\u00e4m\u00e4 ter\u00e4sosat pit\u00e4v\u00e4t muottilevyt paikoillaan, kun betonia valetaan ja kovetetaan. Ne pujotetaan paneelien l\u00e4pi ja kiinnitet\u00e4\u00e4n molemmissa p\u00e4iss\u00e4 olevilla siipimuttereilla, ja ne luovat tarvittavan j\u00e4nnityksen, jotta kaikki pysyy vakaana m\u00e4r\u00e4n betonin valtavan paineen alla.<\/p>\n<p class=\"whitespace-pre-wrap break-words\">Vesipys\u00e4yttimien ja sidontatankojen v\u00e4linen suhde on ratkaiseva - niiden on toimittava saumattomasti yhdess\u00e4. Kun sidontatangot yll\u00e4pit\u00e4v\u00e4t muotin asentoa, vesipys\u00e4yttimet varmistavat liitoksen tiiviyden. Kun t\u00e4m\u00e4 yhdistelm\u00e4 tehd\u00e4\u00e4n oikein, estet\u00e4\u00e4n veden tunkeutuminen ja kalliit korjaukset tulevaisuudessa. Kun betoni on kovettunut, ty\u00f6ntekij\u00e4t poistavat sidontatangot ja siipimutterit, jolloin j\u00e4ljelle j\u00e4\u00e4v\u00e4t kunnolla vedenpit\u00e4v\u00e4t liitokset.<\/p>\n<h2 class=\"font-600 text-xl font-bold\">Siipimutterien merkitys muottirakentamisessa<\/h2>\n<p class=\"whitespace-pre-wrap break-words\">Siipimutterit saattavat vaikuttaa yksinkertaisilta, mutta ne ovat v\u00e4ltt\u00e4m\u00e4tt\u00f6mi\u00e4 muottiasennuksen hienos\u00e4\u00e4t\u00f6\u00f6n. Niiden muotoilun ansiosta ty\u00f6ntekij\u00e4t voivat s\u00e4\u00e4t\u00e4\u00e4 sidontatangon kireytt\u00e4 k\u00e4sin, mik\u00e4 helpottaa paneelien oikean linjauksen s\u00e4ilytt\u00e4mist\u00e4 betonivalun aikana. T\u00e4m\u00e4 tarkka s\u00e4\u00e4t\u00f6 auttaa est\u00e4m\u00e4\u00e4n paneelien liikkumisen, joka voisi vaarantaa lopullisen rakenteen.<\/p>\n<p class=\"whitespace-pre-wrap break-words\">N\u00e4ill\u00e4 komponenteilla on my\u00f6s keskeinen rooli veden pys\u00e4ytt\u00e4misen tehokkuudessa. Kun sidontatangot kiristet\u00e4\u00e4n siipimuttereilla oikein, ne pit\u00e4v\u00e4t muottilevyt ja vesipellit juuri siin\u00e4 kohdassa, miss\u00e4 niiden on oltava. Jos siipimuttereita ei s\u00e4\u00e4det\u00e4 kunnolla, valun aikana tapahtuva liike voi aiheuttaa aukkoja, jotka mahdollistavat veden tunkeutumisen.<\/p>\n<h2 class=\"font-600 text-xl font-bold\">Muottien vedenpit\u00e4vyyden edut betonin vedeneristyksess\u00e4<\/h2>\n<p class=\"whitespace-pre-wrap break-words\">Jatkuvasti kosteudelle altistuvissa rakenteissa, kuten perustuksissa ja maanalaisissa tunneleissa, asianmukainen vedeneristys on ehdoton edellytys. Vesisulkuilla on useita keskeisi\u00e4 etuja:<\/p>\n<p class=\"whitespace-pre-wrap break-words\">Rakenteellinen suojaus: Vesisulku est\u00e4\u00e4 veden tunkeutumisen saumoihin ja auttaa v\u00e4ltt\u00e4m\u00e4\u00e4n yleisi\u00e4 ongelmia, kuten raudoituksen korroosiota ja betonin rappeutumista, jotka voivat uhata rakenteellista eheytt\u00e4.<\/p>\n<p class=\"whitespace-pre-wrap break-words\">Kustannushy\u00f6dyt: Vaikka alkuinvestointi laadukkaisiin vesipys\u00e4yttimiin saattaa tuntua merkitt\u00e4v\u00e4lt\u00e4, se on paljon edullisempi kuin vesivahinkojen korjaaminen my\u00f6hemmin. Kun vedeneristys tehd\u00e4\u00e4n oikein rakentamisen aikana, v\u00e4ltyt\u00e4\u00e4n kalliilta korjauksilta my\u00f6hemmin.<\/p>\n<p class=\"whitespace-pre-wrap break-words\">Parannettu pitk\u00e4ik\u00e4isyys: Erityisesti haastavissa ymp\u00e4rist\u00f6iss\u00e4, joissa on korkea vedenpaine tai sy\u00f6vytt\u00e4v\u00e4t olosuhteet.<\/p>\n<p class=\"whitespace-pre-wrap break-words\">S\u00e4\u00e4d\u00f6sten noudattaminen: Erityisesti kriittisen infrastruktuurin osalta monet rakennusm\u00e4\u00e4r\u00e4ykset edellytt\u00e4v\u00e4t veden pys\u00e4ytt\u00e4mist\u00e4. Niiden k\u00e4ytt\u00f6 auttaa varmistamaan, ett\u00e4 hankkeesi t\u00e4ytt\u00e4\u00e4 kaikki tarvittavat turvallisuus- ja luotettavuusstandardit.<\/p>\n<p class=\"whitespace-pre-wrap break-words\">Ymp\u00e4rist\u00f6vastuu: Tehokas vedeneristys suojaa rakenteen lis\u00e4ksi my\u00f6s ymp\u00e4r\u00f6iv\u00e4\u00e4 ymp\u00e4rist\u00f6\u00e4 vuotojen aiheuttamalta mahdolliselta saastumiselta.<\/p>\n<h2 class=\"font-600 text-xl font-bold\">Miksi valita meid\u00e4t muottivesipys\u00e4ytystarpeisiin?<\/h2>\n<p class=\"whitespace-pre-wrap break-words\">Yrityksemme on erikoistunut tarjoamaan rakennusalan ammattilaisille korkealaatuisia muottiratkaisuja. Ymm\u00e4rr\u00e4mme, ett\u00e4 jokaisella projektilla on ainutlaatuisia haasteita, mink\u00e4 vuoksi tarjoamme henkil\u00f6kohtaista tukea, joka auttaa sinua valitsemaan oikeat tuotteet.<\/p>\n<p class=\"whitespace-pre-wrap break-words\">Olemme ylpeit\u00e4 nopeista toimitusajoista ja kattavista laatutarkastusasiakirjoista. Olipa kyseess\u00e4 suuri infrastruktuurihanke tai pienempi kehityshanke, tiimimme tarjoaa tarvitsemaasi asiantuntemusta ja tukea koko projektin ajan.<\/p>\n<h2 class=\"font-600 text-xl font-bold\">P\u00e4\u00e4telm\u00e4<\/h2>\n<p class=\"whitespace-pre-wrap break-words\">Betonirakentamisen onnistuminen riippuu usein yksityiskohtien oikeanlaisesta toteutuksesta - erityisesti vedeneristyksen osalta. Vesisulkujen tehokas k\u00e4ytt\u00f6 sek\u00e4 oikein asennetut sidontatangot ja siipimutterit auttavat varmistamaan, ett\u00e4 rakenteet pysyv\u00e4t vesitiiviin\u00e4 ja kest\u00e4vin\u00e4. Kun teet yhteisty\u00f6t\u00e4 meid\u00e4n kaltaisen luotettavan toimittajan kanssa, saat laadukkaat tuotteet ja tuen, joita tarvitset hankkeidesi menestyksekk\u00e4\u00e4seen loppuunsaattamiseen.<\/p>","protected":false},"excerpt":{"rendered":"<p>Muottien vedenpit\u00e4v\u00e4t tuotteet ovat v\u00e4ltt\u00e4m\u00e4tt\u00f6mi\u00e4 betonirakentamisen vedenpit\u00e4vien esteiden luomisessa, sill\u00e4 ne est\u00e4v\u00e4t vesivuodot betonirakenteiden saumojen l\u00e4pi. N\u00e4m\u00e4 tuotteet on suunniteltu k\u00e4ytett\u00e4v\u00e4ksi yhdess\u00e4 muiden muottitarvikkeiden, kuten sidontatankojen ja siipimuttereiden, kanssa saumattoman ja kest\u00e4v\u00e4n rakennusprosessin varmistamiseksi. Kauppayhti\u00f6n\u00e4 tarjoamme henkil\u00f6kohtaista asiakaspalvelua, nopeita toimitusjaksoja ja erilaisia laatutarkastusraportteja varmistaaksemme asiakkaillemme korkeimman tason. Tarvitsitpa sitten neuvoja tuotespesifikaatioihin tai oikea-aikaista toimitusta, olemme sitoutuneet t\u00e4ytt\u00e4m\u00e4\u00e4n tarpeesi tehokkaasti ja luotettavasti.<\/p>","protected":false},"featured_media":8599,"comment_status":"open","ping_status":"closed","template":"","meta":{"site-sidebar-layout":"default","site-content-layout":"","ast-site-content-layout":"default","site-content-style":"default","site-sidebar-style":"default","ast-global-header-display":"","ast-banner-title-visibility":"","ast-main-header-display":"","ast-hfb-above-header-display":"","ast-hfb-below-header-display":"","ast-hfb-mobile-header-display":"","site-post-title":"","ast-breadcrumbs-content":"","ast-featured-img":"","footer-sml-layout":"","theme-transparent-header-meta":"default","adv-header-id-meta":"","stick-header-meta":"default","header-above-stick-meta":"","header-main-stick-meta":"","header-below-stick-meta":"","astra-migrate-meta-layouts":"set","ast-page-background-enabled":"default","ast-page-background-meta":{"desktop":{"background-color":"","background-image":"","background-repeat":"repeat","background-position":"center center","background-size":"auto","background-attachment":"scroll","background-type":"","background-media":"","overlay-type":"","overlay-color":"","overlay-opacity":"","overlay-gradient":""},"tablet":{"background-color":"","background-image":"","background-repeat":"repeat","background-position":"center center","background-size":"auto","background-attachment":"scroll","background-type":"","background-media":"","overlay-type":"","overlay-color":"","overlay-opacity":"","overlay-gradient":""},"mobile":{"background-color":"","background-image":"","background-repeat":"repeat","background-position":"center center","background-size":"auto","background-attachment":"scroll","background-type":"","background-media":"","overlay-type":"","overlay-color":"","overlay-opacity":"","overlay-gradient":""}},"ast-content-background-meta":{"desktop":{"background-color":"var(--ast-global-color-5)","background-image":"","background-repeat":"repeat","background-position":"center center","background-size":"auto","background-attachment":"scroll","background-type":"","background-media":"","overlay-type":"","overlay-color":"","overlay-opacity":"","overlay-gradient":""},"tablet":{"background-color":"var(--ast-global-color-5)","background-image":"","background-repeat":"repeat","background-position":"center center","background-size":"auto","background-attachment":"scroll","background-type":"","background-media":"","overlay-type":"","overlay-color":"","overlay-opacity":"","overlay-gradient":""},"mobile":{"background-color":"var(--ast-global-color-5)","background-image":"","background-repeat":"repeat","background-position":"center center","background-size":"auto","background-attachment":"scroll","background-type":"","background-media":"","overlay-type":"","overlay-color":"","overlay-opacity":"","overlay-gradient":""}}},"product_brand":[],"product_cat":[79],"product_tag":[],"class_list":{"0":"post-8601","1":"product","2":"type-product","3":"status-publish","4":"has-post-thumbnail","6":"product_cat-tie-rod-system","7":"desktop-align-left","8":"tablet-align-left","9":"mobile-align-left","10":"ast-product-gallery-layout-horizontal-slider","11":"ast-product-tabs-layout-horizontal","13":"first","14":"instock","15":"shipping-taxable","16":"purchasable","17":"product-type-simple"},"yoast_head":"<!-- This site is optimized with the Yoast SEO plugin v25.2 - https:\/\/yoast.com\/wordpress\/plugins\/seo\/ -->\n<title>Formwork Water Stop<\/title>\n<meta name=\"description\" content=\"Formwork water stop products are essential for creating waterproof barriers in concrete construction, preventing water leakage through joints in concrete structures.\" \/>\n<meta name=\"robots\" content=\"index, follow, max-snippet:-1, max-image-preview:large, max-video-preview:-1\" \/>\n<link rel=\"canonical\" href=\"https:\/\/qingdaohf.com\/fi\/tuote\/muotin-vedenpitavyys\/\" \/>\n<meta property=\"og:locale\" content=\"fi_FI\" \/>\n<meta property=\"og:type\" content=\"article\" \/>\n<meta property=\"og:title\" content=\"Formwork Water Stop\" \/>\n<meta property=\"og:description\" content=\"Formwork water stop products are essential for creating waterproof barriers in concrete construction, preventing water leakage through joints in concrete structures.\" \/>\n<meta property=\"og:url\" content=\"https:\/\/qingdaohf.com\/fi\/tuote\/muotin-vedenpitavyys\/\" \/>\n<meta property=\"og:site_name\" content=\"Concrete Form &amp; Rigging Hardware Supplier\" \/>\n<meta property=\"article:publisher\" content=\"https:\/\/www.facebook.com\/qingdaohf\" \/>\n<meta property=\"article:modified_time\" content=\"2025-11-13T01:02:22+00:00\" \/>\n<meta property=\"og:image\" content=\"https:\/\/qingdaohf.com\/wp-content\/uploads\/2024\/12\/tie-rod-water-stop-9.jpg\" \/>\n\t<meta property=\"og:image:width\" content=\"1000\" \/>\n\t<meta property=\"og:image:height\" content=\"1000\" \/>\n\t<meta property=\"og:image:type\" content=\"image\/jpeg\" \/>\n<meta name=\"twitter:card\" content=\"summary_large_image\" \/>\n<meta name=\"twitter:label1\" content=\"Arvioitu lukuaika\" \/>\n\t<meta name=\"twitter:data1\" content=\"4 minuuttia\" \/>\n<script type=\"application\/ld+json\" class=\"yoast-schema-graph\">{\"@context\":\"https:\/\/schema.org\",\"@graph\":[{\"@type\":\"WebPage\",\"@id\":\"https:\/\/qingdaohf.com\/product\/formwork-water-stop\/\",\"url\":\"https:\/\/qingdaohf.com\/product\/formwork-water-stop\/\",\"name\":\"Formwork Water Stop\",\"isPartOf\":{\"@id\":\"https:\/\/qingdaohf.com\/bg\/#website\"},\"primaryImageOfPage\":{\"@id\":\"https:\/\/qingdaohf.com\/product\/formwork-water-stop\/#primaryimage\"},\"image\":{\"@id\":\"https:\/\/qingdaohf.com\/product\/formwork-water-stop\/#primaryimage\"},\"thumbnailUrl\":\"https:\/\/qingdaohf.com\/wp-content\/uploads\/2024\/12\/tie-rod-water-stop-9.jpg\",\"datePublished\":\"2024-12-27T09:18:28+00:00\",\"dateModified\":\"2025-11-13T01:02:22+00:00\",\"description\":\"Formwork water stop products are essential for creating waterproof barriers in concrete construction, preventing water leakage through joints in concrete structures.\",\"breadcrumb\":{\"@id\":\"https:\/\/qingdaohf.com\/product\/formwork-water-stop\/#breadcrumb\"},\"inLanguage\":\"fi\",\"potentialAction\":[{\"@type\":\"ReadAction\",\"target\":[\"https:\/\/qingdaohf.com\/product\/formwork-water-stop\/\"]}]},{\"@type\":\"ImageObject\",\"inLanguage\":\"fi\",\"@id\":\"https:\/\/qingdaohf.com\/product\/formwork-water-stop\/#primaryimage\",\"url\":\"https:\/\/qingdaohf.com\/wp-content\/uploads\/2024\/12\/tie-rod-water-stop-9.jpg\",\"contentUrl\":\"https:\/\/qingdaohf.com\/wp-content\/uploads\/2024\/12\/tie-rod-water-stop-9.jpg\",\"width\":1000,\"height\":1000},{\"@type\":\"BreadcrumbList\",\"@id\":\"https:\/\/qingdaohf.com\/product\/formwork-water-stop\/#breadcrumb\",\"itemListElement\":[{\"@type\":\"ListItem\",\"position\":1,\"name\":\"Home\",\"item\":\"https:\/\/qingdaohf.com\/\"},{\"@type\":\"ListItem\",\"position\":2,\"name\":\"Concrete Forming Accessories and Rigging Hardware\",\"item\":\"https:\/\/qingdaohf.com\/bg\/?page_id=944\"},{\"@type\":\"ListItem\",\"position\":3,\"name\":\"Formwork Water Stop\"}]},{\"@type\":\"WebSite\",\"@id\":\"https:\/\/qingdaohf.com\/bg\/#website\",\"url\":\"https:\/\/qingdaohf.com\/bg\/\",\"name\":\"Concrete Form & Rigging Hardware Supplier\",\"description\":\"\",\"publisher\":{\"@id\":\"https:\/\/qingdaohf.com\/bg\/#organization\"},\"potentialAction\":[{\"@type\":\"SearchAction\",\"target\":{\"@type\":\"EntryPoint\",\"urlTemplate\":\"https:\/\/qingdaohf.com\/bg\/?s={search_term_string}\"},\"query-input\":{\"@type\":\"PropertyValueSpecification\",\"valueRequired\":true,\"valueName\":\"search_term_string\"}}],\"inLanguage\":\"fi\"},{\"@type\":\"Organization\",\"@id\":\"https:\/\/qingdaohf.com\/bg\/#organization\",\"name\":\"Qingdao H&F\",\"url\":\"https:\/\/qingdaohf.com\/bg\/\",\"logo\":{\"@type\":\"ImageObject\",\"inLanguage\":\"fi\",\"@id\":\"https:\/\/qingdaohf.com\/bg\/#\/schema\/logo\/image\/\",\"url\":\"https:\/\/qingdaohf.com\/wp-content\/uploads\/2022\/12\/cropped-HF-LOGO.png\",\"contentUrl\":\"https:\/\/qingdaohf.com\/wp-content\/uploads\/2022\/12\/cropped-HF-LOGO.png\",\"width\":391,\"height\":249,\"caption\":\"Qingdao H&F\"},\"image\":{\"@id\":\"https:\/\/qingdaohf.com\/bg\/#\/schema\/logo\/image\/\"},\"sameAs\":[\"https:\/\/www.facebook.com\/qingdaohf\"]}]}<\/script>\n<!-- \/ Yoast SEO plugin. -->","yoast_head_json":{"title":"Formwork Water Stop","description":"Formwork water stop products are essential for creating waterproof barriers in concrete construction, preventing water leakage through joints in concrete structures.","robots":{"index":"index","follow":"follow","max-snippet":"max-snippet:-1","max-image-preview":"max-image-preview:large","max-video-preview":"max-video-preview:-1"},"canonical":"https:\/\/qingdaohf.com\/fi\/tuote\/muotin-vedenpitavyys\/","og_locale":"fi_FI","og_type":"article","og_title":"Formwork Water Stop","og_description":"Formwork water stop products are essential for creating waterproof barriers in concrete construction, preventing water leakage through joints in concrete structures.","og_url":"https:\/\/qingdaohf.com\/fi\/tuote\/muotin-vedenpitavyys\/","og_site_name":"Concrete Form &amp; Rigging Hardware Supplier","article_publisher":"https:\/\/www.facebook.com\/qingdaohf","article_modified_time":"2025-11-13T01:02:22+00:00","og_image":[{"width":1000,"height":1000,"url":"https:\/\/qingdaohf.com\/wp-content\/uploads\/2024\/12\/tie-rod-water-stop-9.jpg","type":"image\/jpeg"}],"twitter_card":"summary_large_image","twitter_misc":{"Arvioitu lukuaika":"4 minuuttia"},"schema":{"@context":"https:\/\/schema.org","@graph":[{"@type":"WebPage","@id":"https:\/\/qingdaohf.com\/product\/formwork-water-stop\/","url":"https:\/\/qingdaohf.com\/product\/formwork-water-stop\/","name":"Formwork Water Stop","isPartOf":{"@id":"https:\/\/qingdaohf.com\/bg\/#website"},"primaryImageOfPage":{"@id":"https:\/\/qingdaohf.com\/product\/formwork-water-stop\/#primaryimage"},"image":{"@id":"https:\/\/qingdaohf.com\/product\/formwork-water-stop\/#primaryimage"},"thumbnailUrl":"https:\/\/qingdaohf.com\/wp-content\/uploads\/2024\/12\/tie-rod-water-stop-9.jpg","datePublished":"2024-12-27T09:18:28+00:00","dateModified":"2025-11-13T01:02:22+00:00","description":"Formwork water stop products are essential for creating waterproof barriers in concrete construction, preventing water leakage through joints in concrete structures.","breadcrumb":{"@id":"https:\/\/qingdaohf.com\/product\/formwork-water-stop\/#breadcrumb"},"inLanguage":"fi","potentialAction":[{"@type":"ReadAction","target":["https:\/\/qingdaohf.com\/product\/formwork-water-stop\/"]}]},{"@type":"ImageObject","inLanguage":"fi","@id":"https:\/\/qingdaohf.com\/product\/formwork-water-stop\/#primaryimage","url":"https:\/\/qingdaohf.com\/wp-content\/uploads\/2024\/12\/tie-rod-water-stop-9.jpg","contentUrl":"https:\/\/qingdaohf.com\/wp-content\/uploads\/2024\/12\/tie-rod-water-stop-9.jpg","width":1000,"height":1000},{"@type":"BreadcrumbList","@id":"https:\/\/qingdaohf.com\/product\/formwork-water-stop\/#breadcrumb","itemListElement":[{"@type":"ListItem","position":1,"name":"Home","item":"https:\/\/qingdaohf.com\/"},{"@type":"ListItem","position":2,"name":"Concrete Forming Accessories and Rigging Hardware","item":"https:\/\/qingdaohf.com\/bg\/?page_id=944"},{"@type":"ListItem","position":3,"name":"Formwork Water Stop"}]},{"@type":"WebSite","@id":"https:\/\/qingdaohf.com\/bg\/#website","url":"https:\/\/qingdaohf.com\/bg\/","name":"Concrete Form & Rigging Hardware Supplier","description":"","publisher":{"@id":"https:\/\/qingdaohf.com\/bg\/#organization"},"potentialAction":[{"@type":"SearchAction","target":{"@type":"EntryPoint","urlTemplate":"https:\/\/qingdaohf.com\/bg\/?s={search_term_string}"},"query-input":{"@type":"PropertyValueSpecification","valueRequired":true,"valueName":"search_term_string"}}],"inLanguage":"fi"},{"@type":"Organization","@id":"https:\/\/qingdaohf.com\/bg\/#organization","name":"Qingdao H&F","url":"https:\/\/qingdaohf.com\/bg\/","logo":{"@type":"ImageObject","inLanguage":"fi","@id":"https:\/\/qingdaohf.com\/bg\/#\/schema\/logo\/image\/","url":"https:\/\/qingdaohf.com\/wp-content\/uploads\/2022\/12\/cropped-HF-LOGO.png","contentUrl":"https:\/\/qingdaohf.com\/wp-content\/uploads\/2022\/12\/cropped-HF-LOGO.png","width":391,"height":249,"caption":"Qingdao H&F"},"image":{"@id":"https:\/\/qingdaohf.com\/bg\/#\/schema\/logo\/image\/"},"sameAs":["https:\/\/www.facebook.com\/qingdaohf"]}]}},"_links":{"self":[{"href":"https:\/\/qingdaohf.com\/fi\/wp-json\/wp\/v2\/product\/8601","targetHints":{"allow":["GET"]}}],"collection":[{"href":"https:\/\/qingdaohf.com\/fi\/wp-json\/wp\/v2\/product"}],"about":[{"href":"https:\/\/qingdaohf.com\/fi\/wp-json\/wp\/v2\/types\/product"}],"replies":[{"embeddable":true,"href":"https:\/\/qingdaohf.com\/fi\/wp-json\/wp\/v2\/comments?post=8601"}],"version-history":[{"count":1,"href":"https:\/\/qingdaohf.com\/fi\/wp-json\/wp\/v2\/product\/8601\/revisions"}],"predecessor-version":[{"id":8602,"href":"https:\/\/qingdaohf.com\/fi\/wp-json\/wp\/v2\/product\/8601\/revisions\/8602"}],"wp:featuredmedia":[{"embeddable":true,"href":"https:\/\/qingdaohf.com\/fi\/wp-json\/wp\/v2\/media\/8599"}],"wp:attachment":[{"href":"https:\/\/qingdaohf.com\/fi\/wp-json\/wp\/v2\/media?parent=8601"}],"wp:term":[{"taxonomy":"product_brand","embeddable":true,"href":"https:\/\/qingdaohf.com\/fi\/wp-json\/wp\/v2\/product_brand?post=8601"},{"taxonomy":"product_cat","embeddable":true,"href":"https:\/\/qingdaohf.com\/fi\/wp-json\/wp\/v2\/product_cat?post=8601"},{"taxonomy":"product_tag","embeddable":true,"href":"https:\/\/qingdaohf.com\/fi\/wp-json\/wp\/v2\/product_tag?post=8601"}],"curies":[{"name":"wp","href":"https:\/\/api.w.org\/{rel}","templated":true}]}}