{"id":8612,"date":"2024-12-31T15:41:05","date_gmt":"2024-12-31T07:41:05","guid":{"rendered":"http:\/\/qingdaohf.com\/?post_type=product&#038;p=8612"},"modified":"2025-11-13T09:02:21","modified_gmt":"2025-11-13T01:02:21","slug":"super-plate-combi-nut","status":"publish","type":"product","link":"https:\/\/qingdaohf.com\/fi\/tuote\/super-plate-combi-mutteri\/","title":{"rendered":"Super Plate Combi mutteri"},"content":{"rendered":"<h2 class=\"font-600 text-2xl font-bold\">Super Plate Combi mutteri: T\u00e4ydellinen kumppani sidontatankoj\u00e4rjestelmiss\u00e4.<\/h2>\n<p class=\"whitespace-pre-wrap break-words\">Etsitk\u00f6 luotettavaa ratkaisua betonimuottiisi? Super Plate Combi Nut on ansainnut maineensa modernien sidontatankoj\u00e4rjestelmien keskeisen\u00e4 komponenttina. Kun se yhdistet\u00e4\u00e4n sidontatankojen ja vesipys\u00e4yttimien kanssa, se tarjoaa vaativien rakennushankkeiden vaatiman vakauden ja lujuuden. T\u00e4m\u00e4 vaativien standardien mukaisesti valmistettu olennainen osa laitteistoa auttaa urakoitsijoita saavuttamaan tarvitsemansa rakenteellisen eheyden.<\/p>\n<p class=\"whitespace-pre-wrap break-words\">Qingdao H&amp;F tuo n\u00e4m\u00e4 korkealaatuiset rakennuskomponentit rakentajille maailmanlaajuisesti. Kansainv\u00e4listen standardien t\u00e4ytt\u00e4misen lis\u00e4ksi se erottuu muista tarjoamalla nopean toimituksen, henkil\u00f6kohtaisen tuen ja yksityiskohtaiset laaturaportit jokaisesta tilauksesta. Heid\u00e4n Super Plate Combi Nut -mutterinsa antaa rakentajille luottamusta, jota he tarvitsevat haastavien projektien toteuttamiseen.<\/p>\n<h2 class=\"font-600 text-2xl font-bold\">Sidontatankoj\u00e4rjestelmien rooli betonimuotissa<\/h2>\n<p class=\"whitespace-pre-wrap break-words\">Kaikki betonin kanssa ty\u00f6skennelleet tiet\u00e4v\u00e4t, ett\u00e4 muottien vakaus on ratkaisevan t\u00e4rke\u00e4\u00e4. T\u00e4ss\u00e4 kohtaa sidontatankoj\u00e4rjestelm\u00e4t tulevat kuvaan - ne ovat laulamattomia sankareita, jotka pit\u00e4v\u00e4t kaiken linjassa ja turvassa betonivalun aikana. Kuvittele kolme keskeist\u00e4 toimijaa yhdess\u00e4: sidontatanko, vesipys\u00e4ytin ja Super Plate Combi Mutteri. Jokaisella on oma teht\u00e4v\u00e4ns\u00e4 luotaessa kivikovaa perustaa rakentamisen onnistumiselle.<\/p>\n<p class=\"whitespace-pre-wrap break-words\">Ajattele, ett\u00e4 vetotanko on j\u00e4rjestelm\u00e4n selk\u00e4ranka. Se pit\u00e4\u00e4 n\u00e4m\u00e4 muottilevyt liitettyn\u00e4 ja tuettuna ja vastustaa m\u00e4r\u00e4n betonin valtavaa painetta, joka muutoin ty\u00f6nt\u00e4isi kaiken pois paikoiltaan. Samaan aikaan vedenpit\u00e4j\u00e4 toimii kuin vartija, joka on sijoitettu strategisesti sidontatangon varrelle est\u00e4m\u00e4\u00e4n veden p\u00e4\u00e4syn rakennusaukkojen l\u00e4pi. T\u00e4m\u00e4 veden esto on ratkaisevan t\u00e4rke\u00e4\u00e4 rakenteen pitk\u00e4n aikav\u00e4lin terveyden kannalta.<\/p>\n<p class=\"whitespace-pre-wrap break-words\">Kaiken yhdist\u00e4\u00e4 Super Plate Combi Nut. Yhdist\u00e4m\u00e4ll\u00e4 mutterin ja leve\u00e4n levyn samaan \u00e4lykk\u00e4\u00e4seen muotoiluun se lukitsee kaiken ja jakaa samalla paineen tasaisesti. Kun n\u00e4m\u00e4 kolme komponenttia toimivat sopusoinnussa, ne luovat muottij\u00e4rjestelm\u00e4n, joka pysyy paikoillaan my\u00f6s kovassa paineessa.<\/p>\n<h2 class=\"font-600 text-2xl font-bold\">Miksi Super Plate Combi Mutteri on paras sidontatankoj\u00e4rjestelmiss\u00e4?<\/h2>\n<p class=\"whitespace-pre-wrap break-words\">Mik\u00e4 tekee Super Plate Combi Nutista erityisen? Se alkaa materiaaleista. Se on rakennettu ensiluokkaisesta ter\u00e4ksest\u00e4, joten se kest\u00e4\u00e4 sellaista rangaistusta, joka ep\u00e4muodostaisi heikompia laitteistoja. T\u00e4ll\u00e4 kest\u00e4vyydell\u00e4 on merkityst\u00e4, kun olet tekemisiss\u00e4 betonity\u00f6h\u00f6n liittyvien valtavien voimien kanssa.<\/p>\n<p class=\"whitespace-pre-wrap break-words\">Integroitu levysuunnittelu on erityisen nokkela. Kun kuormitus jakautuu suuremmalle pinta-alalle, se est\u00e4\u00e4 j\u00e4nnityksen keskittymisen yhteen kohtaan - yleinen ongelma, joka voi vahingoittaa muottia. T\u00e4m\u00e4 suunnitteluvalinta ei ainoastaan suojaa materiaaleja, vaan se my\u00f6s tarkoittaa, ett\u00e4 voit k\u00e4ytt\u00e4\u00e4 osia useammin uudelleen, mik\u00e4 s\u00e4\u00e4st\u00e4\u00e4 rahaa ajan my\u00f6t\u00e4.<\/p>\n<p class=\"whitespace-pre-wrap break-words\">Urakoitsijat arvostavat sit\u00e4, miten helposti Super Plate Combi Nut sopii heid\u00e4n nykyisiin laitteisiinsa. Se toimii vakiokokojen ja vesipys\u00e4yttimien kanssa, joten erikoisty\u00f6kalujen tai sovittimien etsiminen ei aiheuta p\u00e4\u00e4nvaivaa. Korroosionkest\u00e4v\u00e4n pinnoitteensa ansiosta se toimii my\u00f6s silloin, kun s\u00e4\u00e4 ja ty\u00f6olosuhteet muuttuvat huonoiksi.<\/p>\n<h2 class=\"font-600 text-2xl font-bold\">Qingdao H&amp;F:n tukema kokonaisratkaisu<\/h2>\n<p class=\"whitespace-pre-wrap break-words\">Oikean toimittajan l\u00f6yt\u00e4minen on yht\u00e4 t\u00e4rke\u00e4\u00e4 kuin oikeiden ty\u00f6kalujen valinta. Siin\u00e4 Qingdao H&amp;F loistaa. Kahden vuosikymmenen kokemus kansainv\u00e4lisest\u00e4 kaupasta on osoittanut, mit\u00e4 urakoitsijat tarvitsevat menesty\u00e4kseen.<\/p>\n<p class=\"whitespace-pre-wrap break-words\">Ne tarjoavat t\u00e4ydellisen paketin - vetotangot, vesipys\u00e4yttimet ja Super Plate Combi -mutterit, jotka toimivat saumattomasti yhdess\u00e4. Nopeat toimitukset pit\u00e4v\u00e4t projektit k\u00e4ynniss\u00e4, ja yksityiskohtaiset laaturaportit antavat varmuuden siit\u00e4, ett\u00e4 jokainen komponentti toimii lupausten mukaisesti.<\/p>\n<p class=\"whitespace-pre-wrap break-words\">Heid\u00e4n erottautumisensa on heid\u00e4n k\u00e4yt\u00e4nn\u00f6nl\u00e4heinen l\u00e4hestymistapansa asiakaspalveluun. Tarvitsitpa sitten teknist\u00e4 neuvontaa tai apua logistiikan kanssa, heid\u00e4n tiimins\u00e4 tarjoaa k\u00e4yt\u00e4nn\u00f6n ratkaisuja, jotka on r\u00e4\u00e4t\u00e4l\u00f6ity juuri sinun haasteisiisi.<\/p>\n<p>Johtop\u00e4\u00e4t\u00f6kset: Vahvuutta ja tarkkuutta jokaiseen projektiin<\/p>\n<p class=\"whitespace-pre-wrap break-words\">Super Plate Combi Nut -mutteri todistaa arvonsa ty\u00f6mailla p\u00e4ivitt\u00e4in. Yhdess\u00e4 laadukkaiden sidontatankojen ja vesipys\u00e4yttimien kanssa se antaa urakoitsijoille luotettavan suorituskyvyn, jota he tarvitsevat betonin muotoilun onnistumiseksi.<\/p>","protected":false},"excerpt":{"rendered":"<p>The <strong>Super Plate Combi mutteri<\/strong> on monik\u00e4ytt\u00f6inen, luja lis\u00e4varuste, joka on suunniteltu betonin muokkaussovelluksiin ja joka tarjoaa vertaansa vailla olevaa kest\u00e4vyytt\u00e4 ja luotettavuutta. Se on suunniteltu vaativiin rakennushankkeisiin, ja se vastaa ostajien t\u00e4rkeimpiin huolenaiheisiin, kuten suorituskykyyn raskaissa kuormissa, kulutuskest\u00e4vyyteen ja yhteensopivuuteen tavanomaisten sidontaj\u00e4rjestelmien kanssa. Qingdao H&amp;F:n sitoutuminen huippuosaamiseen tukee t\u00e4t\u00e4 tuotetta, ja sit\u00e4 t\u00e4ydent\u00e4v\u00e4t henkil\u00f6kohtainen asiakaspalvelu, nopeat toimitusjaksot ja yksityiskohtaiset laatutarkastusraportit. Riippumatta siit\u00e4, vaatiiko projektisi nopeaa l\u00e4pimenoa tai r\u00e4\u00e4t\u00e4l\u00f6ityj\u00e4 spesifikaatioita, Qingdao H&amp;F varmistaa, ett\u00e4 sinulla on tarvitsemasi ty\u00f6kalut silloin, kun niit\u00e4 tarvitset.<\/p>","protected":false},"featured_media":8611,"comment_status":"open","ping_status":"closed","template":"","meta":{"site-sidebar-layout":"default","site-content-layout":"","ast-site-content-layout":"default","site-content-style":"default","site-sidebar-style":"default","ast-global-header-display":"","ast-banner-title-visibility":"","ast-main-header-display":"","ast-hfb-above-header-display":"","ast-hfb-below-header-display":"","ast-hfb-mobile-header-display":"","site-post-title":"","ast-breadcrumbs-content":"","ast-featured-img":"","footer-sml-layout":"","theme-transparent-header-meta":"default","adv-header-id-meta":"","stick-header-meta":"default","header-above-stick-meta":"","header-main-stick-meta":"","header-below-stick-meta":"","astra-migrate-meta-layouts":"set","ast-page-background-enabled":"default","ast-page-background-meta":{"desktop":{"background-color":"","background-image":"","background-repeat":"repeat","background-position":"center center","background-size":"auto","background-attachment":"scroll","background-type":"","background-media":"","overlay-type":"","overlay-color":"","overlay-opacity":"","overlay-gradient":""},"tablet":{"background-color":"","background-image":"","background-repeat":"repeat","background-position":"center center","background-size":"auto","background-attachment":"scroll","background-type":"","background-media":"","overlay-type":"","overlay-color":"","overlay-opacity":"","overlay-gradient":""},"mobile":{"background-color":"","background-image":"","background-repeat":"repeat","background-position":"center center","background-size":"auto","background-attachment":"scroll","background-type":"","background-media":"","overlay-type":"","overlay-color":"","overlay-opacity":"","overlay-gradient":""}},"ast-content-background-meta":{"desktop":{"background-color":"var(--ast-global-color-5)","background-image":"","background-repeat":"repeat","background-position":"center center","background-size":"auto","background-attachment":"scroll","background-type":"","background-media":"","overlay-type":"","overlay-color":"","overlay-opacity":"","overlay-gradient":""},"tablet":{"background-color":"var(--ast-global-color-5)","background-image":"","background-repeat":"repeat","background-position":"center center","background-size":"auto","background-attachment":"scroll","background-type":"","background-media":"","overlay-type":"","overlay-color":"","overlay-opacity":"","overlay-gradient":""},"mobile":{"background-color":"var(--ast-global-color-5)","background-image":"","background-repeat":"repeat","background-position":"center center","background-size":"auto","background-attachment":"scroll","background-type":"","background-media":"","overlay-type":"","overlay-color":"","overlay-opacity":"","overlay-gradient":""}}},"product_brand":[],"product_cat":[79],"product_tag":[],"class_list":{"0":"post-8612","1":"product","2":"type-product","3":"status-publish","4":"has-post-thumbnail","6":"product_cat-tie-rod-system","7":"desktop-align-left","8":"tablet-align-left","9":"mobile-align-left","10":"ast-product-gallery-layout-horizontal-slider","11":"ast-product-gallery-with-no-image","12":"ast-product-tabs-layout-horizontal","14":"first","15":"instock","16":"shipping-taxable","17":"purchasable","18":"product-type-simple"},"yoast_head":"<!-- This site is optimized with the Yoast SEO plugin v25.2 - https:\/\/yoast.com\/wordpress\/plugins\/seo\/ -->\n<title>Super Plate Combi Nut<\/title>\n<meta name=\"description\" content=\"The Super Plate Combi Nut is a versatile, high-strength accessory designed for concrete forming applications, offering unparalleled durability and reliability.\" \/>\n<meta name=\"robots\" content=\"index, follow, max-snippet:-1, max-image-preview:large, max-video-preview:-1\" \/>\n<link rel=\"canonical\" href=\"https:\/\/qingdaohf.com\/fi\/tuote\/super-plate-combi-mutteri\/\" \/>\n<meta property=\"og:locale\" content=\"fi_FI\" \/>\n<meta property=\"og:type\" content=\"article\" \/>\n<meta property=\"og:title\" content=\"Super Plate Combi Nut\" \/>\n<meta property=\"og:description\" content=\"The Super Plate Combi Nut is a versatile, high-strength accessory designed for concrete forming applications, offering unparalleled durability and reliability.\" \/>\n<meta property=\"og:url\" content=\"https:\/\/qingdaohf.com\/fi\/tuote\/super-plate-combi-mutteri\/\" \/>\n<meta property=\"og:site_name\" content=\"Concrete Form &amp; Rigging Hardware Supplier\" \/>\n<meta property=\"article:publisher\" content=\"https:\/\/www.facebook.com\/qingdaohf\" \/>\n<meta property=\"article:modified_time\" content=\"2025-11-13T01:02:21+00:00\" \/>\n<meta property=\"og:image\" content=\"https:\/\/qingdaohf.com\/wp-content\/uploads\/2024\/12\/Super-Plate-Combi-Nut.jpg\" \/>\n\t<meta property=\"og:image:width\" content=\"1000\" \/>\n\t<meta property=\"og:image:height\" content=\"1000\" \/>\n\t<meta property=\"og:image:type\" content=\"image\/jpeg\" \/>\n<meta name=\"twitter:card\" content=\"summary_large_image\" \/>\n<meta name=\"twitter:label1\" content=\"Arvioitu lukuaika\" \/>\n\t<meta name=\"twitter:data1\" content=\"3 minuuttia\" \/>\n<script type=\"application\/ld+json\" class=\"yoast-schema-graph\">{\"@context\":\"https:\/\/schema.org\",\"@graph\":[{\"@type\":\"WebPage\",\"@id\":\"https:\/\/qingdaohf.com\/product\/super-plate-combi-nut\/\",\"url\":\"https:\/\/qingdaohf.com\/product\/super-plate-combi-nut\/\",\"name\":\"Super Plate Combi Nut\",\"isPartOf\":{\"@id\":\"https:\/\/qingdaohf.com\/bg\/#website\"},\"primaryImageOfPage\":{\"@id\":\"https:\/\/qingdaohf.com\/product\/super-plate-combi-nut\/#primaryimage\"},\"image\":{\"@id\":\"https:\/\/qingdaohf.com\/product\/super-plate-combi-nut\/#primaryimage\"},\"thumbnailUrl\":\"https:\/\/qingdaohf.com\/wp-content\/uploads\/2024\/12\/Super-Plate-Combi-Nut.jpg\",\"datePublished\":\"2024-12-31T07:41:05+00:00\",\"dateModified\":\"2025-11-13T01:02:21+00:00\",\"description\":\"The Super Plate Combi Nut is a versatile, high-strength accessory designed for concrete forming applications, offering unparalleled durability and reliability.\",\"breadcrumb\":{\"@id\":\"https:\/\/qingdaohf.com\/product\/super-plate-combi-nut\/#breadcrumb\"},\"inLanguage\":\"fi\",\"potentialAction\":[{\"@type\":\"ReadAction\",\"target\":[\"https:\/\/qingdaohf.com\/product\/super-plate-combi-nut\/\"]}]},{\"@type\":\"ImageObject\",\"inLanguage\":\"fi\",\"@id\":\"https:\/\/qingdaohf.com\/product\/super-plate-combi-nut\/#primaryimage\",\"url\":\"https:\/\/qingdaohf.com\/wp-content\/uploads\/2024\/12\/Super-Plate-Combi-Nut.jpg\",\"contentUrl\":\"https:\/\/qingdaohf.com\/wp-content\/uploads\/2024\/12\/Super-Plate-Combi-Nut.jpg\",\"width\":1000,\"height\":1000,\"caption\":\"Super Plate Combi Nut\"},{\"@type\":\"BreadcrumbList\",\"@id\":\"https:\/\/qingdaohf.com\/product\/super-plate-combi-nut\/#breadcrumb\",\"itemListElement\":[{\"@type\":\"ListItem\",\"position\":1,\"name\":\"Home\",\"item\":\"https:\/\/qingdaohf.com\/\"},{\"@type\":\"ListItem\",\"position\":2,\"name\":\"Concrete Forming Accessories and Rigging Hardware\",\"item\":\"https:\/\/qingdaohf.com\/bg\/?page_id=944\"},{\"@type\":\"ListItem\",\"position\":3,\"name\":\"Super Plate Combi Nut\"}]},{\"@type\":\"WebSite\",\"@id\":\"https:\/\/qingdaohf.com\/bg\/#website\",\"url\":\"https:\/\/qingdaohf.com\/bg\/\",\"name\":\"Concrete Form & Rigging Hardware Supplier\",\"description\":\"\",\"publisher\":{\"@id\":\"https:\/\/qingdaohf.com\/bg\/#organization\"},\"potentialAction\":[{\"@type\":\"SearchAction\",\"target\":{\"@type\":\"EntryPoint\",\"urlTemplate\":\"https:\/\/qingdaohf.com\/bg\/?s={search_term_string}\"},\"query-input\":{\"@type\":\"PropertyValueSpecification\",\"valueRequired\":true,\"valueName\":\"search_term_string\"}}],\"inLanguage\":\"fi\"},{\"@type\":\"Organization\",\"@id\":\"https:\/\/qingdaohf.com\/bg\/#organization\",\"name\":\"Qingdao H&F\",\"url\":\"https:\/\/qingdaohf.com\/bg\/\",\"logo\":{\"@type\":\"ImageObject\",\"inLanguage\":\"fi\",\"@id\":\"https:\/\/qingdaohf.com\/bg\/#\/schema\/logo\/image\/\",\"url\":\"https:\/\/qingdaohf.com\/wp-content\/uploads\/2022\/12\/cropped-HF-LOGO.png\",\"contentUrl\":\"https:\/\/qingdaohf.com\/wp-content\/uploads\/2022\/12\/cropped-HF-LOGO.png\",\"width\":391,\"height\":249,\"caption\":\"Qingdao H&F\"},\"image\":{\"@id\":\"https:\/\/qingdaohf.com\/bg\/#\/schema\/logo\/image\/\"},\"sameAs\":[\"https:\/\/www.facebook.com\/qingdaohf\"]}]}<\/script>\n<!-- \/ Yoast SEO plugin. -->","yoast_head_json":{"title":"Super Plate Combi Nut","description":"The Super Plate Combi Nut is a versatile, high-strength accessory designed for concrete forming applications, offering unparalleled durability and reliability.","robots":{"index":"index","follow":"follow","max-snippet":"max-snippet:-1","max-image-preview":"max-image-preview:large","max-video-preview":"max-video-preview:-1"},"canonical":"https:\/\/qingdaohf.com\/fi\/tuote\/super-plate-combi-mutteri\/","og_locale":"fi_FI","og_type":"article","og_title":"Super Plate Combi Nut","og_description":"The Super Plate Combi Nut is a versatile, high-strength accessory designed for concrete forming applications, offering unparalleled durability and reliability.","og_url":"https:\/\/qingdaohf.com\/fi\/tuote\/super-plate-combi-mutteri\/","og_site_name":"Concrete Form &amp; Rigging Hardware Supplier","article_publisher":"https:\/\/www.facebook.com\/qingdaohf","article_modified_time":"2025-11-13T01:02:21+00:00","og_image":[{"width":1000,"height":1000,"url":"https:\/\/qingdaohf.com\/wp-content\/uploads\/2024\/12\/Super-Plate-Combi-Nut.jpg","type":"image\/jpeg"}],"twitter_card":"summary_large_image","twitter_misc":{"Arvioitu lukuaika":"3 minuuttia"},"schema":{"@context":"https:\/\/schema.org","@graph":[{"@type":"WebPage","@id":"https:\/\/qingdaohf.com\/product\/super-plate-combi-nut\/","url":"https:\/\/qingdaohf.com\/product\/super-plate-combi-nut\/","name":"Super Plate Combi Nut","isPartOf":{"@id":"https:\/\/qingdaohf.com\/bg\/#website"},"primaryImageOfPage":{"@id":"https:\/\/qingdaohf.com\/product\/super-plate-combi-nut\/#primaryimage"},"image":{"@id":"https:\/\/qingdaohf.com\/product\/super-plate-combi-nut\/#primaryimage"},"thumbnailUrl":"https:\/\/qingdaohf.com\/wp-content\/uploads\/2024\/12\/Super-Plate-Combi-Nut.jpg","datePublished":"2024-12-31T07:41:05+00:00","dateModified":"2025-11-13T01:02:21+00:00","description":"The Super Plate Combi Nut is a versatile, high-strength accessory designed for concrete forming applications, offering unparalleled durability and reliability.","breadcrumb":{"@id":"https:\/\/qingdaohf.com\/product\/super-plate-combi-nut\/#breadcrumb"},"inLanguage":"fi","potentialAction":[{"@type":"ReadAction","target":["https:\/\/qingdaohf.com\/product\/super-plate-combi-nut\/"]}]},{"@type":"ImageObject","inLanguage":"fi","@id":"https:\/\/qingdaohf.com\/product\/super-plate-combi-nut\/#primaryimage","url":"https:\/\/qingdaohf.com\/wp-content\/uploads\/2024\/12\/Super-Plate-Combi-Nut.jpg","contentUrl":"https:\/\/qingdaohf.com\/wp-content\/uploads\/2024\/12\/Super-Plate-Combi-Nut.jpg","width":1000,"height":1000,"caption":"Super Plate Combi Nut"},{"@type":"BreadcrumbList","@id":"https:\/\/qingdaohf.com\/product\/super-plate-combi-nut\/#breadcrumb","itemListElement":[{"@type":"ListItem","position":1,"name":"Home","item":"https:\/\/qingdaohf.com\/"},{"@type":"ListItem","position":2,"name":"Concrete Forming Accessories and Rigging Hardware","item":"https:\/\/qingdaohf.com\/bg\/?page_id=944"},{"@type":"ListItem","position":3,"name":"Super Plate Combi Nut"}]},{"@type":"WebSite","@id":"https:\/\/qingdaohf.com\/bg\/#website","url":"https:\/\/qingdaohf.com\/bg\/","name":"Concrete Form & Rigging Hardware Supplier","description":"","publisher":{"@id":"https:\/\/qingdaohf.com\/bg\/#organization"},"potentialAction":[{"@type":"SearchAction","target":{"@type":"EntryPoint","urlTemplate":"https:\/\/qingdaohf.com\/bg\/?s={search_term_string}"},"query-input":{"@type":"PropertyValueSpecification","valueRequired":true,"valueName":"search_term_string"}}],"inLanguage":"fi"},{"@type":"Organization","@id":"https:\/\/qingdaohf.com\/bg\/#organization","name":"Qingdao H&F","url":"https:\/\/qingdaohf.com\/bg\/","logo":{"@type":"ImageObject","inLanguage":"fi","@id":"https:\/\/qingdaohf.com\/bg\/#\/schema\/logo\/image\/","url":"https:\/\/qingdaohf.com\/wp-content\/uploads\/2022\/12\/cropped-HF-LOGO.png","contentUrl":"https:\/\/qingdaohf.com\/wp-content\/uploads\/2022\/12\/cropped-HF-LOGO.png","width":391,"height":249,"caption":"Qingdao H&F"},"image":{"@id":"https:\/\/qingdaohf.com\/bg\/#\/schema\/logo\/image\/"},"sameAs":["https:\/\/www.facebook.com\/qingdaohf"]}]}},"_links":{"self":[{"href":"https:\/\/qingdaohf.com\/fi\/wp-json\/wp\/v2\/product\/8612","targetHints":{"allow":["GET"]}}],"collection":[{"href":"https:\/\/qingdaohf.com\/fi\/wp-json\/wp\/v2\/product"}],"about":[{"href":"https:\/\/qingdaohf.com\/fi\/wp-json\/wp\/v2\/types\/product"}],"replies":[{"embeddable":true,"href":"https:\/\/qingdaohf.com\/fi\/wp-json\/wp\/v2\/comments?post=8612"}],"version-history":[{"count":1,"href":"https:\/\/qingdaohf.com\/fi\/wp-json\/wp\/v2\/product\/8612\/revisions"}],"predecessor-version":[{"id":8613,"href":"https:\/\/qingdaohf.com\/fi\/wp-json\/wp\/v2\/product\/8612\/revisions\/8613"}],"wp:featuredmedia":[{"embeddable":true,"href":"https:\/\/qingdaohf.com\/fi\/wp-json\/wp\/v2\/media\/8611"}],"wp:attachment":[{"href":"https:\/\/qingdaohf.com\/fi\/wp-json\/wp\/v2\/media?parent=8612"}],"wp:term":[{"taxonomy":"product_brand","embeddable":true,"href":"https:\/\/qingdaohf.com\/fi\/wp-json\/wp\/v2\/product_brand?post=8612"},{"taxonomy":"product_cat","embeddable":true,"href":"https:\/\/qingdaohf.com\/fi\/wp-json\/wp\/v2\/product_cat?post=8612"},{"taxonomy":"product_tag","embeddable":true,"href":"https:\/\/qingdaohf.com\/fi\/wp-json\/wp\/v2\/product_tag?post=8612"}],"curies":[{"name":"wp","href":"https:\/\/api.w.org\/{rel}","templated":true}]}}