{"id":8721,"date":"2025-01-13T14:56:13","date_gmt":"2025-01-13T06:56:13","guid":{"rendered":"http:\/\/qingdaohf.com\/?post_type=product&#038;p=8721"},"modified":"2025-11-13T09:02:20","modified_gmt":"2025-11-13T01:02:20","slug":"lifting-socket-duo-round-ferrules","status":"publish","type":"product","link":"https:\/\/qingdaohf.com\/fi\/tuote\/nostopistorasia-duo-pyoreat-lenkit\/","title":{"rendered":"Nostopistorasia Duo py\u00f6re\u00e4t aisat"},"content":{"rendered":"<h2 class=\"text-2xl font-bold mt-1 text-text-200\">Mit\u00e4 ovat nostosokkelin Duo Round Ferrules ja miten ne toimivat?<\/h2>\n<p class=\"whitespace-pre-wrap break-words\">Ajattele, ett\u00e4 Lifting Socket Duo Round Ferrules on takilointioperaatioiden laulamattomia sankareita. N\u00e4enn\u00e4isen yksinkertaisilla komponenteilla on ratkaiseva rooli vaijerien kiinnitt\u00e4misess\u00e4 nostoj\u00e4rjestelmiin. Kukin ferrule toimii kiinnityspisteen\u00e4 ja luo luotettavan yhteyden, joka on olennainen turvallisen nostotoiminnan kannalta.<\/p>\n<p class=\"whitespace-pre-wrap break-words\">N\u00e4iden lankojen nerokkuus piilee niiden py\u00f6re\u00e4ss\u00e4 muotoilussa. Niiden sile\u00e4 pinta on kuin hyvin kulunut jokikivi, ja se auttaa jakamaan kuorman tasaisesti vaijeriin, jotta mik\u00e4\u00e4n yksitt\u00e4inen kohta ei kuormitu liikaa. \"Duo\"-aspekti viittaa niiden \u00e4lykk\u00e4\u00e4seen kaksik\u00e4ytt\u00f6iseen suunnitteluun - ne sek\u00e4 kiinnitt\u00e4v\u00e4t k\u00f6yden p\u00e4\u00e4n ett\u00e4 suojaavat sit\u00e4 kulumiselta, joten ne hoitavat periaatteessa kahden komponentin teht\u00e4v\u00e4t yhdess\u00e4.<\/p>\n<p class=\"whitespace-pre-wrap break-words\">N\u00e4m\u00e4 raudat ovat kovassa k\u00e4yt\u00f6ss\u00e4 paikoissa, joissa raskaat nostot ovat p\u00e4ivitt\u00e4inen haaste. Ne ovat kriittinen osa nostopalapeli\u00e4 sellaisilla teollisuudenaloilla, joilla ei ole varaa laitevikoihin, aina korkeista rakennusty\u00f6maista myrskyn koettelemiin offshore-lauttoihin.<\/p>\n<p><img fetchpriority=\"high\" decoding=\"async\" class=\"alignnone wp-image-3355 size-full\" src=\"http:\/\/qingdaohf.com\/wp-content\/uploads\/2023\/03\/lifting-sockets-with-plastic-caps-6-1.jpg\" alt=\"nostopistorasiat, joissa on muovikorkit\" width=\"800\" height=\"410\" srcset=\"https:\/\/qingdaohf.com\/wp-content\/uploads\/2023\/03\/lifting-sockets-with-plastic-caps-6-1.jpg 800w, https:\/\/qingdaohf.com\/wp-content\/uploads\/2023\/03\/lifting-sockets-with-plastic-caps-6-1-300x154.jpg 300w, https:\/\/qingdaohf.com\/wp-content\/uploads\/2023\/03\/lifting-sockets-with-plastic-caps-6-1-768x394.jpg 768w\" sizes=\"(max-width: 800px) 100vw, 800px\" \/><\/p>\n<h2 class=\"text-2xl font-bold mt-1 text-text-200\">Miksi sinun pit\u00e4isi valita Qingdao H &amp; F nostamiseen Socket Duo Round Ferrules?<\/h2>\n<p class=\"whitespace-pre-wrap break-words\">Kun ostat takilalaitteita, painit luultavasti kolmen t\u00e4rkeimm\u00e4n huolenaiheen kanssa: Toimiiko se nykyisten laitteidesi kanssa? Kest\u00e4\u00e4k\u00f6 se? Ja mik\u00e4 ehk\u00e4 t\u00e4rkeint\u00e4, saapuuko se perille, kun tarvitset sit\u00e4? Me Qingdao H&amp;F:ss\u00e4 olemme rakentaneet liiketoimintamme juuri n\u00e4ihin haasteisiin vastaamiseksi.<\/p>\n<p class=\"whitespace-pre-wrap break-words\">Meill\u00e4 on erilainen l\u00e4hestymistapa kuin useimmilla toimittajilla. Sen sijaan, ett\u00e4 k\u00e4sittelisimme lankoja vain yhten\u00e4 luettelon tuotteena, tarjoamme jokaiselle tilaukselle henkil\u00f6kohtaista huomiota. Tiimimme ty\u00f6skentelee suoraan kanssasi ymm\u00e4rt\u00e4\u00e4kseen nostoj\u00e4rjestelm\u00e4si erityispiirteet ja varmistaakseen, ett\u00e4 saat raudat, jotka sopivat t\u00e4ydellisesti olemassa oleviin laitteisiisi.<\/p>\n<p class=\"whitespace-pre-wrap break-words\">Olemme virtaviivaistaneet toimitusprosessiamme, jotta projektisi etenev\u00e4t. Tarvitsitpa sitten yhden tai tuhat ferrulia, pid\u00e4mme toimitusketjumme tiukasti hallinnassa, jotta voimme pit\u00e4\u00e4 kiinni aikatauluistasi. Jokainen er\u00e4 testataan perusteellisesti, ja toimitamme yksityiskohtaiset tarkastusraportit, jotta voit olla varma siit\u00e4, mit\u00e4 saat.<\/p>\n<p class=\"whitespace-pre-wrap break-words\">Kun ty\u00f6skentelet kanssamme, et osta vain tuotetta - saat kumppanin. Tiimimme on k\u00e4ytett\u00e4viss\u00e4 koko prosessin ajan, valmiina vastaamaan kysymyksiin tai k\u00e4sittelem\u00e4\u00e4n huolenaiheita niiden ilmaantuessa.<\/p>\n<h2 class=\"text-2xl font-bold mt-1 text-text-200\">Nostosokkelin Duo Round Ferrulesin suunnittelu ja ominaisuudet<\/h2>\n<p class=\"whitespace-pre-wrap break-words\">Lifting Socket Duo Round Ferrulen kauneus piilee sen suoraviivaisessa mutta \u00e4lykk\u00e4\u00e4ss\u00e4 suunnittelussa. N\u00e4m\u00e4 kovasta ter\u00e4ksest\u00e4 tai ruostumattomasta ter\u00e4ksest\u00e4 valmistetut raudat on suunniteltu kest\u00e4m\u00e4\u00e4n p\u00e4ivitt\u00e4isen k\u00e4yt\u00f6n aiheuttamat rasitukset s\u00e4ilytt\u00e4en samalla eheytens\u00e4. Niiden py\u00f6ristetty profiili luo vaijerille luonnollisen kehdon, joka eliminoi ter\u00e4v\u00e4t reunat, jotka voisivat heikent\u00e4\u00e4 vaijerin lujuutta.<\/p>\n<p class=\"whitespace-pre-wrap break-words\">N\u00e4iden py\u00f6reiden duo-sulkijalankojen erikoisuus on niiden monipuolisuus. Ne eiv\u00e4t ainoastaan kiinnit\u00e4 k\u00f6ytt\u00e4, vaan toimivat my\u00f6s suojana ymp\u00e4rist\u00f6vahinkoja vastaan. Niiden sile\u00e4 muoto minimoi kitkan ja suojaa k\u00f6ytt\u00e4 s\u00e4\u00e4nn\u00f6llisen k\u00e4yt\u00f6n aiheuttamalta kulumiselta - erityisen arvokasta ankarissa ty\u00f6olosuhteissa.<\/p>\n<p class=\"whitespace-pre-wrap break-words\">\"Duo\"-toiminto on muutakin kuin markkinointipuhetta. N\u00e4m\u00e4 lenkit toimivat kaksinkertaisesti, sill\u00e4 ne sek\u00e4 p\u00e4\u00e4tt\u00e4v\u00e4t k\u00f6yden ett\u00e4 suojaavat sit\u00e4 liialliselta rasitukselta. T\u00e4m\u00e4 tekee niist\u00e4 erityisen arvokkaita dynaamisissa ymp\u00e4rist\u00f6iss\u00e4, kuten offshore-lautoilla, joissa laitteet joutuvat jatkuvaan liikkeeseen ja rasitukseen.<\/p>\n<p class=\"whitespace-pre-wrap break-words\">Yksi parhaista puolista n\u00e4iss\u00e4 lankasulakkeissa on niiden mutkaton asennusprosessi. Vaijerin pujottaminen l\u00e4pi ja kiinnitt\u00e4minen on suoraviivaista, mik\u00e4 s\u00e4\u00e4st\u00e4\u00e4 arvokasta aikaa asennuksen aikana. Lis\u00e4ksi, koska yksi komponentti huolehtii sek\u00e4 p\u00e4\u00e4tt\u00e4misest\u00e4 ett\u00e4 suojauksesta, s\u00e4\u00e4st\u00e4t rahaa ja v\u00e4henn\u00e4t takilaj\u00e4rjestelm\u00e4n monimutkaisuutta.<\/p>\n<h2 class=\"text-2xl font-bold mt-1 text-text-200\">Lifting Socket Duo Round Ferrulen rooli turvallisuudessa ja suorituskyvyss\u00e4<\/h2>\n<p class=\"whitespace-pre-wrap break-words\">Raskaiden nostojen maailmassa ei ole tilaa laitevioille. Kun nostat tonnien painoisia kuormia, jokaisen komponentin on toimittava moitteettomasti. Lifting Socket Duo Round Ferrules on kriittinen turvaelementti, joka varmistaa, ett\u00e4 vaijerit pysyv\u00e4t tukevasti kiinni nostomekanismeissa ja est\u00e4\u00e4 mahdollisesti katastrofaaliset viat.<\/p>\n<p class=\"whitespace-pre-wrap break-words\">N\u00e4m\u00e4 puristimet on suunniteltu s\u00e4ilytt\u00e4m\u00e4\u00e4n vaijerin eheys ajan mittaan. Jakamalla paineen tasaisesti ne est\u00e4v\u00e4t heikkojen kohtien kehittymisen - t\u00e4m\u00e4 on ratkaisevan t\u00e4rke\u00e4\u00e4 sovelluksissa, joissa kuormat muuttuvat jatkuvasti, kuten nosturitoiminnoissa tai offshore-nostoissa.<\/p>\n<p class=\"whitespace-pre-wrap break-words\">Ensisijaisen kiinnitysteht\u00e4v\u00e4ns\u00e4 lis\u00e4ksi ne suojaavat korroosiolta ja ymp\u00e4rist\u00f6vahingoilta. Ty\u00f6skentelitp\u00e4 sitten merenrantasatamassa tai sateen kastelemalla rakennusty\u00f6maalla, n\u00e4iss\u00e4 raudoissa k\u00e4ytetyt korkealaatuiset materiaalit takaavat, ett\u00e4 ne toimivat sek\u00e4 makeassa ett\u00e4 suolaisessa vedess\u00e4.<\/p>\n<p><img decoding=\"async\" class=\"alignnone wp-image-3402 size-full\" src=\"http:\/\/qingdaohf.com\/wp-content\/uploads\/2023\/03\/50-2.jpg\" alt=\"py\u00f6re\u00e4 liitosholkki\" width=\"1200\" height=\"480\" srcset=\"https:\/\/qingdaohf.com\/wp-content\/uploads\/2023\/03\/50-2.jpg 1200w, https:\/\/qingdaohf.com\/wp-content\/uploads\/2023\/03\/50-2-300x120.jpg 300w, https:\/\/qingdaohf.com\/wp-content\/uploads\/2023\/03\/50-2-1024x410.jpg 1024w, https:\/\/qingdaohf.com\/wp-content\/uploads\/2023\/03\/50-2-768x307.jpg 768w, https:\/\/qingdaohf.com\/wp-content\/uploads\/2023\/03\/50-2-1000x400.jpg 1000w\" sizes=\"(max-width: 1200px) 100vw, 1200px\" \/><\/p>\n<h2 class=\"text-2xl font-bold mt-1 text-text-200\">Qingdao H&amp;F:n sitoutuminen laatuun ja palveluun<\/h2>\n<p class=\"whitespace-pre-wrap break-words\">Qingdao H&amp;F:ss\u00e4 laadukkaiden tuotteiden toimittaminen on vasta alkua. Jokainen nostosokkeli Duo Round Ferrules -er\u00e4mme k\u00e4y l\u00e4pi intensiivisen testauksen, jota tukevat yksityiskohtaiset tarkastusraportit. T\u00e4m\u00e4n avoimuuden ansiosta voit varmistaa tarkalleen, mit\u00e4 olet saamassa ja miten se toimii.<\/p>\n<p class=\"whitespace-pre-wrap break-words\">Ymm\u00e4rr\u00e4mme, ett\u00e4 laitteiden toimittaminen ajallaan on ratkaisevan t\u00e4rke\u00e4\u00e4. Siksi olemme rakentaneet maineemme luotettavien toimitusaikataulujen varaan, jotta projektisi etenev\u00e4t. Kun kysymyksi\u00e4 ilmenee, tekninen tiimimme on valmis auttamaan ja tarjoamaan tarvitsemaasi tukea, jotta toimintasi sujuu moitteettomasti.<\/p>\n<p class=\"whitespace-pre-wrap break-words\">Vuosien kokemuksen ansiosta ymm\u00e4rr\u00e4mme luotettavien takilakomponenttien hankintaan liittyv\u00e4t haasteet. Tiimimme on omistautunut tekem\u00e4\u00e4n ty\u00f6st\u00e4si helpompaa ja tarjoamaan mielenrauhaa laadukkaiden tuotteiden ja luotettavan palvelun avulla.<\/p>\n<h2 class=\"text-2xl font-bold mt-1 text-text-200\">P\u00e4\u00e4telm\u00e4<\/h2>\n<p class=\"whitespace-pre-wrap break-words\">Lifting Socket Duo Round Ferrules on olennainen osa takilointitoimintoja, joita ei ole varaa j\u00e4tt\u00e4\u00e4 huomiotta. Ne tarjoavat luotettavan ja tehokkaan ratkaisun vaijerien kiinnitt\u00e4miseen ja suojaamiseen vaativissa ymp\u00e4rist\u00f6iss\u00e4. Kun teet yhteisty\u00f6t\u00e4 Qingdao H&amp;F:n kanssa, saat muutakin kuin vain korkealaatuiset raudat - saat tiimin, joka on sitoutunut menestykseesi ja jonka tukena on nopea toimitus ja kattava laadunvarmistus.<\/p>\n<p class=\"whitespace-pre-wrap break-words\">Jokaisessa nostoprojektissa on omat haasteensa, ja me autamme sinua tarttumaan niihin. Panostamme laatuun, avoimuuteen ja asiakastyytyv\u00e4isyyteen, joten olemme valmiita olemaan luotettava kumppanisi kaikissa nostot\u00f6iss\u00e4. Ota yhteytt\u00e4 jo t\u00e4n\u00e4\u00e4n selvitt\u00e4\u00e4ksesi, miten nostosokkelimme Duo Round Ferrules voivat parantaa nostotoimintojasi.<\/p>","protected":false},"excerpt":{"rendered":"<p>Lifting Socket Duo Round Ferrules auttaa tarjoamaan turvalliset ja tehokkaat liitokset vaijereille raskaissa nostot\u00f6iss\u00e4. Ne on suunniteltu tarjoamaan lujuutta, kest\u00e4vyytt\u00e4 ja suorituskyky\u00e4 korkean rasituksen olosuhteissa. Ostajien tavanomaisia huolenaiheita ovat nostokomponenttien yhteensopivuus, luotettavuus ja turvallisuus; Qingdao H&amp;F Lifting Socket Duo Round Ferrules -nostokorvakkeiden avulla voit olla varma laadukkaista ratkaisuista. Tuotteitamme tuetaan henkil\u00f6kohtaisella asiakaspalvelulla, nopeilla toimitussykleill\u00e4 ja kattavilla laadunvalvontaraporteilla, jotta saat juuri sit\u00e4, mit\u00e4 tarvitset, silloin kun tarvitset, t\u00e4ydellisell\u00e4 avoimuudella.<\/p>","protected":false},"featured_media":8723,"comment_status":"open","ping_status":"closed","template":"","meta":{"site-sidebar-layout":"default","site-content-layout":"","ast-site-content-layout":"default","site-content-style":"default","site-sidebar-style":"default","ast-global-header-display":"","ast-banner-title-visibility":"","ast-main-header-display":"","ast-hfb-above-header-display":"","ast-hfb-below-header-display":"","ast-hfb-mobile-header-display":"","site-post-title":"","ast-breadcrumbs-content":"","ast-featured-img":"","footer-sml-layout":"","theme-transparent-header-meta":"default","adv-header-id-meta":"","stick-header-meta":"default","header-above-stick-meta":"","header-main-stick-meta":"","header-below-stick-meta":"","astra-migrate-meta-layouts":"set","ast-page-background-enabled":"default","ast-page-background-meta":{"desktop":{"background-color":"","background-image":"","background-repeat":"repeat","background-position":"center center","background-size":"auto","background-attachment":"scroll","background-type":"","background-media":"","overlay-type":"","overlay-color":"","overlay-opacity":"","overlay-gradient":""},"tablet":{"background-color":"","background-image":"","background-repeat":"repeat","background-position":"center center","background-size":"auto","background-attachment":"scroll","background-type":"","background-media":"","overlay-type":"","overlay-color":"","overlay-opacity":"","overlay-gradient":""},"mobile":{"background-color":"","background-image":"","background-repeat":"repeat","background-position":"center center","background-size":"auto","background-attachment":"scroll","background-type":"","background-media":"","overlay-type":"","overlay-color":"","overlay-opacity":"","overlay-gradient":""}},"ast-content-background-meta":{"desktop":{"background-color":"var(--ast-global-color-5)","background-image":"","background-repeat":"repeat","background-position":"center center","background-size":"auto","background-attachment":"scroll","background-type":"","background-media":"","overlay-type":"","overlay-color":"","overlay-opacity":"","overlay-gradient":""},"tablet":{"background-color":"var(--ast-global-color-5)","background-image":"","background-repeat":"repeat","background-position":"center center","background-size":"auto","background-attachment":"scroll","background-type":"","background-media":"","overlay-type":"","overlay-color":"","overlay-opacity":"","overlay-gradient":""},"mobile":{"background-color":"var(--ast-global-color-5)","background-image":"","background-repeat":"repeat","background-position":"center center","background-size":"auto","background-attachment":"scroll","background-type":"","background-media":"","overlay-type":"","overlay-color":"","overlay-opacity":"","overlay-gradient":""}}},"product_brand":[],"product_cat":[30],"product_tag":[],"class_list":{"0":"post-8721","1":"product","2":"type-product","3":"status-publish","4":"has-post-thumbnail","6":"product_cat-lifting-anchor","7":"desktop-align-left","8":"tablet-align-left","9":"mobile-align-left","10":"ast-product-gallery-layout-horizontal-slider","11":"ast-product-tabs-layout-horizontal","13":"first","14":"instock","15":"shipping-taxable","16":"purchasable","17":"product-type-simple"},"yoast_head":"<!-- This site is optimized with the Yoast SEO plugin v25.2 - https:\/\/yoast.com\/wordpress\/plugins\/seo\/ -->\n<title>Lifting Socket Duo Round Ferrules<\/title>\n<meta name=\"description\" content=\"Lifting Socket Duo Round Ferrules help to provide safe and efficient connections for wire ropes in heavy-duty lifting operations.\" \/>\n<meta name=\"robots\" content=\"index, follow, max-snippet:-1, max-image-preview:large, max-video-preview:-1\" \/>\n<link rel=\"canonical\" href=\"https:\/\/qingdaohf.com\/fi\/tuote\/nostopistorasia-duo-pyoreat-lenkit\/\" \/>\n<meta property=\"og:locale\" content=\"fi_FI\" \/>\n<meta property=\"og:type\" content=\"article\" \/>\n<meta property=\"og:title\" content=\"Lifting Socket Duo Round Ferrules\" \/>\n<meta property=\"og:description\" content=\"Lifting Socket Duo Round Ferrules help to provide safe and efficient connections for wire ropes in heavy-duty lifting operations.\" \/>\n<meta property=\"og:url\" content=\"https:\/\/qingdaohf.com\/fi\/tuote\/nostopistorasia-duo-pyoreat-lenkit\/\" \/>\n<meta property=\"og:site_name\" content=\"Concrete Form &amp; Rigging Hardware Supplier\" \/>\n<meta property=\"article:publisher\" content=\"https:\/\/www.facebook.com\/qingdaohf\" \/>\n<meta property=\"article:modified_time\" content=\"2025-11-13T01:02:20+00:00\" \/>\n<meta property=\"og:image\" content=\"https:\/\/qingdaohf.com\/wp-content\/uploads\/2025\/01\/duo-round-ferrule-1.jpg\" \/>\n\t<meta property=\"og:image:width\" content=\"800\" \/>\n\t<meta property=\"og:image:height\" content=\"800\" \/>\n\t<meta property=\"og:image:type\" content=\"image\/jpeg\" \/>\n<meta name=\"twitter:card\" content=\"summary_large_image\" \/>\n<meta name=\"twitter:label1\" content=\"Arvioitu lukuaika\" \/>\n\t<meta name=\"twitter:data1\" content=\"5 minuuttia\" \/>\n<script type=\"application\/ld+json\" class=\"yoast-schema-graph\">{\"@context\":\"https:\/\/schema.org\",\"@graph\":[{\"@type\":\"WebPage\",\"@id\":\"https:\/\/qingdaohf.com\/product\/lifting-socket-duo-round-ferrules\/\",\"url\":\"https:\/\/qingdaohf.com\/product\/lifting-socket-duo-round-ferrules\/\",\"name\":\"Lifting Socket Duo Round Ferrules\",\"isPartOf\":{\"@id\":\"https:\/\/qingdaohf.com\/bg\/#website\"},\"primaryImageOfPage\":{\"@id\":\"https:\/\/qingdaohf.com\/product\/lifting-socket-duo-round-ferrules\/#primaryimage\"},\"image\":{\"@id\":\"https:\/\/qingdaohf.com\/product\/lifting-socket-duo-round-ferrules\/#primaryimage\"},\"thumbnailUrl\":\"https:\/\/qingdaohf.com\/wp-content\/uploads\/2025\/01\/duo-round-ferrule-1.jpg\",\"datePublished\":\"2025-01-13T06:56:13+00:00\",\"dateModified\":\"2025-11-13T01:02:20+00:00\",\"description\":\"Lifting Socket Duo Round Ferrules help to provide safe and efficient connections for wire ropes in heavy-duty lifting operations.\",\"breadcrumb\":{\"@id\":\"https:\/\/qingdaohf.com\/product\/lifting-socket-duo-round-ferrules\/#breadcrumb\"},\"inLanguage\":\"fi\",\"potentialAction\":[{\"@type\":\"ReadAction\",\"target\":[\"https:\/\/qingdaohf.com\/product\/lifting-socket-duo-round-ferrules\/\"]}]},{\"@type\":\"ImageObject\",\"inLanguage\":\"fi\",\"@id\":\"https:\/\/qingdaohf.com\/product\/lifting-socket-duo-round-ferrules\/#primaryimage\",\"url\":\"https:\/\/qingdaohf.com\/wp-content\/uploads\/2025\/01\/duo-round-ferrule-1.jpg\",\"contentUrl\":\"https:\/\/qingdaohf.com\/wp-content\/uploads\/2025\/01\/duo-round-ferrule-1.jpg\",\"width\":800,\"height\":800,\"caption\":\"duo round ferrule\"},{\"@type\":\"BreadcrumbList\",\"@id\":\"https:\/\/qingdaohf.com\/product\/lifting-socket-duo-round-ferrules\/#breadcrumb\",\"itemListElement\":[{\"@type\":\"ListItem\",\"position\":1,\"name\":\"Home\",\"item\":\"https:\/\/qingdaohf.com\/\"},{\"@type\":\"ListItem\",\"position\":2,\"name\":\"Concrete Forming Accessories and Rigging Hardware\",\"item\":\"https:\/\/qingdaohf.com\/bg\/?page_id=944\"},{\"@type\":\"ListItem\",\"position\":3,\"name\":\"Lifting Socket Duo Round Ferrules\"}]},{\"@type\":\"WebSite\",\"@id\":\"https:\/\/qingdaohf.com\/bg\/#website\",\"url\":\"https:\/\/qingdaohf.com\/bg\/\",\"name\":\"Concrete Form & Rigging Hardware Supplier\",\"description\":\"\",\"publisher\":{\"@id\":\"https:\/\/qingdaohf.com\/bg\/#organization\"},\"potentialAction\":[{\"@type\":\"SearchAction\",\"target\":{\"@type\":\"EntryPoint\",\"urlTemplate\":\"https:\/\/qingdaohf.com\/bg\/?s={search_term_string}\"},\"query-input\":{\"@type\":\"PropertyValueSpecification\",\"valueRequired\":true,\"valueName\":\"search_term_string\"}}],\"inLanguage\":\"fi\"},{\"@type\":\"Organization\",\"@id\":\"https:\/\/qingdaohf.com\/bg\/#organization\",\"name\":\"Qingdao H&F\",\"url\":\"https:\/\/qingdaohf.com\/bg\/\",\"logo\":{\"@type\":\"ImageObject\",\"inLanguage\":\"fi\",\"@id\":\"https:\/\/qingdaohf.com\/bg\/#\/schema\/logo\/image\/\",\"url\":\"https:\/\/qingdaohf.com\/wp-content\/uploads\/2022\/12\/cropped-HF-LOGO.png\",\"contentUrl\":\"https:\/\/qingdaohf.com\/wp-content\/uploads\/2022\/12\/cropped-HF-LOGO.png\",\"width\":391,\"height\":249,\"caption\":\"Qingdao H&F\"},\"image\":{\"@id\":\"https:\/\/qingdaohf.com\/bg\/#\/schema\/logo\/image\/\"},\"sameAs\":[\"https:\/\/www.facebook.com\/qingdaohf\"]}]}<\/script>\n<!-- \/ Yoast SEO plugin. -->","yoast_head_json":{"title":"Lifting Socket Duo Round Ferrules","description":"Lifting Socket Duo Round Ferrules help to provide safe and efficient connections for wire ropes in heavy-duty lifting operations.","robots":{"index":"index","follow":"follow","max-snippet":"max-snippet:-1","max-image-preview":"max-image-preview:large","max-video-preview":"max-video-preview:-1"},"canonical":"https:\/\/qingdaohf.com\/fi\/tuote\/nostopistorasia-duo-pyoreat-lenkit\/","og_locale":"fi_FI","og_type":"article","og_title":"Lifting Socket Duo Round Ferrules","og_description":"Lifting Socket Duo Round Ferrules help to provide safe and efficient connections for wire ropes in heavy-duty lifting operations.","og_url":"https:\/\/qingdaohf.com\/fi\/tuote\/nostopistorasia-duo-pyoreat-lenkit\/","og_site_name":"Concrete Form &amp; Rigging Hardware Supplier","article_publisher":"https:\/\/www.facebook.com\/qingdaohf","article_modified_time":"2025-11-13T01:02:20+00:00","og_image":[{"width":800,"height":800,"url":"https:\/\/qingdaohf.com\/wp-content\/uploads\/2025\/01\/duo-round-ferrule-1.jpg","type":"image\/jpeg"}],"twitter_card":"summary_large_image","twitter_misc":{"Arvioitu lukuaika":"5 minuuttia"},"schema":{"@context":"https:\/\/schema.org","@graph":[{"@type":"WebPage","@id":"https:\/\/qingdaohf.com\/product\/lifting-socket-duo-round-ferrules\/","url":"https:\/\/qingdaohf.com\/product\/lifting-socket-duo-round-ferrules\/","name":"Lifting Socket Duo Round Ferrules","isPartOf":{"@id":"https:\/\/qingdaohf.com\/bg\/#website"},"primaryImageOfPage":{"@id":"https:\/\/qingdaohf.com\/product\/lifting-socket-duo-round-ferrules\/#primaryimage"},"image":{"@id":"https:\/\/qingdaohf.com\/product\/lifting-socket-duo-round-ferrules\/#primaryimage"},"thumbnailUrl":"https:\/\/qingdaohf.com\/wp-content\/uploads\/2025\/01\/duo-round-ferrule-1.jpg","datePublished":"2025-01-13T06:56:13+00:00","dateModified":"2025-11-13T01:02:20+00:00","description":"Lifting Socket Duo Round Ferrules help to provide safe and efficient connections for wire ropes in heavy-duty lifting operations.","breadcrumb":{"@id":"https:\/\/qingdaohf.com\/product\/lifting-socket-duo-round-ferrules\/#breadcrumb"},"inLanguage":"fi","potentialAction":[{"@type":"ReadAction","target":["https:\/\/qingdaohf.com\/product\/lifting-socket-duo-round-ferrules\/"]}]},{"@type":"ImageObject","inLanguage":"fi","@id":"https:\/\/qingdaohf.com\/product\/lifting-socket-duo-round-ferrules\/#primaryimage","url":"https:\/\/qingdaohf.com\/wp-content\/uploads\/2025\/01\/duo-round-ferrule-1.jpg","contentUrl":"https:\/\/qingdaohf.com\/wp-content\/uploads\/2025\/01\/duo-round-ferrule-1.jpg","width":800,"height":800,"caption":"duo round ferrule"},{"@type":"BreadcrumbList","@id":"https:\/\/qingdaohf.com\/product\/lifting-socket-duo-round-ferrules\/#breadcrumb","itemListElement":[{"@type":"ListItem","position":1,"name":"Home","item":"https:\/\/qingdaohf.com\/"},{"@type":"ListItem","position":2,"name":"Concrete Forming Accessories and Rigging Hardware","item":"https:\/\/qingdaohf.com\/bg\/?page_id=944"},{"@type":"ListItem","position":3,"name":"Lifting Socket Duo Round Ferrules"}]},{"@type":"WebSite","@id":"https:\/\/qingdaohf.com\/bg\/#website","url":"https:\/\/qingdaohf.com\/bg\/","name":"Concrete Form & Rigging Hardware Supplier","description":"","publisher":{"@id":"https:\/\/qingdaohf.com\/bg\/#organization"},"potentialAction":[{"@type":"SearchAction","target":{"@type":"EntryPoint","urlTemplate":"https:\/\/qingdaohf.com\/bg\/?s={search_term_string}"},"query-input":{"@type":"PropertyValueSpecification","valueRequired":true,"valueName":"search_term_string"}}],"inLanguage":"fi"},{"@type":"Organization","@id":"https:\/\/qingdaohf.com\/bg\/#organization","name":"Qingdao H&F","url":"https:\/\/qingdaohf.com\/bg\/","logo":{"@type":"ImageObject","inLanguage":"fi","@id":"https:\/\/qingdaohf.com\/bg\/#\/schema\/logo\/image\/","url":"https:\/\/qingdaohf.com\/wp-content\/uploads\/2022\/12\/cropped-HF-LOGO.png","contentUrl":"https:\/\/qingdaohf.com\/wp-content\/uploads\/2022\/12\/cropped-HF-LOGO.png","width":391,"height":249,"caption":"Qingdao H&F"},"image":{"@id":"https:\/\/qingdaohf.com\/bg\/#\/schema\/logo\/image\/"},"sameAs":["https:\/\/www.facebook.com\/qingdaohf"]}]}},"_links":{"self":[{"href":"https:\/\/qingdaohf.com\/fi\/wp-json\/wp\/v2\/product\/8721","targetHints":{"allow":["GET"]}}],"collection":[{"href":"https:\/\/qingdaohf.com\/fi\/wp-json\/wp\/v2\/product"}],"about":[{"href":"https:\/\/qingdaohf.com\/fi\/wp-json\/wp\/v2\/types\/product"}],"replies":[{"embeddable":true,"href":"https:\/\/qingdaohf.com\/fi\/wp-json\/wp\/v2\/comments?post=8721"}],"version-history":[{"count":3,"href":"https:\/\/qingdaohf.com\/fi\/wp-json\/wp\/v2\/product\/8721\/revisions"}],"predecessor-version":[{"id":8730,"href":"https:\/\/qingdaohf.com\/fi\/wp-json\/wp\/v2\/product\/8721\/revisions\/8730"}],"wp:featuredmedia":[{"embeddable":true,"href":"https:\/\/qingdaohf.com\/fi\/wp-json\/wp\/v2\/media\/8723"}],"wp:attachment":[{"href":"https:\/\/qingdaohf.com\/fi\/wp-json\/wp\/v2\/media?parent=8721"}],"wp:term":[{"taxonomy":"product_brand","embeddable":true,"href":"https:\/\/qingdaohf.com\/fi\/wp-json\/wp\/v2\/product_brand?post=8721"},{"taxonomy":"product_cat","embeddable":true,"href":"https:\/\/qingdaohf.com\/fi\/wp-json\/wp\/v2\/product_cat?post=8721"},{"taxonomy":"product_tag","embeddable":true,"href":"https:\/\/qingdaohf.com\/fi\/wp-json\/wp\/v2\/product_tag?post=8721"}],"curies":[{"name":"wp","href":"https:\/\/api.w.org\/{rel}","templated":true}]}}