{"id":8837,"date":"2025-01-18T10:11:43","date_gmt":"2025-01-18T02:11:43","guid":{"rendered":"http:\/\/qingdaohf.com\/?post_type=product&#038;p=8837"},"modified":"2025-11-13T09:02:20","modified_gmt":"2025-11-13T01:02:20","slug":"concrete-turnbuckle","status":"publish","type":"product","link":"https:\/\/qingdaohf.com\/fi\/tuote\/betoninen-kaantoaisa\/","title":{"rendered":"Betoni k\u00e4\u00e4nt\u00f6aisa"},"content":{"rendered":"<h2 class=\"text-xl font-bold text-text-200 mt-1 -mb-0.5\">Betonin k\u00e4\u00e4nt\u00f6pulttien ymm\u00e4rt\u00e4minen<\/h2>\n<p class=\"whitespace-pre-wrap break-words\">Rakennushankkeissa betonik\u00e4\u00e4nt\u00f6naruilla on ratkaiseva merkitys vakauden ja tarkkuuden yll\u00e4pit\u00e4misess\u00e4. N\u00e4iden keskeisten osien avulla urakoitsijat voivat s\u00e4\u00e4t\u00e4\u00e4 muottikiristyksi\u00e4, jolloin betonivalun aikana voidaan saavuttaa tarkka linjaus. Me H&amp;F:ll\u00e4 tied\u00e4mme, miten t\u00e4rkeit\u00e4 n\u00e4m\u00e4 n\u00e4enn\u00e4isen yksinkertaiset laitteet ovat - ne voivat ratkaista tai rikkoa hankkeen onnistumisen.<\/p>\n<p class=\"whitespace-pre-wrap break-words\">Rakennusteollisuudessa k\u00e4ytet\u00e4\u00e4n ensisijaisesti kahta betonik\u00e4\u00e4nt\u00f6naulan lajia: taivutettua levy\u00e4 ja litte\u00e4\u00e4 levymallia. Kummallakin on omat etunsa, joten ne soveltuvat erityyppisiin hankkeisiin ja sovelluksiin.<\/p>\n<div class=\"ast-oembed-container\" style=\"height: 100%;\"><iframe title=\"Betonin k\u00e4\u00e4nt\u00f6aisan muotin kohdistin\" width=\"500\" height=\"281\" src=\"https:\/\/www.youtube.com\/embed\/1guP_DQRF1o?feature=oembed\" frameborder=\"0\" allow=\"accelerometer; autoplay; clipboard-write; encrypted-media; gyroscope; picture-in-picture; web-share\" referrerpolicy=\"strict-origin-when-cross-origin\" allowfullscreen><\/iframe><\/div>\n<h2 class=\"text-xl font-bold text-text-200 mt-1 -mb-0.5\">Taivutetut levyk\u00e4\u00e4nt\u00f6sangat<\/h2>\n<p><img fetchpriority=\"high\" decoding=\"async\" class=\"alignnone size-medium wp-image-8806\" src=\"http:\/\/qingdaohf.com\/wp-content\/uploads\/2025\/01\/bent-plate-turnbuckle-9-300x300.jpg\" alt=\"taivutettu levyinen k\u00e4\u00e4nt\u00f6aisa\" width=\"300\" height=\"300\" srcset=\"https:\/\/qingdaohf.com\/wp-content\/uploads\/2025\/01\/bent-plate-turnbuckle-9-300x300.jpg 300w, https:\/\/qingdaohf.com\/wp-content\/uploads\/2025\/01\/bent-plate-turnbuckle-9-150x150.jpg 150w, https:\/\/qingdaohf.com\/wp-content\/uploads\/2025\/01\/bent-plate-turnbuckle-9-768x768.jpg 768w, https:\/\/qingdaohf.com\/wp-content\/uploads\/2025\/01\/bent-plate-turnbuckle-9-12x12.jpg 12w, https:\/\/qingdaohf.com\/wp-content\/uploads\/2025\/01\/bent-plate-turnbuckle-9-500x500.jpg 500w, https:\/\/qingdaohf.com\/wp-content\/uploads\/2025\/01\/bent-plate-turnbuckle-9-100x100.jpg 100w, https:\/\/qingdaohf.com\/wp-content\/uploads\/2025\/01\/bent-plate-turnbuckle-9.jpg 1000w\" sizes=\"(max-width: 300px) 100vw, 300px\" \/><\/p>\n<p class=\"whitespace-pre-wrap break-words\">Taivutetuissa levyisiss\u00e4 vaijeripulteissa on omaleimainen kaareva muotoilu, joka antaa niille etuly\u00f6ntiaseman tietyiss\u00e4 sovelluksissa. Niiden muoto ei ole vain n\u00e4ytt\u00e4v\u00e4 - se auttaa jakamaan voiman tasaisemmin, mik\u00e4 tekee niist\u00e4 erityisen arvokkaita, kun on kyse vaihtelevista kuormista tai ep\u00e4tavallisista rasitusmalleista. Rakennusryhm\u00e4t suosivat usein n\u00e4it\u00e4 malleja, kun niiden on teht\u00e4v\u00e4 usein s\u00e4\u00e4t\u00f6j\u00e4, koska niit\u00e4 on yleens\u00e4 helpompi k\u00e4sitell\u00e4 ja s\u00e4\u00e4t\u00e4\u00e4 lennossa.<\/p>\n<p class=\"whitespace-pre-wrap break-words\">Me H&amp;F:ss\u00e4 valmistamme taivutetut levykiristysnarut k\u00e4ytt\u00e4m\u00e4ll\u00e4 huippumateriaaleja ja testaamme jokaisen yksik\u00f6n tiukasti. Jokaisen vaijerin mukana toimitetaan yksityiskohtaiset laaturaportit, joten tied\u00e4t tarkalleen, mit\u00e4 saat.<\/p>\n<h2 class=\"text-xl font-bold text-text-200 mt-1 -mb-0.5\">Litte\u00e4t levyk\u00e4\u00e4nt\u00f6nipat<\/h2>\n<p><img decoding=\"async\" class=\"alignnone size-medium wp-image-8772\" src=\"http:\/\/qingdaohf.com\/wp-content\/uploads\/2025\/01\/flat-plate-turnbuckle-17-300x300.jpg\" alt=\"litte\u00e4 levyinen vaijerilukko \" width=\"300\" height=\"300\" srcset=\"https:\/\/qingdaohf.com\/wp-content\/uploads\/2025\/01\/flat-plate-turnbuckle-17-300x300.jpg 300w, https:\/\/qingdaohf.com\/wp-content\/uploads\/2025\/01\/flat-plate-turnbuckle-17-150x150.jpg 150w, https:\/\/qingdaohf.com\/wp-content\/uploads\/2025\/01\/flat-plate-turnbuckle-17-768x768.jpg 768w, https:\/\/qingdaohf.com\/wp-content\/uploads\/2025\/01\/flat-plate-turnbuckle-17-12x12.jpg 12w, https:\/\/qingdaohf.com\/wp-content\/uploads\/2025\/01\/flat-plate-turnbuckle-17-500x500.jpg 500w, https:\/\/qingdaohf.com\/wp-content\/uploads\/2025\/01\/flat-plate-turnbuckle-17-100x100.jpg 100w, https:\/\/qingdaohf.com\/wp-content\/uploads\/2025\/01\/flat-plate-turnbuckle-17.jpg 1000w\" sizes=\"(max-width: 300px) 100vw, 300px\" \/><\/p>\n<p class=\"whitespace-pre-wrap break-words\">Jos etsit jotakin suoraviivaisempaa, litte\u00e4t levyk\u00e4\u00e4nt\u00f6pultit saattavat olla paras vaihtoehto. Niiden yksinkertainen rakenne tekee niiden asentamisesta helppoa, ja ne sopivat sujuvasti useimpiin muottij\u00e4rjestelmiin. Monet urakoitsijat valitsevat n\u00e4m\u00e4 mallit, kun he tarvitsevat luotettavaa suorituskyky\u00e4 rikkomatta pankkia.<\/p>\n<p class=\"whitespace-pre-wrap break-words\">Litte\u00e4levyiset vaijeripuristimet valmistetaan samalla tarkkuudella kuin niiden taivutetut levyserkut. Ty\u00f6skentelemme suoraan asiakkaidemme kanssa ymm\u00e4rt\u00e4\u00e4kseen heid\u00e4n erityisvaatimuksiaan ja varmistaaksemme, ett\u00e4 he saavat juuri sen, mit\u00e4 heid\u00e4n projektinsa tarvitsee.<\/p>\n<h2 class=\"text-xl font-bold text-text-200 mt-1 -mb-0.5\">Miksi valita H&amp;F:n betonikiristimet?<\/h2>\n<p class=\"whitespace-pre-wrap break-words\">Oikean toimittajan valinta on yht\u00e4 t\u00e4rke\u00e4\u00e4 kuin oikean tuotteen valinta. Me H&amp;F:ll\u00e4 emme vain myy vaijerilukkoja, vaan rakennamme kumppanuuksia. Henkil\u00f6kohtainen l\u00e4hestymistapamme tarkoittaa, ett\u00e4 ty\u00f6skentelet asialle omistautuneen edustajan kanssa, joka ymm\u00e4rt\u00e4\u00e4 projektisi ainutlaatuiset haasteet ja vaatimukset.<\/p>\n<p class=\"whitespace-pre-wrap break-words\">Tied\u00e4mme, ett\u00e4 rakentamisen aikataulut ovat tiukat, ja siksi olemme tehostaneet toimitusprosessiamme, jotta saat tarvitsemasi tuotteet silloin, kun niit\u00e4 tarvitset. Viiv\u00e4stykset maksavat rahaa, ja olemme sitoutuneet pit\u00e4m\u00e4\u00e4n projektisi aikataulussa.<\/p>\n<p class=\"whitespace-pre-wrap break-words\">Laatu ei ole meille pelkk\u00e4 muotisana, vaan se on osa kaikkea toimintaamme. Jokainen k\u00e4\u00e4nt\u00f6aisa testataan perusteellisesti ennen kuin se l\u00e4htee tuotantolaitoksestamme. Toimitamme yksityiskohtaiset tarkastusasiakirjat, jotta voit varmistaa, ett\u00e4 jokainen tuote t\u00e4ytt\u00e4\u00e4 tai ylitt\u00e4\u00e4 alan standardit.<\/p>\n<p class=\"whitespace-pre-wrap break-words\">Tarvitsitpa sitten taivutettuja tai litteit\u00e4 levyj\u00e4, tarjoamme eri kokoja ja kokoonpanoja, jotka sopivat juuri sinun sovellukseesi. Tiimimme on aina valmis auttamaan sinua valitsemaan oikean vaihtoehdon tai kehitt\u00e4m\u00e4\u00e4n r\u00e4\u00e4t\u00e4l\u00f6idyn ratkaisun ainutlaatuisiin haasteisiisi. Ymm\u00e4rr\u00e4mme, ett\u00e4 yksik\u00e4\u00e4n rakennusprojekti ei ole t\u00e4ysin samanlainen, ja olemme valmiita tarjoamaan k\u00e4\u00e4nt\u00f6pultteja, jotka sopivat juuri sinun tilanteeseesi.<\/p>","protected":false},"excerpt":{"rendered":"<p>Betonin k\u00e4\u00e4nt\u00f6pultit ovat olleet rakennusteollisuuden tukipilareita jo pitk\u00e4\u00e4n, ja niill\u00e4 varmistetaan tarkkuus j\u00e4nnityksess\u00e4 ja kohdistuksessa muottity\u00f6n aikana. Useimmat t\u00e4llaisten k\u00e4\u00e4nt\u00f6laitteiden ostajat ottavat huomioon kest\u00e4vyyden, helppok\u00e4ytt\u00f6isyyden ja optimaalisen suorituskyvyn. H&amp;F:ll\u00e4 on tarjota erilaisia tuotteita erilaisiin hankkeisiin: taivutettuja levy- ja litteit\u00e4 levyj\u00e4, sek\u00e4 taattua henkil\u00f6kohtaista asiakaspalvelua, joka mahdollistaa tuotteiden r\u00e4\u00e4t\u00e4l\u00f6innin, nopeat toimitussyklit ja t\u00e4ydelliset laatutarkastusraportit, jotka antavat varmuuden lopussa.<\/p>","protected":false},"featured_media":9146,"comment_status":"open","ping_status":"closed","template":"","meta":{"site-sidebar-layout":"default","site-content-layout":"","ast-site-content-layout":"default","site-content-style":"default","site-sidebar-style":"default","ast-global-header-display":"","ast-banner-title-visibility":"","ast-main-header-display":"","ast-hfb-above-header-display":"","ast-hfb-below-header-display":"","ast-hfb-mobile-header-display":"","site-post-title":"","ast-breadcrumbs-content":"","ast-featured-img":"","footer-sml-layout":"","theme-transparent-header-meta":"default","adv-header-id-meta":"","stick-header-meta":"default","header-above-stick-meta":"","header-main-stick-meta":"","header-below-stick-meta":"","astra-migrate-meta-layouts":"set","ast-page-background-enabled":"default","ast-page-background-meta":{"desktop":{"background-color":"","background-image":"","background-repeat":"repeat","background-position":"center center","background-size":"auto","background-attachment":"scroll","background-type":"","background-media":"","overlay-type":"","overlay-color":"","overlay-opacity":"","overlay-gradient":""},"tablet":{"background-color":"","background-image":"","background-repeat":"repeat","background-position":"center center","background-size":"auto","background-attachment":"scroll","background-type":"","background-media":"","overlay-type":"","overlay-color":"","overlay-opacity":"","overlay-gradient":""},"mobile":{"background-color":"","background-image":"","background-repeat":"repeat","background-position":"center center","background-size":"auto","background-attachment":"scroll","background-type":"","background-media":"","overlay-type":"","overlay-color":"","overlay-opacity":"","overlay-gradient":""}},"ast-content-background-meta":{"desktop":{"background-color":"var(--ast-global-color-5)","background-image":"","background-repeat":"repeat","background-position":"center center","background-size":"auto","background-attachment":"scroll","background-type":"","background-media":"","overlay-type":"","overlay-color":"","overlay-opacity":"","overlay-gradient":""},"tablet":{"background-color":"var(--ast-global-color-5)","background-image":"","background-repeat":"repeat","background-position":"center center","background-size":"auto","background-attachment":"scroll","background-type":"","background-media":"","overlay-type":"","overlay-color":"","overlay-opacity":"","overlay-gradient":""},"mobile":{"background-color":"var(--ast-global-color-5)","background-image":"","background-repeat":"repeat","background-position":"center center","background-size":"auto","background-attachment":"scroll","background-type":"","background-media":"","overlay-type":"","overlay-color":"","overlay-opacity":"","overlay-gradient":""}}},"product_brand":[],"product_cat":[28],"product_tag":[],"class_list":{"0":"post-8837","1":"product","2":"type-product","3":"status-publish","4":"has-post-thumbnail","6":"product_cat-concrete-forming","7":"desktop-align-left","8":"tablet-align-left","9":"mobile-align-left","10":"ast-product-gallery-layout-horizontal-slider","11":"ast-product-tabs-layout-horizontal","13":"first","14":"instock","15":"shipping-taxable","16":"purchasable","17":"product-type-simple"},"yoast_head":"<!-- This site is optimized with the Yoast SEO plugin v25.2 - https:\/\/yoast.com\/wordpress\/plugins\/seo\/ -->\n<title>Concrete Turnbuckle<\/title>\n<meta name=\"description\" content=\"Concrete turnbuckles have been a mainstay in the construction industry for quite some time and ensure accuracy in tensioning and alignment during formwork.\" \/>\n<meta name=\"robots\" content=\"index, follow, max-snippet:-1, max-image-preview:large, max-video-preview:-1\" \/>\n<link rel=\"canonical\" href=\"https:\/\/qingdaohf.com\/fi\/tuote\/betoninen-kaantoaisa\/\" \/>\n<meta property=\"og:locale\" content=\"fi_FI\" \/>\n<meta property=\"og:type\" content=\"article\" \/>\n<meta property=\"og:title\" content=\"Concrete Turnbuckle\" \/>\n<meta property=\"og:description\" content=\"Concrete turnbuckles have been a mainstay in the construction industry for quite some time and ensure accuracy in tensioning and alignment during formwork.\" \/>\n<meta property=\"og:url\" content=\"https:\/\/qingdaohf.com\/fi\/tuote\/betoninen-kaantoaisa\/\" \/>\n<meta property=\"og:site_name\" content=\"Concrete Form &amp; Rigging Hardware Supplier\" \/>\n<meta property=\"article:publisher\" content=\"https:\/\/www.facebook.com\/qingdaohf\" \/>\n<meta property=\"article:modified_time\" content=\"2025-11-13T01:02:20+00:00\" \/>\n<meta property=\"og:image\" content=\"https:\/\/qingdaohf.com\/wp-content\/uploads\/2025\/01\/turnbuckle-form-aligner.jpg\" \/>\n\t<meta property=\"og:image:width\" content=\"1000\" \/>\n\t<meta property=\"og:image:height\" content=\"1000\" \/>\n\t<meta property=\"og:image:type\" content=\"image\/jpeg\" \/>\n<meta name=\"twitter:card\" content=\"summary_large_image\" \/>\n<meta name=\"twitter:label1\" content=\"Arvioitu lukuaika\" \/>\n\t<meta name=\"twitter:data1\" content=\"3 minuuttia\" \/>\n<script type=\"application\/ld+json\" class=\"yoast-schema-graph\">{\"@context\":\"https:\/\/schema.org\",\"@graph\":[{\"@type\":\"WebPage\",\"@id\":\"https:\/\/qingdaohf.com\/product\/concrete-turnbuckle\/\",\"url\":\"https:\/\/qingdaohf.com\/product\/concrete-turnbuckle\/\",\"name\":\"Concrete Turnbuckle\",\"isPartOf\":{\"@id\":\"https:\/\/qingdaohf.com\/bg\/#website\"},\"primaryImageOfPage\":{\"@id\":\"https:\/\/qingdaohf.com\/product\/concrete-turnbuckle\/#primaryimage\"},\"image\":{\"@id\":\"https:\/\/qingdaohf.com\/product\/concrete-turnbuckle\/#primaryimage\"},\"thumbnailUrl\":\"https:\/\/qingdaohf.com\/wp-content\/uploads\/2025\/01\/turnbuckle-form-aligner.jpg\",\"datePublished\":\"2025-01-18T02:11:43+00:00\",\"dateModified\":\"2025-11-13T01:02:20+00:00\",\"description\":\"Concrete turnbuckles have been a mainstay in the construction industry for quite some time and ensure accuracy in tensioning and alignment during formwork.\",\"breadcrumb\":{\"@id\":\"https:\/\/qingdaohf.com\/product\/concrete-turnbuckle\/#breadcrumb\"},\"inLanguage\":\"fi\",\"potentialAction\":[{\"@type\":\"ReadAction\",\"target\":[\"https:\/\/qingdaohf.com\/product\/concrete-turnbuckle\/\"]}]},{\"@type\":\"ImageObject\",\"inLanguage\":\"fi\",\"@id\":\"https:\/\/qingdaohf.com\/product\/concrete-turnbuckle\/#primaryimage\",\"url\":\"https:\/\/qingdaohf.com\/wp-content\/uploads\/2025\/01\/turnbuckle-form-aligner.jpg\",\"contentUrl\":\"https:\/\/qingdaohf.com\/wp-content\/uploads\/2025\/01\/turnbuckle-form-aligner.jpg\",\"width\":1000,\"height\":1000,\"caption\":\"turnbuckle form aligner\"},{\"@type\":\"BreadcrumbList\",\"@id\":\"https:\/\/qingdaohf.com\/product\/concrete-turnbuckle\/#breadcrumb\",\"itemListElement\":[{\"@type\":\"ListItem\",\"position\":1,\"name\":\"Home\",\"item\":\"https:\/\/qingdaohf.com\/\"},{\"@type\":\"ListItem\",\"position\":2,\"name\":\"Concrete Forming Accessories and Rigging Hardware\",\"item\":\"https:\/\/qingdaohf.com\/bg\/?page_id=944\"},{\"@type\":\"ListItem\",\"position\":3,\"name\":\"Concrete Turnbuckle\"}]},{\"@type\":\"WebSite\",\"@id\":\"https:\/\/qingdaohf.com\/bg\/#website\",\"url\":\"https:\/\/qingdaohf.com\/bg\/\",\"name\":\"Concrete Form & Rigging Hardware Supplier\",\"description\":\"\",\"publisher\":{\"@id\":\"https:\/\/qingdaohf.com\/bg\/#organization\"},\"potentialAction\":[{\"@type\":\"SearchAction\",\"target\":{\"@type\":\"EntryPoint\",\"urlTemplate\":\"https:\/\/qingdaohf.com\/bg\/?s={search_term_string}\"},\"query-input\":{\"@type\":\"PropertyValueSpecification\",\"valueRequired\":true,\"valueName\":\"search_term_string\"}}],\"inLanguage\":\"fi\"},{\"@type\":\"Organization\",\"@id\":\"https:\/\/qingdaohf.com\/bg\/#organization\",\"name\":\"Qingdao H&F\",\"url\":\"https:\/\/qingdaohf.com\/bg\/\",\"logo\":{\"@type\":\"ImageObject\",\"inLanguage\":\"fi\",\"@id\":\"https:\/\/qingdaohf.com\/bg\/#\/schema\/logo\/image\/\",\"url\":\"https:\/\/qingdaohf.com\/wp-content\/uploads\/2022\/12\/cropped-HF-LOGO.png\",\"contentUrl\":\"https:\/\/qingdaohf.com\/wp-content\/uploads\/2022\/12\/cropped-HF-LOGO.png\",\"width\":391,\"height\":249,\"caption\":\"Qingdao H&F\"},\"image\":{\"@id\":\"https:\/\/qingdaohf.com\/bg\/#\/schema\/logo\/image\/\"},\"sameAs\":[\"https:\/\/www.facebook.com\/qingdaohf\"]}]}<\/script>\n<!-- \/ Yoast SEO plugin. -->","yoast_head_json":{"title":"Concrete Turnbuckle","description":"Concrete turnbuckles have been a mainstay in the construction industry for quite some time and ensure accuracy in tensioning and alignment during formwork.","robots":{"index":"index","follow":"follow","max-snippet":"max-snippet:-1","max-image-preview":"max-image-preview:large","max-video-preview":"max-video-preview:-1"},"canonical":"https:\/\/qingdaohf.com\/fi\/tuote\/betoninen-kaantoaisa\/","og_locale":"fi_FI","og_type":"article","og_title":"Concrete Turnbuckle","og_description":"Concrete turnbuckles have been a mainstay in the construction industry for quite some time and ensure accuracy in tensioning and alignment during formwork.","og_url":"https:\/\/qingdaohf.com\/fi\/tuote\/betoninen-kaantoaisa\/","og_site_name":"Concrete Form &amp; Rigging Hardware Supplier","article_publisher":"https:\/\/www.facebook.com\/qingdaohf","article_modified_time":"2025-11-13T01:02:20+00:00","og_image":[{"width":1000,"height":1000,"url":"https:\/\/qingdaohf.com\/wp-content\/uploads\/2025\/01\/turnbuckle-form-aligner.jpg","type":"image\/jpeg"}],"twitter_card":"summary_large_image","twitter_misc":{"Arvioitu lukuaika":"3 minuuttia"},"schema":{"@context":"https:\/\/schema.org","@graph":[{"@type":"WebPage","@id":"https:\/\/qingdaohf.com\/product\/concrete-turnbuckle\/","url":"https:\/\/qingdaohf.com\/product\/concrete-turnbuckle\/","name":"Concrete Turnbuckle","isPartOf":{"@id":"https:\/\/qingdaohf.com\/bg\/#website"},"primaryImageOfPage":{"@id":"https:\/\/qingdaohf.com\/product\/concrete-turnbuckle\/#primaryimage"},"image":{"@id":"https:\/\/qingdaohf.com\/product\/concrete-turnbuckle\/#primaryimage"},"thumbnailUrl":"https:\/\/qingdaohf.com\/wp-content\/uploads\/2025\/01\/turnbuckle-form-aligner.jpg","datePublished":"2025-01-18T02:11:43+00:00","dateModified":"2025-11-13T01:02:20+00:00","description":"Concrete turnbuckles have been a mainstay in the construction industry for quite some time and ensure accuracy in tensioning and alignment during formwork.","breadcrumb":{"@id":"https:\/\/qingdaohf.com\/product\/concrete-turnbuckle\/#breadcrumb"},"inLanguage":"fi","potentialAction":[{"@type":"ReadAction","target":["https:\/\/qingdaohf.com\/product\/concrete-turnbuckle\/"]}]},{"@type":"ImageObject","inLanguage":"fi","@id":"https:\/\/qingdaohf.com\/product\/concrete-turnbuckle\/#primaryimage","url":"https:\/\/qingdaohf.com\/wp-content\/uploads\/2025\/01\/turnbuckle-form-aligner.jpg","contentUrl":"https:\/\/qingdaohf.com\/wp-content\/uploads\/2025\/01\/turnbuckle-form-aligner.jpg","width":1000,"height":1000,"caption":"turnbuckle form aligner"},{"@type":"BreadcrumbList","@id":"https:\/\/qingdaohf.com\/product\/concrete-turnbuckle\/#breadcrumb","itemListElement":[{"@type":"ListItem","position":1,"name":"Home","item":"https:\/\/qingdaohf.com\/"},{"@type":"ListItem","position":2,"name":"Concrete Forming Accessories and Rigging Hardware","item":"https:\/\/qingdaohf.com\/bg\/?page_id=944"},{"@type":"ListItem","position":3,"name":"Concrete Turnbuckle"}]},{"@type":"WebSite","@id":"https:\/\/qingdaohf.com\/bg\/#website","url":"https:\/\/qingdaohf.com\/bg\/","name":"Concrete Form & Rigging Hardware Supplier","description":"","publisher":{"@id":"https:\/\/qingdaohf.com\/bg\/#organization"},"potentialAction":[{"@type":"SearchAction","target":{"@type":"EntryPoint","urlTemplate":"https:\/\/qingdaohf.com\/bg\/?s={search_term_string}"},"query-input":{"@type":"PropertyValueSpecification","valueRequired":true,"valueName":"search_term_string"}}],"inLanguage":"fi"},{"@type":"Organization","@id":"https:\/\/qingdaohf.com\/bg\/#organization","name":"Qingdao H&F","url":"https:\/\/qingdaohf.com\/bg\/","logo":{"@type":"ImageObject","inLanguage":"fi","@id":"https:\/\/qingdaohf.com\/bg\/#\/schema\/logo\/image\/","url":"https:\/\/qingdaohf.com\/wp-content\/uploads\/2022\/12\/cropped-HF-LOGO.png","contentUrl":"https:\/\/qingdaohf.com\/wp-content\/uploads\/2022\/12\/cropped-HF-LOGO.png","width":391,"height":249,"caption":"Qingdao H&F"},"image":{"@id":"https:\/\/qingdaohf.com\/bg\/#\/schema\/logo\/image\/"},"sameAs":["https:\/\/www.facebook.com\/qingdaohf"]}]}},"_links":{"self":[{"href":"https:\/\/qingdaohf.com\/fi\/wp-json\/wp\/v2\/product\/8837","targetHints":{"allow":["GET"]}}],"collection":[{"href":"https:\/\/qingdaohf.com\/fi\/wp-json\/wp\/v2\/product"}],"about":[{"href":"https:\/\/qingdaohf.com\/fi\/wp-json\/wp\/v2\/types\/product"}],"replies":[{"embeddable":true,"href":"https:\/\/qingdaohf.com\/fi\/wp-json\/wp\/v2\/comments?post=8837"}],"version-history":[{"count":4,"href":"https:\/\/qingdaohf.com\/fi\/wp-json\/wp\/v2\/product\/8837\/revisions"}],"predecessor-version":[{"id":9147,"href":"https:\/\/qingdaohf.com\/fi\/wp-json\/wp\/v2\/product\/8837\/revisions\/9147"}],"wp:featuredmedia":[{"embeddable":true,"href":"https:\/\/qingdaohf.com\/fi\/wp-json\/wp\/v2\/media\/9146"}],"wp:attachment":[{"href":"https:\/\/qingdaohf.com\/fi\/wp-json\/wp\/v2\/media?parent=8837"}],"wp:term":[{"taxonomy":"product_brand","embeddable":true,"href":"https:\/\/qingdaohf.com\/fi\/wp-json\/wp\/v2\/product_brand?post=8837"},{"taxonomy":"product_cat","embeddable":true,"href":"https:\/\/qingdaohf.com\/fi\/wp-json\/wp\/v2\/product_cat?post=8837"},{"taxonomy":"product_tag","embeddable":true,"href":"https:\/\/qingdaohf.com\/fi\/wp-json\/wp\/v2\/product_tag?post=8837"}],"curies":[{"name":"wp","href":"https:\/\/api.w.org\/{rel}","templated":true}]}}