{"id":1909,"date":"2023-11-24T16:40:58","date_gmt":"2023-11-24T08:40:58","guid":{"rendered":"http:\/\/qingdaohf.com\/?post_type=product&#038;p=1909"},"modified":"2025-11-13T09:04:01","modified_gmt":"2025-11-13T01:04:01","slug":"aluminum-form-tie","status":"publish","type":"product","link":"https:\/\/qingdaohf.com\/fr\/produit\/attache-en-aluminium-pour-murs-entiers\/","title":{"rendered":"Attache de forme en aluminium Attache \u00e0 paroi pleine Attache nominale"},"content":{"rendered":"<h2>Comprendre les attaches de coffrage en aluminium<\/h2>\n<p>Les attaches de coffrage en aluminium sont essentielles dans les applications de coffrage du b\u00e9ton o\u00f9 la pr\u00e9cision et la r\u00e9sistance sont cruciales. H&amp;F fabrique des traverses de coffrage qui ne vous laisseront pas tomber sur le terrain, combinant une durabilit\u00e9 robuste avec des caract\u00e9ristiques pratiques qui ne gr\u00e8veront pas votre budget.<\/p>\n<h3>Principales caract\u00e9ristiques des attaches de coffrage en aluminium<\/h3>\n<h4>Solidit\u00e9 et durabilit\u00e9<\/h4>\n<p>Ces attaches ne plaisantent pas lorsqu'il s'agit de r\u00e9sistance - elles sont construites comme des chars d'assaut pour maintenir vos structures en b\u00e9ton solides comme le roc. Qu'elles soient expos\u00e9es aux intemp\u00e9ries, au travail ou aux \u00e9l\u00e9ments, elles continueront \u00e0 fonctionner jour apr\u00e8s jour.<\/p>\n<h4>L\u00e9ger et facile \u00e0 manipuler<\/h4>\n<p>On pourrait s'attendre \u00e0 ce que tout ce muscle s'accompagne d'un poids suppl\u00e9mentaire, mais ces cravates restent \u00e9tonnamment l\u00e9g\u00e8res. Vos \u00e9quipes peuvent travailler plus vite et plus longtemps sans s'\u00e9puiser.<\/p>\n<h3>Types d'attaches de coffrage en aluminium<\/h3>\n<h4>Cravates compl\u00e8tes<\/h4>\n<p>Les tirants pleins sont l'option de choix lorsque vous avez affaire \u00e0 un coffrage s\u00e9rieux qui exige un soutien et des performances in\u00e9branlables.<\/p>\n<h5>Applications des cravates int\u00e9grales<\/h5>\n<p>Ces b\u00eates de somme sont utilis\u00e9es dans le cadre de grands projets o\u00f9 le coffrage doit supporter des charges massives sans broncher.<\/p>\n<h5>Avantages de la cravate int\u00e9grale<\/h5>\n<p>Comptez sur les attaches pleines pour r\u00e9sister \u00e0 la tension comme des champions tout en gardant tout en place pendant le processus de durcissement.<\/p>\n<h4>Attaches nominales<\/h4>\n<p>Les attaches nominales s'imposent lorsque vous avez besoin d'un \u00e9quilibre parfait entre r\u00e9sistance et maniabilit\u00e9.<\/p>\n<h5>Utilisation des attaches nominales<\/h5>\n<p>Parfait pour les petits projets ou partout o\u00f9 le gain de poids est important sans sacrifier la fiabilit\u00e9.<\/p>\n<h5>Avantages des attaches nominales<\/h5>\n<p>Ces cravates prouvent qu'il n'est pas n\u00e9cessaire d'\u00eatre trop volumineux pour obtenir de bonnes performances sur le terrain.<\/p>\n<p><img fetchpriority=\"high\" decoding=\"async\" class=\"alignnone wp-image-7054 size-full\" src=\"http:\/\/qingdaohf.com\/wp-content\/uploads\/2023\/11\/aluminum-form-tie.jpg\" alt=\"attache de coffrage en aluminium\" width=\"1005\" height=\"383\" srcset=\"https:\/\/qingdaohf.com\/wp-content\/uploads\/2023\/11\/aluminum-form-tie.jpg 1005w, https:\/\/qingdaohf.com\/wp-content\/uploads\/2023\/11\/aluminum-form-tie-300x114.jpg 300w, https:\/\/qingdaohf.com\/wp-content\/uploads\/2023\/11\/aluminum-form-tie-768x293.jpg 768w, https:\/\/qingdaohf.com\/wp-content\/uploads\/2023\/11\/aluminum-form-tie-18x7.jpg 18w, https:\/\/qingdaohf.com\/wp-content\/uploads\/2023\/11\/aluminum-form-tie-1000x381.jpg 1000w\" sizes=\"(max-width: 1005px) 100vw, 1005px\" \/><\/p>\n<h3>Principaux avantages et assurance qualit\u00e9<\/h3>\n<h4>R\u00e9sistance \u00e0 la corrosion et efficacit\u00e9<\/h4>\n<p>Quelle que soit la nature, ces attaches r\u00e9sistent \u00e0 la corrosion naturelle, ce qui signifie qu'elles continueront \u00e0 fonctionner dans des conditions difficiles. La conception l\u00e9g\u00e8re n'est pas seulement une question de commodit\u00e9 - elle se traduit par de r\u00e9els gains d'efficacit\u00e9 sans compromettre l'int\u00e9grit\u00e9 structurelle.<\/p>\n<h4>Mesures de contr\u00f4le de la qualit\u00e9<\/h4>\n<p>Chez H&amp;F, nous sommes obs\u00e9d\u00e9s par la qualit\u00e9. Chaque cravate est soumise \u00e0 une s\u00e9rie de tests pour s'assurer qu'elle fonctionnera exactement comme pr\u00e9vu lorsque vous en aurez le plus besoin.<\/p>\n<h4>Excellence du service \u00e0 la client\u00e8le<\/h4>\n<p>Nous connaissons parfaitement le secteur de la construction et notre \u00e9quipe travaille directement avec les acheteurs pour leur proposer des attaches de coffrage qui r\u00e9pondent aux exigences sp\u00e9cifiques de leur projet.<\/p>\n<h4>Options de personnalisation<\/h4>\n<p>C'est pourquoi nous proposons des traverses de diff\u00e9rentes longueurs et de diff\u00e9rents diam\u00e8tres qui s'int\u00e8grent parfaitement \u00e0 vos syst\u00e8mes de coffrage existants.<\/p>\n<h4>Rapports d'inspection de la qualit\u00e9<\/h4>\n<p>Pas de surprises - chaque lot est livr\u00e9 avec des donn\u00e9es d'essai compl\u00e8tes couvrant tous les aspects, de la r\u00e9sistance \u00e0 la traction \u00e0 l'\u00e9longation et \u00e0 la qualit\u00e9 de la surface.<\/p>\n<h3>Efficacit\u00e9 et rentabilit\u00e9<\/h3>\n<p>La construction, c'est avant tout une question de r\u00e9sultats. Nos traverses en aluminium permettent de r\u00e9duire les co\u00fbts de main-d'\u0153uvre et le temps d'installation gr\u00e2ce \u00e0 une conception intelligente et rationalis\u00e9e.<\/p>\n<h2>\u00c9pingles et cales<\/h2>\n<p>Dans le domaine de la construction, les attaches de coffrage en aluminium sont g\u00e9n\u00e9ralement associ\u00e9es \u00e0 des goupilles et \u00e0 des cales pour cr\u00e9er un syst\u00e8me de coffrage fiable. Nous proposons diff\u00e9rents types pour r\u00e9pondre aux divers besoins des projets.<\/p>\n<h3>Goupille \u00e0 t\u00eate plate :<\/h3>\n<p>Garantit un syst\u00e8me de coffrage s\u00fbr avec une finition de b\u00e9ton affleurante.<\/p>\n<h3>Goupille \u00e0 t\u00eate ronde :<\/h3>\n<p>Cr\u00e9e un lien solide avec le coffrage.<\/p>\n<h3>\u00c9pingle combin\u00e9e :<\/h3>\n<p>Combine les avantages des \u00e9pingles \u00e0 t\u00eate plate et \u00e0 t\u00eate ronde.<\/p>\n<p><img decoding=\"async\" class=\"alignnone size-full wp-image-7055\" src=\"http:\/\/qingdaohf.com\/wp-content\/uploads\/2023\/11\/head-pin.jpg\" alt=\"goupille de t\u00eate\" width=\"1005\" height=\"660\" srcset=\"https:\/\/qingdaohf.com\/wp-content\/uploads\/2023\/11\/head-pin.jpg 1005w, https:\/\/qingdaohf.com\/wp-content\/uploads\/2023\/11\/head-pin-300x197.jpg 300w, https:\/\/qingdaohf.com\/wp-content\/uploads\/2023\/11\/head-pin-768x504.jpg 768w, https:\/\/qingdaohf.com\/wp-content\/uploads\/2023\/11\/head-pin-18x12.jpg 18w, https:\/\/qingdaohf.com\/wp-content\/uploads\/2023\/11\/head-pin-1000x657.jpg 1000w\" sizes=\"(max-width: 1005px) 100vw, 1005px\" \/><\/p>\n<h3>Coin droit :<\/h3>\n<p>Le choix id\u00e9al pour la plupart des configurations de coffrage.<\/p>\n<h3>Cale incurv\u00e9e :<\/h3>\n<p>Adapt\u00e9 aux configurations de coffrage courbes ou angulaires.<\/p>\n<p><img decoding=\"async\" class=\"alignnone size-full wp-image-7056\" src=\"http:\/\/qingdaohf.com\/wp-content\/uploads\/2023\/11\/wall-tie-wedge.jpg\" alt=\"cale de fixation murale\" width=\"1005\" height=\"370\" srcset=\"https:\/\/qingdaohf.com\/wp-content\/uploads\/2023\/11\/wall-tie-wedge.jpg 1005w, https:\/\/qingdaohf.com\/wp-content\/uploads\/2023\/11\/wall-tie-wedge-300x110.jpg 300w, https:\/\/qingdaohf.com\/wp-content\/uploads\/2023\/11\/wall-tie-wedge-768x283.jpg 768w, https:\/\/qingdaohf.com\/wp-content\/uploads\/2023\/11\/wall-tie-wedge-18x7.jpg 18w, https:\/\/qingdaohf.com\/wp-content\/uploads\/2023\/11\/wall-tie-wedge-1000x368.jpg 1000w\" sizes=\"(max-width: 1005px) 100vw, 1005px\" \/><\/p>\n<div class=\"table\"><span style=\"font-size: 1.7em; font-weight: bold;\">Test de tension<\/span><\/div>\n<div>\n<div class=\"ast-oembed-container\" style=\"height: 100%;\"><iframe title=\"Essai de tension sur l&#039;ensemble des attaches\" width=\"500\" height=\"281\" src=\"https:\/\/www.youtube.com\/embed\/2m8mtNqa2r8?feature=oembed\" frameborder=\"0\" allow=\"accelerometer; autoplay; clipboard-write; encrypted-media; gyroscope; picture-in-picture; web-share\" referrerpolicy=\"strict-origin-when-cross-origin\" allowfullscreen><\/iframe><\/div>\n<\/div>\n<div>\n<p>En tant que fabricant et fournisseur de premier plan, Qingdao H&amp;F est votre vendeur et grossiste de confiance pour les accessoires de coffrage de b\u00e9ton et le mat\u00e9riel de gr\u00e9ement de qualit\u00e9 sup\u00e9rieure. Avec 20 ans d'histoire et d'expertise dans cette industrie, nous sommes fiers d'offrir une large gamme de produits, y compris les attaches compl\u00e8tes et les attaches nominales pour le coffrage du b\u00e9ton.<\/p>\n<p>Pour r\u00e9soudre vos probl\u00e8mes d'approvisionnement, ne cherchez pas plus loin que Qingdao H&amp;F. Nous proposons une gamme compl\u00e8te d'accessoires de coffrage du b\u00e9ton et de mat\u00e9riel de levage, tous soutenus par nos deux d\u00e9cennies d'exp\u00e9rience dans l'industrie. Que vous ayez besoin d'attaches compl\u00e8tes, d'attaches nominales ou de tout autre produit de notre catalogue, nous avons tout ce qu'il vous faut.<\/p>\n<p><img loading=\"lazy\" decoding=\"async\" class=\"alignnone wp-image-4629\" src=\"http:\/\/qingdaohf.com\/wp-content\/uploads\/2023\/07\/wall-tie.jpg\" alt=\"attache murale\" width=\"1200\" height=\"600\" srcset=\"https:\/\/qingdaohf.com\/wp-content\/uploads\/2023\/07\/wall-tie.jpg 800w, https:\/\/qingdaohf.com\/wp-content\/uploads\/2023\/07\/wall-tie-300x150.jpg 300w, https:\/\/qingdaohf.com\/wp-content\/uploads\/2023\/07\/wall-tie-768x384.jpg 768w\" sizes=\"(max-width: 1200px) 100vw, 1200px\" \/><\/p>\n<h2>Pourquoi choisir H&amp;F pour les attaches de coffrage en aluminium ?<\/h2>\n<p>Trouver un fournisseur fiable est aussi important que de choisir le bon produit. Vingt ans de commerce ext\u00e9rieur nous ont appris ce dont les professionnels de la construction ont besoin pour r\u00e9ussir.<\/p>\n<h3>Engagement en faveur de l'excellence<\/h3>\n<p>Nous combinons une connaissance approfondie du march\u00e9 avec un souci constant de qualit\u00e9 et de service. C'est pourquoi les professionnels de la construction nous font confiance pour fournir des solutions performantes, du d\u00e9but \u00e0 la fin des travaux.<\/p>\n<h2>Conclusion<\/h2>\n<p>Qu'il s'agisse de projets d'infrastructure massifs ou de constructions commerciales modestes, les traverses de coffrage en aluminium permettent aux structures en b\u00e9ton de rester solides. H&amp;F est fi\u00e8re de livrer des traverses qui d\u00e9passent les attentes - c'est ainsi que nous avons b\u00e2ti notre r\u00e9putation depuis deux d\u00e9cennies et plus.<\/p>\n<\/div>","protected":false},"excerpt":{"rendered":"<p>Les tirants pleins sont utilis\u00e9s pour relier les c\u00f4t\u00e9s oppos\u00e9s du coffrage. Elles s'\u00e9tendent sur toute l'\u00e9paisseur du b\u00e9ton, cr\u00e9ant ainsi une connexion continue entre les deux c\u00f4t\u00e9s. Les tirants pleins sont essentiels pour s'assurer que le coffrage peut r\u00e9sister \u00e0 la pression du b\u00e9ton lorsqu'il est coul\u00e9 et durci. Elles sont g\u00e9n\u00e9ralement fabriqu\u00e9es en acier et sont con\u00e7ues pour \u00eatre facilement d\u00e9montables apr\u00e8s le durcissement du b\u00e9ton.<\/p>\n<p>Les attaches nominales sont utilis\u00e9es pour maintenir les deux c\u00f4t\u00e9s du coffrage ensemble sans p\u00e9n\u00e9trer dans le b\u00e9ton. Elles sont g\u00e9n\u00e9ralement fabriqu\u00e9es en plastique ou en d'autres mat\u00e9riaux non m\u00e9talliques et sont utilis\u00e9es dans les situations o\u00f9 le b\u00e9ton n'a pas besoin d'\u00eatre compl\u00e8tement arm\u00e9. Les attaches nominales sont utilis\u00e9es pour des projets de b\u00e9ton plus petits, tels que des murs ou des trottoirs, o\u00f9 la charge sur le coffrage est relativement faible.<\/p>","protected":false},"featured_media":2804,"comment_status":"open","ping_status":"closed","template":"","meta":{"site-sidebar-layout":"default","site-content-layout":"default","ast-site-content-layout":"default","site-content-style":"default","site-sidebar-style":"default","ast-global-header-display":"","ast-banner-title-visibility":"","ast-main-header-display":"","ast-hfb-above-header-display":"","ast-hfb-below-header-display":"","ast-hfb-mobile-header-display":"","site-post-title":"","ast-breadcrumbs-content":"","ast-featured-img":"","footer-sml-layout":"","theme-transparent-header-meta":"default","adv-header-id-meta":"","stick-header-meta":"default","header-above-stick-meta":"","header-main-stick-meta":"","header-below-stick-meta":"","astra-migrate-meta-layouts":"set","ast-page-background-enabled":"default","ast-page-background-meta":{"desktop":{"background-color":"","background-image":"","background-repeat":"repeat","background-position":"center center","background-size":"auto","background-attachment":"scroll","background-type":"","background-media":"","overlay-type":"","overlay-color":"","overlay-opacity":"","overlay-gradient":""},"tablet":{"background-color":"","background-image":"","background-repeat":"repeat","background-position":"center center","background-size":"auto","background-attachment":"scroll","background-type":"","background-media":"","overlay-type":"","overlay-color":"","overlay-opacity":"","overlay-gradient":""},"mobile":{"background-color":"","background-image":"","background-repeat":"repeat","background-position":"center center","background-size":"auto","background-attachment":"scroll","background-type":"","background-media":"","overlay-type":"","overlay-color":"","overlay-opacity":"","overlay-gradient":""}},"ast-content-background-meta":{"desktop":{"background-color":"var(--ast-global-color-5)","background-image":"","background-repeat":"repeat","background-position":"center center","background-size":"auto","background-attachment":"scroll","background-type":"","background-media":"","overlay-type":"","overlay-color":"","overlay-opacity":"","overlay-gradient":""},"tablet":{"background-color":"var(--ast-global-color-5)","background-image":"","background-repeat":"repeat","background-position":"center center","background-size":"auto","background-attachment":"scroll","background-type":"","background-media":"","overlay-type":"","overlay-color":"","overlay-opacity":"","overlay-gradient":""},"mobile":{"background-color":"var(--ast-global-color-5)","background-image":"","background-repeat":"repeat","background-position":"center center","background-size":"auto","background-attachment":"scroll","background-type":"","background-media":"","overlay-type":"","overlay-color":"","overlay-opacity":"","overlay-gradient":""}}},"product_brand":[],"product_cat":[20,65],"product_tag":[],"class_list":{"0":"post-1909","1":"product","2":"type-product","3":"status-publish","4":"has-post-thumbnail","6":"product_cat-concrete-wall-tie","7":"product_cat-aluminum-form-tie","8":"desktop-align-left","9":"tablet-align-left","10":"mobile-align-left","11":"ast-product-gallery-layout-horizontal-slider","12":"ast-product-tabs-layout-horizontal","14":"first","15":"instock","16":"shipping-taxable","17":"purchasable","18":"product-type-simple"},"yoast_head":"<!-- This site is optimized with the Yoast SEO plugin v25.2 - https:\/\/yoast.com\/wordpress\/plugins\/seo\/ -->\n<title>Aluminum Form Tie Full Wall Tie Nominal Tie<\/title>\n<meta name=\"description\" content=\"Aluminum form ties are indispensable tools in concrete construction, ensuring secure placement of aluminum formwork for precise wall formation.\" \/>\n<meta name=\"robots\" content=\"index, follow, max-snippet:-1, max-image-preview:large, max-video-preview:-1\" \/>\n<link rel=\"canonical\" href=\"https:\/\/qingdaohf.com\/fr\/produit\/attache-en-aluminium-pour-murs-entiers\/\" \/>\n<meta property=\"og:locale\" content=\"fr_FR\" \/>\n<meta property=\"og:type\" content=\"article\" \/>\n<meta property=\"og:title\" content=\"Aluminum Form Tie Full Wall Tie Nominal Tie\" \/>\n<meta property=\"og:description\" content=\"Aluminum form ties are indispensable tools in concrete construction, ensuring secure placement of aluminum formwork for precise wall formation.\" \/>\n<meta property=\"og:url\" content=\"https:\/\/qingdaohf.com\/fr\/produit\/attache-en-aluminium-pour-murs-entiers\/\" \/>\n<meta property=\"og:site_name\" content=\"Concrete Form &amp; Rigging Hardware Supplier\" \/>\n<meta property=\"article:publisher\" content=\"https:\/\/www.facebook.com\/qingdaohf\" \/>\n<meta property=\"article:modified_time\" content=\"2025-11-13T01:04:01+00:00\" \/>\n<meta property=\"og:image\" content=\"https:\/\/qingdaohf.com\/wp-content\/uploads\/2023\/02\/FULL-TIE-3.jpg\" \/>\n\t<meta property=\"og:image:width\" content=\"1000\" \/>\n\t<meta property=\"og:image:height\" content=\"1000\" \/>\n\t<meta property=\"og:image:type\" content=\"image\/jpeg\" \/>\n<meta name=\"twitter:card\" content=\"summary_large_image\" \/>\n<meta name=\"twitter:label1\" content=\"Dur\u00e9e de lecture estim\u00e9e\" \/>\n\t<meta name=\"twitter:data1\" content=\"5 minutes\" \/>\n<script type=\"application\/ld+json\" class=\"yoast-schema-graph\">{\"@context\":\"https:\/\/schema.org\",\"@graph\":[{\"@type\":\"WebPage\",\"@id\":\"https:\/\/qingdaohf.com\/product\/aluminum-form-tie\/\",\"url\":\"https:\/\/qingdaohf.com\/product\/aluminum-form-tie\/\",\"name\":\"Aluminum Form Tie Full Wall Tie Nominal Tie\",\"isPartOf\":{\"@id\":\"https:\/\/qingdaohf.com\/bg\/#website\"},\"primaryImageOfPage\":{\"@id\":\"https:\/\/qingdaohf.com\/product\/aluminum-form-tie\/#primaryimage\"},\"image\":{\"@id\":\"https:\/\/qingdaohf.com\/product\/aluminum-form-tie\/#primaryimage\"},\"thumbnailUrl\":\"https:\/\/qingdaohf.com\/wp-content\/uploads\/2023\/02\/FULL-TIE-3.jpg\",\"datePublished\":\"2023-11-24T08:40:58+00:00\",\"dateModified\":\"2025-11-13T01:04:01+00:00\",\"description\":\"Aluminum form ties are indispensable tools in concrete construction, ensuring secure placement of aluminum formwork for precise wall formation.\",\"breadcrumb\":{\"@id\":\"https:\/\/qingdaohf.com\/product\/aluminum-form-tie\/#breadcrumb\"},\"inLanguage\":\"fr-FR\",\"potentialAction\":[{\"@type\":\"ReadAction\",\"target\":[\"https:\/\/qingdaohf.com\/product\/aluminum-form-tie\/\"]}]},{\"@type\":\"ImageObject\",\"inLanguage\":\"fr-FR\",\"@id\":\"https:\/\/qingdaohf.com\/product\/aluminum-form-tie\/#primaryimage\",\"url\":\"https:\/\/qingdaohf.com\/wp-content\/uploads\/2023\/02\/FULL-TIE-3.jpg\",\"contentUrl\":\"https:\/\/qingdaohf.com\/wp-content\/uploads\/2023\/02\/FULL-TIE-3.jpg\",\"width\":1000,\"height\":1000,\"caption\":\"FULL TIE\"},{\"@type\":\"BreadcrumbList\",\"@id\":\"https:\/\/qingdaohf.com\/product\/aluminum-form-tie\/#breadcrumb\",\"itemListElement\":[{\"@type\":\"ListItem\",\"position\":1,\"name\":\"Home\",\"item\":\"https:\/\/qingdaohf.com\/\"},{\"@type\":\"ListItem\",\"position\":2,\"name\":\"Concrete Forming Accessories and Rigging Hardware\",\"item\":\"https:\/\/qingdaohf.com\/bg\/?page_id=944\"},{\"@type\":\"ListItem\",\"position\":3,\"name\":\"Aluminum Form Tie Full Wall Tie Nominal Tie\"}]},{\"@type\":\"WebSite\",\"@id\":\"https:\/\/qingdaohf.com\/bg\/#website\",\"url\":\"https:\/\/qingdaohf.com\/bg\/\",\"name\":\"Concrete Form & Rigging Hardware Supplier\",\"description\":\"\",\"publisher\":{\"@id\":\"https:\/\/qingdaohf.com\/bg\/#organization\"},\"potentialAction\":[{\"@type\":\"SearchAction\",\"target\":{\"@type\":\"EntryPoint\",\"urlTemplate\":\"https:\/\/qingdaohf.com\/bg\/?s={search_term_string}\"},\"query-input\":{\"@type\":\"PropertyValueSpecification\",\"valueRequired\":true,\"valueName\":\"search_term_string\"}}],\"inLanguage\":\"fr-FR\"},{\"@type\":\"Organization\",\"@id\":\"https:\/\/qingdaohf.com\/bg\/#organization\",\"name\":\"Qingdao H&F\",\"url\":\"https:\/\/qingdaohf.com\/bg\/\",\"logo\":{\"@type\":\"ImageObject\",\"inLanguage\":\"fr-FR\",\"@id\":\"https:\/\/qingdaohf.com\/bg\/#\/schema\/logo\/image\/\",\"url\":\"https:\/\/qingdaohf.com\/wp-content\/uploads\/2022\/12\/cropped-HF-LOGO.png\",\"contentUrl\":\"https:\/\/qingdaohf.com\/wp-content\/uploads\/2022\/12\/cropped-HF-LOGO.png\",\"width\":391,\"height\":249,\"caption\":\"Qingdao H&F\"},\"image\":{\"@id\":\"https:\/\/qingdaohf.com\/bg\/#\/schema\/logo\/image\/\"},\"sameAs\":[\"https:\/\/www.facebook.com\/qingdaohf\"]}]}<\/script>\n<!-- \/ Yoast SEO plugin. -->","yoast_head_json":{"title":"Aluminum Form Tie Full Wall Tie Nominal Tie","description":"Aluminum form ties are indispensable tools in concrete construction, ensuring secure placement of aluminum formwork for precise wall formation.","robots":{"index":"index","follow":"follow","max-snippet":"max-snippet:-1","max-image-preview":"max-image-preview:large","max-video-preview":"max-video-preview:-1"},"canonical":"https:\/\/qingdaohf.com\/fr\/produit\/attache-en-aluminium-pour-murs-entiers\/","og_locale":"fr_FR","og_type":"article","og_title":"Aluminum Form Tie Full Wall Tie Nominal Tie","og_description":"Aluminum form ties are indispensable tools in concrete construction, ensuring secure placement of aluminum formwork for precise wall formation.","og_url":"https:\/\/qingdaohf.com\/fr\/produit\/attache-en-aluminium-pour-murs-entiers\/","og_site_name":"Concrete Form &amp; Rigging Hardware Supplier","article_publisher":"https:\/\/www.facebook.com\/qingdaohf","article_modified_time":"2025-11-13T01:04:01+00:00","og_image":[{"width":1000,"height":1000,"url":"https:\/\/qingdaohf.com\/wp-content\/uploads\/2023\/02\/FULL-TIE-3.jpg","type":"image\/jpeg"}],"twitter_card":"summary_large_image","twitter_misc":{"Dur\u00e9e de lecture estim\u00e9e":"5 minutes"},"schema":{"@context":"https:\/\/schema.org","@graph":[{"@type":"WebPage","@id":"https:\/\/qingdaohf.com\/product\/aluminum-form-tie\/","url":"https:\/\/qingdaohf.com\/product\/aluminum-form-tie\/","name":"Aluminum Form Tie Full Wall Tie Nominal Tie","isPartOf":{"@id":"https:\/\/qingdaohf.com\/bg\/#website"},"primaryImageOfPage":{"@id":"https:\/\/qingdaohf.com\/product\/aluminum-form-tie\/#primaryimage"},"image":{"@id":"https:\/\/qingdaohf.com\/product\/aluminum-form-tie\/#primaryimage"},"thumbnailUrl":"https:\/\/qingdaohf.com\/wp-content\/uploads\/2023\/02\/FULL-TIE-3.jpg","datePublished":"2023-11-24T08:40:58+00:00","dateModified":"2025-11-13T01:04:01+00:00","description":"Aluminum form ties are indispensable tools in concrete construction, ensuring secure placement of aluminum formwork for precise wall formation.","breadcrumb":{"@id":"https:\/\/qingdaohf.com\/product\/aluminum-form-tie\/#breadcrumb"},"inLanguage":"fr-FR","potentialAction":[{"@type":"ReadAction","target":["https:\/\/qingdaohf.com\/product\/aluminum-form-tie\/"]}]},{"@type":"ImageObject","inLanguage":"fr-FR","@id":"https:\/\/qingdaohf.com\/product\/aluminum-form-tie\/#primaryimage","url":"https:\/\/qingdaohf.com\/wp-content\/uploads\/2023\/02\/FULL-TIE-3.jpg","contentUrl":"https:\/\/qingdaohf.com\/wp-content\/uploads\/2023\/02\/FULL-TIE-3.jpg","width":1000,"height":1000,"caption":"FULL TIE"},{"@type":"BreadcrumbList","@id":"https:\/\/qingdaohf.com\/product\/aluminum-form-tie\/#breadcrumb","itemListElement":[{"@type":"ListItem","position":1,"name":"Home","item":"https:\/\/qingdaohf.com\/"},{"@type":"ListItem","position":2,"name":"Concrete Forming Accessories and Rigging Hardware","item":"https:\/\/qingdaohf.com\/bg\/?page_id=944"},{"@type":"ListItem","position":3,"name":"Aluminum Form Tie Full Wall Tie Nominal Tie"}]},{"@type":"WebSite","@id":"https:\/\/qingdaohf.com\/bg\/#website","url":"https:\/\/qingdaohf.com\/bg\/","name":"Concrete Form & Rigging Hardware Supplier","description":"","publisher":{"@id":"https:\/\/qingdaohf.com\/bg\/#organization"},"potentialAction":[{"@type":"SearchAction","target":{"@type":"EntryPoint","urlTemplate":"https:\/\/qingdaohf.com\/bg\/?s={search_term_string}"},"query-input":{"@type":"PropertyValueSpecification","valueRequired":true,"valueName":"search_term_string"}}],"inLanguage":"fr-FR"},{"@type":"Organization","@id":"https:\/\/qingdaohf.com\/bg\/#organization","name":"Qingdao H&F","url":"https:\/\/qingdaohf.com\/bg\/","logo":{"@type":"ImageObject","inLanguage":"fr-FR","@id":"https:\/\/qingdaohf.com\/bg\/#\/schema\/logo\/image\/","url":"https:\/\/qingdaohf.com\/wp-content\/uploads\/2022\/12\/cropped-HF-LOGO.png","contentUrl":"https:\/\/qingdaohf.com\/wp-content\/uploads\/2022\/12\/cropped-HF-LOGO.png","width":391,"height":249,"caption":"Qingdao H&F"},"image":{"@id":"https:\/\/qingdaohf.com\/bg\/#\/schema\/logo\/image\/"},"sameAs":["https:\/\/www.facebook.com\/qingdaohf"]}]}},"_links":{"self":[{"href":"https:\/\/qingdaohf.com\/fr\/wp-json\/wp\/v2\/product\/1909","targetHints":{"allow":["GET"]}}],"collection":[{"href":"https:\/\/qingdaohf.com\/fr\/wp-json\/wp\/v2\/product"}],"about":[{"href":"https:\/\/qingdaohf.com\/fr\/wp-json\/wp\/v2\/types\/product"}],"replies":[{"embeddable":true,"href":"https:\/\/qingdaohf.com\/fr\/wp-json\/wp\/v2\/comments?post=1909"}],"version-history":[{"count":13,"href":"https:\/\/qingdaohf.com\/fr\/wp-json\/wp\/v2\/product\/1909\/revisions"}],"predecessor-version":[{"id":8879,"href":"https:\/\/qingdaohf.com\/fr\/wp-json\/wp\/v2\/product\/1909\/revisions\/8879"}],"wp:featuredmedia":[{"embeddable":true,"href":"https:\/\/qingdaohf.com\/fr\/wp-json\/wp\/v2\/media\/2804"}],"wp:attachment":[{"href":"https:\/\/qingdaohf.com\/fr\/wp-json\/wp\/v2\/media?parent=1909"}],"wp:term":[{"taxonomy":"product_brand","embeddable":true,"href":"https:\/\/qingdaohf.com\/fr\/wp-json\/wp\/v2\/product_brand?post=1909"},{"taxonomy":"product_cat","embeddable":true,"href":"https:\/\/qingdaohf.com\/fr\/wp-json\/wp\/v2\/product_cat?post=1909"},{"taxonomy":"product_tag","embeddable":true,"href":"https:\/\/qingdaohf.com\/fr\/wp-json\/wp\/v2\/product_tag?post=1909"}],"curies":[{"name":"wp","href":"https:\/\/api.w.org\/{rel}","templated":true}]}}