{"id":2312,"date":"2023-02-21T17:34:53","date_gmt":"2023-02-21T09:34:53","guid":{"rendered":"http:\/\/qingdaohf.com\/?post_type=product&#038;p=2312"},"modified":"2025-11-13T09:06:16","modified_gmt":"2025-11-13T01:06:16","slug":"slab-bolster-dipped","status":"publish","type":"product","link":"https:\/\/qingdaohf.com\/fr\/produit\/traversin-de-dalle-trempe\/","title":{"rendered":"Mitre de dalle tremp\u00e9e SBD"},"content":{"rendered":"<h2 data-pm-slice=\"1 1 []\">Qu'est-ce que le Slab Bolster Dipped (SBD) ?<\/h2>\n<p>Le Slab Bolster Dipped (SBD) est un accessoire d'armature crucial dans la construction en b\u00e9ton, con\u00e7u pour maintenir un espacement pr\u00e9cis entre les barres d'armature et le coffrage. Fabriqu\u00e9e en acier \u00e0 haute r\u00e9sistance et rev\u00eatue d'une finition par immersion, elle offre une durabilit\u00e9 et une r\u00e9sistance \u00e0 la corrosion accrues. Utilis\u00e9 principalement dans les projets de dalles sur terre-plein, de pr\u00e9fabrication et de construction par inclinaison, le SBD assure une couverture uniforme du b\u00e9ton, ce qui est essentiel pour la solidit\u00e9 et la long\u00e9vit\u00e9 de la structure. Son syst\u00e8me de support continu emp\u00eache l'affaissement et maintient l'armature bien en place pendant les processus de coulage et de durcissement.<\/p>\n<h2>Principaux avantages de l'utilisation du Slab Bolster Dipped (SBD)<\/h2>\n<p>Le SBD joue un r\u00f4le indispensable dans l'obtention de performances sup\u00e9rieures du b\u00e9ton. L'un de ses principaux avantages est sa r\u00e9sistance \u00e0 la rouille et aux dommages environnementaux, gr\u00e2ce au rev\u00eatement par immersion. Cette couche de protection suppl\u00e9mentaire le rend particuli\u00e8rement adapt\u00e9 aux environnements humides ou chimiquement agressifs o\u00f9 l'acier standard non rev\u00eatu peut se d\u00e9t\u00e9riorer avec le temps.<\/p>\n<p>Un autre avantage significatif est sa capacit\u00e9 \u00e0 maintenir un positionnement coh\u00e9rent des barres d'armature. Un espacement correct affecte directement la capacit\u00e9 portante du b\u00e9ton et sa r\u00e9sistance \u00e0 la fissuration, ce qui fait du TAS un choix fiable pour les projets exigeant une grande int\u00e9grit\u00e9 structurelle. Qu'il s'agisse d'applications commerciales, r\u00e9sidentielles ou industrielles, le SBD contribue \u00e0 l'uniformit\u00e9 de l'\u00e9paisseur du b\u00e9ton et emp\u00eache les d\u00e9placements pendant la coul\u00e9e.<\/p>\n<h2>Applications de la dalle de b\u00e9ton tremp\u00e9e (SBD)<\/h2>\n<p>La mitre de dalle tremp\u00e9e est polyvalente et largement utilis\u00e9e dans le cadre de divers projets de construction. Il est particuli\u00e8rement efficace dans les travaux de platelage, tels que les autoroutes, les ponts et les fondations de b\u00e2timents, o\u00f9 la pr\u00e9cision de l'\u00e9l\u00e9vation des barres d'armature est essentielle. Les usines de pr\u00e9fabrication s'appuient \u00e9galement sur le SBD pour maintenir un espacement uniforme entre les couches d'armature, ce qui garantit une qualit\u00e9 constante du produit. Dans la construction par inclinaison, le SBD aide \u00e0 soutenir les panneaux avant qu'ils ne soient soulev\u00e9s en place, assurant la stabilit\u00e9 tout au long de la phase de durcissement.<\/p>\n<p>La finition par trempage rend le SBD adapt\u00e9 aux environnements expos\u00e9s \u00e0 l'humidit\u00e9, aux sels de d\u00e9gla\u00e7age ou aux produits chimiques agressifs. Cette caract\u00e9ristique en fait un choix privil\u00e9gi\u00e9 pour les projets d'infrastructure tels que les tunnels, les parkings et les applications marines o\u00f9 la r\u00e9sistance \u00e0 la corrosion est une priorit\u00e9.<\/p>\n<h2>Pourquoi choisir Qingdao H&amp;F pour r\u00e9pondre \u00e0 vos besoins en mati\u00e8re de brames enrob\u00e9es ?<\/h2>\n<p>En tant que soci\u00e9t\u00e9 commerciale de confiance, Qingdao H&amp;F se consacre \u00e0 la fourniture d'accessoires pour b\u00e9ton de haute qualit\u00e9 avec un support client in\u00e9gal\u00e9. Nous nous distinguons dans l'industrie en offrant un service \u00e0 la client\u00e8le personnalis\u00e9, garantissant que chaque client re\u00e7oit des solutions sur mesure qui correspondent aux exigences sp\u00e9cifiques de son projet. Nos cycles de livraison rapides vous permettent d'obtenir les mat\u00e9riaux dont vous avez besoin sans retards inutiles, ce qui vous permet de respecter le calendrier et le budget de vos projets.<\/p>\n<p>L'assurance qualit\u00e9 est pour nous une priorit\u00e9 absolue. Nous fournissons des rapports d'inspection complets, y compris des certifications de mat\u00e9riaux et des donn\u00e9es d'essais de performance, afin que vous puissiez avoir confiance dans la fiabilit\u00e9 de nos produits. En outre, nous proposons des prix comp\u00e9titifs sans compromis sur la qualit\u00e9, ce qui fait de nous un choix rentable pour les entrepreneurs et les fournisseurs \u00e0 la recherche d'accessoires de coffrage fiables.<\/p>\n<p>Avec un engagement fort pour l'excellence et la satisfaction du client, Qingdao H&amp;F est votre partenaire de choix pour les solutions de renforcement de dalles et autres solutions de renforcement. Contactez-nous d\u00e8s aujourd'hui pour en savoir plus sur la fa\u00e7on dont nous pouvons soutenir vos projets de construction avec des produits de premier ordre et un service exceptionnel.<\/p>","protected":false},"excerpt":{"rendered":"<p data-pm-slice=\"1 1 []\">Le Slab Bolster Dipped (SBD) est un accessoire essentiel pour le renforcement du b\u00e9ton, assurant un placement pr\u00e9cis des barres d'armature et une int\u00e9grit\u00e9 structurelle optimale. Dot\u00e9 d'une finition tremp\u00e9e pour une meilleure r\u00e9sistance \u00e0 la corrosion, le SBD fournit un support fiable pour les applications de dalles sur sol, pr\u00e9fabriqu\u00e9es et inclin\u00e9es. Chez Qingdao H&amp;F, nous garantissons une qualit\u00e9 sup\u00e9rieure avec divers rapports d'inspection, des cycles de livraison rapides et un service client\u00e8le personnalis\u00e9 pour simplifier votre exp\u00e9rience d'achat. Nos prix comp\u00e9titifs et notre engagement envers l'excellence font de nous un partenaire de confiance pour tous vos besoins en mati\u00e8re de construction.<\/p>","protected":false},"featured_media":8004,"comment_status":"open","ping_status":"closed","template":"","meta":{"site-sidebar-layout":"default","site-content-layout":"default","ast-site-content-layout":"default","site-content-style":"default","site-sidebar-style":"default","ast-global-header-display":"","ast-banner-title-visibility":"","ast-main-header-display":"","ast-hfb-above-header-display":"","ast-hfb-below-header-display":"","ast-hfb-mobile-header-display":"","site-post-title":"","ast-breadcrumbs-content":"","ast-featured-img":"","footer-sml-layout":"","theme-transparent-header-meta":"default","adv-header-id-meta":"","stick-header-meta":"default","header-above-stick-meta":"","header-main-stick-meta":"","header-below-stick-meta":"","astra-migrate-meta-layouts":"set","ast-page-background-enabled":"default","ast-page-background-meta":{"desktop":{"background-color":"","background-image":"","background-repeat":"repeat","background-position":"center center","background-size":"auto","background-attachment":"scroll","background-type":"","background-media":"","overlay-type":"","overlay-color":"","overlay-opacity":"","overlay-gradient":""},"tablet":{"background-color":"","background-image":"","background-repeat":"repeat","background-position":"center center","background-size":"auto","background-attachment":"scroll","background-type":"","background-media":"","overlay-type":"","overlay-color":"","overlay-opacity":"","overlay-gradient":""},"mobile":{"background-color":"","background-image":"","background-repeat":"repeat","background-position":"center center","background-size":"auto","background-attachment":"scroll","background-type":"","background-media":"","overlay-type":"","overlay-color":"","overlay-opacity":"","overlay-gradient":""}},"ast-content-background-meta":{"desktop":{"background-color":"var(--ast-global-color-5)","background-image":"","background-repeat":"repeat","background-position":"center center","background-size":"auto","background-attachment":"scroll","background-type":"","background-media":"","overlay-type":"","overlay-color":"","overlay-opacity":"","overlay-gradient":""},"tablet":{"background-color":"var(--ast-global-color-5)","background-image":"","background-repeat":"repeat","background-position":"center center","background-size":"auto","background-attachment":"scroll","background-type":"","background-media":"","overlay-type":"","overlay-color":"","overlay-opacity":"","overlay-gradient":""},"mobile":{"background-color":"var(--ast-global-color-5)","background-image":"","background-repeat":"repeat","background-position":"center center","background-size":"auto","background-attachment":"scroll","background-type":"","background-media":"","overlay-type":"","overlay-color":"","overlay-opacity":"","overlay-gradient":""}}},"product_brand":[],"product_cat":[35],"product_tag":[],"class_list":{"0":"post-2312","1":"product","2":"type-product","3":"status-publish","4":"has-post-thumbnail","6":"product_cat-concrete-rebar-support","7":"desktop-align-left","8":"tablet-align-left","9":"mobile-align-left","10":"ast-product-gallery-layout-horizontal-slider","11":"ast-product-tabs-layout-horizontal","13":"first","14":"instock","15":"shipping-taxable","16":"purchasable","17":"product-type-simple"},"yoast_head":"<!-- This site is optimized with the Yoast SEO plugin v25.2 - https:\/\/yoast.com\/wordpress\/plugins\/seo\/ -->\n<title>Slab Bolster Dipped SBD<\/title>\n<meta name=\"description\" content=\"Slab Bolster Dipped (SBD) is an essential accessory for concrete reinforcement, ensuring precise rebar placement and optimal structural integrity.\" \/>\n<meta name=\"robots\" content=\"index, follow, max-snippet:-1, max-image-preview:large, max-video-preview:-1\" \/>\n<link rel=\"canonical\" href=\"https:\/\/qingdaohf.com\/fr\/produit\/traversin-de-dalle-trempe\/\" \/>\n<meta property=\"og:locale\" content=\"fr_FR\" \/>\n<meta property=\"og:type\" content=\"article\" \/>\n<meta property=\"og:title\" content=\"Slab Bolster Dipped SBD\" \/>\n<meta property=\"og:description\" content=\"Slab Bolster Dipped (SBD) is an essential accessory for concrete reinforcement, ensuring precise rebar placement and optimal structural integrity.\" \/>\n<meta property=\"og:url\" content=\"https:\/\/qingdaohf.com\/fr\/produit\/traversin-de-dalle-trempe\/\" \/>\n<meta property=\"og:site_name\" content=\"Concrete Form &amp; Rigging Hardware Supplier\" \/>\n<meta property=\"article:publisher\" content=\"https:\/\/www.facebook.com\/qingdaohf\" \/>\n<meta property=\"article:modified_time\" content=\"2025-11-13T01:06:16+00:00\" \/>\n<meta property=\"og:image\" content=\"https:\/\/qingdaohf.com\/wp-content\/uploads\/2023\/02\/Slab-Bolster-Dipped-1-1.jpg\" \/>\n\t<meta property=\"og:image:width\" content=\"1000\" \/>\n\t<meta property=\"og:image:height\" content=\"1000\" \/>\n\t<meta property=\"og:image:type\" content=\"image\/jpeg\" \/>\n<meta name=\"twitter:card\" content=\"summary_large_image\" \/>\n<meta name=\"twitter:label1\" content=\"Dur\u00e9e de lecture estim\u00e9e\" \/>\n\t<meta name=\"twitter:data1\" content=\"3 minutes\" \/>\n<script type=\"application\/ld+json\" class=\"yoast-schema-graph\">{\"@context\":\"https:\/\/schema.org\",\"@graph\":[{\"@type\":\"WebPage\",\"@id\":\"https:\/\/qingdaohf.com\/product\/slab-bolster-dipped\/\",\"url\":\"https:\/\/qingdaohf.com\/product\/slab-bolster-dipped\/\",\"name\":\"Slab Bolster Dipped SBD\",\"isPartOf\":{\"@id\":\"https:\/\/qingdaohf.com\/bg\/#website\"},\"primaryImageOfPage\":{\"@id\":\"https:\/\/qingdaohf.com\/product\/slab-bolster-dipped\/#primaryimage\"},\"image\":{\"@id\":\"https:\/\/qingdaohf.com\/product\/slab-bolster-dipped\/#primaryimage\"},\"thumbnailUrl\":\"https:\/\/qingdaohf.com\/wp-content\/uploads\/2023\/02\/Slab-Bolster-Dipped-1-1.jpg\",\"datePublished\":\"2023-02-21T09:34:53+00:00\",\"dateModified\":\"2025-11-13T01:06:16+00:00\",\"description\":\"Slab Bolster Dipped (SBD) is an essential accessory for concrete reinforcement, ensuring precise rebar placement and optimal structural integrity.\",\"breadcrumb\":{\"@id\":\"https:\/\/qingdaohf.com\/product\/slab-bolster-dipped\/#breadcrumb\"},\"inLanguage\":\"fr-FR\",\"potentialAction\":[{\"@type\":\"ReadAction\",\"target\":[\"https:\/\/qingdaohf.com\/product\/slab-bolster-dipped\/\"]}]},{\"@type\":\"ImageObject\",\"inLanguage\":\"fr-FR\",\"@id\":\"https:\/\/qingdaohf.com\/product\/slab-bolster-dipped\/#primaryimage\",\"url\":\"https:\/\/qingdaohf.com\/wp-content\/uploads\/2023\/02\/Slab-Bolster-Dipped-1-1.jpg\",\"contentUrl\":\"https:\/\/qingdaohf.com\/wp-content\/uploads\/2023\/02\/Slab-Bolster-Dipped-1-1.jpg\",\"width\":1000,\"height\":1000,\"caption\":\"Slab Bolster Dipped\"},{\"@type\":\"BreadcrumbList\",\"@id\":\"https:\/\/qingdaohf.com\/product\/slab-bolster-dipped\/#breadcrumb\",\"itemListElement\":[{\"@type\":\"ListItem\",\"position\":1,\"name\":\"Home\",\"item\":\"https:\/\/qingdaohf.com\/\"},{\"@type\":\"ListItem\",\"position\":2,\"name\":\"Concrete Forming Accessories and Rigging Hardware\",\"item\":\"https:\/\/qingdaohf.com\/bg\/?page_id=944\"},{\"@type\":\"ListItem\",\"position\":3,\"name\":\"Slab Bolster Dipped SBD\"}]},{\"@type\":\"WebSite\",\"@id\":\"https:\/\/qingdaohf.com\/bg\/#website\",\"url\":\"https:\/\/qingdaohf.com\/bg\/\",\"name\":\"Concrete Form & Rigging Hardware Supplier\",\"description\":\"\",\"publisher\":{\"@id\":\"https:\/\/qingdaohf.com\/bg\/#organization\"},\"potentialAction\":[{\"@type\":\"SearchAction\",\"target\":{\"@type\":\"EntryPoint\",\"urlTemplate\":\"https:\/\/qingdaohf.com\/bg\/?s={search_term_string}\"},\"query-input\":{\"@type\":\"PropertyValueSpecification\",\"valueRequired\":true,\"valueName\":\"search_term_string\"}}],\"inLanguage\":\"fr-FR\"},{\"@type\":\"Organization\",\"@id\":\"https:\/\/qingdaohf.com\/bg\/#organization\",\"name\":\"Qingdao H&F\",\"url\":\"https:\/\/qingdaohf.com\/bg\/\",\"logo\":{\"@type\":\"ImageObject\",\"inLanguage\":\"fr-FR\",\"@id\":\"https:\/\/qingdaohf.com\/bg\/#\/schema\/logo\/image\/\",\"url\":\"https:\/\/qingdaohf.com\/wp-content\/uploads\/2022\/12\/cropped-HF-LOGO.png\",\"contentUrl\":\"https:\/\/qingdaohf.com\/wp-content\/uploads\/2022\/12\/cropped-HF-LOGO.png\",\"width\":391,\"height\":249,\"caption\":\"Qingdao H&F\"},\"image\":{\"@id\":\"https:\/\/qingdaohf.com\/bg\/#\/schema\/logo\/image\/\"},\"sameAs\":[\"https:\/\/www.facebook.com\/qingdaohf\"]}]}<\/script>\n<!-- \/ Yoast SEO plugin. -->","yoast_head_json":{"title":"Slab Bolster Dipped SBD","description":"Slab Bolster Dipped (SBD) is an essential accessory for concrete reinforcement, ensuring precise rebar placement and optimal structural integrity.","robots":{"index":"index","follow":"follow","max-snippet":"max-snippet:-1","max-image-preview":"max-image-preview:large","max-video-preview":"max-video-preview:-1"},"canonical":"https:\/\/qingdaohf.com\/fr\/produit\/traversin-de-dalle-trempe\/","og_locale":"fr_FR","og_type":"article","og_title":"Slab Bolster Dipped SBD","og_description":"Slab Bolster Dipped (SBD) is an essential accessory for concrete reinforcement, ensuring precise rebar placement and optimal structural integrity.","og_url":"https:\/\/qingdaohf.com\/fr\/produit\/traversin-de-dalle-trempe\/","og_site_name":"Concrete Form &amp; Rigging Hardware Supplier","article_publisher":"https:\/\/www.facebook.com\/qingdaohf","article_modified_time":"2025-11-13T01:06:16+00:00","og_image":[{"width":1000,"height":1000,"url":"https:\/\/qingdaohf.com\/wp-content\/uploads\/2023\/02\/Slab-Bolster-Dipped-1-1.jpg","type":"image\/jpeg"}],"twitter_card":"summary_large_image","twitter_misc":{"Dur\u00e9e de lecture estim\u00e9e":"3 minutes"},"schema":{"@context":"https:\/\/schema.org","@graph":[{"@type":"WebPage","@id":"https:\/\/qingdaohf.com\/product\/slab-bolster-dipped\/","url":"https:\/\/qingdaohf.com\/product\/slab-bolster-dipped\/","name":"Slab Bolster Dipped SBD","isPartOf":{"@id":"https:\/\/qingdaohf.com\/bg\/#website"},"primaryImageOfPage":{"@id":"https:\/\/qingdaohf.com\/product\/slab-bolster-dipped\/#primaryimage"},"image":{"@id":"https:\/\/qingdaohf.com\/product\/slab-bolster-dipped\/#primaryimage"},"thumbnailUrl":"https:\/\/qingdaohf.com\/wp-content\/uploads\/2023\/02\/Slab-Bolster-Dipped-1-1.jpg","datePublished":"2023-02-21T09:34:53+00:00","dateModified":"2025-11-13T01:06:16+00:00","description":"Slab Bolster Dipped (SBD) is an essential accessory for concrete reinforcement, ensuring precise rebar placement and optimal structural integrity.","breadcrumb":{"@id":"https:\/\/qingdaohf.com\/product\/slab-bolster-dipped\/#breadcrumb"},"inLanguage":"fr-FR","potentialAction":[{"@type":"ReadAction","target":["https:\/\/qingdaohf.com\/product\/slab-bolster-dipped\/"]}]},{"@type":"ImageObject","inLanguage":"fr-FR","@id":"https:\/\/qingdaohf.com\/product\/slab-bolster-dipped\/#primaryimage","url":"https:\/\/qingdaohf.com\/wp-content\/uploads\/2023\/02\/Slab-Bolster-Dipped-1-1.jpg","contentUrl":"https:\/\/qingdaohf.com\/wp-content\/uploads\/2023\/02\/Slab-Bolster-Dipped-1-1.jpg","width":1000,"height":1000,"caption":"Slab Bolster Dipped"},{"@type":"BreadcrumbList","@id":"https:\/\/qingdaohf.com\/product\/slab-bolster-dipped\/#breadcrumb","itemListElement":[{"@type":"ListItem","position":1,"name":"Home","item":"https:\/\/qingdaohf.com\/"},{"@type":"ListItem","position":2,"name":"Concrete Forming Accessories and Rigging Hardware","item":"https:\/\/qingdaohf.com\/bg\/?page_id=944"},{"@type":"ListItem","position":3,"name":"Slab Bolster Dipped SBD"}]},{"@type":"WebSite","@id":"https:\/\/qingdaohf.com\/bg\/#website","url":"https:\/\/qingdaohf.com\/bg\/","name":"Concrete Form & Rigging Hardware Supplier","description":"","publisher":{"@id":"https:\/\/qingdaohf.com\/bg\/#organization"},"potentialAction":[{"@type":"SearchAction","target":{"@type":"EntryPoint","urlTemplate":"https:\/\/qingdaohf.com\/bg\/?s={search_term_string}"},"query-input":{"@type":"PropertyValueSpecification","valueRequired":true,"valueName":"search_term_string"}}],"inLanguage":"fr-FR"},{"@type":"Organization","@id":"https:\/\/qingdaohf.com\/bg\/#organization","name":"Qingdao H&F","url":"https:\/\/qingdaohf.com\/bg\/","logo":{"@type":"ImageObject","inLanguage":"fr-FR","@id":"https:\/\/qingdaohf.com\/bg\/#\/schema\/logo\/image\/","url":"https:\/\/qingdaohf.com\/wp-content\/uploads\/2022\/12\/cropped-HF-LOGO.png","contentUrl":"https:\/\/qingdaohf.com\/wp-content\/uploads\/2022\/12\/cropped-HF-LOGO.png","width":391,"height":249,"caption":"Qingdao H&F"},"image":{"@id":"https:\/\/qingdaohf.com\/bg\/#\/schema\/logo\/image\/"},"sameAs":["https:\/\/www.facebook.com\/qingdaohf"]}]}},"_links":{"self":[{"href":"https:\/\/qingdaohf.com\/fr\/wp-json\/wp\/v2\/product\/2312","targetHints":{"allow":["GET"]}}],"collection":[{"href":"https:\/\/qingdaohf.com\/fr\/wp-json\/wp\/v2\/product"}],"about":[{"href":"https:\/\/qingdaohf.com\/fr\/wp-json\/wp\/v2\/types\/product"}],"replies":[{"embeddable":true,"href":"https:\/\/qingdaohf.com\/fr\/wp-json\/wp\/v2\/comments?post=2312"}],"version-history":[{"count":11,"href":"https:\/\/qingdaohf.com\/fr\/wp-json\/wp\/v2\/product\/2312\/revisions"}],"predecessor-version":[{"id":10248,"href":"https:\/\/qingdaohf.com\/fr\/wp-json\/wp\/v2\/product\/2312\/revisions\/10248"}],"wp:featuredmedia":[{"embeddable":true,"href":"https:\/\/qingdaohf.com\/fr\/wp-json\/wp\/v2\/media\/8004"}],"wp:attachment":[{"href":"https:\/\/qingdaohf.com\/fr\/wp-json\/wp\/v2\/media?parent=2312"}],"wp:term":[{"taxonomy":"product_brand","embeddable":true,"href":"https:\/\/qingdaohf.com\/fr\/wp-json\/wp\/v2\/product_brand?post=2312"},{"taxonomy":"product_cat","embeddable":true,"href":"https:\/\/qingdaohf.com\/fr\/wp-json\/wp\/v2\/product_cat?post=2312"},{"taxonomy":"product_tag","embeddable":true,"href":"https:\/\/qingdaohf.com\/fr\/wp-json\/wp\/v2\/product_tag?post=2312"}],"curies":[{"name":"wp","href":"https:\/\/api.w.org\/{rel}","templated":true}]}}