{"id":2321,"date":"2023-02-22T10:58:27","date_gmt":"2023-02-22T02:58:27","guid":{"rendered":"http:\/\/qingdaohf.com\/?post_type=product&#038;p=2321"},"modified":"2025-11-13T09:06:16","modified_gmt":"2025-11-13T01:06:16","slug":"wire-rope-cable-loop-anchor-for-lifting-loops","status":"publish","type":"product","link":"https:\/\/qingdaohf.com\/fr\/produit\/ancrage-de-boucle-de-cable-metallique-pour-boucles-de-levage\/","title":{"rendered":"C\u00e2bles m\u00e9talliques Boucles de levage coul\u00e9es"},"content":{"rendered":"<p>Les boucles de levage \u00e0 c\u00e2ble m\u00e9tallique sont un type d'appareil de levage con\u00e7u pour \u00eatre encastr\u00e9 dans des structures en b\u00e9ton pendant le processus de coul\u00e9e. Elles sont constitu\u00e9es d'une boucle faite d'un c\u00e2ble m\u00e9tallique \u00e0 haute r\u00e9sistance qui est attach\u00e9e \u00e0 une plaque ou \u00e0 un ancrage, qui est encastr\u00e9 dans le b\u00e9ton.<\/p>\n<p>La boucle est utilis\u00e9e comme point de connexion pour soulever la structure pendant la construction ou l'installation. Une fois la structure en place, la boucle de levage peut \u00eatre retir\u00e9e, ne laissant qu'un petit trou dans le b\u00e9ton.<\/p>\n<p>Les boucles de levage coul\u00e9es en c\u00e2ble m\u00e9tallique sont couramment utilis\u00e9es dans la construction de structures en b\u00e9ton pr\u00e9fabriqu\u00e9 telles que les poutres, les colonnes et les dalles. Elles constituent une m\u00e9thode s\u00fbre et fiable pour soulever et manipuler des charges lourdes pendant la construction, sans qu'il soit n\u00e9cessaire d'utiliser du mat\u00e9riel ou des \u00e9quipements suppl\u00e9mentaires.<\/p>\n<p>Ces boucles sont disponibles dans une vari\u00e9t\u00e9 de tailles et de capacit\u00e9s, ce qui les rend adapt\u00e9es \u00e0 un large \u00e9ventail d'applications. Elles sont faciles \u00e0 installer et peuvent \u00eatre utilis\u00e9es plusieurs fois, ce qui en fait une solution rentable pour le levage et la manutention de structures en b\u00e9ton.<\/p>\n<p><img fetchpriority=\"high\" decoding=\"async\" class=\"alignnone size-full wp-image-3231\" src=\"http:\/\/qingdaohf.com\/wp-content\/uploads\/2023\/02\/55-3.jpg\" alt=\"Ancrage de boucle de c\u00e2ble m\u00e9tallique pour boucles de levage\" width=\"1200\" height=\"652\" srcset=\"https:\/\/qingdaohf.com\/wp-content\/uploads\/2023\/02\/55-3.jpg 1200w, https:\/\/qingdaohf.com\/wp-content\/uploads\/2023\/02\/55-3-300x163.jpg 300w, https:\/\/qingdaohf.com\/wp-content\/uploads\/2023\/02\/55-3-1024x556.jpg 1024w, https:\/\/qingdaohf.com\/wp-content\/uploads\/2023\/02\/55-3-768x417.jpg 768w, https:\/\/qingdaohf.com\/wp-content\/uploads\/2023\/02\/55-3-1000x543.jpg 1000w\" sizes=\"(max-width: 1200px) 100vw, 1200px\" \/> <img decoding=\"async\" class=\"alignnone size-full wp-image-3232\" src=\"http:\/\/qingdaohf.com\/wp-content\/uploads\/2023\/02\/Wire-Rope-Cable-Loop-Anchor-for-Lifting-Loops-1.jpg\" alt=\"Ancrage de boucle de c\u00e2ble m\u00e9tallique pour boucles de levage\" width=\"800\" height=\"600\" srcset=\"https:\/\/qingdaohf.com\/wp-content\/uploads\/2023\/02\/Wire-Rope-Cable-Loop-Anchor-for-Lifting-Loops-1.jpg 800w, https:\/\/qingdaohf.com\/wp-content\/uploads\/2023\/02\/Wire-Rope-Cable-Loop-Anchor-for-Lifting-Loops-1-300x225.jpg 300w, https:\/\/qingdaohf.com\/wp-content\/uploads\/2023\/02\/Wire-Rope-Cable-Loop-Anchor-for-Lifting-Loops-1-768x576.jpg 768w\" sizes=\"(max-width: 800px) 100vw, 800px\" \/> <img decoding=\"async\" class=\"alignnone size-full wp-image-3233\" src=\"http:\/\/qingdaohf.com\/wp-content\/uploads\/2023\/02\/Wire-Rope-Cable-Loop-Anchor-for-Lifting-Loops-2.jpg\" alt=\"Ancrage de boucle de c\u00e2ble m\u00e9tallique pour boucles de levage\" width=\"800\" height=\"600\" srcset=\"https:\/\/qingdaohf.com\/wp-content\/uploads\/2023\/02\/Wire-Rope-Cable-Loop-Anchor-for-Lifting-Loops-2.jpg 800w, https:\/\/qingdaohf.com\/wp-content\/uploads\/2023\/02\/Wire-Rope-Cable-Loop-Anchor-for-Lifting-Loops-2-300x225.jpg 300w, https:\/\/qingdaohf.com\/wp-content\/uploads\/2023\/02\/Wire-Rope-Cable-Loop-Anchor-for-Lifting-Loops-2-768x576.jpg 768w\" sizes=\"(max-width: 800px) 100vw, 800px\" \/> <img loading=\"lazy\" decoding=\"async\" class=\"alignnone size-full wp-image-3234\" src=\"http:\/\/qingdaohf.com\/wp-content\/uploads\/2023\/02\/Wire-Rope-Cable-Loop-Anchor-for-Lifting-Loops-3.jpg\" alt=\"Ancrage de boucle de c\u00e2ble m\u00e9tallique pour boucles de levage\" width=\"800\" height=\"600\" srcset=\"https:\/\/qingdaohf.com\/wp-content\/uploads\/2023\/02\/Wire-Rope-Cable-Loop-Anchor-for-Lifting-Loops-3.jpg 800w, https:\/\/qingdaohf.com\/wp-content\/uploads\/2023\/02\/Wire-Rope-Cable-Loop-Anchor-for-Lifting-Loops-3-300x225.jpg 300w, https:\/\/qingdaohf.com\/wp-content\/uploads\/2023\/02\/Wire-Rope-Cable-Loop-Anchor-for-Lifting-Loops-3-768x576.jpg 768w\" sizes=\"(max-width: 800px) 100vw, 800px\" \/> <img loading=\"lazy\" decoding=\"async\" class=\"alignnone size-full wp-image-3235\" src=\"http:\/\/qingdaohf.com\/wp-content\/uploads\/2023\/02\/Wire-Rope-Cable-Loop-Anchor-for-Lifting-Loops-8.jpg\" alt=\"Ancrage de boucle de c\u00e2ble m\u00e9tallique pour boucles de levage\" width=\"800\" height=\"600\" srcset=\"https:\/\/qingdaohf.com\/wp-content\/uploads\/2023\/02\/Wire-Rope-Cable-Loop-Anchor-for-Lifting-Loops-8.jpg 800w, https:\/\/qingdaohf.com\/wp-content\/uploads\/2023\/02\/Wire-Rope-Cable-Loop-Anchor-for-Lifting-Loops-8-300x225.jpg 300w, https:\/\/qingdaohf.com\/wp-content\/uploads\/2023\/02\/Wire-Rope-Cable-Loop-Anchor-for-Lifting-Loops-8-768x576.jpg 768w\" sizes=\"(max-width: 800px) 100vw, 800px\" \/> <img loading=\"lazy\" decoding=\"async\" class=\"alignnone size-full wp-image-3236\" src=\"http:\/\/qingdaohf.com\/wp-content\/uploads\/2023\/02\/Wire-Rope-Cable-Loop-Anchor-for-Lifting-Loops-9.jpg\" alt=\"Ancrage de boucle de c\u00e2ble m\u00e9tallique pour boucles de levage\" width=\"800\" height=\"600\" srcset=\"https:\/\/qingdaohf.com\/wp-content\/uploads\/2023\/02\/Wire-Rope-Cable-Loop-Anchor-for-Lifting-Loops-9.jpg 800w, https:\/\/qingdaohf.com\/wp-content\/uploads\/2023\/02\/Wire-Rope-Cable-Loop-Anchor-for-Lifting-Loops-9-300x225.jpg 300w, https:\/\/qingdaohf.com\/wp-content\/uploads\/2023\/02\/Wire-Rope-Cable-Loop-Anchor-for-Lifting-Loops-9-768x576.jpg 768w\" sizes=\"(max-width: 800px) 100vw, 800px\" \/><\/p>","protected":false},"excerpt":{"rendered":"<p>Les boucles de levage \u00e0 c\u00e2ble m\u00e9tallique sont un type d'appareil de levage con\u00e7u pour \u00eatre encastr\u00e9 dans des structures en b\u00e9ton pendant le processus de coul\u00e9e. Elles sont constitu\u00e9es d'une boucle faite d'un c\u00e2ble m\u00e9tallique \u00e0 haute r\u00e9sistance qui est attach\u00e9e \u00e0 une plaque ou \u00e0 un ancrage, qui est encastr\u00e9 dans le b\u00e9ton.<\/p>","protected":false},"featured_media":3237,"comment_status":"open","ping_status":"closed","template":"","meta":{"site-sidebar-layout":"default","site-content-layout":"default","ast-site-content-layout":"","site-content-style":"default","site-sidebar-style":"default","ast-global-header-display":"","ast-banner-title-visibility":"","ast-main-header-display":"","ast-hfb-above-header-display":"","ast-hfb-below-header-display":"","ast-hfb-mobile-header-display":"","site-post-title":"","ast-breadcrumbs-content":"","ast-featured-img":"","footer-sml-layout":"","theme-transparent-header-meta":"default","adv-header-id-meta":"","stick-header-meta":"default","header-above-stick-meta":"","header-main-stick-meta":"","header-below-stick-meta":"","astra-migrate-meta-layouts":"default","ast-page-background-enabled":"default","ast-page-background-meta":{"desktop":{"background-color":"","background-image":"","background-repeat":"repeat","background-position":"center center","background-size":"auto","background-attachment":"scroll","background-type":"","background-media":"","overlay-type":"","overlay-color":"","overlay-opacity":"","overlay-gradient":""},"tablet":{"background-color":"","background-image":"","background-repeat":"repeat","background-position":"center center","background-size":"auto","background-attachment":"scroll","background-type":"","background-media":"","overlay-type":"","overlay-color":"","overlay-opacity":"","overlay-gradient":""},"mobile":{"background-color":"","background-image":"","background-repeat":"repeat","background-position":"center center","background-size":"auto","background-attachment":"scroll","background-type":"","background-media":"","overlay-type":"","overlay-color":"","overlay-opacity":"","overlay-gradient":""}},"ast-content-background-meta":{"desktop":{"background-color":"var(--ast-global-color-5)","background-image":"","background-repeat":"repeat","background-position":"center center","background-size":"auto","background-attachment":"scroll","background-type":"","background-media":"","overlay-type":"","overlay-color":"","overlay-opacity":"","overlay-gradient":""},"tablet":{"background-color":"var(--ast-global-color-5)","background-image":"","background-repeat":"repeat","background-position":"center center","background-size":"auto","background-attachment":"scroll","background-type":"","background-media":"","overlay-type":"","overlay-color":"","overlay-opacity":"","overlay-gradient":""},"mobile":{"background-color":"var(--ast-global-color-5)","background-image":"","background-repeat":"repeat","background-position":"center center","background-size":"auto","background-attachment":"scroll","background-type":"","background-media":"","overlay-type":"","overlay-color":"","overlay-opacity":"","overlay-gradient":""}}},"product_brand":[],"product_cat":[30],"product_tag":[],"class_list":{"0":"post-2321","1":"product","2":"type-product","3":"status-publish","4":"has-post-thumbnail","6":"product_cat-lifting-anchor","7":"desktop-align-left","8":"tablet-align-left","9":"mobile-align-left","10":"ast-product-gallery-layout-horizontal-slider","11":"ast-product-tabs-layout-horizontal","13":"first","14":"instock","15":"shipping-taxable","16":"purchasable","17":"product-type-simple"},"yoast_head":"<!-- This site is optimized with the Yoast SEO plugin v25.2 - https:\/\/yoast.com\/wordpress\/plugins\/seo\/ -->\n<title>Wire Rope Cast-in Lifting Loops<\/title>\n<meta name=\"description\" content=\"Wire Rope Cast-in Lifting Loops are a type of lifting device that is designed to be embedded into concrete structures during the casting process.\" \/>\n<meta name=\"robots\" content=\"index, follow, max-snippet:-1, max-image-preview:large, max-video-preview:-1\" \/>\n<link rel=\"canonical\" href=\"https:\/\/qingdaohf.com\/fr\/produit\/ancrage-de-boucle-de-cable-metallique-pour-boucles-de-levage\/\" \/>\n<meta property=\"og:locale\" content=\"fr_FR\" \/>\n<meta property=\"og:type\" content=\"article\" \/>\n<meta property=\"og:title\" content=\"Wire Rope Cast-in Lifting Loops\" \/>\n<meta property=\"og:description\" content=\"Wire Rope Cast-in Lifting Loops are a type of lifting device that is designed to be embedded into concrete structures during the casting process.\" \/>\n<meta property=\"og:url\" content=\"https:\/\/qingdaohf.com\/fr\/produit\/ancrage-de-boucle-de-cable-metallique-pour-boucles-de-levage\/\" \/>\n<meta property=\"og:site_name\" content=\"Concrete Form &amp; Rigging Hardware Supplier\" \/>\n<meta property=\"article:publisher\" content=\"https:\/\/www.facebook.com\/qingdaohf\" \/>\n<meta property=\"article:modified_time\" content=\"2025-11-13T01:06:16+00:00\" \/>\n<meta property=\"og:image\" content=\"https:\/\/qingdaohf.com\/wp-content\/uploads\/2023\/02\/Wire-Rope-Cable-Loop-Anchor-for-Lifting-Loops-5.jpg\" \/>\n\t<meta property=\"og:image:width\" content=\"1000\" \/>\n\t<meta property=\"og:image:height\" content=\"1000\" \/>\n\t<meta property=\"og:image:type\" content=\"image\/jpeg\" \/>\n<meta name=\"twitter:card\" content=\"summary_large_image\" \/>\n<meta name=\"twitter:label1\" content=\"Dur\u00e9e de lecture estim\u00e9e\" \/>\n\t<meta name=\"twitter:data1\" content=\"2 minutes\" \/>\n<script type=\"application\/ld+json\" class=\"yoast-schema-graph\">{\"@context\":\"https:\/\/schema.org\",\"@graph\":[{\"@type\":\"WebPage\",\"@id\":\"https:\/\/qingdaohf.com\/product\/wire-rope-cable-loop-anchor-for-lifting-loops\/\",\"url\":\"https:\/\/qingdaohf.com\/product\/wire-rope-cable-loop-anchor-for-lifting-loops\/\",\"name\":\"Wire Rope Cast-in Lifting Loops\",\"isPartOf\":{\"@id\":\"https:\/\/qingdaohf.com\/bg\/#website\"},\"primaryImageOfPage\":{\"@id\":\"https:\/\/qingdaohf.com\/product\/wire-rope-cable-loop-anchor-for-lifting-loops\/#primaryimage\"},\"image\":{\"@id\":\"https:\/\/qingdaohf.com\/product\/wire-rope-cable-loop-anchor-for-lifting-loops\/#primaryimage\"},\"thumbnailUrl\":\"https:\/\/qingdaohf.com\/wp-content\/uploads\/2023\/02\/Wire-Rope-Cable-Loop-Anchor-for-Lifting-Loops-5.jpg\",\"datePublished\":\"2023-02-22T02:58:27+00:00\",\"dateModified\":\"2025-11-13T01:06:16+00:00\",\"description\":\"Wire Rope Cast-in Lifting Loops are a type of lifting device that is designed to be embedded into concrete structures during the casting process.\",\"breadcrumb\":{\"@id\":\"https:\/\/qingdaohf.com\/product\/wire-rope-cable-loop-anchor-for-lifting-loops\/#breadcrumb\"},\"inLanguage\":\"fr-FR\",\"potentialAction\":[{\"@type\":\"ReadAction\",\"target\":[\"https:\/\/qingdaohf.com\/product\/wire-rope-cable-loop-anchor-for-lifting-loops\/\"]}]},{\"@type\":\"ImageObject\",\"inLanguage\":\"fr-FR\",\"@id\":\"https:\/\/qingdaohf.com\/product\/wire-rope-cable-loop-anchor-for-lifting-loops\/#primaryimage\",\"url\":\"https:\/\/qingdaohf.com\/wp-content\/uploads\/2023\/02\/Wire-Rope-Cable-Loop-Anchor-for-Lifting-Loops-5.jpg\",\"contentUrl\":\"https:\/\/qingdaohf.com\/wp-content\/uploads\/2023\/02\/Wire-Rope-Cable-Loop-Anchor-for-Lifting-Loops-5.jpg\",\"width\":1000,\"height\":1000},{\"@type\":\"BreadcrumbList\",\"@id\":\"https:\/\/qingdaohf.com\/product\/wire-rope-cable-loop-anchor-for-lifting-loops\/#breadcrumb\",\"itemListElement\":[{\"@type\":\"ListItem\",\"position\":1,\"name\":\"Home\",\"item\":\"https:\/\/qingdaohf.com\/\"},{\"@type\":\"ListItem\",\"position\":2,\"name\":\"Concrete Forming Accessories and Rigging Hardware\",\"item\":\"https:\/\/qingdaohf.com\/bg\/?page_id=944\"},{\"@type\":\"ListItem\",\"position\":3,\"name\":\"Wire Rope Cast-in Lifting Loops\"}]},{\"@type\":\"WebSite\",\"@id\":\"https:\/\/qingdaohf.com\/bg\/#website\",\"url\":\"https:\/\/qingdaohf.com\/bg\/\",\"name\":\"Concrete Form & Rigging Hardware Supplier\",\"description\":\"\",\"publisher\":{\"@id\":\"https:\/\/qingdaohf.com\/bg\/#organization\"},\"potentialAction\":[{\"@type\":\"SearchAction\",\"target\":{\"@type\":\"EntryPoint\",\"urlTemplate\":\"https:\/\/qingdaohf.com\/bg\/?s={search_term_string}\"},\"query-input\":{\"@type\":\"PropertyValueSpecification\",\"valueRequired\":true,\"valueName\":\"search_term_string\"}}],\"inLanguage\":\"fr-FR\"},{\"@type\":\"Organization\",\"@id\":\"https:\/\/qingdaohf.com\/bg\/#organization\",\"name\":\"Qingdao H&F\",\"url\":\"https:\/\/qingdaohf.com\/bg\/\",\"logo\":{\"@type\":\"ImageObject\",\"inLanguage\":\"fr-FR\",\"@id\":\"https:\/\/qingdaohf.com\/bg\/#\/schema\/logo\/image\/\",\"url\":\"https:\/\/qingdaohf.com\/wp-content\/uploads\/2022\/12\/cropped-HF-LOGO.png\",\"contentUrl\":\"https:\/\/qingdaohf.com\/wp-content\/uploads\/2022\/12\/cropped-HF-LOGO.png\",\"width\":391,\"height\":249,\"caption\":\"Qingdao H&F\"},\"image\":{\"@id\":\"https:\/\/qingdaohf.com\/bg\/#\/schema\/logo\/image\/\"},\"sameAs\":[\"https:\/\/www.facebook.com\/qingdaohf\"]}]}<\/script>\n<!-- \/ Yoast SEO plugin. -->","yoast_head_json":{"title":"Wire Rope Cast-in Lifting Loops","description":"Wire Rope Cast-in Lifting Loops are a type of lifting device that is designed to be embedded into concrete structures during the casting process.","robots":{"index":"index","follow":"follow","max-snippet":"max-snippet:-1","max-image-preview":"max-image-preview:large","max-video-preview":"max-video-preview:-1"},"canonical":"https:\/\/qingdaohf.com\/fr\/produit\/ancrage-de-boucle-de-cable-metallique-pour-boucles-de-levage\/","og_locale":"fr_FR","og_type":"article","og_title":"Wire Rope Cast-in Lifting Loops","og_description":"Wire Rope Cast-in Lifting Loops are a type of lifting device that is designed to be embedded into concrete structures during the casting process.","og_url":"https:\/\/qingdaohf.com\/fr\/produit\/ancrage-de-boucle-de-cable-metallique-pour-boucles-de-levage\/","og_site_name":"Concrete Form &amp; Rigging Hardware Supplier","article_publisher":"https:\/\/www.facebook.com\/qingdaohf","article_modified_time":"2025-11-13T01:06:16+00:00","og_image":[{"width":1000,"height":1000,"url":"https:\/\/qingdaohf.com\/wp-content\/uploads\/2023\/02\/Wire-Rope-Cable-Loop-Anchor-for-Lifting-Loops-5.jpg","type":"image\/jpeg"}],"twitter_card":"summary_large_image","twitter_misc":{"Dur\u00e9e de lecture estim\u00e9e":"2 minutes"},"schema":{"@context":"https:\/\/schema.org","@graph":[{"@type":"WebPage","@id":"https:\/\/qingdaohf.com\/product\/wire-rope-cable-loop-anchor-for-lifting-loops\/","url":"https:\/\/qingdaohf.com\/product\/wire-rope-cable-loop-anchor-for-lifting-loops\/","name":"Wire Rope Cast-in Lifting Loops","isPartOf":{"@id":"https:\/\/qingdaohf.com\/bg\/#website"},"primaryImageOfPage":{"@id":"https:\/\/qingdaohf.com\/product\/wire-rope-cable-loop-anchor-for-lifting-loops\/#primaryimage"},"image":{"@id":"https:\/\/qingdaohf.com\/product\/wire-rope-cable-loop-anchor-for-lifting-loops\/#primaryimage"},"thumbnailUrl":"https:\/\/qingdaohf.com\/wp-content\/uploads\/2023\/02\/Wire-Rope-Cable-Loop-Anchor-for-Lifting-Loops-5.jpg","datePublished":"2023-02-22T02:58:27+00:00","dateModified":"2025-11-13T01:06:16+00:00","description":"Wire Rope Cast-in Lifting Loops are a type of lifting device that is designed to be embedded into concrete structures during the casting process.","breadcrumb":{"@id":"https:\/\/qingdaohf.com\/product\/wire-rope-cable-loop-anchor-for-lifting-loops\/#breadcrumb"},"inLanguage":"fr-FR","potentialAction":[{"@type":"ReadAction","target":["https:\/\/qingdaohf.com\/product\/wire-rope-cable-loop-anchor-for-lifting-loops\/"]}]},{"@type":"ImageObject","inLanguage":"fr-FR","@id":"https:\/\/qingdaohf.com\/product\/wire-rope-cable-loop-anchor-for-lifting-loops\/#primaryimage","url":"https:\/\/qingdaohf.com\/wp-content\/uploads\/2023\/02\/Wire-Rope-Cable-Loop-Anchor-for-Lifting-Loops-5.jpg","contentUrl":"https:\/\/qingdaohf.com\/wp-content\/uploads\/2023\/02\/Wire-Rope-Cable-Loop-Anchor-for-Lifting-Loops-5.jpg","width":1000,"height":1000},{"@type":"BreadcrumbList","@id":"https:\/\/qingdaohf.com\/product\/wire-rope-cable-loop-anchor-for-lifting-loops\/#breadcrumb","itemListElement":[{"@type":"ListItem","position":1,"name":"Home","item":"https:\/\/qingdaohf.com\/"},{"@type":"ListItem","position":2,"name":"Concrete Forming Accessories and Rigging Hardware","item":"https:\/\/qingdaohf.com\/bg\/?page_id=944"},{"@type":"ListItem","position":3,"name":"Wire Rope Cast-in Lifting Loops"}]},{"@type":"WebSite","@id":"https:\/\/qingdaohf.com\/bg\/#website","url":"https:\/\/qingdaohf.com\/bg\/","name":"Concrete Form & Rigging Hardware Supplier","description":"","publisher":{"@id":"https:\/\/qingdaohf.com\/bg\/#organization"},"potentialAction":[{"@type":"SearchAction","target":{"@type":"EntryPoint","urlTemplate":"https:\/\/qingdaohf.com\/bg\/?s={search_term_string}"},"query-input":{"@type":"PropertyValueSpecification","valueRequired":true,"valueName":"search_term_string"}}],"inLanguage":"fr-FR"},{"@type":"Organization","@id":"https:\/\/qingdaohf.com\/bg\/#organization","name":"Qingdao H&F","url":"https:\/\/qingdaohf.com\/bg\/","logo":{"@type":"ImageObject","inLanguage":"fr-FR","@id":"https:\/\/qingdaohf.com\/bg\/#\/schema\/logo\/image\/","url":"https:\/\/qingdaohf.com\/wp-content\/uploads\/2022\/12\/cropped-HF-LOGO.png","contentUrl":"https:\/\/qingdaohf.com\/wp-content\/uploads\/2022\/12\/cropped-HF-LOGO.png","width":391,"height":249,"caption":"Qingdao H&F"},"image":{"@id":"https:\/\/qingdaohf.com\/bg\/#\/schema\/logo\/image\/"},"sameAs":["https:\/\/www.facebook.com\/qingdaohf"]}]}},"_links":{"self":[{"href":"https:\/\/qingdaohf.com\/fr\/wp-json\/wp\/v2\/product\/2321","targetHints":{"allow":["GET"]}}],"collection":[{"href":"https:\/\/qingdaohf.com\/fr\/wp-json\/wp\/v2\/product"}],"about":[{"href":"https:\/\/qingdaohf.com\/fr\/wp-json\/wp\/v2\/types\/product"}],"replies":[{"embeddable":true,"href":"https:\/\/qingdaohf.com\/fr\/wp-json\/wp\/v2\/comments?post=2321"}],"version-history":[{"count":2,"href":"https:\/\/qingdaohf.com\/fr\/wp-json\/wp\/v2\/product\/2321\/revisions"}],"predecessor-version":[{"id":5361,"href":"https:\/\/qingdaohf.com\/fr\/wp-json\/wp\/v2\/product\/2321\/revisions\/5361"}],"wp:featuredmedia":[{"embeddable":true,"href":"https:\/\/qingdaohf.com\/fr\/wp-json\/wp\/v2\/media\/3237"}],"wp:attachment":[{"href":"https:\/\/qingdaohf.com\/fr\/wp-json\/wp\/v2\/media?parent=2321"}],"wp:term":[{"taxonomy":"product_brand","embeddable":true,"href":"https:\/\/qingdaohf.com\/fr\/wp-json\/wp\/v2\/product_brand?post=2321"},{"taxonomy":"product_cat","embeddable":true,"href":"https:\/\/qingdaohf.com\/fr\/wp-json\/wp\/v2\/product_cat?post=2321"},{"taxonomy":"product_tag","embeddable":true,"href":"https:\/\/qingdaohf.com\/fr\/wp-json\/wp\/v2\/product_tag?post=2321"}],"curies":[{"name":"wp","href":"https:\/\/api.w.org\/{rel}","templated":true}]}}