{"id":2640,"date":"2023-03-02T10:32:39","date_gmt":"2023-03-02T02:32:39","guid":{"rendered":"http:\/\/qingdaohf.com\/?post_type=product&#038;p=2640"},"modified":"2025-11-13T09:05:53","modified_gmt":"2025-11-13T01:05:53","slug":"erection-anchor","status":"publish","type":"product","link":"https:\/\/qingdaohf.com\/fr\/produit\/ancre-derection\/","title":{"rendered":"Ancre de levage et d'\u00e9rection Ancre \u00e0 deux trous"},"content":{"rendered":"<p>Les ancres de levage et d'\u00e9rection pour b\u00e9ton pr\u00e9fabriqu\u00e9 sont des dispositifs utilis\u00e9s pour soulever et fixer les \u00e9l\u00e9ments en b\u00e9ton pr\u00e9fabriqu\u00e9 pendant la construction. Ces ancres sont con\u00e7ues pour \u00eatre coul\u00e9es dans les \u00e9l\u00e9ments en b\u00e9ton avant leur installation et fournissent un point d'attache s\u00fbr pour soulever et positionner l'\u00e9l\u00e9ment en place.<\/p>\n<p>G\u00e9n\u00e9ralement fabriqu\u00e9es en acier \u00e0 haute r\u00e9sistance, les ancres de levage et d'\u00e9rection pour b\u00e9ton pr\u00e9fabriqu\u00e9 sont disponibles dans une vari\u00e9t\u00e9 de tailles et de formes pour s'adapter aux diff\u00e9rents types d'\u00e9l\u00e9ments en b\u00e9ton pr\u00e9fabriqu\u00e9. Elles sont \u00e9galement con\u00e7ues dans un souci de s\u00e9curit\u00e9, avec une capacit\u00e9 de charge nominale qui garantit qu'elles peuvent supporter le poids de l'\u00e9l\u00e9ment en b\u00e9ton \u00e0 soulever.<\/p>\n<p>Lors de l'installation, les ancres sont ins\u00e9r\u00e9es dans l'\u00e9l\u00e9ment pr\u00e9fabriqu\u00e9 et fix\u00e9es en place avec de l'\u00e9poxy ou d'autres agents de liaison. Une fois que l'\u00e9poxy a durci, les cha\u00eenes ou les c\u00e2bles de levage peuvent \u00eatre attach\u00e9s aux ancres, et l'\u00e9l\u00e9ment pr\u00e9fabriqu\u00e9 peut \u00eatre soulev\u00e9 et mis en place en toute s\u00e9curit\u00e9.<\/p>\n<p>Les ancres de levage et d'\u00e9rection pour b\u00e9ton pr\u00e9fabriqu\u00e9 sont un \u00e9l\u00e9ment essentiel de la construction moderne en b\u00e9ton pr\u00e9fabriqu\u00e9, car elles permettent une installation rapide et efficace des \u00e9l\u00e9ments pr\u00e9fabriqu\u00e9s, tout en assurant la s\u00e9curit\u00e9 des travailleurs et en minimisant le risque d'endommagement de l'\u00e9l\u00e9ment pr\u00e9fabriqu\u00e9 pendant l'installation.<\/p>\n<p>&nbsp;<\/p>\n<p>&nbsp;<\/p>\n<p>&nbsp;<\/p>","protected":false},"excerpt":{"rendered":"<p>Les ancres de levage et d'\u00e9rection pour b\u00e9ton pr\u00e9fabriqu\u00e9 sont des dispositifs utilis\u00e9s pour soulever et fixer les \u00e9l\u00e9ments en b\u00e9ton pr\u00e9fabriqu\u00e9 pendant la construction. Ces ancres sont con\u00e7ues pour \u00eatre coul\u00e9es dans les \u00e9l\u00e9ments en b\u00e9ton avant leur installation et fournissent un point d'attache s\u00fbr pour soulever et positionner l'\u00e9l\u00e9ment en place.<\/p>","protected":false},"featured_media":6130,"comment_status":"open","ping_status":"closed","template":"","meta":{"site-sidebar-layout":"default","site-content-layout":"default","ast-site-content-layout":"default","site-content-style":"default","site-sidebar-style":"default","ast-global-header-display":"","ast-banner-title-visibility":"","ast-main-header-display":"","ast-hfb-above-header-display":"","ast-hfb-below-header-display":"","ast-hfb-mobile-header-display":"","site-post-title":"","ast-breadcrumbs-content":"","ast-featured-img":"","footer-sml-layout":"","theme-transparent-header-meta":"default","adv-header-id-meta":"","stick-header-meta":"default","header-above-stick-meta":"","header-main-stick-meta":"","header-below-stick-meta":"","astra-migrate-meta-layouts":"set","ast-page-background-enabled":"default","ast-page-background-meta":{"desktop":{"background-color":"","background-image":"","background-repeat":"repeat","background-position":"center center","background-size":"auto","background-attachment":"scroll","background-type":"","background-media":"","overlay-type":"","overlay-color":"","overlay-opacity":"","overlay-gradient":""},"tablet":{"background-color":"","background-image":"","background-repeat":"repeat","background-position":"center center","background-size":"auto","background-attachment":"scroll","background-type":"","background-media":"","overlay-type":"","overlay-color":"","overlay-opacity":"","overlay-gradient":""},"mobile":{"background-color":"","background-image":"","background-repeat":"repeat","background-position":"center center","background-size":"auto","background-attachment":"scroll","background-type":"","background-media":"","overlay-type":"","overlay-color":"","overlay-opacity":"","overlay-gradient":""}},"ast-content-background-meta":{"desktop":{"background-color":"var(--ast-global-color-5)","background-image":"","background-repeat":"repeat","background-position":"center center","background-size":"auto","background-attachment":"scroll","background-type":"","background-media":"","overlay-type":"","overlay-color":"","overlay-opacity":"","overlay-gradient":""},"tablet":{"background-color":"var(--ast-global-color-5)","background-image":"","background-repeat":"repeat","background-position":"center center","background-size":"auto","background-attachment":"scroll","background-type":"","background-media":"","overlay-type":"","overlay-color":"","overlay-opacity":"","overlay-gradient":""},"mobile":{"background-color":"var(--ast-global-color-5)","background-image":"","background-repeat":"repeat","background-position":"center center","background-size":"auto","background-attachment":"scroll","background-type":"","background-media":"","overlay-type":"","overlay-color":"","overlay-opacity":"","overlay-gradient":""}}},"product_brand":[],"product_cat":[50,28,30],"product_tag":[],"class_list":{"0":"post-2640","1":"product","2":"type-product","3":"status-publish","4":"has-post-thumbnail","6":"product_cat-concrete-form-accessories","7":"product_cat-concrete-forming","8":"product_cat-lifting-anchor","9":"desktop-align-left","10":"tablet-align-left","11":"mobile-align-left","12":"ast-product-gallery-layout-horizontal-slider","13":"ast-product-tabs-layout-horizontal","15":"first","16":"instock","17":"shipping-taxable","18":"purchasable","19":"product-type-simple"},"yoast_head":"<!-- This site is optimized with the Yoast SEO plugin v25.2 - https:\/\/yoast.com\/wordpress\/plugins\/seo\/ -->\n<title>Lifting Erection Anchor Two Hole Anchor<\/title>\n<meta name=\"description\" content=\"Precast concrete lifting erection anchors are devices used to lift and secure precast concrete elements during construction.\" \/>\n<meta name=\"robots\" content=\"index, follow, max-snippet:-1, max-image-preview:large, max-video-preview:-1\" \/>\n<link rel=\"canonical\" href=\"https:\/\/qingdaohf.com\/fr\/produit\/ancre-derection\/\" \/>\n<meta property=\"og:locale\" content=\"fr_FR\" \/>\n<meta property=\"og:type\" content=\"article\" \/>\n<meta property=\"og:title\" content=\"Lifting Erection Anchor Two Hole Anchor\" \/>\n<meta property=\"og:description\" content=\"Precast concrete lifting erection anchors are devices used to lift and secure precast concrete elements during construction.\" \/>\n<meta property=\"og:url\" content=\"https:\/\/qingdaohf.com\/fr\/produit\/ancre-derection\/\" \/>\n<meta property=\"og:site_name\" content=\"Concrete Form &amp; Rigging Hardware Supplier\" \/>\n<meta property=\"article:publisher\" content=\"https:\/\/www.facebook.com\/qingdaohf\" \/>\n<meta property=\"article:modified_time\" content=\"2025-11-13T01:05:53+00:00\" \/>\n<meta property=\"og:image\" content=\"https:\/\/qingdaohf.com\/wp-content\/uploads\/2023\/03\/erection-anchor.webp\" \/>\n\t<meta property=\"og:image:width\" content=\"1000\" \/>\n\t<meta property=\"og:image:height\" content=\"1000\" \/>\n\t<meta property=\"og:image:type\" content=\"image\/webp\" \/>\n<meta name=\"twitter:card\" content=\"summary_large_image\" \/>\n<meta name=\"twitter:label1\" content=\"Dur\u00e9e de lecture estim\u00e9e\" \/>\n\t<meta name=\"twitter:data1\" content=\"2 minutes\" \/>\n<script type=\"application\/ld+json\" class=\"yoast-schema-graph\">{\"@context\":\"https:\/\/schema.org\",\"@graph\":[{\"@type\":\"WebPage\",\"@id\":\"https:\/\/qingdaohf.com\/product\/erection-anchor\/\",\"url\":\"https:\/\/qingdaohf.com\/product\/erection-anchor\/\",\"name\":\"Lifting Erection Anchor Two Hole Anchor\",\"isPartOf\":{\"@id\":\"https:\/\/qingdaohf.com\/bg\/#website\"},\"primaryImageOfPage\":{\"@id\":\"https:\/\/qingdaohf.com\/product\/erection-anchor\/#primaryimage\"},\"image\":{\"@id\":\"https:\/\/qingdaohf.com\/product\/erection-anchor\/#primaryimage\"},\"thumbnailUrl\":\"https:\/\/qingdaohf.com\/wp-content\/uploads\/2023\/03\/erection-anchor.webp\",\"datePublished\":\"2023-03-02T02:32:39+00:00\",\"dateModified\":\"2025-11-13T01:05:53+00:00\",\"description\":\"Precast concrete lifting erection anchors are devices used to lift and secure precast concrete elements during construction.\",\"breadcrumb\":{\"@id\":\"https:\/\/qingdaohf.com\/product\/erection-anchor\/#breadcrumb\"},\"inLanguage\":\"fr-FR\",\"potentialAction\":[{\"@type\":\"ReadAction\",\"target\":[\"https:\/\/qingdaohf.com\/product\/erection-anchor\/\"]}]},{\"@type\":\"ImageObject\",\"inLanguage\":\"fr-FR\",\"@id\":\"https:\/\/qingdaohf.com\/product\/erection-anchor\/#primaryimage\",\"url\":\"https:\/\/qingdaohf.com\/wp-content\/uploads\/2023\/03\/erection-anchor.webp\",\"contentUrl\":\"https:\/\/qingdaohf.com\/wp-content\/uploads\/2023\/03\/erection-anchor.webp\",\"width\":1000,\"height\":1000,\"caption\":\"erection anchor\"},{\"@type\":\"BreadcrumbList\",\"@id\":\"https:\/\/qingdaohf.com\/product\/erection-anchor\/#breadcrumb\",\"itemListElement\":[{\"@type\":\"ListItem\",\"position\":1,\"name\":\"Home\",\"item\":\"https:\/\/qingdaohf.com\/\"},{\"@type\":\"ListItem\",\"position\":2,\"name\":\"Concrete Forming Accessories and Rigging Hardware\",\"item\":\"https:\/\/qingdaohf.com\/bg\/?page_id=944\"},{\"@type\":\"ListItem\",\"position\":3,\"name\":\"Lifting Erection Anchor Two Hole Anchor\"}]},{\"@type\":\"WebSite\",\"@id\":\"https:\/\/qingdaohf.com\/bg\/#website\",\"url\":\"https:\/\/qingdaohf.com\/bg\/\",\"name\":\"Concrete Form & Rigging Hardware Supplier\",\"description\":\"\",\"publisher\":{\"@id\":\"https:\/\/qingdaohf.com\/bg\/#organization\"},\"potentialAction\":[{\"@type\":\"SearchAction\",\"target\":{\"@type\":\"EntryPoint\",\"urlTemplate\":\"https:\/\/qingdaohf.com\/bg\/?s={search_term_string}\"},\"query-input\":{\"@type\":\"PropertyValueSpecification\",\"valueRequired\":true,\"valueName\":\"search_term_string\"}}],\"inLanguage\":\"fr-FR\"},{\"@type\":\"Organization\",\"@id\":\"https:\/\/qingdaohf.com\/bg\/#organization\",\"name\":\"Qingdao H&F\",\"url\":\"https:\/\/qingdaohf.com\/bg\/\",\"logo\":{\"@type\":\"ImageObject\",\"inLanguage\":\"fr-FR\",\"@id\":\"https:\/\/qingdaohf.com\/bg\/#\/schema\/logo\/image\/\",\"url\":\"https:\/\/qingdaohf.com\/wp-content\/uploads\/2022\/12\/cropped-HF-LOGO.png\",\"contentUrl\":\"https:\/\/qingdaohf.com\/wp-content\/uploads\/2022\/12\/cropped-HF-LOGO.png\",\"width\":391,\"height\":249,\"caption\":\"Qingdao H&F\"},\"image\":{\"@id\":\"https:\/\/qingdaohf.com\/bg\/#\/schema\/logo\/image\/\"},\"sameAs\":[\"https:\/\/www.facebook.com\/qingdaohf\"]}]}<\/script>\n<!-- \/ Yoast SEO plugin. -->","yoast_head_json":{"title":"Lifting Erection Anchor Two Hole Anchor","description":"Precast concrete lifting erection anchors are devices used to lift and secure precast concrete elements during construction.","robots":{"index":"index","follow":"follow","max-snippet":"max-snippet:-1","max-image-preview":"max-image-preview:large","max-video-preview":"max-video-preview:-1"},"canonical":"https:\/\/qingdaohf.com\/fr\/produit\/ancre-derection\/","og_locale":"fr_FR","og_type":"article","og_title":"Lifting Erection Anchor Two Hole Anchor","og_description":"Precast concrete lifting erection anchors are devices used to lift and secure precast concrete elements during construction.","og_url":"https:\/\/qingdaohf.com\/fr\/produit\/ancre-derection\/","og_site_name":"Concrete Form &amp; Rigging Hardware Supplier","article_publisher":"https:\/\/www.facebook.com\/qingdaohf","article_modified_time":"2025-11-13T01:05:53+00:00","og_image":[{"width":1000,"height":1000,"url":"https:\/\/qingdaohf.com\/wp-content\/uploads\/2023\/03\/erection-anchor.webp","type":"image\/webp"}],"twitter_card":"summary_large_image","twitter_misc":{"Dur\u00e9e de lecture estim\u00e9e":"2 minutes"},"schema":{"@context":"https:\/\/schema.org","@graph":[{"@type":"WebPage","@id":"https:\/\/qingdaohf.com\/product\/erection-anchor\/","url":"https:\/\/qingdaohf.com\/product\/erection-anchor\/","name":"Lifting Erection Anchor Two Hole Anchor","isPartOf":{"@id":"https:\/\/qingdaohf.com\/bg\/#website"},"primaryImageOfPage":{"@id":"https:\/\/qingdaohf.com\/product\/erection-anchor\/#primaryimage"},"image":{"@id":"https:\/\/qingdaohf.com\/product\/erection-anchor\/#primaryimage"},"thumbnailUrl":"https:\/\/qingdaohf.com\/wp-content\/uploads\/2023\/03\/erection-anchor.webp","datePublished":"2023-03-02T02:32:39+00:00","dateModified":"2025-11-13T01:05:53+00:00","description":"Precast concrete lifting erection anchors are devices used to lift and secure precast concrete elements during construction.","breadcrumb":{"@id":"https:\/\/qingdaohf.com\/product\/erection-anchor\/#breadcrumb"},"inLanguage":"fr-FR","potentialAction":[{"@type":"ReadAction","target":["https:\/\/qingdaohf.com\/product\/erection-anchor\/"]}]},{"@type":"ImageObject","inLanguage":"fr-FR","@id":"https:\/\/qingdaohf.com\/product\/erection-anchor\/#primaryimage","url":"https:\/\/qingdaohf.com\/wp-content\/uploads\/2023\/03\/erection-anchor.webp","contentUrl":"https:\/\/qingdaohf.com\/wp-content\/uploads\/2023\/03\/erection-anchor.webp","width":1000,"height":1000,"caption":"erection anchor"},{"@type":"BreadcrumbList","@id":"https:\/\/qingdaohf.com\/product\/erection-anchor\/#breadcrumb","itemListElement":[{"@type":"ListItem","position":1,"name":"Home","item":"https:\/\/qingdaohf.com\/"},{"@type":"ListItem","position":2,"name":"Concrete Forming Accessories and Rigging Hardware","item":"https:\/\/qingdaohf.com\/bg\/?page_id=944"},{"@type":"ListItem","position":3,"name":"Lifting Erection Anchor Two Hole Anchor"}]},{"@type":"WebSite","@id":"https:\/\/qingdaohf.com\/bg\/#website","url":"https:\/\/qingdaohf.com\/bg\/","name":"Concrete Form & Rigging Hardware Supplier","description":"","publisher":{"@id":"https:\/\/qingdaohf.com\/bg\/#organization"},"potentialAction":[{"@type":"SearchAction","target":{"@type":"EntryPoint","urlTemplate":"https:\/\/qingdaohf.com\/bg\/?s={search_term_string}"},"query-input":{"@type":"PropertyValueSpecification","valueRequired":true,"valueName":"search_term_string"}}],"inLanguage":"fr-FR"},{"@type":"Organization","@id":"https:\/\/qingdaohf.com\/bg\/#organization","name":"Qingdao H&F","url":"https:\/\/qingdaohf.com\/bg\/","logo":{"@type":"ImageObject","inLanguage":"fr-FR","@id":"https:\/\/qingdaohf.com\/bg\/#\/schema\/logo\/image\/","url":"https:\/\/qingdaohf.com\/wp-content\/uploads\/2022\/12\/cropped-HF-LOGO.png","contentUrl":"https:\/\/qingdaohf.com\/wp-content\/uploads\/2022\/12\/cropped-HF-LOGO.png","width":391,"height":249,"caption":"Qingdao H&F"},"image":{"@id":"https:\/\/qingdaohf.com\/bg\/#\/schema\/logo\/image\/"},"sameAs":["https:\/\/www.facebook.com\/qingdaohf"]}]}},"_links":{"self":[{"href":"https:\/\/qingdaohf.com\/fr\/wp-json\/wp\/v2\/product\/2640","targetHints":{"allow":["GET"]}}],"collection":[{"href":"https:\/\/qingdaohf.com\/fr\/wp-json\/wp\/v2\/product"}],"about":[{"href":"https:\/\/qingdaohf.com\/fr\/wp-json\/wp\/v2\/types\/product"}],"replies":[{"embeddable":true,"href":"https:\/\/qingdaohf.com\/fr\/wp-json\/wp\/v2\/comments?post=2640"}],"version-history":[{"count":7,"href":"https:\/\/qingdaohf.com\/fr\/wp-json\/wp\/v2\/product\/2640\/revisions"}],"predecessor-version":[{"id":10256,"href":"https:\/\/qingdaohf.com\/fr\/wp-json\/wp\/v2\/product\/2640\/revisions\/10256"}],"wp:featuredmedia":[{"embeddable":true,"href":"https:\/\/qingdaohf.com\/fr\/wp-json\/wp\/v2\/media\/6130"}],"wp:attachment":[{"href":"https:\/\/qingdaohf.com\/fr\/wp-json\/wp\/v2\/media?parent=2640"}],"wp:term":[{"taxonomy":"product_brand","embeddable":true,"href":"https:\/\/qingdaohf.com\/fr\/wp-json\/wp\/v2\/product_brand?post=2640"},{"taxonomy":"product_cat","embeddable":true,"href":"https:\/\/qingdaohf.com\/fr\/wp-json\/wp\/v2\/product_cat?post=2640"},{"taxonomy":"product_tag","embeddable":true,"href":"https:\/\/qingdaohf.com\/fr\/wp-json\/wp\/v2\/product_tag?post=2640"}],"curies":[{"name":"wp","href":"https:\/\/api.w.org\/{rel}","templated":true}]}}