{"id":2646,"date":"2023-03-02T15:27:12","date_gmt":"2023-03-02T07:27:12","guid":{"rendered":"http:\/\/qingdaohf.com\/?post_type=product&#038;p=2646"},"modified":"2025-11-13T09:05:52","modified_gmt":"2025-11-13T01:05:52","slug":"elephant-foot-ferrule","status":"publish","type":"product","link":"https:\/\/qingdaohf.com\/fr\/produit\/bague-ronde-bague-de-pied-delephant-bague-de-pied-delephant\/","title":{"rendered":"Embout de pied d'\u00e9l\u00e9phant"},"content":{"rendered":"<h2 class=\"text-2xl font-bold mt-1 text-text-200\">Qu'est-ce qu'un embout de pied d'\u00e9l\u00e9phant et pourquoi est-il important ?<\/h2>\n<p class=\"whitespace-pre-wrap break-words\">Vous \u00eates-vous d\u00e9j\u00e0 demand\u00e9 pourquoi on les appelle les embouts \"pattes d'\u00e9l\u00e9phant\" ? Jetez un coup d'\u0153il \u00e0 l'un d'entre eux et vous le comprendrez : ces composants essentiels du gr\u00e9ement ont une base \u00e9vas\u00e9e distinctive qui rappelle la patte d'un \u00e9l\u00e9phant. Mais leur forme unique n'est pas qu'un simple effet d'optique. Ces embouts sp\u00e9cialis\u00e9s sont les h\u00e9ros m\u00e9connus du monde du gr\u00e9ement, cr\u00e9ant des connexions solides comme le roc entre les c\u00e2bles m\u00e9talliques et les syst\u00e8mes de levage. Leur conception intelligente r\u00e9partit uniform\u00e9ment la pression sur les torons du c\u00e2ble, ce qui permet d'\u00e9viter l'effilochage et de maintenir la r\u00e9sistance du c\u00e2ble lorsque cela est le plus important.<\/p>\n<p class=\"whitespace-pre-wrap break-words\">Soyons r\u00e9alistes : le choix de la bonne virole n'est pas une chose \u00e0 prendre \u00e0 la l\u00e9g\u00e8re. Lorsqu'il s'agit de levage de charges lourdes, de travaux maritimes ou de toute autre application de gr\u00e9ement o\u00f9 la tension est tr\u00e8s \u00e9lev\u00e9e, le choix de la virole peut faire ou d\u00e9faire une op\u00e9ration - parfois litt\u00e9ralement. C'est pourquoi il n'est pas seulement utile de comprendre ces composants de fond en comble : c'est essentiel pour tous ceux qui travaillent dans ce secteur.<\/p>\n<p><img fetchpriority=\"high\" decoding=\"async\" class=\"alignnone size-full wp-image-3403\" src=\"http:\/\/qingdaohf.com\/wp-content\/uploads\/2023\/03\/50-3.jpg\" alt=\"onglet\" width=\"1200\" height=\"412\" srcset=\"https:\/\/qingdaohf.com\/wp-content\/uploads\/2023\/03\/50-3.jpg 1200w, https:\/\/qingdaohf.com\/wp-content\/uploads\/2023\/03\/50-3-300x103.jpg 300w, https:\/\/qingdaohf.com\/wp-content\/uploads\/2023\/03\/50-3-1024x352.jpg 1024w, https:\/\/qingdaohf.com\/wp-content\/uploads\/2023\/03\/50-3-768x264.jpg 768w, https:\/\/qingdaohf.com\/wp-content\/uploads\/2023\/03\/50-3-1000x343.jpg 1000w\" sizes=\"(max-width: 1200px) 100vw, 1200px\" \/><\/p>\n<h2 class=\"text-2xl font-bold mt-1 text-text-200\">Pourquoi choisir Qingdao H&amp;F pour vos ferrules de pied d'\u00e9l\u00e9phant ?<\/h2>\n<p class=\"whitespace-pre-wrap break-words\">Chez Qingdao H&amp;F, nous comprenons que lorsque vous recherchez du mat\u00e9riel de gr\u00e9ement, vous avez besoin d'un partenaire qui ne se contente pas de vous fournir des pi\u00e8ces. Forts de nos ann\u00e9es d'exp\u00e9rience dans le commerce international, nous avons b\u00e2ti notre r\u00e9putation sur la fabrication d'embouts de qualit\u00e9 sup\u00e9rieure qui tiennent la distance. Mais nous savons que de bons produits ne sont qu'un point de d\u00e9part.<\/p>\n<p class=\"whitespace-pre-wrap break-words\">Qu'est-ce qui nous distingue ? Tout d'abord, vous travaillerez directement avec une personne d\u00e9di\u00e9e \u00e0 l'assistance qui conna\u00eet son m\u00e9tier. Pas d'arbre t\u00e9l\u00e9phonique, pas d'embrouille - juste un dialogue direct et des solutions adapt\u00e9es aux exigences de votre projet. Besoin de sp\u00e9cifications personnalis\u00e9es ? Des certifications sp\u00e9ciales ? Nous sommes l\u00e0 pour vous aider. Et parce que le temps, c'est de l'argent, nous avons rationalis\u00e9 notre processus de livraison pour que votre activit\u00e9 ne s'essouffle pas.<\/p>\n<p class=\"whitespace-pre-wrap break-words\">Ici, la qualit\u00e9 n'est pas un simple mot \u00e0 la mode. Chaque virole est soumise \u00e0 des tests exhaustifs : r\u00e9sistance des mat\u00e9riaux, r\u00e9sistance \u00e0 la corrosion, pr\u00e9cision des dimensions, etc. Chaque commande, qu'il s'agisse d'une seule pi\u00e8ce ou d'un millier, est accompagn\u00e9e de rapports d'inspection d\u00e9taill\u00e9s. Parce que lorsque la s\u00e9curit\u00e9 est en jeu, on ne peut pas se contenter d'une qualit\u00e9 suffisante.<\/p>\n<h2 class=\"text-2xl font-bold mt-1 text-text-200\">Comprendre la conception et l'application des ferrures \u00e0 pattes d'\u00e9l\u00e9phant<\/h2>\n<p class=\"whitespace-pre-wrap break-words\">Le g\u00e9nie de ces embouts r\u00e9side dans leur forme distinctive. Cette base plus large n'est pas seulement esth\u00e9tique : elle cr\u00e9e une surface de compression suppl\u00e9mentaire qui permet de saisir le c\u00e2ble plus efficacement que ne le pourraient des embouts standard. Lorsque la pression est appliqu\u00e9e, la charge se r\u00e9partit uniform\u00e9ment sur les torons du c\u00e2ble, \u00e9vitant ainsi les points chauds de tension qui peuvent entra\u00eener des d\u00e9faillances. Cette conception intelligente r\u00e9duit \u00e9galement la friction l\u00e0 o\u00f9 elle compte, prolongeant ainsi la dur\u00e9e de vie de la virole et du c\u00e2ble.<\/p>\n<p class=\"whitespace-pre-wrap break-words\">Des plates-formes offshore aux chantiers de construction, partout o\u00f9 se d\u00e9roulent des op\u00e9rations de levage s\u00e9rieuses, vous trouverez ces viroles \u00e0 l'\u0153uvre. Leur v\u00e9ritable force ? L'adaptabilit\u00e9. Que vous travailliez avec de l'acier inoxydable, de l'acier galvanis\u00e9 ou des c\u00e2bles en alliage sp\u00e9cial, les embouts \u00e0 pattes d'\u00e9l\u00e9phant peuvent s'en charger. Cette polyvalence les rend id\u00e9ales pour les installations permanentes et les installations temporaires o\u00f9 la fiabilit\u00e9 ne peut \u00eatre compromise.<\/p>\n<h2 class=\"text-2xl font-bold mt-1 text-text-200\">Comment les embouts de pied d'\u00e9l\u00e9phant contribuent \u00e0 la s\u00e9curit\u00e9 et \u00e0 la performance<\/h2>\n<p class=\"whitespace-pre-wrap break-words\">Dans le monde des machines lourdes et des \u00e9quipements de levage, il n'existe pas de composant \"mineur\". Chaque pi\u00e8ce est importante, et ces embouts jouent un r\u00f4le crucial dans la pr\u00e9vention des sc\u00e9narios cauchemardesques - glissement du c\u00e2ble, effilochage ou rupture catastrophique. Lorsque vous soulevez des charges susceptibles de provoquer des dommages ou des blessures graves en cas de probl\u00e8me, vous avez besoin d'un mat\u00e9riel auquel vous pouvez faire confiance.<\/p>\n<p class=\"whitespace-pre-wrap break-words\">Ce ne sont pas des bagues ordinaires. Fabriqu\u00e9s \u00e0 partir de mat\u00e9riaux de premi\u00e8re qualit\u00e9 et fabriqu\u00e9s avec pr\u00e9cision, ils sont con\u00e7us pour r\u00e9sister \u00e0 la temp\u00eate - litt\u00e9ralement. Qu'il s'agisse d'environnements corrosifs, de temp\u00e9ratures extr\u00eames ou d'applications soumises \u00e0 de fortes contraintes, ils continuent \u00e0 fonctionner alors qu'un mat\u00e9riel de moindre qualit\u00e9 serait d\u00e9faillant. Ajoutez \u00e0 cela notre contr\u00f4le qualit\u00e9 rigoureux et vous obtenez une tranquillit\u00e9 d'esprit sur laquelle vous pouvez compter.<\/p>\n<h2 class=\"text-2xl font-bold mt-1 text-text-200\">L'avantage de Qingdao H&amp;F<\/h2>\n<p><img decoding=\"async\" class=\"alignnone wp-image-8732 size-full\" src=\"http:\/\/qingdaohf.com\/wp-content\/uploads\/2023\/03\/HF-packing-5-1.webp\" alt=\"Emballage HF\" width=\"1920\" height=\"1080\" srcset=\"https:\/\/qingdaohf.com\/wp-content\/uploads\/2023\/03\/HF-packing-5-1.webp 1920w, https:\/\/qingdaohf.com\/wp-content\/uploads\/2023\/03\/HF-packing-5-1-300x169.webp 300w, https:\/\/qingdaohf.com\/wp-content\/uploads\/2023\/03\/HF-packing-5-1-1024x576.webp 1024w, https:\/\/qingdaohf.com\/wp-content\/uploads\/2023\/03\/HF-packing-5-1-768x432.webp 768w, https:\/\/qingdaohf.com\/wp-content\/uploads\/2023\/03\/HF-packing-5-1-1536x864.webp 1536w, https:\/\/qingdaohf.com\/wp-content\/uploads\/2023\/03\/HF-packing-5-1-18x10.webp 18w, https:\/\/qingdaohf.com\/wp-content\/uploads\/2023\/03\/HF-packing-5-1-1000x563.webp 1000w\" sizes=\"(max-width: 1920px) 100vw, 1920px\" \/><\/p>\n<p class=\"whitespace-pre-wrap break-words\">Choisir Qingdao H&amp;F, c'est bien plus qu'acheter des embouts : c'est s'associer \u00e0 un partenaire qui s'investit dans votre r\u00e9ussite. Notre \u00e9quipe vit et respire l'industrie du gr\u00e9ement, et nous sommes l\u00e0 pour vous aider \u00e0 relever les d\u00e9fis imm\u00e9diats et \u00e0 atteindre vos objectifs \u00e0 long terme.<\/p>\n<p class=\"whitespace-pre-wrap break-words\">Nous avons gagn\u00e9 notre r\u00e9putation \u00e0 la dure - en fournissant constamment des produits de qualit\u00e9, des livraisons rapides et une assistance sur laquelle vous pouvez compter. Vous voulez tester avant d'investir ? Nous vous enverrons des \u00e9chantillons gratuits de nos produits de c\u00e2bles m\u00e9talliques. Cette approche pratique vous permet de v\u00e9rifier la compatibilit\u00e9 et les performances avant de prendre des d\u00e9cisions importantes.<\/p>\n<h2 class=\"text-2xl font-bold mt-1 text-text-200\">Conclusion<\/h2>\n<p class=\"whitespace-pre-wrap break-words\">Lorsqu'il s'agit d'op\u00e9rations de levage, les embouts de pied d'\u00e9l\u00e9phant ne sont pas simplement une autre pi\u00e8ce - c'est une tranquillit\u00e9 d'esprit en m\u00e9tal. Chez Qingdao H&amp;F, nous combinons des produits de premi\u00e8re qualit\u00e9 avec l'expertise et le service dont vous avez besoin pour que tout se passe bien. Que vous travailliez dans la construction, la marine ou tout autre domaine exigeant des composants de gr\u00e9ement \u00e0 l'\u00e9preuve des balles, nos embouts sont \u00e0 la hauteur. Avec des tests complets, une assistance personnalis\u00e9e et des d\u00e9lais de livraison rapides, nous sommes pr\u00eats \u00e0 devenir votre partenaire privil\u00e9gi\u00e9 pour les \u00e9quipements de gr\u00e9ement et de levage. Vous souhaitez en savoir plus ? Discutons de la fa\u00e7on dont nos embouts \u00e0 pattes d'\u00e9l\u00e9phant peuvent am\u00e9liorer votre prochain projet.<\/p>","protected":false},"excerpt":{"rendered":"<p>Les embouts de pied d'\u00e9l\u00e9phant sont d'une grande importance dans l'industrie du gr\u00e9ement et du levage, o\u00f9 ils servent \u00e0 \u00e9tablir une connexion solide et s\u00fbre entre les c\u00e2bles m\u00e9talliques pour une meilleure performance lorsqu'ils sont soumis \u00e0 des applications lourdes. La qualit\u00e9, la pr\u00e9cision et la compatibilit\u00e9 sont des pr\u00e9occupations habituelles pour tout acheteur ; avec les embouts de pied d'\u00e9l\u00e9phant de Qingdao H&amp;F, soyez assur\u00e9 d'une solution de haute qualit\u00e9 qui r\u00e9pondra m\u00eame aux exigences les plus \u00e9lev\u00e9es. Un service client\u00e8le personnalis\u00e9, des cycles de livraison rapides et des rapports d'inspection de la qualit\u00e9 complets ne sont que quelques-uns des avantages qui vous assurent d'obtenir le meilleur produit, adapt\u00e9 \u00e0 vos besoins, \u00e0 chaque fois. Que vous ayez besoin de dimensions personnalis\u00e9es ou d'une solution rapide, nous pouvons vous aider \u00e0 chaque \u00e9tape de votre projet.<\/p>","protected":false},"featured_media":3398,"comment_status":"open","ping_status":"closed","template":"","meta":{"site-sidebar-layout":"default","site-content-layout":"default","ast-site-content-layout":"default","site-content-style":"default","site-sidebar-style":"default","ast-global-header-display":"","ast-banner-title-visibility":"","ast-main-header-display":"","ast-hfb-above-header-display":"","ast-hfb-below-header-display":"","ast-hfb-mobile-header-display":"","site-post-title":"","ast-breadcrumbs-content":"","ast-featured-img":"","footer-sml-layout":"","theme-transparent-header-meta":"default","adv-header-id-meta":"","stick-header-meta":"default","header-above-stick-meta":"","header-main-stick-meta":"","header-below-stick-meta":"","astra-migrate-meta-layouts":"set","ast-page-background-enabled":"default","ast-page-background-meta":{"desktop":{"background-color":"","background-image":"","background-repeat":"repeat","background-position":"center center","background-size":"auto","background-attachment":"scroll","background-type":"","background-media":"","overlay-type":"","overlay-color":"","overlay-opacity":"","overlay-gradient":""},"tablet":{"background-color":"","background-image":"","background-repeat":"repeat","background-position":"center center","background-size":"auto","background-attachment":"scroll","background-type":"","background-media":"","overlay-type":"","overlay-color":"","overlay-opacity":"","overlay-gradient":""},"mobile":{"background-color":"","background-image":"","background-repeat":"repeat","background-position":"center center","background-size":"auto","background-attachment":"scroll","background-type":"","background-media":"","overlay-type":"","overlay-color":"","overlay-opacity":"","overlay-gradient":""}},"ast-content-background-meta":{"desktop":{"background-color":"var(--ast-global-color-5)","background-image":"","background-repeat":"repeat","background-position":"center center","background-size":"auto","background-attachment":"scroll","background-type":"","background-media":"","overlay-type":"","overlay-color":"","overlay-opacity":"","overlay-gradient":""},"tablet":{"background-color":"var(--ast-global-color-5)","background-image":"","background-repeat":"repeat","background-position":"center center","background-size":"auto","background-attachment":"scroll","background-type":"","background-media":"","overlay-type":"","overlay-color":"","overlay-opacity":"","overlay-gradient":""},"mobile":{"background-color":"var(--ast-global-color-5)","background-image":"","background-repeat":"repeat","background-position":"center center","background-size":"auto","background-attachment":"scroll","background-type":"","background-media":"","overlay-type":"","overlay-color":"","overlay-opacity":"","overlay-gradient":""}}},"product_brand":[],"product_cat":[50,30],"product_tag":[],"class_list":{"0":"post-2646","1":"product","2":"type-product","3":"status-publish","4":"has-post-thumbnail","6":"product_cat-concrete-form-accessories","7":"product_cat-lifting-anchor","8":"desktop-align-left","9":"tablet-align-left","10":"mobile-align-left","11":"ast-product-gallery-layout-horizontal-slider","12":"ast-product-tabs-layout-horizontal","14":"first","15":"instock","16":"shipping-taxable","17":"purchasable","18":"product-type-simple"},"yoast_head":"<!-- This site is optimized with the Yoast SEO plugin v25.2 - https:\/\/yoast.com\/wordpress\/plugins\/seo\/ -->\n<title>Elephant Foot Ferrule<\/title>\n<meta name=\"description\" content=\"Roud Ferrule and Elephant Foot Ferrule it helps to ensure the integrity and longevity of the structures we build.\" \/>\n<meta name=\"robots\" content=\"index, follow, max-snippet:-1, max-image-preview:large, max-video-preview:-1\" \/>\n<link rel=\"canonical\" href=\"https:\/\/qingdaohf.com\/fr\/produit\/bague-ronde-bague-de-pied-delephant-bague-de-pied-delephant\/\" \/>\n<meta property=\"og:locale\" content=\"fr_FR\" \/>\n<meta property=\"og:type\" content=\"article\" \/>\n<meta property=\"og:title\" content=\"Elephant Foot Ferrule\" \/>\n<meta property=\"og:description\" content=\"Roud Ferrule and Elephant Foot Ferrule it helps to ensure the integrity and longevity of the structures we build.\" \/>\n<meta property=\"og:url\" content=\"https:\/\/qingdaohf.com\/fr\/produit\/bague-ronde-bague-de-pied-delephant-bague-de-pied-delephant\/\" \/>\n<meta property=\"og:site_name\" content=\"Concrete Form &amp; Rigging Hardware Supplier\" \/>\n<meta property=\"article:publisher\" content=\"https:\/\/www.facebook.com\/qingdaohf\" \/>\n<meta property=\"article:modified_time\" content=\"2025-11-13T01:05:52+00:00\" \/>\n<meta property=\"og:image\" content=\"https:\/\/qingdaohf.com\/wp-content\/uploads\/2023\/03\/roud-ferrule-elephant-foot-ferrule-4-1.jpg\" \/>\n\t<meta property=\"og:image:width\" content=\"1000\" \/>\n\t<meta property=\"og:image:height\" content=\"1000\" \/>\n\t<meta property=\"og:image:type\" content=\"image\/jpeg\" \/>\n<meta name=\"twitter:card\" content=\"summary_large_image\" \/>\n<meta name=\"twitter:label1\" content=\"Dur\u00e9e de lecture estim\u00e9e\" \/>\n\t<meta name=\"twitter:data1\" content=\"4 minutes\" \/>\n<script type=\"application\/ld+json\" class=\"yoast-schema-graph\">{\"@context\":\"https:\/\/schema.org\",\"@graph\":[{\"@type\":\"WebPage\",\"@id\":\"https:\/\/qingdaohf.com\/product\/elephant-foot-ferrule\/\",\"url\":\"https:\/\/qingdaohf.com\/product\/elephant-foot-ferrule\/\",\"name\":\"Elephant Foot Ferrule\",\"isPartOf\":{\"@id\":\"https:\/\/qingdaohf.com\/bg\/#website\"},\"primaryImageOfPage\":{\"@id\":\"https:\/\/qingdaohf.com\/product\/elephant-foot-ferrule\/#primaryimage\"},\"image\":{\"@id\":\"https:\/\/qingdaohf.com\/product\/elephant-foot-ferrule\/#primaryimage\"},\"thumbnailUrl\":\"https:\/\/qingdaohf.com\/wp-content\/uploads\/2023\/03\/roud-ferrule-elephant-foot-ferrule-4-1.jpg\",\"datePublished\":\"2023-03-02T07:27:12+00:00\",\"dateModified\":\"2025-11-13T01:05:52+00:00\",\"description\":\"Roud Ferrule and Elephant Foot Ferrule it helps to ensure the integrity and longevity of the structures we build.\",\"breadcrumb\":{\"@id\":\"https:\/\/qingdaohf.com\/product\/elephant-foot-ferrule\/#breadcrumb\"},\"inLanguage\":\"fr-FR\",\"potentialAction\":[{\"@type\":\"ReadAction\",\"target\":[\"https:\/\/qingdaohf.com\/product\/elephant-foot-ferrule\/\"]}]},{\"@type\":\"ImageObject\",\"inLanguage\":\"fr-FR\",\"@id\":\"https:\/\/qingdaohf.com\/product\/elephant-foot-ferrule\/#primaryimage\",\"url\":\"https:\/\/qingdaohf.com\/wp-content\/uploads\/2023\/03\/roud-ferrule-elephant-foot-ferrule-4-1.jpg\",\"contentUrl\":\"https:\/\/qingdaohf.com\/wp-content\/uploads\/2023\/03\/roud-ferrule-elephant-foot-ferrule-4-1.jpg\",\"width\":1000,\"height\":1000,\"caption\":\"roud ferrule elephant foot ferrule\"},{\"@type\":\"BreadcrumbList\",\"@id\":\"https:\/\/qingdaohf.com\/product\/elephant-foot-ferrule\/#breadcrumb\",\"itemListElement\":[{\"@type\":\"ListItem\",\"position\":1,\"name\":\"Home\",\"item\":\"https:\/\/qingdaohf.com\/\"},{\"@type\":\"ListItem\",\"position\":2,\"name\":\"Concrete Forming Accessories and Rigging Hardware\",\"item\":\"https:\/\/qingdaohf.com\/bg\/?page_id=944\"},{\"@type\":\"ListItem\",\"position\":3,\"name\":\"Elephant Foot Ferrule\"}]},{\"@type\":\"WebSite\",\"@id\":\"https:\/\/qingdaohf.com\/bg\/#website\",\"url\":\"https:\/\/qingdaohf.com\/bg\/\",\"name\":\"Concrete Form & Rigging Hardware Supplier\",\"description\":\"\",\"publisher\":{\"@id\":\"https:\/\/qingdaohf.com\/bg\/#organization\"},\"potentialAction\":[{\"@type\":\"SearchAction\",\"target\":{\"@type\":\"EntryPoint\",\"urlTemplate\":\"https:\/\/qingdaohf.com\/bg\/?s={search_term_string}\"},\"query-input\":{\"@type\":\"PropertyValueSpecification\",\"valueRequired\":true,\"valueName\":\"search_term_string\"}}],\"inLanguage\":\"fr-FR\"},{\"@type\":\"Organization\",\"@id\":\"https:\/\/qingdaohf.com\/bg\/#organization\",\"name\":\"Qingdao H&F\",\"url\":\"https:\/\/qingdaohf.com\/bg\/\",\"logo\":{\"@type\":\"ImageObject\",\"inLanguage\":\"fr-FR\",\"@id\":\"https:\/\/qingdaohf.com\/bg\/#\/schema\/logo\/image\/\",\"url\":\"https:\/\/qingdaohf.com\/wp-content\/uploads\/2022\/12\/cropped-HF-LOGO.png\",\"contentUrl\":\"https:\/\/qingdaohf.com\/wp-content\/uploads\/2022\/12\/cropped-HF-LOGO.png\",\"width\":391,\"height\":249,\"caption\":\"Qingdao H&F\"},\"image\":{\"@id\":\"https:\/\/qingdaohf.com\/bg\/#\/schema\/logo\/image\/\"},\"sameAs\":[\"https:\/\/www.facebook.com\/qingdaohf\"]}]}<\/script>\n<!-- \/ Yoast SEO plugin. -->","yoast_head_json":{"title":"Elephant Foot Ferrule","description":"Roud Ferrule and Elephant Foot Ferrule it helps to ensure the integrity and longevity of the structures we build.","robots":{"index":"index","follow":"follow","max-snippet":"max-snippet:-1","max-image-preview":"max-image-preview:large","max-video-preview":"max-video-preview:-1"},"canonical":"https:\/\/qingdaohf.com\/fr\/produit\/bague-ronde-bague-de-pied-delephant-bague-de-pied-delephant\/","og_locale":"fr_FR","og_type":"article","og_title":"Elephant Foot Ferrule","og_description":"Roud Ferrule and Elephant Foot Ferrule it helps to ensure the integrity and longevity of the structures we build.","og_url":"https:\/\/qingdaohf.com\/fr\/produit\/bague-ronde-bague-de-pied-delephant-bague-de-pied-delephant\/","og_site_name":"Concrete Form &amp; Rigging Hardware Supplier","article_publisher":"https:\/\/www.facebook.com\/qingdaohf","article_modified_time":"2025-11-13T01:05:52+00:00","og_image":[{"width":1000,"height":1000,"url":"https:\/\/qingdaohf.com\/wp-content\/uploads\/2023\/03\/roud-ferrule-elephant-foot-ferrule-4-1.jpg","type":"image\/jpeg"}],"twitter_card":"summary_large_image","twitter_misc":{"Dur\u00e9e de lecture estim\u00e9e":"4 minutes"},"schema":{"@context":"https:\/\/schema.org","@graph":[{"@type":"WebPage","@id":"https:\/\/qingdaohf.com\/product\/elephant-foot-ferrule\/","url":"https:\/\/qingdaohf.com\/product\/elephant-foot-ferrule\/","name":"Elephant Foot Ferrule","isPartOf":{"@id":"https:\/\/qingdaohf.com\/bg\/#website"},"primaryImageOfPage":{"@id":"https:\/\/qingdaohf.com\/product\/elephant-foot-ferrule\/#primaryimage"},"image":{"@id":"https:\/\/qingdaohf.com\/product\/elephant-foot-ferrule\/#primaryimage"},"thumbnailUrl":"https:\/\/qingdaohf.com\/wp-content\/uploads\/2023\/03\/roud-ferrule-elephant-foot-ferrule-4-1.jpg","datePublished":"2023-03-02T07:27:12+00:00","dateModified":"2025-11-13T01:05:52+00:00","description":"Roud Ferrule and Elephant Foot Ferrule it helps to ensure the integrity and longevity of the structures we build.","breadcrumb":{"@id":"https:\/\/qingdaohf.com\/product\/elephant-foot-ferrule\/#breadcrumb"},"inLanguage":"fr-FR","potentialAction":[{"@type":"ReadAction","target":["https:\/\/qingdaohf.com\/product\/elephant-foot-ferrule\/"]}]},{"@type":"ImageObject","inLanguage":"fr-FR","@id":"https:\/\/qingdaohf.com\/product\/elephant-foot-ferrule\/#primaryimage","url":"https:\/\/qingdaohf.com\/wp-content\/uploads\/2023\/03\/roud-ferrule-elephant-foot-ferrule-4-1.jpg","contentUrl":"https:\/\/qingdaohf.com\/wp-content\/uploads\/2023\/03\/roud-ferrule-elephant-foot-ferrule-4-1.jpg","width":1000,"height":1000,"caption":"roud ferrule elephant foot ferrule"},{"@type":"BreadcrumbList","@id":"https:\/\/qingdaohf.com\/product\/elephant-foot-ferrule\/#breadcrumb","itemListElement":[{"@type":"ListItem","position":1,"name":"Home","item":"https:\/\/qingdaohf.com\/"},{"@type":"ListItem","position":2,"name":"Concrete Forming Accessories and Rigging Hardware","item":"https:\/\/qingdaohf.com\/bg\/?page_id=944"},{"@type":"ListItem","position":3,"name":"Elephant Foot Ferrule"}]},{"@type":"WebSite","@id":"https:\/\/qingdaohf.com\/bg\/#website","url":"https:\/\/qingdaohf.com\/bg\/","name":"Concrete Form & Rigging Hardware Supplier","description":"","publisher":{"@id":"https:\/\/qingdaohf.com\/bg\/#organization"},"potentialAction":[{"@type":"SearchAction","target":{"@type":"EntryPoint","urlTemplate":"https:\/\/qingdaohf.com\/bg\/?s={search_term_string}"},"query-input":{"@type":"PropertyValueSpecification","valueRequired":true,"valueName":"search_term_string"}}],"inLanguage":"fr-FR"},{"@type":"Organization","@id":"https:\/\/qingdaohf.com\/bg\/#organization","name":"Qingdao H&F","url":"https:\/\/qingdaohf.com\/bg\/","logo":{"@type":"ImageObject","inLanguage":"fr-FR","@id":"https:\/\/qingdaohf.com\/bg\/#\/schema\/logo\/image\/","url":"https:\/\/qingdaohf.com\/wp-content\/uploads\/2022\/12\/cropped-HF-LOGO.png","contentUrl":"https:\/\/qingdaohf.com\/wp-content\/uploads\/2022\/12\/cropped-HF-LOGO.png","width":391,"height":249,"caption":"Qingdao H&F"},"image":{"@id":"https:\/\/qingdaohf.com\/bg\/#\/schema\/logo\/image\/"},"sameAs":["https:\/\/www.facebook.com\/qingdaohf"]}]}},"_links":{"self":[{"href":"https:\/\/qingdaohf.com\/fr\/wp-json\/wp\/v2\/product\/2646","targetHints":{"allow":["GET"]}}],"collection":[{"href":"https:\/\/qingdaohf.com\/fr\/wp-json\/wp\/v2\/product"}],"about":[{"href":"https:\/\/qingdaohf.com\/fr\/wp-json\/wp\/v2\/types\/product"}],"replies":[{"embeddable":true,"href":"https:\/\/qingdaohf.com\/fr\/wp-json\/wp\/v2\/comments?post=2646"}],"version-history":[{"count":4,"href":"https:\/\/qingdaohf.com\/fr\/wp-json\/wp\/v2\/product\/2646\/revisions"}],"predecessor-version":[{"id":8734,"href":"https:\/\/qingdaohf.com\/fr\/wp-json\/wp\/v2\/product\/2646\/revisions\/8734"}],"wp:featuredmedia":[{"embeddable":true,"href":"https:\/\/qingdaohf.com\/fr\/wp-json\/wp\/v2\/media\/3398"}],"wp:attachment":[{"href":"https:\/\/qingdaohf.com\/fr\/wp-json\/wp\/v2\/media?parent=2646"}],"wp:term":[{"taxonomy":"product_brand","embeddable":true,"href":"https:\/\/qingdaohf.com\/fr\/wp-json\/wp\/v2\/product_brand?post=2646"},{"taxonomy":"product_cat","embeddable":true,"href":"https:\/\/qingdaohf.com\/fr\/wp-json\/wp\/v2\/product_cat?post=2646"},{"taxonomy":"product_tag","embeddable":true,"href":"https:\/\/qingdaohf.com\/fr\/wp-json\/wp\/v2\/product_tag?post=2646"}],"curies":[{"name":"wp","href":"https:\/\/api.w.org\/{rel}","templated":true}]}}