{"id":2666,"date":"2023-03-02T17:16:07","date_gmt":"2023-03-02T09:16:07","guid":{"rendered":"http:\/\/qingdaohf.com\/?post_type=product&#038;p=2666"},"modified":"2025-11-13T09:05:51","modified_gmt":"2025-11-13T01:05:51","slug":"single-wire-rope-loop-box","status":"publish","type":"product","link":"https:\/\/qingdaohf.com\/fr\/produit\/boite-a-boucles-pour-cable-simple\/","title":{"rendered":"Bo\u00eete \u00e0 boucles de c\u00e2ble \u00e0 fil unique"},"content":{"rendered":"<p>La bo\u00eete \u00e0 boucles pour c\u00e2ble d'acier simple se compose d'une bo\u00eete m\u00e9tallique avec une s\u00e9rie de rouleaux \u00e0 l'int\u00e9rieur. Le c\u00e2ble d'acier est enfil\u00e9 dans les galets, puis r\u00e9introduit dans la bo\u00eete, formant une boucle maintenue en place par les galets. La boucle peut ensuite \u00eatre attach\u00e9e \u00e0 une charge ou utilis\u00e9e dans une application de levage ou de gr\u00e9ement.<\/p>\n<p>L'avantage d'utiliser une bo\u00eete \u00e0 boucles pour c\u00e2ble d'acier unique est qu'elle permet de former rapidement et facilement une boucle dans un c\u00e2ble d'acier sans avoir besoin d'outils ou d'\u00e9quipements sp\u00e9cialis\u00e9s. Il s'agit \u00e9galement d'une alternative rentable aux autres formes de terminaison de c\u00e2ble m\u00e9tallique.<\/p>\n<p class=\"product_title entry-title elementor-heading-title elementor-size-default\"><a href=\"https:\/\/qingdaohf.com\/fr\/produit\/boite-a-boucles-a-double-cable-metallique\/\">Vous pouvez cliquer ici pour voir la bo\u00eete \u00e0 boucles de c\u00e2ble doubleVous pouvez v\u00e9rifier la bo\u00eete \u00e0 boucles de c\u00e2ble double.<\/a><\/p>\n<p>&nbsp;<\/p>\n<p><img fetchpriority=\"high\" decoding=\"async\" class=\"alignnone size-full wp-image-3414\" src=\"http:\/\/qingdaohf.com\/wp-content\/uploads\/2023\/03\/54-3.jpg\" alt=\"onglet\" width=\"1200\" height=\"392\" srcset=\"https:\/\/qingdaohf.com\/wp-content\/uploads\/2023\/03\/54-3.jpg 1200w, https:\/\/qingdaohf.com\/wp-content\/uploads\/2023\/03\/54-3-300x98.jpg 300w, https:\/\/qingdaohf.com\/wp-content\/uploads\/2023\/03\/54-3-1024x335.jpg 1024w, https:\/\/qingdaohf.com\/wp-content\/uploads\/2023\/03\/54-3-768x251.jpg 768w, https:\/\/qingdaohf.com\/wp-content\/uploads\/2023\/03\/54-3-1000x327.jpg 1000w\" sizes=\"(max-width: 1200px) 100vw, 1200px\" \/><\/p>","protected":false},"excerpt":{"rendered":"<p>Une bo\u00eete \u00e0 boucles pour c\u00e2ble simple est un \u00e9quipement sp\u00e9cialis\u00e9 utilis\u00e9 dans l'industrie du levage et du gr\u00e9ement. Il s'agit d'un dispositif con\u00e7u pour former une boucle dans un c\u00e2ble d'acier unique sans qu'il soit n\u00e9cessaire d'\u00e9pisser ou d'utiliser d'autres formes de terminaison de c\u00e2ble d'acier.<\/p>","protected":false},"featured_media":3411,"comment_status":"open","ping_status":"closed","template":"","meta":{"site-sidebar-layout":"default","site-content-layout":"default","ast-site-content-layout":"","site-content-style":"default","site-sidebar-style":"default","ast-global-header-display":"","ast-banner-title-visibility":"","ast-main-header-display":"","ast-hfb-above-header-display":"","ast-hfb-below-header-display":"","ast-hfb-mobile-header-display":"","site-post-title":"","ast-breadcrumbs-content":"","ast-featured-img":"","footer-sml-layout":"","theme-transparent-header-meta":"default","adv-header-id-meta":"","stick-header-meta":"default","header-above-stick-meta":"","header-main-stick-meta":"","header-below-stick-meta":"","astra-migrate-meta-layouts":"default","ast-page-background-enabled":"default","ast-page-background-meta":{"desktop":{"background-color":"","background-image":"","background-repeat":"repeat","background-position":"center center","background-size":"auto","background-attachment":"scroll","background-type":"","background-media":"","overlay-type":"","overlay-color":"","overlay-opacity":"","overlay-gradient":""},"tablet":{"background-color":"","background-image":"","background-repeat":"repeat","background-position":"center center","background-size":"auto","background-attachment":"scroll","background-type":"","background-media":"","overlay-type":"","overlay-color":"","overlay-opacity":"","overlay-gradient":""},"mobile":{"background-color":"","background-image":"","background-repeat":"repeat","background-position":"center center","background-size":"auto","background-attachment":"scroll","background-type":"","background-media":"","overlay-type":"","overlay-color":"","overlay-opacity":"","overlay-gradient":""}},"ast-content-background-meta":{"desktop":{"background-color":"var(--ast-global-color-5)","background-image":"","background-repeat":"repeat","background-position":"center center","background-size":"auto","background-attachment":"scroll","background-type":"","background-media":"","overlay-type":"","overlay-color":"","overlay-opacity":"","overlay-gradient":""},"tablet":{"background-color":"var(--ast-global-color-5)","background-image":"","background-repeat":"repeat","background-position":"center center","background-size":"auto","background-attachment":"scroll","background-type":"","background-media":"","overlay-type":"","overlay-color":"","overlay-opacity":"","overlay-gradient":""},"mobile":{"background-color":"var(--ast-global-color-5)","background-image":"","background-repeat":"repeat","background-position":"center center","background-size":"auto","background-attachment":"scroll","background-type":"","background-media":"","overlay-type":"","overlay-color":"","overlay-opacity":"","overlay-gradient":""}}},"product_brand":[],"product_cat":[30],"product_tag":[],"class_list":{"0":"post-2666","1":"product","2":"type-product","3":"status-publish","4":"has-post-thumbnail","6":"product_cat-lifting-anchor","7":"desktop-align-left","8":"tablet-align-left","9":"mobile-align-left","10":"ast-product-gallery-layout-horizontal-slider","11":"ast-product-tabs-layout-horizontal","13":"first","14":"instock","15":"shipping-taxable","16":"purchasable","17":"product-type-simple"},"yoast_head":"<!-- This site is optimized with the Yoast SEO plugin v25.2 - https:\/\/yoast.com\/wordpress\/plugins\/seo\/ -->\n<title>Single Wire Rope Loop Box<\/title>\n<meta name=\"description\" content=\"A Single Wire Rope Loop Box is a specialized piece of equipment used in the lifting and rigging industry.\" \/>\n<meta name=\"robots\" content=\"index, follow, max-snippet:-1, max-image-preview:large, max-video-preview:-1\" \/>\n<link rel=\"canonical\" href=\"https:\/\/qingdaohf.com\/fr\/produit\/boite-a-boucles-pour-cable-simple\/\" \/>\n<meta property=\"og:locale\" content=\"fr_FR\" \/>\n<meta property=\"og:type\" content=\"article\" \/>\n<meta property=\"og:title\" content=\"Single Wire Rope Loop Box\" \/>\n<meta property=\"og:description\" content=\"A Single Wire Rope Loop Box is a specialized piece of equipment used in the lifting and rigging industry.\" \/>\n<meta property=\"og:url\" content=\"https:\/\/qingdaohf.com\/fr\/produit\/boite-a-boucles-pour-cable-simple\/\" \/>\n<meta property=\"og:site_name\" content=\"Concrete Form &amp; Rigging Hardware Supplier\" \/>\n<meta property=\"article:publisher\" content=\"https:\/\/www.facebook.com\/qingdaohf\" \/>\n<meta property=\"article:modified_time\" content=\"2025-11-13T01:05:51+00:00\" \/>\n<meta property=\"og:image\" content=\"https:\/\/qingdaohf.com\/wp-content\/uploads\/2023\/03\/2.jpg\" \/>\n\t<meta property=\"og:image:width\" content=\"1000\" \/>\n\t<meta property=\"og:image:height\" content=\"1000\" \/>\n\t<meta property=\"og:image:type\" content=\"image\/jpeg\" \/>\n<meta name=\"twitter:card\" content=\"summary_large_image\" \/>\n<meta name=\"twitter:label1\" content=\"Dur\u00e9e de lecture estim\u00e9e\" \/>\n\t<meta name=\"twitter:data1\" content=\"1 minute\" \/>\n<script type=\"application\/ld+json\" class=\"yoast-schema-graph\">{\"@context\":\"https:\/\/schema.org\",\"@graph\":[{\"@type\":\"WebPage\",\"@id\":\"https:\/\/qingdaohf.com\/product\/single-wire-rope-loop-box\/\",\"url\":\"https:\/\/qingdaohf.com\/product\/single-wire-rope-loop-box\/\",\"name\":\"Single Wire Rope Loop Box\",\"isPartOf\":{\"@id\":\"https:\/\/qingdaohf.com\/bg\/#website\"},\"primaryImageOfPage\":{\"@id\":\"https:\/\/qingdaohf.com\/product\/single-wire-rope-loop-box\/#primaryimage\"},\"image\":{\"@id\":\"https:\/\/qingdaohf.com\/product\/single-wire-rope-loop-box\/#primaryimage\"},\"thumbnailUrl\":\"https:\/\/qingdaohf.com\/wp-content\/uploads\/2023\/03\/2.jpg\",\"datePublished\":\"2023-03-02T09:16:07+00:00\",\"dateModified\":\"2025-11-13T01:05:51+00:00\",\"description\":\"A Single Wire Rope Loop Box is a specialized piece of equipment used in the lifting and rigging industry.\",\"breadcrumb\":{\"@id\":\"https:\/\/qingdaohf.com\/product\/single-wire-rope-loop-box\/#breadcrumb\"},\"inLanguage\":\"fr-FR\",\"potentialAction\":[{\"@type\":\"ReadAction\",\"target\":[\"https:\/\/qingdaohf.com\/product\/single-wire-rope-loop-box\/\"]}]},{\"@type\":\"ImageObject\",\"inLanguage\":\"fr-FR\",\"@id\":\"https:\/\/qingdaohf.com\/product\/single-wire-rope-loop-box\/#primaryimage\",\"url\":\"https:\/\/qingdaohf.com\/wp-content\/uploads\/2023\/03\/2.jpg\",\"contentUrl\":\"https:\/\/qingdaohf.com\/wp-content\/uploads\/2023\/03\/2.jpg\",\"width\":1000,\"height\":1000,\"caption\":\"single wire rope loop box\"},{\"@type\":\"BreadcrumbList\",\"@id\":\"https:\/\/qingdaohf.com\/product\/single-wire-rope-loop-box\/#breadcrumb\",\"itemListElement\":[{\"@type\":\"ListItem\",\"position\":1,\"name\":\"Home\",\"item\":\"https:\/\/qingdaohf.com\/\"},{\"@type\":\"ListItem\",\"position\":2,\"name\":\"Concrete Forming Accessories and Rigging Hardware\",\"item\":\"https:\/\/qingdaohf.com\/bg\/?page_id=944\"},{\"@type\":\"ListItem\",\"position\":3,\"name\":\"Single Wire Rope Loop Box\"}]},{\"@type\":\"WebSite\",\"@id\":\"https:\/\/qingdaohf.com\/bg\/#website\",\"url\":\"https:\/\/qingdaohf.com\/bg\/\",\"name\":\"Concrete Form & Rigging Hardware Supplier\",\"description\":\"\",\"publisher\":{\"@id\":\"https:\/\/qingdaohf.com\/bg\/#organization\"},\"potentialAction\":[{\"@type\":\"SearchAction\",\"target\":{\"@type\":\"EntryPoint\",\"urlTemplate\":\"https:\/\/qingdaohf.com\/bg\/?s={search_term_string}\"},\"query-input\":{\"@type\":\"PropertyValueSpecification\",\"valueRequired\":true,\"valueName\":\"search_term_string\"}}],\"inLanguage\":\"fr-FR\"},{\"@type\":\"Organization\",\"@id\":\"https:\/\/qingdaohf.com\/bg\/#organization\",\"name\":\"Qingdao H&F\",\"url\":\"https:\/\/qingdaohf.com\/bg\/\",\"logo\":{\"@type\":\"ImageObject\",\"inLanguage\":\"fr-FR\",\"@id\":\"https:\/\/qingdaohf.com\/bg\/#\/schema\/logo\/image\/\",\"url\":\"https:\/\/qingdaohf.com\/wp-content\/uploads\/2022\/12\/cropped-HF-LOGO.png\",\"contentUrl\":\"https:\/\/qingdaohf.com\/wp-content\/uploads\/2022\/12\/cropped-HF-LOGO.png\",\"width\":391,\"height\":249,\"caption\":\"Qingdao H&F\"},\"image\":{\"@id\":\"https:\/\/qingdaohf.com\/bg\/#\/schema\/logo\/image\/\"},\"sameAs\":[\"https:\/\/www.facebook.com\/qingdaohf\"]}]}<\/script>\n<!-- \/ Yoast SEO plugin. -->","yoast_head_json":{"title":"Single Wire Rope Loop Box","description":"A Single Wire Rope Loop Box is a specialized piece of equipment used in the lifting and rigging industry.","robots":{"index":"index","follow":"follow","max-snippet":"max-snippet:-1","max-image-preview":"max-image-preview:large","max-video-preview":"max-video-preview:-1"},"canonical":"https:\/\/qingdaohf.com\/fr\/produit\/boite-a-boucles-pour-cable-simple\/","og_locale":"fr_FR","og_type":"article","og_title":"Single Wire Rope Loop Box","og_description":"A Single Wire Rope Loop Box is a specialized piece of equipment used in the lifting and rigging industry.","og_url":"https:\/\/qingdaohf.com\/fr\/produit\/boite-a-boucles-pour-cable-simple\/","og_site_name":"Concrete Form &amp; Rigging Hardware Supplier","article_publisher":"https:\/\/www.facebook.com\/qingdaohf","article_modified_time":"2025-11-13T01:05:51+00:00","og_image":[{"width":1000,"height":1000,"url":"https:\/\/qingdaohf.com\/wp-content\/uploads\/2023\/03\/2.jpg","type":"image\/jpeg"}],"twitter_card":"summary_large_image","twitter_misc":{"Dur\u00e9e de lecture estim\u00e9e":"1 minute"},"schema":{"@context":"https:\/\/schema.org","@graph":[{"@type":"WebPage","@id":"https:\/\/qingdaohf.com\/product\/single-wire-rope-loop-box\/","url":"https:\/\/qingdaohf.com\/product\/single-wire-rope-loop-box\/","name":"Single Wire Rope Loop Box","isPartOf":{"@id":"https:\/\/qingdaohf.com\/bg\/#website"},"primaryImageOfPage":{"@id":"https:\/\/qingdaohf.com\/product\/single-wire-rope-loop-box\/#primaryimage"},"image":{"@id":"https:\/\/qingdaohf.com\/product\/single-wire-rope-loop-box\/#primaryimage"},"thumbnailUrl":"https:\/\/qingdaohf.com\/wp-content\/uploads\/2023\/03\/2.jpg","datePublished":"2023-03-02T09:16:07+00:00","dateModified":"2025-11-13T01:05:51+00:00","description":"A Single Wire Rope Loop Box is a specialized piece of equipment used in the lifting and rigging industry.","breadcrumb":{"@id":"https:\/\/qingdaohf.com\/product\/single-wire-rope-loop-box\/#breadcrumb"},"inLanguage":"fr-FR","potentialAction":[{"@type":"ReadAction","target":["https:\/\/qingdaohf.com\/product\/single-wire-rope-loop-box\/"]}]},{"@type":"ImageObject","inLanguage":"fr-FR","@id":"https:\/\/qingdaohf.com\/product\/single-wire-rope-loop-box\/#primaryimage","url":"https:\/\/qingdaohf.com\/wp-content\/uploads\/2023\/03\/2.jpg","contentUrl":"https:\/\/qingdaohf.com\/wp-content\/uploads\/2023\/03\/2.jpg","width":1000,"height":1000,"caption":"single wire rope loop box"},{"@type":"BreadcrumbList","@id":"https:\/\/qingdaohf.com\/product\/single-wire-rope-loop-box\/#breadcrumb","itemListElement":[{"@type":"ListItem","position":1,"name":"Home","item":"https:\/\/qingdaohf.com\/"},{"@type":"ListItem","position":2,"name":"Concrete Forming Accessories and Rigging Hardware","item":"https:\/\/qingdaohf.com\/bg\/?page_id=944"},{"@type":"ListItem","position":3,"name":"Single Wire Rope Loop Box"}]},{"@type":"WebSite","@id":"https:\/\/qingdaohf.com\/bg\/#website","url":"https:\/\/qingdaohf.com\/bg\/","name":"Concrete Form & Rigging Hardware Supplier","description":"","publisher":{"@id":"https:\/\/qingdaohf.com\/bg\/#organization"},"potentialAction":[{"@type":"SearchAction","target":{"@type":"EntryPoint","urlTemplate":"https:\/\/qingdaohf.com\/bg\/?s={search_term_string}"},"query-input":{"@type":"PropertyValueSpecification","valueRequired":true,"valueName":"search_term_string"}}],"inLanguage":"fr-FR"},{"@type":"Organization","@id":"https:\/\/qingdaohf.com\/bg\/#organization","name":"Qingdao H&F","url":"https:\/\/qingdaohf.com\/bg\/","logo":{"@type":"ImageObject","inLanguage":"fr-FR","@id":"https:\/\/qingdaohf.com\/bg\/#\/schema\/logo\/image\/","url":"https:\/\/qingdaohf.com\/wp-content\/uploads\/2022\/12\/cropped-HF-LOGO.png","contentUrl":"https:\/\/qingdaohf.com\/wp-content\/uploads\/2022\/12\/cropped-HF-LOGO.png","width":391,"height":249,"caption":"Qingdao H&F"},"image":{"@id":"https:\/\/qingdaohf.com\/bg\/#\/schema\/logo\/image\/"},"sameAs":["https:\/\/www.facebook.com\/qingdaohf"]}]}},"_links":{"self":[{"href":"https:\/\/qingdaohf.com\/fr\/wp-json\/wp\/v2\/product\/2666","targetHints":{"allow":["GET"]}}],"collection":[{"href":"https:\/\/qingdaohf.com\/fr\/wp-json\/wp\/v2\/product"}],"about":[{"href":"https:\/\/qingdaohf.com\/fr\/wp-json\/wp\/v2\/types\/product"}],"replies":[{"embeddable":true,"href":"https:\/\/qingdaohf.com\/fr\/wp-json\/wp\/v2\/comments?post=2666"}],"version-history":[{"count":2,"href":"https:\/\/qingdaohf.com\/fr\/wp-json\/wp\/v2\/product\/2666\/revisions"}],"predecessor-version":[{"id":5360,"href":"https:\/\/qingdaohf.com\/fr\/wp-json\/wp\/v2\/product\/2666\/revisions\/5360"}],"wp:featuredmedia":[{"embeddable":true,"href":"https:\/\/qingdaohf.com\/fr\/wp-json\/wp\/v2\/media\/3411"}],"wp:attachment":[{"href":"https:\/\/qingdaohf.com\/fr\/wp-json\/wp\/v2\/media?parent=2666"}],"wp:term":[{"taxonomy":"product_brand","embeddable":true,"href":"https:\/\/qingdaohf.com\/fr\/wp-json\/wp\/v2\/product_brand?post=2666"},{"taxonomy":"product_cat","embeddable":true,"href":"https:\/\/qingdaohf.com\/fr\/wp-json\/wp\/v2\/product_cat?post=2666"},{"taxonomy":"product_tag","embeddable":true,"href":"https:\/\/qingdaohf.com\/fr\/wp-json\/wp\/v2\/product_tag?post=2666"}],"curies":[{"name":"wp","href":"https:\/\/api.w.org\/{rel}","templated":true}]}}