{"id":3304,"date":"2023-04-07T19:18:06","date_gmt":"2023-04-07T11:18:06","guid":{"rendered":"http:\/\/qingdaohf.com\/?post_type=product&#038;p=3304"},"modified":"2025-11-13T09:05:30","modified_gmt":"2025-11-13T01:05:30","slug":"fixing-sockets","status":"publish","type":"product","link":"https:\/\/qingdaohf.com\/fr\/produit\/douilles-de-fixation\/","title":{"rendered":"Douilles de fixation avec broche en croix | queue courb\u00e9e | queue ondul\u00e9e"},"content":{"rendered":"<h2>Douilles de fixation avec goupille en croix<\/h2>\n<p>La fixation de douilles \u00e0 l'aide de goupilles en croix est une m\u00e9thode permettant de relier deux pi\u00e8ces ou composants entre eux. Elle implique l'utilisation d'une douille, qui est un cylindre creux avec un trou au centre, et d'une goupille en croix, qui est une goupille cylindrique avec quatre bras qui s'\u00e9tendent \u00e0 partir du centre. La goupille en croix est ins\u00e9r\u00e9e dans le trou de la douille et les bras de la goupille sont ensuite align\u00e9s sur les trous correspondants des composants \u00e0 connecter.<\/p>\n<p>Une fois la goupille transversale en place, elle est fix\u00e9e \u00e0 l'aide d'un \u00e9l\u00e9ment de fixation tel qu'un \u00e9crou ou une goupille fendue. Cela cr\u00e9e une connexion solide et fiable entre les deux composants et permet un d\u00e9montage et un remontage faciles si n\u00e9cessaire.<\/p>\n<p>Les douilles de fixation avec broches transversales sont couramment utilis\u00e9es dans les applications m\u00e9caniques et automobiles, ainsi que dans l'assemblage de meubles et d'autres industries o\u00f9 une connexion s\u00fbre et facilement amovible est n\u00e9cessaire.<\/p>\n<p><img fetchpriority=\"high\" decoding=\"async\" class=\"alignnone size-full wp-image-3309\" src=\"http:\/\/qingdaohf.com\/wp-content\/uploads\/2023\/04\/53-2.jpg\" alt=\"\" width=\"1200\" height=\"380\" srcset=\"https:\/\/qingdaohf.com\/wp-content\/uploads\/2023\/04\/53-2.jpg 1200w, https:\/\/qingdaohf.com\/wp-content\/uploads\/2023\/04\/53-2-300x95.jpg 300w, https:\/\/qingdaohf.com\/wp-content\/uploads\/2023\/04\/53-2-1024x324.jpg 1024w, https:\/\/qingdaohf.com\/wp-content\/uploads\/2023\/04\/53-2-768x243.jpg 768w, https:\/\/qingdaohf.com\/wp-content\/uploads\/2023\/04\/53-2-1000x317.jpg 1000w\" sizes=\"(max-width: 1200px) 100vw, 1200px\" \/><\/p>\n<h2>Fixation des douilles \u00e0 queue courb\u00e9e<\/h2>\n<p>Les prises \u00e0 queue courb\u00e9e sont des prises qui ont \u00e9t\u00e9 endommag\u00e9es en raison d'une force ou d'une pression excessive, ce qui a entra\u00een\u00e9 une courbure ou un d\u00e9salignement de la queue ou de la tige de la prise. Cela peut entra\u00eener des probl\u00e8mes de connexion entre la prise de courant et la prise \u00e9lectrique, avec pour cons\u00e9quence une mauvaise connectivit\u00e9, des \u00e9tincelles et m\u00eame un risque d'incendie \u00e9lectrique.<\/p>\n<p>R\u00e9parer des prises de courant dont la queue est tordue est une t\u00e2che courante qui n\u00e9cessite quelques connaissances de base en mati\u00e8re de c\u00e2blage \u00e9lectrique et de proc\u00e9dures de s\u00e9curit\u00e9. Si vous n'avez pas confiance en vos capacit\u00e9s \u00e0 r\u00e9parer une prise endommag\u00e9e, il est pr\u00e9f\u00e9rable de faire appel \u00e0 un \u00e9lectricien agr\u00e9\u00e9.<\/p>\n<p>Toutefois, si vous \u00eates pr\u00eat \u00e0 vous atteler \u00e0 la t\u00e2che, le processus de r\u00e9paration d'une prise de courant dont la queue est tordue comporte plusieurs \u00e9tapes : couper l'alimentation de la prise, retirer la prise endommag\u00e9e, la remplacer par une nouvelle prise et tester le branchement pour s'assurer qu'il fonctionne correctement. En suivant les proc\u00e9dures et les mesures de s\u00e9curit\u00e9 appropri\u00e9es, vous pouvez r\u00e9parer une prise endommag\u00e9e et assurer la s\u00e9curit\u00e9 de votre syst\u00e8me \u00e9lectrique.<\/p>\n<p><img decoding=\"async\" class=\"alignnone size-full wp-image-3310\" src=\"http:\/\/qingdaohf.com\/wp-content\/uploads\/2023\/04\/53-3.jpg\" alt=\"Douille de fixation\" width=\"1200\" height=\"436\" srcset=\"https:\/\/qingdaohf.com\/wp-content\/uploads\/2023\/04\/53-3.jpg 1200w, https:\/\/qingdaohf.com\/wp-content\/uploads\/2023\/04\/53-3-300x109.jpg 300w, https:\/\/qingdaohf.com\/wp-content\/uploads\/2023\/04\/53-3-1024x372.jpg 1024w, https:\/\/qingdaohf.com\/wp-content\/uploads\/2023\/04\/53-3-768x279.jpg 768w, https:\/\/qingdaohf.com\/wp-content\/uploads\/2023\/04\/53-3-1000x363.jpg 1000w\" sizes=\"(max-width: 1200px) 100vw, 1200px\" \/><\/p>\n<h2>Fixation des prises avec queue ondul\u00e9e<\/h2>\n<p>Les douilles de fixation \u00e0 queue ondul\u00e9e sont un type d'accessoire de coffrage utilis\u00e9 dans les projets de construction. Elles sont g\u00e9n\u00e9ralement en acier et servent \u00e0 fixer les panneaux de coffrage ou d'autres mat\u00e9riaux de coffrage en place pendant le coulage et la prise du b\u00e9ton.<\/p>\n<p>La conception ondul\u00e9e de ces douilles de fixation permet de fixer et de retirer facilement les panneaux de coffrage sans avoir besoin d'outils ou de mat\u00e9riel suppl\u00e9mentaire. Cette caract\u00e9ristique les rend particuli\u00e8rement utiles pour les projets o\u00f9 le temps et l'efficacit\u00e9 sont des facteurs importants.<\/p>\n<p>Les douilles de fixation \u00e0 queue ondul\u00e9e sont disponibles en diff\u00e9rentes tailles et peuvent \u00eatre utilis\u00e9es avec diff\u00e9rents types de syst\u00e8mes de coffrage, y compris les coffrages en contreplaqu\u00e9, en acier et en aluminium. Elles sont con\u00e7ues pour assurer une connexion s\u00fbre et stable entre le coffrage et la structure en b\u00e9ton, garantissant que le produit final est solide, durable et conforme \u00e0 toutes les normes de s\u00e9curit\u00e9 n\u00e9cessaires.<\/p>\n<p><img decoding=\"async\" class=\"alignnone wp-image-3330 size-full\" src=\"http:\/\/qingdaohf.com\/wp-content\/uploads\/2023\/04\/54-1-1-e1681089645147.jpg\" alt=\"TAB\" width=\"1200\" height=\"432\" srcset=\"https:\/\/qingdaohf.com\/wp-content\/uploads\/2023\/04\/54-1-1-e1681089645147.jpg 1200w, https:\/\/qingdaohf.com\/wp-content\/uploads\/2023\/04\/54-1-1-e1681089645147-300x108.jpg 300w, https:\/\/qingdaohf.com\/wp-content\/uploads\/2023\/04\/54-1-1-e1681089645147-1024x369.jpg 1024w, https:\/\/qingdaohf.com\/wp-content\/uploads\/2023\/04\/54-1-1-e1681089645147-768x276.jpg 768w, https:\/\/qingdaohf.com\/wp-content\/uploads\/2023\/04\/54-1-1-e1681089645147-1000x360.jpg 1000w\" sizes=\"(max-width: 1200px) 100vw, 1200px\" \/><\/p>\n<h2 class=\"product_title entry-title elementor-heading-title elementor-size-default\">Douilles de fixation Cheville :<\/h2>\n<p class=\"product_title entry-title elementor-heading-title elementor-size-default\"><a href=\"https:\/\/qingdaohf.com\/fr\/produit\/douilles-de-fixation-cheville\/\">Vous pouvez cliquer ici pour voir les d\u00e9tails de Fixing Sockets Dowel.Fixing Sockets Dowel<\/a><\/p>\n<p><img loading=\"lazy\" decoding=\"async\" class=\"alignnone wp-image-3303 size-full\" src=\"http:\/\/qingdaohf.com\/wp-content\/uploads\/2023\/03\/\u672a\u6807\u9898-1-1.jpg\" alt=\"onglet\" width=\"1200\" height=\"553\" srcset=\"https:\/\/qingdaohf.com\/wp-content\/uploads\/2023\/03\/\u672a\u6807\u9898-1-1.jpg 1200w, https:\/\/qingdaohf.com\/wp-content\/uploads\/2023\/03\/\u672a\u6807\u9898-1-1-300x138.jpg 300w, https:\/\/qingdaohf.com\/wp-content\/uploads\/2023\/03\/\u672a\u6807\u9898-1-1-1024x472.jpg 1024w, https:\/\/qingdaohf.com\/wp-content\/uploads\/2023\/03\/\u672a\u6807\u9898-1-1-768x354.jpg 768w, https:\/\/qingdaohf.com\/wp-content\/uploads\/2023\/03\/\u672a\u6807\u9898-1-1-1000x461.jpg 1000w\" sizes=\"(max-width: 1200px) 100vw, 1200px\" \/><\/p>","protected":false},"excerpt":{"rendered":"<p>Les douilles de fixation pour le coffrage du b\u00e9ton sont un type d'accessoire de construction utilis\u00e9 dans le processus de coffrage du b\u00e9ton. Ils sont g\u00e9n\u00e9ralement en acier et servent \u00e0 fixer les panneaux de coffrage ou d'autres mat\u00e9riaux de coffrage en place pendant le coulage et la prise du b\u00e9ton.<\/p>","protected":false},"featured_media":3305,"comment_status":"open","ping_status":"closed","template":"","meta":{"site-sidebar-layout":"default","site-content-layout":"default","ast-site-content-layout":"default","site-content-style":"default","site-sidebar-style":"default","ast-global-header-display":"","ast-banner-title-visibility":"","ast-main-header-display":"","ast-hfb-above-header-display":"","ast-hfb-below-header-display":"","ast-hfb-mobile-header-display":"","site-post-title":"","ast-breadcrumbs-content":"","ast-featured-img":"","footer-sml-layout":"","theme-transparent-header-meta":"default","adv-header-id-meta":"","stick-header-meta":"default","header-above-stick-meta":"","header-main-stick-meta":"","header-below-stick-meta":"","astra-migrate-meta-layouts":"set","ast-page-background-enabled":"default","ast-page-background-meta":{"desktop":{"background-color":"","background-image":"","background-repeat":"repeat","background-position":"center center","background-size":"auto","background-attachment":"scroll","background-type":"","background-media":"","overlay-type":"","overlay-color":"","overlay-opacity":"","overlay-gradient":""},"tablet":{"background-color":"","background-image":"","background-repeat":"repeat","background-position":"center center","background-size":"auto","background-attachment":"scroll","background-type":"","background-media":"","overlay-type":"","overlay-color":"","overlay-opacity":"","overlay-gradient":""},"mobile":{"background-color":"","background-image":"","background-repeat":"repeat","background-position":"center center","background-size":"auto","background-attachment":"scroll","background-type":"","background-media":"","overlay-type":"","overlay-color":"","overlay-opacity":"","overlay-gradient":""}},"ast-content-background-meta":{"desktop":{"background-color":"var(--ast-global-color-5)","background-image":"","background-repeat":"repeat","background-position":"center center","background-size":"auto","background-attachment":"scroll","background-type":"","background-media":"","overlay-type":"","overlay-color":"","overlay-opacity":"","overlay-gradient":""},"tablet":{"background-color":"var(--ast-global-color-5)","background-image":"","background-repeat":"repeat","background-position":"center center","background-size":"auto","background-attachment":"scroll","background-type":"","background-media":"","overlay-type":"","overlay-color":"","overlay-opacity":"","overlay-gradient":""},"mobile":{"background-color":"var(--ast-global-color-5)","background-image":"","background-repeat":"repeat","background-position":"center center","background-size":"auto","background-attachment":"scroll","background-type":"","background-media":"","overlay-type":"","overlay-color":"","overlay-opacity":"","overlay-gradient":""}}},"product_brand":[],"product_cat":[28],"product_tag":[],"class_list":{"0":"post-3304","1":"product","2":"type-product","3":"status-publish","4":"has-post-thumbnail","6":"product_cat-concrete-forming","7":"desktop-align-left","8":"tablet-align-left","9":"mobile-align-left","10":"ast-product-gallery-layout-horizontal-slider","11":"ast-product-tabs-layout-horizontal","13":"first","14":"instock","15":"shipping-taxable","16":"purchasable","17":"product-type-simple"},"yoast_head":"<!-- This site is optimized with the Yoast SEO plugin v25.2 - https:\/\/yoast.com\/wordpress\/plugins\/seo\/ -->\n<title>Fixing Sockets with Cross Pin | Bent Tail | Wavy Tail<\/title>\n<meta name=\"description\" content=\"Fixing Sockets with Cross Pin\/Bent Tail\/Wavy TailConcrete forming fixing sockets are a type of construction accessory used in the concrete forming process. They are typically made of steel and used to secure formwork panels or other forming materials in place during the pouring and setting of concrete.\" \/>\n<meta name=\"robots\" content=\"index, follow, max-snippet:-1, max-image-preview:large, max-video-preview:-1\" \/>\n<link rel=\"canonical\" href=\"https:\/\/qingdaohf.com\/fr\/produit\/douilles-de-fixation\/\" \/>\n<meta property=\"og:locale\" content=\"fr_FR\" \/>\n<meta property=\"og:type\" content=\"article\" \/>\n<meta property=\"og:title\" content=\"Fixing Sockets with Cross Pin | Bent Tail | Wavy Tail\" \/>\n<meta property=\"og:description\" content=\"Fixing Sockets with Cross Pin\/Bent Tail\/Wavy TailConcrete forming fixing sockets are a type of construction accessory used in the concrete forming process. They are typically made of steel and used to secure formwork panels or other forming materials in place during the pouring and setting of concrete.\" \/>\n<meta property=\"og:url\" content=\"https:\/\/qingdaohf.com\/fr\/produit\/douilles-de-fixation\/\" \/>\n<meta property=\"og:site_name\" content=\"Concrete Form &amp; Rigging Hardware Supplier\" \/>\n<meta property=\"article:publisher\" content=\"https:\/\/www.facebook.com\/qingdaohf\" \/>\n<meta property=\"article:modified_time\" content=\"2025-11-13T01:05:30+00:00\" \/>\n<meta property=\"og:image\" content=\"https:\/\/qingdaohf.com\/wp-content\/uploads\/2023\/04\/Fixing-Socket-2.jpg\" \/>\n\t<meta property=\"og:image:width\" content=\"1000\" \/>\n\t<meta property=\"og:image:height\" content=\"1000\" \/>\n\t<meta property=\"og:image:type\" content=\"image\/jpeg\" \/>\n<meta name=\"twitter:card\" content=\"summary_large_image\" \/>\n<meta name=\"twitter:label1\" content=\"Dur\u00e9e de lecture estim\u00e9e\" \/>\n\t<meta name=\"twitter:data1\" content=\"4 minutes\" \/>\n<script type=\"application\/ld+json\" class=\"yoast-schema-graph\">{\"@context\":\"https:\/\/schema.org\",\"@graph\":[{\"@type\":\"WebPage\",\"@id\":\"https:\/\/qingdaohf.com\/product\/fixing-sockets\/\",\"url\":\"https:\/\/qingdaohf.com\/product\/fixing-sockets\/\",\"name\":\"Fixing Sockets with Cross Pin | Bent Tail | Wavy Tail\",\"isPartOf\":{\"@id\":\"https:\/\/qingdaohf.com\/bg\/#website\"},\"primaryImageOfPage\":{\"@id\":\"https:\/\/qingdaohf.com\/product\/fixing-sockets\/#primaryimage\"},\"image\":{\"@id\":\"https:\/\/qingdaohf.com\/product\/fixing-sockets\/#primaryimage\"},\"thumbnailUrl\":\"https:\/\/qingdaohf.com\/wp-content\/uploads\/2023\/04\/Fixing-Socket-2.jpg\",\"datePublished\":\"2023-04-07T11:18:06+00:00\",\"dateModified\":\"2025-11-13T01:05:30+00:00\",\"description\":\"Fixing Sockets with Cross Pin\/Bent Tail\/Wavy TailConcrete forming fixing sockets are a type of construction accessory used in the concrete forming process. They are typically made of steel and used to secure formwork panels or other forming materials in place during the pouring and setting of concrete.\",\"breadcrumb\":{\"@id\":\"https:\/\/qingdaohf.com\/product\/fixing-sockets\/#breadcrumb\"},\"inLanguage\":\"fr-FR\",\"potentialAction\":[{\"@type\":\"ReadAction\",\"target\":[\"https:\/\/qingdaohf.com\/product\/fixing-sockets\/\"]}]},{\"@type\":\"ImageObject\",\"inLanguage\":\"fr-FR\",\"@id\":\"https:\/\/qingdaohf.com\/product\/fixing-sockets\/#primaryimage\",\"url\":\"https:\/\/qingdaohf.com\/wp-content\/uploads\/2023\/04\/Fixing-Socket-2.jpg\",\"contentUrl\":\"https:\/\/qingdaohf.com\/wp-content\/uploads\/2023\/04\/Fixing-Socket-2.jpg\",\"width\":1000,\"height\":1000,\"caption\":\"Fixing Socket\"},{\"@type\":\"BreadcrumbList\",\"@id\":\"https:\/\/qingdaohf.com\/product\/fixing-sockets\/#breadcrumb\",\"itemListElement\":[{\"@type\":\"ListItem\",\"position\":1,\"name\":\"Home\",\"item\":\"https:\/\/qingdaohf.com\/\"},{\"@type\":\"ListItem\",\"position\":2,\"name\":\"Concrete Forming Accessories and Rigging Hardware\",\"item\":\"https:\/\/qingdaohf.com\/bg\/?page_id=944\"},{\"@type\":\"ListItem\",\"position\":3,\"name\":\"Fixing Sockets with Cross Pin | Bent Tail | Wavy Tail\"}]},{\"@type\":\"WebSite\",\"@id\":\"https:\/\/qingdaohf.com\/bg\/#website\",\"url\":\"https:\/\/qingdaohf.com\/bg\/\",\"name\":\"Concrete Form & Rigging Hardware Supplier\",\"description\":\"\",\"publisher\":{\"@id\":\"https:\/\/qingdaohf.com\/bg\/#organization\"},\"potentialAction\":[{\"@type\":\"SearchAction\",\"target\":{\"@type\":\"EntryPoint\",\"urlTemplate\":\"https:\/\/qingdaohf.com\/bg\/?s={search_term_string}\"},\"query-input\":{\"@type\":\"PropertyValueSpecification\",\"valueRequired\":true,\"valueName\":\"search_term_string\"}}],\"inLanguage\":\"fr-FR\"},{\"@type\":\"Organization\",\"@id\":\"https:\/\/qingdaohf.com\/bg\/#organization\",\"name\":\"Qingdao H&F\",\"url\":\"https:\/\/qingdaohf.com\/bg\/\",\"logo\":{\"@type\":\"ImageObject\",\"inLanguage\":\"fr-FR\",\"@id\":\"https:\/\/qingdaohf.com\/bg\/#\/schema\/logo\/image\/\",\"url\":\"https:\/\/qingdaohf.com\/wp-content\/uploads\/2022\/12\/cropped-HF-LOGO.png\",\"contentUrl\":\"https:\/\/qingdaohf.com\/wp-content\/uploads\/2022\/12\/cropped-HF-LOGO.png\",\"width\":391,\"height\":249,\"caption\":\"Qingdao H&F\"},\"image\":{\"@id\":\"https:\/\/qingdaohf.com\/bg\/#\/schema\/logo\/image\/\"},\"sameAs\":[\"https:\/\/www.facebook.com\/qingdaohf\"]}]}<\/script>\n<!-- \/ Yoast SEO plugin. -->","yoast_head_json":{"title":"Fixing Sockets with Cross Pin | Bent Tail | Wavy Tail","description":"Fixing Sockets with Cross Pin\/Bent Tail\/Wavy TailConcrete forming fixing sockets are a type of construction accessory used in the concrete forming process. They are typically made of steel and used to secure formwork panels or other forming materials in place during the pouring and setting of concrete.","robots":{"index":"index","follow":"follow","max-snippet":"max-snippet:-1","max-image-preview":"max-image-preview:large","max-video-preview":"max-video-preview:-1"},"canonical":"https:\/\/qingdaohf.com\/fr\/produit\/douilles-de-fixation\/","og_locale":"fr_FR","og_type":"article","og_title":"Fixing Sockets with Cross Pin | Bent Tail | Wavy Tail","og_description":"Fixing Sockets with Cross Pin\/Bent Tail\/Wavy TailConcrete forming fixing sockets are a type of construction accessory used in the concrete forming process. They are typically made of steel and used to secure formwork panels or other forming materials in place during the pouring and setting of concrete.","og_url":"https:\/\/qingdaohf.com\/fr\/produit\/douilles-de-fixation\/","og_site_name":"Concrete Form &amp; Rigging Hardware Supplier","article_publisher":"https:\/\/www.facebook.com\/qingdaohf","article_modified_time":"2025-11-13T01:05:30+00:00","og_image":[{"width":1000,"height":1000,"url":"https:\/\/qingdaohf.com\/wp-content\/uploads\/2023\/04\/Fixing-Socket-2.jpg","type":"image\/jpeg"}],"twitter_card":"summary_large_image","twitter_misc":{"Dur\u00e9e de lecture estim\u00e9e":"4 minutes"},"schema":{"@context":"https:\/\/schema.org","@graph":[{"@type":"WebPage","@id":"https:\/\/qingdaohf.com\/product\/fixing-sockets\/","url":"https:\/\/qingdaohf.com\/product\/fixing-sockets\/","name":"Fixing Sockets with Cross Pin | Bent Tail | Wavy Tail","isPartOf":{"@id":"https:\/\/qingdaohf.com\/bg\/#website"},"primaryImageOfPage":{"@id":"https:\/\/qingdaohf.com\/product\/fixing-sockets\/#primaryimage"},"image":{"@id":"https:\/\/qingdaohf.com\/product\/fixing-sockets\/#primaryimage"},"thumbnailUrl":"https:\/\/qingdaohf.com\/wp-content\/uploads\/2023\/04\/Fixing-Socket-2.jpg","datePublished":"2023-04-07T11:18:06+00:00","dateModified":"2025-11-13T01:05:30+00:00","description":"Fixing Sockets with Cross Pin\/Bent Tail\/Wavy TailConcrete forming fixing sockets are a type of construction accessory used in the concrete forming process. They are typically made of steel and used to secure formwork panels or other forming materials in place during the pouring and setting of concrete.","breadcrumb":{"@id":"https:\/\/qingdaohf.com\/product\/fixing-sockets\/#breadcrumb"},"inLanguage":"fr-FR","potentialAction":[{"@type":"ReadAction","target":["https:\/\/qingdaohf.com\/product\/fixing-sockets\/"]}]},{"@type":"ImageObject","inLanguage":"fr-FR","@id":"https:\/\/qingdaohf.com\/product\/fixing-sockets\/#primaryimage","url":"https:\/\/qingdaohf.com\/wp-content\/uploads\/2023\/04\/Fixing-Socket-2.jpg","contentUrl":"https:\/\/qingdaohf.com\/wp-content\/uploads\/2023\/04\/Fixing-Socket-2.jpg","width":1000,"height":1000,"caption":"Fixing Socket"},{"@type":"BreadcrumbList","@id":"https:\/\/qingdaohf.com\/product\/fixing-sockets\/#breadcrumb","itemListElement":[{"@type":"ListItem","position":1,"name":"Home","item":"https:\/\/qingdaohf.com\/"},{"@type":"ListItem","position":2,"name":"Concrete Forming Accessories and Rigging Hardware","item":"https:\/\/qingdaohf.com\/bg\/?page_id=944"},{"@type":"ListItem","position":3,"name":"Fixing Sockets with Cross Pin | Bent Tail | Wavy Tail"}]},{"@type":"WebSite","@id":"https:\/\/qingdaohf.com\/bg\/#website","url":"https:\/\/qingdaohf.com\/bg\/","name":"Concrete Form & Rigging Hardware Supplier","description":"","publisher":{"@id":"https:\/\/qingdaohf.com\/bg\/#organization"},"potentialAction":[{"@type":"SearchAction","target":{"@type":"EntryPoint","urlTemplate":"https:\/\/qingdaohf.com\/bg\/?s={search_term_string}"},"query-input":{"@type":"PropertyValueSpecification","valueRequired":true,"valueName":"search_term_string"}}],"inLanguage":"fr-FR"},{"@type":"Organization","@id":"https:\/\/qingdaohf.com\/bg\/#organization","name":"Qingdao H&F","url":"https:\/\/qingdaohf.com\/bg\/","logo":{"@type":"ImageObject","inLanguage":"fr-FR","@id":"https:\/\/qingdaohf.com\/bg\/#\/schema\/logo\/image\/","url":"https:\/\/qingdaohf.com\/wp-content\/uploads\/2022\/12\/cropped-HF-LOGO.png","contentUrl":"https:\/\/qingdaohf.com\/wp-content\/uploads\/2022\/12\/cropped-HF-LOGO.png","width":391,"height":249,"caption":"Qingdao H&F"},"image":{"@id":"https:\/\/qingdaohf.com\/bg\/#\/schema\/logo\/image\/"},"sameAs":["https:\/\/www.facebook.com\/qingdaohf"]}]}},"_links":{"self":[{"href":"https:\/\/qingdaohf.com\/fr\/wp-json\/wp\/v2\/product\/3304","targetHints":{"allow":["GET"]}}],"collection":[{"href":"https:\/\/qingdaohf.com\/fr\/wp-json\/wp\/v2\/product"}],"about":[{"href":"https:\/\/qingdaohf.com\/fr\/wp-json\/wp\/v2\/types\/product"}],"replies":[{"embeddable":true,"href":"https:\/\/qingdaohf.com\/fr\/wp-json\/wp\/v2\/comments?post=3304"}],"version-history":[{"count":2,"href":"https:\/\/qingdaohf.com\/fr\/wp-json\/wp\/v2\/product\/3304\/revisions"}],"predecessor-version":[{"id":7185,"href":"https:\/\/qingdaohf.com\/fr\/wp-json\/wp\/v2\/product\/3304\/revisions\/7185"}],"wp:featuredmedia":[{"embeddable":true,"href":"https:\/\/qingdaohf.com\/fr\/wp-json\/wp\/v2\/media\/3305"}],"wp:attachment":[{"href":"https:\/\/qingdaohf.com\/fr\/wp-json\/wp\/v2\/media?parent=3304"}],"wp:term":[{"taxonomy":"product_brand","embeddable":true,"href":"https:\/\/qingdaohf.com\/fr\/wp-json\/wp\/v2\/product_brand?post=3304"},{"taxonomy":"product_cat","embeddable":true,"href":"https:\/\/qingdaohf.com\/fr\/wp-json\/wp\/v2\/product_cat?post=3304"},{"taxonomy":"product_tag","embeddable":true,"href":"https:\/\/qingdaohf.com\/fr\/wp-json\/wp\/v2\/product_tag?post=3304"}],"curies":[{"name":"wp","href":"https:\/\/api.w.org\/{rel}","templated":true}]}}