{"id":3565,"date":"2023-04-10T19:01:37","date_gmt":"2023-04-10T11:01:37","guid":{"rendered":"http:\/\/qingdaohf.com\/?post_type=product&#038;p=3565"},"modified":"2025-11-13T09:05:12","modified_gmt":"2025-11-13T01:05:12","slug":"thimble","status":"publish","type":"product","link":"https:\/\/qingdaohf.com\/fr\/produit\/de-a-coudre\/","title":{"rendered":"Cosses pour c\u00e2bles m\u00e9talliques Cosses pour c\u00e2bles en acier"},"content":{"rendered":"<p><img fetchpriority=\"high\" decoding=\"async\" class=\"alignnone wp-image-9487 size-full\" src=\"http:\/\/qingdaohf.com\/wp-content\/uploads\/2025\/04\/wire-rope-description-7.webp\" alt=\"virole\" width=\"600\" height=\"774\" srcset=\"https:\/\/qingdaohf.com\/wp-content\/uploads\/2025\/04\/wire-rope-description-7.webp 600w, https:\/\/qingdaohf.com\/wp-content\/uploads\/2025\/04\/wire-rope-description-7-233x300.webp 233w, https:\/\/qingdaohf.com\/wp-content\/uploads\/2025\/04\/wire-rope-description-7-9x12.webp 9w\" sizes=\"(max-width: 600px) 100vw, 600px\" \/><\/p>\n<p>La cosse est g\u00e9n\u00e9ralement fabriqu\u00e9e dans des mat\u00e9riaux durables tels que l'acier inoxydable ou l'acier galvanis\u00e9, afin d'assurer sa solidit\u00e9 et sa r\u00e9sistance \u00e0 la corrosion. Il a une forme cylindrique ou ovale avec une ouverture \u00e0 une extr\u00e9mit\u00e9, permettant le passage du c\u00e2ble m\u00e9tallique. L'autre extr\u00e9mit\u00e9 de la cosse est g\u00e9n\u00e9ralement ferm\u00e9e, formant ainsi un point d'attache s\u00fbr.<\/p>\n<p>Le but premier d'une cosse pour c\u00e2ble d'acier est de pr\u00e9venir les dommages au c\u00e2ble d'acier caus\u00e9s par le contact direct avec les connecteurs ou les raccords. Lorsqu'une boucle est form\u00e9e dans un c\u00e2ble d'acier, la cosse est ins\u00e9r\u00e9e pour soutenir et prot\u00e9ger le c\u00e2ble de l'usure et de la d\u00e9formation, en particulier sous des charges lourdes ou des mouvements r\u00e9p\u00e9titifs. Elle aide \u00e0 r\u00e9partir la charge uniform\u00e9ment sur le c\u00e2ble et minimise les concentrations de contraintes, prolongeant ainsi la dur\u00e9e de vie du c\u00e2ble d'acier.<\/p>\n<p>Les cosses jouent \u00e9galement un r\u00f4le crucial dans le maintien de l'int\u00e9grit\u00e9 des \u00e9lingues et des assemblages de c\u00e2bles m\u00e9talliques. L'incorporation d'une cosse dans l'\u0153il d'une \u00e9lingue en c\u00e2ble m\u00e9tallique emp\u00eache l'\u00e9lingue d'\u00eatre \u00e9cras\u00e9e ou pinc\u00e9e lorsqu'elle est utilis\u00e9e avec des crochets, des manilles ou d'autres accessoires de levage. Cela renforce la s\u00e9curit\u00e9 et la fiabilit\u00e9 des op\u00e9rations de levage et pr\u00e9serve l'int\u00e9grit\u00e9 structurelle du c\u00e2ble m\u00e9tallique.<\/p>\n<div class=\"ast-oembed-container\" style=\"height: 100%;\"><iframe title=\"Cosses pour c\u00e2bles m\u00e9talliques\" width=\"500\" height=\"281\" src=\"https:\/\/www.youtube.com\/embed\/Kj-AQ0vnLeM?feature=oembed\" frameborder=\"0\" allow=\"accelerometer; autoplay; clipboard-write; encrypted-media; gyroscope; picture-in-picture; web-share\" referrerpolicy=\"strict-origin-when-cross-origin\" allowfullscreen><\/iframe><\/div>\n<p><img decoding=\"async\" class=\"alignnone size-full wp-image-3567\" src=\"http:\/\/qingdaohf.com\/wp-content\/uploads\/2023\/04\/1-10.jpg\" alt=\"D\u00e9 \u00e0 coudre\" width=\"1080\" height=\"1398\" srcset=\"https:\/\/qingdaohf.com\/wp-content\/uploads\/2023\/04\/1-10.jpg 1080w, https:\/\/qingdaohf.com\/wp-content\/uploads\/2023\/04\/1-10-232x300.jpg 232w, https:\/\/qingdaohf.com\/wp-content\/uploads\/2023\/04\/1-10-791x1024.jpg 791w, https:\/\/qingdaohf.com\/wp-content\/uploads\/2023\/04\/1-10-768x994.jpg 768w, https:\/\/qingdaohf.com\/wp-content\/uploads\/2023\/04\/1-10-1000x1294.jpg 1000w\" sizes=\"(max-width: 1080px) 100vw, 1080px\" \/><\/p>","protected":false},"excerpt":{"rendered":"<p>La cosse de c\u00e2ble m\u00e9tallique est un petit dispositif m\u00e9tallique con\u00e7u pour prot\u00e9ger et renforcer une boucle ou un \u0153illet form\u00e9 dans un c\u00e2ble m\u00e9tallique. Il est couramment utilis\u00e9 dans diverses industries et applications o\u00f9 des c\u00e2bles d'acier sont utilis\u00e9s, telles que la marine, la construction et le gr\u00e9ement.<\/p>","protected":false},"featured_media":6180,"comment_status":"open","ping_status":"closed","template":"","meta":{"site-sidebar-layout":"default","site-content-layout":"default","ast-site-content-layout":"default","site-content-style":"default","site-sidebar-style":"default","ast-global-header-display":"","ast-banner-title-visibility":"","ast-main-header-display":"","ast-hfb-above-header-display":"","ast-hfb-below-header-display":"","ast-hfb-mobile-header-display":"","site-post-title":"","ast-breadcrumbs-content":"","ast-featured-img":"","footer-sml-layout":"","theme-transparent-header-meta":"default","adv-header-id-meta":"","stick-header-meta":"default","header-above-stick-meta":"","header-main-stick-meta":"","header-below-stick-meta":"","astra-migrate-meta-layouts":"set","ast-page-background-enabled":"default","ast-page-background-meta":{"desktop":{"background-color":"","background-image":"","background-repeat":"repeat","background-position":"center center","background-size":"auto","background-attachment":"scroll","background-type":"","background-media":"","overlay-type":"","overlay-color":"","overlay-opacity":"","overlay-gradient":""},"tablet":{"background-color":"","background-image":"","background-repeat":"repeat","background-position":"center center","background-size":"auto","background-attachment":"scroll","background-type":"","background-media":"","overlay-type":"","overlay-color":"","overlay-opacity":"","overlay-gradient":""},"mobile":{"background-color":"","background-image":"","background-repeat":"repeat","background-position":"center center","background-size":"auto","background-attachment":"scroll","background-type":"","background-media":"","overlay-type":"","overlay-color":"","overlay-opacity":"","overlay-gradient":""}},"ast-content-background-meta":{"desktop":{"background-color":"var(--ast-global-color-5)","background-image":"","background-repeat":"repeat","background-position":"center center","background-size":"auto","background-attachment":"scroll","background-type":"","background-media":"","overlay-type":"","overlay-color":"","overlay-opacity":"","overlay-gradient":""},"tablet":{"background-color":"var(--ast-global-color-5)","background-image":"","background-repeat":"repeat","background-position":"center center","background-size":"auto","background-attachment":"scroll","background-type":"","background-media":"","overlay-type":"","overlay-color":"","overlay-opacity":"","overlay-gradient":""},"mobile":{"background-color":"var(--ast-global-color-5)","background-image":"","background-repeat":"repeat","background-position":"center center","background-size":"auto","background-attachment":"scroll","background-type":"","background-media":"","overlay-type":"","overlay-color":"","overlay-opacity":"","overlay-gradient":""}}},"product_brand":[],"product_cat":[37,44],"product_tag":[],"class_list":{"0":"post-3565","1":"product","2":"type-product","3":"status-publish","4":"has-post-thumbnail","6":"product_cat-wire-rope","7":"product_cat-stainless-steel-poduct","8":"desktop-align-left","9":"tablet-align-left","10":"mobile-align-left","11":"ast-product-gallery-layout-horizontal-slider","12":"ast-product-tabs-layout-horizontal","14":"first","15":"instock","16":"shipping-taxable","17":"purchasable","18":"product-type-simple"},"yoast_head":"<!-- This site is optimized with the Yoast SEO plugin v25.2 - https:\/\/yoast.com\/wordpress\/plugins\/seo\/ -->\n<title>Wire Rope Thimble Steel Cable Thimble<\/title>\n<meta name=\"description\" content=\"A wire rope thimble is a small metal device designed to protect and reinforce a loop or eyelet formed in a wire rope. It is commonly used in various industries and applications where wire ropes are used, such as marine, construction, and rigging.\" \/>\n<meta name=\"robots\" content=\"index, follow, max-snippet:-1, max-image-preview:large, max-video-preview:-1\" \/>\n<link rel=\"canonical\" href=\"https:\/\/qingdaohf.com\/fr\/produit\/de-a-coudre\/\" \/>\n<meta property=\"og:locale\" content=\"fr_FR\" \/>\n<meta property=\"og:type\" content=\"article\" \/>\n<meta property=\"og:title\" content=\"Wire Rope Thimble Steel Cable Thimble\" \/>\n<meta property=\"og:description\" content=\"A wire rope thimble is a small metal device designed to protect and reinforce a loop or eyelet formed in a wire rope. It is commonly used in various industries and applications where wire ropes are used, such as marine, construction, and rigging.\" \/>\n<meta property=\"og:url\" content=\"https:\/\/qingdaohf.com\/fr\/produit\/de-a-coudre\/\" \/>\n<meta property=\"og:site_name\" content=\"Concrete Form &amp; Rigging Hardware Supplier\" \/>\n<meta property=\"article:publisher\" content=\"https:\/\/www.facebook.com\/qingdaohf\" \/>\n<meta property=\"article:modified_time\" content=\"2025-11-13T01:05:12+00:00\" \/>\n<meta property=\"og:image\" content=\"https:\/\/qingdaohf.com\/wp-content\/uploads\/2023\/04\/Thimble-1.jpg\" \/>\n\t<meta property=\"og:image:width\" content=\"800\" \/>\n\t<meta property=\"og:image:height\" content=\"800\" \/>\n\t<meta property=\"og:image:type\" content=\"image\/jpeg\" \/>\n<meta name=\"twitter:card\" content=\"summary_large_image\" \/>\n<meta name=\"twitter:label1\" content=\"Dur\u00e9e de lecture estim\u00e9e\" \/>\n\t<meta name=\"twitter:data1\" content=\"2 minutes\" \/>\n<script type=\"application\/ld+json\" class=\"yoast-schema-graph\">{\"@context\":\"https:\/\/schema.org\",\"@graph\":[{\"@type\":\"WebPage\",\"@id\":\"https:\/\/qingdaohf.com\/product\/thimble\/\",\"url\":\"https:\/\/qingdaohf.com\/product\/thimble\/\",\"name\":\"Wire Rope Thimble Steel Cable Thimble\",\"isPartOf\":{\"@id\":\"https:\/\/qingdaohf.com\/bg\/#website\"},\"primaryImageOfPage\":{\"@id\":\"https:\/\/qingdaohf.com\/product\/thimble\/#primaryimage\"},\"image\":{\"@id\":\"https:\/\/qingdaohf.com\/product\/thimble\/#primaryimage\"},\"thumbnailUrl\":\"https:\/\/qingdaohf.com\/wp-content\/uploads\/2023\/12\/wire-rope-thimble.jpg\",\"datePublished\":\"2023-04-10T11:01:37+00:00\",\"dateModified\":\"2025-11-13T01:05:12+00:00\",\"description\":\"A wire rope thimble is a small metal device designed to protect and reinforce a loop or eyelet formed in a wire rope. It is commonly used in various industries and applications where wire ropes are used, such as marine, construction, and rigging.\",\"breadcrumb\":{\"@id\":\"https:\/\/qingdaohf.com\/product\/thimble\/#breadcrumb\"},\"inLanguage\":\"fr-FR\",\"potentialAction\":[{\"@type\":\"ReadAction\",\"target\":[\"https:\/\/qingdaohf.com\/product\/thimble\/\"]}]},{\"@type\":\"ImageObject\",\"inLanguage\":\"fr-FR\",\"@id\":\"https:\/\/qingdaohf.com\/product\/thimble\/#primaryimage\",\"url\":\"https:\/\/qingdaohf.com\/wp-content\/uploads\/2023\/12\/wire-rope-thimble.jpg\",\"contentUrl\":\"https:\/\/qingdaohf.com\/wp-content\/uploads\/2023\/12\/wire-rope-thimble.jpg\",\"width\":1000,\"height\":1000,\"caption\":\"wire rope thimble\"},{\"@type\":\"BreadcrumbList\",\"@id\":\"https:\/\/qingdaohf.com\/product\/thimble\/#breadcrumb\",\"itemListElement\":[{\"@type\":\"ListItem\",\"position\":1,\"name\":\"Home\",\"item\":\"https:\/\/qingdaohf.com\/\"},{\"@type\":\"ListItem\",\"position\":2,\"name\":\"Concrete Forming Accessories and Rigging Hardware\",\"item\":\"https:\/\/qingdaohf.com\/bg\/?page_id=944\"},{\"@type\":\"ListItem\",\"position\":3,\"name\":\"Wire Rope Thimble Steel Cable Thimble\"}]},{\"@type\":\"WebSite\",\"@id\":\"https:\/\/qingdaohf.com\/bg\/#website\",\"url\":\"https:\/\/qingdaohf.com\/bg\/\",\"name\":\"Concrete Form & Rigging Hardware Supplier\",\"description\":\"\",\"publisher\":{\"@id\":\"https:\/\/qingdaohf.com\/bg\/#organization\"},\"potentialAction\":[{\"@type\":\"SearchAction\",\"target\":{\"@type\":\"EntryPoint\",\"urlTemplate\":\"https:\/\/qingdaohf.com\/bg\/?s={search_term_string}\"},\"query-input\":{\"@type\":\"PropertyValueSpecification\",\"valueRequired\":true,\"valueName\":\"search_term_string\"}}],\"inLanguage\":\"fr-FR\"},{\"@type\":\"Organization\",\"@id\":\"https:\/\/qingdaohf.com\/bg\/#organization\",\"name\":\"Qingdao H&F\",\"url\":\"https:\/\/qingdaohf.com\/bg\/\",\"logo\":{\"@type\":\"ImageObject\",\"inLanguage\":\"fr-FR\",\"@id\":\"https:\/\/qingdaohf.com\/bg\/#\/schema\/logo\/image\/\",\"url\":\"https:\/\/qingdaohf.com\/wp-content\/uploads\/2022\/12\/cropped-HF-LOGO.png\",\"contentUrl\":\"https:\/\/qingdaohf.com\/wp-content\/uploads\/2022\/12\/cropped-HF-LOGO.png\",\"width\":391,\"height\":249,\"caption\":\"Qingdao H&F\"},\"image\":{\"@id\":\"https:\/\/qingdaohf.com\/bg\/#\/schema\/logo\/image\/\"},\"sameAs\":[\"https:\/\/www.facebook.com\/qingdaohf\"]}]}<\/script>\n<!-- \/ Yoast SEO plugin. -->","yoast_head_json":{"title":"Wire Rope Thimble Steel Cable Thimble","description":"A wire rope thimble is a small metal device designed to protect and reinforce a loop or eyelet formed in a wire rope. It is commonly used in various industries and applications where wire ropes are used, such as marine, construction, and rigging.","robots":{"index":"index","follow":"follow","max-snippet":"max-snippet:-1","max-image-preview":"max-image-preview:large","max-video-preview":"max-video-preview:-1"},"canonical":"https:\/\/qingdaohf.com\/fr\/produit\/de-a-coudre\/","og_locale":"fr_FR","og_type":"article","og_title":"Wire Rope Thimble Steel Cable Thimble","og_description":"A wire rope thimble is a small metal device designed to protect and reinforce a loop or eyelet formed in a wire rope. It is commonly used in various industries and applications where wire ropes are used, such as marine, construction, and rigging.","og_url":"https:\/\/qingdaohf.com\/fr\/produit\/de-a-coudre\/","og_site_name":"Concrete Form &amp; Rigging Hardware Supplier","article_publisher":"https:\/\/www.facebook.com\/qingdaohf","article_modified_time":"2025-11-13T01:05:12+00:00","og_image":[{"width":800,"height":800,"url":"https:\/\/qingdaohf.com\/wp-content\/uploads\/2023\/04\/Thimble-1.jpg","type":"image\/jpeg"}],"twitter_card":"summary_large_image","twitter_misc":{"Dur\u00e9e de lecture estim\u00e9e":"2 minutes"},"schema":{"@context":"https:\/\/schema.org","@graph":[{"@type":"WebPage","@id":"https:\/\/qingdaohf.com\/product\/thimble\/","url":"https:\/\/qingdaohf.com\/product\/thimble\/","name":"Wire Rope Thimble Steel Cable Thimble","isPartOf":{"@id":"https:\/\/qingdaohf.com\/bg\/#website"},"primaryImageOfPage":{"@id":"https:\/\/qingdaohf.com\/product\/thimble\/#primaryimage"},"image":{"@id":"https:\/\/qingdaohf.com\/product\/thimble\/#primaryimage"},"thumbnailUrl":"https:\/\/qingdaohf.com\/wp-content\/uploads\/2023\/12\/wire-rope-thimble.jpg","datePublished":"2023-04-10T11:01:37+00:00","dateModified":"2025-11-13T01:05:12+00:00","description":"A wire rope thimble is a small metal device designed to protect and reinforce a loop or eyelet formed in a wire rope. It is commonly used in various industries and applications where wire ropes are used, such as marine, construction, and rigging.","breadcrumb":{"@id":"https:\/\/qingdaohf.com\/product\/thimble\/#breadcrumb"},"inLanguage":"fr-FR","potentialAction":[{"@type":"ReadAction","target":["https:\/\/qingdaohf.com\/product\/thimble\/"]}]},{"@type":"ImageObject","inLanguage":"fr-FR","@id":"https:\/\/qingdaohf.com\/product\/thimble\/#primaryimage","url":"https:\/\/qingdaohf.com\/wp-content\/uploads\/2023\/12\/wire-rope-thimble.jpg","contentUrl":"https:\/\/qingdaohf.com\/wp-content\/uploads\/2023\/12\/wire-rope-thimble.jpg","width":1000,"height":1000,"caption":"wire rope thimble"},{"@type":"BreadcrumbList","@id":"https:\/\/qingdaohf.com\/product\/thimble\/#breadcrumb","itemListElement":[{"@type":"ListItem","position":1,"name":"Home","item":"https:\/\/qingdaohf.com\/"},{"@type":"ListItem","position":2,"name":"Concrete Forming Accessories and Rigging Hardware","item":"https:\/\/qingdaohf.com\/bg\/?page_id=944"},{"@type":"ListItem","position":3,"name":"Wire Rope Thimble Steel Cable Thimble"}]},{"@type":"WebSite","@id":"https:\/\/qingdaohf.com\/bg\/#website","url":"https:\/\/qingdaohf.com\/bg\/","name":"Concrete Form & Rigging Hardware Supplier","description":"","publisher":{"@id":"https:\/\/qingdaohf.com\/bg\/#organization"},"potentialAction":[{"@type":"SearchAction","target":{"@type":"EntryPoint","urlTemplate":"https:\/\/qingdaohf.com\/bg\/?s={search_term_string}"},"query-input":{"@type":"PropertyValueSpecification","valueRequired":true,"valueName":"search_term_string"}}],"inLanguage":"fr-FR"},{"@type":"Organization","@id":"https:\/\/qingdaohf.com\/bg\/#organization","name":"Qingdao H&F","url":"https:\/\/qingdaohf.com\/bg\/","logo":{"@type":"ImageObject","inLanguage":"fr-FR","@id":"https:\/\/qingdaohf.com\/bg\/#\/schema\/logo\/image\/","url":"https:\/\/qingdaohf.com\/wp-content\/uploads\/2022\/12\/cropped-HF-LOGO.png","contentUrl":"https:\/\/qingdaohf.com\/wp-content\/uploads\/2022\/12\/cropped-HF-LOGO.png","width":391,"height":249,"caption":"Qingdao H&F"},"image":{"@id":"https:\/\/qingdaohf.com\/bg\/#\/schema\/logo\/image\/"},"sameAs":["https:\/\/www.facebook.com\/qingdaohf"]}]}},"_links":{"self":[{"href":"https:\/\/qingdaohf.com\/fr\/wp-json\/wp\/v2\/product\/3565","targetHints":{"allow":["GET"]}}],"collection":[{"href":"https:\/\/qingdaohf.com\/fr\/wp-json\/wp\/v2\/product"}],"about":[{"href":"https:\/\/qingdaohf.com\/fr\/wp-json\/wp\/v2\/types\/product"}],"replies":[{"embeddable":true,"href":"https:\/\/qingdaohf.com\/fr\/wp-json\/wp\/v2\/comments?post=3565"}],"version-history":[{"count":3,"href":"https:\/\/qingdaohf.com\/fr\/wp-json\/wp\/v2\/product\/3565\/revisions"}],"predecessor-version":[{"id":9493,"href":"https:\/\/qingdaohf.com\/fr\/wp-json\/wp\/v2\/product\/3565\/revisions\/9493"}],"wp:featuredmedia":[{"embeddable":true,"href":"https:\/\/qingdaohf.com\/fr\/wp-json\/wp\/v2\/media\/6180"}],"wp:attachment":[{"href":"https:\/\/qingdaohf.com\/fr\/wp-json\/wp\/v2\/media?parent=3565"}],"wp:term":[{"taxonomy":"product_brand","embeddable":true,"href":"https:\/\/qingdaohf.com\/fr\/wp-json\/wp\/v2\/product_brand?post=3565"},{"taxonomy":"product_cat","embeddable":true,"href":"https:\/\/qingdaohf.com\/fr\/wp-json\/wp\/v2\/product_cat?post=3565"},{"taxonomy":"product_tag","embeddable":true,"href":"https:\/\/qingdaohf.com\/fr\/wp-json\/wp\/v2\/product_tag?post=3565"}],"curies":[{"name":"wp","href":"https:\/\/api.w.org\/{rel}","templated":true}]}}