{"id":3839,"date":"2023-05-19T17:06:54","date_gmt":"2023-05-19T09:06:54","guid":{"rendered":"http:\/\/qingdaohf.com\/?post_type=product&#038;p=3839"},"modified":"2025-11-13T09:05:11","modified_gmt":"2025-11-13T01:05:11","slug":"g2160-galvanized-shackle","status":"publish","type":"product","link":"https:\/\/qingdaohf.com\/fr\/produit\/g2160-manille-galvanisee\/","title":{"rendered":"G2160 S2160 Manille galvanis\u00e9e \u00e0 corps large"},"content":{"rendered":"<p>Fabriqu\u00e9e en acier de haute qualit\u00e9, la manille galvanis\u00e9e G2160 subit un processus de galvanisation afin d'am\u00e9liorer sa r\u00e9sistance \u00e0 la corrosion et sa durabilit\u00e9 globale. Le rev\u00eatement galvanis\u00e9, constitu\u00e9 d'une couche protectrice de zinc, prot\u00e8ge la manille de la rouille et de la corrosion, ce qui permet de l'utiliser dans des environnements exigeants, notamment en ext\u00e9rieur et dans des applications marines.<\/p>\n<p>La manille galvanis\u00e9e G2160 est con\u00e7ue en forme d'arc, ce qui permet d'attacher et de d\u00e9tacher facilement les \u00e9l\u00e9ments de levage tels que les cha\u00eenes, les c\u00e2bles m\u00e9talliques et les \u00e9lingues. Elle int\u00e8gre une goupille ou un boulon filet\u00e9 pour une fixation s\u00fbre, garantissant une fermeture fiable et \u00e9tanche pendant les op\u00e9rations de levage. La manille est g\u00e9n\u00e9ralement marqu\u00e9e de sa limite de charge de travail (WLL) et d'autres sp\u00e9cifications pertinentes pour garantir une utilisation s\u00fbre et appropri\u00e9e.<\/p>\n<p>Disponible en diff\u00e9rentes tailles et configurations, la manille galvanis\u00e9e G2160 peut s'adapter \u00e0 une large gamme de limites de charge de travail, ce qui permet une grande flexibilit\u00e9 dans les diff\u00e9rentes applications de levage. Il est essentiel de s\u00e9lectionner la manille appropri\u00e9e en fonction des exigences de charge et des conditions de travail sp\u00e9cifiques afin de garantir une s\u00e9curit\u00e9 et des performances optimales.<\/p>\n<p>Gr\u00e2ce \u00e0 sa construction robuste et \u00e0 son rev\u00eatement galvanis\u00e9, la manille galvanis\u00e9e G2160 constitue une solution fiable et durable pour les besoins de gr\u00e9ement \u00e0 usage intensif. Sa solidit\u00e9 et sa r\u00e9sistance \u00e0 la corrosion en font un choix de confiance pour les professionnels \u00e0 la recherche d'un point de connexion s\u00fbr et durable pour leurs op\u00e9rations de levage et d'arrimage.<\/p>\n<p><img fetchpriority=\"high\" decoding=\"async\" class=\"alignnone size-full wp-image-3842\" src=\"http:\/\/qingdaohf.com\/wp-content\/uploads\/2023\/05\/G2160.jpg\" alt=\"G2160 Manille\" width=\"1000\" height=\"1219\" srcset=\"https:\/\/qingdaohf.com\/wp-content\/uploads\/2023\/05\/G2160.jpg 1000w, https:\/\/qingdaohf.com\/wp-content\/uploads\/2023\/05\/G2160-246x300.jpg 246w, https:\/\/qingdaohf.com\/wp-content\/uploads\/2023\/05\/G2160-840x1024.jpg 840w, https:\/\/qingdaohf.com\/wp-content\/uploads\/2023\/05\/G2160-768x936.jpg 768w\" sizes=\"(max-width: 1000px) 100vw, 1000px\" \/><\/p>\n<p><img decoding=\"async\" class=\"alignnone size-full wp-image-3843\" src=\"http:\/\/qingdaohf.com\/wp-content\/uploads\/2023\/05\/G2160E.jpg\" alt=\"G2160E\" width=\"1000\" height=\"895\" srcset=\"https:\/\/qingdaohf.com\/wp-content\/uploads\/2023\/05\/G2160E.jpg 1000w, https:\/\/qingdaohf.com\/wp-content\/uploads\/2023\/05\/G2160E-300x269.jpg 300w, https:\/\/qingdaohf.com\/wp-content\/uploads\/2023\/05\/G2160E-768x687.jpg 768w\" sizes=\"(max-width: 1000px) 100vw, 1000px\" \/><\/p>","protected":false},"excerpt":{"rendered":"<p>La manille galvanis\u00e9e G2160 est un composant de gr\u00e9ement robuste con\u00e7u pour assurer des connexions fiables et s\u00fbres lors des op\u00e9rations de levage et d'arrimage. Cette manille est largement utilis\u00e9e dans les industries telles que la construction, la marine et le transport o\u00f9 un mat\u00e9riel de gr\u00e9ement robuste est n\u00e9cessaire.<\/p>","protected":false},"featured_media":4563,"comment_status":"open","ping_status":"closed","template":"","meta":{"site-sidebar-layout":"default","site-content-layout":"default","ast-site-content-layout":"default","site-content-style":"default","site-sidebar-style":"default","ast-global-header-display":"","ast-banner-title-visibility":"","ast-main-header-display":"","ast-hfb-above-header-display":"","ast-hfb-below-header-display":"","ast-hfb-mobile-header-display":"","site-post-title":"","ast-breadcrumbs-content":"","ast-featured-img":"","footer-sml-layout":"","theme-transparent-header-meta":"default","adv-header-id-meta":"","stick-header-meta":"default","header-above-stick-meta":"","header-main-stick-meta":"","header-below-stick-meta":"","astra-migrate-meta-layouts":"set","ast-page-background-enabled":"default","ast-page-background-meta":{"desktop":{"background-color":"","background-image":"","background-repeat":"repeat","background-position":"center center","background-size":"auto","background-attachment":"scroll","background-type":"","background-media":"","overlay-type":"","overlay-color":"","overlay-opacity":"","overlay-gradient":""},"tablet":{"background-color":"","background-image":"","background-repeat":"repeat","background-position":"center center","background-size":"auto","background-attachment":"scroll","background-type":"","background-media":"","overlay-type":"","overlay-color":"","overlay-opacity":"","overlay-gradient":""},"mobile":{"background-color":"","background-image":"","background-repeat":"repeat","background-position":"center center","background-size":"auto","background-attachment":"scroll","background-type":"","background-media":"","overlay-type":"","overlay-color":"","overlay-opacity":"","overlay-gradient":""}},"ast-content-background-meta":{"desktop":{"background-color":"var(--ast-global-color-5)","background-image":"","background-repeat":"repeat","background-position":"center center","background-size":"auto","background-attachment":"scroll","background-type":"","background-media":"","overlay-type":"","overlay-color":"","overlay-opacity":"","overlay-gradient":""},"tablet":{"background-color":"var(--ast-global-color-5)","background-image":"","background-repeat":"repeat","background-position":"center center","background-size":"auto","background-attachment":"scroll","background-type":"","background-media":"","overlay-type":"","overlay-color":"","overlay-opacity":"","overlay-gradient":""},"mobile":{"background-color":"var(--ast-global-color-5)","background-image":"","background-repeat":"repeat","background-position":"center center","background-size":"auto","background-attachment":"scroll","background-type":"","background-media":"","overlay-type":"","overlay-color":"","overlay-opacity":"","overlay-gradient":""}}},"product_brand":[],"product_cat":[54],"product_tag":[],"class_list":{"0":"post-3839","1":"product","2":"type-product","3":"status-publish","4":"has-post-thumbnail","6":"product_cat-shackle","7":"desktop-align-left","8":"tablet-align-left","9":"mobile-align-left","10":"ast-product-gallery-layout-horizontal-slider","11":"ast-product-tabs-layout-horizontal","13":"first","14":"instock","15":"shipping-taxable","16":"purchasable","17":"product-type-simple"},"yoast_head":"<!-- This site is optimized with the Yoast SEO plugin v25.2 - https:\/\/yoast.com\/wordpress\/plugins\/seo\/ -->\n<title>G2160 S2160 Galvanized Wide Body Shackle<\/title>\n<meta name=\"description\" content=\"G2160 Shackle is a heavy-duty rigging component designed for reliable and secure connections in lifting and securing operations.\" \/>\n<meta name=\"robots\" content=\"index, follow, max-snippet:-1, max-image-preview:large, max-video-preview:-1\" \/>\n<link rel=\"canonical\" href=\"https:\/\/qingdaohf.com\/fr\/produit\/g2160-manille-galvanisee\/\" \/>\n<meta property=\"og:locale\" content=\"fr_FR\" \/>\n<meta property=\"og:type\" content=\"article\" \/>\n<meta property=\"og:title\" content=\"G2160 S2160 Galvanized Wide Body Shackle\" \/>\n<meta property=\"og:description\" content=\"G2160 Shackle is a heavy-duty rigging component designed for reliable and secure connections in lifting and securing operations.\" \/>\n<meta property=\"og:url\" content=\"https:\/\/qingdaohf.com\/fr\/produit\/g2160-manille-galvanisee\/\" \/>\n<meta property=\"og:site_name\" content=\"Concrete Form &amp; Rigging Hardware Supplier\" \/>\n<meta property=\"article:publisher\" content=\"https:\/\/www.facebook.com\/qingdaohf\" \/>\n<meta property=\"article:modified_time\" content=\"2025-11-13T01:05:11+00:00\" \/>\n<meta property=\"og:image\" content=\"https:\/\/qingdaohf.com\/wp-content\/uploads\/2023\/05\/1-2-2.jpg\" \/>\n\t<meta property=\"og:image:width\" content=\"1000\" \/>\n\t<meta property=\"og:image:height\" content=\"1000\" \/>\n\t<meta property=\"og:image:type\" content=\"image\/jpeg\" \/>\n<meta name=\"twitter:card\" content=\"summary_large_image\" \/>\n<meta name=\"twitter:label1\" content=\"Dur\u00e9e de lecture estim\u00e9e\" \/>\n\t<meta name=\"twitter:data1\" content=\"2 minutes\" \/>\n<script type=\"application\/ld+json\" class=\"yoast-schema-graph\">{\"@context\":\"https:\/\/schema.org\",\"@graph\":[{\"@type\":\"WebPage\",\"@id\":\"https:\/\/qingdaohf.com\/product\/g2160-galvanized-shackle\/\",\"url\":\"https:\/\/qingdaohf.com\/product\/g2160-galvanized-shackle\/\",\"name\":\"G2160 S2160 Galvanized Wide Body Shackle\",\"isPartOf\":{\"@id\":\"https:\/\/qingdaohf.com\/bg\/#website\"},\"primaryImageOfPage\":{\"@id\":\"https:\/\/qingdaohf.com\/product\/g2160-galvanized-shackle\/#primaryimage\"},\"image\":{\"@id\":\"https:\/\/qingdaohf.com\/product\/g2160-galvanized-shackle\/#primaryimage\"},\"thumbnailUrl\":\"https:\/\/qingdaohf.com\/wp-content\/uploads\/2023\/05\/1-2-2.jpg\",\"datePublished\":\"2023-05-19T09:06:54+00:00\",\"dateModified\":\"2025-11-13T01:05:11+00:00\",\"description\":\"G2160 Shackle is a heavy-duty rigging component designed for reliable and secure connections in lifting and securing operations.\",\"breadcrumb\":{\"@id\":\"https:\/\/qingdaohf.com\/product\/g2160-galvanized-shackle\/#breadcrumb\"},\"inLanguage\":\"fr-FR\",\"potentialAction\":[{\"@type\":\"ReadAction\",\"target\":[\"https:\/\/qingdaohf.com\/product\/g2160-galvanized-shackle\/\"]}]},{\"@type\":\"ImageObject\",\"inLanguage\":\"fr-FR\",\"@id\":\"https:\/\/qingdaohf.com\/product\/g2160-galvanized-shackle\/#primaryimage\",\"url\":\"https:\/\/qingdaohf.com\/wp-content\/uploads\/2023\/05\/1-2-2.jpg\",\"contentUrl\":\"https:\/\/qingdaohf.com\/wp-content\/uploads\/2023\/05\/1-2-2.jpg\",\"width\":1000,\"height\":1000,\"caption\":\"shackle\"},{\"@type\":\"BreadcrumbList\",\"@id\":\"https:\/\/qingdaohf.com\/product\/g2160-galvanized-shackle\/#breadcrumb\",\"itemListElement\":[{\"@type\":\"ListItem\",\"position\":1,\"name\":\"Home\",\"item\":\"https:\/\/qingdaohf.com\/\"},{\"@type\":\"ListItem\",\"position\":2,\"name\":\"Concrete Forming Accessories and Rigging Hardware\",\"item\":\"https:\/\/qingdaohf.com\/bg\/?page_id=944\"},{\"@type\":\"ListItem\",\"position\":3,\"name\":\"G2160 S2160 Galvanized Wide Body Shackle\"}]},{\"@type\":\"WebSite\",\"@id\":\"https:\/\/qingdaohf.com\/bg\/#website\",\"url\":\"https:\/\/qingdaohf.com\/bg\/\",\"name\":\"Concrete Form & Rigging Hardware Supplier\",\"description\":\"\",\"publisher\":{\"@id\":\"https:\/\/qingdaohf.com\/bg\/#organization\"},\"potentialAction\":[{\"@type\":\"SearchAction\",\"target\":{\"@type\":\"EntryPoint\",\"urlTemplate\":\"https:\/\/qingdaohf.com\/bg\/?s={search_term_string}\"},\"query-input\":{\"@type\":\"PropertyValueSpecification\",\"valueRequired\":true,\"valueName\":\"search_term_string\"}}],\"inLanguage\":\"fr-FR\"},{\"@type\":\"Organization\",\"@id\":\"https:\/\/qingdaohf.com\/bg\/#organization\",\"name\":\"Qingdao H&F\",\"url\":\"https:\/\/qingdaohf.com\/bg\/\",\"logo\":{\"@type\":\"ImageObject\",\"inLanguage\":\"fr-FR\",\"@id\":\"https:\/\/qingdaohf.com\/bg\/#\/schema\/logo\/image\/\",\"url\":\"https:\/\/qingdaohf.com\/wp-content\/uploads\/2022\/12\/cropped-HF-LOGO.png\",\"contentUrl\":\"https:\/\/qingdaohf.com\/wp-content\/uploads\/2022\/12\/cropped-HF-LOGO.png\",\"width\":391,\"height\":249,\"caption\":\"Qingdao H&F\"},\"image\":{\"@id\":\"https:\/\/qingdaohf.com\/bg\/#\/schema\/logo\/image\/\"},\"sameAs\":[\"https:\/\/www.facebook.com\/qingdaohf\"]}]}<\/script>\n<!-- \/ Yoast SEO plugin. -->","yoast_head_json":{"title":"G2160 S2160 Galvanized Wide Body Shackle","description":"G2160 Shackle is a heavy-duty rigging component designed for reliable and secure connections in lifting and securing operations.","robots":{"index":"index","follow":"follow","max-snippet":"max-snippet:-1","max-image-preview":"max-image-preview:large","max-video-preview":"max-video-preview:-1"},"canonical":"https:\/\/qingdaohf.com\/fr\/produit\/g2160-manille-galvanisee\/","og_locale":"fr_FR","og_type":"article","og_title":"G2160 S2160 Galvanized Wide Body Shackle","og_description":"G2160 Shackle is a heavy-duty rigging component designed for reliable and secure connections in lifting and securing operations.","og_url":"https:\/\/qingdaohf.com\/fr\/produit\/g2160-manille-galvanisee\/","og_site_name":"Concrete Form &amp; Rigging Hardware Supplier","article_publisher":"https:\/\/www.facebook.com\/qingdaohf","article_modified_time":"2025-11-13T01:05:11+00:00","og_image":[{"width":1000,"height":1000,"url":"https:\/\/qingdaohf.com\/wp-content\/uploads\/2023\/05\/1-2-2.jpg","type":"image\/jpeg"}],"twitter_card":"summary_large_image","twitter_misc":{"Dur\u00e9e de lecture estim\u00e9e":"2 minutes"},"schema":{"@context":"https:\/\/schema.org","@graph":[{"@type":"WebPage","@id":"https:\/\/qingdaohf.com\/product\/g2160-galvanized-shackle\/","url":"https:\/\/qingdaohf.com\/product\/g2160-galvanized-shackle\/","name":"G2160 S2160 Galvanized Wide Body Shackle","isPartOf":{"@id":"https:\/\/qingdaohf.com\/bg\/#website"},"primaryImageOfPage":{"@id":"https:\/\/qingdaohf.com\/product\/g2160-galvanized-shackle\/#primaryimage"},"image":{"@id":"https:\/\/qingdaohf.com\/product\/g2160-galvanized-shackle\/#primaryimage"},"thumbnailUrl":"https:\/\/qingdaohf.com\/wp-content\/uploads\/2023\/05\/1-2-2.jpg","datePublished":"2023-05-19T09:06:54+00:00","dateModified":"2025-11-13T01:05:11+00:00","description":"G2160 Shackle is a heavy-duty rigging component designed for reliable and secure connections in lifting and securing operations.","breadcrumb":{"@id":"https:\/\/qingdaohf.com\/product\/g2160-galvanized-shackle\/#breadcrumb"},"inLanguage":"fr-FR","potentialAction":[{"@type":"ReadAction","target":["https:\/\/qingdaohf.com\/product\/g2160-galvanized-shackle\/"]}]},{"@type":"ImageObject","inLanguage":"fr-FR","@id":"https:\/\/qingdaohf.com\/product\/g2160-galvanized-shackle\/#primaryimage","url":"https:\/\/qingdaohf.com\/wp-content\/uploads\/2023\/05\/1-2-2.jpg","contentUrl":"https:\/\/qingdaohf.com\/wp-content\/uploads\/2023\/05\/1-2-2.jpg","width":1000,"height":1000,"caption":"shackle"},{"@type":"BreadcrumbList","@id":"https:\/\/qingdaohf.com\/product\/g2160-galvanized-shackle\/#breadcrumb","itemListElement":[{"@type":"ListItem","position":1,"name":"Home","item":"https:\/\/qingdaohf.com\/"},{"@type":"ListItem","position":2,"name":"Concrete Forming Accessories and Rigging Hardware","item":"https:\/\/qingdaohf.com\/bg\/?page_id=944"},{"@type":"ListItem","position":3,"name":"G2160 S2160 Galvanized Wide Body Shackle"}]},{"@type":"WebSite","@id":"https:\/\/qingdaohf.com\/bg\/#website","url":"https:\/\/qingdaohf.com\/bg\/","name":"Concrete Form & Rigging Hardware Supplier","description":"","publisher":{"@id":"https:\/\/qingdaohf.com\/bg\/#organization"},"potentialAction":[{"@type":"SearchAction","target":{"@type":"EntryPoint","urlTemplate":"https:\/\/qingdaohf.com\/bg\/?s={search_term_string}"},"query-input":{"@type":"PropertyValueSpecification","valueRequired":true,"valueName":"search_term_string"}}],"inLanguage":"fr-FR"},{"@type":"Organization","@id":"https:\/\/qingdaohf.com\/bg\/#organization","name":"Qingdao H&F","url":"https:\/\/qingdaohf.com\/bg\/","logo":{"@type":"ImageObject","inLanguage":"fr-FR","@id":"https:\/\/qingdaohf.com\/bg\/#\/schema\/logo\/image\/","url":"https:\/\/qingdaohf.com\/wp-content\/uploads\/2022\/12\/cropped-HF-LOGO.png","contentUrl":"https:\/\/qingdaohf.com\/wp-content\/uploads\/2022\/12\/cropped-HF-LOGO.png","width":391,"height":249,"caption":"Qingdao H&F"},"image":{"@id":"https:\/\/qingdaohf.com\/bg\/#\/schema\/logo\/image\/"},"sameAs":["https:\/\/www.facebook.com\/qingdaohf"]}]}},"_links":{"self":[{"href":"https:\/\/qingdaohf.com\/fr\/wp-json\/wp\/v2\/product\/3839","targetHints":{"allow":["GET"]}}],"collection":[{"href":"https:\/\/qingdaohf.com\/fr\/wp-json\/wp\/v2\/product"}],"about":[{"href":"https:\/\/qingdaohf.com\/fr\/wp-json\/wp\/v2\/types\/product"}],"replies":[{"embeddable":true,"href":"https:\/\/qingdaohf.com\/fr\/wp-json\/wp\/v2\/comments?post=3839"}],"version-history":[{"count":2,"href":"https:\/\/qingdaohf.com\/fr\/wp-json\/wp\/v2\/product\/3839\/revisions"}],"predecessor-version":[{"id":6449,"href":"https:\/\/qingdaohf.com\/fr\/wp-json\/wp\/v2\/product\/3839\/revisions\/6449"}],"wp:featuredmedia":[{"embeddable":true,"href":"https:\/\/qingdaohf.com\/fr\/wp-json\/wp\/v2\/media\/4563"}],"wp:attachment":[{"href":"https:\/\/qingdaohf.com\/fr\/wp-json\/wp\/v2\/media?parent=3839"}],"wp:term":[{"taxonomy":"product_brand","embeddable":true,"href":"https:\/\/qingdaohf.com\/fr\/wp-json\/wp\/v2\/product_brand?post=3839"},{"taxonomy":"product_cat","embeddable":true,"href":"https:\/\/qingdaohf.com\/fr\/wp-json\/wp\/v2\/product_cat?post=3839"},{"taxonomy":"product_tag","embeddable":true,"href":"https:\/\/qingdaohf.com\/fr\/wp-json\/wp\/v2\/product_tag?post=3839"}],"curies":[{"name":"wp","href":"https:\/\/api.w.org\/{rel}","templated":true}]}}