{"id":3966,"date":"2023-05-24T17:30:12","date_gmt":"2023-05-24T09:30:12","guid":{"rendered":"http:\/\/qingdaohf.com\/?post_type=product&#038;p=3966"},"modified":"2025-11-13T09:05:10","modified_gmt":"2025-11-13T01:05:10","slug":"turnbuckle","status":"publish","type":"product","link":"https:\/\/qingdaohf.com\/fr\/produit\/tendeur\/","title":{"rendered":"M4-M20 Tendeur Fournisseur"},"content":{"rendered":"<h3>Une assurance qualit\u00e9 in\u00e9branlable :<\/h3>\n<p>Nos tendeurs en acier inoxydable et galvanis\u00e9 sont soumis \u00e0 un contr\u00f4le de qualit\u00e9 rigoureux avant chaque livraison, afin de garantir qu'ils respectent et d\u00e9passent les normes am\u00e9ricaines.<br \/>\nSoyez assur\u00e9s que nos produits sont construits pour durer, offrant une durabilit\u00e9, une fiabilit\u00e9 et une r\u00e9sistance \u00e0 la corrosion exceptionnelles.<\/p>\n<h3>Gamme de produits \u00e9tendue :<\/h3>\n<p>D\u00e9couvrez notre vaste s\u00e9lection de tendeurs, disponibles en diff\u00e9rentes tailles, configurations et capacit\u00e9s de charge pour r\u00e9pondre \u00e0 un large \u00e9ventail d'applications.<br \/>\nQue vous ayez besoin de tendeurs en acier inoxydable ou galvanis\u00e9, nous avons la solution parfaite pour vos projets.<\/p>\n<h3>Prix comp\u00e9titifs :<\/h3>\n<p>Nous sommes convaincus qu'il faut fournir des solutions rentables sans faire de compromis sur la qualit\u00e9. B\u00e9n\u00e9ficiez de prix comp\u00e9titifs et de remises en gros adapt\u00e9s \u00e0 votre budget.<br \/>\nNotre cha\u00eene d'approvisionnement efficace et nos processus rationalis\u00e9s nous permettent d'offrir des tarifs comp\u00e9titifs sans sacrifier l'excellence du produit.<\/p>\n<h3>Un soutien exceptionnel \u00e0 la client\u00e8le :<\/h3>\n<p>Notre \u00e9quipe de professionnels d\u00e9vou\u00e9s s'engage \u00e0 fournir une assistance client\u00e8le exceptionnelle \u00e0 chaque \u00e9tape de votre parcours d'achat.<br \/>\nQu'il s'agisse de questions sur les produits ou d'assistance apr\u00e8s-vente, nous sommes l\u00e0 pour r\u00e9pondre \u00e0 vos questions et pr\u00e9occupations de mani\u00e8re rapide et efficace.<\/p>\n<h3>Options de personnalisation :<\/h3>\n<p>Chaque projet est unique et nous proposons des services de personnalisation pour r\u00e9pondre \u00e0 vos besoins sp\u00e9cifiques.<br \/>\nQue vous ayez besoin de dimensions, de finitions ou de configurations personnalis\u00e9es, notre \u00e9quipe exp\u00e9riment\u00e9e peut vous fournir des solutions sur mesure pour r\u00e9pondre \u00e0 vos besoins exacts.<\/p>\n<h3>Livraison dans les d\u00e9lais :<\/h3>\n<p>Nous comprenons l'importance d'une livraison dans les d\u00e9lais pour que vos projets restent sur la bonne voie. Gr\u00e2ce \u00e0 une logistique efficace et \u00e0 des partenaires maritimes fiables, nous assurons une livraison rapide \u00e0 l'endroit souhait\u00e9.<\/p>\n<div class=\"ast-oembed-container\" style=\"height: 100%;\"><iframe title=\"Tendeur M20 en gros\" width=\"500\" height=\"281\" src=\"https:\/\/www.youtube.com\/embed\/WmfKiab5nys?feature=oembed\" frameborder=\"0\" allow=\"accelerometer; autoplay; clipboard-write; encrypted-media; gyroscope; picture-in-picture; web-share\" referrerpolicy=\"strict-origin-when-cross-origin\" allowfullscreen><\/iframe><\/div>\n<h3>Type de tendeur<\/h3>\n<h3><a href=\"https:\/\/qingdaohf.com\/fr\/produit\/crochet-crochet-tendeur\/\">Tendeur \u00e0 crochet<\/a><\/h3>\n<p><a href=\"https:\/\/qingdaohf.com\/fr\/produit\/crochet-crochet-tendeur\/\"><img fetchpriority=\"high\" decoding=\"async\" class=\"alignnone wp-image-3971\" src=\"http:\/\/qingdaohf.com\/wp-content\/uploads\/2023\/05\/HH.jpg\" alt=\"Tendeur crochet &amp; crochet\" width=\"500\" height=\"500\" srcset=\"https:\/\/qingdaohf.com\/wp-content\/uploads\/2023\/05\/HH.jpg 1000w, https:\/\/qingdaohf.com\/wp-content\/uploads\/2023\/05\/HH-300x300.jpg 300w, https:\/\/qingdaohf.com\/wp-content\/uploads\/2023\/05\/HH-150x150.jpg 150w, https:\/\/qingdaohf.com\/wp-content\/uploads\/2023\/05\/HH-768x768.jpg 768w, https:\/\/qingdaohf.com\/wp-content\/uploads\/2023\/05\/HH-500x500.jpg 500w, https:\/\/qingdaohf.com\/wp-content\/uploads\/2023\/05\/HH-100x100.jpg 100w\" sizes=\"(max-width: 500px) 100vw, 500px\" \/><\/a><\/p>\n<h3><a href=\"https:\/\/qingdaohf.com\/fr\/produit\/tendeur-a-crochet\/\">Tendeur \u00e0 crochet et \u00e0 \u0153il<\/a><\/h3>\n<p><a href=\"https:\/\/qingdaohf.com\/fr\/produit\/tendeur-a-crochet\/\"><img decoding=\"async\" class=\"alignnone wp-image-3972\" src=\"http:\/\/qingdaohf.com\/wp-content\/uploads\/2023\/05\/turnbuckle-5.jpg\" alt=\"Tendeur crochet &amp; crochet\" width=\"500\" height=\"500\" srcset=\"https:\/\/qingdaohf.com\/wp-content\/uploads\/2023\/05\/turnbuckle-5.jpg 1000w, https:\/\/qingdaohf.com\/wp-content\/uploads\/2023\/05\/turnbuckle-5-300x300.jpg 300w, https:\/\/qingdaohf.com\/wp-content\/uploads\/2023\/05\/turnbuckle-5-150x150.jpg 150w, https:\/\/qingdaohf.com\/wp-content\/uploads\/2023\/05\/turnbuckle-5-768x768.jpg 768w, https:\/\/qingdaohf.com\/wp-content\/uploads\/2023\/05\/turnbuckle-5-500x500.jpg 500w, https:\/\/qingdaohf.com\/wp-content\/uploads\/2023\/05\/turnbuckle-5-100x100.jpg 100w\" sizes=\"(max-width: 500px) 100vw, 500px\" \/><\/a><\/p>\n<h3><a href=\"https:\/\/qingdaohf.com\/fr\/produit\/anneau-doeil\/\">Tendeur \u0153il &amp; \u0153il<\/a><\/h3>\n<p><a href=\"https:\/\/qingdaohf.com\/fr\/produit\/anneau-doeil\/\"><img decoding=\"async\" class=\"alignnone wp-image-3973\" src=\"http:\/\/qingdaohf.com\/wp-content\/uploads\/2023\/05\/turnbuckle-41.jpg\" alt=\"Tendeur Eye&amp;Eye\" width=\"500\" height=\"500\" srcset=\"https:\/\/qingdaohf.com\/wp-content\/uploads\/2023\/05\/turnbuckle-41.jpg 1000w, https:\/\/qingdaohf.com\/wp-content\/uploads\/2023\/05\/turnbuckle-41-300x300.jpg 300w, https:\/\/qingdaohf.com\/wp-content\/uploads\/2023\/05\/turnbuckle-41-150x150.jpg 150w, https:\/\/qingdaohf.com\/wp-content\/uploads\/2023\/05\/turnbuckle-41-768x768.jpg 768w, https:\/\/qingdaohf.com\/wp-content\/uploads\/2023\/05\/turnbuckle-41-500x500.jpg 500w, https:\/\/qingdaohf.com\/wp-content\/uploads\/2023\/05\/turnbuckle-41-100x100.jpg 100w\" sizes=\"(max-width: 500px) 100vw, 500px\" \/><\/a><\/p>\n<h3><a href=\"https:\/\/qingdaohf.com\/fr\/produit\/machoire-de-loeil-jaw-eye-turnbuckle\/\">Tendeur \u00e0 m\u00e2choire et \u00e0 \u0153il<\/a><\/h3>\n<p><a href=\"https:\/\/qingdaohf.com\/fr\/produit\/machoire-de-loeil-jaw-eye-turnbuckle\/\"><img loading=\"lazy\" decoding=\"async\" class=\"alignnone wp-image-3974\" src=\"http:\/\/qingdaohf.com\/wp-content\/uploads\/2023\/05\/turnbuckle-1.jpg\" alt=\"JAW&amp;Eye Turnbuckle\" width=\"500\" height=\"500\" srcset=\"https:\/\/qingdaohf.com\/wp-content\/uploads\/2023\/05\/turnbuckle-1.jpg 1000w, https:\/\/qingdaohf.com\/wp-content\/uploads\/2023\/05\/turnbuckle-1-300x300.jpg 300w, https:\/\/qingdaohf.com\/wp-content\/uploads\/2023\/05\/turnbuckle-1-150x150.jpg 150w, https:\/\/qingdaohf.com\/wp-content\/uploads\/2023\/05\/turnbuckle-1-768x768.jpg 768w, https:\/\/qingdaohf.com\/wp-content\/uploads\/2023\/05\/turnbuckle-1-500x500.jpg 500w, https:\/\/qingdaohf.com\/wp-content\/uploads\/2023\/05\/turnbuckle-1-100x100.jpg 100w\" sizes=\"(max-width: 500px) 100vw, 500px\" \/><\/a><\/p>\n<h3><a href=\"https:\/\/qingdaohf.com\/fr\/produit\/machoire-machoire-tendeur\/\">Tendeur \u00e0 m\u00e2choires et \u00e0 m\u00e2choires<\/a><\/h3>\n<p><a href=\"https:\/\/qingdaohf.com\/fr\/produit\/machoire-machoire-tendeur\/\"><img loading=\"lazy\" decoding=\"async\" class=\"alignnone wp-image-3975\" src=\"http:\/\/qingdaohf.com\/wp-content\/uploads\/2023\/05\/turnbuckle-9.jpg\" alt=\"Tendeur \u00e0 m\u00e2choires et \u00e0 m\u00e2choires\" width=\"500\" height=\"500\" srcset=\"https:\/\/qingdaohf.com\/wp-content\/uploads\/2023\/05\/turnbuckle-9.jpg 1000w, https:\/\/qingdaohf.com\/wp-content\/uploads\/2023\/05\/turnbuckle-9-300x300.jpg 300w, https:\/\/qingdaohf.com\/wp-content\/uploads\/2023\/05\/turnbuckle-9-150x150.jpg 150w, https:\/\/qingdaohf.com\/wp-content\/uploads\/2023\/05\/turnbuckle-9-768x768.jpg 768w, https:\/\/qingdaohf.com\/wp-content\/uploads\/2023\/05\/turnbuckle-9-500x500.jpg 500w, https:\/\/qingdaohf.com\/wp-content\/uploads\/2023\/05\/turnbuckle-9-100x100.jpg 100w\" sizes=\"(max-width: 500px) 100vw, 500px\" \/><\/a><\/p>\n<p>&nbsp;<\/p>","protected":false},"excerpt":{"rendered":"<p>H&amp;F, votre premi\u00e8re destination pour des solutions de tendeurs adapt\u00e9es \u00e0 vos besoins. Avec plus de deux d\u00e9cennies d'expertise dans l'industrie, nous comprenons l'importance cruciale de la qualit\u00e9, de la fiabilit\u00e9 et de la livraison dans les d\u00e9lais.<\/p>","protected":false},"featured_media":3967,"comment_status":"open","ping_status":"closed","template":"","meta":{"site-sidebar-layout":"default","site-content-layout":"default","ast-site-content-layout":"default","site-content-style":"default","site-sidebar-style":"default","ast-global-header-display":"","ast-banner-title-visibility":"","ast-main-header-display":"","ast-hfb-above-header-display":"","ast-hfb-below-header-display":"","ast-hfb-mobile-header-display":"","site-post-title":"","ast-breadcrumbs-content":"","ast-featured-img":"","footer-sml-layout":"","theme-transparent-header-meta":"default","adv-header-id-meta":"","stick-header-meta":"default","header-above-stick-meta":"","header-main-stick-meta":"","header-below-stick-meta":"","astra-migrate-meta-layouts":"set","ast-page-background-enabled":"default","ast-page-background-meta":{"desktop":{"background-color":"","background-image":"","background-repeat":"repeat","background-position":"center center","background-size":"auto","background-attachment":"scroll","background-type":"","background-media":"","overlay-type":"","overlay-color":"","overlay-opacity":"","overlay-gradient":""},"tablet":{"background-color":"","background-image":"","background-repeat":"repeat","background-position":"center center","background-size":"auto","background-attachment":"scroll","background-type":"","background-media":"","overlay-type":"","overlay-color":"","overlay-opacity":"","overlay-gradient":""},"mobile":{"background-color":"","background-image":"","background-repeat":"repeat","background-position":"center center","background-size":"auto","background-attachment":"scroll","background-type":"","background-media":"","overlay-type":"","overlay-color":"","overlay-opacity":"","overlay-gradient":""}},"ast-content-background-meta":{"desktop":{"background-color":"var(--ast-global-color-5)","background-image":"","background-repeat":"repeat","background-position":"center center","background-size":"auto","background-attachment":"scroll","background-type":"","background-media":"","overlay-type":"","overlay-color":"","overlay-opacity":"","overlay-gradient":""},"tablet":{"background-color":"var(--ast-global-color-5)","background-image":"","background-repeat":"repeat","background-position":"center center","background-size":"auto","background-attachment":"scroll","background-type":"","background-media":"","overlay-type":"","overlay-color":"","overlay-opacity":"","overlay-gradient":""},"mobile":{"background-color":"var(--ast-global-color-5)","background-image":"","background-repeat":"repeat","background-position":"center center","background-size":"auto","background-attachment":"scroll","background-type":"","background-media":"","overlay-type":"","overlay-color":"","overlay-opacity":"","overlay-gradient":""}}},"product_brand":[],"product_cat":[56],"product_tag":[],"class_list":{"0":"post-3966","1":"product","2":"type-product","3":"status-publish","4":"has-post-thumbnail","6":"product_cat-turnbuckle","7":"desktop-align-left","8":"tablet-align-left","9":"mobile-align-left","10":"ast-product-gallery-layout-horizontal-slider","11":"ast-product-tabs-layout-horizontal","13":"first","14":"instock","15":"shipping-taxable","16":"purchasable","17":"product-type-simple"},"yoast_head":"<!-- This site is optimized with the Yoast SEO plugin v25.2 - https:\/\/yoast.com\/wordpress\/plugins\/seo\/ -->\n<title>M4-M20 Turnbuckle Supplier<\/title>\n<meta name=\"description\" content=\"A turnbuckle is a versatile mechanical device used to adjust the tension or length of ropes, cables, or rods in various applications.\" \/>\n<meta name=\"robots\" content=\"index, follow, max-snippet:-1, max-image-preview:large, max-video-preview:-1\" \/>\n<link rel=\"canonical\" href=\"https:\/\/qingdaohf.com\/fr\/produit\/tendeur\/\" \/>\n<meta property=\"og:locale\" content=\"fr_FR\" \/>\n<meta property=\"og:type\" content=\"article\" \/>\n<meta property=\"og:title\" content=\"M4-M20 Turnbuckle Supplier\" \/>\n<meta property=\"og:description\" content=\"A turnbuckle is a versatile mechanical device used to adjust the tension or length of ropes, cables, or rods in various applications.\" \/>\n<meta property=\"og:url\" content=\"https:\/\/qingdaohf.com\/fr\/produit\/tendeur\/\" \/>\n<meta property=\"og:site_name\" content=\"Concrete Form &amp; Rigging Hardware Supplier\" \/>\n<meta property=\"article:publisher\" content=\"https:\/\/www.facebook.com\/qingdaohf\" \/>\n<meta property=\"article:modified_time\" content=\"2025-11-13T01:05:10+00:00\" \/>\n<meta property=\"og:image\" content=\"https:\/\/qingdaohf.com\/wp-content\/uploads\/2023\/05\/turnbuckle-7.jpg\" \/>\n\t<meta property=\"og:image:width\" content=\"1000\" \/>\n\t<meta property=\"og:image:height\" content=\"1000\" \/>\n\t<meta property=\"og:image:type\" content=\"image\/jpeg\" \/>\n<meta name=\"twitter:card\" content=\"summary_large_image\" \/>\n<meta name=\"twitter:label1\" content=\"Dur\u00e9e de lecture estim\u00e9e\" \/>\n\t<meta name=\"twitter:data1\" content=\"3 minutes\" \/>\n<script type=\"application\/ld+json\" class=\"yoast-schema-graph\">{\"@context\":\"https:\/\/schema.org\",\"@graph\":[{\"@type\":\"WebPage\",\"@id\":\"https:\/\/qingdaohf.com\/product\/turnbuckle\/\",\"url\":\"https:\/\/qingdaohf.com\/product\/turnbuckle\/\",\"name\":\"M4-M20 Turnbuckle Supplier\",\"isPartOf\":{\"@id\":\"https:\/\/qingdaohf.com\/bg\/#website\"},\"primaryImageOfPage\":{\"@id\":\"https:\/\/qingdaohf.com\/product\/turnbuckle\/#primaryimage\"},\"image\":{\"@id\":\"https:\/\/qingdaohf.com\/product\/turnbuckle\/#primaryimage\"},\"thumbnailUrl\":\"https:\/\/qingdaohf.com\/wp-content\/uploads\/2023\/05\/turnbuckle-7.jpg\",\"datePublished\":\"2023-05-24T09:30:12+00:00\",\"dateModified\":\"2025-11-13T01:05:10+00:00\",\"description\":\"A turnbuckle is a versatile mechanical device used to adjust the tension or length of ropes, cables, or rods in various applications.\",\"breadcrumb\":{\"@id\":\"https:\/\/qingdaohf.com\/product\/turnbuckle\/#breadcrumb\"},\"inLanguage\":\"fr-FR\",\"potentialAction\":[{\"@type\":\"ReadAction\",\"target\":[\"https:\/\/qingdaohf.com\/product\/turnbuckle\/\"]}]},{\"@type\":\"ImageObject\",\"inLanguage\":\"fr-FR\",\"@id\":\"https:\/\/qingdaohf.com\/product\/turnbuckle\/#primaryimage\",\"url\":\"https:\/\/qingdaohf.com\/wp-content\/uploads\/2023\/05\/turnbuckle-7.jpg\",\"contentUrl\":\"https:\/\/qingdaohf.com\/wp-content\/uploads\/2023\/05\/turnbuckle-7.jpg\",\"width\":1000,\"height\":1000,\"caption\":\"turnbuckle\"},{\"@type\":\"BreadcrumbList\",\"@id\":\"https:\/\/qingdaohf.com\/product\/turnbuckle\/#breadcrumb\",\"itemListElement\":[{\"@type\":\"ListItem\",\"position\":1,\"name\":\"Home\",\"item\":\"https:\/\/qingdaohf.com\/\"},{\"@type\":\"ListItem\",\"position\":2,\"name\":\"Concrete Forming Accessories and Rigging Hardware\",\"item\":\"https:\/\/qingdaohf.com\/bg\/?page_id=944\"},{\"@type\":\"ListItem\",\"position\":3,\"name\":\"M4-M20 Turnbuckle Supplier\"}]},{\"@type\":\"WebSite\",\"@id\":\"https:\/\/qingdaohf.com\/bg\/#website\",\"url\":\"https:\/\/qingdaohf.com\/bg\/\",\"name\":\"Concrete Form & Rigging Hardware Supplier\",\"description\":\"\",\"publisher\":{\"@id\":\"https:\/\/qingdaohf.com\/bg\/#organization\"},\"potentialAction\":[{\"@type\":\"SearchAction\",\"target\":{\"@type\":\"EntryPoint\",\"urlTemplate\":\"https:\/\/qingdaohf.com\/bg\/?s={search_term_string}\"},\"query-input\":{\"@type\":\"PropertyValueSpecification\",\"valueRequired\":true,\"valueName\":\"search_term_string\"}}],\"inLanguage\":\"fr-FR\"},{\"@type\":\"Organization\",\"@id\":\"https:\/\/qingdaohf.com\/bg\/#organization\",\"name\":\"Qingdao H&F\",\"url\":\"https:\/\/qingdaohf.com\/bg\/\",\"logo\":{\"@type\":\"ImageObject\",\"inLanguage\":\"fr-FR\",\"@id\":\"https:\/\/qingdaohf.com\/bg\/#\/schema\/logo\/image\/\",\"url\":\"https:\/\/qingdaohf.com\/wp-content\/uploads\/2022\/12\/cropped-HF-LOGO.png\",\"contentUrl\":\"https:\/\/qingdaohf.com\/wp-content\/uploads\/2022\/12\/cropped-HF-LOGO.png\",\"width\":391,\"height\":249,\"caption\":\"Qingdao H&F\"},\"image\":{\"@id\":\"https:\/\/qingdaohf.com\/bg\/#\/schema\/logo\/image\/\"},\"sameAs\":[\"https:\/\/www.facebook.com\/qingdaohf\"]}]}<\/script>\n<!-- \/ Yoast SEO plugin. -->","yoast_head_json":{"title":"M4-M20 Turnbuckle Supplier","description":"A turnbuckle is a versatile mechanical device used to adjust the tension or length of ropes, cables, or rods in various applications.","robots":{"index":"index","follow":"follow","max-snippet":"max-snippet:-1","max-image-preview":"max-image-preview:large","max-video-preview":"max-video-preview:-1"},"canonical":"https:\/\/qingdaohf.com\/fr\/produit\/tendeur\/","og_locale":"fr_FR","og_type":"article","og_title":"M4-M20 Turnbuckle Supplier","og_description":"A turnbuckle is a versatile mechanical device used to adjust the tension or length of ropes, cables, or rods in various applications.","og_url":"https:\/\/qingdaohf.com\/fr\/produit\/tendeur\/","og_site_name":"Concrete Form &amp; Rigging Hardware Supplier","article_publisher":"https:\/\/www.facebook.com\/qingdaohf","article_modified_time":"2025-11-13T01:05:10+00:00","og_image":[{"width":1000,"height":1000,"url":"https:\/\/qingdaohf.com\/wp-content\/uploads\/2023\/05\/turnbuckle-7.jpg","type":"image\/jpeg"}],"twitter_card":"summary_large_image","twitter_misc":{"Dur\u00e9e de lecture estim\u00e9e":"3 minutes"},"schema":{"@context":"https:\/\/schema.org","@graph":[{"@type":"WebPage","@id":"https:\/\/qingdaohf.com\/product\/turnbuckle\/","url":"https:\/\/qingdaohf.com\/product\/turnbuckle\/","name":"M4-M20 Turnbuckle Supplier","isPartOf":{"@id":"https:\/\/qingdaohf.com\/bg\/#website"},"primaryImageOfPage":{"@id":"https:\/\/qingdaohf.com\/product\/turnbuckle\/#primaryimage"},"image":{"@id":"https:\/\/qingdaohf.com\/product\/turnbuckle\/#primaryimage"},"thumbnailUrl":"https:\/\/qingdaohf.com\/wp-content\/uploads\/2023\/05\/turnbuckle-7.jpg","datePublished":"2023-05-24T09:30:12+00:00","dateModified":"2025-11-13T01:05:10+00:00","description":"A turnbuckle is a versatile mechanical device used to adjust the tension or length of ropes, cables, or rods in various applications.","breadcrumb":{"@id":"https:\/\/qingdaohf.com\/product\/turnbuckle\/#breadcrumb"},"inLanguage":"fr-FR","potentialAction":[{"@type":"ReadAction","target":["https:\/\/qingdaohf.com\/product\/turnbuckle\/"]}]},{"@type":"ImageObject","inLanguage":"fr-FR","@id":"https:\/\/qingdaohf.com\/product\/turnbuckle\/#primaryimage","url":"https:\/\/qingdaohf.com\/wp-content\/uploads\/2023\/05\/turnbuckle-7.jpg","contentUrl":"https:\/\/qingdaohf.com\/wp-content\/uploads\/2023\/05\/turnbuckle-7.jpg","width":1000,"height":1000,"caption":"turnbuckle"},{"@type":"BreadcrumbList","@id":"https:\/\/qingdaohf.com\/product\/turnbuckle\/#breadcrumb","itemListElement":[{"@type":"ListItem","position":1,"name":"Home","item":"https:\/\/qingdaohf.com\/"},{"@type":"ListItem","position":2,"name":"Concrete Forming Accessories and Rigging Hardware","item":"https:\/\/qingdaohf.com\/bg\/?page_id=944"},{"@type":"ListItem","position":3,"name":"M4-M20 Turnbuckle Supplier"}]},{"@type":"WebSite","@id":"https:\/\/qingdaohf.com\/bg\/#website","url":"https:\/\/qingdaohf.com\/bg\/","name":"Concrete Form & Rigging Hardware Supplier","description":"","publisher":{"@id":"https:\/\/qingdaohf.com\/bg\/#organization"},"potentialAction":[{"@type":"SearchAction","target":{"@type":"EntryPoint","urlTemplate":"https:\/\/qingdaohf.com\/bg\/?s={search_term_string}"},"query-input":{"@type":"PropertyValueSpecification","valueRequired":true,"valueName":"search_term_string"}}],"inLanguage":"fr-FR"},{"@type":"Organization","@id":"https:\/\/qingdaohf.com\/bg\/#organization","name":"Qingdao H&F","url":"https:\/\/qingdaohf.com\/bg\/","logo":{"@type":"ImageObject","inLanguage":"fr-FR","@id":"https:\/\/qingdaohf.com\/bg\/#\/schema\/logo\/image\/","url":"https:\/\/qingdaohf.com\/wp-content\/uploads\/2022\/12\/cropped-HF-LOGO.png","contentUrl":"https:\/\/qingdaohf.com\/wp-content\/uploads\/2022\/12\/cropped-HF-LOGO.png","width":391,"height":249,"caption":"Qingdao H&F"},"image":{"@id":"https:\/\/qingdaohf.com\/bg\/#\/schema\/logo\/image\/"},"sameAs":["https:\/\/www.facebook.com\/qingdaohf"]}]}},"_links":{"self":[{"href":"https:\/\/qingdaohf.com\/fr\/wp-json\/wp\/v2\/product\/3966","targetHints":{"allow":["GET"]}}],"collection":[{"href":"https:\/\/qingdaohf.com\/fr\/wp-json\/wp\/v2\/product"}],"about":[{"href":"https:\/\/qingdaohf.com\/fr\/wp-json\/wp\/v2\/types\/product"}],"replies":[{"embeddable":true,"href":"https:\/\/qingdaohf.com\/fr\/wp-json\/wp\/v2\/comments?post=3966"}],"version-history":[{"count":7,"href":"https:\/\/qingdaohf.com\/fr\/wp-json\/wp\/v2\/product\/3966\/revisions"}],"predecessor-version":[{"id":6810,"href":"https:\/\/qingdaohf.com\/fr\/wp-json\/wp\/v2\/product\/3966\/revisions\/6810"}],"wp:featuredmedia":[{"embeddable":true,"href":"https:\/\/qingdaohf.com\/fr\/wp-json\/wp\/v2\/media\/3967"}],"wp:attachment":[{"href":"https:\/\/qingdaohf.com\/fr\/wp-json\/wp\/v2\/media?parent=3966"}],"wp:term":[{"taxonomy":"product_brand","embeddable":true,"href":"https:\/\/qingdaohf.com\/fr\/wp-json\/wp\/v2\/product_brand?post=3966"},{"taxonomy":"product_cat","embeddable":true,"href":"https:\/\/qingdaohf.com\/fr\/wp-json\/wp\/v2\/product_cat?post=3966"},{"taxonomy":"product_tag","embeddable":true,"href":"https:\/\/qingdaohf.com\/fr\/wp-json\/wp\/v2\/product_tag?post=3966"}],"curies":[{"name":"wp","href":"https:\/\/api.w.org\/{rel}","templated":true}]}}