{"id":4005,"date":"2023-05-25T17:04:40","date_gmt":"2023-05-25T09:04:40","guid":{"rendered":"http:\/\/qingdaohf.com\/?post_type=product&#038;p=4005"},"modified":"2025-11-13T09:04:44","modified_gmt":"2025-11-13T01:04:44","slug":"wire-rope-clip","status":"publish","type":"product","link":"https:\/\/qingdaohf.com\/fr\/produit\/pince-pour-cable-metallique\/","title":{"rendered":"Clip de c\u00e2ble en acier Colliers de c\u00e2ble en acier"},"content":{"rendered":"<p><img fetchpriority=\"high\" decoding=\"async\" class=\"alignnone wp-image-9488 size-full\" src=\"http:\/\/qingdaohf.com\/wp-content\/uploads\/2025\/04\/Wire-Rope-Clips-2.jpg\" alt=\"Attaches pour c\u00e2bles m\u00e9talliques\" width=\"700\" height=\"364\" srcset=\"https:\/\/qingdaohf.com\/wp-content\/uploads\/2025\/04\/Wire-Rope-Clips-2.jpg 700w, https:\/\/qingdaohf.com\/wp-content\/uploads\/2025\/04\/Wire-Rope-Clips-2-300x156.jpg 300w, https:\/\/qingdaohf.com\/wp-content\/uploads\/2025\/04\/Wire-Rope-Clips-2-18x9.jpg 18w\" sizes=\"(max-width: 700px) 100vw, 700px\" \/><\/p>\n<div class=\"ast-oembed-container\" style=\"height: 100%;\"><iframe title=\"Clip pour c\u00e2ble m\u00e9tallique\" width=\"500\" height=\"281\" src=\"https:\/\/www.youtube.com\/embed\/ddJITaY1-Fc?feature=oembed\" frameborder=\"0\" allow=\"accelerometer; autoplay; clipboard-write; encrypted-media; gyroscope; picture-in-picture; web-share\" referrerpolicy=\"strict-origin-when-cross-origin\" allowfullscreen><\/iframe><\/div>\n<h3 data-sourcepos=\"7:1-7:61\"><strong>Une qualit\u00e9 sans compromis pour des d\u00e9fis industriels insurmontables :<\/strong><\/h3>\n<ul data-sourcepos=\"7:1-10:0\">\n<li data-sourcepos=\"7:1-7:249\"><strong>Galvanis\u00e9 R\u00e9sistance :<\/strong>\u00a0Nos clips galvanis\u00e9s offrent une solide r\u00e9sistance \u00e0 la corrosion pour une utilisation g\u00e9n\u00e9rale en ext\u00e9rieur, id\u00e9ale pour les applications de levage, de gr\u00e9ement et d'arrimage. Rentables et polyvalents, ils offrent une valeur exceptionnelle pour les op\u00e9rations quotidiennes.<\/li>\n<li data-sourcepos=\"8:1-8:322\"><strong>Acier inoxydable R\u00e9sistance \u00e0 la fatigue :<\/strong> Pour les environnements soumis \u00e0 des produits chimiques agressifs, \u00e0 l'exposition \u00e0 l'eau sal\u00e9e ou \u00e0 des exigences de s\u00e9curit\u00e9 \u00e9lev\u00e9es, les clips en acier inoxydable de H&amp;F offrent une r\u00e9sistance \u00e0 la corrosion in\u00e9gal\u00e9e et une solidit\u00e9 in\u00e9branlable. Con\u00e7us pour r\u00e9sister aux environnements industriels les plus rigoureux, ils garantissent une fiabilit\u00e9 \u00e0 long terme.<\/li>\n<li data-sourcepos=\"9:1-10:0\"><strong><a class=\"row-title\" href=\"http:\/\/qingdaohf.com\/wp-admin\/post.php?post=4018&amp;action=edit\">Clip Duplex pour c\u00e2ble d'acier<\/a>:<\/strong> Lorsque la force de maintien et la r\u00e9sistance \u00e0 la fatigue sont primordiales, les pinces \u00e0 c\u00e2ble duplex de H&amp;F sont \u00e0 la hauteur du d\u00e9fi. Leur conception \u00e0 double boulon offre une adh\u00e9rence exceptionnelle, ce qui les rend id\u00e9ales pour les t\u00e2ches de levage critiques, les charges dynamiques et les applications n\u00e9cessitant une s\u00e9curit\u00e9 accrue.<\/li>\n<\/ul>\n<h3>Param\u00e8tres des pinces \u00e0 c\u00e2ble<\/h3>\n<p><img decoding=\"async\" class=\"alignnone size-full wp-image-4016\" src=\"http:\/\/qingdaohf.com\/wp-content\/uploads\/2023\/05\/wire-rope-clip-1.webp\" alt=\"pince pour c\u00e2ble m\u00e9tallique\" width=\"982\" height=\"368\" srcset=\"https:\/\/qingdaohf.com\/wp-content\/uploads\/2023\/05\/wire-rope-clip-1.webp 982w, https:\/\/qingdaohf.com\/wp-content\/uploads\/2023\/05\/wire-rope-clip-1-300x112.webp 300w, https:\/\/qingdaohf.com\/wp-content\/uploads\/2023\/05\/wire-rope-clip-1-768x288.webp 768w\" sizes=\"(max-width: 982px) 100vw, 982px\" \/>\u00a0<img decoding=\"async\" class=\"alignnone size-full wp-image-4017\" src=\"http:\/\/qingdaohf.com\/wp-content\/uploads\/2023\/05\/wire-rope-clip-1.jpg\" alt=\"pince pour c\u00e2ble m\u00e9tallique\" width=\"1000\" height=\"1082\" srcset=\"https:\/\/qingdaohf.com\/wp-content\/uploads\/2023\/05\/wire-rope-clip-1.jpg 1000w, https:\/\/qingdaohf.com\/wp-content\/uploads\/2023\/05\/wire-rope-clip-1-277x300.jpg 277w, https:\/\/qingdaohf.com\/wp-content\/uploads\/2023\/05\/wire-rope-clip-1-946x1024.jpg 946w, https:\/\/qingdaohf.com\/wp-content\/uploads\/2023\/05\/wire-rope-clip-1-768x831.jpg 768w\" sizes=\"(max-width: 1000px) 100vw, 1000px\" \/> <img loading=\"lazy\" decoding=\"async\" class=\"alignnone size-full wp-image-4014\" src=\"http:\/\/qingdaohf.com\/wp-content\/uploads\/2023\/05\/wire-rope-clip-2.jpg\" alt=\"pince pour c\u00e2ble m\u00e9tallique\" width=\"1000\" height=\"817\" srcset=\"https:\/\/qingdaohf.com\/wp-content\/uploads\/2023\/05\/wire-rope-clip-2.jpg 1000w, https:\/\/qingdaohf.com\/wp-content\/uploads\/2023\/05\/wire-rope-clip-2-300x245.jpg 300w, https:\/\/qingdaohf.com\/wp-content\/uploads\/2023\/05\/wire-rope-clip-2-768x627.jpg 768w\" sizes=\"(max-width: 1000px) 100vw, 1000px\" \/><\/p>\n<h3>Pourquoi nous choisir ?<\/h3>\n<p>Qualit\u00e9 sup\u00e9rieure : Nos pinces pour c\u00e2bles m\u00e9talliques sont m\u00e9ticuleusement fabriqu\u00e9es \u00e0 partir des meilleurs mat\u00e9riaux, ce qui garantit leur durabilit\u00e9, leur fiabilit\u00e9 et leur s\u00e9curit\u00e9. Nous adh\u00e9rons \u00e0 des normes strictes de contr\u00f4le de la qualit\u00e9, garantissant que chaque produit respecte ou d\u00e9passe les r\u00e9glementations industrielles.<\/p>\n<p>Applications polyvalentes : Qu'il s'agisse de construction, d'applications maritimes, a\u00e9rospatiales ou industrielles, nos pinces \u00e0 c\u00e2ble sont con\u00e7ues pour r\u00e9pondre \u00e0 un large \u00e9ventail de t\u00e2ches, offrant des solutions de gr\u00e9ement s\u00fbres et efficaces.<\/p>\n<p>Une r\u00e9putation de confiance : Au fil des ans, nous avons gagn\u00e9 la confiance et la loyaut\u00e9 d'innombrables clients qui comptent sur nos pinces \u00e0 c\u00e2ble pour leurs applications critiques. Notre r\u00e9putation en dit long sur la qualit\u00e9 et la fiabilit\u00e9 de nos produits.<\/p>\n<p>La s\u00e9curit\u00e9 avant tout : la s\u00e9curit\u00e9 est notre priorit\u00e9 absolue. Nos pinces \u00e0 c\u00e2ble subissent des tests rigoureux et sont conformes aux normes de s\u00e9curit\u00e9 de l'industrie afin d'assurer la tranquillit\u00e9 d'esprit de nos clients.<\/p>\n<p>Des solutions sur mesure : Nous comprenons que chaque projet a des exigences uniques. Notre \u00e9quipe travaille en \u00e9troite collaboration avec vous pour fournir des solutions sur mesure qui conviennent le mieux \u00e0 votre application sp\u00e9cifique, garantissant ainsi des r\u00e9sultats optimaux.<\/p>\n<p>Une approche centr\u00e9e sur le client : Nos clients sont au c\u0153ur de tout ce que nous faisons. Nous sommes fiers de notre service client\u00e8le exceptionnel, de notre communication transparente et de notre volont\u00e9 de nous surpasser pour r\u00e9pondre \u00e0 vos besoins.<\/p>","protected":false},"excerpt":{"rendered":"<p>La pince et le collier de serrage pour c\u00e2bles m\u00e9talliques sont des dispositifs couramment utilis\u00e9s pour s\u00e9curiser les extr\u00e9mit\u00e9s des c\u00e2bles m\u00e9talliques ou des c\u00e2bles. Il assure une connexion solide et fiable, emp\u00eachant le c\u00e2ble de glisser ou de s'effilocher.<\/p>\n<p data-sourcepos=\"5:1-5:289\">H&amp;F est votre partenaire de confiance pour les attaches de c\u00e2ble m\u00e9tallique de haute performance, assurant des connexions s\u00fbres et fiables dans les applications industrielles exigeantes. Nous proposons une gamme compl\u00e8te de pinces en acier galvanis\u00e9 et en acier inoxydable, m\u00e9ticuleusement con\u00e7ues pour r\u00e9pondre aux divers besoins du secteur B2B.<\/p>","protected":false},"featured_media":4006,"comment_status":"open","ping_status":"closed","template":"","meta":{"site-sidebar-layout":"default","site-content-layout":"default","ast-site-content-layout":"default","site-content-style":"default","site-sidebar-style":"default","ast-global-header-display":"","ast-banner-title-visibility":"","ast-main-header-display":"","ast-hfb-above-header-display":"","ast-hfb-below-header-display":"","ast-hfb-mobile-header-display":"","site-post-title":"","ast-breadcrumbs-content":"","ast-featured-img":"","footer-sml-layout":"","theme-transparent-header-meta":"default","adv-header-id-meta":"","stick-header-meta":"default","header-above-stick-meta":"","header-main-stick-meta":"","header-below-stick-meta":"","astra-migrate-meta-layouts":"set","ast-page-background-enabled":"default","ast-page-background-meta":{"desktop":{"background-color":"","background-image":"","background-repeat":"repeat","background-position":"center center","background-size":"auto","background-attachment":"scroll","background-type":"","background-media":"","overlay-type":"","overlay-color":"","overlay-opacity":"","overlay-gradient":""},"tablet":{"background-color":"","background-image":"","background-repeat":"repeat","background-position":"center center","background-size":"auto","background-attachment":"scroll","background-type":"","background-media":"","overlay-type":"","overlay-color":"","overlay-opacity":"","overlay-gradient":""},"mobile":{"background-color":"","background-image":"","background-repeat":"repeat","background-position":"center center","background-size":"auto","background-attachment":"scroll","background-type":"","background-media":"","overlay-type":"","overlay-color":"","overlay-opacity":"","overlay-gradient":""}},"ast-content-background-meta":{"desktop":{"background-color":"var(--ast-global-color-5)","background-image":"","background-repeat":"repeat","background-position":"center center","background-size":"auto","background-attachment":"scroll","background-type":"","background-media":"","overlay-type":"","overlay-color":"","overlay-opacity":"","overlay-gradient":""},"tablet":{"background-color":"var(--ast-global-color-5)","background-image":"","background-repeat":"repeat","background-position":"center center","background-size":"auto","background-attachment":"scroll","background-type":"","background-media":"","overlay-type":"","overlay-color":"","overlay-opacity":"","overlay-gradient":""},"mobile":{"background-color":"var(--ast-global-color-5)","background-image":"","background-repeat":"repeat","background-position":"center center","background-size":"auto","background-attachment":"scroll","background-type":"","background-media":"","overlay-type":"","overlay-color":"","overlay-opacity":"","overlay-gradient":""}}},"product_brand":[],"product_cat":[37,43],"product_tag":[],"class_list":{"0":"post-4005","1":"product","2":"type-product","3":"status-publish","4":"has-post-thumbnail","6":"product_cat-wire-rope","7":"product_cat-rigging-hardware","8":"desktop-align-left","9":"tablet-align-left","10":"mobile-align-left","11":"ast-product-gallery-layout-horizontal-slider","12":"ast-product-tabs-layout-horizontal","14":"first","15":"instock","16":"shipping-taxable","17":"purchasable","18":"product-type-simple"},"yoast_head":"<!-- This site is optimized with the Yoast SEO plugin v25.2 - https:\/\/yoast.com\/wordpress\/plugins\/seo\/ -->\n<title>Wire Rope Clip Steel Cable Clamps<\/title>\n<meta name=\"description\" content=\"A wire rope clip, also known as a cable clamp or wire rope clamp, is a commonly used hardware device for securing the ends of wire ropes or cables.\" \/>\n<meta name=\"robots\" content=\"index, follow, max-snippet:-1, max-image-preview:large, max-video-preview:-1\" \/>\n<link rel=\"canonical\" href=\"https:\/\/qingdaohf.com\/fr\/produit\/pince-pour-cable-metallique\/\" \/>\n<meta property=\"og:locale\" content=\"fr_FR\" \/>\n<meta property=\"og:type\" content=\"article\" \/>\n<meta property=\"og:title\" content=\"Wire Rope Clip Steel Cable Clamps\" \/>\n<meta property=\"og:description\" content=\"A wire rope clip, also known as a cable clamp or wire rope clamp, is a commonly used hardware device for securing the ends of wire ropes or cables.\" \/>\n<meta property=\"og:url\" content=\"https:\/\/qingdaohf.com\/fr\/produit\/pince-pour-cable-metallique\/\" \/>\n<meta property=\"og:site_name\" content=\"Concrete Form &amp; Rigging Hardware Supplier\" \/>\n<meta property=\"article:publisher\" content=\"https:\/\/www.facebook.com\/qingdaohf\" \/>\n<meta property=\"article:modified_time\" content=\"2025-11-13T01:04:44+00:00\" \/>\n<meta property=\"og:image\" content=\"https:\/\/qingdaohf.com\/wp-content\/uploads\/2023\/05\/wire-rope-clip-7.jpg\" \/>\n\t<meta property=\"og:image:width\" content=\"1000\" \/>\n\t<meta property=\"og:image:height\" content=\"1000\" \/>\n\t<meta property=\"og:image:type\" content=\"image\/jpeg\" \/>\n<meta name=\"twitter:card\" content=\"summary_large_image\" \/>\n<meta name=\"twitter:label1\" content=\"Dur\u00e9e de lecture estim\u00e9e\" \/>\n\t<meta name=\"twitter:data1\" content=\"3 minutes\" \/>\n<script type=\"application\/ld+json\" class=\"yoast-schema-graph\">{\"@context\":\"https:\/\/schema.org\",\"@graph\":[{\"@type\":\"WebPage\",\"@id\":\"https:\/\/qingdaohf.com\/product\/wire-rope-clip\/\",\"url\":\"https:\/\/qingdaohf.com\/product\/wire-rope-clip\/\",\"name\":\"Wire Rope Clip Steel Cable Clamps\",\"isPartOf\":{\"@id\":\"https:\/\/qingdaohf.com\/bg\/#website\"},\"primaryImageOfPage\":{\"@id\":\"https:\/\/qingdaohf.com\/product\/wire-rope-clip\/#primaryimage\"},\"image\":{\"@id\":\"https:\/\/qingdaohf.com\/product\/wire-rope-clip\/#primaryimage\"},\"thumbnailUrl\":\"https:\/\/qingdaohf.com\/wp-content\/uploads\/2023\/05\/wire-rope-clip-7.jpg\",\"datePublished\":\"2023-05-25T09:04:40+00:00\",\"dateModified\":\"2025-11-13T01:04:44+00:00\",\"description\":\"A wire rope clip, also known as a cable clamp or wire rope clamp, is a commonly used hardware device for securing the ends of wire ropes or cables.\",\"breadcrumb\":{\"@id\":\"https:\/\/qingdaohf.com\/product\/wire-rope-clip\/#breadcrumb\"},\"inLanguage\":\"fr-FR\",\"potentialAction\":[{\"@type\":\"ReadAction\",\"target\":[\"https:\/\/qingdaohf.com\/product\/wire-rope-clip\/\"]}]},{\"@type\":\"ImageObject\",\"inLanguage\":\"fr-FR\",\"@id\":\"https:\/\/qingdaohf.com\/product\/wire-rope-clip\/#primaryimage\",\"url\":\"https:\/\/qingdaohf.com\/wp-content\/uploads\/2023\/05\/wire-rope-clip-7.jpg\",\"contentUrl\":\"https:\/\/qingdaohf.com\/wp-content\/uploads\/2023\/05\/wire-rope-clip-7.jpg\",\"width\":1000,\"height\":1000,\"caption\":\"wire rope clip\"},{\"@type\":\"BreadcrumbList\",\"@id\":\"https:\/\/qingdaohf.com\/product\/wire-rope-clip\/#breadcrumb\",\"itemListElement\":[{\"@type\":\"ListItem\",\"position\":1,\"name\":\"Home\",\"item\":\"https:\/\/qingdaohf.com\/\"},{\"@type\":\"ListItem\",\"position\":2,\"name\":\"Concrete Forming Accessories and Rigging Hardware\",\"item\":\"https:\/\/qingdaohf.com\/bg\/?page_id=944\"},{\"@type\":\"ListItem\",\"position\":3,\"name\":\"Wire Rope Clip Steel Cable Clamps\"}]},{\"@type\":\"WebSite\",\"@id\":\"https:\/\/qingdaohf.com\/bg\/#website\",\"url\":\"https:\/\/qingdaohf.com\/bg\/\",\"name\":\"Concrete Form & Rigging Hardware Supplier\",\"description\":\"\",\"publisher\":{\"@id\":\"https:\/\/qingdaohf.com\/bg\/#organization\"},\"potentialAction\":[{\"@type\":\"SearchAction\",\"target\":{\"@type\":\"EntryPoint\",\"urlTemplate\":\"https:\/\/qingdaohf.com\/bg\/?s={search_term_string}\"},\"query-input\":{\"@type\":\"PropertyValueSpecification\",\"valueRequired\":true,\"valueName\":\"search_term_string\"}}],\"inLanguage\":\"fr-FR\"},{\"@type\":\"Organization\",\"@id\":\"https:\/\/qingdaohf.com\/bg\/#organization\",\"name\":\"Qingdao H&F\",\"url\":\"https:\/\/qingdaohf.com\/bg\/\",\"logo\":{\"@type\":\"ImageObject\",\"inLanguage\":\"fr-FR\",\"@id\":\"https:\/\/qingdaohf.com\/bg\/#\/schema\/logo\/image\/\",\"url\":\"https:\/\/qingdaohf.com\/wp-content\/uploads\/2022\/12\/cropped-HF-LOGO.png\",\"contentUrl\":\"https:\/\/qingdaohf.com\/wp-content\/uploads\/2022\/12\/cropped-HF-LOGO.png\",\"width\":391,\"height\":249,\"caption\":\"Qingdao H&F\"},\"image\":{\"@id\":\"https:\/\/qingdaohf.com\/bg\/#\/schema\/logo\/image\/\"},\"sameAs\":[\"https:\/\/www.facebook.com\/qingdaohf\"]}]}<\/script>\n<!-- \/ Yoast SEO plugin. -->","yoast_head_json":{"title":"Wire Rope Clip Steel Cable Clamps","description":"A wire rope clip, also known as a cable clamp or wire rope clamp, is a commonly used hardware device for securing the ends of wire ropes or cables.","robots":{"index":"index","follow":"follow","max-snippet":"max-snippet:-1","max-image-preview":"max-image-preview:large","max-video-preview":"max-video-preview:-1"},"canonical":"https:\/\/qingdaohf.com\/fr\/produit\/pince-pour-cable-metallique\/","og_locale":"fr_FR","og_type":"article","og_title":"Wire Rope Clip Steel Cable Clamps","og_description":"A wire rope clip, also known as a cable clamp or wire rope clamp, is a commonly used hardware device for securing the ends of wire ropes or cables.","og_url":"https:\/\/qingdaohf.com\/fr\/produit\/pince-pour-cable-metallique\/","og_site_name":"Concrete Form &amp; Rigging Hardware Supplier","article_publisher":"https:\/\/www.facebook.com\/qingdaohf","article_modified_time":"2025-11-13T01:04:44+00:00","og_image":[{"width":1000,"height":1000,"url":"https:\/\/qingdaohf.com\/wp-content\/uploads\/2023\/05\/wire-rope-clip-7.jpg","type":"image\/jpeg"}],"twitter_card":"summary_large_image","twitter_misc":{"Dur\u00e9e de lecture estim\u00e9e":"3 minutes"},"schema":{"@context":"https:\/\/schema.org","@graph":[{"@type":"WebPage","@id":"https:\/\/qingdaohf.com\/product\/wire-rope-clip\/","url":"https:\/\/qingdaohf.com\/product\/wire-rope-clip\/","name":"Wire Rope Clip Steel Cable Clamps","isPartOf":{"@id":"https:\/\/qingdaohf.com\/bg\/#website"},"primaryImageOfPage":{"@id":"https:\/\/qingdaohf.com\/product\/wire-rope-clip\/#primaryimage"},"image":{"@id":"https:\/\/qingdaohf.com\/product\/wire-rope-clip\/#primaryimage"},"thumbnailUrl":"https:\/\/qingdaohf.com\/wp-content\/uploads\/2023\/05\/wire-rope-clip-7.jpg","datePublished":"2023-05-25T09:04:40+00:00","dateModified":"2025-11-13T01:04:44+00:00","description":"A wire rope clip, also known as a cable clamp or wire rope clamp, is a commonly used hardware device for securing the ends of wire ropes or cables.","breadcrumb":{"@id":"https:\/\/qingdaohf.com\/product\/wire-rope-clip\/#breadcrumb"},"inLanguage":"fr-FR","potentialAction":[{"@type":"ReadAction","target":["https:\/\/qingdaohf.com\/product\/wire-rope-clip\/"]}]},{"@type":"ImageObject","inLanguage":"fr-FR","@id":"https:\/\/qingdaohf.com\/product\/wire-rope-clip\/#primaryimage","url":"https:\/\/qingdaohf.com\/wp-content\/uploads\/2023\/05\/wire-rope-clip-7.jpg","contentUrl":"https:\/\/qingdaohf.com\/wp-content\/uploads\/2023\/05\/wire-rope-clip-7.jpg","width":1000,"height":1000,"caption":"wire rope clip"},{"@type":"BreadcrumbList","@id":"https:\/\/qingdaohf.com\/product\/wire-rope-clip\/#breadcrumb","itemListElement":[{"@type":"ListItem","position":1,"name":"Home","item":"https:\/\/qingdaohf.com\/"},{"@type":"ListItem","position":2,"name":"Concrete Forming Accessories and Rigging Hardware","item":"https:\/\/qingdaohf.com\/bg\/?page_id=944"},{"@type":"ListItem","position":3,"name":"Wire Rope Clip Steel Cable Clamps"}]},{"@type":"WebSite","@id":"https:\/\/qingdaohf.com\/bg\/#website","url":"https:\/\/qingdaohf.com\/bg\/","name":"Concrete Form & Rigging Hardware Supplier","description":"","publisher":{"@id":"https:\/\/qingdaohf.com\/bg\/#organization"},"potentialAction":[{"@type":"SearchAction","target":{"@type":"EntryPoint","urlTemplate":"https:\/\/qingdaohf.com\/bg\/?s={search_term_string}"},"query-input":{"@type":"PropertyValueSpecification","valueRequired":true,"valueName":"search_term_string"}}],"inLanguage":"fr-FR"},{"@type":"Organization","@id":"https:\/\/qingdaohf.com\/bg\/#organization","name":"Qingdao H&F","url":"https:\/\/qingdaohf.com\/bg\/","logo":{"@type":"ImageObject","inLanguage":"fr-FR","@id":"https:\/\/qingdaohf.com\/bg\/#\/schema\/logo\/image\/","url":"https:\/\/qingdaohf.com\/wp-content\/uploads\/2022\/12\/cropped-HF-LOGO.png","contentUrl":"https:\/\/qingdaohf.com\/wp-content\/uploads\/2022\/12\/cropped-HF-LOGO.png","width":391,"height":249,"caption":"Qingdao H&F"},"image":{"@id":"https:\/\/qingdaohf.com\/bg\/#\/schema\/logo\/image\/"},"sameAs":["https:\/\/www.facebook.com\/qingdaohf"]}]}},"_links":{"self":[{"href":"https:\/\/qingdaohf.com\/fr\/wp-json\/wp\/v2\/product\/4005","targetHints":{"allow":["GET"]}}],"collection":[{"href":"https:\/\/qingdaohf.com\/fr\/wp-json\/wp\/v2\/product"}],"about":[{"href":"https:\/\/qingdaohf.com\/fr\/wp-json\/wp\/v2\/types\/product"}],"replies":[{"embeddable":true,"href":"https:\/\/qingdaohf.com\/fr\/wp-json\/wp\/v2\/comments?post=4005"}],"version-history":[{"count":10,"href":"https:\/\/qingdaohf.com\/fr\/wp-json\/wp\/v2\/product\/4005\/revisions"}],"predecessor-version":[{"id":9490,"href":"https:\/\/qingdaohf.com\/fr\/wp-json\/wp\/v2\/product\/4005\/revisions\/9490"}],"wp:featuredmedia":[{"embeddable":true,"href":"https:\/\/qingdaohf.com\/fr\/wp-json\/wp\/v2\/media\/4006"}],"wp:attachment":[{"href":"https:\/\/qingdaohf.com\/fr\/wp-json\/wp\/v2\/media?parent=4005"}],"wp:term":[{"taxonomy":"product_brand","embeddable":true,"href":"https:\/\/qingdaohf.com\/fr\/wp-json\/wp\/v2\/product_brand?post=4005"},{"taxonomy":"product_cat","embeddable":true,"href":"https:\/\/qingdaohf.com\/fr\/wp-json\/wp\/v2\/product_cat?post=4005"},{"taxonomy":"product_tag","embeddable":true,"href":"https:\/\/qingdaohf.com\/fr\/wp-json\/wp\/v2\/product_tag?post=4005"}],"curies":[{"name":"wp","href":"https:\/\/api.w.org\/{rel}","templated":true}]}}