{"id":4018,"date":"2023-05-25T17:17:08","date_gmt":"2023-05-25T09:17:08","guid":{"rendered":"http:\/\/qingdaohf.com\/?post_type=product&#038;p=4018"},"modified":"2025-11-13T09:04:44","modified_gmt":"2025-11-13T01:04:44","slug":"duplex-wire-rope-clip","status":"publish","type":"product","link":"https:\/\/qingdaohf.com\/fr\/produit\/pince-pour-cable-duplex\/","title":{"rendered":"Clip de c\u00e2ble en acier inoxydable Duplex"},"content":{"rendered":"<div class=\"ast-oembed-container\" style=\"height: 100%;\"><iframe title=\"Clip Duplex pour c\u00e2ble d&#039;acier\" width=\"500\" height=\"375\" src=\"https:\/\/www.youtube.com\/embed\/zOdHzdudyVo?feature=oembed\" frameborder=\"0\" allow=\"accelerometer; autoplay; clipboard-write; encrypted-media; gyroscope; picture-in-picture; web-share\" referrerpolicy=\"strict-origin-when-cross-origin\" allowfullscreen><\/iframe><\/div>\n<p>L'excellence des pinces \u00e0 c\u00e2ble Duplex : Nos pinces \u00e0 c\u00e2ble Duplex sont con\u00e7ues \u00e0 la perfection en utilisant des mat\u00e9riaux de premi\u00e8re qualit\u00e9, garantissant une r\u00e9sistance, une durabilit\u00e9 et une s\u00e9curit\u00e9 sup\u00e9rieures. Chaque clip est soumis \u00e0 des tests rigoureux pour satisfaire et d\u00e9passer les normes de l'industrie, garantissant une performance fiable dans les environnements les plus exigeants.<\/p>\n<p>Applications polyvalentes : Con\u00e7ues pour exceller dans un large \u00e9ventail d'applications, nos pinces \u00e0 c\u00e2ble Duplex sont id\u00e9ales pour les secteurs de la construction, de la marine, du p\u00e9trole et du gaz, ainsi que pour divers secteurs industriels. Ils constituent une solution de gr\u00e9ement s\u00fbre et efficace pour divers projets.<\/p>\n<p>Un service client personnalis\u00e9 : Notre priorit\u00e9 est d'offrir un service personnalis\u00e9 \u00e0 nos clients. Notre \u00e9quipe hautement qualifi\u00e9e collabore \u00e9troitement avec chaque client pour comprendre leurs besoins sp\u00e9cifiques et recommander les pinces \u00e0 c\u00e2ble Duplex les mieux adapt\u00e9es \u00e0 leurs applications.<\/p>\n<p>Un service apr\u00e8s-vente in\u00e9gal\u00e9 : Notre engagement envers vous ne s'arr\u00eate pas \u00e0 la vente. Nous sommes fiers d'offrir un service apr\u00e8s-vente complet, en r\u00e9pondant rapidement \u00e0 toutes vos questions ou pr\u00e9occupations. Votre satisfaction est notre priorit\u00e9 absolue.<\/p>\n<p>Des prix comp\u00e9titifs, des \u00e9conomies amplifi\u00e9es : Tout en maintenant une qualit\u00e9 de produit sans compromis, nous croyons qu'il faut fournir \u00e0 nos clients estim\u00e9s des marges de profit plus importantes. Nos processus de fabrication efficaces et nos relations \u00e9troites avec nos fournisseurs nous permettent de proposer des prix comp\u00e9titifs sans compromettre l'excellence.<\/p>\n<p>Des d\u00e9cennies d'expertise : Avec 20 ans d'exp\u00e9rience dans l'industrie du gr\u00e9ement, notre \u00e9quipe poss\u00e8de des connaissances et une expertise approfondies. Nous nous tenons au courant des derni\u00e8res avanc\u00e9es et tendances de l'industrie afin d'offrir des solutions de pointe \u00e0 nos clients.<\/p>\n<p>R\u00e9seau de distribution fiable : En tant que distributeur et grossiste r\u00e9put\u00e9, nous disposons d'un solide r\u00e9seau de distribution qui garantit une livraison rapide et fiable de vos pinces \u00e0 c\u00e2ble Duplex, o\u00f9 que vous soyez.<\/p>\n<h3>Pourquoi nous choisir ?<\/h3>\n<p>Une exp\u00e9rience \u00e9prouv\u00e9e : Au fil des ans, nous nous sommes forg\u00e9 une solide r\u00e9putation fond\u00e9e sur la confiance et la fid\u00e9lit\u00e9 d'innombrables clients satisfaits. Notre engagement constant en faveur de la qualit\u00e9 et de la fiabilit\u00e9 est la pierre angulaire de notre succ\u00e8s.<\/p>\n<p>La s\u00e9curit\u00e9 comme priorit\u00e9 : La s\u00e9curit\u00e9 est primordiale pour nous. Nos pinces \u00e0 c\u00e2ble Duplex subissent des tests rigoureux et sont conformes aux normes de s\u00e9curit\u00e9 de l'industrie, ce qui vous donne la confiance et l'assurance dont vous avez besoin pour vos applications critiques.<\/p>\n<p>Des solutions sur mesure : Nous savons que chaque projet est unique. Notre \u00e9quipe travaille en collaboration avec vous pour fournir des solutions sur mesure qui r\u00e9pondent au mieux \u00e0 vos besoins sp\u00e9cifiques, garantissant ainsi des r\u00e9sultats optimaux \u00e0 chaque fois.<\/p>\n<p>Une approche centr\u00e9e sur le client : Nos clients sont au c\u0153ur de tout ce que nous faisons. Nous sommes fiers de notre service client\u00e8le exceptionnel, de notre communication transparente et de notre volont\u00e9 de nous surpasser pour assurer votre satisfaction.<\/p>","protected":false},"excerpt":{"rendered":"<p>Nos pinces \u00e0 c\u00e2ble Duplex offrent une fiabilit\u00e9 exceptionnelle et des solutions de fixation s\u00fbres pour diverses applications, ce qui en fait un choix id\u00e9al pour r\u00e9pondre \u00e0 vos divers besoins.<\/p>","protected":false},"featured_media":4020,"comment_status":"open","ping_status":"closed","template":"","meta":{"site-sidebar-layout":"default","site-content-layout":"default","ast-site-content-layout":"default","site-content-style":"default","site-sidebar-style":"default","ast-global-header-display":"","ast-banner-title-visibility":"","ast-main-header-display":"","ast-hfb-above-header-display":"","ast-hfb-below-header-display":"","ast-hfb-mobile-header-display":"","site-post-title":"","ast-breadcrumbs-content":"","ast-featured-img":"","footer-sml-layout":"","theme-transparent-header-meta":"default","adv-header-id-meta":"","stick-header-meta":"default","header-above-stick-meta":"","header-main-stick-meta":"","header-below-stick-meta":"","astra-migrate-meta-layouts":"set","ast-page-background-enabled":"default","ast-page-background-meta":{"desktop":{"background-color":"","background-image":"","background-repeat":"repeat","background-position":"center center","background-size":"auto","background-attachment":"scroll","background-type":"","background-media":"","overlay-type":"","overlay-color":"","overlay-opacity":"","overlay-gradient":""},"tablet":{"background-color":"","background-image":"","background-repeat":"repeat","background-position":"center center","background-size":"auto","background-attachment":"scroll","background-type":"","background-media":"","overlay-type":"","overlay-color":"","overlay-opacity":"","overlay-gradient":""},"mobile":{"background-color":"","background-image":"","background-repeat":"repeat","background-position":"center center","background-size":"auto","background-attachment":"scroll","background-type":"","background-media":"","overlay-type":"","overlay-color":"","overlay-opacity":"","overlay-gradient":""}},"ast-content-background-meta":{"desktop":{"background-color":"var(--ast-global-color-5)","background-image":"","background-repeat":"repeat","background-position":"center center","background-size":"auto","background-attachment":"scroll","background-type":"","background-media":"","overlay-type":"","overlay-color":"","overlay-opacity":"","overlay-gradient":""},"tablet":{"background-color":"var(--ast-global-color-5)","background-image":"","background-repeat":"repeat","background-position":"center center","background-size":"auto","background-attachment":"scroll","background-type":"","background-media":"","overlay-type":"","overlay-color":"","overlay-opacity":"","overlay-gradient":""},"mobile":{"background-color":"var(--ast-global-color-5)","background-image":"","background-repeat":"repeat","background-position":"center center","background-size":"auto","background-attachment":"scroll","background-type":"","background-media":"","overlay-type":"","overlay-color":"","overlay-opacity":"","overlay-gradient":""}}},"product_brand":[],"product_cat":[51,37,43],"product_tag":[],"class_list":{"0":"post-4018","1":"product","2":"type-product","3":"status-publish","4":"has-post-thumbnail","6":"product_cat-riggging-hardware","7":"product_cat-wire-rope","8":"product_cat-rigging-hardware","9":"desktop-align-left","10":"tablet-align-left","11":"mobile-align-left","12":"ast-product-gallery-layout-horizontal-slider","13":"ast-product-tabs-layout-horizontal","15":"first","16":"instock","17":"shipping-taxable","18":"purchasable","19":"product-type-simple"},"yoast_head":"<!-- This site is optimized with the Yoast SEO plugin v25.2 - https:\/\/yoast.com\/wordpress\/plugins\/seo\/ -->\n<title>Stainless Steel Duplex Wire Rope Clip<\/title>\n<meta name=\"description\" content=\"As a direct manufacturer and wholesaler, we offer competitive pricing without compromising on product quality.\" \/>\n<meta name=\"robots\" content=\"index, follow, max-snippet:-1, max-image-preview:large, max-video-preview:-1\" \/>\n<link rel=\"canonical\" href=\"https:\/\/qingdaohf.com\/fr\/produit\/pince-pour-cable-duplex\/\" \/>\n<meta property=\"og:locale\" content=\"fr_FR\" \/>\n<meta property=\"og:type\" content=\"article\" \/>\n<meta property=\"og:title\" content=\"Stainless Steel Duplex Wire Rope Clip\" \/>\n<meta property=\"og:description\" content=\"As a direct manufacturer and wholesaler, we offer competitive pricing without compromising on product quality.\" \/>\n<meta property=\"og:url\" content=\"https:\/\/qingdaohf.com\/fr\/produit\/pince-pour-cable-duplex\/\" \/>\n<meta property=\"og:site_name\" content=\"Concrete Form &amp; Rigging Hardware Supplier\" \/>\n<meta property=\"article:publisher\" content=\"https:\/\/www.facebook.com\/qingdaohf\" \/>\n<meta property=\"article:modified_time\" content=\"2025-11-13T01:04:44+00:00\" \/>\n<meta property=\"og:image\" content=\"https:\/\/qingdaohf.com\/wp-content\/uploads\/2023\/05\/duplex-wire-rope-clip-11.jpg\" \/>\n\t<meta property=\"og:image:width\" content=\"1000\" \/>\n\t<meta property=\"og:image:height\" content=\"1000\" \/>\n\t<meta property=\"og:image:type\" content=\"image\/jpeg\" \/>\n<meta name=\"twitter:card\" content=\"summary_large_image\" \/>\n<meta name=\"twitter:label1\" content=\"Dur\u00e9e de lecture estim\u00e9e\" \/>\n\t<meta name=\"twitter:data1\" content=\"2 minutes\" \/>\n<script type=\"application\/ld+json\" class=\"yoast-schema-graph\">{\"@context\":\"https:\/\/schema.org\",\"@graph\":[{\"@type\":\"WebPage\",\"@id\":\"https:\/\/qingdaohf.com\/product\/duplex-wire-rope-clip\/\",\"url\":\"https:\/\/qingdaohf.com\/product\/duplex-wire-rope-clip\/\",\"name\":\"Stainless Steel Duplex Wire Rope Clip\",\"isPartOf\":{\"@id\":\"https:\/\/qingdaohf.com\/bg\/#website\"},\"primaryImageOfPage\":{\"@id\":\"https:\/\/qingdaohf.com\/product\/duplex-wire-rope-clip\/#primaryimage\"},\"image\":{\"@id\":\"https:\/\/qingdaohf.com\/product\/duplex-wire-rope-clip\/#primaryimage\"},\"thumbnailUrl\":\"https:\/\/qingdaohf.com\/wp-content\/uploads\/2023\/05\/duplex-wire-rope-clip-11.jpg\",\"datePublished\":\"2023-05-25T09:17:08+00:00\",\"dateModified\":\"2025-11-13T01:04:44+00:00\",\"description\":\"As a direct manufacturer and wholesaler, we offer competitive pricing without compromising on product quality.\",\"breadcrumb\":{\"@id\":\"https:\/\/qingdaohf.com\/product\/duplex-wire-rope-clip\/#breadcrumb\"},\"inLanguage\":\"fr-FR\",\"potentialAction\":[{\"@type\":\"ReadAction\",\"target\":[\"https:\/\/qingdaohf.com\/product\/duplex-wire-rope-clip\/\"]}]},{\"@type\":\"ImageObject\",\"inLanguage\":\"fr-FR\",\"@id\":\"https:\/\/qingdaohf.com\/product\/duplex-wire-rope-clip\/#primaryimage\",\"url\":\"https:\/\/qingdaohf.com\/wp-content\/uploads\/2023\/05\/duplex-wire-rope-clip-11.jpg\",\"contentUrl\":\"https:\/\/qingdaohf.com\/wp-content\/uploads\/2023\/05\/duplex-wire-rope-clip-11.jpg\",\"width\":1000,\"height\":1000,\"caption\":\"duplex wire rope clip\"},{\"@type\":\"BreadcrumbList\",\"@id\":\"https:\/\/qingdaohf.com\/product\/duplex-wire-rope-clip\/#breadcrumb\",\"itemListElement\":[{\"@type\":\"ListItem\",\"position\":1,\"name\":\"Home\",\"item\":\"https:\/\/qingdaohf.com\/\"},{\"@type\":\"ListItem\",\"position\":2,\"name\":\"Concrete Forming Accessories and Rigging Hardware\",\"item\":\"https:\/\/qingdaohf.com\/bg\/?page_id=944\"},{\"@type\":\"ListItem\",\"position\":3,\"name\":\"Stainless Steel Duplex Wire Rope Clip\"}]},{\"@type\":\"WebSite\",\"@id\":\"https:\/\/qingdaohf.com\/bg\/#website\",\"url\":\"https:\/\/qingdaohf.com\/bg\/\",\"name\":\"Concrete Form & Rigging Hardware Supplier\",\"description\":\"\",\"publisher\":{\"@id\":\"https:\/\/qingdaohf.com\/bg\/#organization\"},\"potentialAction\":[{\"@type\":\"SearchAction\",\"target\":{\"@type\":\"EntryPoint\",\"urlTemplate\":\"https:\/\/qingdaohf.com\/bg\/?s={search_term_string}\"},\"query-input\":{\"@type\":\"PropertyValueSpecification\",\"valueRequired\":true,\"valueName\":\"search_term_string\"}}],\"inLanguage\":\"fr-FR\"},{\"@type\":\"Organization\",\"@id\":\"https:\/\/qingdaohf.com\/bg\/#organization\",\"name\":\"Qingdao H&F\",\"url\":\"https:\/\/qingdaohf.com\/bg\/\",\"logo\":{\"@type\":\"ImageObject\",\"inLanguage\":\"fr-FR\",\"@id\":\"https:\/\/qingdaohf.com\/bg\/#\/schema\/logo\/image\/\",\"url\":\"https:\/\/qingdaohf.com\/wp-content\/uploads\/2022\/12\/cropped-HF-LOGO.png\",\"contentUrl\":\"https:\/\/qingdaohf.com\/wp-content\/uploads\/2022\/12\/cropped-HF-LOGO.png\",\"width\":391,\"height\":249,\"caption\":\"Qingdao H&F\"},\"image\":{\"@id\":\"https:\/\/qingdaohf.com\/bg\/#\/schema\/logo\/image\/\"},\"sameAs\":[\"https:\/\/www.facebook.com\/qingdaohf\"]}]}<\/script>\n<!-- \/ Yoast SEO plugin. -->","yoast_head_json":{"title":"Stainless Steel Duplex Wire Rope Clip","description":"As a direct manufacturer and wholesaler, we offer competitive pricing without compromising on product quality.","robots":{"index":"index","follow":"follow","max-snippet":"max-snippet:-1","max-image-preview":"max-image-preview:large","max-video-preview":"max-video-preview:-1"},"canonical":"https:\/\/qingdaohf.com\/fr\/produit\/pince-pour-cable-duplex\/","og_locale":"fr_FR","og_type":"article","og_title":"Stainless Steel Duplex Wire Rope Clip","og_description":"As a direct manufacturer and wholesaler, we offer competitive pricing without compromising on product quality.","og_url":"https:\/\/qingdaohf.com\/fr\/produit\/pince-pour-cable-duplex\/","og_site_name":"Concrete Form &amp; Rigging Hardware Supplier","article_publisher":"https:\/\/www.facebook.com\/qingdaohf","article_modified_time":"2025-11-13T01:04:44+00:00","og_image":[{"width":1000,"height":1000,"url":"https:\/\/qingdaohf.com\/wp-content\/uploads\/2023\/05\/duplex-wire-rope-clip-11.jpg","type":"image\/jpeg"}],"twitter_card":"summary_large_image","twitter_misc":{"Dur\u00e9e de lecture estim\u00e9e":"2 minutes"},"schema":{"@context":"https:\/\/schema.org","@graph":[{"@type":"WebPage","@id":"https:\/\/qingdaohf.com\/product\/duplex-wire-rope-clip\/","url":"https:\/\/qingdaohf.com\/product\/duplex-wire-rope-clip\/","name":"Stainless Steel Duplex Wire Rope Clip","isPartOf":{"@id":"https:\/\/qingdaohf.com\/bg\/#website"},"primaryImageOfPage":{"@id":"https:\/\/qingdaohf.com\/product\/duplex-wire-rope-clip\/#primaryimage"},"image":{"@id":"https:\/\/qingdaohf.com\/product\/duplex-wire-rope-clip\/#primaryimage"},"thumbnailUrl":"https:\/\/qingdaohf.com\/wp-content\/uploads\/2023\/05\/duplex-wire-rope-clip-11.jpg","datePublished":"2023-05-25T09:17:08+00:00","dateModified":"2025-11-13T01:04:44+00:00","description":"As a direct manufacturer and wholesaler, we offer competitive pricing without compromising on product quality.","breadcrumb":{"@id":"https:\/\/qingdaohf.com\/product\/duplex-wire-rope-clip\/#breadcrumb"},"inLanguage":"fr-FR","potentialAction":[{"@type":"ReadAction","target":["https:\/\/qingdaohf.com\/product\/duplex-wire-rope-clip\/"]}]},{"@type":"ImageObject","inLanguage":"fr-FR","@id":"https:\/\/qingdaohf.com\/product\/duplex-wire-rope-clip\/#primaryimage","url":"https:\/\/qingdaohf.com\/wp-content\/uploads\/2023\/05\/duplex-wire-rope-clip-11.jpg","contentUrl":"https:\/\/qingdaohf.com\/wp-content\/uploads\/2023\/05\/duplex-wire-rope-clip-11.jpg","width":1000,"height":1000,"caption":"duplex wire rope clip"},{"@type":"BreadcrumbList","@id":"https:\/\/qingdaohf.com\/product\/duplex-wire-rope-clip\/#breadcrumb","itemListElement":[{"@type":"ListItem","position":1,"name":"Home","item":"https:\/\/qingdaohf.com\/"},{"@type":"ListItem","position":2,"name":"Concrete Forming Accessories and Rigging Hardware","item":"https:\/\/qingdaohf.com\/bg\/?page_id=944"},{"@type":"ListItem","position":3,"name":"Stainless Steel Duplex Wire Rope Clip"}]},{"@type":"WebSite","@id":"https:\/\/qingdaohf.com\/bg\/#website","url":"https:\/\/qingdaohf.com\/bg\/","name":"Concrete Form & Rigging Hardware Supplier","description":"","publisher":{"@id":"https:\/\/qingdaohf.com\/bg\/#organization"},"potentialAction":[{"@type":"SearchAction","target":{"@type":"EntryPoint","urlTemplate":"https:\/\/qingdaohf.com\/bg\/?s={search_term_string}"},"query-input":{"@type":"PropertyValueSpecification","valueRequired":true,"valueName":"search_term_string"}}],"inLanguage":"fr-FR"},{"@type":"Organization","@id":"https:\/\/qingdaohf.com\/bg\/#organization","name":"Qingdao H&F","url":"https:\/\/qingdaohf.com\/bg\/","logo":{"@type":"ImageObject","inLanguage":"fr-FR","@id":"https:\/\/qingdaohf.com\/bg\/#\/schema\/logo\/image\/","url":"https:\/\/qingdaohf.com\/wp-content\/uploads\/2022\/12\/cropped-HF-LOGO.png","contentUrl":"https:\/\/qingdaohf.com\/wp-content\/uploads\/2022\/12\/cropped-HF-LOGO.png","width":391,"height":249,"caption":"Qingdao H&F"},"image":{"@id":"https:\/\/qingdaohf.com\/bg\/#\/schema\/logo\/image\/"},"sameAs":["https:\/\/www.facebook.com\/qingdaohf"]}]}},"_links":{"self":[{"href":"https:\/\/qingdaohf.com\/fr\/wp-json\/wp\/v2\/product\/4018","targetHints":{"allow":["GET"]}}],"collection":[{"href":"https:\/\/qingdaohf.com\/fr\/wp-json\/wp\/v2\/product"}],"about":[{"href":"https:\/\/qingdaohf.com\/fr\/wp-json\/wp\/v2\/types\/product"}],"replies":[{"embeddable":true,"href":"https:\/\/qingdaohf.com\/fr\/wp-json\/wp\/v2\/comments?post=4018"}],"version-history":[{"count":2,"href":"https:\/\/qingdaohf.com\/fr\/wp-json\/wp\/v2\/product\/4018\/revisions"}],"predecessor-version":[{"id":6105,"href":"https:\/\/qingdaohf.com\/fr\/wp-json\/wp\/v2\/product\/4018\/revisions\/6105"}],"wp:featuredmedia":[{"embeddable":true,"href":"https:\/\/qingdaohf.com\/fr\/wp-json\/wp\/v2\/media\/4020"}],"wp:attachment":[{"href":"https:\/\/qingdaohf.com\/fr\/wp-json\/wp\/v2\/media?parent=4018"}],"wp:term":[{"taxonomy":"product_brand","embeddable":true,"href":"https:\/\/qingdaohf.com\/fr\/wp-json\/wp\/v2\/product_brand?post=4018"},{"taxonomy":"product_cat","embeddable":true,"href":"https:\/\/qingdaohf.com\/fr\/wp-json\/wp\/v2\/product_cat?post=4018"},{"taxonomy":"product_tag","embeddable":true,"href":"https:\/\/qingdaohf.com\/fr\/wp-json\/wp\/v2\/product_tag?post=4018"}],"curies":[{"name":"wp","href":"https:\/\/api.w.org\/{rel}","templated":true}]}}